{"id":3878,"date":"2024-09-15T11:06:24","date_gmt":"2024-09-15T11:06:24","guid":{"rendered":"https:\/\/eurorxdrugs.cc\/cs\/?page_id=3878"},"modified":"2024-11-11T08:48:50","modified_gmt":"2024-11-11T08:48:50","slug":"lieferung","status":"publish","type":"page","link":"https:\/\/eurorxdrugs.cc\/cs\/lieferung\/","title":{"rendered":"Delivery"},"content":{"rendered":"\t\t<div data-elementor-type=\"wp-page\" data-elementor-id=\"3878\" class=\"elementor elementor-3878\">\n\t\t\t\t<div class=\"elementor-element elementor-element-34f66f9 e-flex e-con-boxed wpr-particle-no wpr-jarallax-no wpr-parallax-no wpr-sticky-section-no e-con e-parent\" data-id=\"34f66f9\" data-element_type=\"container\">\n\t\t\t\t\t<div class=\"e-con-inner\">\n\t\t\t\t<div class=\"elementor-element elementor-element-e705e74 elementor-widget elementor-widget-heading\" data-id=\"e705e74\" data-element_type=\"widget\" data-widget_type=\"heading.default\">\n\t\t\t\t<div class=\"elementor-widget-container\">\n\t\t\t<h2 class=\"elementor-heading-title elementor-size-default\">Unsere Lieferinformationen\n\n<\/h2>\t\t<\/div>\n\t\t\t\t<\/div>\n\t\t\t\t<div class=\"elementor-element elementor-element-bdcee8c elementor-widget elementor-widget-text-editor\" data-id=\"bdcee8c\" data-element_type=\"widget\" data-widget_type=\"text-editor.default\">\n\t\t\t\t<div class=\"elementor-widget-container\">\n\t\t\t\t\t\t\t<p>Wir versenden weltweit*. Wir versenden zu einer pauschalen Versandgeb\u00fchr von 15 Euro (KOSTENLOSER Versand ab einem Bestellwert von 200 Euro). Die garantierte Lieferzeit betr\u00e4gt 10-15 Werktage. In den meisten F\u00e4llen liefern wir Ihre Bestellung jedoch innerhalb von 5-10 Kalendertagen.<\/p><p>Unsere Lagerbest\u00e4nde befinden sich sowohl in der EU als auch in vielen L\u00e4ndern der Welt. Abh\u00e4ngig von Ihrem Produkt und Ihrem Standort trifft unsere Versandabteilung die richtigen Vorkehrungen, um Ihre Produkte innerhalb der garantierten Lieferzeit zu liefern.<\/p><p>Der Versand Ihrer Produkte erfolgt per internationalem Einschreiben \u00fcber nationale (lokale) Postunternehmen. Dies erm\u00f6glicht die Zustellung an Ihre Adresse, Ihre Servicestelle oder Ihr Postfach.<\/p><p>Auf Ihrem Paket werden nur Ihr Name und Ihre Versandadresse angegeben sein: Wir erw\u00e4hnen niemals unsere Website, Produktart oder Ihr Name auf dem Paket, sodass Ihre Bestellung zu 100% vertraulich ist.<\/p><p>Die Sendungsverfolgungsnummern werden innerhalb von 1-3 Werktagen nach Versand bereitgestellt. Wir senden Ihnen eine E-Mail mit Ihrer Sendungsnummer und einem Link, \u00fcber den Sie den Fortschritt Ihrer Lieferung verfolgen k\u00f6nnen. Wenn jedoch keine E-Mail-Adresse angegeben werden kann, k\u00f6nnen Sie sich an unsere Kundendienstabteilung wenden, um die neuesten Informationen zu Ihrer Bestellung zu erhalten.<\/p><p>Unsere Garantiebestimmungen beinhalten die M\u00f6glichkeit von R\u00fccksendungen, wenn Ihre Bestellung unvollst\u00e4ndig ist \/ nicht rechtzeitig eintrifft \/ in einem schlechten Zustand eintrifft oder die Produkte unwirksam sind. Wenn Sie innerhalb von 3 Monaten nach Lieferung ein Problem mit Ihrer Bestellung haben, wenden Sie sich bitte an unsere Kundendienstabteilung, um es so schnell wie m\u00f6glich beheben zu lass.<\/p>\t\t\t\t\t\t<\/div>\n\t\t\t\t<\/div>\n\t\t\t\t\t<\/div>\n\t\t\t\t<\/div>\n\t\t\t\t<\/div>\n\t\t","protected":false},"excerpt":{"rendered":"<p>Unsere Lieferinformationen Wir versenden weltweit*. Wir versenden zu einer pauschalen Versandgeb\u00fchr von 15 Euro (KOSTENLOSER Versand ab einem Bestellwert von 200 Euro). Die garantierte Lieferzeit betr\u00e4gt 10-15 Werktage. In den meisten F\u00e4llen liefern wir Ihre Bestellung jedoch innerhalb von 5-10 Kalendertagen. Unsere Lagerbest\u00e4nde befinden sich sowohl in der EU als auch in vielen L\u00e4ndern der Welt. Abh\u00e4ngig von Ihrem Produkt und Ihrem Standort trifft unsere Versandabteilung die richtigen Vorkehrungen, um Ihre Produkte innerhalb der garantierten Lieferzeit zu liefern. Der Versand Ihrer Produkte erfolgt per internationalem Einschreiben \u00fcber nationale (lokale) Postunternehmen. Dies erm\u00f6glicht die Zustellung an Ihre Adresse, Ihre Servicestelle oder Ihr Postfach. Auf Ihrem Paket werden nur Ihr Name und Ihre Versandadresse angegeben sein: Wir erw\u00e4hnen niemals unsere Website, Produktart oder Ihr Name auf dem Paket, sodass Ihre Bestellung zu 100% vertraulich ist. Die Sendungsverfolgungsnummern werden innerhalb von 1-3 Werktagen nach Versand bereitgestellt. Wir senden Ihnen eine E-Mail mit Ihrer Sendungsnummer und einem Link, \u00fcber den Sie den Fortschritt Ihrer Lieferung verfolgen k\u00f6nnen. Wenn jedoch keine E-Mail-Adresse angegeben werden kann, k\u00f6nnen Sie sich an unsere Kundendienstabteilung wenden, um die neuesten Informationen zu Ihrer Bestellung zu erhalten. Unsere Garantiebestimmungen beinhalten die M\u00f6glichkeit von R\u00fccksendungen, wenn Ihre Bestellung unvollst\u00e4ndig ist \/ nicht rechtzeitig eintrifft \/ in einem schlechten Zustand eintrifft oder die Produkte unwirksam sind. Wenn Sie innerhalb von 3 Monaten nach Lieferung ein Problem mit Ihrer Bestellung haben, wenden Sie sich bitte an unsere Kundendienstabteilung, um es so schnell wie m\u00f6glich beheben zu lass.<\/p>\n","protected":false},"author":1,"featured_media":0,"parent":0,"menu_order":0,"comment_status":"closed","ping_status":"closed","template":"","meta":{"footnotes":""},"class_list":["post-3878","page","type-page","status-publish","hentry"],"yoast_head":"<!-- This site is optimized with the Yoast SEO plugin v20.0 - https:\/\/yoast.com\/wordpress\/plugins\/seo\/ -->\n<title>Lieferinformationen<\/title>\n<meta name=\"description\" content=\"Was wissen Sie \u00fcber unsere Lieferung wissen sollten!\" \/>\n<meta name=\"robots\" content=\"index, follow, max-snippet:-1, max-image-preview:large, max-video-preview:-1\" \/>\n<link rel=\"canonical\" href=\"https:\/\/eurorxdrugs.cc\/cs\/lieferung\/\" \/>\n<meta property=\"og:locale\" content=\"cs_CZ\" \/>\n<meta property=\"og:type\" content=\"article\" \/>\n<meta property=\"og:title\" content=\"Lieferinformationen\" \/>\n<meta property=\"og:description\" content=\"Was wissen Sie \u00fcber unsere Lieferung wissen sollten!\" \/>\n<meta property=\"og:url\" content=\"https:\/\/eurorxdrugs.cc\/cs\/lieferung\/\" \/>\n<meta property=\"og:site_name\" content=\"eurorxdrugs\" \/>\n<meta property=\"article:modified_time\" content=\"2024-11-11T08:48:50+00:00\" \/>\n<meta name=\"twitter:card\" content=\"summary_large_image\" \/>\n<meta name=\"twitter:label1\" content=\"Odhadovan\u00e1 doba \u010dten\u00ed\" \/>\n\t<meta name=\"twitter:data1\" content=\"2 minuty\" \/>\n<script type=\"application\/ld+json\" class=\"yoast-schema-graph\">{\"@context\":\"https:\/\/schema.org\",\"@graph\":[{\"@type\":\"WebPage\",\"@id\":\"https:\/\/eurorxdrugs.cc\/cs\/lieferung\/\",\"url\":\"https:\/\/eurorxdrugs.cc\/cs\/lieferung\/\",\"name\":\"Lieferinformationen\",\"isPartOf\":{\"@id\":\"https:\/\/eurorxdrugs.cc\/cs\/#website\"},\"datePublished\":\"2024-09-15T11:06:24+00:00\",\"dateModified\":\"2024-11-11T08:48:50+00:00\",\"description\":\"Was wissen Sie \u00fcber unsere Lieferung wissen sollten!\",\"breadcrumb\":{\"@id\":\"https:\/\/eurorxdrugs.cc\/cs\/lieferung\/#breadcrumb\"},\"inLanguage\":\"cs\",\"potentialAction\":[{\"@type\":\"ReadAction\",\"target\":[\"https:\/\/eurorxdrugs.cc\/cs\/lieferung\/\"]}]},{\"@type\":\"BreadcrumbList\",\"@id\":\"https:\/\/eurorxdrugs.cc\/cs\/lieferung\/#breadcrumb\",\"itemListElement\":[{\"@type\":\"ListItem\",\"position\":1,\"name\":\"Home\",\"item\":\"https:\/\/eurorxdrugs.cc\/cs\/\"},{\"@type\":\"ListItem\",\"position\":2,\"name\":\"Delivery\"}]},{\"@type\":\"WebSite\",\"@id\":\"https:\/\/eurorxdrugs.cc\/cs\/#website\",\"url\":\"https:\/\/eurorxdrugs.cc\/cs\/\",\"name\":\"eurorxdrugs\",\"description\":\"\",\"publisher\":{\"@id\":\"https:\/\/eurorxdrugs.cc\/cs\/#organization\"},\"potentialAction\":[{\"@type\":\"SearchAction\",\"target\":{\"@type\":\"EntryPoint\",\"urlTemplate\":\"https:\/\/eurorxdrugs.cc\/cs\/?s={search_term_string}\"},\"query-input\":\"required name=search_term_string\"}],\"inLanguage\":\"cs\"},{\"@type\":\"Organization\",\"@id\":\"https:\/\/eurorxdrugs.cc\/cs\/#organization\",\"name\":\"eurorxdrugs\",\"url\":\"https:\/\/eurorxdrugs.cc\/cs\/\",\"logo\":{\"@type\":\"ImageObject\",\"inLanguage\":\"cs\",\"@id\":\"https:\/\/eurorxdrugs.cc\/cs\/#\/schema\/logo\/image\/\",\"url\":\"https:\/\/eurorxdrugs.cc\/cs\/wp-content\/uploads\/2024\/09\/logo-1-1.png\",\"contentUrl\":\"https:\/\/eurorxdrugs.cc\/cs\/wp-content\/uploads\/2024\/09\/logo-1-1.png\",\"width\":233,\"height\":54,\"caption\":\"eurorxdrugs\"},\"image\":{\"@id\":\"https:\/\/eurorxdrugs.cc\/cs\/#\/schema\/logo\/image\/\"}}]}<\/script>\n<!-- \/ Yoast SEO plugin. -->","yoast_head_json":{"title":"Lieferinformationen","description":"Was wissen Sie \u00fcber unsere Lieferung wissen sollten!","robots":{"index":"index","follow":"follow","max-snippet":"max-snippet:-1","max-image-preview":"max-image-preview:large","max-video-preview":"max-video-preview:-1"},"canonical":"https:\/\/eurorxdrugs.cc\/cs\/lieferung\/","og_locale":"cs_CZ","og_type":"article","og_title":"Lieferinformationen","og_description":"Was wissen Sie \u00fcber unsere Lieferung wissen sollten!","og_url":"https:\/\/eurorxdrugs.cc\/cs\/lieferung\/","og_site_name":"eurorxdrugs","article_modified_time":"2024-11-11T08:48:50+00:00","twitter_card":"summary_large_image","twitter_misc":{"Odhadovan\u00e1 doba \u010dten\u00ed":"2 minuty"},"schema":{"@context":"https:\/\/schema.org","@graph":[{"@type":"WebPage","@id":"https:\/\/eurorxdrugs.cc\/cs\/lieferung\/","url":"https:\/\/eurorxdrugs.cc\/cs\/lieferung\/","name":"Lieferinformationen","isPartOf":{"@id":"https:\/\/eurorxdrugs.cc\/cs\/#website"},"datePublished":"2024-09-15T11:06:24+00:00","dateModified":"2024-11-11T08:48:50+00:00","description":"Was wissen Sie \u00fcber unsere Lieferung wissen sollten!","breadcrumb":{"@id":"https:\/\/eurorxdrugs.cc\/cs\/lieferung\/#breadcrumb"},"inLanguage":"cs","potentialAction":[{"@type":"ReadAction","target":["https:\/\/eurorxdrugs.cc\/cs\/lieferung\/"]}]},{"@type":"BreadcrumbList","@id":"https:\/\/eurorxdrugs.cc\/cs\/lieferung\/#breadcrumb","itemListElement":[{"@type":"ListItem","position":1,"name":"Home","item":"https:\/\/eurorxdrugs.cc\/cs\/"},{"@type":"ListItem","position":2,"name":"Delivery"}]},{"@type":"WebSite","@id":"https:\/\/eurorxdrugs.cc\/cs\/#website","url":"https:\/\/eurorxdrugs.cc\/cs\/","name":"eurorxdrugs","description":"","publisher":{"@id":"https:\/\/eurorxdrugs.cc\/cs\/#organization"},"potentialAction":[{"@type":"SearchAction","target":{"@type":"EntryPoint","urlTemplate":"https:\/\/eurorxdrugs.cc\/cs\/?s={search_term_string}"},"query-input":"required name=search_term_string"}],"inLanguage":"cs"},{"@type":"Organization","@id":"https:\/\/eurorxdrugs.cc\/cs\/#organization","name":"eurorxdrugs","url":"https:\/\/eurorxdrugs.cc\/cs\/","logo":{"@type":"ImageObject","inLanguage":"cs","@id":"https:\/\/eurorxdrugs.cc\/cs\/#\/schema\/logo\/image\/","url":"https:\/\/eurorxdrugs.cc\/cs\/wp-content\/uploads\/2024\/09\/logo-1-1.png","contentUrl":"https:\/\/eurorxdrugs.cc\/cs\/wp-content\/uploads\/2024\/09\/logo-1-1.png","width":233,"height":54,"caption":"eurorxdrugs"},"image":{"@id":"https:\/\/eurorxdrugs.cc\/cs\/#\/schema\/logo\/image\/"}}]}},"_links":{"self":[{"href":"https:\/\/eurorxdrugs.cc\/cs\/wp-json\/wp\/v2\/pages\/3878","targetHints":{"allow":["GET"]}}],"collection":[{"href":"https:\/\/eurorxdrugs.cc\/cs\/wp-json\/wp\/v2\/pages"}],"about":[{"href":"https:\/\/eurorxdrugs.cc\/cs\/wp-json\/wp\/v2\/types\/page"}],"author":[{"embeddable":true,"href":"https:\/\/eurorxdrugs.cc\/cs\/wp-json\/wp\/v2\/users\/1"}],"replies":[{"embeddable":true,"href":"https:\/\/eurorxdrugs.cc\/cs\/wp-json\/wp\/v2\/comments?post=3878"}],"version-history":[{"count":18,"href":"https:\/\/eurorxdrugs.cc\/cs\/wp-json\/wp\/v2\/pages\/3878\/revisions"}],"predecessor-version":[{"id":4550,"href":"https:\/\/eurorxdrugs.cc\/cs\/wp-json\/wp\/v2\/pages\/3878\/revisions\/4550"}],"wp:attachment":[{"href":"https:\/\/eurorxdrugs.cc\/cs\/wp-json\/wp\/v2\/media?parent=3878"}],"curies":[{"name":"wp","href":"https:\/\/api.w.org\/{rel}","templated":true}]}}