{"id":3908,"date":"2024-09-15T11:11:26","date_gmt":"2024-09-15T11:11:26","guid":{"rendered":"https:\/\/eurorxdrugs.cc\/cs\/?page_id=3908"},"modified":"2024-11-11T08:45:03","modified_gmt":"2024-11-11T08:45:03","slug":"ber-uns","status":"publish","type":"page","link":"https:\/\/eurorxdrugs.cc\/cs\/ber-uns\/","title":{"rendered":"About Us"},"content":{"rendered":"\t\t<div data-elementor-type=\"wp-page\" data-elementor-id=\"3908\" class=\"elementor elementor-3908\">\n\t\t\t\t<div class=\"elementor-element elementor-element-7eae518 e-flex e-con-boxed wpr-particle-no wpr-jarallax-no wpr-parallax-no wpr-sticky-section-no e-con e-parent\" data-id=\"7eae518\" data-element_type=\"container\">\n\t\t\t\t\t<div class=\"e-con-inner\">\n\t\t\t\t<div class=\"elementor-element elementor-element-e52c39d elementor-widget elementor-widget-heading\" data-id=\"e52c39d\" data-element_type=\"widget\" data-widget_type=\"heading.default\">\n\t\t\t\t<div class=\"elementor-widget-container\">\n\t\t\t<h2 class=\"elementor-heading-title elementor-size-default\">Wir begr\u00fc\u00dfen Sie in unserer weltweiten Apotheke!\n\n<\/h2>\t\t<\/div>\n\t\t\t\t<\/div>\n\t\t\t\t<div class=\"elementor-element elementor-element-b76a1e5 elementor-widget elementor-widget-text-editor\" data-id=\"b76a1e5\" data-element_type=\"widget\" data-widget_type=\"text-editor.default\">\n\t\t\t\t<div class=\"elementor-widget-container\">\n\t\t\t\t\t\t\t<p>Unser Medizinmarkt ist eine der besten Online-Apotheken mit Medikamentenoption weltweit*. Unser Ziel ist es, Medizin mit Rabatt f\u00fcr alle zu bieten, die an niedrigen Preisen und gutem Service interessiert sind. Wir sind ein professionell betreuter Vertrieb von Medikamenten einschlie\u00dflich Generika.<\/p><p>Unser Unternehmen bietet Produkte von h\u00f6chster Qualit\u00e4t und liefert weltweit. Wir m\u00f6chten die Kunden auf der ganzen Welt mit hochwertigen Medikamenten zu niedrigen Preisen beliefern, um ihre Geld und Zeit zu sparen.<\/p><p>Ein wichtiges Element f\u00fcr jeden Erfolg ist h\u00f6chste Qualit\u00e4t in Kombination mit dem bewussten Support-Team. Dies ist der Grund, warum wir entweder der Qualit\u00e4t der Medikamente oder dem zuverl\u00e4ssigen Support-Team so viel Aufmerksamkeit widmen.<\/p><p>Wir werden wahrscheinlich Drogen zu Abschlagsraten an alle geben, die von teuren Nachbarschaftskosten beeinflusst werden. Unsere Organisation ist ein professionell betreuter H\u00e4ndler von nicht exklusiven Medikamenten. Wir geben eine brillante Verwaltung, die \u00fcberall auf der Welt Medikamente bereitstellt. Unsere Apotheke arbeitet nur mit den bekanntesten und professionellsten Herstellern zusammen. Alle Medikamente werden von lizenzierten Apothekern vertrieben.<\/p><p>Als vertrauensw\u00fcrdiger Online-Shop k\u00f6nnen Sie sicher sein, dass alle Ihre Bestellungen schnell und problemlos ausgef\u00fchrt werden. Sie k\u00f6nnen Ihre Bestellung online aufgeben. Dies ist der einfachste Weg f\u00fcr alle Kunden, die den Komfort des Online-Shoppings bevorzugen. Unser Lieferservice bietet die k\u00fcrzeste Wartezeit f\u00fcr Ihre Bestellung unter allen Apotheken, unabh\u00e4ngig von Ihrem Standort.<\/p><p>Alle Ihre pers\u00f6nlichen Daten sind gesch\u00fctzt und k\u00f6nnen nicht an Dritte weitergegeben werden. Unser Kundenservice erfordert keine Anmeldung und ist f\u00fcr jeden offen. Wir helfen Ihnen gerne weiter!<\/p><p>Mit Sorgfalt und Freude, n\u00fctzlich zu sein, Ihre Apotheke!<\/p>\t\t\t\t\t\t<\/div>\n\t\t\t\t<\/div>\n\t\t\t\t\t<\/div>\n\t\t\t\t<\/div>\n\t\t\t\t<\/div>\n\t\t","protected":false},"excerpt":{"rendered":"<p>Wir begr\u00fc\u00dfen Sie in unserer weltweiten Apotheke! Unser Medizinmarkt ist eine der besten Online-Apotheken mit Medikamentenoption weltweit*. Unser Ziel ist es, Medizin mit Rabatt f\u00fcr alle zu bieten, die an niedrigen Preisen und gutem Service interessiert sind. Wir sind ein professionell betreuter Vertrieb von Medikamenten einschlie\u00dflich Generika. Unser Unternehmen bietet Produkte von h\u00f6chster Qualit\u00e4t und liefert weltweit. Wir m\u00f6chten die Kunden auf der ganzen Welt mit hochwertigen Medikamenten zu niedrigen Preisen beliefern, um ihre Geld und Zeit zu sparen. Ein wichtiges Element f\u00fcr jeden Erfolg ist h\u00f6chste Qualit\u00e4t in Kombination mit dem bewussten Support-Team. Dies ist der Grund, warum wir entweder der Qualit\u00e4t der Medikamente oder dem zuverl\u00e4ssigen Support-Team so viel Aufmerksamkeit widmen. Wir werden wahrscheinlich Drogen zu Abschlagsraten an alle geben, die von teuren Nachbarschaftskosten beeinflusst werden. Unsere Organisation ist ein professionell betreuter H\u00e4ndler von nicht exklusiven Medikamenten. Wir geben eine brillante Verwaltung, die \u00fcberall auf der Welt Medikamente bereitstellt. Unsere Apotheke arbeitet nur mit den bekanntesten und professionellsten Herstellern zusammen. Alle Medikamente werden von lizenzierten Apothekern vertrieben. Als vertrauensw\u00fcrdiger Online-Shop k\u00f6nnen Sie sicher sein, dass alle Ihre Bestellungen schnell und problemlos ausgef\u00fchrt werden. Sie k\u00f6nnen Ihre Bestellung online aufgeben. Dies ist der einfachste Weg f\u00fcr alle Kunden, die den Komfort des Online-Shoppings bevorzugen. Unser Lieferservice bietet die k\u00fcrzeste Wartezeit f\u00fcr Ihre Bestellung unter allen Apotheken, unabh\u00e4ngig von Ihrem Standort. Alle Ihre pers\u00f6nlichen Daten sind gesch\u00fctzt und k\u00f6nnen nicht an Dritte weitergegeben werden. Unser Kundenservice erfordert keine Anmeldung und ist f\u00fcr jeden offen. Wir helfen Ihnen gerne weiter! Mit Sorgfalt und Freude, n\u00fctzlich zu sein, Ihre Apotheke!<\/p>\n","protected":false},"author":1,"featured_media":0,"parent":0,"menu_order":0,"comment_status":"closed","ping_status":"closed","template":"","meta":{"footnotes":""},"class_list":["post-3908","page","type-page","status-publish","hentry"],"yoast_head":"<!-- This site is optimized with the Yoast SEO plugin v20.0 - https:\/\/yoast.com\/wordpress\/plugins\/seo\/ -->\n<title>\u00dcber Uns<\/title>\n<meta name=\"description\" content=\"Triffen Sie uns!\" \/>\n<meta name=\"robots\" content=\"index, follow, max-snippet:-1, max-image-preview:large, max-video-preview:-1\" \/>\n<link rel=\"canonical\" href=\"https:\/\/eurorxdrugs.cc\/cs\/ber-uns\/\" \/>\n<meta property=\"og:locale\" content=\"cs_CZ\" \/>\n<meta property=\"og:type\" content=\"article\" \/>\n<meta property=\"og:title\" content=\"\u00dcber Uns\" \/>\n<meta property=\"og:description\" content=\"Triffen Sie uns!\" \/>\n<meta property=\"og:url\" content=\"https:\/\/eurorxdrugs.cc\/cs\/ber-uns\/\" \/>\n<meta property=\"og:site_name\" content=\"eurorxdrugs\" \/>\n<meta property=\"article:modified_time\" content=\"2024-11-11T08:45:03+00:00\" \/>\n<meta name=\"twitter:card\" content=\"summary_large_image\" \/>\n<meta name=\"twitter:label1\" content=\"Odhadovan\u00e1 doba \u010dten\u00ed\" \/>\n\t<meta name=\"twitter:data1\" content=\"2 minuty\" \/>\n<script type=\"application\/ld+json\" class=\"yoast-schema-graph\">{\"@context\":\"https:\/\/schema.org\",\"@graph\":[{\"@type\":\"WebPage\",\"@id\":\"https:\/\/eurorxdrugs.cc\/cs\/ber-uns\/\",\"url\":\"https:\/\/eurorxdrugs.cc\/cs\/ber-uns\/\",\"name\":\"\u00dcber Uns\",\"isPartOf\":{\"@id\":\"https:\/\/eurorxdrugs.cc\/cs\/#website\"},\"datePublished\":\"2024-09-15T11:11:26+00:00\",\"dateModified\":\"2024-11-11T08:45:03+00:00\",\"description\":\"Triffen Sie uns!\",\"breadcrumb\":{\"@id\":\"https:\/\/eurorxdrugs.cc\/cs\/ber-uns\/#breadcrumb\"},\"inLanguage\":\"cs\",\"potentialAction\":[{\"@type\":\"ReadAction\",\"target\":[\"https:\/\/eurorxdrugs.cc\/cs\/ber-uns\/\"]}]},{\"@type\":\"BreadcrumbList\",\"@id\":\"https:\/\/eurorxdrugs.cc\/cs\/ber-uns\/#breadcrumb\",\"itemListElement\":[{\"@type\":\"ListItem\",\"position\":1,\"name\":\"Home\",\"item\":\"https:\/\/eurorxdrugs.cc\/cs\/\"},{\"@type\":\"ListItem\",\"position\":2,\"name\":\"About Us\"}]},{\"@type\":\"WebSite\",\"@id\":\"https:\/\/eurorxdrugs.cc\/cs\/#website\",\"url\":\"https:\/\/eurorxdrugs.cc\/cs\/\",\"name\":\"eurorxdrugs\",\"description\":\"\",\"publisher\":{\"@id\":\"https:\/\/eurorxdrugs.cc\/cs\/#organization\"},\"potentialAction\":[{\"@type\":\"SearchAction\",\"target\":{\"@type\":\"EntryPoint\",\"urlTemplate\":\"https:\/\/eurorxdrugs.cc\/cs\/?s={search_term_string}\"},\"query-input\":\"required name=search_term_string\"}],\"inLanguage\":\"cs\"},{\"@type\":\"Organization\",\"@id\":\"https:\/\/eurorxdrugs.cc\/cs\/#organization\",\"name\":\"eurorxdrugs\",\"url\":\"https:\/\/eurorxdrugs.cc\/cs\/\",\"logo\":{\"@type\":\"ImageObject\",\"inLanguage\":\"cs\",\"@id\":\"https:\/\/eurorxdrugs.cc\/cs\/#\/schema\/logo\/image\/\",\"url\":\"https:\/\/eurorxdrugs.cc\/cs\/wp-content\/uploads\/2024\/09\/logo-1-1.png\",\"contentUrl\":\"https:\/\/eurorxdrugs.cc\/cs\/wp-content\/uploads\/2024\/09\/logo-1-1.png\",\"width\":233,\"height\":54,\"caption\":\"eurorxdrugs\"},\"image\":{\"@id\":\"https:\/\/eurorxdrugs.cc\/cs\/#\/schema\/logo\/image\/\"}}]}<\/script>\n<!-- \/ Yoast SEO plugin. -->","yoast_head_json":{"title":"\u00dcber Uns","description":"Triffen Sie uns!","robots":{"index":"index","follow":"follow","max-snippet":"max-snippet:-1","max-image-preview":"max-image-preview:large","max-video-preview":"max-video-preview:-1"},"canonical":"https:\/\/eurorxdrugs.cc\/cs\/ber-uns\/","og_locale":"cs_CZ","og_type":"article","og_title":"\u00dcber Uns","og_description":"Triffen Sie uns!","og_url":"https:\/\/eurorxdrugs.cc\/cs\/ber-uns\/","og_site_name":"eurorxdrugs","article_modified_time":"2024-11-11T08:45:03+00:00","twitter_card":"summary_large_image","twitter_misc":{"Odhadovan\u00e1 doba \u010dten\u00ed":"2 minuty"},"schema":{"@context":"https:\/\/schema.org","@graph":[{"@type":"WebPage","@id":"https:\/\/eurorxdrugs.cc\/cs\/ber-uns\/","url":"https:\/\/eurorxdrugs.cc\/cs\/ber-uns\/","name":"\u00dcber Uns","isPartOf":{"@id":"https:\/\/eurorxdrugs.cc\/cs\/#website"},"datePublished":"2024-09-15T11:11:26+00:00","dateModified":"2024-11-11T08:45:03+00:00","description":"Triffen Sie uns!","breadcrumb":{"@id":"https:\/\/eurorxdrugs.cc\/cs\/ber-uns\/#breadcrumb"},"inLanguage":"cs","potentialAction":[{"@type":"ReadAction","target":["https:\/\/eurorxdrugs.cc\/cs\/ber-uns\/"]}]},{"@type":"BreadcrumbList","@id":"https:\/\/eurorxdrugs.cc\/cs\/ber-uns\/#breadcrumb","itemListElement":[{"@type":"ListItem","position":1,"name":"Home","item":"https:\/\/eurorxdrugs.cc\/cs\/"},{"@type":"ListItem","position":2,"name":"About Us"}]},{"@type":"WebSite","@id":"https:\/\/eurorxdrugs.cc\/cs\/#website","url":"https:\/\/eurorxdrugs.cc\/cs\/","name":"eurorxdrugs","description":"","publisher":{"@id":"https:\/\/eurorxdrugs.cc\/cs\/#organization"},"potentialAction":[{"@type":"SearchAction","target":{"@type":"EntryPoint","urlTemplate":"https:\/\/eurorxdrugs.cc\/cs\/?s={search_term_string}"},"query-input":"required name=search_term_string"}],"inLanguage":"cs"},{"@type":"Organization","@id":"https:\/\/eurorxdrugs.cc\/cs\/#organization","name":"eurorxdrugs","url":"https:\/\/eurorxdrugs.cc\/cs\/","logo":{"@type":"ImageObject","inLanguage":"cs","@id":"https:\/\/eurorxdrugs.cc\/cs\/#\/schema\/logo\/image\/","url":"https:\/\/eurorxdrugs.cc\/cs\/wp-content\/uploads\/2024\/09\/logo-1-1.png","contentUrl":"https:\/\/eurorxdrugs.cc\/cs\/wp-content\/uploads\/2024\/09\/logo-1-1.png","width":233,"height":54,"caption":"eurorxdrugs"},"image":{"@id":"https:\/\/eurorxdrugs.cc\/cs\/#\/schema\/logo\/image\/"}}]}},"_links":{"self":[{"href":"https:\/\/eurorxdrugs.cc\/cs\/wp-json\/wp\/v2\/pages\/3908","targetHints":{"allow":["GET"]}}],"collection":[{"href":"https:\/\/eurorxdrugs.cc\/cs\/wp-json\/wp\/v2\/pages"}],"about":[{"href":"https:\/\/eurorxdrugs.cc\/cs\/wp-json\/wp\/v2\/types\/page"}],"author":[{"embeddable":true,"href":"https:\/\/eurorxdrugs.cc\/cs\/wp-json\/wp\/v2\/users\/1"}],"replies":[{"embeddable":true,"href":"https:\/\/eurorxdrugs.cc\/cs\/wp-json\/wp\/v2\/comments?post=3908"}],"version-history":[{"count":17,"href":"https:\/\/eurorxdrugs.cc\/cs\/wp-json\/wp\/v2\/pages\/3908\/revisions"}],"predecessor-version":[{"id":4544,"href":"https:\/\/eurorxdrugs.cc\/cs\/wp-json\/wp\/v2\/pages\/3908\/revisions\/4544"}],"wp:attachment":[{"href":"https:\/\/eurorxdrugs.cc\/cs\/wp-json\/wp\/v2\/media?parent=3908"}],"curies":[{"name":"wp","href":"https:\/\/api.w.org\/{rel}","templated":true}]}}