{"id":3974,"date":"2024-09-15T12:18:54","date_gmt":"2024-09-15T12:18:54","guid":{"rendered":"https:\/\/eurorxdrugs.cc\/cs\/?page_id=3974"},"modified":"2024-11-11T08:52:18","modified_gmt":"2024-11-11T08:52:18","slug":"nutzungsbedingungen","status":"publish","type":"page","link":"https:\/\/eurorxdrugs.cc\/cs\/nutzungsbedingungen\/","title":{"rendered":"Nutzungsbedingungen"},"content":{"rendered":"\t\t<div data-elementor-type=\"wp-page\" data-elementor-id=\"3974\" class=\"elementor elementor-3974\">\n\t\t\t\t<div class=\"elementor-element elementor-element-fa62064 e-flex e-con-boxed wpr-particle-no wpr-jarallax-no wpr-parallax-no wpr-sticky-section-no e-con e-parent\" data-id=\"fa62064\" data-element_type=\"container\">\n\t\t\t\t\t<div class=\"e-con-inner\">\n\t\t\t\t<div class=\"elementor-element elementor-element-bb381f5 tac__ elementor-widget elementor-widget-text-editor\" data-id=\"bb381f5\" data-element_type=\"widget\" data-widget_type=\"text-editor.default\">\n\t\t\t\t<div class=\"elementor-widget-container\">\n\t\t\t\t\t\t\t<p><b>Online-Datenschutzrichtlinie: Richtlinien f\u00fcr die Verwendung von Cookies<\/b><\/p><p>Der SchuDer Schutz personenbezogener Daten ist uns sehr wichtig. Unsere oberste Priorit\u00e4t ist der vertrauensvolle und transparente Umgang damit. Damit Sie verstehen, was das f\u00fcr Sie bedeutet, finden Sie im Folgenden eine detaillierte Erkl\u00e4rung dazu, was Cookies sind und wie die Cookie-Richtlinien in unserer Apotheke sind. Au\u00dferdem erl\u00e4utern wir, wie Sie die Verwendung von Cookies einschr\u00e4nken oder verhindern k\u00f6nnen.<\/p><p><b>Was sind Cookies?<\/b><\/p><p>Cookies sind kleine Textdateien, die der Browser auf Ihrem Ger\u00e4t speichert (Computer, Smartphone, Tablet usw.), wenn Sie eine Website besuchen. Wenn Sie die Website besuchen oder einen anderen von Europe-pharmacy bereitgestellten Dienst nutzen, werden Informationen \u00fcber Cookies gesammelt und gespeichert. Der Vorteil von Cookies f\u00fcr Sie ist, dass Sie Ihre Browser-Erfahrung verbessern k\u00f6nnen, da Ihre Gewohnheiten und Bed\u00fcrfnisse ermittelt werden k\u00f6nnen. Cookies helfen, Dienste bereitzustellen, auf dem Laufenden zu bleiben und die Dienste st\u00e4ndig zu verbessern.<\/p><p>Es gibt verschiedene Arten von Cookies, \u00fcber die Sie im Folgenden genauer lesen k\u00f6nnen.<\/p><p>Welche Cookies Website verwendet:<\/p><p>Cookies werden nach Herkunft, Zweck oder Ablaufdatum klassifiziert. Die Europe-pharmacy Website verwendeten Cookies dienen verschiedenen Zwecken. ihre G\u00fcltigkeitsdauer variiert.<\/p><p>Cookies werden nach Herkunft, Zweck oder G\u00fcltigkeit klassifiziert. Die von Europe-pharmacy verwendeten Cookies dienen verschiedenen Zwecken und ihre G\u00fcltigkeitsdauer variiert.<\/p><p><b>1.Herkunft<\/b><\/p><p>Cookies von Erstanbietern: direkt von\u00a0unsere Internetseite hinterlegt und verwaltet.<\/p><p>Cookies von Drittanbietern: von Partnern hinterlegt und verwaltet, um statistische Analysen \u00fcber die Navigation der Benutzer auf der unsere Internetseite durchzuf\u00fchren. Diese Analyse wird nat\u00fcrlich v\u00f6llig anonym durchgef\u00fchrt.<\/p><p><b>2. Zweck<\/b><\/p><p>Technische Cookies: Gew\u00e4hrleisten unter anderem eine reibungslose Navigation auf der Website. Dar\u00fcber hinaus erm\u00f6glichen sie die Verwendung bestimmter Tools mit eingeschr\u00e4nktem Zugriff.<\/p><p>Cookies f\u00fcr Analyse- und Werbezwecke: Erm\u00f6glichen die Erfassung von Statistiken \u00fcber Website-Besucher, wie die Anzahl der Besucher in verschiedenen Bereichen der Website, die H\u00e4ufigkeit der Besuche oder das Nutzerverhalten und die Gewohnheiten. Die Navigation, Dienste, Angebote sowie die interessensbezogene Nutzung von Werbefl\u00e4chen k\u00f6nnen verbessert werden. Wenn Sie auf eine dieser Werbefl\u00e4chen klicken, k\u00f6nnen Cookies gesetzt werden. So haben wir die M\u00f6glichkeit, anonyme Benutzerprofile zu erstellen, um interessensbasierte Werbung bereitzustellen.<\/p><p><b>3.G\u00fcltigkeit<\/b>\u00a0<\/p><p>Session-Cookies: Diese Cookies erfassen und speichern Daten f\u00fcr die Dauer des Besuchs des Nutzers auf der unsere Internetseite.<\/p><p>Dauerhafte Cookies: Diese Cookies sammeln und speichern Daten in einem variablen Zeitraum, je nach Zweck des Browsers.<\/p><p>Mit speziellen Browsereinstellungen k\u00f6nnen Sie alle oder einige Cookies auf Ihrem Ger\u00e4t akzeptieren, blockieren oder deaktivieren. Ein entsprechendes Handbuch zu den g\u00e4ngigsten Browsern finden Sie hier:<\/p><p>\u2022 Firefox<\/p><p>\u2022 Chrome\u00a0<\/p><p>\u2022 Internet Explorer\u00a0<\/p><p>\u2022 Safari\u00a0<\/p><p>Auch wenn Ihre Browsereinstellungen ge\u00e4ndert wurden, um bestimmte Cookies zu blockieren, k\u00f6nnen Sie trotzdem auf Informationen zur gesamten Website zugreifen. Der Betrieb oder die Nutzung bestimmter Dienste, die von Website angeboten werden, kann jedoch eingeschr\u00e4nkt sein.<\/p><p>Wenn Sie der Verwendung von Cookies zugestimmt haben, k\u00f6nnen Sie diese jederzeit widerrufen. Vorhandene Cookies werden gel\u00f6scht.<\/p><p>Unsere Internetseite beh\u00e4lt sich das Recht vor, diese Cookie-Richtlinie zu \u00e4ndern, wenn \u00c4nderungen an der Konfiguration und \/ oder Verwendung von Cookies vorgenommen werden. Eine aktualisierte Version wird auf dieser Website ver\u00f6ffentlicht.<\/p><p><b>Aktivieren und deaktivieren Cookies\u00a0<\/b><\/p><p>Um Ihnen eine optimale Benutzererfahrung zu bieten, werden, wie oben erl\u00e4utert, verschiedene Cookies verwendet.<\/p><p>Wenn Sie alle auf Ihrem Ger\u00e4t gespeicherten Cookies deaktivieren und l\u00f6schen, die mit der Website in Verbindung stehen, gehen die Informationen zu den Cookies, denen Sie zugestimmt haben und denen Sie nicht zugestimmt haben, verloren. Die Verwendung eines anderen Browsers kann auch dazu f\u00fchren, dass sich die Cookie-Einstellungen unterscheiden. Cookies h\u00e4ngen sowohl vom Browser als auch vom verwendeten Ger\u00e4t (Computer, Tablet oder Smartphone) ab. Die von Europe-pharmacy verwendeten Cookies werden im Folgenden erkl\u00e4rt und Sie haben auch die M\u00f6glichkeit, sie zu deaktivieren.<\/p><p>Wesentliche und funktionelle Cookies aus Website (Cookies von Erstanbietern)<\/p><p>Diese Cookies werden von Europe-pharmacy eingerichtet und sind f\u00fcr einen reibungslosen Betrieb der Website unerl\u00e4sslich.<\/p><p>Wir erfassen auf unseren Websites m\u00f6glicherweise Informationen \u00fcber Ihre Aktivit\u00e4ten. Wenn Sie nicht teilnehmen m\u00f6chten, deaktivieren Sie bitte den Haftungsausschluss<\/p><p>Cookies von Drittanbietern: Durch Cookies von Drittanbietern k\u00f6nnen wir das Nutzerverhalten auf unserer Website analysieren. Auf diese Weise k\u00f6nnen wir die Leistung der Website bewerten, sodass wir Ihre Benutzererfahrung kontinuierlich verbessern k\u00f6nnen, indem Sie wissen, wie sich Benutzer in verschiedenen Bereichen unserer Website verhalten.<\/p><p>Diese Cookies werden von unseren technischen Partnern platziert und alle Bewertungen sind anonym.<\/p><p>Die oben erl\u00e4uterten Cookie-Richtlinien gelten f\u00fcr alle, die die Website der besuchen und \/ oder ein Formular zur Datenerfassung ausf\u00fcllen. Durch das Durchsuchen der Website akzeptieren Sie die Cookie-Richtlinien ohne Bedingungen.<\/p>\t\t\t\t\t\t<\/div>\n\t\t\t\t<\/div>\n\t\t\t\t\t<\/div>\n\t\t\t\t<\/div>\n\t\t\t\t<\/div>\n\t\t","protected":false},"excerpt":{"rendered":"<p>Online-Datenschutzrichtlinie: Richtlinien f\u00fcr die Verwendung von Cookies Der SchuDer Schutz personenbezogener Daten ist uns sehr wichtig. Unsere oberste Priorit\u00e4t ist der vertrauensvolle und transparente Umgang damit. Damit Sie verstehen, was das f\u00fcr Sie bedeutet, finden Sie im Folgenden eine detaillierte Erkl\u00e4rung dazu, was Cookies sind und wie die Cookie-Richtlinien in unserer Apotheke sind. Au\u00dferdem erl\u00e4utern wir, wie Sie die Verwendung von Cookies einschr\u00e4nken oder verhindern k\u00f6nnen. Was sind Cookies? Cookies sind kleine Textdateien, die der Browser auf Ihrem Ger\u00e4t speichert (Computer, Smartphone, Tablet usw.), wenn Sie eine Website besuchen. Wenn Sie die Website besuchen oder einen anderen von Europe-pharmacy bereitgestellten Dienst nutzen, werden Informationen \u00fcber Cookies gesammelt und gespeichert. Der Vorteil von Cookies f\u00fcr Sie ist, dass Sie Ihre Browser-Erfahrung verbessern k\u00f6nnen, da Ihre Gewohnheiten und Bed\u00fcrfnisse ermittelt werden k\u00f6nnen. Cookies helfen, Dienste bereitzustellen, auf dem Laufenden zu bleiben und die Dienste st\u00e4ndig zu verbessern. Es gibt verschiedene Arten von Cookies, \u00fcber die Sie im Folgenden genauer lesen k\u00f6nnen. Welche Cookies Website verwendet: Cookies werden nach Herkunft, Zweck oder Ablaufdatum klassifiziert. Die Europe-pharmacy Website verwendeten Cookies dienen verschiedenen Zwecken. ihre G\u00fcltigkeitsdauer variiert. Cookies werden nach Herkunft, Zweck oder G\u00fcltigkeit klassifiziert. Die von Europe-pharmacy verwendeten Cookies dienen verschiedenen Zwecken und ihre G\u00fcltigkeitsdauer variiert. 1.Herkunft Cookies von Erstanbietern: direkt von\u00a0unsere Internetseite hinterlegt und verwaltet. Cookies von Drittanbietern: von Partnern hinterlegt und verwaltet, um statistische Analysen \u00fcber die Navigation der Benutzer auf der unsere Internetseite durchzuf\u00fchren. Diese Analyse wird nat\u00fcrlich v\u00f6llig anonym durchgef\u00fchrt. 2. Zweck Technische Cookies: Gew\u00e4hrleisten unter anderem eine reibungslose Navigation auf der Website. Dar\u00fcber hinaus erm\u00f6glichen sie die Verwendung bestimmter Tools mit eingeschr\u00e4nktem Zugriff. Cookies f\u00fcr Analyse- und Werbezwecke: Erm\u00f6glichen die Erfassung von Statistiken \u00fcber Website-Besucher, wie die Anzahl der Besucher in verschiedenen Bereichen der Website, die H\u00e4ufigkeit der Besuche oder das Nutzerverhalten und die Gewohnheiten. Die Navigation, Dienste, Angebote sowie die interessensbezogene Nutzung von Werbefl\u00e4chen k\u00f6nnen verbessert werden. Wenn Sie auf eine dieser Werbefl\u00e4chen klicken, k\u00f6nnen Cookies gesetzt werden. So haben wir die M\u00f6glichkeit, anonyme Benutzerprofile zu erstellen, um interessensbasierte Werbung bereitzustellen. 3.G\u00fcltigkeit\u00a0 Session-Cookies: Diese Cookies erfassen und speichern Daten f\u00fcr die Dauer des Besuchs des Nutzers auf der unsere Internetseite. Dauerhafte Cookies: Diese Cookies sammeln und speichern Daten in einem variablen Zeitraum, je nach Zweck des Browsers. Mit speziellen Browsereinstellungen k\u00f6nnen Sie alle oder einige Cookies auf Ihrem Ger\u00e4t akzeptieren, blockieren oder deaktivieren. Ein entsprechendes Handbuch zu den g\u00e4ngigsten Browsern finden Sie hier: \u2022 Firefox \u2022 Chrome\u00a0 \u2022 Internet Explorer\u00a0 \u2022 Safari\u00a0 Auch wenn Ihre Browsereinstellungen ge\u00e4ndert wurden, um bestimmte Cookies zu blockieren, k\u00f6nnen Sie trotzdem auf Informationen zur gesamten Website zugreifen. Der Betrieb oder die Nutzung bestimmter Dienste, die von Website angeboten werden, kann jedoch eingeschr\u00e4nkt sein. Wenn Sie der Verwendung von Cookies zugestimmt haben, k\u00f6nnen Sie diese jederzeit widerrufen. Vorhandene Cookies werden gel\u00f6scht. Unsere Internetseite beh\u00e4lt sich das Recht vor, diese Cookie-Richtlinie zu \u00e4ndern, wenn \u00c4nderungen an der Konfiguration und \/ oder Verwendung von Cookies vorgenommen werden. Eine aktualisierte Version wird auf dieser Website ver\u00f6ffentlicht. Aktivieren und deaktivieren Cookies\u00a0 Um Ihnen eine optimale Benutzererfahrung zu bieten, werden, wie oben erl\u00e4utert, verschiedene Cookies verwendet. Wenn Sie alle auf Ihrem Ger\u00e4t gespeicherten Cookies deaktivieren und l\u00f6schen, die mit der Website in Verbindung stehen, gehen die Informationen zu den Cookies, denen Sie zugestimmt haben und denen Sie nicht zugestimmt haben, verloren. Die Verwendung eines anderen Browsers kann auch dazu f\u00fchren, dass sich die Cookie-Einstellungen unterscheiden. Cookies h\u00e4ngen sowohl vom Browser als auch vom verwendeten Ger\u00e4t (Computer, Tablet oder Smartphone) ab. Die von Europe-pharmacy verwendeten Cookies werden im Folgenden erkl\u00e4rt und Sie haben auch die M\u00f6glichkeit, sie zu deaktivieren. Wesentliche und funktionelle Cookies aus Website (Cookies von Erstanbietern) Diese Cookies werden von Europe-pharmacy eingerichtet und sind f\u00fcr einen reibungslosen Betrieb der Website unerl\u00e4sslich. Wir erfassen auf unseren Websites m\u00f6glicherweise Informationen \u00fcber Ihre Aktivit\u00e4ten. Wenn Sie nicht teilnehmen m\u00f6chten, deaktivieren Sie bitte den Haftungsausschluss Cookies von Drittanbietern: Durch Cookies von Drittanbietern k\u00f6nnen wir das Nutzerverhalten auf unserer Website analysieren. Auf diese Weise k\u00f6nnen wir die Leistung der Website bewerten, sodass wir Ihre Benutzererfahrung kontinuierlich verbessern k\u00f6nnen, indem Sie wissen, wie sich Benutzer in verschiedenen Bereichen unserer Website verhalten. Diese Cookies werden von unseren technischen Partnern platziert und alle Bewertungen sind anonym. Die oben erl\u00e4uterten Cookie-Richtlinien gelten f\u00fcr alle, die die Website der besuchen und \/ oder ein Formular zur Datenerfassung ausf\u00fcllen. Durch das Durchsuchen der Website akzeptieren Sie die Cookie-Richtlinien ohne Bedingungen.<\/p>\n","protected":false},"author":1,"featured_media":0,"parent":0,"menu_order":0,"comment_status":"closed","ping_status":"closed","template":"","meta":{"footnotes":""},"class_list":["post-3974","page","type-page","status-publish","hentry"],"yoast_head":"<!-- This site is optimized with the Yoast SEO plugin v20.0 - https:\/\/yoast.com\/wordpress\/plugins\/seo\/ -->\n<title>Online-Datenschutzrichtlinie: Richtlinien f\u00fcr die Verwendung von Cookies<\/title>\n<meta name=\"description\" content=\"Wir sind bereit, alle Fragen zum Datenschutz zu beantworten!\" \/>\n<meta name=\"robots\" content=\"index, follow, max-snippet:-1, max-image-preview:large, max-video-preview:-1\" \/>\n<link rel=\"canonical\" href=\"https:\/\/eurorxdrugs.cc\/cs\/nutzungsbedingungen\/\" \/>\n<meta property=\"og:locale\" content=\"cs_CZ\" \/>\n<meta property=\"og:type\" content=\"article\" \/>\n<meta property=\"og:title\" content=\"Online-Datenschutzrichtlinie: Richtlinien f\u00fcr die Verwendung von Cookies\" \/>\n<meta property=\"og:description\" content=\"Wir sind bereit, alle Fragen zum Datenschutz zu beantworten!\" \/>\n<meta property=\"og:url\" content=\"https:\/\/eurorxdrugs.cc\/cs\/nutzungsbedingungen\/\" \/>\n<meta property=\"og:site_name\" content=\"eurorxdrugs\" \/>\n<meta property=\"article:modified_time\" content=\"2024-11-11T08:52:18+00:00\" \/>\n<meta name=\"twitter:card\" content=\"summary_large_image\" \/>\n<meta name=\"twitter:label1\" content=\"Odhadovan\u00e1 doba \u010dten\u00ed\" \/>\n\t<meta name=\"twitter:data1\" content=\"4 minuty\" \/>\n<script type=\"application\/ld+json\" class=\"yoast-schema-graph\">{\"@context\":\"https:\/\/schema.org\",\"@graph\":[{\"@type\":\"WebPage\",\"@id\":\"https:\/\/eurorxdrugs.cc\/cs\/nutzungsbedingungen\/\",\"url\":\"https:\/\/eurorxdrugs.cc\/cs\/nutzungsbedingungen\/\",\"name\":\"Online-Datenschutzrichtlinie: Richtlinien f\u00fcr die Verwendung von Cookies\",\"isPartOf\":{\"@id\":\"https:\/\/eurorxdrugs.cc\/cs\/#website\"},\"datePublished\":\"2024-09-15T12:18:54+00:00\",\"dateModified\":\"2024-11-11T08:52:18+00:00\",\"description\":\"Wir sind bereit, alle Fragen zum Datenschutz zu beantworten!\",\"breadcrumb\":{\"@id\":\"https:\/\/eurorxdrugs.cc\/cs\/nutzungsbedingungen\/#breadcrumb\"},\"inLanguage\":\"cs\",\"potentialAction\":[{\"@type\":\"ReadAction\",\"target\":[\"https:\/\/eurorxdrugs.cc\/cs\/nutzungsbedingungen\/\"]}]},{\"@type\":\"BreadcrumbList\",\"@id\":\"https:\/\/eurorxdrugs.cc\/cs\/nutzungsbedingungen\/#breadcrumb\",\"itemListElement\":[{\"@type\":\"ListItem\",\"position\":1,\"name\":\"Home\",\"item\":\"https:\/\/eurorxdrugs.cc\/cs\/\"},{\"@type\":\"ListItem\",\"position\":2,\"name\":\"Nutzungsbedingungen\"}]},{\"@type\":\"WebSite\",\"@id\":\"https:\/\/eurorxdrugs.cc\/cs\/#website\",\"url\":\"https:\/\/eurorxdrugs.cc\/cs\/\",\"name\":\"eurorxdrugs\",\"description\":\"\",\"publisher\":{\"@id\":\"https:\/\/eurorxdrugs.cc\/cs\/#organization\"},\"potentialAction\":[{\"@type\":\"SearchAction\",\"target\":{\"@type\":\"EntryPoint\",\"urlTemplate\":\"https:\/\/eurorxdrugs.cc\/cs\/?s={search_term_string}\"},\"query-input\":\"required name=search_term_string\"}],\"inLanguage\":\"cs\"},{\"@type\":\"Organization\",\"@id\":\"https:\/\/eurorxdrugs.cc\/cs\/#organization\",\"name\":\"eurorxdrugs\",\"url\":\"https:\/\/eurorxdrugs.cc\/cs\/\",\"logo\":{\"@type\":\"ImageObject\",\"inLanguage\":\"cs\",\"@id\":\"https:\/\/eurorxdrugs.cc\/cs\/#\/schema\/logo\/image\/\",\"url\":\"https:\/\/eurorxdrugs.cc\/cs\/wp-content\/uploads\/2024\/09\/logo-1-1.png\",\"contentUrl\":\"https:\/\/eurorxdrugs.cc\/cs\/wp-content\/uploads\/2024\/09\/logo-1-1.png\",\"width\":233,\"height\":54,\"caption\":\"eurorxdrugs\"},\"image\":{\"@id\":\"https:\/\/eurorxdrugs.cc\/cs\/#\/schema\/logo\/image\/\"}}]}<\/script>\n<!-- \/ Yoast SEO plugin. -->","yoast_head_json":{"title":"Online-Datenschutzrichtlinie: Richtlinien f\u00fcr die Verwendung von Cookies","description":"Wir sind bereit, alle Fragen zum Datenschutz zu beantworten!","robots":{"index":"index","follow":"follow","max-snippet":"max-snippet:-1","max-image-preview":"max-image-preview:large","max-video-preview":"max-video-preview:-1"},"canonical":"https:\/\/eurorxdrugs.cc\/cs\/nutzungsbedingungen\/","og_locale":"cs_CZ","og_type":"article","og_title":"Online-Datenschutzrichtlinie: Richtlinien f\u00fcr die Verwendung von Cookies","og_description":"Wir sind bereit, alle Fragen zum Datenschutz zu beantworten!","og_url":"https:\/\/eurorxdrugs.cc\/cs\/nutzungsbedingungen\/","og_site_name":"eurorxdrugs","article_modified_time":"2024-11-11T08:52:18+00:00","twitter_card":"summary_large_image","twitter_misc":{"Odhadovan\u00e1 doba \u010dten\u00ed":"4 minuty"},"schema":{"@context":"https:\/\/schema.org","@graph":[{"@type":"WebPage","@id":"https:\/\/eurorxdrugs.cc\/cs\/nutzungsbedingungen\/","url":"https:\/\/eurorxdrugs.cc\/cs\/nutzungsbedingungen\/","name":"Online-Datenschutzrichtlinie: Richtlinien f\u00fcr die Verwendung von Cookies","isPartOf":{"@id":"https:\/\/eurorxdrugs.cc\/cs\/#website"},"datePublished":"2024-09-15T12:18:54+00:00","dateModified":"2024-11-11T08:52:18+00:00","description":"Wir sind bereit, alle Fragen zum Datenschutz zu beantworten!","breadcrumb":{"@id":"https:\/\/eurorxdrugs.cc\/cs\/nutzungsbedingungen\/#breadcrumb"},"inLanguage":"cs","potentialAction":[{"@type":"ReadAction","target":["https:\/\/eurorxdrugs.cc\/cs\/nutzungsbedingungen\/"]}]},{"@type":"BreadcrumbList","@id":"https:\/\/eurorxdrugs.cc\/cs\/nutzungsbedingungen\/#breadcrumb","itemListElement":[{"@type":"ListItem","position":1,"name":"Home","item":"https:\/\/eurorxdrugs.cc\/cs\/"},{"@type":"ListItem","position":2,"name":"Nutzungsbedingungen"}]},{"@type":"WebSite","@id":"https:\/\/eurorxdrugs.cc\/cs\/#website","url":"https:\/\/eurorxdrugs.cc\/cs\/","name":"eurorxdrugs","description":"","publisher":{"@id":"https:\/\/eurorxdrugs.cc\/cs\/#organization"},"potentialAction":[{"@type":"SearchAction","target":{"@type":"EntryPoint","urlTemplate":"https:\/\/eurorxdrugs.cc\/cs\/?s={search_term_string}"},"query-input":"required name=search_term_string"}],"inLanguage":"cs"},{"@type":"Organization","@id":"https:\/\/eurorxdrugs.cc\/cs\/#organization","name":"eurorxdrugs","url":"https:\/\/eurorxdrugs.cc\/cs\/","logo":{"@type":"ImageObject","inLanguage":"cs","@id":"https:\/\/eurorxdrugs.cc\/cs\/#\/schema\/logo\/image\/","url":"https:\/\/eurorxdrugs.cc\/cs\/wp-content\/uploads\/2024\/09\/logo-1-1.png","contentUrl":"https:\/\/eurorxdrugs.cc\/cs\/wp-content\/uploads\/2024\/09\/logo-1-1.png","width":233,"height":54,"caption":"eurorxdrugs"},"image":{"@id":"https:\/\/eurorxdrugs.cc\/cs\/#\/schema\/logo\/image\/"}}]}},"_links":{"self":[{"href":"https:\/\/eurorxdrugs.cc\/cs\/wp-json\/wp\/v2\/pages\/3974","targetHints":{"allow":["GET"]}}],"collection":[{"href":"https:\/\/eurorxdrugs.cc\/cs\/wp-json\/wp\/v2\/pages"}],"about":[{"href":"https:\/\/eurorxdrugs.cc\/cs\/wp-json\/wp\/v2\/types\/page"}],"author":[{"embeddable":true,"href":"https:\/\/eurorxdrugs.cc\/cs\/wp-json\/wp\/v2\/users\/1"}],"replies":[{"embeddable":true,"href":"https:\/\/eurorxdrugs.cc\/cs\/wp-json\/wp\/v2\/comments?post=3974"}],"version-history":[{"count":33,"href":"https:\/\/eurorxdrugs.cc\/cs\/wp-json\/wp\/v2\/pages\/3974\/revisions"}],"predecessor-version":[{"id":6398,"href":"https:\/\/eurorxdrugs.cc\/cs\/wp-json\/wp\/v2\/pages\/3974\/revisions\/6398"}],"wp:attachment":[{"href":"https:\/\/eurorxdrugs.cc\/cs\/wp-json\/wp\/v2\/media?parent=3974"}],"curies":[{"name":"wp","href":"https:\/\/api.w.org\/{rel}","templated":true}]}}