{"id":4003,"date":"2024-09-15T12:31:36","date_gmt":"2024-09-15T12:31:36","guid":{"rendered":"https:\/\/eurorxdrugs.cc\/cs\/?page_id=4003"},"modified":"2024-11-11T08:56:15","modified_gmt":"2024-11-11T08:56:15","slug":"datenschutz-bestimmungen","status":"publish","type":"page","link":"https:\/\/eurorxdrugs.cc\/cs\/datenschutz-bestimmungen\/","title":{"rendered":"Datenschutz bestimmungen"},"content":{"rendered":"\t\t<div data-elementor-type=\"wp-page\" data-elementor-id=\"4003\" class=\"elementor elementor-4003\">\n\t\t\t\t<div class=\"elementor-element elementor-element-460db05 e-flex e-con-boxed wpr-particle-no wpr-jarallax-no wpr-parallax-no wpr-sticky-section-no e-con e-parent\" data-id=\"460db05\" data-element_type=\"container\">\n\t\t\t\t\t<div class=\"e-con-inner\">\n\t\t\t\t<div class=\"elementor-element elementor-element-b06f71c privecy__ elementor-widget elementor-widget-text-editor\" data-id=\"b06f71c\" data-element_type=\"widget\" data-widget_type=\"text-editor.default\">\n\t\t\t\t<div class=\"elementor-widget-container\">\n\t\t\t\t\t\t\t<p><b>Datenschutzerkl\u00e4rung der GDPR<\/b><\/p><p>Diese Datenschutzrichtlinie legt fest, wie die Apotheke (im Folgenden: Unternehmen) Informationen \u00fcber Sie sammelt, speichert und verwendet, wenn Sie unseren Service nutzen. Diese Datenschutzerkl\u00e4rung gilt ab dem 25. Mai 2018.<\/p><p><b>GDPR-Datenschutzrichtlinie<\/b><\/p><p>Dieser Abschnitt fasst zusammen, wie wir Informationen \u00fcber Sie erhalten, speichern und verwenden. Es soll nur einen sehr allgemeinen \u00dcberblick geben. Es ist an und f\u00fcr sich nicht vollst\u00e4ndig und muss in Verbindung mit den entsprechenden vollst\u00e4ndigen Abschnitten dieser Datenschutzrichtlinie gelesen werden.<\/p><p>\u00a0 \u00a0 \u2022 Wie wir Informationen \u00fcber Sie sammeln oder erhalten:<\/p><p>\u00a0 \u00a0 \u2022 wenn Sie uns dies zur Verf\u00fcgung stellen (z. B. indem Sie uns kontaktieren, auf unserer Website platzieren und bestellen und sich f\u00fcr unseren E-Mail-Newsletter anmelden, indem Sie unsere Website nutzen und Cookies verwenden).<\/p><p>\u00a0 \u00a0 \u2022 Informationen, die wir sammeln: Name, Kontaktdaten, IP-Adresse, Informationen von Cookies, Informationen zu Ihrem Computer oder Ger\u00e4t (z. B. Ger\u00e4t und Browsertyp), Informationen zur Nutzung unserer Website (z. B. welche Seiten Sie besucht haben, wann Sie von Ihnen besucht wurden) Sehen Sie sich diese an und was Sie angeklickt haben, den geografischen Ort, von dem aus Sie auf unsere Website zugegriffen haben (basierend auf Ihrer IP-Adresse), den Firmennamen oder den Firmennamen (falls zutreffend).<\/p><p>\u00a0 \u00a0 \u2022 Wie verwenden wir Ihre Informationen: zu administrativen und gesch\u00e4ftlichen Zwecken (insbesondere zur Kontaktaufnahme mit Ihnen und zur Abwicklung von Bestellungen, die Sie auf unserer Website aufgeben), zur Verbesserung unseres Gesch\u00e4fts und unserer Website, zur Erf\u00fcllung unserer vertraglichen Verpflichtungen, zur Werbung f\u00fcr unsere Waren und Dienstleistungen, zur Analyse Ihrer Daten Nutzung unserer Website und in Verbindung mit unseren gesetzlichen Rechten und Pflichten.<\/p><p>\u00a0 \u00a0 \u2022 Weitergabe Ihrer Daten an Dritte: nur in dem Umfang, der f\u00fcr die F\u00fchrung unserer Gesch\u00e4fte, f\u00fcr unsere Dienstleister, zur Erf\u00fcllung von Auftr\u00e4gen von Ihnen erforderlich ist, sofern dies gesetzlich erforderlich ist, oder zur Durchsetzung unserer gesetzlichen Rechte.<\/p><p>\u00a0 \u00a0 \u2022 Wir verkaufen keine Informationen \u00fcber Sie an Dritte.<\/p><p>\u00a0 \u00a0 \u2022 Wie lange bewahren wir Ihre Informationen auf: nicht l\u00e4nger als n\u00f6tig, unter Ber\u00fccksichtigung etwaiger gesetzlicher Verpflichtungen oder anderer Rechtsgrundlagen f\u00fcr die Verwendung Ihrer Informationen. Spezifische Aufbewahrungszeitr\u00e4ume in Bezug auf bestimmte Informationen, die wir von Ihnen erfassen, finden Sie im Abschnitt &#8222;Wie lange speichern wir Ihre Informationen?&#8220;.<\/p><p>\u00a0 \u00a0 \u2022 So sichern wir Ihre Informationen: Verwenden Sie geeignete technische und organisatorische Ma\u00dfnahmen, wie das Speichern Ihrer Informationen auf sicheren Servern, das Verschl\u00fcsseln von Daten von oder zu unseren Servern mithilfe der SSL-Technologie (Secure Sockets Layer) oder das Verschl\u00fcsseln von Zahlungen, die Sie auf unserer Website oder \u00fcber unsere Website t\u00e4tigen SSL-Technologie (Secure Sockets Layer), die nur bei Bedarf Zugriff auf Ihre Informationen gew\u00e4hrt.<\/p><p>\u00a0 \u00a0 \u2022 Verwendung von Cookies: Wir verwenden auf unserer Website Cookies und \u00e4hnliche Technologien zur Informationsgewinnung, z. B. Web Beacons, einschlie\u00dflich grundlegender, funktionaler und analytischer Funktionen.<\/p><p>\u00a0 \u00a0 \u2022 \u00dcbermittlung Ihrer Informationen au\u00dferhalb des Europ\u00e4ischen Wirtschaftsraums: Wir werden Ihre Informationen nur au\u00dferhalb des Europ\u00e4ischen Wirtschaftsraums \u00fcbertragen, wenn wir gesetzlich dazu verpflichtet sind. ODER unter bestimmten Umst\u00e4nden \u00fcbertragen wir Ihre Informationen au\u00dferhalb des Europ\u00e4ischen Wirtschaftsraums, einschlie\u00dflich der folgenden L\u00e4nder: Australien und Neuseeland. Wenn wir dies tun, werden wir sicherstellen, dass geeignete Sicherheitsvorkehrungen getroffen werden, einschlie\u00dflich Sicherungsklauseln f\u00fcr Daten\u00fcbertragungen au\u00dferhalb des Europ\u00e4ischen Wirtschaftsraums, z. Die von uns verwendeten Dritten, die Ihre Informationen au\u00dferhalb des Europ\u00e4ischen Wirtschaftsraums \u00fcbertragen, haben sich selbst als mit dem EU-AU Privacy Shield konform zertifiziert.<\/p><p>\u00a0 \u00a0 \u2022 Verwendung automatisierter Entscheidungsfindung und Profilerstellung: Auf keiner unserer Websites verwenden wir automatisierte Entscheidungsfindung und \/ oder Profilerstellung.<\/p><p>\u00a0 \u00a0 \u2022 Ihre Rechte in Bezug auf Ihre Informationen<\/p><p>\u00a0 \u00a0 \u2022 um auf Ihre Informationen zuzugreifen und Informationen \u00fcber ihre Verwendung zu erhalten<\/p><p>\u00a0 \u00a0 \u2022 Ihre Angaben korrigieren und \/ oder vervollst\u00e4ndigen lassen<\/p><p>\u00a0 \u00a0 \u2022 um Ihre Informationen l\u00f6schen zu lassen<\/p><p>\u00a0 \u00a0 \u2022 um die Verwendung Ihrer Informationen einzuschr\u00e4nken<\/p><p>\u00a0 \u00a0 \u2022 um Ihre Informationen in einem portablen Format zu erhalten<\/p><p>\u00a0 \u00a0 \u2022 um der Verwendung Ihrer Informationen zu widersprechen<\/p><p>\u00a0 \u00a0 \u2022 um Ihre Zustimmung zur Verwendung Ihrer Informationen zu widerrufen<\/p><p>\u00a0 \u00a0 \u2022 sich bei einer Aufsichtsbeh\u00f6rde zu beschweren<\/p><p>\u00a0 \u00a0 \u2022 Vertrauliche personenbezogene Daten: Wir erfassen nicht wissentlich oder absichtlich so genannte &#8222;sensible personenbezogene Daten&#8220;. Bitte senden Sie keine sensiblen pers\u00f6nlichen Informationen \u00fcber Sie an uns. Weitere Informationen finden Sie im Hauptabschnitt &#8222;Sensible Pers\u00f6nliche Informationen&#8220;.<\/p><p><b>INFORMATIONEN, DIE WIR ERFASSEN, WENN SIE UNSERE WEBSITE BESUCHEN<\/b><\/p><p>Wir erheben und verwenden Informationen von Website-Besuchern in \u00dcbereinstimmung mit diesem Abschnitt und dem Abschnitt Offenlegung und zus\u00e4tzliche Verwendung Ihrer Informationen.<\/p><p><b>Webserver-Protokollinformationen<\/b><\/p><p>Wir verwenden einen Drittanbieter-Server, um unsere Website namens Pfebc-Host zu hosten. Unser Website-Server protokolliert automatisch die IP-Adresse, die Sie f\u00fcr den Zugriff auf unsere Website verwenden, sowie andere Informationen \u00fcber Ihren Besuch, wie die aufgerufenen Seiten, angeforderte Informationen, Datum und Uhrzeit der Anfrage, die Quelle Ihres Zugriffs auf unsere Website (z Website oder URL (Link), die Sie auf unsere Website verwiesen hat) und Ihre Brauen<\/p>\t\t\t\t\t\t<\/div>\n\t\t\t\t<\/div>\n\t\t\t\t\t<\/div>\n\t\t\t\t<\/div>\n\t\t\t\t<\/div>\n\t\t","protected":false},"excerpt":{"rendered":"<p>Datenschutzerkl\u00e4rung der GDPR Diese Datenschutzrichtlinie legt fest, wie die Apotheke (im Folgenden: Unternehmen) Informationen \u00fcber Sie sammelt, speichert und verwendet, wenn Sie unseren Service nutzen. Diese Datenschutzerkl\u00e4rung gilt ab dem 25. Mai 2018. GDPR-Datenschutzrichtlinie Dieser Abschnitt fasst zusammen, wie wir Informationen \u00fcber Sie erhalten, speichern und verwenden. Es soll nur einen sehr allgemeinen \u00dcberblick geben. Es ist an und f\u00fcr sich nicht vollst\u00e4ndig und muss in Verbindung mit den entsprechenden vollst\u00e4ndigen Abschnitten dieser Datenschutzrichtlinie gelesen werden. \u00a0 \u00a0 \u2022 Wie wir Informationen \u00fcber Sie sammeln oder erhalten: \u00a0 \u00a0 \u2022 wenn Sie uns dies zur Verf\u00fcgung stellen (z. B. indem Sie uns kontaktieren, auf unserer Website platzieren und bestellen und sich f\u00fcr unseren E-Mail-Newsletter anmelden, indem Sie unsere Website nutzen und Cookies verwenden). \u00a0 \u00a0 \u2022 Informationen, die wir sammeln: Name, Kontaktdaten, IP-Adresse, Informationen von Cookies, Informationen zu Ihrem Computer oder Ger\u00e4t (z. B. Ger\u00e4t und Browsertyp), Informationen zur Nutzung unserer Website (z. B. welche Seiten Sie besucht haben, wann Sie von Ihnen besucht wurden) Sehen Sie sich diese an und was Sie angeklickt haben, den geografischen Ort, von dem aus Sie auf unsere Website zugegriffen haben (basierend auf Ihrer IP-Adresse), den Firmennamen oder den Firmennamen (falls zutreffend). \u00a0 \u00a0 \u2022 Wie verwenden wir Ihre Informationen: zu administrativen und gesch\u00e4ftlichen Zwecken (insbesondere zur Kontaktaufnahme mit Ihnen und zur Abwicklung von Bestellungen, die Sie auf unserer Website aufgeben), zur Verbesserung unseres Gesch\u00e4fts und unserer Website, zur Erf\u00fcllung unserer vertraglichen Verpflichtungen, zur Werbung f\u00fcr unsere Waren und Dienstleistungen, zur Analyse Ihrer Daten Nutzung unserer Website und in Verbindung mit unseren gesetzlichen Rechten und Pflichten. \u00a0 \u00a0 \u2022 Weitergabe Ihrer Daten an Dritte: nur in dem Umfang, der f\u00fcr die F\u00fchrung unserer Gesch\u00e4fte, f\u00fcr unsere Dienstleister, zur Erf\u00fcllung von Auftr\u00e4gen von Ihnen erforderlich ist, sofern dies gesetzlich erforderlich ist, oder zur Durchsetzung unserer gesetzlichen Rechte. \u00a0 \u00a0 \u2022 Wir verkaufen keine Informationen \u00fcber Sie an Dritte. \u00a0 \u00a0 \u2022 Wie lange bewahren wir Ihre Informationen auf: nicht l\u00e4nger als n\u00f6tig, unter Ber\u00fccksichtigung etwaiger gesetzlicher Verpflichtungen oder anderer Rechtsgrundlagen f\u00fcr die Verwendung Ihrer Informationen. Spezifische Aufbewahrungszeitr\u00e4ume in Bezug auf bestimmte Informationen, die wir von Ihnen erfassen, finden Sie im Abschnitt &#8222;Wie lange speichern wir Ihre Informationen?&#8220;. \u00a0 \u00a0 \u2022 So sichern wir Ihre Informationen: Verwenden Sie geeignete technische und organisatorische Ma\u00dfnahmen, wie das Speichern Ihrer Informationen auf sicheren Servern, das Verschl\u00fcsseln von Daten von oder zu unseren Servern mithilfe der SSL-Technologie (Secure Sockets Layer) oder das Verschl\u00fcsseln von Zahlungen, die Sie auf unserer Website oder \u00fcber unsere Website t\u00e4tigen SSL-Technologie (Secure Sockets Layer), die nur bei Bedarf Zugriff auf Ihre Informationen gew\u00e4hrt. \u00a0 \u00a0 \u2022 Verwendung von Cookies: Wir verwenden auf unserer Website Cookies und \u00e4hnliche Technologien zur Informationsgewinnung, z. B. Web Beacons, einschlie\u00dflich grundlegender, funktionaler und analytischer Funktionen. \u00a0 \u00a0 \u2022 \u00dcbermittlung Ihrer Informationen au\u00dferhalb des Europ\u00e4ischen Wirtschaftsraums: Wir werden Ihre Informationen nur au\u00dferhalb des Europ\u00e4ischen Wirtschaftsraums \u00fcbertragen, wenn wir gesetzlich dazu verpflichtet sind. ODER unter bestimmten Umst\u00e4nden \u00fcbertragen wir Ihre Informationen au\u00dferhalb des Europ\u00e4ischen Wirtschaftsraums, einschlie\u00dflich der folgenden L\u00e4nder: Australien und Neuseeland. Wenn wir dies tun, werden wir sicherstellen, dass geeignete Sicherheitsvorkehrungen getroffen werden, einschlie\u00dflich Sicherungsklauseln f\u00fcr Daten\u00fcbertragungen au\u00dferhalb des Europ\u00e4ischen Wirtschaftsraums, z. Die von uns verwendeten Dritten, die Ihre Informationen au\u00dferhalb des Europ\u00e4ischen Wirtschaftsraums \u00fcbertragen, haben sich selbst als mit dem EU-AU Privacy Shield konform zertifiziert. \u00a0 \u00a0 \u2022 Verwendung automatisierter Entscheidungsfindung und Profilerstellung: Auf keiner unserer Websites verwenden wir automatisierte Entscheidungsfindung und \/ oder Profilerstellung. \u00a0 \u00a0 \u2022 Ihre Rechte in Bezug auf Ihre Informationen \u00a0 \u00a0 \u2022 um auf Ihre Informationen zuzugreifen und Informationen \u00fcber ihre Verwendung zu erhalten \u00a0 \u00a0 \u2022 Ihre Angaben korrigieren und \/ oder vervollst\u00e4ndigen lassen \u00a0 \u00a0 \u2022 um Ihre Informationen l\u00f6schen zu lassen \u00a0 \u00a0 \u2022 um die Verwendung Ihrer Informationen einzuschr\u00e4nken \u00a0 \u00a0 \u2022 um Ihre Informationen in einem portablen Format zu erhalten \u00a0 \u00a0 \u2022 um der Verwendung Ihrer Informationen zu widersprechen \u00a0 \u00a0 \u2022 um Ihre Zustimmung zur Verwendung Ihrer Informationen zu widerrufen \u00a0 \u00a0 \u2022 sich bei einer Aufsichtsbeh\u00f6rde zu beschweren \u00a0 \u00a0 \u2022 Vertrauliche personenbezogene Daten: Wir erfassen nicht wissentlich oder absichtlich so genannte &#8222;sensible personenbezogene Daten&#8220;. Bitte senden Sie keine sensiblen pers\u00f6nlichen Informationen \u00fcber Sie an uns. Weitere Informationen finden Sie im Hauptabschnitt &#8222;Sensible Pers\u00f6nliche Informationen&#8220;. INFORMATIONEN, DIE WIR ERFASSEN, WENN SIE UNSERE WEBSITE BESUCHEN Wir erheben und verwenden Informationen von Website-Besuchern in \u00dcbereinstimmung mit diesem Abschnitt und dem Abschnitt Offenlegung und zus\u00e4tzliche Verwendung Ihrer Informationen. Webserver-Protokollinformationen Wir verwenden einen Drittanbieter-Server, um unsere Website namens Pfebc-Host zu hosten. Unser Website-Server protokolliert automatisch die IP-Adresse, die Sie f\u00fcr den Zugriff auf unsere Website verwenden, sowie andere Informationen \u00fcber Ihren Besuch, wie die aufgerufenen Seiten, angeforderte Informationen, Datum und Uhrzeit der Anfrage, die Quelle Ihres Zugriffs auf unsere Website (z Website oder URL (Link), die Sie auf unsere Website verwiesen hat) und Ihre Brauen<\/p>\n","protected":false},"author":1,"featured_media":0,"parent":0,"menu_order":0,"comment_status":"closed","ping_status":"closed","template":"","meta":{"footnotes":""},"class_list":["post-4003","page","type-page","status-publish","hentry"],"yoast_head":"<!-- This site is optimized with the Yoast SEO plugin v20.0 - https:\/\/yoast.com\/wordpress\/plugins\/seo\/ -->\n<title>GDPR Datenschutz-Bestimmungen<\/title>\n<meta name=\"description\" content=\"Alles was Sie \u00fcber den Datenschutz wissen m\u00fcssen!\" \/>\n<meta name=\"robots\" content=\"index, follow, max-snippet:-1, max-image-preview:large, max-video-preview:-1\" \/>\n<link rel=\"canonical\" href=\"https:\/\/eurorxdrugs.cc\/cs\/datenschutz-bestimmungen\/\" \/>\n<meta property=\"og:locale\" content=\"cs_CZ\" \/>\n<meta property=\"og:type\" content=\"article\" \/>\n<meta property=\"og:title\" content=\"GDPR Datenschutz-Bestimmungen\" \/>\n<meta property=\"og:description\" content=\"Alles was Sie \u00fcber den Datenschutz wissen m\u00fcssen!\" \/>\n<meta property=\"og:url\" content=\"https:\/\/eurorxdrugs.cc\/cs\/datenschutz-bestimmungen\/\" \/>\n<meta property=\"og:site_name\" content=\"eurorxdrugs\" \/>\n<meta property=\"article:modified_time\" content=\"2024-11-11T08:56:15+00:00\" \/>\n<meta name=\"twitter:card\" content=\"summary_large_image\" \/>\n<meta name=\"twitter:label1\" content=\"Odhadovan\u00e1 doba \u010dten\u00ed\" \/>\n\t<meta name=\"twitter:data1\" content=\"4 minuty\" \/>\n<script type=\"application\/ld+json\" class=\"yoast-schema-graph\">{\"@context\":\"https:\/\/schema.org\",\"@graph\":[{\"@type\":\"WebPage\",\"@id\":\"https:\/\/eurorxdrugs.cc\/cs\/datenschutz-bestimmungen\/\",\"url\":\"https:\/\/eurorxdrugs.cc\/cs\/datenschutz-bestimmungen\/\",\"name\":\"GDPR Datenschutz-Bestimmungen\",\"isPartOf\":{\"@id\":\"https:\/\/eurorxdrugs.cc\/cs\/#website\"},\"datePublished\":\"2024-09-15T12:31:36+00:00\",\"dateModified\":\"2024-11-11T08:56:15+00:00\",\"description\":\"Alles was Sie \u00fcber den Datenschutz wissen m\u00fcssen!\",\"breadcrumb\":{\"@id\":\"https:\/\/eurorxdrugs.cc\/cs\/datenschutz-bestimmungen\/#breadcrumb\"},\"inLanguage\":\"cs\",\"potentialAction\":[{\"@type\":\"ReadAction\",\"target\":[\"https:\/\/eurorxdrugs.cc\/cs\/datenschutz-bestimmungen\/\"]}]},{\"@type\":\"BreadcrumbList\",\"@id\":\"https:\/\/eurorxdrugs.cc\/cs\/datenschutz-bestimmungen\/#breadcrumb\",\"itemListElement\":[{\"@type\":\"ListItem\",\"position\":1,\"name\":\"Home\",\"item\":\"https:\/\/eurorxdrugs.cc\/cs\/\"},{\"@type\":\"ListItem\",\"position\":2,\"name\":\"Datenschutz bestimmungen\"}]},{\"@type\":\"WebSite\",\"@id\":\"https:\/\/eurorxdrugs.cc\/cs\/#website\",\"url\":\"https:\/\/eurorxdrugs.cc\/cs\/\",\"name\":\"eurorxdrugs\",\"description\":\"\",\"publisher\":{\"@id\":\"https:\/\/eurorxdrugs.cc\/cs\/#organization\"},\"potentialAction\":[{\"@type\":\"SearchAction\",\"target\":{\"@type\":\"EntryPoint\",\"urlTemplate\":\"https:\/\/eurorxdrugs.cc\/cs\/?s={search_term_string}\"},\"query-input\":\"required name=search_term_string\"}],\"inLanguage\":\"cs\"},{\"@type\":\"Organization\",\"@id\":\"https:\/\/eurorxdrugs.cc\/cs\/#organization\",\"name\":\"eurorxdrugs\",\"url\":\"https:\/\/eurorxdrugs.cc\/cs\/\",\"logo\":{\"@type\":\"ImageObject\",\"inLanguage\":\"cs\",\"@id\":\"https:\/\/eurorxdrugs.cc\/cs\/#\/schema\/logo\/image\/\",\"url\":\"https:\/\/eurorxdrugs.cc\/cs\/wp-content\/uploads\/2024\/09\/logo-1-1.png\",\"contentUrl\":\"https:\/\/eurorxdrugs.cc\/cs\/wp-content\/uploads\/2024\/09\/logo-1-1.png\",\"width\":233,\"height\":54,\"caption\":\"eurorxdrugs\"},\"image\":{\"@id\":\"https:\/\/eurorxdrugs.cc\/cs\/#\/schema\/logo\/image\/\"}}]}<\/script>\n<!-- \/ Yoast SEO plugin. -->","yoast_head_json":{"title":"GDPR Datenschutz-Bestimmungen","description":"Alles was Sie \u00fcber den Datenschutz wissen m\u00fcssen!","robots":{"index":"index","follow":"follow","max-snippet":"max-snippet:-1","max-image-preview":"max-image-preview:large","max-video-preview":"max-video-preview:-1"},"canonical":"https:\/\/eurorxdrugs.cc\/cs\/datenschutz-bestimmungen\/","og_locale":"cs_CZ","og_type":"article","og_title":"GDPR Datenschutz-Bestimmungen","og_description":"Alles was Sie \u00fcber den Datenschutz wissen m\u00fcssen!","og_url":"https:\/\/eurorxdrugs.cc\/cs\/datenschutz-bestimmungen\/","og_site_name":"eurorxdrugs","article_modified_time":"2024-11-11T08:56:15+00:00","twitter_card":"summary_large_image","twitter_misc":{"Odhadovan\u00e1 doba \u010dten\u00ed":"4 minuty"},"schema":{"@context":"https:\/\/schema.org","@graph":[{"@type":"WebPage","@id":"https:\/\/eurorxdrugs.cc\/cs\/datenschutz-bestimmungen\/","url":"https:\/\/eurorxdrugs.cc\/cs\/datenschutz-bestimmungen\/","name":"GDPR Datenschutz-Bestimmungen","isPartOf":{"@id":"https:\/\/eurorxdrugs.cc\/cs\/#website"},"datePublished":"2024-09-15T12:31:36+00:00","dateModified":"2024-11-11T08:56:15+00:00","description":"Alles was Sie \u00fcber den Datenschutz wissen m\u00fcssen!","breadcrumb":{"@id":"https:\/\/eurorxdrugs.cc\/cs\/datenschutz-bestimmungen\/#breadcrumb"},"inLanguage":"cs","potentialAction":[{"@type":"ReadAction","target":["https:\/\/eurorxdrugs.cc\/cs\/datenschutz-bestimmungen\/"]}]},{"@type":"BreadcrumbList","@id":"https:\/\/eurorxdrugs.cc\/cs\/datenschutz-bestimmungen\/#breadcrumb","itemListElement":[{"@type":"ListItem","position":1,"name":"Home","item":"https:\/\/eurorxdrugs.cc\/cs\/"},{"@type":"ListItem","position":2,"name":"Datenschutz bestimmungen"}]},{"@type":"WebSite","@id":"https:\/\/eurorxdrugs.cc\/cs\/#website","url":"https:\/\/eurorxdrugs.cc\/cs\/","name":"eurorxdrugs","description":"","publisher":{"@id":"https:\/\/eurorxdrugs.cc\/cs\/#organization"},"potentialAction":[{"@type":"SearchAction","target":{"@type":"EntryPoint","urlTemplate":"https:\/\/eurorxdrugs.cc\/cs\/?s={search_term_string}"},"query-input":"required name=search_term_string"}],"inLanguage":"cs"},{"@type":"Organization","@id":"https:\/\/eurorxdrugs.cc\/cs\/#organization","name":"eurorxdrugs","url":"https:\/\/eurorxdrugs.cc\/cs\/","logo":{"@type":"ImageObject","inLanguage":"cs","@id":"https:\/\/eurorxdrugs.cc\/cs\/#\/schema\/logo\/image\/","url":"https:\/\/eurorxdrugs.cc\/cs\/wp-content\/uploads\/2024\/09\/logo-1-1.png","contentUrl":"https:\/\/eurorxdrugs.cc\/cs\/wp-content\/uploads\/2024\/09\/logo-1-1.png","width":233,"height":54,"caption":"eurorxdrugs"},"image":{"@id":"https:\/\/eurorxdrugs.cc\/cs\/#\/schema\/logo\/image\/"}}]}},"_links":{"self":[{"href":"https:\/\/eurorxdrugs.cc\/cs\/wp-json\/wp\/v2\/pages\/4003","targetHints":{"allow":["GET"]}}],"collection":[{"href":"https:\/\/eurorxdrugs.cc\/cs\/wp-json\/wp\/v2\/pages"}],"about":[{"href":"https:\/\/eurorxdrugs.cc\/cs\/wp-json\/wp\/v2\/types\/page"}],"author":[{"embeddable":true,"href":"https:\/\/eurorxdrugs.cc\/cs\/wp-json\/wp\/v2\/users\/1"}],"replies":[{"embeddable":true,"href":"https:\/\/eurorxdrugs.cc\/cs\/wp-json\/wp\/v2\/comments?post=4003"}],"version-history":[{"count":17,"href":"https:\/\/eurorxdrugs.cc\/cs\/wp-json\/wp\/v2\/pages\/4003\/revisions"}],"predecessor-version":[{"id":6400,"href":"https:\/\/eurorxdrugs.cc\/cs\/wp-json\/wp\/v2\/pages\/4003\/revisions\/6400"}],"wp:attachment":[{"href":"https:\/\/eurorxdrugs.cc\/cs\/wp-json\/wp\/v2\/media?parent=4003"}],"curies":[{"name":"wp","href":"https:\/\/api.w.org\/{rel}","templated":true}]}}