{"id":1088,"date":"2024-09-07T12:28:07","date_gmt":"2024-09-07T12:28:07","guid":{"rendered":"https:\/\/eurorxdrugs.cc\/cs\/?post_type=product&#038;p=1088"},"modified":"2024-09-07T12:38:20","modified_gmt":"2024-09-07T12:38:20","slug":"kamagra-sildenafil","status":"publish","type":"product","link":"https:\/\/eurorxdrugs.cc\/cs\/product\/kamagra-sildenafil\/","title":{"rendered":"Kamagra (Sildenafil)"},"content":{"rendered":"<div style=\"text-align: left;\"><strong>Common use<\/strong><\/div>\n<div style=\"text-align: left;\">\u00a0\u00a0\u00a0\u00a0\u00a0\u00a0\u00a0\u00a0Kamagra is a medication to treat erectile dysfunction in men. This an analogue version of Viagra, or sildenafil citrate, which is used for the treatment of sexual dysfunction in men. Kamagra increases the amount of blood passing to the penis.<\/div>\n<div style=\"text-align: left;\"><\/div>\n<div style=\"text-align: left;\"><strong>Dosage and direction<\/strong><\/div>\n<div style=\"text-align: left;\">\u00a0\u00a0\u00a0\u00a0\u00a0\u00a0\u00a0\u00a0100mg Kamagra dose effects in 45 minutes and last during 4-6 hours.<\/div>\n<div style=\"text-align: left;\"><\/div>\n<div style=\"text-align: left;\"><strong>Precautions<\/strong><\/div>\n<div style=\"text-align: left;\">\u00a0\u00a0\u00a0\u00a0\u00a0\u00a0\u00a0\u00a0Before to take Kamagra to notify your doctor if you suffer from allergies, anaemia, eye diseases, cancer, high blood pressure or low blood pressure, irregular heart rhythm, heart failure, unstable chest pain, certain eye disorders, deformation of the penis or have a history of such conditions or take protease inhibitors for the treatment of HIV. Do not stand up fast from a lying or sitting position. Avoid drinking alcohol as it may worsen side effects. Do not take Kamagra if you have already taken another ED medication. Warn your doctor before to take Kamagra if you use alprostadil (Caverject, Muse, Edex) or yohimbine (Yocon, Yodoxin, others).<\/div>\n<div style=\"text-align: left;\"><\/div>\n<div style=\"text-align: left;\"><strong>Contraindications<\/strong><\/div>\n<div style=\"text-align: left;\">\u00a0\u00a0\u00a0\u00a0\u00a0\u00a0\u00a0\u00a0Kamagra is contraindicated in patients with allergy to the medication or those who are treated with nitrates (such as nitroglycerin). This combination can result in very low blood pressure that can lead to a stroke, a heart attack, or death. Do not take this medication if you are under 18 y.o.<\/div>\n<div style=\"text-align: left;\"><\/div>\n<div style=\"text-align: left;\">\n<div>\n<div><strong>Possible side effect<\/strong><\/div>\n<div><\/div>\n<\/div>\n<div>The most common side effects are:<\/div>\n<div>\u2022 headache<\/div>\n<div>\u2022 flushing<\/div>\n<div>\u2022 heartburn<\/div>\n<div>\u2022 stomach upset<\/div>\n<div>\u2022 nasal stuffiness<\/div>\n<div>\u2022 lightheadedness<\/div>\n<div>\u2022 dizziness or diarrhoea.<\/div>\n<div>\u00a0\u00a0\u00a0\u00a0\u00a0\u00a0\u00a0\u00a0A serious allergic reaction to this drug is very rare, but seek immediate medical help if it occurs. Many people using this medicine do not have serious side effects. In case you notice any side effects not listed above, contact your doctor or pharmacist.<\/div>\n<\/div>\n<div style=\"text-align: left;\"><\/div>\n<div style=\"text-align: left;\"><strong>Drug interactions<\/strong><\/div>\n<div style=\"text-align: left;\">\u00a0\u00a0\u00a0\u00a0\u00a0\u00a0\u00a0\u00a0Kamagra should not be prescribed to patients treated with medications which contain organic nitrates. Kamagra blood levels are raised by erythromycin, ketoconazole, itraconazole and saquinavir. These medications are known to interact with Kamagra: bosentan (Tracleer); cimetidine (Tagamet, Tagamet HB); an antibiotic such as erythromycin (E-Mycin, Eryc, Ery-Tab) or clarithromycin (Biaxin); doxazosin (Cardura), prazosin (Minipress), Terazosin (Hytrin); HIV medicines such as indinavir (Crixivan), amprenavir (Agenerase), darunavir (Prezista), efavirenz (Sustiva), tipranavir (Aptivus), nevirapine (Viramune), saquinavir (Invirase, Fortovase), lopinavir\/ ritonavir (Kaletra), fosamprenavir (Lexiva), ritonavir (Norvir), atazanavir (Reyataz), or nelfinavir (Viracept); an antifungal medication such as itraconazole (Sporanox) or ketoconazole (Nizoral); carbamazepine (Tegretol), phenobarbital (Luminal), or phenytoin (Dilantin); or rifampin (Rifadin, Rimactane) or rifabutin (Mycobutin).<\/div>\n<div style=\"text-align: left;\"><\/div>\n<div style=\"text-align: left;\"><strong>Missed dose<\/strong><\/div>\n<div style=\"text-align: left;\">\u00a0\u00a0\u00a0\u00a0\u00a0\u00a0\u00a0\u00a0Kamagra is taken when needed so a missed dose is not supposed.<\/div>\n<div style=\"text-align: left;\"><\/div>\n<div style=\"text-align: left;\"><strong>Overdose<\/strong><\/div>\n<div style=\"text-align: left;\">\u00a0\u00a0\u00a0\u00a0\u00a0\u00a0\u00a0\u00a0If you overdosed Kamagra you may experience fainting, chest pain, nausea, irregular heartbeat, lightheadedness. Seek for immediate medical help if so.<\/div>\n<div style=\"text-align: left;\"><\/div>\n<div style=\"text-align: left;\"><strong>Storage<\/strong><\/div>\n<div style=\"text-align: left;\">\u00a0\u00a0\u00a0\u00a0\u00a0\u00a0\u00a0\u00a0Store at room temperature away from moisture, sunlight, kids and pets in a tight container.<\/div>\n","protected":false},"excerpt":{"rendered":"<div><b>Commercial Name:<\/b>\u00a0Kamagra<\/div>\n<div><b>Active Ingredient:<\/b>\u00a0Sildenafil<\/div>\n<div><b>Production form:<\/b>\u00a0Pills<\/div>\n<div><b>Utilization:<\/b>\u00a0Treats Premature Ejaculation<\/div>\n<div><b>Action starts:<\/b>\u00a0within 20-60 minutes<\/div>\n<div><b>Effective:<\/b>\u00a0for 4 hours<\/div>\n<div><b>Available Dosage:<\/b>\u00a0100mg<\/div>\n","protected":false},"featured_media":1089,"comment_status":"open","ping_status":"closed","template":"","meta":[],"product_cat":[35],"product_tag":[],"class_list":{"0":"post-1088","1":"product","2":"type-product","3":"status-publish","4":"has-post-thumbnail","6":"product_cat-mens-sexual-health","8":"first","9":"instock","10":"shipping-taxable","11":"product-type-grouped"},"yoast_head":"<!-- This site is optimized with the Yoast SEO plugin v20.0 - https:\/\/yoast.com\/wordpress\/plugins\/seo\/ -->\n<title>Objednejte Kamagra (Sildenafil) bez receptu za n\u00edzkou cenu | Eurorxdrugs<\/title>\n<meta name=\"description\" content=\"Kupte Kamagra (Sildenafil) nyn\u00ed! Origin\u00e1ln\u00ed l\u00e9ky a rychl\u00e9 doru\u010den\u00ed v cen\u011b. 100% diskr\u00e9tn\u00ed a d\u016fv\u011brn\u00fd servis pro v\u0161echny na\u0161e z\u00e1kazn\u00edky na Eurorxdrugs\" \/>\n<meta name=\"robots\" content=\"index, follow, max-snippet:-1, max-image-preview:large, max-video-preview:-1\" \/>\n<link rel=\"canonical\" href=\"https:\/\/eurorxdrugs.cc\/cs\/product\/kamagra-sildenafil\/\" \/>\n<meta property=\"og:locale\" content=\"cs_CZ\" \/>\n<meta property=\"og:type\" content=\"article\" \/>\n<meta property=\"og:title\" content=\"Objednejte Kamagra (Sildenafil) bez receptu za n\u00edzkou cenu | Eurorxdrugs\" \/>\n<meta property=\"og:description\" content=\"Kupte Kamagra (Sildenafil) nyn\u00ed! Origin\u00e1ln\u00ed l\u00e9ky a rychl\u00e9 doru\u010den\u00ed v cen\u011b. 100% diskr\u00e9tn\u00ed a d\u016fv\u011brn\u00fd servis pro v\u0161echny na\u0161e z\u00e1kazn\u00edky na Eurorxdrugs\" \/>\n<meta property=\"og:url\" content=\"https:\/\/eurorxdrugs.cc\/cs\/product\/kamagra-sildenafil\/\" \/>\n<meta property=\"og:site_name\" content=\"eurorxdrugs\" \/>\n<meta property=\"article:modified_time\" content=\"2024-09-07T12:38:20+00:00\" \/>\n<meta property=\"og:image\" content=\"https:\/\/eurorxdrugs.cc\/cs\/wp-content\/uploads\/2024\/09\/64-min.jpg\" \/>\n\t<meta property=\"og:image:width\" content=\"270\" \/>\n\t<meta property=\"og:image:height\" content=\"300\" \/>\n\t<meta property=\"og:image:type\" content=\"image\/jpeg\" \/>\n<meta name=\"twitter:card\" content=\"summary_large_image\" \/>\n<meta name=\"twitter:label1\" content=\"Odhadovan\u00e1 doba \u010dten\u00ed\" \/>\n\t<meta name=\"twitter:data1\" content=\"2 minuty\" \/>\n<script type=\"application\/ld+json\" class=\"yoast-schema-graph\">{\"@context\":\"https:\/\/schema.org\",\"@graph\":[{\"@type\":\"WebPage\",\"@id\":\"https:\/\/eurorxdrugs.cc\/cs\/product\/kamagra-sildenafil\/\",\"url\":\"https:\/\/eurorxdrugs.cc\/cs\/product\/kamagra-sildenafil\/\",\"name\":\"Objednejte Kamagra (Sildenafil) bez receptu za n\u00edzkou cenu | Eurorxdrugs\",\"isPartOf\":{\"@id\":\"https:\/\/eurorxdrugs.cc\/cs\/#website\"},\"datePublished\":\"2024-09-07T12:28:07+00:00\",\"dateModified\":\"2024-09-07T12:38:20+00:00\",\"description\":\"Kupte Kamagra (Sildenafil) nyn\u00ed! Origin\u00e1ln\u00ed l\u00e9ky a rychl\u00e9 doru\u010den\u00ed v cen\u011b. 100% diskr\u00e9tn\u00ed a d\u016fv\u011brn\u00fd servis pro v\u0161echny na\u0161e z\u00e1kazn\u00edky na Eurorxdrugs\",\"breadcrumb\":{\"@id\":\"https:\/\/eurorxdrugs.cc\/cs\/product\/kamagra-sildenafil\/#breadcrumb\"},\"inLanguage\":\"cs\",\"potentialAction\":[{\"@type\":\"ReadAction\",\"target\":[\"https:\/\/eurorxdrugs.cc\/cs\/product\/kamagra-sildenafil\/\"]}]},{\"@type\":\"BreadcrumbList\",\"@id\":\"https:\/\/eurorxdrugs.cc\/cs\/product\/kamagra-sildenafil\/#breadcrumb\",\"itemListElement\":[{\"@type\":\"ListItem\",\"position\":1,\"name\":\"Home\",\"item\":\"https:\/\/eurorxdrugs.cc\/cs\/\"},{\"@type\":\"ListItem\",\"position\":2,\"name\":\"Products\",\"item\":\"https:\/\/eurorxdrugs.cc\/cs\/shop\/\"},{\"@type\":\"ListItem\",\"position\":3,\"name\":\"Kamagra (Sildenafil)\"}]},{\"@type\":\"WebSite\",\"@id\":\"https:\/\/eurorxdrugs.cc\/cs\/#website\",\"url\":\"https:\/\/eurorxdrugs.cc\/cs\/\",\"name\":\"eurorxdrugs\",\"description\":\"\",\"publisher\":{\"@id\":\"https:\/\/eurorxdrugs.cc\/cs\/#organization\"},\"potentialAction\":[{\"@type\":\"SearchAction\",\"target\":{\"@type\":\"EntryPoint\",\"urlTemplate\":\"https:\/\/eurorxdrugs.cc\/cs\/?s={search_term_string}\"},\"query-input\":\"required name=search_term_string\"}],\"inLanguage\":\"cs\"},{\"@type\":\"Organization\",\"@id\":\"https:\/\/eurorxdrugs.cc\/cs\/#organization\",\"name\":\"eurorxdrugs\",\"url\":\"https:\/\/eurorxdrugs.cc\/cs\/\",\"logo\":{\"@type\":\"ImageObject\",\"inLanguage\":\"cs\",\"@id\":\"https:\/\/eurorxdrugs.cc\/cs\/#\/schema\/logo\/image\/\",\"url\":\"https:\/\/eurorxdrugs.cc\/cs\/wp-content\/uploads\/2024\/09\/logo-1-1.png\",\"contentUrl\":\"https:\/\/eurorxdrugs.cc\/cs\/wp-content\/uploads\/2024\/09\/logo-1-1.png\",\"width\":233,\"height\":54,\"caption\":\"eurorxdrugs\"},\"image\":{\"@id\":\"https:\/\/eurorxdrugs.cc\/cs\/#\/schema\/logo\/image\/\"}}]}<\/script>\n<!-- \/ Yoast SEO plugin. -->","yoast_head_json":{"title":"Objednejte Kamagra (Sildenafil) bez receptu za n\u00edzkou cenu | Eurorxdrugs","description":"Kupte Kamagra (Sildenafil) nyn\u00ed! Origin\u00e1ln\u00ed l\u00e9ky a rychl\u00e9 doru\u010den\u00ed v cen\u011b. 100% diskr\u00e9tn\u00ed a d\u016fv\u011brn\u00fd servis pro v\u0161echny na\u0161e z\u00e1kazn\u00edky na Eurorxdrugs","robots":{"index":"index","follow":"follow","max-snippet":"max-snippet:-1","max-image-preview":"max-image-preview:large","max-video-preview":"max-video-preview:-1"},"canonical":"https:\/\/eurorxdrugs.cc\/cs\/product\/kamagra-sildenafil\/","og_locale":"cs_CZ","og_type":"article","og_title":"Objednejte Kamagra (Sildenafil) bez receptu za n\u00edzkou cenu | Eurorxdrugs","og_description":"Kupte Kamagra (Sildenafil) nyn\u00ed! Origin\u00e1ln\u00ed l\u00e9ky a rychl\u00e9 doru\u010den\u00ed v cen\u011b. 100% diskr\u00e9tn\u00ed a d\u016fv\u011brn\u00fd servis pro v\u0161echny na\u0161e z\u00e1kazn\u00edky na Eurorxdrugs","og_url":"https:\/\/eurorxdrugs.cc\/cs\/product\/kamagra-sildenafil\/","og_site_name":"eurorxdrugs","article_modified_time":"2024-09-07T12:38:20+00:00","og_image":[{"width":270,"height":300,"url":"https:\/\/eurorxdrugs.cc\/cs\/wp-content\/uploads\/2024\/09\/64-min.jpg","type":"image\/jpeg"}],"twitter_card":"summary_large_image","twitter_misc":{"Odhadovan\u00e1 doba \u010dten\u00ed":"2 minuty"},"schema":{"@context":"https:\/\/schema.org","@graph":[{"@type":"WebPage","@id":"https:\/\/eurorxdrugs.cc\/cs\/product\/kamagra-sildenafil\/","url":"https:\/\/eurorxdrugs.cc\/cs\/product\/kamagra-sildenafil\/","name":"Objednejte Kamagra (Sildenafil) bez receptu za n\u00edzkou cenu | Eurorxdrugs","isPartOf":{"@id":"https:\/\/eurorxdrugs.cc\/cs\/#website"},"datePublished":"2024-09-07T12:28:07+00:00","dateModified":"2024-09-07T12:38:20+00:00","description":"Kupte Kamagra (Sildenafil) nyn\u00ed! Origin\u00e1ln\u00ed l\u00e9ky a rychl\u00e9 doru\u010den\u00ed v cen\u011b. 100% diskr\u00e9tn\u00ed a d\u016fv\u011brn\u00fd servis pro v\u0161echny na\u0161e z\u00e1kazn\u00edky na Eurorxdrugs","breadcrumb":{"@id":"https:\/\/eurorxdrugs.cc\/cs\/product\/kamagra-sildenafil\/#breadcrumb"},"inLanguage":"cs","potentialAction":[{"@type":"ReadAction","target":["https:\/\/eurorxdrugs.cc\/cs\/product\/kamagra-sildenafil\/"]}]},{"@type":"BreadcrumbList","@id":"https:\/\/eurorxdrugs.cc\/cs\/product\/kamagra-sildenafil\/#breadcrumb","itemListElement":[{"@type":"ListItem","position":1,"name":"Home","item":"https:\/\/eurorxdrugs.cc\/cs\/"},{"@type":"ListItem","position":2,"name":"Products","item":"https:\/\/eurorxdrugs.cc\/cs\/shop\/"},{"@type":"ListItem","position":3,"name":"Kamagra (Sildenafil)"}]},{"@type":"WebSite","@id":"https:\/\/eurorxdrugs.cc\/cs\/#website","url":"https:\/\/eurorxdrugs.cc\/cs\/","name":"eurorxdrugs","description":"","publisher":{"@id":"https:\/\/eurorxdrugs.cc\/cs\/#organization"},"potentialAction":[{"@type":"SearchAction","target":{"@type":"EntryPoint","urlTemplate":"https:\/\/eurorxdrugs.cc\/cs\/?s={search_term_string}"},"query-input":"required name=search_term_string"}],"inLanguage":"cs"},{"@type":"Organization","@id":"https:\/\/eurorxdrugs.cc\/cs\/#organization","name":"eurorxdrugs","url":"https:\/\/eurorxdrugs.cc\/cs\/","logo":{"@type":"ImageObject","inLanguage":"cs","@id":"https:\/\/eurorxdrugs.cc\/cs\/#\/schema\/logo\/image\/","url":"https:\/\/eurorxdrugs.cc\/cs\/wp-content\/uploads\/2024\/09\/logo-1-1.png","contentUrl":"https:\/\/eurorxdrugs.cc\/cs\/wp-content\/uploads\/2024\/09\/logo-1-1.png","width":233,"height":54,"caption":"eurorxdrugs"},"image":{"@id":"https:\/\/eurorxdrugs.cc\/cs\/#\/schema\/logo\/image\/"}}]}},"_links":{"self":[{"href":"https:\/\/eurorxdrugs.cc\/cs\/wp-json\/wp\/v2\/product\/1088","targetHints":{"allow":["GET"]}}],"collection":[{"href":"https:\/\/eurorxdrugs.cc\/cs\/wp-json\/wp\/v2\/product"}],"about":[{"href":"https:\/\/eurorxdrugs.cc\/cs\/wp-json\/wp\/v2\/types\/product"}],"replies":[{"embeddable":true,"href":"https:\/\/eurorxdrugs.cc\/cs\/wp-json\/wp\/v2\/comments?post=1088"}],"wp:featuredmedia":[{"embeddable":true,"href":"https:\/\/eurorxdrugs.cc\/cs\/wp-json\/wp\/v2\/media\/1089"}],"wp:attachment":[{"href":"https:\/\/eurorxdrugs.cc\/cs\/wp-json\/wp\/v2\/media?parent=1088"}],"wp:term":[{"taxonomy":"product_cat","embeddable":true,"href":"https:\/\/eurorxdrugs.cc\/cs\/wp-json\/wp\/v2\/product_cat?post=1088"},{"taxonomy":"product_tag","embeddable":true,"href":"https:\/\/eurorxdrugs.cc\/cs\/wp-json\/wp\/v2\/product_tag?post=1088"}],"curies":[{"name":"wp","href":"https:\/\/api.w.org\/{rel}","templated":true}]}}