{"id":1108,"date":"2024-09-07T12:41:30","date_gmt":"2024-09-07T12:41:30","guid":{"rendered":"https:\/\/eurorxdrugs.cc\/cs\/?post_type=product&#038;p=1108"},"modified":"2024-09-07T12:45:32","modified_gmt":"2024-09-07T12:45:32","slug":"kamagra-gold","status":"publish","type":"product","link":"https:\/\/eurorxdrugs.cc\/cs\/product\/kamagra-gold\/","title":{"rendered":"Kamagra Gold"},"content":{"rendered":"<div style=\"text-align: left;\"><b>Common use<\/b><\/div>\n<div style=\"text-align: left;\">\u00a0\u00a0\u00a0\u00a0\u00a0\u00a0\u00a0\u00a0Kamagra Gold is a medication to treat erectile dysfunction in men. This an analogue version of Viagra, a specific formulation of 100 mg of sildenafil citrate. Kamagra increases the amount of blood passing to the penis making erection possible when there is sexual stimulation. Sildenafil, its main component, inhibits cGMP specific phosphodiesterase type 5, an enzyme that regulates blood flow to the cavernous bodies of the penis.<\/div>\n<div style=\"text-align: left;\"><\/div>\n<div style=\"text-align: left;\"><b>Dosage and direction<\/b><\/div>\n<div style=\"text-align: left;\">\u00a0\u00a0\u00a0\u00a0\u00a0\u00a0\u00a0\u00a0Kamagra Gold is a maximal dose of this medication for 24 hour period while Viagra tablets are of 25, 50 and 100 mg. One tablet of Kamagra Gold contains 100 mg of sildenafil citrate. Take at least 30 minutes before to start sexual activity. Do not exceed 100 mg (one tablet) within a 24-hour period. Fatty or oily meals slow down the absorption of the drug. The drug works only when there are sexual stimulation and excitement. Sildenafil citrate should be used strictly as directed by your physician.<\/div>\n<div style=\"text-align: left;\"><\/div>\n<div style=\"text-align: left;\"><b>Precautions<\/b><\/div>\n<div style=\"text-align: left;\">\u00a0\u00a0\u00a0\u00a0\u00a0\u00a0\u00a0\u00a0Before to take Kamagra Gold to notify your doctor if you have problems with anaemia, high blood pressure or low blood pressure, irregular heart rhythm, heart failure, unstable chest pain, allergies, eye diseases, deformation of the penis, or currently are taking treatment of HIV. Avoid drinking alcohol as it may worsen side effects. Do not take Kamagra Gold together with other ED medication. Warn your doctor before to take Kamagra Gold if you use alprostadil (Caverject, Muse, Edex) or yohimbine (Yocon, Yodoxin, others).<\/div>\n<div style=\"text-align: left;\"><\/div>\n<div style=\"text-align: left;\"><b>Contraindications<\/b><\/div>\n<div style=\"text-align: left;\">\u00a0\u00a0\u00a0\u00a0\u00a0\u00a0\u00a0\u00a0Kamagra Gold cannot be used in patients with allergy to the medication and its components and also in individuals treated with nitrates (such as nitroglycerin). This combination can cause very low blood pressure potentially dangerous to result in a stroke, heart attack, or death. Do not take this medication if you are under 18 y.o.<\/div>\n<div style=\"text-align: left;\"><\/div>\n<div style=\"text-align: left;\"><b>Possible side effect<\/b><\/div>\n<div style=\"text-align: left;\">\u00a0\u00a0\u00a0\u00a0\u00a0\u00a0\u00a0\u00a0Some patients may experience headache, diarrhoea, dizziness, upset stomach, vomiting, nasal congestion. Kamagra Gold can cause a rare but serious condition known as priapism or prolonged erection. Contact your health care provider at once if your erection continues longer than for hours, without immediate medical attention this condition may permanently damage your penis.<\/div>\n<div style=\"text-align: left;\"><\/div>\n<div style=\"text-align: left;\"><b>Drug interaction<\/b><\/div>\n<div style=\"text-align: left;\">\u00a0\u00a0\u00a0\u00a0\u00a0\u00a0\u00a0\u00a0Kamagra Gold should not be prescribed to patients treated with medications which contain organic nitrates. Blood levels of Kamagra Gold are raised by erythromycin, ketoconazole, itraconazole and saquinavir. It has been reported about the interaction between Kamagra Gold and following medications: bosentan (Tracleer); cimetidine (Tagamet, Tagamet HB); an antibiotic such as erythromycin (E-Mycin, Eryc, Ery-Tab) or clarithromycin (Biaxin); doxazosin (Cardura), prazosin (Minipress), Terazosin (Hytrin); HIV medicines such as indinavir (Crixivan), amprenavir (Agenerase), darunavir (Prezista), efavirenz (Sustiva), tipranavir (Aptivus), nevirapine (Viramune), saquinavir (Invirase, Fortovase), lopinavir\/ ritonavir (Kaletra), fosamprenavir (Lexiva), ritonavir (Norvir), atazanavir (Reyataz), or nelfinavir (Viracept); an antifungal medication such as itraconazole (Sporanox) or ketoconazole (Nizoral); carbamazepine (Tegretol), phenobarbital (Luminal), or phenytoin (Dilantin); or rifampin (Rifadin, Rimactane) or rifabutin (Mycobutin).<\/div>\n<div style=\"text-align: left;\"><\/div>\n<div style=\"text-align: left;\"><b>Missed dose<\/b><\/div>\n<div style=\"text-align: left;\">\u00a0\u00a0\u00a0\u00a0\u00a0\u00a0\u00a0\u00a0Take Kamagra Gold when needed but not more than one tablet a day. Regular daily intake should be agreed with your physician.<\/div>\n<div style=\"text-align: left;\"><\/div>\n<div style=\"text-align: left;\"><b>Overdose<\/b><\/div>\n<div style=\"text-align: left;\">\u00a0\u00a0\u00a0\u00a0\u00a0\u00a0\u00a0\u00a0Erection which is longer than four hours can be a sign of overdose. If you experience severe fainting, chest pain, nausea, irregular heartbeat, lightheadedness during sex after taking Kamagra Gold contact your doctor as you may need immediate medical help.<\/div>\n<div style=\"text-align: left;\"><\/div>\n<div style=\"text-align: left;\"><b>Storage<\/b><\/div>\n<div style=\"text-align: left;\">\u00a0\u00a0\u00a0\u00a0\u00a0\u00a0\u00a0\u00a0Store at room temperature, below 25 C (77 F) and out of reach and children and pets.<\/div>\n<div><\/div>\n","protected":false},"excerpt":{"rendered":"<div><b>Commercial name:<\/b>\u00a0Kamagra Gold<\/div>\n<div><b>Active component:<\/b>\u00a0Sildenafil<\/div>\n<div><b>Production form:<\/b>\u00a0Pills<\/div>\n<div><b>Uses:\u00a0<\/b>enhance erection<\/div>\n<div><b>Action starts:\u00a0<\/b>within 30-60 minutes<\/div>\n<div><b>Effective:<\/b>\u00a0for 4 hours<\/div>\n<div><b>Dose:\u00a0<\/b>100 mg<\/div>\n","protected":false},"featured_media":1109,"comment_status":"open","ping_status":"closed","template":"","meta":[],"product_cat":[35],"product_tag":[],"class_list":{"0":"post-1108","1":"product","2":"type-product","3":"status-publish","4":"has-post-thumbnail","6":"product_cat-mens-sexual-health","8":"first","9":"instock","10":"shipping-taxable","11":"product-type-grouped"},"yoast_head":"<!-- This site is optimized with the Yoast SEO plugin v20.0 - https:\/\/yoast.com\/wordpress\/plugins\/seo\/ -->\n<title>Objednejte Kamagra Gold bez receptu za n\u00edzkou cenu | Eurorxdrugs<\/title>\n<meta name=\"description\" content=\"Kupte Kamagra Gold nyn\u00ed! Origin\u00e1ln\u00ed l\u00e9ky a rychl\u00e9 doru\u010den\u00ed v cen\u011b. 100% diskr\u00e9tn\u00ed a d\u016fv\u011brn\u00fd servis pro v\u0161echny na\u0161e z\u00e1kazn\u00edky na Eurorxdrugs\" \/>\n<meta name=\"robots\" content=\"index, follow, max-snippet:-1, max-image-preview:large, max-video-preview:-1\" \/>\n<link rel=\"canonical\" href=\"https:\/\/eurorxdrugs.cc\/cs\/product\/kamagra-gold\/\" \/>\n<meta property=\"og:locale\" content=\"cs_CZ\" \/>\n<meta property=\"og:type\" content=\"article\" \/>\n<meta property=\"og:title\" content=\"Objednejte Kamagra Gold bez receptu za n\u00edzkou cenu | Eurorxdrugs\" \/>\n<meta property=\"og:description\" content=\"Kupte Kamagra Gold nyn\u00ed! Origin\u00e1ln\u00ed l\u00e9ky a rychl\u00e9 doru\u010den\u00ed v cen\u011b. 100% diskr\u00e9tn\u00ed a d\u016fv\u011brn\u00fd servis pro v\u0161echny na\u0161e z\u00e1kazn\u00edky na Eurorxdrugs\" \/>\n<meta property=\"og:url\" content=\"https:\/\/eurorxdrugs.cc\/cs\/product\/kamagra-gold\/\" \/>\n<meta property=\"og:site_name\" content=\"eurorxdrugs\" \/>\n<meta property=\"article:modified_time\" content=\"2024-09-07T12:45:32+00:00\" \/>\n<meta property=\"og:image\" content=\"https:\/\/eurorxdrugs.cc\/cs\/wp-content\/uploads\/2024\/09\/311-min.jpg\" \/>\n\t<meta property=\"og:image:width\" content=\"270\" \/>\n\t<meta property=\"og:image:height\" content=\"300\" \/>\n\t<meta property=\"og:image:type\" content=\"image\/jpeg\" \/>\n<meta name=\"twitter:card\" content=\"summary_large_image\" \/>\n<meta name=\"twitter:label1\" content=\"Odhadovan\u00e1 doba \u010dten\u00ed\" \/>\n\t<meta name=\"twitter:data1\" content=\"3 minuty\" \/>\n<script type=\"application\/ld+json\" class=\"yoast-schema-graph\">{\"@context\":\"https:\/\/schema.org\",\"@graph\":[{\"@type\":\"WebPage\",\"@id\":\"https:\/\/eurorxdrugs.cc\/cs\/product\/kamagra-gold\/\",\"url\":\"https:\/\/eurorxdrugs.cc\/cs\/product\/kamagra-gold\/\",\"name\":\"Objednejte Kamagra Gold bez receptu za n\u00edzkou cenu | Eurorxdrugs\",\"isPartOf\":{\"@id\":\"https:\/\/eurorxdrugs.cc\/cs\/#website\"},\"datePublished\":\"2024-09-07T12:41:30+00:00\",\"dateModified\":\"2024-09-07T12:45:32+00:00\",\"description\":\"Kupte Kamagra Gold nyn\u00ed! Origin\u00e1ln\u00ed l\u00e9ky a rychl\u00e9 doru\u010den\u00ed v cen\u011b. 100% diskr\u00e9tn\u00ed a d\u016fv\u011brn\u00fd servis pro v\u0161echny na\u0161e z\u00e1kazn\u00edky na Eurorxdrugs\",\"breadcrumb\":{\"@id\":\"https:\/\/eurorxdrugs.cc\/cs\/product\/kamagra-gold\/#breadcrumb\"},\"inLanguage\":\"cs\",\"potentialAction\":[{\"@type\":\"ReadAction\",\"target\":[\"https:\/\/eurorxdrugs.cc\/cs\/product\/kamagra-gold\/\"]}]},{\"@type\":\"BreadcrumbList\",\"@id\":\"https:\/\/eurorxdrugs.cc\/cs\/product\/kamagra-gold\/#breadcrumb\",\"itemListElement\":[{\"@type\":\"ListItem\",\"position\":1,\"name\":\"Home\",\"item\":\"https:\/\/eurorxdrugs.cc\/cs\/\"},{\"@type\":\"ListItem\",\"position\":2,\"name\":\"Products\",\"item\":\"https:\/\/eurorxdrugs.cc\/cs\/shop\/\"},{\"@type\":\"ListItem\",\"position\":3,\"name\":\"Kamagra Gold\"}]},{\"@type\":\"WebSite\",\"@id\":\"https:\/\/eurorxdrugs.cc\/cs\/#website\",\"url\":\"https:\/\/eurorxdrugs.cc\/cs\/\",\"name\":\"eurorxdrugs\",\"description\":\"\",\"publisher\":{\"@id\":\"https:\/\/eurorxdrugs.cc\/cs\/#organization\"},\"potentialAction\":[{\"@type\":\"SearchAction\",\"target\":{\"@type\":\"EntryPoint\",\"urlTemplate\":\"https:\/\/eurorxdrugs.cc\/cs\/?s={search_term_string}\"},\"query-input\":\"required name=search_term_string\"}],\"inLanguage\":\"cs\"},{\"@type\":\"Organization\",\"@id\":\"https:\/\/eurorxdrugs.cc\/cs\/#organization\",\"name\":\"eurorxdrugs\",\"url\":\"https:\/\/eurorxdrugs.cc\/cs\/\",\"logo\":{\"@type\":\"ImageObject\",\"inLanguage\":\"cs\",\"@id\":\"https:\/\/eurorxdrugs.cc\/cs\/#\/schema\/logo\/image\/\",\"url\":\"https:\/\/eurorxdrugs.cc\/cs\/wp-content\/uploads\/2024\/09\/logo-1-1.png\",\"contentUrl\":\"https:\/\/eurorxdrugs.cc\/cs\/wp-content\/uploads\/2024\/09\/logo-1-1.png\",\"width\":233,\"height\":54,\"caption\":\"eurorxdrugs\"},\"image\":{\"@id\":\"https:\/\/eurorxdrugs.cc\/cs\/#\/schema\/logo\/image\/\"}}]}<\/script>\n<!-- \/ Yoast SEO plugin. -->","yoast_head_json":{"title":"Objednejte Kamagra Gold bez receptu za n\u00edzkou cenu | Eurorxdrugs","description":"Kupte Kamagra Gold nyn\u00ed! Origin\u00e1ln\u00ed l\u00e9ky a rychl\u00e9 doru\u010den\u00ed v cen\u011b. 100% diskr\u00e9tn\u00ed a d\u016fv\u011brn\u00fd servis pro v\u0161echny na\u0161e z\u00e1kazn\u00edky na Eurorxdrugs","robots":{"index":"index","follow":"follow","max-snippet":"max-snippet:-1","max-image-preview":"max-image-preview:large","max-video-preview":"max-video-preview:-1"},"canonical":"https:\/\/eurorxdrugs.cc\/cs\/product\/kamagra-gold\/","og_locale":"cs_CZ","og_type":"article","og_title":"Objednejte Kamagra Gold bez receptu za n\u00edzkou cenu | Eurorxdrugs","og_description":"Kupte Kamagra Gold nyn\u00ed! Origin\u00e1ln\u00ed l\u00e9ky a rychl\u00e9 doru\u010den\u00ed v cen\u011b. 100% diskr\u00e9tn\u00ed a d\u016fv\u011brn\u00fd servis pro v\u0161echny na\u0161e z\u00e1kazn\u00edky na Eurorxdrugs","og_url":"https:\/\/eurorxdrugs.cc\/cs\/product\/kamagra-gold\/","og_site_name":"eurorxdrugs","article_modified_time":"2024-09-07T12:45:32+00:00","og_image":[{"width":270,"height":300,"url":"https:\/\/eurorxdrugs.cc\/cs\/wp-content\/uploads\/2024\/09\/311-min.jpg","type":"image\/jpeg"}],"twitter_card":"summary_large_image","twitter_misc":{"Odhadovan\u00e1 doba \u010dten\u00ed":"3 minuty"},"schema":{"@context":"https:\/\/schema.org","@graph":[{"@type":"WebPage","@id":"https:\/\/eurorxdrugs.cc\/cs\/product\/kamagra-gold\/","url":"https:\/\/eurorxdrugs.cc\/cs\/product\/kamagra-gold\/","name":"Objednejte Kamagra Gold bez receptu za n\u00edzkou cenu | Eurorxdrugs","isPartOf":{"@id":"https:\/\/eurorxdrugs.cc\/cs\/#website"},"datePublished":"2024-09-07T12:41:30+00:00","dateModified":"2024-09-07T12:45:32+00:00","description":"Kupte Kamagra Gold nyn\u00ed! Origin\u00e1ln\u00ed l\u00e9ky a rychl\u00e9 doru\u010den\u00ed v cen\u011b. 100% diskr\u00e9tn\u00ed a d\u016fv\u011brn\u00fd servis pro v\u0161echny na\u0161e z\u00e1kazn\u00edky na Eurorxdrugs","breadcrumb":{"@id":"https:\/\/eurorxdrugs.cc\/cs\/product\/kamagra-gold\/#breadcrumb"},"inLanguage":"cs","potentialAction":[{"@type":"ReadAction","target":["https:\/\/eurorxdrugs.cc\/cs\/product\/kamagra-gold\/"]}]},{"@type":"BreadcrumbList","@id":"https:\/\/eurorxdrugs.cc\/cs\/product\/kamagra-gold\/#breadcrumb","itemListElement":[{"@type":"ListItem","position":1,"name":"Home","item":"https:\/\/eurorxdrugs.cc\/cs\/"},{"@type":"ListItem","position":2,"name":"Products","item":"https:\/\/eurorxdrugs.cc\/cs\/shop\/"},{"@type":"ListItem","position":3,"name":"Kamagra Gold"}]},{"@type":"WebSite","@id":"https:\/\/eurorxdrugs.cc\/cs\/#website","url":"https:\/\/eurorxdrugs.cc\/cs\/","name":"eurorxdrugs","description":"","publisher":{"@id":"https:\/\/eurorxdrugs.cc\/cs\/#organization"},"potentialAction":[{"@type":"SearchAction","target":{"@type":"EntryPoint","urlTemplate":"https:\/\/eurorxdrugs.cc\/cs\/?s={search_term_string}"},"query-input":"required name=search_term_string"}],"inLanguage":"cs"},{"@type":"Organization","@id":"https:\/\/eurorxdrugs.cc\/cs\/#organization","name":"eurorxdrugs","url":"https:\/\/eurorxdrugs.cc\/cs\/","logo":{"@type":"ImageObject","inLanguage":"cs","@id":"https:\/\/eurorxdrugs.cc\/cs\/#\/schema\/logo\/image\/","url":"https:\/\/eurorxdrugs.cc\/cs\/wp-content\/uploads\/2024\/09\/logo-1-1.png","contentUrl":"https:\/\/eurorxdrugs.cc\/cs\/wp-content\/uploads\/2024\/09\/logo-1-1.png","width":233,"height":54,"caption":"eurorxdrugs"},"image":{"@id":"https:\/\/eurorxdrugs.cc\/cs\/#\/schema\/logo\/image\/"}}]}},"_links":{"self":[{"href":"https:\/\/eurorxdrugs.cc\/cs\/wp-json\/wp\/v2\/product\/1108","targetHints":{"allow":["GET"]}}],"collection":[{"href":"https:\/\/eurorxdrugs.cc\/cs\/wp-json\/wp\/v2\/product"}],"about":[{"href":"https:\/\/eurorxdrugs.cc\/cs\/wp-json\/wp\/v2\/types\/product"}],"replies":[{"embeddable":true,"href":"https:\/\/eurorxdrugs.cc\/cs\/wp-json\/wp\/v2\/comments?post=1108"}],"wp:featuredmedia":[{"embeddable":true,"href":"https:\/\/eurorxdrugs.cc\/cs\/wp-json\/wp\/v2\/media\/1109"}],"wp:attachment":[{"href":"https:\/\/eurorxdrugs.cc\/cs\/wp-json\/wp\/v2\/media?parent=1108"}],"wp:term":[{"taxonomy":"product_cat","embeddable":true,"href":"https:\/\/eurorxdrugs.cc\/cs\/wp-json\/wp\/v2\/product_cat?post=1108"},{"taxonomy":"product_tag","embeddable":true,"href":"https:\/\/eurorxdrugs.cc\/cs\/wp-json\/wp\/v2\/product_tag?post=1108"}],"curies":[{"name":"wp","href":"https:\/\/api.w.org\/{rel}","templated":true}]}}