{"id":1394,"date":"2024-09-07T18:13:02","date_gmt":"2024-09-07T18:13:02","guid":{"rendered":"https:\/\/eurorxdrugs.cc\/cs\/?post_type=product&#038;p=1394"},"modified":"2024-09-07T18:23:44","modified_gmt":"2024-09-07T18:23:44","slug":"nexium-esomeprazole","status":"publish","type":"product","link":"https:\/\/eurorxdrugs.cc\/cs\/product\/nexium-esomeprazole\/","title":{"rendered":"Nexium (Esomeprazole)"},"content":{"rendered":"<div style=\"text-align: left;\"><b>Common use<\/b><\/div>\n<div style=\"text-align: left;\">\u00a0\u00a0\u00a0\u00a0\u00a0\u00a0\u00a0\u00a0Nexium is a specific inhibitor of a proton pump (PPIs) of the parietal cells of the mucous layer of the stomach. It is a form of Prilosec (Omeprazole). It is accumulated and transformed into an active form in the secretory tubules where it inhibits the secretion of hydrochloric acid. Nexium is used to treat gastroesophageal reflux disease (GERD), Zollinger-Ellison syndrome, promote healing of erosive esophagitis, eradication of Helicobacter pylori together with antibiotics, preventive therapy of ulcers after treatment with anti-inflammatory non-steroid medications.<\/div>\n<div style=\"text-align: left;\"><\/div>\n<div style=\"text-align: left;\"><b>Dosage and directions<\/b><\/div>\n<div style=\"text-align: left;\">\u00a0\u00a0\u00a0\u00a0\u00a0\u00a0\u00a0\u00a0To treat GERD, 20 or 40 mg of Nexium is given once daily during 4-8 weeks. Treatment of conditions caused by H. pylori requires 40 mg of Nexium administered once daily in combination with amoxicillin and clarithromycin during 10 days. Take Nexium capsules one hour before a meal, do not chew or crush them, swallow them whole.<\/div>\n<div style=\"text-align: left;\"><\/div>\n<div style=\"text-align: left;\"><b>Precautions<\/b><\/div>\n<div style=\"text-align: left;\">\u00a0\u00a0\u00a0\u00a0\u00a0\u00a0\u00a0\u00a0Before to take Nexium notify your doctor if you have any liver or kidney diseases. If your condition requires treatment with Nexium and antibiotics follow all instructions of your doctor to achieve the best results. Do not stop taking this medication even if your symptoms improved as your illness may not be completely treated. If you are pregnant, plan to become pregnant or breastfeeding consults your physician about it before to take this medication.<\/div>\n<div style=\"text-align: left;\"><\/div>\n<div style=\"text-align: left;\"><b>Contraindications<\/b><\/div>\n<div style=\"text-align: left;\">\u00a0\u00a0\u00a0\u00a0\u00a0\u00a0\u00a0\u00a0In children younger than 12 y.o., hypersensitivity to Nexium or to any other benzimidazole medication such as mebendazole (Vermox) and albendazole (Albenza), and in patients treated with atazanavir.<\/div>\n<div style=\"text-align: left;\"><\/div>\n<div style=\"text-align: left;\"><b>Possible side effect<\/b><\/div>\n<div style=\"text-align: left;\">\u00a0\u00a0\u00a0\u00a0\u00a0\u00a0\u00a0\u00a0Together with signs of allergy like hives, swelling of throat and face, rash patients may experience headache, diarrhoea, nausea, abdominal pain, flatulence (gas), constipation, or dry mouth. Notify your doctor if you think that you took too much of this medication.<\/div>\n<div style=\"text-align: left;\"><\/div>\n<div style=\"text-align: left;\"><b>Drug interaction<\/b><\/div>\n<div style=\"text-align: left;\">\u00a0\u00a0\u00a0\u00a0\u00a0\u00a0\u00a0\u00a0Nexium increases blood levels of diazepam (Valium) by decreasing the elimination of diazepam in the liver. Nexium and other PPIs reduce the absorption and concentration in blood of ketoconazole (Nizoral) and increase the absorption and concentration in blood of digoxin (Lanoxin). Co-administration of Nexium with Clarithromycin increaes area under the plasma concentration-time curve (AUC) of the first. Nexium may slow down the metabolism of such medications: citalopram, diazepam, clomipramine, phenytoin, imipramine. Consequently, their dose should be corrected.<\/div>\n<div style=\"text-align: left;\"><\/div>\n<div style=\"text-align: left;\"><b>Missed dose<\/b><\/div>\n<div style=\"text-align: left;\">\u00a0\u00a0\u00a0\u00a0\u00a0\u00a0\u00a0\u00a0If you missed a dose take it the soonest. If it is almost time of your next dose just skip it and return to your regular dosage schedule. Never double dose this medication to compensate for the missed dose.<\/div>\n<div style=\"text-align: left;\"><\/div>\n<div style=\"text-align: left;\"><b>Overdose<\/b><\/div>\n<div style=\"text-align: left;\">\u00a0\u00a0\u00a0\u00a0\u00a0\u00a0\u00a0\u00a0If overdose of Nexium was taken the following symptoms occur: confusion, headache, drowsiness, blurred vision, rapid heartbeat, nausea, xerostomia (dry mouth), sweating, flushing, shallow breathing or shortness of breath, tremor, coordination disorders, or seizure. If you suppose that took too much of the drug to inform your doctor about it as you may need immediate medical help.<\/div>\n<div style=\"text-align: left;\"><b>\u00a0<\/b><\/div>\n<div style=\"text-align: left;\"><b>Storage<\/b><\/div>\n<div style=\"text-align: left;\">\u00a0\u00a0\u00a0\u00a0\u00a0\u00a0\u00a0\u00a0Store at room temperature between 59-77 F (15-25 C) away from light and moisture, kids and pets.<\/div>\n","protected":false},"excerpt":{"rendered":"<div><b>Commercial Name:<\/b>\u00a0Nexium<\/div>\n<div><b>Principal Ingredient:<\/b>\u00a0Esomeprazole<\/div>\n<div><b>Production form:<\/b>\u00a0Pills<\/div>\n<div><b>Utilization:<\/b>\u00a0Treats gastro-oesophageal reflux\/the stomach ulcers<\/div>\n<div><b>Available Dosage:<\/b>\u00a020mg and 40mg<\/div>\n","protected":false},"featured_media":1395,"comment_status":"open","ping_status":"closed","template":"","meta":[],"product_cat":[41],"product_tag":[],"class_list":{"0":"post-1394","1":"product","2":"type-product","3":"status-publish","4":"has-post-thumbnail","6":"product_cat-digestive-health-nausea","8":"first","9":"instock","10":"shipping-taxable","11":"product-type-grouped"},"yoast_head":"<!-- This site is optimized with the Yoast SEO plugin v20.0 - https:\/\/yoast.com\/wordpress\/plugins\/seo\/ -->\n<title>Objednejte Nexium (Esomeprazole) bez receptu za n\u00edzkou cenu | Eurorxdrugs<\/title>\n<meta name=\"description\" content=\"Kupte Nexium (Esomeprazole) nyn\u00ed! Origin\u00e1ln\u00ed l\u00e9ky a rychl\u00e9 doru\u010den\u00ed v cen\u011b. 100% diskr\u00e9tn\u00ed a d\u016fv\u011brn\u00fd servis pro v\u0161echny na\u0161e z\u00e1kazn\u00edky na Eurorxdrugs\" \/>\n<meta name=\"robots\" content=\"index, follow, max-snippet:-1, max-image-preview:large, max-video-preview:-1\" \/>\n<link rel=\"canonical\" href=\"https:\/\/eurorxdrugs.cc\/cs\/product\/nexium-esomeprazole\/\" \/>\n<meta property=\"og:locale\" content=\"cs_CZ\" \/>\n<meta property=\"og:type\" content=\"article\" \/>\n<meta property=\"og:title\" content=\"Objednejte Nexium (Esomeprazole) bez receptu za n\u00edzkou cenu | Eurorxdrugs\" \/>\n<meta property=\"og:description\" content=\"Kupte Nexium (Esomeprazole) nyn\u00ed! Origin\u00e1ln\u00ed l\u00e9ky a rychl\u00e9 doru\u010den\u00ed v cen\u011b. 100% diskr\u00e9tn\u00ed a d\u016fv\u011brn\u00fd servis pro v\u0161echny na\u0161e z\u00e1kazn\u00edky na Eurorxdrugs\" \/>\n<meta property=\"og:url\" content=\"https:\/\/eurorxdrugs.cc\/cs\/product\/nexium-esomeprazole\/\" \/>\n<meta property=\"og:site_name\" content=\"eurorxdrugs\" \/>\n<meta property=\"article:modified_time\" content=\"2024-09-07T18:23:44+00:00\" \/>\n<meta property=\"og:image\" content=\"https:\/\/eurorxdrugs.cc\/cs\/wp-content\/uploads\/2024\/09\/41-min.jpg\" \/>\n\t<meta property=\"og:image:width\" content=\"270\" \/>\n\t<meta property=\"og:image:height\" content=\"300\" \/>\n\t<meta property=\"og:image:type\" content=\"image\/jpeg\" \/>\n<meta name=\"twitter:card\" content=\"summary_large_image\" \/>\n<meta name=\"twitter:label1\" content=\"Odhadovan\u00e1 doba \u010dten\u00ed\" \/>\n\t<meta name=\"twitter:data1\" content=\"2 minuty\" \/>\n<script type=\"application\/ld+json\" class=\"yoast-schema-graph\">{\"@context\":\"https:\/\/schema.org\",\"@graph\":[{\"@type\":\"WebPage\",\"@id\":\"https:\/\/eurorxdrugs.cc\/cs\/product\/nexium-esomeprazole\/\",\"url\":\"https:\/\/eurorxdrugs.cc\/cs\/product\/nexium-esomeprazole\/\",\"name\":\"Objednejte Nexium (Esomeprazole) bez receptu za n\u00edzkou cenu | Eurorxdrugs\",\"isPartOf\":{\"@id\":\"https:\/\/eurorxdrugs.cc\/cs\/#website\"},\"datePublished\":\"2024-09-07T18:13:02+00:00\",\"dateModified\":\"2024-09-07T18:23:44+00:00\",\"description\":\"Kupte Nexium (Esomeprazole) nyn\u00ed! Origin\u00e1ln\u00ed l\u00e9ky a rychl\u00e9 doru\u010den\u00ed v cen\u011b. 100% diskr\u00e9tn\u00ed a d\u016fv\u011brn\u00fd servis pro v\u0161echny na\u0161e z\u00e1kazn\u00edky na Eurorxdrugs\",\"breadcrumb\":{\"@id\":\"https:\/\/eurorxdrugs.cc\/cs\/product\/nexium-esomeprazole\/#breadcrumb\"},\"inLanguage\":\"cs\",\"potentialAction\":[{\"@type\":\"ReadAction\",\"target\":[\"https:\/\/eurorxdrugs.cc\/cs\/product\/nexium-esomeprazole\/\"]}]},{\"@type\":\"BreadcrumbList\",\"@id\":\"https:\/\/eurorxdrugs.cc\/cs\/product\/nexium-esomeprazole\/#breadcrumb\",\"itemListElement\":[{\"@type\":\"ListItem\",\"position\":1,\"name\":\"Home\",\"item\":\"https:\/\/eurorxdrugs.cc\/cs\/\"},{\"@type\":\"ListItem\",\"position\":2,\"name\":\"Products\",\"item\":\"https:\/\/eurorxdrugs.cc\/cs\/shop\/\"},{\"@type\":\"ListItem\",\"position\":3,\"name\":\"Nexium (Esomeprazole)\"}]},{\"@type\":\"WebSite\",\"@id\":\"https:\/\/eurorxdrugs.cc\/cs\/#website\",\"url\":\"https:\/\/eurorxdrugs.cc\/cs\/\",\"name\":\"eurorxdrugs\",\"description\":\"\",\"publisher\":{\"@id\":\"https:\/\/eurorxdrugs.cc\/cs\/#organization\"},\"potentialAction\":[{\"@type\":\"SearchAction\",\"target\":{\"@type\":\"EntryPoint\",\"urlTemplate\":\"https:\/\/eurorxdrugs.cc\/cs\/?s={search_term_string}\"},\"query-input\":\"required name=search_term_string\"}],\"inLanguage\":\"cs\"},{\"@type\":\"Organization\",\"@id\":\"https:\/\/eurorxdrugs.cc\/cs\/#organization\",\"name\":\"eurorxdrugs\",\"url\":\"https:\/\/eurorxdrugs.cc\/cs\/\",\"logo\":{\"@type\":\"ImageObject\",\"inLanguage\":\"cs\",\"@id\":\"https:\/\/eurorxdrugs.cc\/cs\/#\/schema\/logo\/image\/\",\"url\":\"https:\/\/eurorxdrugs.cc\/cs\/wp-content\/uploads\/2024\/09\/logo-1-1.png\",\"contentUrl\":\"https:\/\/eurorxdrugs.cc\/cs\/wp-content\/uploads\/2024\/09\/logo-1-1.png\",\"width\":233,\"height\":54,\"caption\":\"eurorxdrugs\"},\"image\":{\"@id\":\"https:\/\/eurorxdrugs.cc\/cs\/#\/schema\/logo\/image\/\"}}]}<\/script>\n<!-- \/ Yoast SEO plugin. -->","yoast_head_json":{"title":"Objednejte Nexium (Esomeprazole) bez receptu za n\u00edzkou cenu | Eurorxdrugs","description":"Kupte Nexium (Esomeprazole) nyn\u00ed! Origin\u00e1ln\u00ed l\u00e9ky a rychl\u00e9 doru\u010den\u00ed v cen\u011b. 100% diskr\u00e9tn\u00ed a d\u016fv\u011brn\u00fd servis pro v\u0161echny na\u0161e z\u00e1kazn\u00edky na Eurorxdrugs","robots":{"index":"index","follow":"follow","max-snippet":"max-snippet:-1","max-image-preview":"max-image-preview:large","max-video-preview":"max-video-preview:-1"},"canonical":"https:\/\/eurorxdrugs.cc\/cs\/product\/nexium-esomeprazole\/","og_locale":"cs_CZ","og_type":"article","og_title":"Objednejte Nexium (Esomeprazole) bez receptu za n\u00edzkou cenu | Eurorxdrugs","og_description":"Kupte Nexium (Esomeprazole) nyn\u00ed! Origin\u00e1ln\u00ed l\u00e9ky a rychl\u00e9 doru\u010den\u00ed v cen\u011b. 100% diskr\u00e9tn\u00ed a d\u016fv\u011brn\u00fd servis pro v\u0161echny na\u0161e z\u00e1kazn\u00edky na Eurorxdrugs","og_url":"https:\/\/eurorxdrugs.cc\/cs\/product\/nexium-esomeprazole\/","og_site_name":"eurorxdrugs","article_modified_time":"2024-09-07T18:23:44+00:00","og_image":[{"width":270,"height":300,"url":"https:\/\/eurorxdrugs.cc\/cs\/wp-content\/uploads\/2024\/09\/41-min.jpg","type":"image\/jpeg"}],"twitter_card":"summary_large_image","twitter_misc":{"Odhadovan\u00e1 doba \u010dten\u00ed":"2 minuty"},"schema":{"@context":"https:\/\/schema.org","@graph":[{"@type":"WebPage","@id":"https:\/\/eurorxdrugs.cc\/cs\/product\/nexium-esomeprazole\/","url":"https:\/\/eurorxdrugs.cc\/cs\/product\/nexium-esomeprazole\/","name":"Objednejte Nexium (Esomeprazole) bez receptu za n\u00edzkou cenu | Eurorxdrugs","isPartOf":{"@id":"https:\/\/eurorxdrugs.cc\/cs\/#website"},"datePublished":"2024-09-07T18:13:02+00:00","dateModified":"2024-09-07T18:23:44+00:00","description":"Kupte Nexium (Esomeprazole) nyn\u00ed! Origin\u00e1ln\u00ed l\u00e9ky a rychl\u00e9 doru\u010den\u00ed v cen\u011b. 100% diskr\u00e9tn\u00ed a d\u016fv\u011brn\u00fd servis pro v\u0161echny na\u0161e z\u00e1kazn\u00edky na Eurorxdrugs","breadcrumb":{"@id":"https:\/\/eurorxdrugs.cc\/cs\/product\/nexium-esomeprazole\/#breadcrumb"},"inLanguage":"cs","potentialAction":[{"@type":"ReadAction","target":["https:\/\/eurorxdrugs.cc\/cs\/product\/nexium-esomeprazole\/"]}]},{"@type":"BreadcrumbList","@id":"https:\/\/eurorxdrugs.cc\/cs\/product\/nexium-esomeprazole\/#breadcrumb","itemListElement":[{"@type":"ListItem","position":1,"name":"Home","item":"https:\/\/eurorxdrugs.cc\/cs\/"},{"@type":"ListItem","position":2,"name":"Products","item":"https:\/\/eurorxdrugs.cc\/cs\/shop\/"},{"@type":"ListItem","position":3,"name":"Nexium (Esomeprazole)"}]},{"@type":"WebSite","@id":"https:\/\/eurorxdrugs.cc\/cs\/#website","url":"https:\/\/eurorxdrugs.cc\/cs\/","name":"eurorxdrugs","description":"","publisher":{"@id":"https:\/\/eurorxdrugs.cc\/cs\/#organization"},"potentialAction":[{"@type":"SearchAction","target":{"@type":"EntryPoint","urlTemplate":"https:\/\/eurorxdrugs.cc\/cs\/?s={search_term_string}"},"query-input":"required name=search_term_string"}],"inLanguage":"cs"},{"@type":"Organization","@id":"https:\/\/eurorxdrugs.cc\/cs\/#organization","name":"eurorxdrugs","url":"https:\/\/eurorxdrugs.cc\/cs\/","logo":{"@type":"ImageObject","inLanguage":"cs","@id":"https:\/\/eurorxdrugs.cc\/cs\/#\/schema\/logo\/image\/","url":"https:\/\/eurorxdrugs.cc\/cs\/wp-content\/uploads\/2024\/09\/logo-1-1.png","contentUrl":"https:\/\/eurorxdrugs.cc\/cs\/wp-content\/uploads\/2024\/09\/logo-1-1.png","width":233,"height":54,"caption":"eurorxdrugs"},"image":{"@id":"https:\/\/eurorxdrugs.cc\/cs\/#\/schema\/logo\/image\/"}}]}},"_links":{"self":[{"href":"https:\/\/eurorxdrugs.cc\/cs\/wp-json\/wp\/v2\/product\/1394","targetHints":{"allow":["GET"]}}],"collection":[{"href":"https:\/\/eurorxdrugs.cc\/cs\/wp-json\/wp\/v2\/product"}],"about":[{"href":"https:\/\/eurorxdrugs.cc\/cs\/wp-json\/wp\/v2\/types\/product"}],"replies":[{"embeddable":true,"href":"https:\/\/eurorxdrugs.cc\/cs\/wp-json\/wp\/v2\/comments?post=1394"}],"wp:featuredmedia":[{"embeddable":true,"href":"https:\/\/eurorxdrugs.cc\/cs\/wp-json\/wp\/v2\/media\/1395"}],"wp:attachment":[{"href":"https:\/\/eurorxdrugs.cc\/cs\/wp-json\/wp\/v2\/media?parent=1394"}],"wp:term":[{"taxonomy":"product_cat","embeddable":true,"href":"https:\/\/eurorxdrugs.cc\/cs\/wp-json\/wp\/v2\/product_cat?post=1394"},{"taxonomy":"product_tag","embeddable":true,"href":"https:\/\/eurorxdrugs.cc\/cs\/wp-json\/wp\/v2\/product_tag?post=1394"}],"curies":[{"name":"wp","href":"https:\/\/api.w.org\/{rel}","templated":true}]}}