{"id":140,"date":"2024-09-06T09:08:45","date_gmt":"2024-09-06T09:08:45","guid":{"rendered":"https:\/\/eurorxdrugs.cc\/cs\/?post_type=product&#038;p=140"},"modified":"2024-09-06T09:23:45","modified_gmt":"2024-09-06T09:23:45","slug":"abilify-aripiprazole","status":"publish","type":"product","link":"https:\/\/eurorxdrugs.cc\/cs\/product\/abilify-aripiprazole\/","title":{"rendered":"Abilify (Aripiprazole)"},"content":{"rendered":"<h2><b>Abilify: Comprehensive Information<\/b><\/h2>\n<h3><b>Common Use<\/b><\/h3>\n<p>Abilify is an add-on medication used for the treatment of\u00a0<b>major depressive disorder<\/b>,\u00a0<b>schizophrenia<\/b>,\u00a0<b>manic and mixed episodes associated with bipolar disorder<\/b>\u00a0in adults, children, and adolescents, as well as\u00a0<b>irritability associated with autistic disorder<\/b>\u00a0in pediatric patients. The mechanism of action of Abilify is unknown. It shows partial agonism at the\u00a0<b>D2 receptor<\/b>, is also a partial agonist at the\u00a0<b>5-HT1A receptor<\/b>, and displays an antagonist profile at the\u00a0<b>5-HT2A receptor<\/b>. It has moderate affinity for\u00a0<b>histamine<\/b>\u00a0and\u00a0<b>alpha-adrenergic receptors<\/b>, and no appreciable affinity for\u00a0<b>cholinergic muscarinic receptors<\/b>.<\/p>\n<h3><b>Dosage and Direction<\/b><\/h3>\n<p>Take Abilify once daily with or without food. The usual starting dose is\u00a0<b>10 or 15 mg<\/b>; later the dose may be increased to achieve the desired effect.<\/p>\n<h3><b>Precautions<\/b><\/h3>\n<p>This medication was not approved for use in\u00a0<b>elderly people with psychosis related to dementia-related psychosis<\/b>\u00a0due to the risk of death.\u00a0<b>Antidepressants<\/b>\u00a0may increase suicidal thoughts or behaviors in some adolescents, especially if the dose is changed or during the first period of treatment. Abilify was not approved for use in\u00a0<b>pediatric patients with depression<\/b>. As Abilify can impair\u00a0<b>judgment<\/b>,\u00a0<b>thinking<\/b>, or\u00a0<b>motor skills<\/b>, do not use it while operating hazardous machinery, including automobiles, if you are not sure that Abilify therapy does not affect you adversely. Inform your doctor if you are\u00a0<b>pregnant<\/b>, plan to become pregnant, or are\u00a0<b>breastfeeding<\/b>\u00a0before taking this medication. Avoid drinking any alcoholic beverages during treatment. Avoid\u00a0<b>overheating and dehydration<\/b>. Hyperglycemia, or elevated blood sugar, may occur when taking Abilify. If you have\u00a0<b>diabetes mellitus<\/b>, monitor your blood sugar levels regularly.<\/p>\n<h3><b>Contraindications<\/b><\/h3>\n<p><b>Breastfeeding<\/b>,\u00a0<b>hypersensitivity<\/b>.<\/p>\n<h3><b>Possible Side Effects<\/b><\/h3>\n<p>Most common adverse effects include\u00a0<b>nausea<\/b>,\u00a0<b>vomiting<\/b>,\u00a0<b>constipation<\/b>,\u00a0<b>headache<\/b>,\u00a0<b>dizziness<\/b>,\u00a0<b>nervousness<\/b>,\u00a0<b>insomnia<\/b>,\u00a0<b>restlessness<\/b>,\u00a0<b>tremors<\/b>,\u00a0<b>cough<\/b>,\u00a0<b>lightheadedness<\/b>,\u00a0<b>rash<\/b>,\u00a0<b>runny nose<\/b>,\u00a0<b>weakness<\/b>, and\u00a0<b>weight gain<\/b>. More serious and rare adverse reactions include an increased risk of\u00a0<b>stroke<\/b>\u00a0and\u00a0<b>ministroke<\/b>;\u00a0<b>neuroleptic malignant syndrome (NMS)<\/b>\u00a0with symptoms including\u00a0<b>fever<\/b>,\u00a0<b>rigid muscles<\/b>, and\u00a0<b>confusion<\/b>;\u00a0<b>tardive dyskinesia (TD)<\/b>\u00a0with symptoms including\u00a0<b>uncontrolled and abnormal movements<\/b>\u00a0of body parts.<\/p>\n<h3><b>Drug Interaction<\/b><\/h3>\n<p>Inform your doctor about all\u00a0<b>prescribed and over-the-counter medications<\/b>\u00a0and\u00a0<b>herbal products<\/b>\u00a0you are taking, especially if you use alcohol,\u00a0<b>blood pressure drugs<\/b>,\u00a0<b>carbamazepine<\/b>,\u00a0<b>fluoxetine<\/b>,\u00a0<b>ketoconazole<\/b>,\u00a0<b>paroxetine<\/b>, and\u00a0<b>quinidine<\/b>. Carbamazepine (Tegretol) decreases the levels of Abilify in the body by stimulating liver enzymes such as\u00a0<b>CYP3A4<\/b>. Similar effects on Abilify are shown by\u00a0<b>phenytoin<\/b>\u00a0(Dilantin),\u00a0<b>rifampin<\/b>\u00a0(Rifadin, Rimactane, Rifater, Rifamate), and\u00a0<b>phenobarbital<\/b>. Blocking of CYP3A4 by\u00a0<b>Ketoconazole<\/b>\u00a0(Nizoral) increases the amount of Abilify in the body. Other drugs with similar action include:\u00a0<b>itraconazole<\/b>\u00a0(Sporanox),\u00a0<b>fluconazole<\/b>\u00a0(Diflucan),\u00a0<b>voriconazole<\/b>\u00a0(Vfend),\u00a0<b>cimetidine<\/b>\u00a0(Tagamet),\u00a0<b>verapamil<\/b>\u00a0(Calan, Isoptin),\u00a0<b>diltiazem<\/b>\u00a0(Cardizem, Dilacor),\u00a0<b>erythromycin<\/b>,\u00a0<b>clarithromycin<\/b>\u00a0(Biaxin),\u00a0<b>nefazodone<\/b>\u00a0(Serzone),\u00a0<b>ritonavir<\/b>\u00a0(Norvir),\u00a0<b>saquinavir<\/b>\u00a0(Invirase),\u00a0<b>nelfinavir<\/b>\u00a0(Viracept),\u00a0<b>indinavir<\/b>\u00a0(Crixivan), and\u00a0<b>grapefruit juice<\/b>. Their action is not well studied.\u00a0<b>Quinidine<\/b>\u00a0(Quinaglute, Quinidex) inhibits another liver enzyme known as\u00a0<b>CYP2D6<\/b>\u00a0and can also increase Abilify levels. Other medicines with similar action are\u00a0<b>fluoxetine<\/b>\u00a0(Prozac) and\u00a0<b>paroxetine<\/b>\u00a0(Paxil). Abilify may dangerously increase\u00a0<b>blood sugar levels<\/b>\u00a0in patients with diabetes.<\/p>\n<h3><b>Missed Dose<\/b><\/h3>\n<p>Abilify is taken once daily, so take the missed dose as soon as you remember. If the next dose is within\u00a0<b>12 hours<\/b>, do not take the missed dose and resume your normal dosing schedule. Never double the dose of this medication.<\/p>\n<h3><b>Overdose<\/b><\/h3>\n<p>Common adverse reactions to overdose include\u00a0<b>vomiting<\/b>,\u00a0<b>somnolence<\/b>, and\u00a0<b>tremor<\/b>. Other clinically important signs and symptoms observed include\u00a0<b>acidosis<\/b>,\u00a0<b>aggression<\/b>,\u00a0<b>increased aspartate aminotransferase<\/b>,\u00a0<b>atrial fibrillation<\/b>,\u00a0<b>bradycardia<\/b>,\u00a0<b>coma<\/b>,\u00a0<b>confusional state<\/b>,\u00a0<b>convulsion<\/b>,\u00a0<b>increased blood creatine phosphokinase<\/b>,\u00a0<b>depressed level of consciousness<\/b>,\u00a0<b>hypertension<\/b>,\u00a0<b>hypokalemia<\/b>,\u00a0<b>hypotension<\/b>,\u00a0<b>lethargy<\/b>,\u00a0<b>loss of consciousness<\/b>,\u00a0<b>prolonged QRS complex<\/b>,\u00a0<b>prolonged QT<\/b>,\u00a0<b>pneumonia aspiration<\/b>,\u00a0<b>respiratory arrest<\/b>,\u00a0<b>status epilepticus<\/b>, and\u00a0<b>tachycardia<\/b>.<\/p>\n<h3><b>Storage<\/b><\/h3>\n<p>Store at room temperature in a tight, dry container out of reach of children and pets. Do not use after the\u00a0<b>expiration date<\/b>.<\/p>\n<h3><b>\u010cesk\u00e1 verze<\/b><\/h3>\n<p>&nbsp;<\/p>\n<h3><b>B\u011b\u017en\u00e9 pou\u017eit\u00ed<\/b><\/h3>\n<p>P\u0159\u00edpravek Abilify je aditivn\u00ed l\u00e9k na b\u00e1zi aripiprazolu pou\u017e\u00edvan\u00fd k symptomatick\u00e9 l\u00e9\u010db\u011b psychotick\u00fdch stav\u016f. M\u016f\u017ee b\u00fdt p\u0159edeps\u00e1n proti\u00a0<b>bipol\u00e1rn\u00ed poru\u0161e<\/b>\u00a0a\u00a0<b>sm\u00ed\u0161en\u00fdm epizod\u00e1m<\/b>\u00a0s n\u00ed spojen\u00fdm;\u00a0<b>schizofrenie<\/b>;\u00a0<b>podr\u00e1\u017ed\u011bnost souvisej\u00edc\u00ed s autistickou poruchou<\/b>; a\u00a0<b>z\u00e1va\u017en\u00e1 depresivn\u00ed porucha<\/b>. Bylo prok\u00e1z\u00e1no, \u017ee p\u0159\u00edpravek Abilify zp\u016fsobuje zm\u011bny ve funkc\u00edch receptor\u016f\u00a0<b>D2<\/b>,\u00a0<b>5-HT1A<\/b>\u00a0a\u00a0<b>5-HT2A<\/b>, ale p\u0159esn\u00fd mechanismus jeho \u00fa\u010dinku nen\u00ed zn\u00e1m.<\/p>\n<h3><b>M\u00edrn\u00e9 ne\u017e\u00e1douc\u00ed \u00fa\u010dinky p\u0159\u00edpravku Abilify mohou zahrnovat:<\/b><\/h3>\n<p>\u2022\u00a0<b>zv\u00fd\u0161en\u00ed hmotnosti<\/b>\u00a0nebo\u00a0<b>nevolnost<\/b>,\u00a0<b>zvracen\u00ed<\/b>,\u00a0<b>z\u00e1cpa<\/b>; \u2022\u00a0<b>nervozita<\/b>,\u00a0<b>nespavost<\/b>,\u00a0<b>t\u0159es<\/b>; \u2022\u00a0<b>z\u00e1vrat\u011b<\/b>,\u00a0<b>bolesti hlavy<\/b>,\u00a0<b>slabost<\/b>; \u2022\u00a0<b>p\u0159\u00edznaky alergie<\/b>, nap\u0159.\u00a0<b>vyr\u00e1\u017eka<\/b>,\u00a0<b>b\u011bhoun<\/b>,\u00a0<b>ka\u0161el<\/b>; \u2022\u00a0<b>zhor\u0161en\u00e9 rozhodovac\u00ed schopnosti<\/b>,\u00a0<b>motorick\u00e9 dovednosti<\/b>\u00a0a\u00a0<b>my\u0161len\u00ed<\/b>.<\/p>\n<h3><b>Tyto p\u0159\u00edpady by m\u011bly b\u00fdt hl\u00e1\u0161eny sv\u00e9mu l\u00e9ka\u0159i, pokud jsou perzistentn\u00ed, zat\u00edmco dal\u0161\u00ed ne\u017e\u00e1douc\u00ed \u00fa\u010dinky mus\u00ed b\u00fdt hl\u00e1\u0161eny co nejd\u0159\u00edve. Oni jsou:<\/b><\/h3>\n<p>\u2022\u00a0<b>abnorm\u00e1ln\u00ed nebo nekontrolovan\u00e9 pohyby kon\u010detin<\/b>\u00a0zp\u016fsoben\u00e9 rozvojem\u00a0<b>tardivn\u00ed dyskineze<\/b>; \u2022\u00a0<b>prvn\u00ed p\u0159\u00edznaky mozkov\u00e9 mrtvice<\/b>\u00a0nebo\u00a0<b>drobn\u00e9 mrtvice<\/b>; \u2022\u00a0<b>hyperglyk\u00e9mie<\/b>; \u2022\u00a0<b>neuroleptick\u00fd malign\u00ed syndrom<\/b>, kter\u00fd vede k\u00a0<b>z\u00e1m\u011bn\u011b<\/b>,\u00a0<b>hore\u010dce<\/b>\u00a0a\u00a0<b>tuh\u00fdm sval\u016fm<\/b>.<\/p>\n<h3><b>Chcete-li sn\u00ed\u017eit riziko vzniku ne\u017e\u00e1douc\u00edch \u00fa\u010dink\u016f, je nutn\u00e9, aby V\u00e1\u0161 l\u00e9ka\u0159 schv\u00e1lil l\u00e9\u010dbu p\u0159\u00edpravkem Abilify, pokud:<\/b><\/h3>\n<p>\u2022\u00a0<b>jsou p\u0159ecitliv\u011bl\u00ed<\/b>\u00a0nebo\u00a0<b>alergi\u010dt\u00ed<\/b>\u00a0na kteroukoli ze sv\u00fdch slo\u017eek; \u2022\u00a0<b>jsou \u010dasto vystaveni teplu<\/b>\u00a0vedouc\u00ed k\u00a0<b>dehydrataci<\/b>; \u2022\u00a0<b>jste t\u011bhotn\u00e1<\/b>,\u00a0<b>koj\u00edc\u00ed<\/b>\u00a0nebo\u00a0<b>pl\u00e1nujete m\u00edt d\u00edt\u011b<\/b>; \u2022\u00a0<b>jste star\u0161\u00ed<\/b>\u00a0a \/ nebo\u00a0<b>trp\u00edte diabetes mellitus<\/b>\u00a0nebo\u00a0<b>psych\u00f3zou spojenou s psych\u00f3zou spojenou s demenc\u00ed<\/b>, nebo\u0165 zvy\u0161uje riziko \u00famrt\u00ed; \u2022\u00a0<b>jak\u00e9koli p\u0159edepsan\u00e9 nebo nep\u0159edepsan\u00e9 l\u00e9ky<\/b>\u00a0nebo\u00a0<b>bylinn\u00e9 p\u0159\u00edpravky<\/b>; l\u00e9ky na\u00a0<b>krvn\u00ed tlak<\/b>, kter\u00e9 obsahuj\u00ed\u00a0<b>fluoxetin<\/b>,\u00a0<b>flukonazol<\/b>,\u00a0<b>karbamazepin<\/b>,\u00a0<b>paroxetin<\/b>,\u00a0<b>chinidin<\/b>,\u00a0<b>ketokonazol<\/b>,\u00a0<b>rifampin<\/b>,\u00a0<b>itrakonazol<\/b>,\u00a0<b>cimetidin<\/b>,\u00a0<b>verapamil<\/b>,\u00a0<b>nelfinavir<\/b>,\u00a0<b>indinavir<\/b>,\u00a0<b>erythromycin<\/b>,\u00a0<b>clarithromycin<\/b>,\u00a0<b>nefazodon<\/b>,\u00a0<b>vorikonazol<\/b>,\u00a0<b>saquinavir<\/b>,\u00a0<b>fenobarbital<\/b>,\u00a0<b>fenytoin<\/b>,\u00a0<b>diltiazem<\/b>,\u00a0<b>ritonavir<\/b>; \u2022\u00a0<b>pravideln\u011b p\u00edt alkohol<\/b>\u00a0a \/ nebo\u00a0<b>grapefruitovou \u0161\u0165\u00e1vu<\/b>, nebo\u0165 jej\u00ed chemick\u00e1 struktura m\u016f\u017ee interagovat s p\u0159\u00edpravkem Abilify.<\/p>\n<h3><b>P\u0159ed\u00e1vkov\u00e1n\u00ed<\/b><\/h3>\n<p>Vedle toho m\u016f\u017ee p\u0159ed\u00e1vkov\u00e1n\u00ed Abilify zp\u016fsobit\u00a0<b>t\u0159es<\/b>,\u00a0<b>zvracen\u00ed<\/b>\u00a0a\u00a0<b>ospalost<\/b>. Pokud je mo\u017en\u00e9 p\u0159ed\u00e1vkov\u00e1n\u00ed a \/ nebo zaznamen\u00e1te n\u011bkterou z n\u00e1sleduj\u00edc\u00edch p\u0159\u00edznak\u016f, p\u0159esta\u0148te Abilify u\u017e\u00edt a obra\u0165te se na l\u00e9ka\u0159skou pomoc:<br \/>\n\u2022\u00a0<b>prodlou\u017een\u00fd komplex QRS<\/b>; \u2022\u00a0<b>prodlou\u017een\u00ed QT<\/b>; \u2022\u00a0<b>fibrilace s\u00edn\u00ed<\/b>,\u00a0<b>bradykardie<\/b>,\u00a0<b>tachykardie<\/b>; \u2022\u00a0<b>zv\u00fd\u0161en\u00e1 kreatinfosfokin\u00e1za v krvi<\/b>; \u2022\u00a0<b>zv\u00fd\u0161en\u00ed aspart\u00e1taminotransfer\u00e1zy<\/b>; \u2022\u00a0<b>aspirace pneumonie<\/b>; \u2022\u00a0<b>acid\u00f3za<\/b>; \u2022\u00a0<b>prodlou\u017een\u00fd stav zmatku<\/b>,\u00a0<b>deprese<\/b>,\u00a0<b>agrese<\/b>\u00a0nebo\u00a0<b>k\u0159e\u010de<\/b>; \u2022\u00a0<b>hypotenze<\/b>,\u00a0<b>hypokalemie<\/b>,\u00a0<b>hypertenze<\/b>; \u2022\u00a0<b>status epilepticus<\/b>. Neozn\u00e1men\u00ed t\u011bchto p\u0159\u00edznak\u016f l\u00e9ka\u0159i by mohlo v\u00e9st k\u00a0<b>letargii<\/b>\u00a0nebo\u00a0<b>k\u00f3mu<\/b>.<\/p>\n","protected":false},"excerpt":{"rendered":"<div><b>Commercial Name:<\/b>\u00a0Abilify<\/div>\n<div><b>Principal Ingredient:<\/b>\u00a0Aripiprazole<\/div>\n<div><b>Production form:<\/b>\u00a0Pills<\/div>\n<div><b>Utilization:<\/b>\u00a0Treats psychotic problems and Bipolarity<\/div>\n<div><b>Available Dosage:<\/b>\u00a05mg, 10mg, 15mg and 20mg<\/div>\n","protected":false},"featured_media":151,"comment_status":"open","ping_status":"closed","template":"","meta":[],"product_cat":[20],"product_tag":[],"class_list":{"0":"post-140","1":"product","2":"type-product","3":"status-publish","4":"has-post-thumbnail","6":"product_cat-anti-depressants","8":"first","9":"instock","10":"shipping-taxable","11":"product-type-grouped"},"yoast_head":"<!-- This site is optimized with the Yoast SEO plugin v20.0 - https:\/\/yoast.com\/wordpress\/plugins\/seo\/ -->\n<title>Objednejte Abilify (Aripiprazole) bez receptu za n\u00edzkou cenu | Eurorxdrugs<\/title>\n<meta name=\"description\" content=\"Kupte Abilify (Aripiprazole) nyn\u00ed! Origin\u00e1ln\u00ed l\u00e9ky a rychl\u00e9 doru\u010den\u00ed v cen\u011b. 100% diskr\u00e9tn\u00ed a d\u016fv\u011brn\u00fd servis pro v\u0161echny na\u0161e z\u00e1kazn\u00edky na Eurorxdrugs\" \/>\n<meta name=\"robots\" content=\"index, follow, max-snippet:-1, max-image-preview:large, max-video-preview:-1\" \/>\n<link rel=\"canonical\" href=\"https:\/\/eurorxdrugs.cc\/cs\/product\/abilify-aripiprazole\/\" \/>\n<meta property=\"og:locale\" content=\"cs_CZ\" \/>\n<meta property=\"og:type\" content=\"article\" \/>\n<meta property=\"og:title\" content=\"Objednejte Abilify (Aripiprazole) bez receptu za n\u00edzkou cenu | Eurorxdrugs\" \/>\n<meta property=\"og:description\" content=\"Kupte Abilify (Aripiprazole) nyn\u00ed! Origin\u00e1ln\u00ed l\u00e9ky a rychl\u00e9 doru\u010den\u00ed v cen\u011b. 100% diskr\u00e9tn\u00ed a d\u016fv\u011brn\u00fd servis pro v\u0161echny na\u0161e z\u00e1kazn\u00edky na Eurorxdrugs\" \/>\n<meta property=\"og:url\" content=\"https:\/\/eurorxdrugs.cc\/cs\/product\/abilify-aripiprazole\/\" \/>\n<meta property=\"og:site_name\" content=\"eurorxdrugs\" \/>\n<meta property=\"article:modified_time\" content=\"2024-09-06T09:23:45+00:00\" \/>\n<meta property=\"og:image\" content=\"https:\/\/eurorxdrugs.cc\/cs\/wp-content\/uploads\/2024\/09\/20-min.jpg\" \/>\n\t<meta property=\"og:image:width\" content=\"270\" \/>\n\t<meta property=\"og:image:height\" content=\"300\" \/>\n\t<meta property=\"og:image:type\" content=\"image\/jpeg\" \/>\n<meta name=\"twitter:card\" content=\"summary_large_image\" \/>\n<meta name=\"twitter:label1\" content=\"Odhadovan\u00e1 doba \u010dten\u00ed\" \/>\n\t<meta name=\"twitter:data1\" content=\"5 minut\" \/>\n<script type=\"application\/ld+json\" class=\"yoast-schema-graph\">{\"@context\":\"https:\/\/schema.org\",\"@graph\":[{\"@type\":\"WebPage\",\"@id\":\"https:\/\/eurorxdrugs.cc\/cs\/product\/abilify-aripiprazole\/\",\"url\":\"https:\/\/eurorxdrugs.cc\/cs\/product\/abilify-aripiprazole\/\",\"name\":\"Objednejte Abilify (Aripiprazole) bez receptu za n\u00edzkou cenu | Eurorxdrugs\",\"isPartOf\":{\"@id\":\"https:\/\/eurorxdrugs.cc\/cs\/#website\"},\"datePublished\":\"2024-09-06T09:08:45+00:00\",\"dateModified\":\"2024-09-06T09:23:45+00:00\",\"description\":\"Kupte Abilify (Aripiprazole) nyn\u00ed! Origin\u00e1ln\u00ed l\u00e9ky a rychl\u00e9 doru\u010den\u00ed v cen\u011b. 100% diskr\u00e9tn\u00ed a d\u016fv\u011brn\u00fd servis pro v\u0161echny na\u0161e z\u00e1kazn\u00edky na Eurorxdrugs\",\"breadcrumb\":{\"@id\":\"https:\/\/eurorxdrugs.cc\/cs\/product\/abilify-aripiprazole\/#breadcrumb\"},\"inLanguage\":\"cs\",\"potentialAction\":[{\"@type\":\"ReadAction\",\"target\":[\"https:\/\/eurorxdrugs.cc\/cs\/product\/abilify-aripiprazole\/\"]}]},{\"@type\":\"BreadcrumbList\",\"@id\":\"https:\/\/eurorxdrugs.cc\/cs\/product\/abilify-aripiprazole\/#breadcrumb\",\"itemListElement\":[{\"@type\":\"ListItem\",\"position\":1,\"name\":\"Home\",\"item\":\"https:\/\/eurorxdrugs.cc\/cs\/\"},{\"@type\":\"ListItem\",\"position\":2,\"name\":\"Products\",\"item\":\"https:\/\/eurorxdrugs.cc\/cs\/shop\/\"},{\"@type\":\"ListItem\",\"position\":3,\"name\":\"Abilify (Aripiprazole)\"}]},{\"@type\":\"WebSite\",\"@id\":\"https:\/\/eurorxdrugs.cc\/cs\/#website\",\"url\":\"https:\/\/eurorxdrugs.cc\/cs\/\",\"name\":\"eurorxdrugs\",\"description\":\"\",\"publisher\":{\"@id\":\"https:\/\/eurorxdrugs.cc\/cs\/#organization\"},\"potentialAction\":[{\"@type\":\"SearchAction\",\"target\":{\"@type\":\"EntryPoint\",\"urlTemplate\":\"https:\/\/eurorxdrugs.cc\/cs\/?s={search_term_string}\"},\"query-input\":\"required name=search_term_string\"}],\"inLanguage\":\"cs\"},{\"@type\":\"Organization\",\"@id\":\"https:\/\/eurorxdrugs.cc\/cs\/#organization\",\"name\":\"eurorxdrugs\",\"url\":\"https:\/\/eurorxdrugs.cc\/cs\/\",\"logo\":{\"@type\":\"ImageObject\",\"inLanguage\":\"cs\",\"@id\":\"https:\/\/eurorxdrugs.cc\/cs\/#\/schema\/logo\/image\/\",\"url\":\"https:\/\/eurorxdrugs.cc\/cs\/wp-content\/uploads\/2024\/09\/logo-1-1.png\",\"contentUrl\":\"https:\/\/eurorxdrugs.cc\/cs\/wp-content\/uploads\/2024\/09\/logo-1-1.png\",\"width\":233,\"height\":54,\"caption\":\"eurorxdrugs\"},\"image\":{\"@id\":\"https:\/\/eurorxdrugs.cc\/cs\/#\/schema\/logo\/image\/\"}}]}<\/script>\n<!-- \/ Yoast SEO plugin. -->","yoast_head_json":{"title":"Objednejte Abilify (Aripiprazole) bez receptu za n\u00edzkou cenu | Eurorxdrugs","description":"Kupte Abilify (Aripiprazole) nyn\u00ed! Origin\u00e1ln\u00ed l\u00e9ky a rychl\u00e9 doru\u010den\u00ed v cen\u011b. 100% diskr\u00e9tn\u00ed a d\u016fv\u011brn\u00fd servis pro v\u0161echny na\u0161e z\u00e1kazn\u00edky na Eurorxdrugs","robots":{"index":"index","follow":"follow","max-snippet":"max-snippet:-1","max-image-preview":"max-image-preview:large","max-video-preview":"max-video-preview:-1"},"canonical":"https:\/\/eurorxdrugs.cc\/cs\/product\/abilify-aripiprazole\/","og_locale":"cs_CZ","og_type":"article","og_title":"Objednejte Abilify (Aripiprazole) bez receptu za n\u00edzkou cenu | Eurorxdrugs","og_description":"Kupte Abilify (Aripiprazole) nyn\u00ed! Origin\u00e1ln\u00ed l\u00e9ky a rychl\u00e9 doru\u010den\u00ed v cen\u011b. 100% diskr\u00e9tn\u00ed a d\u016fv\u011brn\u00fd servis pro v\u0161echny na\u0161e z\u00e1kazn\u00edky na Eurorxdrugs","og_url":"https:\/\/eurorxdrugs.cc\/cs\/product\/abilify-aripiprazole\/","og_site_name":"eurorxdrugs","article_modified_time":"2024-09-06T09:23:45+00:00","og_image":[{"width":270,"height":300,"url":"https:\/\/eurorxdrugs.cc\/cs\/wp-content\/uploads\/2024\/09\/20-min.jpg","type":"image\/jpeg"}],"twitter_card":"summary_large_image","twitter_misc":{"Odhadovan\u00e1 doba \u010dten\u00ed":"5 minut"},"schema":{"@context":"https:\/\/schema.org","@graph":[{"@type":"WebPage","@id":"https:\/\/eurorxdrugs.cc\/cs\/product\/abilify-aripiprazole\/","url":"https:\/\/eurorxdrugs.cc\/cs\/product\/abilify-aripiprazole\/","name":"Objednejte Abilify (Aripiprazole) bez receptu za n\u00edzkou cenu | Eurorxdrugs","isPartOf":{"@id":"https:\/\/eurorxdrugs.cc\/cs\/#website"},"datePublished":"2024-09-06T09:08:45+00:00","dateModified":"2024-09-06T09:23:45+00:00","description":"Kupte Abilify (Aripiprazole) nyn\u00ed! Origin\u00e1ln\u00ed l\u00e9ky a rychl\u00e9 doru\u010den\u00ed v cen\u011b. 100% diskr\u00e9tn\u00ed a d\u016fv\u011brn\u00fd servis pro v\u0161echny na\u0161e z\u00e1kazn\u00edky na Eurorxdrugs","breadcrumb":{"@id":"https:\/\/eurorxdrugs.cc\/cs\/product\/abilify-aripiprazole\/#breadcrumb"},"inLanguage":"cs","potentialAction":[{"@type":"ReadAction","target":["https:\/\/eurorxdrugs.cc\/cs\/product\/abilify-aripiprazole\/"]}]},{"@type":"BreadcrumbList","@id":"https:\/\/eurorxdrugs.cc\/cs\/product\/abilify-aripiprazole\/#breadcrumb","itemListElement":[{"@type":"ListItem","position":1,"name":"Home","item":"https:\/\/eurorxdrugs.cc\/cs\/"},{"@type":"ListItem","position":2,"name":"Products","item":"https:\/\/eurorxdrugs.cc\/cs\/shop\/"},{"@type":"ListItem","position":3,"name":"Abilify (Aripiprazole)"}]},{"@type":"WebSite","@id":"https:\/\/eurorxdrugs.cc\/cs\/#website","url":"https:\/\/eurorxdrugs.cc\/cs\/","name":"eurorxdrugs","description":"","publisher":{"@id":"https:\/\/eurorxdrugs.cc\/cs\/#organization"},"potentialAction":[{"@type":"SearchAction","target":{"@type":"EntryPoint","urlTemplate":"https:\/\/eurorxdrugs.cc\/cs\/?s={search_term_string}"},"query-input":"required name=search_term_string"}],"inLanguage":"cs"},{"@type":"Organization","@id":"https:\/\/eurorxdrugs.cc\/cs\/#organization","name":"eurorxdrugs","url":"https:\/\/eurorxdrugs.cc\/cs\/","logo":{"@type":"ImageObject","inLanguage":"cs","@id":"https:\/\/eurorxdrugs.cc\/cs\/#\/schema\/logo\/image\/","url":"https:\/\/eurorxdrugs.cc\/cs\/wp-content\/uploads\/2024\/09\/logo-1-1.png","contentUrl":"https:\/\/eurorxdrugs.cc\/cs\/wp-content\/uploads\/2024\/09\/logo-1-1.png","width":233,"height":54,"caption":"eurorxdrugs"},"image":{"@id":"https:\/\/eurorxdrugs.cc\/cs\/#\/schema\/logo\/image\/"}}]}},"_links":{"self":[{"href":"https:\/\/eurorxdrugs.cc\/cs\/wp-json\/wp\/v2\/product\/140","targetHints":{"allow":["GET"]}}],"collection":[{"href":"https:\/\/eurorxdrugs.cc\/cs\/wp-json\/wp\/v2\/product"}],"about":[{"href":"https:\/\/eurorxdrugs.cc\/cs\/wp-json\/wp\/v2\/types\/product"}],"replies":[{"embeddable":true,"href":"https:\/\/eurorxdrugs.cc\/cs\/wp-json\/wp\/v2\/comments?post=140"}],"wp:featuredmedia":[{"embeddable":true,"href":"https:\/\/eurorxdrugs.cc\/cs\/wp-json\/wp\/v2\/media\/151"}],"wp:attachment":[{"href":"https:\/\/eurorxdrugs.cc\/cs\/wp-json\/wp\/v2\/media?parent=140"}],"wp:term":[{"taxonomy":"product_cat","embeddable":true,"href":"https:\/\/eurorxdrugs.cc\/cs\/wp-json\/wp\/v2\/product_cat?post=140"},{"taxonomy":"product_tag","embeddable":true,"href":"https:\/\/eurorxdrugs.cc\/cs\/wp-json\/wp\/v2\/product_tag?post=140"}],"curies":[{"name":"wp","href":"https:\/\/api.w.org\/{rel}","templated":true}]}}