{"id":1416,"date":"2024-09-07T18:30:29","date_gmt":"2024-09-07T18:30:29","guid":{"rendered":"https:\/\/eurorxdrugs.cc\/cs\/?post_type=product&#038;p=1416"},"modified":"2024-09-07T18:42:24","modified_gmt":"2024-09-07T18:42:24","slug":"nitroglycerin","status":"publish","type":"product","link":"https:\/\/eurorxdrugs.cc\/cs\/product\/nitroglycerin\/","title":{"rendered":"Nitroglycerin"},"content":{"rendered":"<div style=\"text-align: left;\"><span style=\"font-family: Roboto;\"><b>What is nitroglycerin?<\/b><\/span><\/div>\n<div style=\"text-align: left;\"><span style=\"font-family: Roboto;\">\u00a0 \u00a0 \u00a0 \u00a0 Nitroglycerin is used to treat or prevent attacks of chest pain (angina).<\/span><\/div>\n<div style=\"text-align: left;\"><span style=\"font-family: Roboto;\">\u00a0 \u00a0 \u00a0 \u00a0 Nitroglycerin may also be used for purposes not listed in this medication guide.<\/span><\/div>\n<div style=\"text-align: left;\"><span style=\"font-family: Roboto;\">\u00a0<\/span><\/div>\n<div style=\"text-align: left;\"><span style=\"font-family: Roboto;\"><b>Important Information<\/b><\/span><\/div>\n<div style=\"text-align: left;\"><span style=\"font-family: Roboto;\">\u00a0 \u00a0 \u00a0 \u00a0 You should not use nitroglycerin if you are also using medicine to treat pulmonary arterial hypertension or erectile dysfunction.<\/span><\/div>\n<div style=\"text-align: left;\"><span style=\"font-family: Roboto;\">\u00a0 \u00a0 \u00a0 \u00a0 You should not use sublingual nitroglycerin if you have severe anaemia, increased pressure inside your skull, circulation problems, chest pain that spreads to your jaw or shoulder, or signs of shock (pale skin, suddenly feeling light-headed).<\/span><\/div>\n<div style=\"text-align: left;\"><span style=\"font-family: Roboto;\">\u00a0<\/span><\/div>\n<div style=\"text-align: left;\"><span style=\"font-family: Roboto;\"><b>Before taking this medicine<\/b><\/span><\/div>\n<div style=\"text-align: left;\"><span style=\"font-family: Roboto;\">\u00a0 \u00a0 \u00a0 \u00a0 You should not use nitroglycerin if you are allergic to it, or if you are using medicine to treat pulmonary arterial hypertension, such as riociguat (Adempas).<\/span><\/div>\n<div style=\"text-align: left;\"><span style=\"font-family: Roboto;\">\u00a0 \u00a0 \u00a0 \u00a0 Do not take erectile dysfunction medicine (Viagra, Cialis, Levitra, Stendra, Staxyn, sildenafil, avanafil, tadalafil, vardenafil). Using erectile dysfunction medicine with nitroglycerin can cause a sudden and serious decrease in blood pressure.<\/span><\/div>\n<div style=\"text-align: left;\"><span style=\"font-family: Roboto;\">\u00a0<\/span><\/div>\n<div style=\"text-align: left;\"><span style=\"font-family: Roboto;\"><b>You should not use sublingual nitroglycerin if you have:<\/b><\/span><\/div>\n<div style=\"text-align: left;\"><span style=\"font-family: Roboto;\">\u2022 severe anaemia (low red blood cells);<\/span><\/div>\n<div style=\"text-align: left;\"><span style=\"font-family: Roboto;\">\u2022 increased pressure inside the skull;<\/span><\/div>\n<div style=\"text-align: left;\"><span style=\"font-family: Roboto;\">\u2022 circulation problems or shock (pale skin, cold sweat, fast or irregular heartbeats, sudden weakness or feeling like you might pass out); or<\/span><\/div>\n<div style=\"text-align: left;\"><span style=\"font-family: Roboto;\">\u2022 heart attack symptoms&#8211;chest pain or pressure, pain spreading to your jaw or shoulder, nausea, sweating.<\/span><\/div>\n<div style=\"text-align: left;\"><span style=\"font-family: Roboto;\"><b>\u00a0<\/b><\/span><\/div>\n<div style=\"text-align: left;\"><span style=\"font-family: Roboto;\"><b>Tell your doctor if you have ever had:<\/b><\/span><\/div>\n<div style=\"text-align: left;\"><span style=\"font-family: Roboto;\">\u2022 a heart attack or other heart problems;<\/span><\/div>\n<div style=\"text-align: left;\"><span style=\"font-family: Roboto;\">\u2022 a stroke or head injury;<\/span><\/div>\n<div style=\"text-align: left;\"><span style=\"font-family: Roboto;\">\u2022 low blood pressure; or<\/span><\/div>\n<div style=\"text-align: left;\"><span style=\"font-family: Roboto;\">\u2022 headaches.<\/span><\/div>\n<div style=\"text-align: left;\"><span style=\"font-family: Roboto;\">Tell your doctor if you are pregnant or breastfeeding.<\/span><\/div>\n<div style=\"text-align: left;\"><span style=\"font-family: Roboto;\">Nitroglycerin (oral\/sublingual) is not approved for use by anyone younger than 18 years old.<\/span><\/div>\n<div style=\"text-align: left;\"><span style=\"font-family: Roboto;\">\u00a0<\/span><\/div>\n<div style=\"text-align: left;\"><span style=\"font-family: Roboto;\"><b>How should I take nitroglycerin?<\/b><\/span><\/div>\n<div style=\"text-align: left;\"><span style=\"font-family: Roboto;\">\u00a0 \u00a0 \u00a0 \u00a0 Follow all directions on your prescription label and read all medication guides or instruction sheets. Use the medicine exactly as directed.<\/span><\/div>\n<div style=\"text-align: left;\"><span style=\"font-family: Roboto;\">If you use too much nitroglycerin, it might not work as well in controlling your symptoms.<\/span><\/div>\n<div style=\"text-align: left;\"><span style=\"font-family: Roboto;\">\u00a0 \u00a0 \u00a0 \u00a0 Nitroglycerin is usually taken at the first sign of chest pain. You may use nitroglycerin sublingual within 5 to 10 minutes before an activity you think might cause chest pain. Try to rest or stay seated when you take nitroglycerin (may cause dizziness or fainting).<\/span><\/div>\n<div style=\"text-align: left;\"><span style=\"font-family: Roboto;\">\u00a0 \u00a0 \u00a0 \u00a0 Do not rinse or spit nitroglycerin powder for 5 minutes after using the medicine.<\/span><\/div>\n<div style=\"text-align: left;\"><span style=\"font-family: Roboto;\">\u00a0 \u00a0 \u00a0 \u00a0 Read and carefully follow any Instructions for Use provided with your medicine. Ask your doctor or pharmacist if you do not understand these instructions.<\/span><\/div>\n<div style=\"text-align: left;\"><span style=\"font-family: Roboto;\">Seek emergency medical attention if your chest pain gets worse or lasts more than 5 minutes, especially if you have trouble breathing or feel weak, dizzy, or nauseated, or lightheaded.<\/span><\/div>\n<div style=\"text-align: left;\"><span style=\"font-family: Roboto;\">\u00a0 \u00a0 \u00a0 \u00a0 You may feel a slight burning or stinging in your mouth when you use nitroglycerin. This is not a sign of how well the medicine is working. Do not use more just because you do not feel a burning or stinging.<\/span><\/div>\n<div style=\"text-align: left;\"><span style=\"font-family: Roboto;\">\u00a0 \u00a0 \u00a0 \u00a0 This medicine can affect the results of certain medical tests. Tell any doctor who treats you that you are using nitroglycerin.<\/span><\/div>\n<div style=\"text-align: left;\"><span style=\"font-family: Roboto;\">\u00a0 \u00a0 \u00a0 \u00a0 If you take nitroglycerin on a regular schedule to prevent angina, do not stop taking it suddenly or you could have a severe attack of angina. Keep this medicine on hand at all times. Get your prescription refilled before you run out of medicine completely.<\/span><\/div>\n<div style=\"text-align: left;\"><span style=\"font-family: Roboto;\">\u00a0 \u00a0 \u00a0 \u00a0 Store nitroglycerin at room temperature away from moisture and heat.<\/span><\/div>\n<div style=\"text-align: left;\"><span style=\"font-family: Roboto;\">\u00a0 \u00a0 \u00a0 \u00a0 Keep the spray away from open flame or high heat, such as in a car on a hot day. The canister may explode if it gets too hot.<\/span><\/div>\n<div style=\"text-align: left;\"><span style=\"font-family: Roboto;\">\u00a0<\/span><\/div>\n<div style=\"text-align: left;\"><span style=\"font-family: Roboto;\"><b>What happens if I miss a dose?<\/b><\/span><\/div>\n<div style=\"text-align: left;\"><span style=\"font-family: Roboto;\">\u00a0 \u00a0 \u00a0 \u00a0 Since nitroglycerin is used when needed, you may not be on a dosing schedule. If you are on a schedule, the medicine as soon as you can, but skip the missed dose if your next dose is due in less than 2 hours. Do not use two doses at one time.<\/span><\/div>\n<div style=\"text-align: left;\"><span style=\"font-family: Roboto;\">\u00a0<\/span><\/div>\n<div style=\"text-align: left;\"><span style=\"font-family: Roboto;\"><b>What should I avoid while taking nitroglycerin?<\/b><\/span><\/div>\n<div style=\"text-align: left;\"><span style=\"font-family: Roboto;\">\u00a0 \u00a0 \u00a0 \u00a0 Avoid getting up too fast from a sitting or lying position, or you may feel dizzy.<\/span><\/div>\n<div style=\"text-align: left;\"><span style=\"font-family: Roboto;\">\u00a0 \u00a0 \u00a0 \u00a0 Drinking alcohol can increase certain side effects such as dizziness, drowsiness, feeling light-headed, or fainting.<\/span><\/div>\n<div style=\"text-align: left;\"><span style=\"font-family: Roboto;\">\u00a0<\/span><\/div>\n<div style=\"text-align: left;\"><span style=\"font-family: Roboto;\"><b>Nitroglycerin side effects<\/b><\/span><\/div>\n<div style=\"text-align: left;\"><span style=\"font-family: Roboto;\">\u00a0 \u00a0 \u00a0 \u00a0 Get emergency medical help if you have signs of an allergic reaction: hives; difficult breathing; swelling of your face, lips, tongue, or throat.<\/span><\/div>\n<div style=\"text-align: left;\"><span style=\"font-family: Roboto;\">Call your doctor at once if you have:<\/span><\/div>\n<div style=\"text-align: left;\"><span style=\"font-family: Roboto;\">\u2022 severe or throbbing headaches that do not become less severe with continued use of nitroglycerin;<\/span><\/div>\n<div style=\"text-align: left;\"><span style=\"font-family: Roboto;\">\u2022 pounding heartbeats or fluttering in your chest;<\/span><\/div>\n<div style=\"text-align: left;\"><span style=\"font-family: Roboto;\">\u2022 slow heart rate;<\/span><\/div>\n<div style=\"text-align: left;\"><span style=\"font-family: Roboto;\">\u2022 a light-headed feeling, like you might pass out;<\/span><\/div>\n<div style=\"text-align: left;\"><span style=\"font-family: Roboto;\">\u2022 blurred vision or dry mouth; or<\/span><\/div>\n<div style=\"text-align: left;\"><span style=\"font-family: Roboto;\">\u2022 heart attack symptoms&#8211;chest pain or pressure, pain spreading to your jaw or shoulder, nausea, sweating.<\/span><\/div>\n<div style=\"text-align: left;\"><span style=\"font-family: Roboto;\">\u00a0 \u00a0 \u00a0 \u00a0 Nitroglycerin can cause severe headaches. These headaches may gradually become less severe as you continue to use nitroglycerin. Do not stop taking nitroglycerin. Ask your doctor before using any headache pain medication.<\/span><\/div>\n<div style=\"text-align: left;\"><span style=\"font-family: Roboto;\"><b>\u00a0<\/b><\/span><\/div>\n<div style=\"text-align: left;\"><span style=\"font-family: Roboto;\"><b>Common side effects may include:<\/b><\/span><\/div>\n<div style=\"text-align: left;\"><span style=\"font-family: Roboto;\">\u2022 headache, dizziness; or<\/span><\/div>\n<div style=\"text-align: left;\"><span style=\"font-family: Roboto;\">\u2022 numbness, tingling, burning pain.<\/span><\/div>\n<div style=\"text-align: left;\"><span style=\"font-family: Roboto;\">\u00a0<\/span><\/div>\n<div style=\"text-align: left;\"><span style=\"font-family: Roboto;\"><b>What other drugs will affect nitroglycerin?<\/b><\/span><\/div>\n<div style=\"text-align: left;\"><span style=\"font-family: Roboto;\">Tell your doctor about all your current medicines, especially:<\/span><\/div>\n<div style=\"text-align: left;\"><span style=\"font-family: Roboto;\">\u2022 aspirin, heparin;<\/span><\/div>\n<div style=\"text-align: left;\"><span style=\"font-family: Roboto;\">\u2022 medicine used to treat blood clots;<\/span><\/div>\n<div style=\"text-align: left;\"><span style=\"font-family: Roboto;\">\u2022 blood pressure medication; or<\/span><\/div>\n<div style=\"text-align: left;\"><span style=\"font-family: Roboto;\">\u2022 ergot medicine&#8211;dihydroergotamine, ergotamine, ergonovine, methylergonovine.<\/span><\/div>\n<div style=\"text-align: left;\"><span style=\"font-family: Roboto;\">\u00a0<\/span><\/div>\n<div style=\"text-align: left;\"><span style=\"font-family: Roboto;\">\u00a0 \u00a0 \u00a0 \u00a0 This list is not complete and many other drugs may affect nitroglycerin. This includes prescription and over-the-counter medicines, vitamins, and herbal products. Not all possible drug interactions are listed here.<\/span><\/div>\n<div><\/div>\n","protected":false},"excerpt":{"rendered":"<div><strong>Commercial Name:<\/strong>\u00a0Nitroglycerin<\/div>\n<div><strong>Active Ingredient:<\/strong>\u00a0Nitroglycerin<\/div>\n<div><strong>Production form:<\/strong>\u00a0Pills<\/div>\n<div><strong>Utilization:<\/strong>\u00a0Used to prevent chronic chest pain caused by heart disease<\/div>\n<div><strong>Available Dosages:<\/strong>\u00a00.5mg, 2.5mg and 6.5mg<\/div>\n","protected":false},"featured_media":1417,"comment_status":"open","ping_status":"closed","template":"","meta":[],"product_cat":[27],"product_tag":[],"class_list":{"0":"post-1416","1":"product","2":"type-product","3":"status-publish","4":"has-post-thumbnail","6":"product_cat-blood-pressure","8":"first","9":"instock","10":"shipping-taxable","11":"product-type-grouped"},"yoast_head":"<!-- This site is optimized with the Yoast SEO plugin v20.0 - https:\/\/yoast.com\/wordpress\/plugins\/seo\/ -->\n<title>Objednejte Nitroglycerin bez receptu za n\u00edzkou cenu | Eurorxdrugs<\/title>\n<meta name=\"description\" content=\"Kupte Nitroglycerin nyn\u00ed! Origin\u00e1ln\u00ed l\u00e9ky a rychl\u00e9 doru\u010den\u00ed v cen\u011b. 100% diskr\u00e9tn\u00ed a d\u016fv\u011brn\u00fd servis pro v\u0161echny na\u0161e z\u00e1kazn\u00edky na Eurorxdrugs\" \/>\n<meta name=\"robots\" content=\"index, follow, max-snippet:-1, max-image-preview:large, max-video-preview:-1\" \/>\n<link rel=\"canonical\" href=\"https:\/\/eurorxdrugs.cc\/cs\/product\/nitroglycerin\/\" \/>\n<meta property=\"og:locale\" content=\"cs_CZ\" \/>\n<meta property=\"og:type\" content=\"article\" \/>\n<meta property=\"og:title\" content=\"Objednejte Nitroglycerin bez receptu za n\u00edzkou cenu | Eurorxdrugs\" \/>\n<meta property=\"og:description\" content=\"Kupte Nitroglycerin nyn\u00ed! Origin\u00e1ln\u00ed l\u00e9ky a rychl\u00e9 doru\u010den\u00ed v cen\u011b. 100% diskr\u00e9tn\u00ed a d\u016fv\u011brn\u00fd servis pro v\u0161echny na\u0161e z\u00e1kazn\u00edky na Eurorxdrugs\" \/>\n<meta property=\"og:url\" content=\"https:\/\/eurorxdrugs.cc\/cs\/product\/nitroglycerin\/\" \/>\n<meta property=\"og:site_name\" content=\"eurorxdrugs\" \/>\n<meta property=\"article:modified_time\" content=\"2024-09-07T18:42:24+00:00\" \/>\n<meta property=\"og:image\" content=\"https:\/\/eurorxdrugs.cc\/cs\/wp-content\/uploads\/2024\/09\/252-min.jpg\" \/>\n\t<meta property=\"og:image:width\" content=\"270\" \/>\n\t<meta property=\"og:image:height\" content=\"300\" \/>\n\t<meta property=\"og:image:type\" content=\"image\/jpeg\" \/>\n<meta name=\"twitter:card\" content=\"summary_large_image\" \/>\n<meta name=\"twitter:label1\" content=\"Odhadovan\u00e1 doba \u010dten\u00ed\" \/>\n\t<meta name=\"twitter:data1\" content=\"4 minuty\" \/>\n<script type=\"application\/ld+json\" class=\"yoast-schema-graph\">{\"@context\":\"https:\/\/schema.org\",\"@graph\":[{\"@type\":\"WebPage\",\"@id\":\"https:\/\/eurorxdrugs.cc\/cs\/product\/nitroglycerin\/\",\"url\":\"https:\/\/eurorxdrugs.cc\/cs\/product\/nitroglycerin\/\",\"name\":\"Objednejte Nitroglycerin bez receptu za n\u00edzkou cenu | Eurorxdrugs\",\"isPartOf\":{\"@id\":\"https:\/\/eurorxdrugs.cc\/cs\/#website\"},\"datePublished\":\"2024-09-07T18:30:29+00:00\",\"dateModified\":\"2024-09-07T18:42:24+00:00\",\"description\":\"Kupte Nitroglycerin nyn\u00ed! Origin\u00e1ln\u00ed l\u00e9ky a rychl\u00e9 doru\u010den\u00ed v cen\u011b. 100% diskr\u00e9tn\u00ed a d\u016fv\u011brn\u00fd servis pro v\u0161echny na\u0161e z\u00e1kazn\u00edky na Eurorxdrugs\",\"breadcrumb\":{\"@id\":\"https:\/\/eurorxdrugs.cc\/cs\/product\/nitroglycerin\/#breadcrumb\"},\"inLanguage\":\"cs\",\"potentialAction\":[{\"@type\":\"ReadAction\",\"target\":[\"https:\/\/eurorxdrugs.cc\/cs\/product\/nitroglycerin\/\"]}]},{\"@type\":\"BreadcrumbList\",\"@id\":\"https:\/\/eurorxdrugs.cc\/cs\/product\/nitroglycerin\/#breadcrumb\",\"itemListElement\":[{\"@type\":\"ListItem\",\"position\":1,\"name\":\"Home\",\"item\":\"https:\/\/eurorxdrugs.cc\/cs\/\"},{\"@type\":\"ListItem\",\"position\":2,\"name\":\"Products\",\"item\":\"https:\/\/eurorxdrugs.cc\/cs\/shop\/\"},{\"@type\":\"ListItem\",\"position\":3,\"name\":\"Nitroglycerin\"}]},{\"@type\":\"WebSite\",\"@id\":\"https:\/\/eurorxdrugs.cc\/cs\/#website\",\"url\":\"https:\/\/eurorxdrugs.cc\/cs\/\",\"name\":\"eurorxdrugs\",\"description\":\"\",\"publisher\":{\"@id\":\"https:\/\/eurorxdrugs.cc\/cs\/#organization\"},\"potentialAction\":[{\"@type\":\"SearchAction\",\"target\":{\"@type\":\"EntryPoint\",\"urlTemplate\":\"https:\/\/eurorxdrugs.cc\/cs\/?s={search_term_string}\"},\"query-input\":\"required name=search_term_string\"}],\"inLanguage\":\"cs\"},{\"@type\":\"Organization\",\"@id\":\"https:\/\/eurorxdrugs.cc\/cs\/#organization\",\"name\":\"eurorxdrugs\",\"url\":\"https:\/\/eurorxdrugs.cc\/cs\/\",\"logo\":{\"@type\":\"ImageObject\",\"inLanguage\":\"cs\",\"@id\":\"https:\/\/eurorxdrugs.cc\/cs\/#\/schema\/logo\/image\/\",\"url\":\"https:\/\/eurorxdrugs.cc\/cs\/wp-content\/uploads\/2024\/09\/logo-1-1.png\",\"contentUrl\":\"https:\/\/eurorxdrugs.cc\/cs\/wp-content\/uploads\/2024\/09\/logo-1-1.png\",\"width\":233,\"height\":54,\"caption\":\"eurorxdrugs\"},\"image\":{\"@id\":\"https:\/\/eurorxdrugs.cc\/cs\/#\/schema\/logo\/image\/\"}}]}<\/script>\n<!-- \/ Yoast SEO plugin. -->","yoast_head_json":{"title":"Objednejte Nitroglycerin bez receptu za n\u00edzkou cenu | Eurorxdrugs","description":"Kupte Nitroglycerin nyn\u00ed! Origin\u00e1ln\u00ed l\u00e9ky a rychl\u00e9 doru\u010den\u00ed v cen\u011b. 100% diskr\u00e9tn\u00ed a d\u016fv\u011brn\u00fd servis pro v\u0161echny na\u0161e z\u00e1kazn\u00edky na Eurorxdrugs","robots":{"index":"index","follow":"follow","max-snippet":"max-snippet:-1","max-image-preview":"max-image-preview:large","max-video-preview":"max-video-preview:-1"},"canonical":"https:\/\/eurorxdrugs.cc\/cs\/product\/nitroglycerin\/","og_locale":"cs_CZ","og_type":"article","og_title":"Objednejte Nitroglycerin bez receptu za n\u00edzkou cenu | Eurorxdrugs","og_description":"Kupte Nitroglycerin nyn\u00ed! Origin\u00e1ln\u00ed l\u00e9ky a rychl\u00e9 doru\u010den\u00ed v cen\u011b. 100% diskr\u00e9tn\u00ed a d\u016fv\u011brn\u00fd servis pro v\u0161echny na\u0161e z\u00e1kazn\u00edky na Eurorxdrugs","og_url":"https:\/\/eurorxdrugs.cc\/cs\/product\/nitroglycerin\/","og_site_name":"eurorxdrugs","article_modified_time":"2024-09-07T18:42:24+00:00","og_image":[{"width":270,"height":300,"url":"https:\/\/eurorxdrugs.cc\/cs\/wp-content\/uploads\/2024\/09\/252-min.jpg","type":"image\/jpeg"}],"twitter_card":"summary_large_image","twitter_misc":{"Odhadovan\u00e1 doba \u010dten\u00ed":"4 minuty"},"schema":{"@context":"https:\/\/schema.org","@graph":[{"@type":"WebPage","@id":"https:\/\/eurorxdrugs.cc\/cs\/product\/nitroglycerin\/","url":"https:\/\/eurorxdrugs.cc\/cs\/product\/nitroglycerin\/","name":"Objednejte Nitroglycerin bez receptu za n\u00edzkou cenu | Eurorxdrugs","isPartOf":{"@id":"https:\/\/eurorxdrugs.cc\/cs\/#website"},"datePublished":"2024-09-07T18:30:29+00:00","dateModified":"2024-09-07T18:42:24+00:00","description":"Kupte Nitroglycerin nyn\u00ed! Origin\u00e1ln\u00ed l\u00e9ky a rychl\u00e9 doru\u010den\u00ed v cen\u011b. 100% diskr\u00e9tn\u00ed a d\u016fv\u011brn\u00fd servis pro v\u0161echny na\u0161e z\u00e1kazn\u00edky na Eurorxdrugs","breadcrumb":{"@id":"https:\/\/eurorxdrugs.cc\/cs\/product\/nitroglycerin\/#breadcrumb"},"inLanguage":"cs","potentialAction":[{"@type":"ReadAction","target":["https:\/\/eurorxdrugs.cc\/cs\/product\/nitroglycerin\/"]}]},{"@type":"BreadcrumbList","@id":"https:\/\/eurorxdrugs.cc\/cs\/product\/nitroglycerin\/#breadcrumb","itemListElement":[{"@type":"ListItem","position":1,"name":"Home","item":"https:\/\/eurorxdrugs.cc\/cs\/"},{"@type":"ListItem","position":2,"name":"Products","item":"https:\/\/eurorxdrugs.cc\/cs\/shop\/"},{"@type":"ListItem","position":3,"name":"Nitroglycerin"}]},{"@type":"WebSite","@id":"https:\/\/eurorxdrugs.cc\/cs\/#website","url":"https:\/\/eurorxdrugs.cc\/cs\/","name":"eurorxdrugs","description":"","publisher":{"@id":"https:\/\/eurorxdrugs.cc\/cs\/#organization"},"potentialAction":[{"@type":"SearchAction","target":{"@type":"EntryPoint","urlTemplate":"https:\/\/eurorxdrugs.cc\/cs\/?s={search_term_string}"},"query-input":"required name=search_term_string"}],"inLanguage":"cs"},{"@type":"Organization","@id":"https:\/\/eurorxdrugs.cc\/cs\/#organization","name":"eurorxdrugs","url":"https:\/\/eurorxdrugs.cc\/cs\/","logo":{"@type":"ImageObject","inLanguage":"cs","@id":"https:\/\/eurorxdrugs.cc\/cs\/#\/schema\/logo\/image\/","url":"https:\/\/eurorxdrugs.cc\/cs\/wp-content\/uploads\/2024\/09\/logo-1-1.png","contentUrl":"https:\/\/eurorxdrugs.cc\/cs\/wp-content\/uploads\/2024\/09\/logo-1-1.png","width":233,"height":54,"caption":"eurorxdrugs"},"image":{"@id":"https:\/\/eurorxdrugs.cc\/cs\/#\/schema\/logo\/image\/"}}]}},"_links":{"self":[{"href":"https:\/\/eurorxdrugs.cc\/cs\/wp-json\/wp\/v2\/product\/1416","targetHints":{"allow":["GET"]}}],"collection":[{"href":"https:\/\/eurorxdrugs.cc\/cs\/wp-json\/wp\/v2\/product"}],"about":[{"href":"https:\/\/eurorxdrugs.cc\/cs\/wp-json\/wp\/v2\/types\/product"}],"replies":[{"embeddable":true,"href":"https:\/\/eurorxdrugs.cc\/cs\/wp-json\/wp\/v2\/comments?post=1416"}],"wp:featuredmedia":[{"embeddable":true,"href":"https:\/\/eurorxdrugs.cc\/cs\/wp-json\/wp\/v2\/media\/1417"}],"wp:attachment":[{"href":"https:\/\/eurorxdrugs.cc\/cs\/wp-json\/wp\/v2\/media?parent=1416"}],"wp:term":[{"taxonomy":"product_cat","embeddable":true,"href":"https:\/\/eurorxdrugs.cc\/cs\/wp-json\/wp\/v2\/product_cat?post=1416"},{"taxonomy":"product_tag","embeddable":true,"href":"https:\/\/eurorxdrugs.cc\/cs\/wp-json\/wp\/v2\/product_tag?post=1416"}],"curies":[{"name":"wp","href":"https:\/\/api.w.org\/{rel}","templated":true}]}}