{"id":1500,"date":"2024-09-07T19:32:00","date_gmt":"2024-09-07T19:32:00","guid":{"rendered":"https:\/\/eurorxdrugs.cc\/cs\/?post_type=product&#038;p=1500"},"modified":"2024-10-26T11:56:04","modified_gmt":"2024-10-26T11:56:04","slug":"ozempic-semaglutide-injection","status":"publish","type":"product","link":"https:\/\/eurorxdrugs.cc\/cs\/product\/ozempic-semaglutide-injection\/","title":{"rendered":"Ozempic (semaglutide) injection"},"content":{"rendered":"<div style=\"text-align: left;\">Ozempic is a medicine that has been shown to aid in weight loss. It can help to reduce appetite and enhance weight loss. The medicine is injected once weekly. The injection works by reducing your appetite and when used in conjunction with a healthy diet and exercise can help to reduce weight.<\/div>\n<div style=\"text-align: left;\"><\/div>\n<div style=\"text-align: left;\">Ozempic Semaglutide is a treatment used for type 2 diabetes but also very helpful for weight loss. You can buy Ozempic online from our store \u00a0and get it delivered to your door securely.<\/div>\n<div style=\"text-align: left;\"><\/div>\n<div style=\"text-align: left;\">Ozempic is available online and is administered in the form of a metered subcutaneous injection which is in a prefixed pen. The dose is injected once weekly. The injection works by reducing your appetite and when used in conjunction with a healthy diet and exercise can help to reduce weight.<\/div>\n<div style=\"text-align: left;\"><\/div>\n<div style=\"text-align: left;\">What Is Ozempic Semaglutide?<\/div>\n<div style=\"text-align: left;\"><\/div>\n<div style=\"text-align: left;\">Ozempic or as it is generically known as Semaglutide is a treatment used for weight loss. This works through the reduction of appetite by binding to GLP-1 receptors in the body. When used with a balanced diet and an exercise regime, it can help to reduce weight in patients whose BMI (Body Mass Index) is over 30.<\/div>\n<div style=\"text-align: left;\"><\/div>\n<div style=\"text-align: left;\"><b>How Does Ozempic Semaglutide Work?<\/b><\/div>\n<div style=\"text-align: left;\"><b>\u00a0<\/b><\/div>\n<div style=\"text-align: left;\">Ozempic is the brand name of the medication Semaglutide, which also the active ingredient in this medicine. It belongs to a class of medicine called glucagon-like peptide-1 (GLP-1) agonists.<\/div>\n<div style=\"text-align: left;\"><\/div>\n<div style=\"text-align: left;\">GLP-1 agonists work by mimicking and copying the natural work of hormones called incretins. Incretins are a group of hormones that control the functions of the pancreas. GLP-1 agonists act on the pancreas by increasing insuling production and reducing glucagon levels in the body. In doing this, it also causes the stomach to slow down gastric emptying, stimulating a fuller feeling and ultimately helps you to lose weight.<\/div>\n<div style=\"text-align: left;\"><\/div>\n<div style=\"text-align: left;\"><b>Ozempic Semaglutide Dosage<\/b><\/div>\n<div style=\"text-align: left;\"><b>\u00a0<\/b><\/div>\n<div style=\"text-align: left;\">There are two different Ozempic pens. Both contain 2 mg\/1.5 mL (1.34 mg\/mL) of the medicine, but the pens give different doses.<\/div>\n<ul style=\"text-align: left;\">\n<li>One pen delivers 0.25 mg or 0.5 mg per injection. When you first start taking Ozempic, your doctor will recommend this pen. Each of these pens can be used four to six times.<\/li>\n<li>The other pen delivers 1 mg per injection. You\u2019ll use this pen If you need a higher dose to control your blood sugar levels. Each of these pens can only be used twice.<\/li>\n<\/ul>\n<div style=\"text-align: left;\"><\/div>\n<div style=\"text-align: left;\"><b>Precautions and Side Effects<\/b><\/div>\n<div style=\"text-align: left;\"><b>\u00a0<\/b><\/div>\n<div style=\"text-align: left;\">For proper administration and to make sure that this medicine is suitable for you, follow all the precautionary measures that are mentioned here:<\/div>\n<div style=\"text-align: left;\"><\/div>\n<ul style=\"text-align: left;\">\n<li>Before taking this medication make sure that you are not allergic or intolerant to Semaglutide or any other ingredient present in this medication.<\/li>\n<li>If you are using any prescription or non-prescription medication, tell your doctor about it.<\/li>\n<li>If you have or ever had pancreatitis (inflammation of the pancreas), diabetic retinopathy or any kidney disease make sure you\u2019re doctor knows about it.<\/li>\n<li>If you\u2019re pregnant, planning to become pregnant or breastfeeding, tell your doctor before using this medication. If you are planning a pregnancy, your doctor will likely tell you to stop this medicine two months before pregnancy.<\/li>\n<li>If you forget to take a dose, take it as soon as you remember. If more than five days have passed since you\u2019ve taken a dose, skip this missed dose and take the next one on the schedule.<\/li>\n<li>Before using the Ozempic pen, make sure that the liquid in the pen is clear. Don\u2019t use this pen if the liquid appears to be coloured, cloudy, thickened or contains particles.<\/li>\n<\/ul>\n<div style=\"text-align: left;\">Ozempic (Semaglutide) has some side effects but the majority of the times people don\u2019t experience any side effects. But if you notice any of these side effects tell your doctor immediately.<\/div>\n<div style=\"text-align: left;\"><\/div>\n<div style=\"text-align: left;\">The common side effects of this medication are fairly tolerable, they include burping, nausea, vomiting, diarrhoea, constipation and abdominal pain.<\/div>\n<div style=\"text-align: left;\"><\/div>\n<div style=\"text-align: left;\">Some serious side effects are decreased urination, water retention<\/div>\n<div style=\"text-align: left;\"><\/div>\n<div style=\"text-align: left;\"><b>How Do I Use Ozempic Semaglutide?<\/b><\/div>\n<div style=\"text-align: left;\"><b>\u00a0<\/b><\/div>\n<div style=\"text-align: left;\">Use this medication according to the instructions. If you are unsure about anything check with your doctor or pharmacist.<\/div>\n<div style=\"text-align: left;\"><\/div>\n<div style=\"text-align: left;\">Ozempic injection comes in a prefixed pen. This pen allows you to inject the medicine yourself. Each Ozempic pen comes with several needles. You should use a new needle every time when injecting yourself with this medicine.<\/div>\n<div style=\"text-align: left;\"><\/div>\n<ul style=\"text-align: left;\">\n<li>Before each use, wash your hands with soap and water.<\/li>\n<li>Prepare your pen. Check your pen to be sure the liquid medicine is clear, colorless and free of particles. If not, don\u2019t use it.<\/li>\n<li>Attach the needle. Pull off the outer and inner needle caps and throw them away. The Ozempic pen should be used with Novo Nordisk disposable needles that are supplied with your pen. Always use a new needle for each injection.<\/li>\n<li><b>Check the Ozempic flow before your first injection with each new pen.<\/b><\/li>\n<li>If you drop your pen or suspect a problem, attach a new needle and check the Ozempic flow before you inject.<\/li>\n<\/ul>\n<div style=\"text-align: left;\"><\/div>\n<div style=\"text-align: left;\"><b>Select and inject your dose<\/b><\/div>\n<div style=\"text-align: left;\"><\/div>\n<ul style=\"text-align: left;\">\n<li>Select your dose by dialing the pen to the dose that the doctor prescribed for you. If you select the wrong dose, you can turn the dose selector forward or backwards to the correct dose.<\/li>\n<li>Wipe your skin using an alcohol pad at the place where you will inject and let it dry. Insert the needle into your skin in the stomach (abdomen), thigh or upper arm.<\/li>\n<li>Press down on the center of the dose button to inject until \u201c0 mg\u201d lines up with the pointer.<\/li>\n<li>Keep the dose button pressed down, keep the needle under the skin, and slowly count to 6 to make sure the full dose is injected. Keep your thumb on the injection button until you remove the needle from your skin.<\/li>\n<li>Withdrawal the needle from your injection site. If blood appears at the injection site, press lightly with a gauze pad or cotton ball. Do not rub the area.<\/li>\n<\/ul>\n<div style=\"text-align: left;\"><b>Discard your needle<\/b><\/div>\n<div style=\"text-align: left;\"><b>\u00a0<\/b><\/div>\n<ul style=\"text-align: left;\">\n<li>Carefully remove the needle from the pen and dispose of it in an FDA-approved sharps container. Do not throw away loose needles and pens in your household trash.<\/li>\n<li>Do not put the needle caps back on the needle to avoid needle sticks. Store your pen without the needle attached. DO NOT reuse or share needles.<\/li>\n<li>Put the pen cap on your pen after each use to protect Ozempic from light.<\/li>\n<li>Always keep your pen with you. Do not leave it in a car or other place where it can get too hot or too cold. Keep it out of reach of others, especially children and pets.<\/li>\n<\/ul>\n<div style=\"text-align: left;\"><b>To check the flow<\/b><\/div>\n<div style=\"text-align: left;\"><b>\u00a0<\/b><\/div>\n<ul>\n<li style=\"text-align: left;\">The first time you use each new Ozempic pen be sure to dial to the flow check symbol. You only need to do this once with each new pen. Turn the dose selector until the flow check symbol lines up with pointer.<\/li>\n<li style=\"text-align: left;\">Hold the pen with the needle pointing up. Keep the needle pointing up and press the dose button until &#8222;0 mg&#8220; lines up with the pointer. A drop of Ozempic will appear at the tip of the needle.<\/li>\n<li style=\"text-align: left;\">If there is no drop, repeat steps 1 and 2, up to 6 times, until a drop of Ozempic appears at the needle tip. If there is still no drop, change the needle and repeat Step 1 and 2 one more time. Do not use the pen if a drop of Ozempic still does not appear.<\/li>\n<\/ul>\n","protected":false},"excerpt":{"rendered":"<div class=\"main_product_cat\"><strong>Commercial Name:<\/strong>\u00a0Ozempic<\/div>\n<div class=\"main_product_text\">\n<div><strong>Active Ingredient:<\/strong>\u00a0semaglutide<\/div>\n<div><strong>Production form:<\/strong>\u00a0injection pen<\/div>\n<div><strong>Utilization:<\/strong>\u00a0weight loss<\/div>\n<div><strong>Available Dosage:\u00a0<\/strong>1mg, 0.5mg<\/div>\n<\/div>\n","protected":false},"featured_media":1501,"comment_status":"open","ping_status":"closed","template":"","meta":[],"product_cat":[84],"product_tag":[],"class_list":{"0":"post-1500","1":"product","2":"type-product","3":"status-publish","4":"has-post-thumbnail","6":"product_cat-abnehmmittel","8":"first","9":"instock","10":"shipping-taxable","11":"product-type-grouped"},"yoast_head":"<!-- This site is optimized with the Yoast SEO plugin v20.0 - https:\/\/yoast.com\/wordpress\/plugins\/seo\/ -->\n<title>Objednejte Ozempic (semaglutide) injection bez receptu za n\u00edzkou cenu | Eurorxdrugs<\/title>\n<meta name=\"description\" content=\"Kupte Ozempic (semaglutide) injection nyn\u00ed! Origin\u00e1ln\u00ed l\u00e9ky a rychl\u00e9 doru\u010den\u00ed v cen\u011b. 100% diskr\u00e9tn\u00ed a d\u016fv\u011brn\u00fd servis pro v\u0161echny na\u0161e z\u00e1kazn\u00edky na Eurorxdrugs\" \/>\n<meta name=\"robots\" content=\"index, follow, max-snippet:-1, max-image-preview:large, max-video-preview:-1\" \/>\n<link rel=\"canonical\" href=\"https:\/\/eurorxdrugs.cc\/cs\/product\/ozempic-semaglutide-injection\/\" \/>\n<meta property=\"og:locale\" content=\"cs_CZ\" \/>\n<meta property=\"og:type\" content=\"article\" \/>\n<meta property=\"og:title\" content=\"Objednejte Ozempic (semaglutide) injection bez receptu za n\u00edzkou cenu | Eurorxdrugs\" \/>\n<meta property=\"og:description\" content=\"Kupte Ozempic (semaglutide) injection nyn\u00ed! Origin\u00e1ln\u00ed l\u00e9ky a rychl\u00e9 doru\u010den\u00ed v cen\u011b. 100% diskr\u00e9tn\u00ed a d\u016fv\u011brn\u00fd servis pro v\u0161echny na\u0161e z\u00e1kazn\u00edky na Eurorxdrugs\" \/>\n<meta property=\"og:url\" content=\"https:\/\/eurorxdrugs.cc\/cs\/product\/ozempic-semaglutide-injection\/\" \/>\n<meta property=\"og:site_name\" content=\"eurorxdrugs\" \/>\n<meta property=\"article:modified_time\" content=\"2024-10-26T11:56:04+00:00\" \/>\n<meta property=\"og:image\" content=\"https:\/\/eurorxdrugs.cc\/cs\/wp-content\/uploads\/2024\/09\/402-min.jpg\" \/>\n\t<meta property=\"og:image:width\" content=\"270\" \/>\n\t<meta property=\"og:image:height\" content=\"300\" \/>\n\t<meta property=\"og:image:type\" content=\"image\/jpeg\" \/>\n<meta name=\"twitter:card\" content=\"summary_large_image\" \/>\n<meta name=\"twitter:label1\" content=\"Odhadovan\u00e1 doba \u010dten\u00ed\" \/>\n\t<meta name=\"twitter:data1\" content=\"6 minut\" \/>\n<script type=\"application\/ld+json\" class=\"yoast-schema-graph\">{\"@context\":\"https:\/\/schema.org\",\"@graph\":[{\"@type\":\"WebPage\",\"@id\":\"https:\/\/eurorxdrugs.cc\/cs\/product\/ozempic-semaglutide-injection\/\",\"url\":\"https:\/\/eurorxdrugs.cc\/cs\/product\/ozempic-semaglutide-injection\/\",\"name\":\"Objednejte Ozempic (semaglutide) injection bez receptu za n\u00edzkou cenu | Eurorxdrugs\",\"isPartOf\":{\"@id\":\"https:\/\/eurorxdrugs.cc\/cs\/#website\"},\"datePublished\":\"2024-09-07T19:32:00+00:00\",\"dateModified\":\"2024-10-26T11:56:04+00:00\",\"description\":\"Kupte Ozempic (semaglutide) injection nyn\u00ed! Origin\u00e1ln\u00ed l\u00e9ky a rychl\u00e9 doru\u010den\u00ed v cen\u011b. 100% diskr\u00e9tn\u00ed a d\u016fv\u011brn\u00fd servis pro v\u0161echny na\u0161e z\u00e1kazn\u00edky na Eurorxdrugs\",\"breadcrumb\":{\"@id\":\"https:\/\/eurorxdrugs.cc\/cs\/product\/ozempic-semaglutide-injection\/#breadcrumb\"},\"inLanguage\":\"cs\",\"potentialAction\":[{\"@type\":\"ReadAction\",\"target\":[\"https:\/\/eurorxdrugs.cc\/cs\/product\/ozempic-semaglutide-injection\/\"]}]},{\"@type\":\"BreadcrumbList\",\"@id\":\"https:\/\/eurorxdrugs.cc\/cs\/product\/ozempic-semaglutide-injection\/#breadcrumb\",\"itemListElement\":[{\"@type\":\"ListItem\",\"position\":1,\"name\":\"Home\",\"item\":\"https:\/\/eurorxdrugs.cc\/cs\/\"},{\"@type\":\"ListItem\",\"position\":2,\"name\":\"Products\",\"item\":\"https:\/\/eurorxdrugs.cc\/cs\/shop\/\"},{\"@type\":\"ListItem\",\"position\":3,\"name\":\"Ozempic (semaglutide) injection\"}]},{\"@type\":\"WebSite\",\"@id\":\"https:\/\/eurorxdrugs.cc\/cs\/#website\",\"url\":\"https:\/\/eurorxdrugs.cc\/cs\/\",\"name\":\"eurorxdrugs\",\"description\":\"\",\"publisher\":{\"@id\":\"https:\/\/eurorxdrugs.cc\/cs\/#organization\"},\"potentialAction\":[{\"@type\":\"SearchAction\",\"target\":{\"@type\":\"EntryPoint\",\"urlTemplate\":\"https:\/\/eurorxdrugs.cc\/cs\/?s={search_term_string}\"},\"query-input\":\"required name=search_term_string\"}],\"inLanguage\":\"cs\"},{\"@type\":\"Organization\",\"@id\":\"https:\/\/eurorxdrugs.cc\/cs\/#organization\",\"name\":\"eurorxdrugs\",\"url\":\"https:\/\/eurorxdrugs.cc\/cs\/\",\"logo\":{\"@type\":\"ImageObject\",\"inLanguage\":\"cs\",\"@id\":\"https:\/\/eurorxdrugs.cc\/cs\/#\/schema\/logo\/image\/\",\"url\":\"https:\/\/eurorxdrugs.cc\/cs\/wp-content\/uploads\/2024\/09\/logo-1-1.png\",\"contentUrl\":\"https:\/\/eurorxdrugs.cc\/cs\/wp-content\/uploads\/2024\/09\/logo-1-1.png\",\"width\":233,\"height\":54,\"caption\":\"eurorxdrugs\"},\"image\":{\"@id\":\"https:\/\/eurorxdrugs.cc\/cs\/#\/schema\/logo\/image\/\"}}]}<\/script>\n<!-- \/ Yoast SEO plugin. -->","yoast_head_json":{"title":"Objednejte Ozempic (semaglutide) injection bez receptu za n\u00edzkou cenu | Eurorxdrugs","description":"Kupte Ozempic (semaglutide) injection nyn\u00ed! Origin\u00e1ln\u00ed l\u00e9ky a rychl\u00e9 doru\u010den\u00ed v cen\u011b. 100% diskr\u00e9tn\u00ed a d\u016fv\u011brn\u00fd servis pro v\u0161echny na\u0161e z\u00e1kazn\u00edky na Eurorxdrugs","robots":{"index":"index","follow":"follow","max-snippet":"max-snippet:-1","max-image-preview":"max-image-preview:large","max-video-preview":"max-video-preview:-1"},"canonical":"https:\/\/eurorxdrugs.cc\/cs\/product\/ozempic-semaglutide-injection\/","og_locale":"cs_CZ","og_type":"article","og_title":"Objednejte Ozempic (semaglutide) injection bez receptu za n\u00edzkou cenu | Eurorxdrugs","og_description":"Kupte Ozempic (semaglutide) injection nyn\u00ed! Origin\u00e1ln\u00ed l\u00e9ky a rychl\u00e9 doru\u010den\u00ed v cen\u011b. 100% diskr\u00e9tn\u00ed a d\u016fv\u011brn\u00fd servis pro v\u0161echny na\u0161e z\u00e1kazn\u00edky na Eurorxdrugs","og_url":"https:\/\/eurorxdrugs.cc\/cs\/product\/ozempic-semaglutide-injection\/","og_site_name":"eurorxdrugs","article_modified_time":"2024-10-26T11:56:04+00:00","og_image":[{"width":270,"height":300,"url":"https:\/\/eurorxdrugs.cc\/cs\/wp-content\/uploads\/2024\/09\/402-min.jpg","type":"image\/jpeg"}],"twitter_card":"summary_large_image","twitter_misc":{"Odhadovan\u00e1 doba \u010dten\u00ed":"6 minut"},"schema":{"@context":"https:\/\/schema.org","@graph":[{"@type":"WebPage","@id":"https:\/\/eurorxdrugs.cc\/cs\/product\/ozempic-semaglutide-injection\/","url":"https:\/\/eurorxdrugs.cc\/cs\/product\/ozempic-semaglutide-injection\/","name":"Objednejte Ozempic (semaglutide) injection bez receptu za n\u00edzkou cenu | Eurorxdrugs","isPartOf":{"@id":"https:\/\/eurorxdrugs.cc\/cs\/#website"},"datePublished":"2024-09-07T19:32:00+00:00","dateModified":"2024-10-26T11:56:04+00:00","description":"Kupte Ozempic (semaglutide) injection nyn\u00ed! Origin\u00e1ln\u00ed l\u00e9ky a rychl\u00e9 doru\u010den\u00ed v cen\u011b. 100% diskr\u00e9tn\u00ed a d\u016fv\u011brn\u00fd servis pro v\u0161echny na\u0161e z\u00e1kazn\u00edky na Eurorxdrugs","breadcrumb":{"@id":"https:\/\/eurorxdrugs.cc\/cs\/product\/ozempic-semaglutide-injection\/#breadcrumb"},"inLanguage":"cs","potentialAction":[{"@type":"ReadAction","target":["https:\/\/eurorxdrugs.cc\/cs\/product\/ozempic-semaglutide-injection\/"]}]},{"@type":"BreadcrumbList","@id":"https:\/\/eurorxdrugs.cc\/cs\/product\/ozempic-semaglutide-injection\/#breadcrumb","itemListElement":[{"@type":"ListItem","position":1,"name":"Home","item":"https:\/\/eurorxdrugs.cc\/cs\/"},{"@type":"ListItem","position":2,"name":"Products","item":"https:\/\/eurorxdrugs.cc\/cs\/shop\/"},{"@type":"ListItem","position":3,"name":"Ozempic (semaglutide) injection"}]},{"@type":"WebSite","@id":"https:\/\/eurorxdrugs.cc\/cs\/#website","url":"https:\/\/eurorxdrugs.cc\/cs\/","name":"eurorxdrugs","description":"","publisher":{"@id":"https:\/\/eurorxdrugs.cc\/cs\/#organization"},"potentialAction":[{"@type":"SearchAction","target":{"@type":"EntryPoint","urlTemplate":"https:\/\/eurorxdrugs.cc\/cs\/?s={search_term_string}"},"query-input":"required name=search_term_string"}],"inLanguage":"cs"},{"@type":"Organization","@id":"https:\/\/eurorxdrugs.cc\/cs\/#organization","name":"eurorxdrugs","url":"https:\/\/eurorxdrugs.cc\/cs\/","logo":{"@type":"ImageObject","inLanguage":"cs","@id":"https:\/\/eurorxdrugs.cc\/cs\/#\/schema\/logo\/image\/","url":"https:\/\/eurorxdrugs.cc\/cs\/wp-content\/uploads\/2024\/09\/logo-1-1.png","contentUrl":"https:\/\/eurorxdrugs.cc\/cs\/wp-content\/uploads\/2024\/09\/logo-1-1.png","width":233,"height":54,"caption":"eurorxdrugs"},"image":{"@id":"https:\/\/eurorxdrugs.cc\/cs\/#\/schema\/logo\/image\/"}}]}},"_links":{"self":[{"href":"https:\/\/eurorxdrugs.cc\/cs\/wp-json\/wp\/v2\/product\/1500","targetHints":{"allow":["GET"]}}],"collection":[{"href":"https:\/\/eurorxdrugs.cc\/cs\/wp-json\/wp\/v2\/product"}],"about":[{"href":"https:\/\/eurorxdrugs.cc\/cs\/wp-json\/wp\/v2\/types\/product"}],"replies":[{"embeddable":true,"href":"https:\/\/eurorxdrugs.cc\/cs\/wp-json\/wp\/v2\/comments?post=1500"}],"wp:featuredmedia":[{"embeddable":true,"href":"https:\/\/eurorxdrugs.cc\/cs\/wp-json\/wp\/v2\/media\/1501"}],"wp:attachment":[{"href":"https:\/\/eurorxdrugs.cc\/cs\/wp-json\/wp\/v2\/media?parent=1500"}],"wp:term":[{"taxonomy":"product_cat","embeddable":true,"href":"https:\/\/eurorxdrugs.cc\/cs\/wp-json\/wp\/v2\/product_cat?post=1500"},{"taxonomy":"product_tag","embeddable":true,"href":"https:\/\/eurorxdrugs.cc\/cs\/wp-json\/wp\/v2\/product_tag?post=1500"}],"curies":[{"name":"wp","href":"https:\/\/api.w.org\/{rel}","templated":true}]}}