{"id":1519,"date":"2024-09-07T19:50:05","date_gmt":"2024-09-07T19:50:05","guid":{"rendered":"https:\/\/eurorxdrugs.cc\/cs\/?post_type=product&#038;p=1519"},"modified":"2024-09-07T20:05:44","modified_gmt":"2024-09-07T20:05:44","slug":"paxil-paroxetine","status":"publish","type":"product","link":"https:\/\/eurorxdrugs.cc\/cs\/product\/paxil-paroxetine\/","title":{"rendered":"Paxil (Paroxetine)"},"content":{"rendered":"<p style=\"font-weight: 400; text-align: left;\"><b><strong>Common use<\/strong><\/b><\/p>\n<p style=\"font-weight: 400; text-align: left;\">\u00a0\u00a0\u00a0\u00a0\u00a0\u00a0\u00a0\u00a0Paroxetine belongs to a class of selective serotonin reuptake inhibitors (SSRIs). This medication is used to treat major depression associated with mood disorders. It is also applied in the treatment of body dysmorphic disorder and anxiety.<\/p>\n<p style=\"font-weight: 400; text-align: left;\"><b><strong>Dosage and direction<\/strong><\/b><\/p>\n<p style=\"font-weight: 400; text-align: left;\">\u00a0\u00a0\u00a0\u00a0\u00a0\u00a0\u00a0\u00a0Take Paxil by mouth with a glass of water, with or without food. Avoid cutting, crushing or chewing this medicine. Do not take the medicine more often than it is prescribed. Do not give up taking it except on the advice of your doctor. It may need time for the medicine to help. Consult your doctor concerning proper dose for you.<\/p>\n<p style=\"font-weight: 400; text-align: left;\"><b><strong>Precautions<\/strong><\/b><\/p>\n<p style=\"font-weight: 400; text-align: left;\">\u00a0\u00a0\u00a0\u00a0\u00a0\u00a0\u00a0\u00a0Before taking Paroxetine tell your doctor or chemist if you are allergic to it; or if you have other allergies. Inform your doctor or chemist if you have bipolar confusion, eye, liver or kidney problems. Aged people can be more sensitive to side effects of the medicine. During the pregnancy this treatment should be used only when strongly necessary. As this medicament can be absorbed by skin, women who are pregnant or may become pregnant should not manipulate this medicine.<\/p>\n<p style=\"font-weight: 400; text-align: left;\"><b><strong>Contraindications<\/strong><\/b><\/p>\n<p style=\"font-weight: 400; text-align: left;\">\u00a0\u00a0\u00a0\u00a0\u00a0\u00a0\u00a0\u00a0Paxil should not be used by pregnant\/nursing women or children as well as by the patients having demonstrated a reaction of hypersensitivity to Paroxetine.<\/p>\n<p style=\"font-weight: 400; text-align: left;\"><b><strong>Possible side effect<\/strong><\/b><\/p>\n<p style=\"font-weight: 400; text-align: left;\">\u00a0\u00a0\u00a0\u00a0\u00a0\u00a0\u00a0\u00a0The most common side effects are quick and irregular pulse, tremor, anxiety, blurred vision, vomiting, fever, diarrhoeia, etc. A very serious allergic reaction rarely occurs. Many people using this medicine do not have serious side effects. Turn to your doctor or pharmacist for more details. In case you notice the effects not listed here, contact your doctor or pharmacist.<\/p>\n<p style=\"font-weight: 400; text-align: left;\"><b><strong>Drug interaction<\/strong><\/b><\/p>\n<p style=\"font-weight: 400; text-align: left;\">\u00a0\u00a0\u00a0\u00a0\u00a0\u00a0\u00a0\u00a0Tell your doctor or pharmacist of all prescription and nonprescription\/herbal products you may use before using this medication. Paroxetine can interact with: * MAO inhibitors: Furazolidone, Isocarboxazid, Linezolid, Moclobemide Tranylcypromine, etc. * Antiarrhythmic drugs: Propafenone, Quinidine, etc * Serotonin-norepinephrine reuptake inhibitors (SNRIs): Desvenlafaxine, Duloxetine, Milnacipram, Venlafaxine. * Antipsychotics (also called neuroleptics): Fluphenazine, etc. * H2-receptor antagonists: Cimetidine, Ranitidine, Famotidine, Nizatidine, etc. Turn to your doctor or pharmacist for more details.<\/p>\n<p style=\"font-weight: 400; text-align: left;\"><b><strong>Missed dose<\/strong><\/b><\/p>\n<p style=\"font-weight: 400; text-align: left;\">\u00a0\u00a0\u00a0\u00a0\u00a0\u00a0\u00a0\u00a0If you have missed your dose, take it as soon as you remember. If you see that it is near the time for the next dose, skip the missed dose and resume your usual dosing schedule. Do not take your dose twice.<\/p>\n<p style=\"font-weight: 400; text-align: left;\"><b><strong>Overdose<\/strong><\/b><\/p>\n<p style=\"font-weight: 400; text-align: left;\">\u00a0\u00a0\u00a0\u00a0\u00a0\u00a0\u00a0\u00a0If you think you have used too much of this medicine seek emergency medical attention right away. The symptoms of overdose usually include chest pain, nausea, irregular heartbeat, and feeling light-headed or fainting.<\/p>\n<p style=\"font-weight: 400; text-align: left;\"><b><strong>Storage<\/strong><\/b><\/p>\n<p style=\"font-weight: 400; text-align: left;\">\u00a0\u00a0\u00a0\u00a0\u00a0\u00a0\u00a0\u00a0Store your medicines at room temperature between 68-77 degrees F (20-25 degrees C) away from light and moisture. Do not store your drugs in the bathroom. Keep all drugs away from reach of children and pets.<\/p>\n","protected":false},"excerpt":{"rendered":"<div><b>Commercial Name:<\/b>\u00a0Paxil (Generic)<\/div>\n<div><b>Principal Ingredient:<\/b>\u00a0Paroxetine<\/div>\n<div><b>Production form:<\/b>\u00a0Pills<\/div>\n<div><b>Utilization:<\/b>\u00a0antidepressant<\/div>\n<div><b>Available Dosage:<\/b>\u00a010mg, 20mg, 30mg, 40mg<\/div>\n","protected":false},"featured_media":1520,"comment_status":"open","ping_status":"closed","template":"","meta":[],"product_cat":[20],"product_tag":[],"class_list":{"0":"post-1519","1":"product","2":"type-product","3":"status-publish","4":"has-post-thumbnail","6":"product_cat-anti-depressants","8":"first","9":"instock","10":"shipping-taxable","11":"product-type-grouped"},"yoast_head":"<!-- This site is optimized with the Yoast SEO plugin v20.0 - https:\/\/yoast.com\/wordpress\/plugins\/seo\/ -->\n<title>Objednejte Paxil (Paroxetine) bez receptu za n\u00edzkou cenu | Eurorxdrugs<\/title>\n<meta name=\"description\" content=\"Kupte Paxil (Paroxetine) nyn\u00ed! Origin\u00e1ln\u00ed l\u00e9ky a rychl\u00e9 doru\u010den\u00ed v cen\u011b. 100% diskr\u00e9tn\u00ed a d\u016fv\u011brn\u00fd servis pro v\u0161echny na\u0161e z\u00e1kazn\u00edky na Eurorxdrugs\" \/>\n<meta name=\"robots\" content=\"index, follow, max-snippet:-1, max-image-preview:large, max-video-preview:-1\" \/>\n<link rel=\"canonical\" href=\"https:\/\/eurorxdrugs.cc\/cs\/product\/paxil-paroxetine\/\" \/>\n<meta property=\"og:locale\" content=\"cs_CZ\" \/>\n<meta property=\"og:type\" content=\"article\" \/>\n<meta property=\"og:title\" content=\"Objednejte Paxil (Paroxetine) bez receptu za n\u00edzkou cenu | Eurorxdrugs\" \/>\n<meta property=\"og:description\" content=\"Kupte Paxil (Paroxetine) nyn\u00ed! Origin\u00e1ln\u00ed l\u00e9ky a rychl\u00e9 doru\u010den\u00ed v cen\u011b. 100% diskr\u00e9tn\u00ed a d\u016fv\u011brn\u00fd servis pro v\u0161echny na\u0161e z\u00e1kazn\u00edky na Eurorxdrugs\" \/>\n<meta property=\"og:url\" content=\"https:\/\/eurorxdrugs.cc\/cs\/product\/paxil-paroxetine\/\" \/>\n<meta property=\"og:site_name\" content=\"eurorxdrugs\" \/>\n<meta property=\"article:modified_time\" content=\"2024-09-07T20:05:44+00:00\" \/>\n<meta property=\"og:image\" content=\"https:\/\/eurorxdrugs.cc\/cs\/wp-content\/uploads\/2024\/09\/25-min.jpg\" \/>\n\t<meta property=\"og:image:width\" content=\"270\" \/>\n\t<meta property=\"og:image:height\" content=\"300\" \/>\n\t<meta property=\"og:image:type\" content=\"image\/jpeg\" \/>\n<meta name=\"twitter:card\" content=\"summary_large_image\" \/>\n<meta name=\"twitter:label1\" content=\"Odhadovan\u00e1 doba \u010dten\u00ed\" \/>\n\t<meta name=\"twitter:data1\" content=\"2 minuty\" \/>\n<script type=\"application\/ld+json\" class=\"yoast-schema-graph\">{\"@context\":\"https:\/\/schema.org\",\"@graph\":[{\"@type\":\"WebPage\",\"@id\":\"https:\/\/eurorxdrugs.cc\/cs\/product\/paxil-paroxetine\/\",\"url\":\"https:\/\/eurorxdrugs.cc\/cs\/product\/paxil-paroxetine\/\",\"name\":\"Objednejte Paxil (Paroxetine) bez receptu za n\u00edzkou cenu | Eurorxdrugs\",\"isPartOf\":{\"@id\":\"https:\/\/eurorxdrugs.cc\/cs\/#website\"},\"datePublished\":\"2024-09-07T19:50:05+00:00\",\"dateModified\":\"2024-09-07T20:05:44+00:00\",\"description\":\"Kupte Paxil (Paroxetine) nyn\u00ed! Origin\u00e1ln\u00ed l\u00e9ky a rychl\u00e9 doru\u010den\u00ed v cen\u011b. 100% diskr\u00e9tn\u00ed a d\u016fv\u011brn\u00fd servis pro v\u0161echny na\u0161e z\u00e1kazn\u00edky na Eurorxdrugs\",\"breadcrumb\":{\"@id\":\"https:\/\/eurorxdrugs.cc\/cs\/product\/paxil-paroxetine\/#breadcrumb\"},\"inLanguage\":\"cs\",\"potentialAction\":[{\"@type\":\"ReadAction\",\"target\":[\"https:\/\/eurorxdrugs.cc\/cs\/product\/paxil-paroxetine\/\"]}]},{\"@type\":\"BreadcrumbList\",\"@id\":\"https:\/\/eurorxdrugs.cc\/cs\/product\/paxil-paroxetine\/#breadcrumb\",\"itemListElement\":[{\"@type\":\"ListItem\",\"position\":1,\"name\":\"Home\",\"item\":\"https:\/\/eurorxdrugs.cc\/cs\/\"},{\"@type\":\"ListItem\",\"position\":2,\"name\":\"Products\",\"item\":\"https:\/\/eurorxdrugs.cc\/cs\/shop\/\"},{\"@type\":\"ListItem\",\"position\":3,\"name\":\"Paxil (Paroxetine)\"}]},{\"@type\":\"WebSite\",\"@id\":\"https:\/\/eurorxdrugs.cc\/cs\/#website\",\"url\":\"https:\/\/eurorxdrugs.cc\/cs\/\",\"name\":\"eurorxdrugs\",\"description\":\"\",\"publisher\":{\"@id\":\"https:\/\/eurorxdrugs.cc\/cs\/#organization\"},\"potentialAction\":[{\"@type\":\"SearchAction\",\"target\":{\"@type\":\"EntryPoint\",\"urlTemplate\":\"https:\/\/eurorxdrugs.cc\/cs\/?s={search_term_string}\"},\"query-input\":\"required name=search_term_string\"}],\"inLanguage\":\"cs\"},{\"@type\":\"Organization\",\"@id\":\"https:\/\/eurorxdrugs.cc\/cs\/#organization\",\"name\":\"eurorxdrugs\",\"url\":\"https:\/\/eurorxdrugs.cc\/cs\/\",\"logo\":{\"@type\":\"ImageObject\",\"inLanguage\":\"cs\",\"@id\":\"https:\/\/eurorxdrugs.cc\/cs\/#\/schema\/logo\/image\/\",\"url\":\"https:\/\/eurorxdrugs.cc\/cs\/wp-content\/uploads\/2024\/09\/logo-1-1.png\",\"contentUrl\":\"https:\/\/eurorxdrugs.cc\/cs\/wp-content\/uploads\/2024\/09\/logo-1-1.png\",\"width\":233,\"height\":54,\"caption\":\"eurorxdrugs\"},\"image\":{\"@id\":\"https:\/\/eurorxdrugs.cc\/cs\/#\/schema\/logo\/image\/\"}}]}<\/script>\n<!-- \/ Yoast SEO plugin. -->","yoast_head_json":{"title":"Objednejte Paxil (Paroxetine) bez receptu za n\u00edzkou cenu | Eurorxdrugs","description":"Kupte Paxil (Paroxetine) nyn\u00ed! Origin\u00e1ln\u00ed l\u00e9ky a rychl\u00e9 doru\u010den\u00ed v cen\u011b. 100% diskr\u00e9tn\u00ed a d\u016fv\u011brn\u00fd servis pro v\u0161echny na\u0161e z\u00e1kazn\u00edky na Eurorxdrugs","robots":{"index":"index","follow":"follow","max-snippet":"max-snippet:-1","max-image-preview":"max-image-preview:large","max-video-preview":"max-video-preview:-1"},"canonical":"https:\/\/eurorxdrugs.cc\/cs\/product\/paxil-paroxetine\/","og_locale":"cs_CZ","og_type":"article","og_title":"Objednejte Paxil (Paroxetine) bez receptu za n\u00edzkou cenu | Eurorxdrugs","og_description":"Kupte Paxil (Paroxetine) nyn\u00ed! Origin\u00e1ln\u00ed l\u00e9ky a rychl\u00e9 doru\u010den\u00ed v cen\u011b. 100% diskr\u00e9tn\u00ed a d\u016fv\u011brn\u00fd servis pro v\u0161echny na\u0161e z\u00e1kazn\u00edky na Eurorxdrugs","og_url":"https:\/\/eurorxdrugs.cc\/cs\/product\/paxil-paroxetine\/","og_site_name":"eurorxdrugs","article_modified_time":"2024-09-07T20:05:44+00:00","og_image":[{"width":270,"height":300,"url":"https:\/\/eurorxdrugs.cc\/cs\/wp-content\/uploads\/2024\/09\/25-min.jpg","type":"image\/jpeg"}],"twitter_card":"summary_large_image","twitter_misc":{"Odhadovan\u00e1 doba \u010dten\u00ed":"2 minuty"},"schema":{"@context":"https:\/\/schema.org","@graph":[{"@type":"WebPage","@id":"https:\/\/eurorxdrugs.cc\/cs\/product\/paxil-paroxetine\/","url":"https:\/\/eurorxdrugs.cc\/cs\/product\/paxil-paroxetine\/","name":"Objednejte Paxil (Paroxetine) bez receptu za n\u00edzkou cenu | Eurorxdrugs","isPartOf":{"@id":"https:\/\/eurorxdrugs.cc\/cs\/#website"},"datePublished":"2024-09-07T19:50:05+00:00","dateModified":"2024-09-07T20:05:44+00:00","description":"Kupte Paxil (Paroxetine) nyn\u00ed! Origin\u00e1ln\u00ed l\u00e9ky a rychl\u00e9 doru\u010den\u00ed v cen\u011b. 100% diskr\u00e9tn\u00ed a d\u016fv\u011brn\u00fd servis pro v\u0161echny na\u0161e z\u00e1kazn\u00edky na Eurorxdrugs","breadcrumb":{"@id":"https:\/\/eurorxdrugs.cc\/cs\/product\/paxil-paroxetine\/#breadcrumb"},"inLanguage":"cs","potentialAction":[{"@type":"ReadAction","target":["https:\/\/eurorxdrugs.cc\/cs\/product\/paxil-paroxetine\/"]}]},{"@type":"BreadcrumbList","@id":"https:\/\/eurorxdrugs.cc\/cs\/product\/paxil-paroxetine\/#breadcrumb","itemListElement":[{"@type":"ListItem","position":1,"name":"Home","item":"https:\/\/eurorxdrugs.cc\/cs\/"},{"@type":"ListItem","position":2,"name":"Products","item":"https:\/\/eurorxdrugs.cc\/cs\/shop\/"},{"@type":"ListItem","position":3,"name":"Paxil (Paroxetine)"}]},{"@type":"WebSite","@id":"https:\/\/eurorxdrugs.cc\/cs\/#website","url":"https:\/\/eurorxdrugs.cc\/cs\/","name":"eurorxdrugs","description":"","publisher":{"@id":"https:\/\/eurorxdrugs.cc\/cs\/#organization"},"potentialAction":[{"@type":"SearchAction","target":{"@type":"EntryPoint","urlTemplate":"https:\/\/eurorxdrugs.cc\/cs\/?s={search_term_string}"},"query-input":"required name=search_term_string"}],"inLanguage":"cs"},{"@type":"Organization","@id":"https:\/\/eurorxdrugs.cc\/cs\/#organization","name":"eurorxdrugs","url":"https:\/\/eurorxdrugs.cc\/cs\/","logo":{"@type":"ImageObject","inLanguage":"cs","@id":"https:\/\/eurorxdrugs.cc\/cs\/#\/schema\/logo\/image\/","url":"https:\/\/eurorxdrugs.cc\/cs\/wp-content\/uploads\/2024\/09\/logo-1-1.png","contentUrl":"https:\/\/eurorxdrugs.cc\/cs\/wp-content\/uploads\/2024\/09\/logo-1-1.png","width":233,"height":54,"caption":"eurorxdrugs"},"image":{"@id":"https:\/\/eurorxdrugs.cc\/cs\/#\/schema\/logo\/image\/"}}]}},"_links":{"self":[{"href":"https:\/\/eurorxdrugs.cc\/cs\/wp-json\/wp\/v2\/product\/1519","targetHints":{"allow":["GET"]}}],"collection":[{"href":"https:\/\/eurorxdrugs.cc\/cs\/wp-json\/wp\/v2\/product"}],"about":[{"href":"https:\/\/eurorxdrugs.cc\/cs\/wp-json\/wp\/v2\/types\/product"}],"replies":[{"embeddable":true,"href":"https:\/\/eurorxdrugs.cc\/cs\/wp-json\/wp\/v2\/comments?post=1519"}],"wp:featuredmedia":[{"embeddable":true,"href":"https:\/\/eurorxdrugs.cc\/cs\/wp-json\/wp\/v2\/media\/1520"}],"wp:attachment":[{"href":"https:\/\/eurorxdrugs.cc\/cs\/wp-json\/wp\/v2\/media?parent=1519"}],"wp:term":[{"taxonomy":"product_cat","embeddable":true,"href":"https:\/\/eurorxdrugs.cc\/cs\/wp-json\/wp\/v2\/product_cat?post=1519"},{"taxonomy":"product_tag","embeddable":true,"href":"https:\/\/eurorxdrugs.cc\/cs\/wp-json\/wp\/v2\/product_tag?post=1519"}],"curies":[{"name":"wp","href":"https:\/\/api.w.org\/{rel}","templated":true}]}}