{"id":1577,"date":"2024-09-07T20:19:40","date_gmt":"2024-09-07T20:19:40","guid":{"rendered":"https:\/\/eurorxdrugs.cc\/cs\/?post_type=product&#038;p=1577"},"modified":"2024-09-07T20:24:14","modified_gmt":"2024-09-07T20:24:14","slug":"pepcid-generic","status":"publish","type":"product","link":"https:\/\/eurorxdrugs.cc\/cs\/product\/pepcid-generic\/","title":{"rendered":"Pepcid Generic"},"content":{"rendered":"<div style=\"text-align: left;\"><b>Common use<\/b><\/div>\n<div style=\"text-align: left;\">\u00a0\u00a0\u00a0\u00a0\u00a0\u00a0\u00a0\u00a0Pepcid is a blocker of H2-histamine receptors. It suppresses basal production of gastric HCl as well as one stimulated by histamine, gastrin and acetylcholine. Simultaneously with the decrease of HCl activity of pepsin also diminishes. Pepcid strengthens protective mechanisms of the stomach mucous layer due to stimulation of mucous production rich in glycoproteins. Other H2 blockers are cimetidine (Tagamet), ranitidine (Zantac), and nizatidine (Axid). Pepcid is used to treat stomach and duodenal ulcer, hyperacidity of gastric juice, heartburn (associated with excessive acidity of gastric juice), symptomatic gastrointestinal ulcers and ones cased by stress, erosive reflux esophagitis, gastropathy caused by treatment with anti-inflammatory non-steroid medications, Zollinger-Ellison syndrome.<\/div>\n<div style=\"text-align: left;\"><\/div>\n<div style=\"text-align: left;\"><b>Dosage and directions<\/b><\/div>\n<div style=\"text-align: left;\">\u00a0 \u00a0 \u00a0 \u00a0 The recommended dose of Pepcid for treatment of duodenal ulcers is 40 mg once daily at bedtime or 20 mg twice daily. Usually, it takes about 4 hours to treat ulcers. Take this medication exactly as prescribed by your physician. Do not exceed the administered amount of the medication. Chew the tablet of Pepcid before to swallow it. Shake the liquid before to eat your meal after 10-20 seconds and measure it with a special spoon.<\/div>\n<div style=\"text-align: left;\"><\/div>\n<div style=\"text-align: left;\"><b>Precautions<\/b><\/div>\n<div style=\"text-align: left;\">\u00a0\u00a0\u00a0\u00a0\u00a0\u00a0\u00a0\u00a0You should not take Pepcid if you are allergic to it and other H2 blockers. Notify your doctor if you suffer from kidney or liver disease, stomach cancer or other problems, asthma, chronic obstructive pulmonary disease, or other breathing problems, pregnant, plan to become pregnant or breastfeeding. You may need to interrupt your treatment with Pepcid. Avoid drinking alcohol beverages.<\/div>\n<div style=\"text-align: left;\"><\/div>\n<div style=\"text-align: left;\"><b>Contraindications<\/b><\/div>\n<div style=\"text-align: left;\">\u00a0\u00a0\u00a0\u00a0\u00a0\u00a0\u00a0\u00a0Hypersensitivity, pregnancy, breastfeeding. Cautiousness should be experienced in patients with liver or kidney failure, cirrhosis, infancy.<\/div>\n<div style=\"text-align: left;\"><\/div>\n<div style=\"text-align: left;\"><b>Possible side effect<\/b><\/div>\n<div style=\"text-align: left;\">Side effects of treatment with Pepcid may include:<\/div>\n<div style=\"text-align: left;\">\u2022 signs of allergy constipation,<\/div>\n<div style=\"text-align: left;\">\u2022 diarrhoea, fatigue,<\/div>\n<div style=\"text-align: left;\">\u2022 headache,<\/div>\n<div style=\"text-align: left;\">\u2022 insomnia,<\/div>\n<div style=\"text-align: left;\">\u2022 muscle pain,<\/div>\n<div style=\"text-align: left;\">\u2022 nausea, and vomiting.<\/div>\n<div style=\"text-align: left;\"><\/div>\n<div style=\"text-align: left;\"><b>Other major types of side effects are:\u00a0<\/b><\/div>\n<div style=\"text-align: left;\">\u2022 agitation,<\/div>\n<div style=\"text-align: left;\">\u2022 anaemia,<\/div>\n<div style=\"text-align: left;\">\u2022 confusion,<\/div>\n<div style=\"text-align: left;\">\u2022 depression,<\/div>\n<div style=\"text-align: left;\">\u2022 easy bruising or bleeding,<\/div>\n<div style=\"text-align: left;\">\u2022 hallucinations,<\/div>\n<div style=\"text-align: left;\">\u2022 hair loss,<\/div>\n<div style=\"text-align: left;\">\u2022 irregular heartbeat,<\/div>\n<div style=\"text-align: left;\">\u2022 rash,<\/div>\n<div style=\"text-align: left;\">\u2022 visual changes, and jaundice.<\/div>\n<div style=\"text-align: left;\"><\/div>\n<div style=\"text-align: left;\"><b>Drug interaction<\/b><\/div>\n<div style=\"text-align: left;\">\u00a0\u00a0\u00a0\u00a0\u00a0\u00a0\u00a0\u00a0Pepcid decreases metabolism of phenazone, aminophenazone, diazepam, hexobarbital, propanolol, lidocaine, phenytoin, aminophylline, the pilin, indirect anticoagulants, tricyclic antidepressants and some other medications in the liver. Pepcid increases absorption of amoxicillin and clavulanic acid. Antacids and sucralfate slow its absorption. Pepcid decreases absorption of itraconazole (Sporanox) and ketoconazole (Nizoral).<\/div>\n<div style=\"text-align: left;\"><\/div>\n<div style=\"text-align: left;\"><b>Missed dose<\/b><\/div>\n<div style=\"text-align: left;\">\u00a0\u00a0\u00a0\u00a0\u00a0\u00a0\u00a0\u00a0If you missed a dose take it the soonest. If it is almost time of your next dose just skip it and return to your regular dosage schedule. Never double dose this medication to compensate for the missed dose.<\/div>\n<div style=\"text-align: left;\"><b>\u00a0<\/b><\/div>\n<div style=\"text-align: left;\"><b>Overdose<\/b><\/div>\n<div style=\"text-align: left;\">\u00a0\u00a0\u00a0\u00a0\u00a0\u00a0\u00a0\u00a0If overdose of Pepcid was taken the following symptoms occur: nausea, vomiting, diarrhoea, stomach pain, fast heart rate, or fainting. If you suppose that took too much of the drug to inform your doctor about it as you may need immediate medical help.<\/div>\n<div style=\"text-align: left;\">\n<div><\/div>\n<div><b>Storage<\/b><\/div>\n<div>\u00a0\u00a0\u00a0\u00a0\u00a0\u00a0\u00a0\u00a0Store at room temperature between 15 -30 C (59-86 F) away from light and moisture, kids and pets. The injection should be stored between 2-8 C (36-46 F).<\/div>\n<\/div>\n<div style=\"text-align: left;\"><\/div>\n","protected":false},"excerpt":{"rendered":"<div><b>Commercial Name:<\/b>\u00a0Pepcid Generic<\/div>\n<div><b>Active Ingredient:<\/b>\u00a0Famotidine<\/div>\n<div><b>Production form:<\/b>\u00a0Pills<\/div>\n<div><b>Utilization:<\/b>\u00a0Pepcid reduces the amount of acid in the stomach assisting treatment and prevention of ulcers in the stomach and intestines<\/div>\n<div><b>Available Dosage:<\/b>\u00a020mg<\/div>\n","protected":false},"featured_media":1578,"comment_status":"open","ping_status":"closed","template":"","meta":[],"product_cat":[22],"product_tag":[],"class_list":{"0":"post-1577","1":"product","2":"type-product","3":"status-publish","4":"has-post-thumbnail","6":"product_cat-gastrointestinal-meds","8":"first","9":"instock","10":"shipping-taxable","11":"product-type-grouped"},"yoast_head":"<!-- This site is optimized with the Yoast SEO plugin v20.0 - https:\/\/yoast.com\/wordpress\/plugins\/seo\/ -->\n<title>Objednejte Pepcid Generic bez receptu za n\u00edzkou cenu | Eurorxdrugs<\/title>\n<meta name=\"description\" content=\"Kupte Pepcid Generic nyn\u00ed! Origin\u00e1ln\u00ed l\u00e9ky a rychl\u00e9 doru\u010den\u00ed v cen\u011b. 100% diskr\u00e9tn\u00ed a d\u016fv\u011brn\u00fd servis pro v\u0161echny na\u0161e z\u00e1kazn\u00edky na Eurorxdrugs\" \/>\n<meta name=\"robots\" content=\"index, follow, max-snippet:-1, max-image-preview:large, max-video-preview:-1\" \/>\n<link rel=\"canonical\" href=\"https:\/\/eurorxdrugs.cc\/cs\/product\/pepcid-generic\/\" \/>\n<meta property=\"og:locale\" content=\"cs_CZ\" \/>\n<meta property=\"og:type\" content=\"article\" \/>\n<meta property=\"og:title\" content=\"Objednejte Pepcid Generic bez receptu za n\u00edzkou cenu | Eurorxdrugs\" \/>\n<meta property=\"og:description\" content=\"Kupte Pepcid Generic nyn\u00ed! Origin\u00e1ln\u00ed l\u00e9ky a rychl\u00e9 doru\u010den\u00ed v cen\u011b. 100% diskr\u00e9tn\u00ed a d\u016fv\u011brn\u00fd servis pro v\u0161echny na\u0161e z\u00e1kazn\u00edky na Eurorxdrugs\" \/>\n<meta property=\"og:url\" content=\"https:\/\/eurorxdrugs.cc\/cs\/product\/pepcid-generic\/\" \/>\n<meta property=\"og:site_name\" content=\"eurorxdrugs\" \/>\n<meta property=\"article:modified_time\" content=\"2024-09-07T20:24:14+00:00\" \/>\n<meta property=\"og:image\" content=\"https:\/\/eurorxdrugs.cc\/cs\/wp-content\/uploads\/2024\/09\/381-min.jpg\" \/>\n\t<meta property=\"og:image:width\" content=\"270\" \/>\n\t<meta property=\"og:image:height\" content=\"300\" \/>\n\t<meta property=\"og:image:type\" content=\"image\/jpeg\" \/>\n<meta name=\"twitter:card\" content=\"summary_large_image\" \/>\n<meta name=\"twitter:label1\" content=\"Odhadovan\u00e1 doba \u010dten\u00ed\" \/>\n\t<meta name=\"twitter:data1\" content=\"2 minuty\" \/>\n<script type=\"application\/ld+json\" class=\"yoast-schema-graph\">{\"@context\":\"https:\/\/schema.org\",\"@graph\":[{\"@type\":\"WebPage\",\"@id\":\"https:\/\/eurorxdrugs.cc\/cs\/product\/pepcid-generic\/\",\"url\":\"https:\/\/eurorxdrugs.cc\/cs\/product\/pepcid-generic\/\",\"name\":\"Objednejte Pepcid Generic bez receptu za n\u00edzkou cenu | Eurorxdrugs\",\"isPartOf\":{\"@id\":\"https:\/\/eurorxdrugs.cc\/cs\/#website\"},\"datePublished\":\"2024-09-07T20:19:40+00:00\",\"dateModified\":\"2024-09-07T20:24:14+00:00\",\"description\":\"Kupte Pepcid Generic nyn\u00ed! Origin\u00e1ln\u00ed l\u00e9ky a rychl\u00e9 doru\u010den\u00ed v cen\u011b. 100% diskr\u00e9tn\u00ed a d\u016fv\u011brn\u00fd servis pro v\u0161echny na\u0161e z\u00e1kazn\u00edky na Eurorxdrugs\",\"breadcrumb\":{\"@id\":\"https:\/\/eurorxdrugs.cc\/cs\/product\/pepcid-generic\/#breadcrumb\"},\"inLanguage\":\"cs\",\"potentialAction\":[{\"@type\":\"ReadAction\",\"target\":[\"https:\/\/eurorxdrugs.cc\/cs\/product\/pepcid-generic\/\"]}]},{\"@type\":\"BreadcrumbList\",\"@id\":\"https:\/\/eurorxdrugs.cc\/cs\/product\/pepcid-generic\/#breadcrumb\",\"itemListElement\":[{\"@type\":\"ListItem\",\"position\":1,\"name\":\"Home\",\"item\":\"https:\/\/eurorxdrugs.cc\/cs\/\"},{\"@type\":\"ListItem\",\"position\":2,\"name\":\"Products\",\"item\":\"https:\/\/eurorxdrugs.cc\/cs\/shop\/\"},{\"@type\":\"ListItem\",\"position\":3,\"name\":\"Pepcid Generic\"}]},{\"@type\":\"WebSite\",\"@id\":\"https:\/\/eurorxdrugs.cc\/cs\/#website\",\"url\":\"https:\/\/eurorxdrugs.cc\/cs\/\",\"name\":\"eurorxdrugs\",\"description\":\"\",\"publisher\":{\"@id\":\"https:\/\/eurorxdrugs.cc\/cs\/#organization\"},\"potentialAction\":[{\"@type\":\"SearchAction\",\"target\":{\"@type\":\"EntryPoint\",\"urlTemplate\":\"https:\/\/eurorxdrugs.cc\/cs\/?s={search_term_string}\"},\"query-input\":\"required name=search_term_string\"}],\"inLanguage\":\"cs\"},{\"@type\":\"Organization\",\"@id\":\"https:\/\/eurorxdrugs.cc\/cs\/#organization\",\"name\":\"eurorxdrugs\",\"url\":\"https:\/\/eurorxdrugs.cc\/cs\/\",\"logo\":{\"@type\":\"ImageObject\",\"inLanguage\":\"cs\",\"@id\":\"https:\/\/eurorxdrugs.cc\/cs\/#\/schema\/logo\/image\/\",\"url\":\"https:\/\/eurorxdrugs.cc\/cs\/wp-content\/uploads\/2024\/09\/logo-1-1.png\",\"contentUrl\":\"https:\/\/eurorxdrugs.cc\/cs\/wp-content\/uploads\/2024\/09\/logo-1-1.png\",\"width\":233,\"height\":54,\"caption\":\"eurorxdrugs\"},\"image\":{\"@id\":\"https:\/\/eurorxdrugs.cc\/cs\/#\/schema\/logo\/image\/\"}}]}<\/script>\n<!-- \/ Yoast SEO plugin. -->","yoast_head_json":{"title":"Objednejte Pepcid Generic bez receptu za n\u00edzkou cenu | Eurorxdrugs","description":"Kupte Pepcid Generic nyn\u00ed! Origin\u00e1ln\u00ed l\u00e9ky a rychl\u00e9 doru\u010den\u00ed v cen\u011b. 100% diskr\u00e9tn\u00ed a d\u016fv\u011brn\u00fd servis pro v\u0161echny na\u0161e z\u00e1kazn\u00edky na Eurorxdrugs","robots":{"index":"index","follow":"follow","max-snippet":"max-snippet:-1","max-image-preview":"max-image-preview:large","max-video-preview":"max-video-preview:-1"},"canonical":"https:\/\/eurorxdrugs.cc\/cs\/product\/pepcid-generic\/","og_locale":"cs_CZ","og_type":"article","og_title":"Objednejte Pepcid Generic bez receptu za n\u00edzkou cenu | Eurorxdrugs","og_description":"Kupte Pepcid Generic nyn\u00ed! Origin\u00e1ln\u00ed l\u00e9ky a rychl\u00e9 doru\u010den\u00ed v cen\u011b. 100% diskr\u00e9tn\u00ed a d\u016fv\u011brn\u00fd servis pro v\u0161echny na\u0161e z\u00e1kazn\u00edky na Eurorxdrugs","og_url":"https:\/\/eurorxdrugs.cc\/cs\/product\/pepcid-generic\/","og_site_name":"eurorxdrugs","article_modified_time":"2024-09-07T20:24:14+00:00","og_image":[{"width":270,"height":300,"url":"https:\/\/eurorxdrugs.cc\/cs\/wp-content\/uploads\/2024\/09\/381-min.jpg","type":"image\/jpeg"}],"twitter_card":"summary_large_image","twitter_misc":{"Odhadovan\u00e1 doba \u010dten\u00ed":"2 minuty"},"schema":{"@context":"https:\/\/schema.org","@graph":[{"@type":"WebPage","@id":"https:\/\/eurorxdrugs.cc\/cs\/product\/pepcid-generic\/","url":"https:\/\/eurorxdrugs.cc\/cs\/product\/pepcid-generic\/","name":"Objednejte Pepcid Generic bez receptu za n\u00edzkou cenu | Eurorxdrugs","isPartOf":{"@id":"https:\/\/eurorxdrugs.cc\/cs\/#website"},"datePublished":"2024-09-07T20:19:40+00:00","dateModified":"2024-09-07T20:24:14+00:00","description":"Kupte Pepcid Generic nyn\u00ed! Origin\u00e1ln\u00ed l\u00e9ky a rychl\u00e9 doru\u010den\u00ed v cen\u011b. 100% diskr\u00e9tn\u00ed a d\u016fv\u011brn\u00fd servis pro v\u0161echny na\u0161e z\u00e1kazn\u00edky na Eurorxdrugs","breadcrumb":{"@id":"https:\/\/eurorxdrugs.cc\/cs\/product\/pepcid-generic\/#breadcrumb"},"inLanguage":"cs","potentialAction":[{"@type":"ReadAction","target":["https:\/\/eurorxdrugs.cc\/cs\/product\/pepcid-generic\/"]}]},{"@type":"BreadcrumbList","@id":"https:\/\/eurorxdrugs.cc\/cs\/product\/pepcid-generic\/#breadcrumb","itemListElement":[{"@type":"ListItem","position":1,"name":"Home","item":"https:\/\/eurorxdrugs.cc\/cs\/"},{"@type":"ListItem","position":2,"name":"Products","item":"https:\/\/eurorxdrugs.cc\/cs\/shop\/"},{"@type":"ListItem","position":3,"name":"Pepcid Generic"}]},{"@type":"WebSite","@id":"https:\/\/eurorxdrugs.cc\/cs\/#website","url":"https:\/\/eurorxdrugs.cc\/cs\/","name":"eurorxdrugs","description":"","publisher":{"@id":"https:\/\/eurorxdrugs.cc\/cs\/#organization"},"potentialAction":[{"@type":"SearchAction","target":{"@type":"EntryPoint","urlTemplate":"https:\/\/eurorxdrugs.cc\/cs\/?s={search_term_string}"},"query-input":"required name=search_term_string"}],"inLanguage":"cs"},{"@type":"Organization","@id":"https:\/\/eurorxdrugs.cc\/cs\/#organization","name":"eurorxdrugs","url":"https:\/\/eurorxdrugs.cc\/cs\/","logo":{"@type":"ImageObject","inLanguage":"cs","@id":"https:\/\/eurorxdrugs.cc\/cs\/#\/schema\/logo\/image\/","url":"https:\/\/eurorxdrugs.cc\/cs\/wp-content\/uploads\/2024\/09\/logo-1-1.png","contentUrl":"https:\/\/eurorxdrugs.cc\/cs\/wp-content\/uploads\/2024\/09\/logo-1-1.png","width":233,"height":54,"caption":"eurorxdrugs"},"image":{"@id":"https:\/\/eurorxdrugs.cc\/cs\/#\/schema\/logo\/image\/"}}]}},"_links":{"self":[{"href":"https:\/\/eurorxdrugs.cc\/cs\/wp-json\/wp\/v2\/product\/1577","targetHints":{"allow":["GET"]}}],"collection":[{"href":"https:\/\/eurorxdrugs.cc\/cs\/wp-json\/wp\/v2\/product"}],"about":[{"href":"https:\/\/eurorxdrugs.cc\/cs\/wp-json\/wp\/v2\/types\/product"}],"replies":[{"embeddable":true,"href":"https:\/\/eurorxdrugs.cc\/cs\/wp-json\/wp\/v2\/comments?post=1577"}],"wp:featuredmedia":[{"embeddable":true,"href":"https:\/\/eurorxdrugs.cc\/cs\/wp-json\/wp\/v2\/media\/1578"}],"wp:attachment":[{"href":"https:\/\/eurorxdrugs.cc\/cs\/wp-json\/wp\/v2\/media?parent=1577"}],"wp:term":[{"taxonomy":"product_cat","embeddable":true,"href":"https:\/\/eurorxdrugs.cc\/cs\/wp-json\/wp\/v2\/product_cat?post=1577"},{"taxonomy":"product_tag","embeddable":true,"href":"https:\/\/eurorxdrugs.cc\/cs\/wp-json\/wp\/v2\/product_tag?post=1577"}],"curies":[{"name":"wp","href":"https:\/\/api.w.org\/{rel}","templated":true}]}}