{"id":1588,"date":"2024-09-07T20:26:33","date_gmt":"2024-09-07T20:26:33","guid":{"rendered":"https:\/\/eurorxdrugs.cc\/cs\/?post_type=product&#038;p=1588"},"modified":"2024-09-07T20:31:17","modified_gmt":"2024-09-07T20:31:17","slug":"percocet","status":"publish","type":"product","link":"https:\/\/eurorxdrugs.cc\/cs\/product\/percocet\/","title":{"rendered":"Percocet"},"content":{"rendered":"<p style=\"text-align: left;\"><b>Percocet<\/b><\/p>\n<p style=\"text-align: left;\">Percocet is a combination medicine used to treat moderate to moderately severe pain. This medicine is classified as a controlled substance.<\/p>\n<p style=\"text-align: left;\"><b>Percocet Overview<\/b><\/p>\n<p style=\"text-align: left;\">Percocet is a prescription medication used to treat moderate to severe pain. Percocet belong to a group of drugs called analgesics, which work by altering the way the brain and nervous system senses pain.<\/p>\n<p style=\"text-align: left;\">This medication comes in tablet form and is taken up to 4 times a day, with or without food.<\/p>\n<p style=\"text-align: left;\">Common side effects of Percocet include fatigue, nausea, vomiting, mood fluctuations, and itching. Percocet can also cause drowsiness or dizziness. Do not drive or operate heavy machinery until you know how Percocet affects you.<\/p>\n<p style=\"text-align: left;\"><b>Side Effects of Percocet<\/b><\/p>\n<p style=\"text-align: left;\">Common side effects of oxycodone\/acetaminophen in adults include:<\/p>\n<p style=\"text-align: left;\">\u00a0 \u00a0 \u2022 constipation<\/p>\n<p style=\"text-align: left;\">\u00a0 \u00a0 \u2022 dizziness<\/p>\n<p style=\"text-align: left;\">\u00a0 \u00a0 \u2022 very high or very low moods<\/p>\n<p style=\"text-align: left;\">\u00a0 \u00a0 \u2022 lightheadedness<\/p>\n<p style=\"text-align: left;\">\u00a0 \u00a0 \u2022 nausea or vomiting<\/p>\n<p style=\"text-align: left;\">\u00a0 \u00a0 \u2022 shallow breathing<\/p>\n<p style=\"text-align: left;\">\u00a0 \u00a0 \u2022 sedation<\/p>\n<p style=\"text-align: left;\">\u00a0 \u00a0 \u2022 rash or itching<\/p>\n<p style=\"text-align: left;\">This is not a complete list of oxycodone\/acetaminophen side effects. Ask your doctor or pharmacist for more information.<\/p>\n<p style=\"text-align: left;\"><b>Percocet Interactions<\/b><\/p>\n<p style=\"text-align: left;\">Tell your doctor about all the medicines you take including prescription and nonprescription medications, vitamins, nutritional supplements, and herbal products. Especially tell your doctor if you take or use:<\/p>\n<p style=\"text-align: left;\">\u00a0 \u00a0 \u2022 naltrexone (Vivitrol)<\/p>\n<p style=\"text-align: left;\">\u00a0 \u00a0 \u2022 opioids such as morphine (MS Contin), oxycodone (OxyContin), and methadone (Dolophine)<\/p>\n<p style=\"text-align: left;\">\u00a0 \u00a0 \u2022 macrolide antibiotics, including azithromycin (Zithromax, Z-Pak), clarithromycin (Biaxin), and erythromycin<\/p>\n<p style=\"text-align: left;\">\u00a0 \u00a0 \u2022 muscle relaxants such as cyclobenzaprine (Flexeril), carisoprodol (Soma), and diazepam (Valium)<\/p>\n<p style=\"text-align: left;\">\u00a0 \u00a0 \u2022 metoclopramide (Reglan)<\/p>\n<p style=\"text-align: left;\">\u00a0 \u00a0 \u2022 antidepressants such as fluoxetine (Prozac), paroxetine (Paxil), and citalopram (Celexa)<\/p>\n<p style=\"text-align: left;\">\u00a0 \u00a0 \u2022 anti-nausea agents such as promethazine (Phenergan) and prochlorperazine (Compazine)<\/p>\n<p style=\"text-align: left;\">\u00a0 \u00a0 \u2022 alcohol<\/p>\n<p style=\"text-align: left;\">\u00a0 \u00a0 \u2022 propranolol (Inderal)<\/p>\n<p style=\"text-align: left;\">\u00a0 \u00a0 \u2022 probenecid<\/p>\n<p style=\"text-align: left;\">\u00a0 \u00a0 \u2022 lamotrigine (Lamictal)<\/p>\n<p style=\"text-align: left;\">This is not a complete list of oxycodone\/acetaminophen drug interactions. Ask your doctor or pharmacist for more information.<\/p>\n<p style=\"text-align: left;\"><b>Percocet Precautions<\/b><\/p>\n<p style=\"text-align: left;\">Serious side effects have been reported with oxycodone\/acetaminophen including:<\/p>\n<p style=\"text-align: left;\">\u00a0 \u00a0 \u2022 increased tolerance and physical dependence. Oxycodone\/acetaminophen is also a high-risk medication for addiction.<\/p>\n<p style=\"text-align: left;\">\u00a0 \u00a0 \u2022 Tolerance &#8211; the need for increasing doses of this medication to maintain pain relief (in the absence of worsening disease or other factors)<\/p>\n<p style=\"text-align: left;\">\u00a0 \u00a0 \u2022 Physical dependence &#8211; when withdrawal symptoms occur due to suddenly discontinuation of this medication<\/p>\n<p style=\"text-align: left;\">\u00a0 \u00a0 \u2022 Withdrawal symptoms include: restlessness, excessive tears formation, runny nose, yawning, sweating, chills, muscle aches, irritability, or anxiety<\/p>\n<p style=\"text-align: left;\">\u00a0 \u00a0 \u2022 Addiction: abnormal or compulsive use of a substance for non-medical needs<\/p>\n<p style=\"text-align: left;\">\u00a0 \u00a0 \u2022 hypersensitivity reaction to oxycodone or acetaminophen. Tell your healthcare provider right away if you have some or all of the following symptoms of&#8230;<\/p>\n<p style=\"text-align: left;\">\u00a0 \u00a0 \u2022 hives<\/p>\n<p style=\"text-align: left;\">\u00a0 \u00a0 \u2022 rash<\/p>\n<p style=\"text-align: left;\">\u00a0 \u00a0 \u2022 difficulty breathing or swallowing<\/p>\n<p style=\"text-align: left;\">\u00a0 \u00a0 \u2022 itching<\/p>\n<p style=\"text-align: left;\">\u00a0 \u00a0 \u2022 swelling<\/p>\n<p style=\"text-align: left;\">\u00a0 \u00a0 \u2022 respiratory depression. Tell your healthcare provider right away if you have difficulty of breathing while taking this medication.<\/p>\n<p style=\"text-align: left;\">\u00a0 \u00a0 \u2022 head injury. Oxycodone\/acetaminophen may worsen the adverse of effects in patients with a previous head injury (e.g. change in mental function, increased difficulty in breathing).<\/p>\n<p style=\"text-align: left;\">\u00a0 \u00a0 \u2022 orthostatic hypotension (low blood pressure when rising). Tell your healthcare provider right away if\u00a0 have symptoms of \u2026<\/p>\n<p style=\"text-align: left;\">\u00a0 \u00a0 \u2022 dizziness after rising from sitting or laying down<\/p>\n<p style=\"text-align: left;\">\u00a0 \u00a0 \u2022 low blood pressure<\/p>\n<p style=\"text-align: left;\">\u00a0 \u00a0 \u2022 liver toxicity. This may occur with excessive use of acetaminophen (greater than 4 grams per day or with alcohol use\/abuse). Tell your healthcare provider right away if\u00a0 have symptoms of \u2026<\/p>\n<p style=\"text-align: left;\">\u00a0 \u00a0 \u2022 nausea<\/p>\n<p style=\"text-align: left;\">\u00a0 \u00a0 \u2022 vomiting<\/p>\n<p style=\"text-align: left;\">\u00a0 \u00a0 \u2022 sweating<\/p>\n<p style=\"text-align: left;\">\u00a0 \u00a0 \u2022 fatigue<\/p>\n<p style=\"text-align: left;\">\u00a0 \u00a0 \u2022 serious skin reactions. Symptoms may include skin reddening, rash, blisters, and the upper surface of the skin may become separated from the lower layers. This can occur even if you have taken acetaminophen in the past without any problems. If you develop any skin rash or reaction while using a medication containing acetaminophen, including this medication, stop the medication and seek medical attention immediately. If you have had a serious skin reaction with acetaminophen, do not take it or any products containing acetaminophen again. Doing so could cause you to have another serious skin reaction.<\/p>\n<p style=\"text-align: left;\"><b>Do not take :<\/b><\/p>\n<p style=\"text-align: left;\">\u00a0 \u00a0 \u2022 are allergic to oxycodone\/acetaminophen or to any of its ingredients<\/p>\n<p style=\"text-align: left;\"><b>Percocet Food Interactions<\/b><\/p>\n<p style=\"text-align: left;\">Medications can interact with certain foods. In some cases, this may be harmful and your doctor may advise you to avoid certain foods. In the case of oxycodone\/acetaminophen, there are no specific foods that you must exclude from your diet when receiving this medication.<\/p>\n<p style=\"text-align: left;\"><b> Before taking oxycodone\/acetaminophen, tell your doctor about all of your medical conditions. Especially tell your doctor if you:<\/b><\/p>\n<p style=\"text-align: left;\">\u00a0 \u00a0 \u2022 have an allergy to oxycodone or acetaminophen or to any other ingredients in this formulation<\/p>\n<p style=\"text-align: left;\">\u00a0 \u00a0 \u2022 have liver problems<\/p>\n<p style=\"text-align: left;\">\u00a0 \u00a0 \u2022 have had a brain injury<\/p>\n<p style=\"text-align: left;\">\u00a0 \u00a0 \u2022 have a history of seizures<\/p>\n<p style=\"text-align: left;\">\u00a0 \u00a0 \u2022 have asthma, COPD, or any other respiratory problems<\/p>\n<p style=\"text-align: left;\">\u00a0 \u00a0 \u2022 have kidney problems<\/p>\n<p style=\"text-align: left;\">\u00a0 \u00a0 \u2022 have had or will soon have surgery<\/p>\n<p style=\"text-align: left;\">\u00a0 \u00a0 \u2022 have had pancreatic or biliary problems<\/p>\n<p style=\"text-align: left;\">\u00a0 \u00a0 \u2022 have reduced bowel function<\/p>\n<p style=\"text-align: left;\">\u00a0 \u00a0 \u2022 have a history or alcohol use, dependence, or abuse<\/p>\n<p style=\"text-align: left;\">\u00a0 \u00a0 \u2022 have a history of opioid use, dependence, or abuse<\/p>\n<p style=\"text-align: left;\">Tell your doctor about all the medicines you take including prescription and non-prescription medicines, vitamins, and herbal supplements<\/p>\n","protected":false},"excerpt":{"rendered":"<div><b>Commercial Name:<\/b>\u00a0Percocet<\/div>\n<div><b>Active Ingredient:<\/b>\u00a0oxycodone\/acetaminophen<\/div>\n<div><b>Production form:<\/b>\u00a0pills<\/div>\n<div><b>Utilization:<\/b>\u00a0Pain reliever<\/div>\n<div><b>Available Dosages:<\/b>\u00a010\/325 mg<\/div>\n","protected":false},"featured_media":1589,"comment_status":"open","ping_status":"closed","template":"","meta":[],"product_cat":[36],"product_tag":[],"class_list":{"0":"post-1588","1":"product","2":"type-product","3":"status-publish","4":"has-post-thumbnail","6":"product_cat-pain-management","8":"first","9":"instock","10":"shipping-taxable","11":"product-type-grouped"},"yoast_head":"<!-- This site is optimized with the Yoast SEO plugin v20.0 - https:\/\/yoast.com\/wordpress\/plugins\/seo\/ -->\n<title>Objednejte Percocet bez receptu za n\u00edzkou cenu | Eurorxdrugs<\/title>\n<meta name=\"description\" content=\"Kupte Percocet nyn\u00ed! Origin\u00e1ln\u00ed l\u00e9ky a rychl\u00e9 doru\u010den\u00ed v cen\u011b. 100% diskr\u00e9tn\u00ed a d\u016fv\u011brn\u00fd servis pro v\u0161echny na\u0161e z\u00e1kazn\u00edky na Eurorxdrugs\" \/>\n<meta name=\"robots\" content=\"index, follow, max-snippet:-1, max-image-preview:large, max-video-preview:-1\" \/>\n<link rel=\"canonical\" href=\"https:\/\/eurorxdrugs.cc\/cs\/product\/percocet\/\" \/>\n<meta property=\"og:locale\" content=\"cs_CZ\" \/>\n<meta property=\"og:type\" content=\"article\" \/>\n<meta property=\"og:title\" content=\"Objednejte Percocet bez receptu za n\u00edzkou cenu | Eurorxdrugs\" \/>\n<meta property=\"og:description\" content=\"Kupte Percocet nyn\u00ed! Origin\u00e1ln\u00ed l\u00e9ky a rychl\u00e9 doru\u010den\u00ed v cen\u011b. 100% diskr\u00e9tn\u00ed a d\u016fv\u011brn\u00fd servis pro v\u0161echny na\u0161e z\u00e1kazn\u00edky na Eurorxdrugs\" \/>\n<meta property=\"og:url\" content=\"https:\/\/eurorxdrugs.cc\/cs\/product\/percocet\/\" \/>\n<meta property=\"og:site_name\" content=\"eurorxdrugs\" \/>\n<meta property=\"article:modified_time\" content=\"2024-09-07T20:31:17+00:00\" \/>\n<meta property=\"og:image\" content=\"https:\/\/eurorxdrugs.cc\/cs\/wp-content\/uploads\/2024\/09\/364-min.jpg\" \/>\n\t<meta property=\"og:image:width\" content=\"270\" \/>\n\t<meta property=\"og:image:height\" content=\"300\" \/>\n\t<meta property=\"og:image:type\" content=\"image\/jpeg\" \/>\n<meta name=\"twitter:card\" content=\"summary_large_image\" \/>\n<meta name=\"twitter:label1\" content=\"Odhadovan\u00e1 doba \u010dten\u00ed\" \/>\n\t<meta name=\"twitter:data1\" content=\"4 minuty\" \/>\n<script type=\"application\/ld+json\" class=\"yoast-schema-graph\">{\"@context\":\"https:\/\/schema.org\",\"@graph\":[{\"@type\":\"WebPage\",\"@id\":\"https:\/\/eurorxdrugs.cc\/cs\/product\/percocet\/\",\"url\":\"https:\/\/eurorxdrugs.cc\/cs\/product\/percocet\/\",\"name\":\"Objednejte Percocet bez receptu za n\u00edzkou cenu | Eurorxdrugs\",\"isPartOf\":{\"@id\":\"https:\/\/eurorxdrugs.cc\/cs\/#website\"},\"datePublished\":\"2024-09-07T20:26:33+00:00\",\"dateModified\":\"2024-09-07T20:31:17+00:00\",\"description\":\"Kupte Percocet nyn\u00ed! Origin\u00e1ln\u00ed l\u00e9ky a rychl\u00e9 doru\u010den\u00ed v cen\u011b. 100% diskr\u00e9tn\u00ed a d\u016fv\u011brn\u00fd servis pro v\u0161echny na\u0161e z\u00e1kazn\u00edky na Eurorxdrugs\",\"breadcrumb\":{\"@id\":\"https:\/\/eurorxdrugs.cc\/cs\/product\/percocet\/#breadcrumb\"},\"inLanguage\":\"cs\",\"potentialAction\":[{\"@type\":\"ReadAction\",\"target\":[\"https:\/\/eurorxdrugs.cc\/cs\/product\/percocet\/\"]}]},{\"@type\":\"BreadcrumbList\",\"@id\":\"https:\/\/eurorxdrugs.cc\/cs\/product\/percocet\/#breadcrumb\",\"itemListElement\":[{\"@type\":\"ListItem\",\"position\":1,\"name\":\"Home\",\"item\":\"https:\/\/eurorxdrugs.cc\/cs\/\"},{\"@type\":\"ListItem\",\"position\":2,\"name\":\"Products\",\"item\":\"https:\/\/eurorxdrugs.cc\/cs\/shop\/\"},{\"@type\":\"ListItem\",\"position\":3,\"name\":\"Percocet\"}]},{\"@type\":\"WebSite\",\"@id\":\"https:\/\/eurorxdrugs.cc\/cs\/#website\",\"url\":\"https:\/\/eurorxdrugs.cc\/cs\/\",\"name\":\"eurorxdrugs\",\"description\":\"\",\"publisher\":{\"@id\":\"https:\/\/eurorxdrugs.cc\/cs\/#organization\"},\"potentialAction\":[{\"@type\":\"SearchAction\",\"target\":{\"@type\":\"EntryPoint\",\"urlTemplate\":\"https:\/\/eurorxdrugs.cc\/cs\/?s={search_term_string}\"},\"query-input\":\"required name=search_term_string\"}],\"inLanguage\":\"cs\"},{\"@type\":\"Organization\",\"@id\":\"https:\/\/eurorxdrugs.cc\/cs\/#organization\",\"name\":\"eurorxdrugs\",\"url\":\"https:\/\/eurorxdrugs.cc\/cs\/\",\"logo\":{\"@type\":\"ImageObject\",\"inLanguage\":\"cs\",\"@id\":\"https:\/\/eurorxdrugs.cc\/cs\/#\/schema\/logo\/image\/\",\"url\":\"https:\/\/eurorxdrugs.cc\/cs\/wp-content\/uploads\/2024\/09\/logo-1-1.png\",\"contentUrl\":\"https:\/\/eurorxdrugs.cc\/cs\/wp-content\/uploads\/2024\/09\/logo-1-1.png\",\"width\":233,\"height\":54,\"caption\":\"eurorxdrugs\"},\"image\":{\"@id\":\"https:\/\/eurorxdrugs.cc\/cs\/#\/schema\/logo\/image\/\"}}]}<\/script>\n<!-- \/ Yoast SEO plugin. -->","yoast_head_json":{"title":"Objednejte Percocet bez receptu za n\u00edzkou cenu | Eurorxdrugs","description":"Kupte Percocet nyn\u00ed! Origin\u00e1ln\u00ed l\u00e9ky a rychl\u00e9 doru\u010den\u00ed v cen\u011b. 100% diskr\u00e9tn\u00ed a d\u016fv\u011brn\u00fd servis pro v\u0161echny na\u0161e z\u00e1kazn\u00edky na Eurorxdrugs","robots":{"index":"index","follow":"follow","max-snippet":"max-snippet:-1","max-image-preview":"max-image-preview:large","max-video-preview":"max-video-preview:-1"},"canonical":"https:\/\/eurorxdrugs.cc\/cs\/product\/percocet\/","og_locale":"cs_CZ","og_type":"article","og_title":"Objednejte Percocet bez receptu za n\u00edzkou cenu | Eurorxdrugs","og_description":"Kupte Percocet nyn\u00ed! Origin\u00e1ln\u00ed l\u00e9ky a rychl\u00e9 doru\u010den\u00ed v cen\u011b. 100% diskr\u00e9tn\u00ed a d\u016fv\u011brn\u00fd servis pro v\u0161echny na\u0161e z\u00e1kazn\u00edky na Eurorxdrugs","og_url":"https:\/\/eurorxdrugs.cc\/cs\/product\/percocet\/","og_site_name":"eurorxdrugs","article_modified_time":"2024-09-07T20:31:17+00:00","og_image":[{"width":270,"height":300,"url":"https:\/\/eurorxdrugs.cc\/cs\/wp-content\/uploads\/2024\/09\/364-min.jpg","type":"image\/jpeg"}],"twitter_card":"summary_large_image","twitter_misc":{"Odhadovan\u00e1 doba \u010dten\u00ed":"4 minuty"},"schema":{"@context":"https:\/\/schema.org","@graph":[{"@type":"WebPage","@id":"https:\/\/eurorxdrugs.cc\/cs\/product\/percocet\/","url":"https:\/\/eurorxdrugs.cc\/cs\/product\/percocet\/","name":"Objednejte Percocet bez receptu za n\u00edzkou cenu | Eurorxdrugs","isPartOf":{"@id":"https:\/\/eurorxdrugs.cc\/cs\/#website"},"datePublished":"2024-09-07T20:26:33+00:00","dateModified":"2024-09-07T20:31:17+00:00","description":"Kupte Percocet nyn\u00ed! Origin\u00e1ln\u00ed l\u00e9ky a rychl\u00e9 doru\u010den\u00ed v cen\u011b. 100% diskr\u00e9tn\u00ed a d\u016fv\u011brn\u00fd servis pro v\u0161echny na\u0161e z\u00e1kazn\u00edky na Eurorxdrugs","breadcrumb":{"@id":"https:\/\/eurorxdrugs.cc\/cs\/product\/percocet\/#breadcrumb"},"inLanguage":"cs","potentialAction":[{"@type":"ReadAction","target":["https:\/\/eurorxdrugs.cc\/cs\/product\/percocet\/"]}]},{"@type":"BreadcrumbList","@id":"https:\/\/eurorxdrugs.cc\/cs\/product\/percocet\/#breadcrumb","itemListElement":[{"@type":"ListItem","position":1,"name":"Home","item":"https:\/\/eurorxdrugs.cc\/cs\/"},{"@type":"ListItem","position":2,"name":"Products","item":"https:\/\/eurorxdrugs.cc\/cs\/shop\/"},{"@type":"ListItem","position":3,"name":"Percocet"}]},{"@type":"WebSite","@id":"https:\/\/eurorxdrugs.cc\/cs\/#website","url":"https:\/\/eurorxdrugs.cc\/cs\/","name":"eurorxdrugs","description":"","publisher":{"@id":"https:\/\/eurorxdrugs.cc\/cs\/#organization"},"potentialAction":[{"@type":"SearchAction","target":{"@type":"EntryPoint","urlTemplate":"https:\/\/eurorxdrugs.cc\/cs\/?s={search_term_string}"},"query-input":"required name=search_term_string"}],"inLanguage":"cs"},{"@type":"Organization","@id":"https:\/\/eurorxdrugs.cc\/cs\/#organization","name":"eurorxdrugs","url":"https:\/\/eurorxdrugs.cc\/cs\/","logo":{"@type":"ImageObject","inLanguage":"cs","@id":"https:\/\/eurorxdrugs.cc\/cs\/#\/schema\/logo\/image\/","url":"https:\/\/eurorxdrugs.cc\/cs\/wp-content\/uploads\/2024\/09\/logo-1-1.png","contentUrl":"https:\/\/eurorxdrugs.cc\/cs\/wp-content\/uploads\/2024\/09\/logo-1-1.png","width":233,"height":54,"caption":"eurorxdrugs"},"image":{"@id":"https:\/\/eurorxdrugs.cc\/cs\/#\/schema\/logo\/image\/"}}]}},"_links":{"self":[{"href":"https:\/\/eurorxdrugs.cc\/cs\/wp-json\/wp\/v2\/product\/1588","targetHints":{"allow":["GET"]}}],"collection":[{"href":"https:\/\/eurorxdrugs.cc\/cs\/wp-json\/wp\/v2\/product"}],"about":[{"href":"https:\/\/eurorxdrugs.cc\/cs\/wp-json\/wp\/v2\/types\/product"}],"replies":[{"embeddable":true,"href":"https:\/\/eurorxdrugs.cc\/cs\/wp-json\/wp\/v2\/comments?post=1588"}],"wp:featuredmedia":[{"embeddable":true,"href":"https:\/\/eurorxdrugs.cc\/cs\/wp-json\/wp\/v2\/media\/1589"}],"wp:attachment":[{"href":"https:\/\/eurorxdrugs.cc\/cs\/wp-json\/wp\/v2\/media?parent=1588"}],"wp:term":[{"taxonomy":"product_cat","embeddable":true,"href":"https:\/\/eurorxdrugs.cc\/cs\/wp-json\/wp\/v2\/product_cat?post=1588"},{"taxonomy":"product_tag","embeddable":true,"href":"https:\/\/eurorxdrugs.cc\/cs\/wp-json\/wp\/v2\/product_tag?post=1588"}],"curies":[{"name":"wp","href":"https:\/\/api.w.org\/{rel}","templated":true}]}}