{"id":1599,"date":"2024-09-08T06:09:58","date_gmt":"2024-09-08T06:09:58","guid":{"rendered":"https:\/\/eurorxdrugs.cc\/cs\/?post_type=product&#038;p=1599"},"modified":"2024-09-08T06:23:40","modified_gmt":"2024-09-08T06:23:40","slug":"qutan-quetiapine","status":"publish","type":"product","link":"https:\/\/eurorxdrugs.cc\/cs\/product\/qutan-quetiapine\/","title":{"rendered":"Qutan (Quetiapine)"},"content":{"rendered":"<div style=\"text-align: left;\"><strong>What QUTAN is used for?<\/strong><\/div>\n<div style=\"text-align: left;\">QUTAN is used to treat several illnesses, such as:<\/div>\n<div style=\"text-align: left;\">\u2022 Bipolar depression and major depressive episodes in major depressive disorder: You may find that you feel depressed, feel guilty, lack energy, lose your appetite or can\u2019t sleep<\/div>\n<div style=\"text-align: left;\">\u2022 Mania: where you may feel very excited, elated, agitated, enthusiastic or hyperactive or have poor judgment including being aggressive or disruptive<\/div>\n<div style=\"text-align: left;\">\u2022 Schizophrenia: where you may hear or feel things that are not there, believe things that are not true or feel unusually suspicious, anxious, confused, guilty, tense or depressed<\/div>\n<div style=\"text-align: left;\"><\/div>\n<div style=\"text-align: left;\"><strong>Talk to your doctor before taking QUTAN, if you:<\/strong><\/div>\n<div style=\"text-align: left;\">\u2022 Are allergic to Quetiapine or to any of the other ingredients of this medicine<\/div>\n<div style=\"text-align: left;\">\u2022 Have heart problems<\/div>\n<div style=\"text-align: left;\">\u2022 Have low blood pressure<\/div>\n<div style=\"text-align: left;\">\u2022 Had a stroke or fits (seizure)<\/div>\n<div style=\"text-align: left;\">\u2022 Have liver problems<\/div>\n<div style=\"text-align: left;\">\u2022 Have a history of blood clots<\/div>\n<div style=\"text-align: left;\">\u2022 Have diabetes<\/div>\n<div style=\"text-align: left;\">\u2022 Are an elderly person with dementia (loss of brain function)<\/div>\n<div style=\"text-align: left;\">\u2022 Have or have had a condition called \u2018sleep apnoea where you stop breathing for short periods during your normal nightly sleep<\/div>\n<div style=\"text-align: left;\">\u2022 Have a condition where you cannot completely empty your bladder (urinary retention)<\/div>\n<div style=\"text-align: left;\">\u2022 Have an eye problem<\/div>\n<div style=\"text-align: left;\">\u2022 Have a history of problems with alcohol or drug use<\/div>\n<div style=\"text-align: left;\">\u2022 Have a long-lasting and painful erection (priapism)<\/div>\n<div style=\"text-align: left;\">\u2022 Have thoughts of suicide and worsening of your depression<\/div>\n<div style=\"text-align: left;\"><\/div>\n<div style=\"text-align: left;\">\u00a0\u00a0\u00a0\u00a0\u00a0\u00a0\u00a0\u00a0Tell your doctor if you are taking, have recently taken or might take any other medicines, including medicines obtained without a prescription and herbal medicines.<\/div>\n<div style=\"text-align: left;\"><\/div>\n<div style=\"text-align: left;\"><strong>Tell your doctor if you are taking:<\/strong><\/div>\n<div style=\"text-align: left;\">\u2022 Medicines used for viral and fungal infections<\/div>\n<div style=\"text-align: left;\">\u2022 Erythromycin or clarithromycin used for bacterial infections<\/div>\n<div style=\"text-align: left;\">\u2022 Nefazodone used for depression<\/div>\n<div style=\"text-align: left;\">\u2022 Phenytoin or carbamazepine used to treat fits<\/div>\n<div style=\"text-align: left;\">\u2022 Medicines used to treat high blood pressure<\/div>\n<div style=\"text-align: left;\">\u2022 Barbiturates used for anxiety<\/div>\n<div style=\"text-align: left;\">\u2022 Thioridazine or lithium used to treat mental problems<\/div>\n<div style=\"text-align: left;\">\u2022 Diuretics<\/div>\n<div style=\"text-align: left;\">\u2022 Medicines that can cause constipation,<\/div>\n<div style=\"text-align: left;\"><\/div>\n<div style=\"text-align: left;\">Like all medicines, this medicine can cause side effects, although not everybody gets them.<\/div>\n<div style=\"text-align: left;\">\u2022 Rapid heartbeat<\/div>\n<div style=\"text-align: left;\">\u2022 Constipation, stomach upset (indigestion)<\/div>\n<div style=\"text-align: left;\">\u2022 Swelling of arms or legs<\/div>\n<div style=\"text-align: left;\">\u2022 Low blood pressure when standing up. this may make you feel dizzy or faint (may lead to falls)<\/div>\n<div style=\"text-align: left;\">\u2022 Increased levels of sugar in the blood<\/div>\n<div style=\"text-align: left;\">\u2022 Blurred vision<\/div>\n<div style=\"text-align: left;\">\u2022 Abnormal dreams and nightmares<\/div>\n<div style=\"text-align: left;\">\u2022 Feeling more hungry<\/div>\n<div style=\"text-align: left;\">\u2022 Feeling irritated<\/div>\n<div style=\"text-align: left;\">\u2022 Disturbance in speech and language<\/div>\n<div style=\"text-align: left;\">\u2022 Thoughts of suicide and worsening of your depression.<\/div>\n<div style=\"text-align: left;\">\u2022 Shortness of breath<\/div>\n<div style=\"text-align: left;\">\u2022 Vomiting (mainly in the elderly)<\/div>\n<div style=\"text-align: left;\">\u2022 Changes in the amount of thyroid hormones in your blood<\/div>\n<div style=\"text-align: left;\">\u2022 Decreases in the number of certain types of blood cells<\/div>\n<div style=\"text-align: left;\">\u2022 Increases in the amount of liver enzymes measured in the blood<\/div>\n<div style=\"text-align: left;\">\u2022 Increases in the amount of the hormone prolactin in the blood.<\/div>\n<div style=\"text-align: left;\">\u2022 Irregular periods<\/div>\n<div style=\"text-align: left;\">\u2022 Feeling weak, fainting (may lead to falls)<\/div>\n<div style=\"text-align: left;\">\u2022 Stuffy nose<\/div>\n<div style=\"text-align: left;\">\u2022 Dizziness (may lead to falls), headache, dry mouth<\/div>\n<div style=\"text-align: left;\">\u2022 Feeling sleepy<\/div>\n<div style=\"text-align: left;\">\u2022 Withdrawal symptoms include not being able to sleep, feeling sick, headache, diarrhoea, being sick, dizziness, and irritability. gradual withdrawal over a period of at least 1 to 2 weeks is advisable<\/div>\n<div style=\"text-align: left;\">\u2022 Abnormal muscle movements<\/div>\n<div style=\"text-align: left;\">\u2022 Changes in the amount of certain fats (triglycerides and total cholesterol)<\/div>\n<div style=\"text-align: left;\">\u2022 Weight gain<\/div>\n<div style=\"text-align: left;\"><\/div>\n<div style=\"text-align: left;\"><strong>Storage<\/strong><\/div>\n<div style=\"text-align: left;\">\u2022 Keep this medicine out of reach of children<\/div>\n<div style=\"text-align: left;\">\u2022 Do not use this medicine after the expiry date<\/div>\n<div style=\"text-align: left;\">\u2022 Store at room temperature (15-25\u00baC)<\/div>\n<div style=\"text-align: left;\"><\/div>\n","protected":false},"excerpt":{"rendered":"<div><b>Commercial name:<\/b>\u00a0Qutan (Quetiapine)<\/div>\n<div><b>Principal Ingredient:<\/b>\u00a0Quetiapine<\/div>\n<div><b>Production form:<\/b>\u00a0Pills<\/div>\n<div><b>Utilization:\u00a0<\/b>Relieves: Treats the problem of acute and chronic psychosis,<\/div>\n<div><b>Available Dosage:\u00a0<\/b>50 mg, 100 mg, 200mg, 300mg<\/div>\n","protected":false},"featured_media":1600,"comment_status":"open","ping_status":"closed","template":"","meta":[],"product_cat":[20],"product_tag":[],"class_list":{"0":"post-1599","1":"product","2":"type-product","3":"status-publish","4":"has-post-thumbnail","6":"product_cat-anti-depressants","8":"first","9":"instock","10":"shipping-taxable","11":"product-type-grouped"},"yoast_head":"<!-- This site is optimized with the Yoast SEO plugin v20.0 - https:\/\/yoast.com\/wordpress\/plugins\/seo\/ -->\n<title>Objednejte Qutan (Quetiapine) bez receptu za n\u00edzkou cenu | Eurorxdrugs<\/title>\n<meta name=\"description\" content=\"Kupte Qutan (Quetiapine) nyn\u00ed! Origin\u00e1ln\u00ed l\u00e9ky a rychl\u00e9 doru\u010den\u00ed v cen\u011b. 100% diskr\u00e9tn\u00ed a d\u016fv\u011brn\u00fd servis pro v\u0161echny na\u0161e z\u00e1kazn\u00edky na Eurorxdrugs\" \/>\n<meta name=\"robots\" content=\"index, follow, max-snippet:-1, max-image-preview:large, max-video-preview:-1\" \/>\n<link rel=\"canonical\" href=\"https:\/\/eurorxdrugs.cc\/cs\/product\/qutan-quetiapine\/\" \/>\n<meta property=\"og:locale\" content=\"cs_CZ\" \/>\n<meta property=\"og:type\" content=\"article\" \/>\n<meta property=\"og:title\" content=\"Objednejte Qutan (Quetiapine) bez receptu za n\u00edzkou cenu | Eurorxdrugs\" \/>\n<meta property=\"og:description\" content=\"Kupte Qutan (Quetiapine) nyn\u00ed! Origin\u00e1ln\u00ed l\u00e9ky a rychl\u00e9 doru\u010den\u00ed v cen\u011b. 100% diskr\u00e9tn\u00ed a d\u016fv\u011brn\u00fd servis pro v\u0161echny na\u0161e z\u00e1kazn\u00edky na Eurorxdrugs\" \/>\n<meta property=\"og:url\" content=\"https:\/\/eurorxdrugs.cc\/cs\/product\/qutan-quetiapine\/\" \/>\n<meta property=\"og:site_name\" content=\"eurorxdrugs\" \/>\n<meta property=\"article:modified_time\" content=\"2024-09-08T06:23:40+00:00\" \/>\n<meta property=\"og:image\" content=\"https:\/\/eurorxdrugs.cc\/cs\/wp-content\/uploads\/2024\/09\/172-min.jpg\" \/>\n\t<meta property=\"og:image:width\" content=\"270\" \/>\n\t<meta property=\"og:image:height\" content=\"300\" \/>\n\t<meta property=\"og:image:type\" content=\"image\/jpeg\" \/>\n<meta name=\"twitter:card\" content=\"summary_large_image\" \/>\n<meta name=\"twitter:label1\" content=\"Odhadovan\u00e1 doba \u010dten\u00ed\" \/>\n\t<meta name=\"twitter:data1\" content=\"3 minuty\" \/>\n<script type=\"application\/ld+json\" class=\"yoast-schema-graph\">{\"@context\":\"https:\/\/schema.org\",\"@graph\":[{\"@type\":\"WebPage\",\"@id\":\"https:\/\/eurorxdrugs.cc\/cs\/product\/qutan-quetiapine\/\",\"url\":\"https:\/\/eurorxdrugs.cc\/cs\/product\/qutan-quetiapine\/\",\"name\":\"Objednejte Qutan (Quetiapine) bez receptu za n\u00edzkou cenu | Eurorxdrugs\",\"isPartOf\":{\"@id\":\"https:\/\/eurorxdrugs.cc\/cs\/#website\"},\"datePublished\":\"2024-09-08T06:09:58+00:00\",\"dateModified\":\"2024-09-08T06:23:40+00:00\",\"description\":\"Kupte Qutan (Quetiapine) nyn\u00ed! Origin\u00e1ln\u00ed l\u00e9ky a rychl\u00e9 doru\u010den\u00ed v cen\u011b. 100% diskr\u00e9tn\u00ed a d\u016fv\u011brn\u00fd servis pro v\u0161echny na\u0161e z\u00e1kazn\u00edky na Eurorxdrugs\",\"breadcrumb\":{\"@id\":\"https:\/\/eurorxdrugs.cc\/cs\/product\/qutan-quetiapine\/#breadcrumb\"},\"inLanguage\":\"cs\",\"potentialAction\":[{\"@type\":\"ReadAction\",\"target\":[\"https:\/\/eurorxdrugs.cc\/cs\/product\/qutan-quetiapine\/\"]}]},{\"@type\":\"BreadcrumbList\",\"@id\":\"https:\/\/eurorxdrugs.cc\/cs\/product\/qutan-quetiapine\/#breadcrumb\",\"itemListElement\":[{\"@type\":\"ListItem\",\"position\":1,\"name\":\"Home\",\"item\":\"https:\/\/eurorxdrugs.cc\/cs\/\"},{\"@type\":\"ListItem\",\"position\":2,\"name\":\"Products\",\"item\":\"https:\/\/eurorxdrugs.cc\/cs\/shop\/\"},{\"@type\":\"ListItem\",\"position\":3,\"name\":\"Qutan (Quetiapine)\"}]},{\"@type\":\"WebSite\",\"@id\":\"https:\/\/eurorxdrugs.cc\/cs\/#website\",\"url\":\"https:\/\/eurorxdrugs.cc\/cs\/\",\"name\":\"eurorxdrugs\",\"description\":\"\",\"publisher\":{\"@id\":\"https:\/\/eurorxdrugs.cc\/cs\/#organization\"},\"potentialAction\":[{\"@type\":\"SearchAction\",\"target\":{\"@type\":\"EntryPoint\",\"urlTemplate\":\"https:\/\/eurorxdrugs.cc\/cs\/?s={search_term_string}\"},\"query-input\":\"required name=search_term_string\"}],\"inLanguage\":\"cs\"},{\"@type\":\"Organization\",\"@id\":\"https:\/\/eurorxdrugs.cc\/cs\/#organization\",\"name\":\"eurorxdrugs\",\"url\":\"https:\/\/eurorxdrugs.cc\/cs\/\",\"logo\":{\"@type\":\"ImageObject\",\"inLanguage\":\"cs\",\"@id\":\"https:\/\/eurorxdrugs.cc\/cs\/#\/schema\/logo\/image\/\",\"url\":\"https:\/\/eurorxdrugs.cc\/cs\/wp-content\/uploads\/2024\/09\/logo-1-1.png\",\"contentUrl\":\"https:\/\/eurorxdrugs.cc\/cs\/wp-content\/uploads\/2024\/09\/logo-1-1.png\",\"width\":233,\"height\":54,\"caption\":\"eurorxdrugs\"},\"image\":{\"@id\":\"https:\/\/eurorxdrugs.cc\/cs\/#\/schema\/logo\/image\/\"}}]}<\/script>\n<!-- \/ Yoast SEO plugin. -->","yoast_head_json":{"title":"Objednejte Qutan (Quetiapine) bez receptu za n\u00edzkou cenu | Eurorxdrugs","description":"Kupte Qutan (Quetiapine) nyn\u00ed! Origin\u00e1ln\u00ed l\u00e9ky a rychl\u00e9 doru\u010den\u00ed v cen\u011b. 100% diskr\u00e9tn\u00ed a d\u016fv\u011brn\u00fd servis pro v\u0161echny na\u0161e z\u00e1kazn\u00edky na Eurorxdrugs","robots":{"index":"index","follow":"follow","max-snippet":"max-snippet:-1","max-image-preview":"max-image-preview:large","max-video-preview":"max-video-preview:-1"},"canonical":"https:\/\/eurorxdrugs.cc\/cs\/product\/qutan-quetiapine\/","og_locale":"cs_CZ","og_type":"article","og_title":"Objednejte Qutan (Quetiapine) bez receptu za n\u00edzkou cenu | Eurorxdrugs","og_description":"Kupte Qutan (Quetiapine) nyn\u00ed! Origin\u00e1ln\u00ed l\u00e9ky a rychl\u00e9 doru\u010den\u00ed v cen\u011b. 100% diskr\u00e9tn\u00ed a d\u016fv\u011brn\u00fd servis pro v\u0161echny na\u0161e z\u00e1kazn\u00edky na Eurorxdrugs","og_url":"https:\/\/eurorxdrugs.cc\/cs\/product\/qutan-quetiapine\/","og_site_name":"eurorxdrugs","article_modified_time":"2024-09-08T06:23:40+00:00","og_image":[{"width":270,"height":300,"url":"https:\/\/eurorxdrugs.cc\/cs\/wp-content\/uploads\/2024\/09\/172-min.jpg","type":"image\/jpeg"}],"twitter_card":"summary_large_image","twitter_misc":{"Odhadovan\u00e1 doba \u010dten\u00ed":"3 minuty"},"schema":{"@context":"https:\/\/schema.org","@graph":[{"@type":"WebPage","@id":"https:\/\/eurorxdrugs.cc\/cs\/product\/qutan-quetiapine\/","url":"https:\/\/eurorxdrugs.cc\/cs\/product\/qutan-quetiapine\/","name":"Objednejte Qutan (Quetiapine) bez receptu za n\u00edzkou cenu | Eurorxdrugs","isPartOf":{"@id":"https:\/\/eurorxdrugs.cc\/cs\/#website"},"datePublished":"2024-09-08T06:09:58+00:00","dateModified":"2024-09-08T06:23:40+00:00","description":"Kupte Qutan (Quetiapine) nyn\u00ed! Origin\u00e1ln\u00ed l\u00e9ky a rychl\u00e9 doru\u010den\u00ed v cen\u011b. 100% diskr\u00e9tn\u00ed a d\u016fv\u011brn\u00fd servis pro v\u0161echny na\u0161e z\u00e1kazn\u00edky na Eurorxdrugs","breadcrumb":{"@id":"https:\/\/eurorxdrugs.cc\/cs\/product\/qutan-quetiapine\/#breadcrumb"},"inLanguage":"cs","potentialAction":[{"@type":"ReadAction","target":["https:\/\/eurorxdrugs.cc\/cs\/product\/qutan-quetiapine\/"]}]},{"@type":"BreadcrumbList","@id":"https:\/\/eurorxdrugs.cc\/cs\/product\/qutan-quetiapine\/#breadcrumb","itemListElement":[{"@type":"ListItem","position":1,"name":"Home","item":"https:\/\/eurorxdrugs.cc\/cs\/"},{"@type":"ListItem","position":2,"name":"Products","item":"https:\/\/eurorxdrugs.cc\/cs\/shop\/"},{"@type":"ListItem","position":3,"name":"Qutan (Quetiapine)"}]},{"@type":"WebSite","@id":"https:\/\/eurorxdrugs.cc\/cs\/#website","url":"https:\/\/eurorxdrugs.cc\/cs\/","name":"eurorxdrugs","description":"","publisher":{"@id":"https:\/\/eurorxdrugs.cc\/cs\/#organization"},"potentialAction":[{"@type":"SearchAction","target":{"@type":"EntryPoint","urlTemplate":"https:\/\/eurorxdrugs.cc\/cs\/?s={search_term_string}"},"query-input":"required name=search_term_string"}],"inLanguage":"cs"},{"@type":"Organization","@id":"https:\/\/eurorxdrugs.cc\/cs\/#organization","name":"eurorxdrugs","url":"https:\/\/eurorxdrugs.cc\/cs\/","logo":{"@type":"ImageObject","inLanguage":"cs","@id":"https:\/\/eurorxdrugs.cc\/cs\/#\/schema\/logo\/image\/","url":"https:\/\/eurorxdrugs.cc\/cs\/wp-content\/uploads\/2024\/09\/logo-1-1.png","contentUrl":"https:\/\/eurorxdrugs.cc\/cs\/wp-content\/uploads\/2024\/09\/logo-1-1.png","width":233,"height":54,"caption":"eurorxdrugs"},"image":{"@id":"https:\/\/eurorxdrugs.cc\/cs\/#\/schema\/logo\/image\/"}}]}},"_links":{"self":[{"href":"https:\/\/eurorxdrugs.cc\/cs\/wp-json\/wp\/v2\/product\/1599","targetHints":{"allow":["GET"]}}],"collection":[{"href":"https:\/\/eurorxdrugs.cc\/cs\/wp-json\/wp\/v2\/product"}],"about":[{"href":"https:\/\/eurorxdrugs.cc\/cs\/wp-json\/wp\/v2\/types\/product"}],"replies":[{"embeddable":true,"href":"https:\/\/eurorxdrugs.cc\/cs\/wp-json\/wp\/v2\/comments?post=1599"}],"wp:featuredmedia":[{"embeddable":true,"href":"https:\/\/eurorxdrugs.cc\/cs\/wp-json\/wp\/v2\/media\/1600"}],"wp:attachment":[{"href":"https:\/\/eurorxdrugs.cc\/cs\/wp-json\/wp\/v2\/media?parent=1599"}],"wp:term":[{"taxonomy":"product_cat","embeddable":true,"href":"https:\/\/eurorxdrugs.cc\/cs\/wp-json\/wp\/v2\/product_cat?post=1599"},{"taxonomy":"product_tag","embeddable":true,"href":"https:\/\/eurorxdrugs.cc\/cs\/wp-json\/wp\/v2\/product_tag?post=1599"}],"curies":[{"name":"wp","href":"https:\/\/api.w.org\/{rel}","templated":true}]}}