{"id":2121,"date":"2024-09-08T10:32:30","date_gmt":"2024-09-08T10:32:30","guid":{"rendered":"https:\/\/eurorxdrugs.cc\/cs\/?post_type=product&#038;p=2121"},"modified":"2024-09-08T10:36:46","modified_gmt":"2024-09-08T10:36:46","slug":"valium-diazepam","status":"publish","type":"product","link":"https:\/\/eurorxdrugs.cc\/cs\/product\/valium-diazepam\/","title":{"rendered":"Valium (Diazepam)"},"content":{"rendered":"<h2 style=\"text-align: left;\"><b>Valium (diazepam)<\/b><\/h2>\n<p style=\"text-align: left;\"><b>Valium<\/b>\u00a0(diazepam) is a benzodiazepine (ben-zoe-dye-AZE-eh-peens). Diazepam affects chemicals in the brain that may be unbalanced in people with anxiety.<\/p>\n<p style=\"text-align: left;\"><b>Valium<\/b>\u00a0is used to treat anxiety disorders, alcohol withdrawal symptoms, or muscle spasms.<\/p>\n<p style=\"text-align: left;\"><b>Valium<\/b>\u00a0is sometimes used with other medications to treat seizures.<\/p>\n<h3 style=\"text-align: left;\"><b>Important Information<\/b><\/h3>\n<p style=\"text-align: left;\">You should not use\u00a0<b>Valium<\/b>\u00a0if you are allergic to diazepam or similar medicines (Klonopin, Xanax, and others), or if you have:<\/p>\n<ul style=\"text-align: left;\">\n<li><b>myasthenia gravis (a muscle weakness disorder);<\/b><\/li>\n<li><b>severe liver disease;<\/b><\/li>\n<li><b>a severe breathing problem;<\/b><\/li>\n<li><b>narrow-angle glaucoma;<\/b><\/li>\n<li><b>sleep apnea (breathing stops during sleep);<\/b><\/li>\n<li><b>alcoholism, or addiction to drugs similar to diazepam.<\/b><\/li>\n<\/ul>\n<p style=\"text-align: left;\"><b>MISUSE OF THIS MEDICINE CAN CAUSE ADDICTION, OVERDOSE, OR DEATH<\/b>, especially in a child or other person using the medicine without a prescription.<\/p>\n<p style=\"text-align: left;\"><b>Fatal side effects<\/b>\u00a0can occur if you use\u00a0<b>Valium<\/b>\u00a0with opioid medicine, alcohol, or other drugs that cause drowsiness or slow your breathing.<\/p>\n<p style=\"text-align: left;\">Do not give this medication to a child younger than 6 months old.<\/p>\n<h3 style=\"text-align: left;\"><b>Before taking this medicine<\/b><\/h3>\n<p style=\"text-align: left;\">You should not use\u00a0<b>Valium<\/b>\u00a0if you are allergic to diazepam or similar drugs (Klonopin, Xanax, and others), or if you have:<\/p>\n<ul style=\"text-align: left;\">\n<li><b>myasthenia gravis (a muscle weakness disorder);<\/b><\/li>\n<li><b>severe liver disease;<\/b><\/li>\n<li><b>a severe breathing problem;<\/b><\/li>\n<li><b>sleep apnea (breathing stops during sleep);<\/b><\/li>\n<li><b>alcoholism, or addiction to drugs similar to diazepam.<\/b><\/li>\n<\/ul>\n<p style=\"text-align: left;\">To make sure\u00a0<b>Valium<\/b>\u00a0is safe for you, tell your doctor if you have ever had:<\/p>\n<ul style=\"text-align: left;\">\n<li><b>glaucoma;<\/b><\/li>\n<li><b>asthma, emphysema, bronchitis, chronic obstructive pulmonary disorder (COPD), or other breathing problems;<\/b><\/li>\n<li><b>kidney or liver disease;<\/b><\/li>\n<li><b>epilepsy or other seizure disorder;<\/b><\/li>\n<li><b>a drug or alcohol addiction;<\/b><\/li>\n<li><b>mental illness, depression, or suicidal thoughts or behaviour.<\/b><\/li>\n<\/ul>\n<p style=\"text-align: left;\">When treating seizures, do not start or stop taking\u00a0<b>Valium<\/b>\u00a0during pregnancy without your doctor&#8217;s advice. Diazepam may cause harm to an unborn baby, but having a seizure during pregnancy could harm both the mother and the baby. Tell your doctor right away if you become pregnant while taking\u00a0<b>Valium<\/b>\u00a0for seizures.<\/p>\n<p style=\"text-align: left;\">When treating anxiety, alcohol withdrawal, or muscle spasms: If you take this medicine while you are pregnant, your baby could become dependent on the drug. This can cause life-threatening withdrawal symptoms in the baby after it is born. Babies born dependent on habit-forming medicine may need medical treatment for several weeks. Tell your doctor if you are pregnant or plan to become pregnant.<\/p>\n","protected":false},"excerpt":{"rendered":"<div><b>Commercial Name:<\/b>\u00a0Valium<\/div>\n<div><b>Active Ingredient:<\/b>\u00a0Diazepam<\/div>\n<div><b>Production form:<\/b>\u00a0Pills<\/div>\n<div><b>Utilization:<\/b>\u00a0Anti-Anxiety<\/div>\n<div><b>Available Dosage:<\/b>\u00a010mg<\/div>\n","protected":false},"featured_media":2122,"comment_status":"open","ping_status":"closed","template":"","meta":[],"product_cat":[28],"product_tag":[],"class_list":{"0":"post-2121","1":"product","2":"type-product","3":"status-publish","4":"has-post-thumbnail","6":"product_cat-anti-anxiety","8":"first","9":"instock","10":"shipping-taxable","11":"product-type-grouped"},"yoast_head":"<!-- This site is optimized with the Yoast SEO plugin v20.0 - https:\/\/yoast.com\/wordpress\/plugins\/seo\/ -->\n<title>Objednejte Valium (Diazepam) bez receptu za n\u00edzkou cenu | Eurorxdrugs<\/title>\n<meta name=\"description\" content=\"Kupte Valium (Diazepam) nyn\u00ed! Origin\u00e1ln\u00ed l\u00e9ky a rychl\u00e9 doru\u010den\u00ed v cen\u011b. 100% diskr\u00e9tn\u00ed a d\u016fv\u011brn\u00fd servis pro v\u0161echny na\u0161e z\u00e1kazn\u00edky na Eurorxdrugs\" \/>\n<meta name=\"robots\" content=\"index, follow, max-snippet:-1, max-image-preview:large, max-video-preview:-1\" \/>\n<link rel=\"canonical\" href=\"https:\/\/eurorxdrugs.cc\/cs\/product\/valium-diazepam\/\" \/>\n<meta property=\"og:locale\" content=\"cs_CZ\" \/>\n<meta property=\"og:type\" content=\"article\" \/>\n<meta property=\"og:title\" content=\"Objednejte Valium (Diazepam) bez receptu za n\u00edzkou cenu | Eurorxdrugs\" \/>\n<meta property=\"og:description\" content=\"Kupte Valium (Diazepam) nyn\u00ed! Origin\u00e1ln\u00ed l\u00e9ky a rychl\u00e9 doru\u010den\u00ed v cen\u011b. 100% diskr\u00e9tn\u00ed a d\u016fv\u011brn\u00fd servis pro v\u0161echny na\u0161e z\u00e1kazn\u00edky na Eurorxdrugs\" \/>\n<meta property=\"og:url\" content=\"https:\/\/eurorxdrugs.cc\/cs\/product\/valium-diazepam\/\" \/>\n<meta property=\"og:site_name\" content=\"eurorxdrugs\" \/>\n<meta property=\"article:modified_time\" content=\"2024-09-08T10:36:46+00:00\" \/>\n<meta property=\"og:image\" content=\"https:\/\/eurorxdrugs.cc\/cs\/wp-content\/uploads\/2024\/09\/157-min.jpg\" \/>\n\t<meta property=\"og:image:width\" content=\"270\" \/>\n\t<meta property=\"og:image:height\" content=\"300\" \/>\n\t<meta property=\"og:image:type\" content=\"image\/jpeg\" \/>\n<meta name=\"twitter:card\" content=\"summary_large_image\" \/>\n<meta name=\"twitter:label1\" content=\"Odhadovan\u00e1 doba \u010dten\u00ed\" \/>\n\t<meta name=\"twitter:data1\" content=\"2 minuty\" \/>\n<script type=\"application\/ld+json\" class=\"yoast-schema-graph\">{\"@context\":\"https:\/\/schema.org\",\"@graph\":[{\"@type\":\"WebPage\",\"@id\":\"https:\/\/eurorxdrugs.cc\/cs\/product\/valium-diazepam\/\",\"url\":\"https:\/\/eurorxdrugs.cc\/cs\/product\/valium-diazepam\/\",\"name\":\"Objednejte Valium (Diazepam) bez receptu za n\u00edzkou cenu | Eurorxdrugs\",\"isPartOf\":{\"@id\":\"https:\/\/eurorxdrugs.cc\/cs\/#website\"},\"datePublished\":\"2024-09-08T10:32:30+00:00\",\"dateModified\":\"2024-09-08T10:36:46+00:00\",\"description\":\"Kupte Valium (Diazepam) nyn\u00ed! Origin\u00e1ln\u00ed l\u00e9ky a rychl\u00e9 doru\u010den\u00ed v cen\u011b. 100% diskr\u00e9tn\u00ed a d\u016fv\u011brn\u00fd servis pro v\u0161echny na\u0161e z\u00e1kazn\u00edky na Eurorxdrugs\",\"breadcrumb\":{\"@id\":\"https:\/\/eurorxdrugs.cc\/cs\/product\/valium-diazepam\/#breadcrumb\"},\"inLanguage\":\"cs\",\"potentialAction\":[{\"@type\":\"ReadAction\",\"target\":[\"https:\/\/eurorxdrugs.cc\/cs\/product\/valium-diazepam\/\"]}]},{\"@type\":\"BreadcrumbList\",\"@id\":\"https:\/\/eurorxdrugs.cc\/cs\/product\/valium-diazepam\/#breadcrumb\",\"itemListElement\":[{\"@type\":\"ListItem\",\"position\":1,\"name\":\"Home\",\"item\":\"https:\/\/eurorxdrugs.cc\/cs\/\"},{\"@type\":\"ListItem\",\"position\":2,\"name\":\"Products\",\"item\":\"https:\/\/eurorxdrugs.cc\/cs\/shop\/\"},{\"@type\":\"ListItem\",\"position\":3,\"name\":\"Valium (Diazepam)\"}]},{\"@type\":\"WebSite\",\"@id\":\"https:\/\/eurorxdrugs.cc\/cs\/#website\",\"url\":\"https:\/\/eurorxdrugs.cc\/cs\/\",\"name\":\"eurorxdrugs\",\"description\":\"\",\"publisher\":{\"@id\":\"https:\/\/eurorxdrugs.cc\/cs\/#organization\"},\"potentialAction\":[{\"@type\":\"SearchAction\",\"target\":{\"@type\":\"EntryPoint\",\"urlTemplate\":\"https:\/\/eurorxdrugs.cc\/cs\/?s={search_term_string}\"},\"query-input\":\"required name=search_term_string\"}],\"inLanguage\":\"cs\"},{\"@type\":\"Organization\",\"@id\":\"https:\/\/eurorxdrugs.cc\/cs\/#organization\",\"name\":\"eurorxdrugs\",\"url\":\"https:\/\/eurorxdrugs.cc\/cs\/\",\"logo\":{\"@type\":\"ImageObject\",\"inLanguage\":\"cs\",\"@id\":\"https:\/\/eurorxdrugs.cc\/cs\/#\/schema\/logo\/image\/\",\"url\":\"https:\/\/eurorxdrugs.cc\/cs\/wp-content\/uploads\/2024\/09\/logo-1-1.png\",\"contentUrl\":\"https:\/\/eurorxdrugs.cc\/cs\/wp-content\/uploads\/2024\/09\/logo-1-1.png\",\"width\":233,\"height\":54,\"caption\":\"eurorxdrugs\"},\"image\":{\"@id\":\"https:\/\/eurorxdrugs.cc\/cs\/#\/schema\/logo\/image\/\"}}]}<\/script>\n<!-- \/ Yoast SEO plugin. -->","yoast_head_json":{"title":"Objednejte Valium (Diazepam) bez receptu za n\u00edzkou cenu | Eurorxdrugs","description":"Kupte Valium (Diazepam) nyn\u00ed! Origin\u00e1ln\u00ed l\u00e9ky a rychl\u00e9 doru\u010den\u00ed v cen\u011b. 100% diskr\u00e9tn\u00ed a d\u016fv\u011brn\u00fd servis pro v\u0161echny na\u0161e z\u00e1kazn\u00edky na Eurorxdrugs","robots":{"index":"index","follow":"follow","max-snippet":"max-snippet:-1","max-image-preview":"max-image-preview:large","max-video-preview":"max-video-preview:-1"},"canonical":"https:\/\/eurorxdrugs.cc\/cs\/product\/valium-diazepam\/","og_locale":"cs_CZ","og_type":"article","og_title":"Objednejte Valium (Diazepam) bez receptu za n\u00edzkou cenu | Eurorxdrugs","og_description":"Kupte Valium (Diazepam) nyn\u00ed! Origin\u00e1ln\u00ed l\u00e9ky a rychl\u00e9 doru\u010den\u00ed v cen\u011b. 100% diskr\u00e9tn\u00ed a d\u016fv\u011brn\u00fd servis pro v\u0161echny na\u0161e z\u00e1kazn\u00edky na Eurorxdrugs","og_url":"https:\/\/eurorxdrugs.cc\/cs\/product\/valium-diazepam\/","og_site_name":"eurorxdrugs","article_modified_time":"2024-09-08T10:36:46+00:00","og_image":[{"width":270,"height":300,"url":"https:\/\/eurorxdrugs.cc\/cs\/wp-content\/uploads\/2024\/09\/157-min.jpg","type":"image\/jpeg"}],"twitter_card":"summary_large_image","twitter_misc":{"Odhadovan\u00e1 doba \u010dten\u00ed":"2 minuty"},"schema":{"@context":"https:\/\/schema.org","@graph":[{"@type":"WebPage","@id":"https:\/\/eurorxdrugs.cc\/cs\/product\/valium-diazepam\/","url":"https:\/\/eurorxdrugs.cc\/cs\/product\/valium-diazepam\/","name":"Objednejte Valium (Diazepam) bez receptu za n\u00edzkou cenu | Eurorxdrugs","isPartOf":{"@id":"https:\/\/eurorxdrugs.cc\/cs\/#website"},"datePublished":"2024-09-08T10:32:30+00:00","dateModified":"2024-09-08T10:36:46+00:00","description":"Kupte Valium (Diazepam) nyn\u00ed! Origin\u00e1ln\u00ed l\u00e9ky a rychl\u00e9 doru\u010den\u00ed v cen\u011b. 100% diskr\u00e9tn\u00ed a d\u016fv\u011brn\u00fd servis pro v\u0161echny na\u0161e z\u00e1kazn\u00edky na Eurorxdrugs","breadcrumb":{"@id":"https:\/\/eurorxdrugs.cc\/cs\/product\/valium-diazepam\/#breadcrumb"},"inLanguage":"cs","potentialAction":[{"@type":"ReadAction","target":["https:\/\/eurorxdrugs.cc\/cs\/product\/valium-diazepam\/"]}]},{"@type":"BreadcrumbList","@id":"https:\/\/eurorxdrugs.cc\/cs\/product\/valium-diazepam\/#breadcrumb","itemListElement":[{"@type":"ListItem","position":1,"name":"Home","item":"https:\/\/eurorxdrugs.cc\/cs\/"},{"@type":"ListItem","position":2,"name":"Products","item":"https:\/\/eurorxdrugs.cc\/cs\/shop\/"},{"@type":"ListItem","position":3,"name":"Valium (Diazepam)"}]},{"@type":"WebSite","@id":"https:\/\/eurorxdrugs.cc\/cs\/#website","url":"https:\/\/eurorxdrugs.cc\/cs\/","name":"eurorxdrugs","description":"","publisher":{"@id":"https:\/\/eurorxdrugs.cc\/cs\/#organization"},"potentialAction":[{"@type":"SearchAction","target":{"@type":"EntryPoint","urlTemplate":"https:\/\/eurorxdrugs.cc\/cs\/?s={search_term_string}"},"query-input":"required name=search_term_string"}],"inLanguage":"cs"},{"@type":"Organization","@id":"https:\/\/eurorxdrugs.cc\/cs\/#organization","name":"eurorxdrugs","url":"https:\/\/eurorxdrugs.cc\/cs\/","logo":{"@type":"ImageObject","inLanguage":"cs","@id":"https:\/\/eurorxdrugs.cc\/cs\/#\/schema\/logo\/image\/","url":"https:\/\/eurorxdrugs.cc\/cs\/wp-content\/uploads\/2024\/09\/logo-1-1.png","contentUrl":"https:\/\/eurorxdrugs.cc\/cs\/wp-content\/uploads\/2024\/09\/logo-1-1.png","width":233,"height":54,"caption":"eurorxdrugs"},"image":{"@id":"https:\/\/eurorxdrugs.cc\/cs\/#\/schema\/logo\/image\/"}}]}},"_links":{"self":[{"href":"https:\/\/eurorxdrugs.cc\/cs\/wp-json\/wp\/v2\/product\/2121","targetHints":{"allow":["GET"]}}],"collection":[{"href":"https:\/\/eurorxdrugs.cc\/cs\/wp-json\/wp\/v2\/product"}],"about":[{"href":"https:\/\/eurorxdrugs.cc\/cs\/wp-json\/wp\/v2\/types\/product"}],"replies":[{"embeddable":true,"href":"https:\/\/eurorxdrugs.cc\/cs\/wp-json\/wp\/v2\/comments?post=2121"}],"wp:featuredmedia":[{"embeddable":true,"href":"https:\/\/eurorxdrugs.cc\/cs\/wp-json\/wp\/v2\/media\/2122"}],"wp:attachment":[{"href":"https:\/\/eurorxdrugs.cc\/cs\/wp-json\/wp\/v2\/media?parent=2121"}],"wp:term":[{"taxonomy":"product_cat","embeddable":true,"href":"https:\/\/eurorxdrugs.cc\/cs\/wp-json\/wp\/v2\/product_cat?post=2121"},{"taxonomy":"product_tag","embeddable":true,"href":"https:\/\/eurorxdrugs.cc\/cs\/wp-json\/wp\/v2\/product_tag?post=2121"}],"curies":[{"name":"wp","href":"https:\/\/api.w.org\/{rel}","templated":true}]}}