{"id":2413,"date":"2024-09-08T13:59:52","date_gmt":"2024-09-08T13:59:52","guid":{"rendered":"https:\/\/eurorxdrugs.cc\/cs\/?post_type=product&#038;p=2413"},"modified":"2024-09-08T14:04:31","modified_gmt":"2024-09-08T14:04:31","slug":"centrex-valacyclovir","status":"publish","type":"product","link":"https:\/\/eurorxdrugs.cc\/cs\/product\/centrex-valacyclovir\/","title":{"rendered":"Centrex (Valacyclovir)"},"content":{"rendered":"<div style=\"text-align: left;\"><b>Centrex (Valacyclovir)<\/b><\/div>\n<div style=\"text-align: left;\">\u00a0\u00a0\u00a0\u00a0\u00a0\u00a0\u00a0\u00a0Centrex (valacyclovir) is an antiviral prescription medication which is used to treat patients who are suffering from outbreaks of the herpes simplex virus, cold sores and shingles. This drug has been clinically proven to reduce the duration and the severity of outbreaks as well as limiting the occurrence of future outbreaks.<\/div>\n<div style=\"text-align: left;\"><\/div>\n<div style=\"text-align: left;\"><b>Uses<\/b><\/div>\n<div style=\"text-align: left;\">\u00a0\u00a0\u00a0\u00a0\u00a0\u00a0\u00a0\u00a0Centrex (Valacyclovir) is used for l treatment of viral infections of the skin, mucus membrane, genitals and eyes caused by herpes virus including cold sores (blisters on and around your lips) and shingles (painful rashes usually in the form of a strip of blisters). It is also used for the treatment of recurrent genital herpes infections, to treat chickenpox in children.<\/div>\n<div style=\"text-align: left;\"><\/div>\n<div style=\"text-align: left;\"><b>What is this medicine?<\/b><\/div>\n<div style=\"text-align: left;\">\u00a0\u00a0\u00a0\u00a0\u00a0\u00a0\u00a0\u00a0Centrex (Valtrex) plays the role of an anti-viral drug &#8211; which is known to slow the growth of herpes as it spreads and helps improve your body\u2019s fight against the infection. Whilst Centrex (Valtrex) is not meant to cure herpes, it will help reduce the symptoms of the infection.<\/div>\n<div style=\"text-align: left;\"><\/div>\n<div style=\"text-align: left;\">\u00a0\u00a0\u00a0\u00a0\u00a0\u00a0\u00a0\u00a0Some of the medical conditions caused by herpes virus include cold sores, genital herpes, chickenpox and shingles. Centrex (Valtrex) is a medication that can be used to treat herpes for both adults and children. For children, Centrex (Valtrex) can be used to treat cold sores &#8211; only if they are above the age of twelve. Meanwhile, for children with chickenpox &#8211; Centrex (Valtrex) is recommended for those over the age of two years.<\/div>\n<div style=\"text-align: left;\"><b>\u00a0<\/b><\/div>\n<div style=\"text-align: left;\"><b>Know More About How Centrex (Valtrex) Works<\/b><\/div>\n<div style=\"text-align: left;\">\u00a0\u00a0\u00a0\u00a0\u00a0\u00a0\u00a0\u00a0Centrex (Valtrex) is known to start working within twenty-four hours of taking the first tablet. It has been proven to lessen the severity of an outbreak in this duration. When Centrex (Valtrex) is used, not only will the outbreak be controlled &#8211; but also the pain that comes with the herpes outbreak will be lessened.<\/div>\n<div style=\"text-align: left;\"><\/div>\n<div style=\"text-align: left;\">\u00a0\u00a0\u00a0\u00a0\u00a0\u00a0\u00a0\u00a0Though Centrex (Valtrex) is normally purchased for cold sores and shingles, it however also an effective form of treatment for genital herpes. By doing so, the risk of your partner catching genital herpes can also be reduced. Generally, the severity of an outbreak can be reduced within three days of taking Centrex (Valtrex).<\/div>\n<div style=\"text-align: left;\"><\/div>\n<div style=\"text-align: left;\">\u00a0\u00a0\u00a0\u00a0\u00a0\u00a0\u00a0\u00a0Centrex (Valacyclovir) is an antiviral drug and belongs to a class called synthetic nucleoside analogues. Once ingested, Centrex (Valacyclovir) is converted in the body to active form acyclovir. It works by blocking the viral DNA replication a process essential for the virus to grow and multiply. It thus stops the virus from spreading in the body.<\/div>\n<div style=\"text-align: left;\"><\/div>\n<div style=\"text-align: left;\"><b>Genital Herpes Treatments:<\/b><\/div>\n<div style=\"text-align: left;\">\u00a0\u00a0\u00a0\u00a0\u00a0\u00a0\u00a0\u00a0While there is no cure for genital herpes there are effective forms of treatment that can help prevent future outbreaks. Currently, all of the herpes treatment medications work as an antiviral and actually fight the virus itself, slowing it down and preventing it from spreading in the body.<\/div>\n<div style=\"text-align: left;\"><\/div>\n<div style=\"text-align: left;\"><b>What are Shingles and their Symptoms?<\/b><\/div>\n<div style=\"text-align: left;\">Shingles is a skin rash caused by the same virus that causes chickenpox. The herpes virus that causes shingles and chickenpox is not the same type of herpes that causes genital herpes. Most commonly it is accompanied by the following symptoms:<\/div>\n<div style=\"text-align: left;\">\u2022 Flu-like symptoms without the flu<\/div>\n<div style=\"text-align: left;\">\u2022 Rash that can cover large areas of the body and looks like red shingles that can also have lesions or blisters; which can ooze blood and pus and crust over<\/div>\n<div style=\"text-align: left;\">\u2022 Headache<\/div>\n<div style=\"text-align: left;\">\u2022 Fever<\/div>\n<div style=\"text-align: left;\">\u2022 Achy muscles<\/div>\n<div style=\"text-align: left;\"><\/div>\n<div style=\"text-align: left;\"><b>What if I miss a dose?<\/b><\/div>\n<div style=\"text-align: left;\">\u00a0\u00a0\u00a0\u00a0\u00a0\u00a0\u00a0\u00a0If you miss a dose, take it as soon as you can. If it is almost time for your next dose, take only that dose. Do not take double or extra doses.<\/div>\n<div style=\"text-align: left;\"><\/div>\n<div style=\"text-align: left;\"><b>What may interact with this medicine?<\/b><\/div>\n<div style=\"text-align: left;\">-cimetidine -probenecid<\/div>\n<div style=\"text-align: left;\"><\/div>\n<div style=\"text-align: left;\">\u00a0\u00a0\u00a0\u00a0\u00a0\u00a0\u00a0\u00a0This list may not describe all possible interactions. Give your health care provider a list of all the medicines, herbs, non-prescription drugs, or dietary supplements you use. Also tell them if you smoke, drink alcohol, or use illegal drugs. Some items may interact with your medicine.<\/div>\n<div style=\"text-align: left;\"><\/div>\n<div style=\"text-align: left;\"><b>What should I watch for while using this medicine?<\/b><\/div>\n<div style=\"text-align: left;\">\u00a0\u00a0\u00a0\u00a0\u00a0\u00a0\u00a0\u00a0Tell your doctor or health care professional if your symptoms do not start to get better after 1 week. This medicine works best when taken early in the course of an infection, within the first 72 hours. Begin treatment as soon as possible after the first signs of infection like tingling, itching, or pain in the affected area. It is possible that genital herpes may still be spread even when you are not having symptoms. Always use safer sex practices like condoms made of latex or polyurethane whenever you have sexual contact. You should stay well hydrated while taking this medicine. Drink plenty of fluids.<\/div>\n<div style=\"text-align: left;\"><\/div>\n<div style=\"text-align: left;\"><b>Conditions Treated By Centrex (Valtrex)<\/b><\/div>\n<div style=\"text-align: left;\">\u2022 Treating herpes in adults<\/div>\n<div style=\"text-align: left;\">\u2022 Preventing genital herpes and its spread from one person to another<\/div>\n<div style=\"text-align: left;\">\u2022 Preventing shingles in adults<\/div>\n<div style=\"text-align: left;\">\u2022 Treating cold sores in both adults and children<\/div>\n<div style=\"text-align: left;\">\u2022 Preventing recurrent outbreaks of herpes<\/div>\n<div style=\"text-align: left;\"><\/div>\n<div style=\"text-align: left;\"><b>What side effects may I notice from receiving this medicine?<\/b><\/div>\n<div style=\"text-align: left;\">\u00a0\u00a0\u00a0\u00a0\u00a0\u00a0\u00a0\u00a0Side effects that you should report to your doctor or health care professional as soon as possible: -allergic reactions like skin rash, itching or hives, swelling of the face, lips, or tongue -aggressive behaviour -confusion -hallucinations -problems with balance, talking, walking -stomach pain -tremor -trouble passing urine or change in the amount of urine Side effects that usually do not require medical attention (report to your doctor or health care professional if they continue or are bothersome): -dizziness -headache -nausea, vomiting<\/div>\n<div style=\"text-align: left;\"><\/div>\n<div style=\"text-align: left;\"><b>Where should I keep my medicine?<\/b><\/div>\n<div style=\"text-align: left;\">\u00a0\u00a0\u00a0\u00a0\u00a0\u00a0\u00a0\u00a0Keep out of the reach of children. Store at room temperature between 15 and 25 degrees C (59 and 77 degrees F). Keep container tightly closed. Throw away any unused medicine after the expiration date.<\/div>\n<div style=\"text-align: left;\"><\/div>\n<div style=\"text-align: left;\"><b>NOTE:\u00a0<\/b>This sheet is a summary. It may not cover all possible information. If you have questions about this medicine, talk to your doctor, pharmacist, or health care provider.<\/div>\n","protected":false},"excerpt":{"rendered":"<div><b>Commercial Name:<\/b>\u00a0Centrex<\/div>\n<div><b>Active Ingredient:<\/b>\u00a0Valacyclovir<\/div>\n<div><b>Production form:<\/b>\u00a0Pills<\/div>\n<div><b>Utilization:<\/b>\u00a0Treats a viral infection affecting the skin<\/div>\n<div><b>Available Dosage:<\/b>\u00a0500mg<\/div>\n","protected":false},"featured_media":2414,"comment_status":"open","ping_status":"closed","template":"","meta":[],"product_cat":[23],"product_tag":[],"class_list":{"0":"post-2413","1":"product","2":"type-product","3":"status-publish","4":"has-post-thumbnail","6":"product_cat-anti-viral","8":"first","9":"instock","10":"shipping-taxable","11":"product-type-grouped"},"yoast_head":"<!-- This site is optimized with the Yoast SEO plugin v20.0 - https:\/\/yoast.com\/wordpress\/plugins\/seo\/ -->\n<title>Objednejte Centrex (Valacyclovir) bez receptu za n\u00edzkou cenu | Eurorxdrugs<\/title>\n<meta name=\"description\" content=\"Kupte Centrex (Valacyclovir) nyn\u00ed! Origin\u00e1ln\u00ed l\u00e9ky a rychl\u00e9 doru\u010den\u00ed v cen\u011b. 100% diskr\u00e9tn\u00ed a d\u016fv\u011brn\u00fd servis pro v\u0161echny na\u0161e z\u00e1kazn\u00edky na Eurorxdrugs\" \/>\n<meta name=\"robots\" content=\"index, follow, max-snippet:-1, max-image-preview:large, max-video-preview:-1\" \/>\n<link rel=\"canonical\" href=\"https:\/\/eurorxdrugs.cc\/cs\/product\/centrex-valacyclovir\/\" \/>\n<meta property=\"og:locale\" content=\"cs_CZ\" \/>\n<meta property=\"og:type\" content=\"article\" \/>\n<meta property=\"og:title\" content=\"Objednejte Centrex (Valacyclovir) bez receptu za n\u00edzkou cenu | Eurorxdrugs\" \/>\n<meta property=\"og:description\" content=\"Kupte Centrex (Valacyclovir) nyn\u00ed! Origin\u00e1ln\u00ed l\u00e9ky a rychl\u00e9 doru\u010den\u00ed v cen\u011b. 100% diskr\u00e9tn\u00ed a d\u016fv\u011brn\u00fd servis pro v\u0161echny na\u0161e z\u00e1kazn\u00edky na Eurorxdrugs\" \/>\n<meta property=\"og:url\" content=\"https:\/\/eurorxdrugs.cc\/cs\/product\/centrex-valacyclovir\/\" \/>\n<meta property=\"og:site_name\" content=\"eurorxdrugs\" \/>\n<meta property=\"article:modified_time\" content=\"2024-09-08T14:04:31+00:00\" \/>\n<meta property=\"og:image\" content=\"https:\/\/eurorxdrugs.cc\/cs\/wp-content\/uploads\/2024\/09\/307-min.jpg\" \/>\n\t<meta property=\"og:image:width\" content=\"270\" \/>\n\t<meta property=\"og:image:height\" content=\"300\" \/>\n\t<meta property=\"og:image:type\" content=\"image\/jpeg\" \/>\n<meta name=\"twitter:card\" content=\"summary_large_image\" \/>\n<meta name=\"twitter:label1\" content=\"Odhadovan\u00e1 doba \u010dten\u00ed\" \/>\n\t<meta name=\"twitter:data1\" content=\"5 minut\" \/>\n<script type=\"application\/ld+json\" class=\"yoast-schema-graph\">{\"@context\":\"https:\/\/schema.org\",\"@graph\":[{\"@type\":\"WebPage\",\"@id\":\"https:\/\/eurorxdrugs.cc\/cs\/product\/centrex-valacyclovir\/\",\"url\":\"https:\/\/eurorxdrugs.cc\/cs\/product\/centrex-valacyclovir\/\",\"name\":\"Objednejte Centrex (Valacyclovir) bez receptu za n\u00edzkou cenu | Eurorxdrugs\",\"isPartOf\":{\"@id\":\"https:\/\/eurorxdrugs.cc\/cs\/#website\"},\"datePublished\":\"2024-09-08T13:59:52+00:00\",\"dateModified\":\"2024-09-08T14:04:31+00:00\",\"description\":\"Kupte Centrex (Valacyclovir) nyn\u00ed! Origin\u00e1ln\u00ed l\u00e9ky a rychl\u00e9 doru\u010den\u00ed v cen\u011b. 100% diskr\u00e9tn\u00ed a d\u016fv\u011brn\u00fd servis pro v\u0161echny na\u0161e z\u00e1kazn\u00edky na Eurorxdrugs\",\"breadcrumb\":{\"@id\":\"https:\/\/eurorxdrugs.cc\/cs\/product\/centrex-valacyclovir\/#breadcrumb\"},\"inLanguage\":\"cs\",\"potentialAction\":[{\"@type\":\"ReadAction\",\"target\":[\"https:\/\/eurorxdrugs.cc\/cs\/product\/centrex-valacyclovir\/\"]}]},{\"@type\":\"BreadcrumbList\",\"@id\":\"https:\/\/eurorxdrugs.cc\/cs\/product\/centrex-valacyclovir\/#breadcrumb\",\"itemListElement\":[{\"@type\":\"ListItem\",\"position\":1,\"name\":\"Home\",\"item\":\"https:\/\/eurorxdrugs.cc\/cs\/\"},{\"@type\":\"ListItem\",\"position\":2,\"name\":\"Products\",\"item\":\"https:\/\/eurorxdrugs.cc\/cs\/shop\/\"},{\"@type\":\"ListItem\",\"position\":3,\"name\":\"Centrex (Valacyclovir)\"}]},{\"@type\":\"WebSite\",\"@id\":\"https:\/\/eurorxdrugs.cc\/cs\/#website\",\"url\":\"https:\/\/eurorxdrugs.cc\/cs\/\",\"name\":\"eurorxdrugs\",\"description\":\"\",\"publisher\":{\"@id\":\"https:\/\/eurorxdrugs.cc\/cs\/#organization\"},\"potentialAction\":[{\"@type\":\"SearchAction\",\"target\":{\"@type\":\"EntryPoint\",\"urlTemplate\":\"https:\/\/eurorxdrugs.cc\/cs\/?s={search_term_string}\"},\"query-input\":\"required name=search_term_string\"}],\"inLanguage\":\"cs\"},{\"@type\":\"Organization\",\"@id\":\"https:\/\/eurorxdrugs.cc\/cs\/#organization\",\"name\":\"eurorxdrugs\",\"url\":\"https:\/\/eurorxdrugs.cc\/cs\/\",\"logo\":{\"@type\":\"ImageObject\",\"inLanguage\":\"cs\",\"@id\":\"https:\/\/eurorxdrugs.cc\/cs\/#\/schema\/logo\/image\/\",\"url\":\"https:\/\/eurorxdrugs.cc\/cs\/wp-content\/uploads\/2024\/09\/logo-1-1.png\",\"contentUrl\":\"https:\/\/eurorxdrugs.cc\/cs\/wp-content\/uploads\/2024\/09\/logo-1-1.png\",\"width\":233,\"height\":54,\"caption\":\"eurorxdrugs\"},\"image\":{\"@id\":\"https:\/\/eurorxdrugs.cc\/cs\/#\/schema\/logo\/image\/\"}}]}<\/script>\n<!-- \/ Yoast SEO plugin. -->","yoast_head_json":{"title":"Objednejte Centrex (Valacyclovir) bez receptu za n\u00edzkou cenu | Eurorxdrugs","description":"Kupte Centrex (Valacyclovir) nyn\u00ed! Origin\u00e1ln\u00ed l\u00e9ky a rychl\u00e9 doru\u010den\u00ed v cen\u011b. 100% diskr\u00e9tn\u00ed a d\u016fv\u011brn\u00fd servis pro v\u0161echny na\u0161e z\u00e1kazn\u00edky na Eurorxdrugs","robots":{"index":"index","follow":"follow","max-snippet":"max-snippet:-1","max-image-preview":"max-image-preview:large","max-video-preview":"max-video-preview:-1"},"canonical":"https:\/\/eurorxdrugs.cc\/cs\/product\/centrex-valacyclovir\/","og_locale":"cs_CZ","og_type":"article","og_title":"Objednejte Centrex (Valacyclovir) bez receptu za n\u00edzkou cenu | Eurorxdrugs","og_description":"Kupte Centrex (Valacyclovir) nyn\u00ed! Origin\u00e1ln\u00ed l\u00e9ky a rychl\u00e9 doru\u010den\u00ed v cen\u011b. 100% diskr\u00e9tn\u00ed a d\u016fv\u011brn\u00fd servis pro v\u0161echny na\u0161e z\u00e1kazn\u00edky na Eurorxdrugs","og_url":"https:\/\/eurorxdrugs.cc\/cs\/product\/centrex-valacyclovir\/","og_site_name":"eurorxdrugs","article_modified_time":"2024-09-08T14:04:31+00:00","og_image":[{"width":270,"height":300,"url":"https:\/\/eurorxdrugs.cc\/cs\/wp-content\/uploads\/2024\/09\/307-min.jpg","type":"image\/jpeg"}],"twitter_card":"summary_large_image","twitter_misc":{"Odhadovan\u00e1 doba \u010dten\u00ed":"5 minut"},"schema":{"@context":"https:\/\/schema.org","@graph":[{"@type":"WebPage","@id":"https:\/\/eurorxdrugs.cc\/cs\/product\/centrex-valacyclovir\/","url":"https:\/\/eurorxdrugs.cc\/cs\/product\/centrex-valacyclovir\/","name":"Objednejte Centrex (Valacyclovir) bez receptu za n\u00edzkou cenu | Eurorxdrugs","isPartOf":{"@id":"https:\/\/eurorxdrugs.cc\/cs\/#website"},"datePublished":"2024-09-08T13:59:52+00:00","dateModified":"2024-09-08T14:04:31+00:00","description":"Kupte Centrex (Valacyclovir) nyn\u00ed! Origin\u00e1ln\u00ed l\u00e9ky a rychl\u00e9 doru\u010den\u00ed v cen\u011b. 100% diskr\u00e9tn\u00ed a d\u016fv\u011brn\u00fd servis pro v\u0161echny na\u0161e z\u00e1kazn\u00edky na Eurorxdrugs","breadcrumb":{"@id":"https:\/\/eurorxdrugs.cc\/cs\/product\/centrex-valacyclovir\/#breadcrumb"},"inLanguage":"cs","potentialAction":[{"@type":"ReadAction","target":["https:\/\/eurorxdrugs.cc\/cs\/product\/centrex-valacyclovir\/"]}]},{"@type":"BreadcrumbList","@id":"https:\/\/eurorxdrugs.cc\/cs\/product\/centrex-valacyclovir\/#breadcrumb","itemListElement":[{"@type":"ListItem","position":1,"name":"Home","item":"https:\/\/eurorxdrugs.cc\/cs\/"},{"@type":"ListItem","position":2,"name":"Products","item":"https:\/\/eurorxdrugs.cc\/cs\/shop\/"},{"@type":"ListItem","position":3,"name":"Centrex (Valacyclovir)"}]},{"@type":"WebSite","@id":"https:\/\/eurorxdrugs.cc\/cs\/#website","url":"https:\/\/eurorxdrugs.cc\/cs\/","name":"eurorxdrugs","description":"","publisher":{"@id":"https:\/\/eurorxdrugs.cc\/cs\/#organization"},"potentialAction":[{"@type":"SearchAction","target":{"@type":"EntryPoint","urlTemplate":"https:\/\/eurorxdrugs.cc\/cs\/?s={search_term_string}"},"query-input":"required name=search_term_string"}],"inLanguage":"cs"},{"@type":"Organization","@id":"https:\/\/eurorxdrugs.cc\/cs\/#organization","name":"eurorxdrugs","url":"https:\/\/eurorxdrugs.cc\/cs\/","logo":{"@type":"ImageObject","inLanguage":"cs","@id":"https:\/\/eurorxdrugs.cc\/cs\/#\/schema\/logo\/image\/","url":"https:\/\/eurorxdrugs.cc\/cs\/wp-content\/uploads\/2024\/09\/logo-1-1.png","contentUrl":"https:\/\/eurorxdrugs.cc\/cs\/wp-content\/uploads\/2024\/09\/logo-1-1.png","width":233,"height":54,"caption":"eurorxdrugs"},"image":{"@id":"https:\/\/eurorxdrugs.cc\/cs\/#\/schema\/logo\/image\/"}}]}},"_links":{"self":[{"href":"https:\/\/eurorxdrugs.cc\/cs\/wp-json\/wp\/v2\/product\/2413","targetHints":{"allow":["GET"]}}],"collection":[{"href":"https:\/\/eurorxdrugs.cc\/cs\/wp-json\/wp\/v2\/product"}],"about":[{"href":"https:\/\/eurorxdrugs.cc\/cs\/wp-json\/wp\/v2\/types\/product"}],"replies":[{"embeddable":true,"href":"https:\/\/eurorxdrugs.cc\/cs\/wp-json\/wp\/v2\/comments?post=2413"}],"wp:featuredmedia":[{"embeddable":true,"href":"https:\/\/eurorxdrugs.cc\/cs\/wp-json\/wp\/v2\/media\/2414"}],"wp:attachment":[{"href":"https:\/\/eurorxdrugs.cc\/cs\/wp-json\/wp\/v2\/media?parent=2413"}],"wp:term":[{"taxonomy":"product_cat","embeddable":true,"href":"https:\/\/eurorxdrugs.cc\/cs\/wp-json\/wp\/v2\/product_cat?post=2413"},{"taxonomy":"product_tag","embeddable":true,"href":"https:\/\/eurorxdrugs.cc\/cs\/wp-json\/wp\/v2\/product_tag?post=2413"}],"curies":[{"name":"wp","href":"https:\/\/api.w.org\/{rel}","templated":true}]}}