{"id":2458,"date":"2024-09-08T16:25:41","date_gmt":"2024-09-08T16:25:41","guid":{"rendered":"https:\/\/eurorxdrugs.cc\/cs\/?post_type=product&#038;p=2458"},"modified":"2024-09-08T17:00:41","modified_gmt":"2024-09-08T17:00:41","slug":"cialis-tadalafil","status":"publish","type":"product","link":"https:\/\/eurorxdrugs.cc\/cs\/product\/cialis-tadalafil\/","title":{"rendered":"Cialis (Tadalafil)"},"content":{"rendered":"<h3 style=\"text-align: left;\">Common use<\/h3>\n<p style=\"text-align: left;\">Cialis is an effective, reversible, selective inhibitor of phosphodiesterase type 5 (PDE 5) specific to cyclic guanosine monophosphate (cGMP). When sexual stimulation causes local release of nitric oxide, inhibition of PDE 5 by Cialis leads to increase of cGMP levels in the cavernous body of penis. It results in the relaxation of arterial smooth muscles and blood flow to the tissues of the penis that causes erections. Cialis has no effect when sexual stimulation is absent. Cialis improves erection and let&#8217;s achieve a successful sexual intercourse. The drug acts for 36 hours. If sexual arousal is present the effect appears even after 16 minutes after the medication was taken.<\/p>\n<h3 style=\"text-align: left;\">Dosage and direction<\/h3>\n<p style=\"text-align: left;\">The recommended dose of Cialis is 20 mg it should be taken at least 16 minutes before the sexual activity. The effect persists for 36 hours. Take Cialis once daily and do not exceed the recommended dose.<\/p>\n<h3 style=\"text-align: left;\">Precautions<\/h3>\n<p style=\"text-align: left;\">It is preferable not to use Cialis with grapefruit juice, alcoholic beverages, tobacco. If you smoke tobacco and take Cialis concomitantly this may lead to a condition called NAION (sudden optic nerve-related vision loss). Inform your doctor before to take. Cialis if you have abnormal penis, including curved penis and birth defects of the penis, had coronary artery disease, arrhythmia, angina, heart attack or heart failure, hypo- or hypertension, bleeding, stomach ulcers, diabetes, hyperlipidemia (excess of lipids in the blood), sickle-cell anaemia, liver or kidney failure in history.<\/p>\n<h4 style=\"text-align: left;\">Side effects of Cialis Generic might include:<\/h4>\n<ul style=\"text-align: left;\">\n<li>nausea, upset stomach, diarrhoea;<\/li>\n<li>facial redness, headache and diverse flu-like symptoms;<\/li>\n<li>blurred vision or changed colour perception;<\/li>\n<li>sometimes low blood pressure;<\/li>\n<li>abnormal ejaculation or priapism (a prolonged and painful erection that must be reported to a doctor if does not disappear for more than 4 hours, otherwise it may cause damage to the penis).<\/li>\n<\/ul>\n<h4 style=\"text-align: left;\">To decrease the risk of developing side effects, it is required that your doctor authorized treatment with Cialis Generic if you:<\/h4>\n<ul style=\"text-align: left;\">\n<li>have congenital defects or curved penis;<\/li>\n<li>suffer from diabetes, liver\/heart\/vessels conditions, stomach ulcer, hypo- or hypertension, hyperlipidemia, or sickle-cell anaemia;<\/li>\n<li>are a smoker, like smoking tobacco during treatment with Cialis Generic may cause sudden optic nerve-related vision loss;<\/li>\n<li>are exposed to or taking any organic nitrates as it may cause severe hypotension that might be dangerous;<\/li>\n<li>are taking medications or substances containing terazosin, saquinavir, itraconazole, pentaerythritol tetranitrate, erythritol tetranitrate, nitroglycerin, erythromycin, ketoconazole, atazanavir, bunazosin, doxazosin, itraconazole, moxisylyte, indinavir, phenoxybenzamine, trimazosin, urapidil, telithromycin, phentolamine, nefazodone or ritonavir.<\/li>\n<\/ul>\n<h3 style=\"text-align: left;\">Drug interactions<\/h3>\n<p style=\"text-align: left;\">Co-administration with medications containing organic nitrates may cause severe hypotension which is dangerous in some cases. Avoid taking Calis with medications such as Erythrityl Tetranitrate, Isosorbide Dinitrate, Isosorbide Mononitrate, Nitroglycerin, Pentaerythritol Tetranitrate. Levels and toxicity of Cialis are increased by erythromycin, ketoconazole (Nizoral), itraconazole (Sporanox), indinavir (Crixivan) and ritonavir (Norvir). Inform your doctor if you are taking Atazanavir, Bunazosin, Clarithromycin, Doxazosin, Erythromycin, Indinavir, Itraconazole, Ketoconazole, Moxisylyte, Nefazodone, Nelfinavir, Phenoxybenzamine, Phentolamine, Prazosin, Saquinavir, Telithromycin, Terazosin, Trimazosin, Urapidil as your Cialis dose may require correction.<\/p>\n<h3 style=\"text-align: left;\">Missed dose<\/h3>\n<p style=\"text-align: left;\">Missed dose is not supposed if Cialis is taken for treatment of erectile dysfunction as it s used when needed.<\/p>\n<h3 style=\"text-align: left;\">Overdose<\/h3>\n<p style=\"text-align: left;\">Overdose of Cialis causes symptoms described as side effects. Seek for immediate medical help if you by your opinion you took too much of this medication.<\/p>\n<h3 style=\"text-align: left;\">Storage<\/h3>\n<p style=\"text-align: left;\">Store at room temperature away from moisture, sunlight, kids and pets in a tight container.<\/p>\n","protected":false},"excerpt":{"rendered":"<div><b>Commercial Name:<\/b>\u00a0Cialis<\/div>\n<div><b>Active Ingredient:<\/b>\u00a0tadalafil<\/div>\n<div><b>Production form:<\/b>\u00a0Pills<\/div>\n<div><b>Utilization:<\/b>\u00a0Erectile dysfunction<\/div>\n<div><b>Action starts:<\/b>\u00a0within 20-40 minutes<\/div>\n<div><b>Effective:<\/b>\u00a0for 36 hours<\/div>\n<div><b>Available Dosage:<\/b>\u00a02.5mg, 5mg, 10mg, 20mg<\/div>\n","protected":false},"featured_media":2459,"comment_status":"open","ping_status":"closed","template":"","meta":[],"product_cat":[35],"product_tag":[],"class_list":{"0":"post-2458","1":"product","2":"type-product","3":"status-publish","4":"has-post-thumbnail","6":"product_cat-mens-sexual-health","8":"first","9":"instock","10":"shipping-taxable","11":"product-type-grouped"},"yoast_head":"<!-- This site is optimized with the Yoast SEO plugin v20.0 - https:\/\/yoast.com\/wordpress\/plugins\/seo\/ -->\n<title>Objednejte Cialis (Tadalafil) bez receptu za n\u00edzkou cenu | Eurorxdrugs<\/title>\n<meta name=\"description\" content=\"Kupte Cialis (Tadalafil) nyn\u00ed! Origin\u00e1ln\u00ed l\u00e9ky a rychl\u00e9 doru\u010den\u00ed v cen\u011b. 100% diskr\u00e9tn\u00ed a d\u016fv\u011brn\u00fd servis pro v\u0161echny na\u0161e z\u00e1kazn\u00edky na Eurorxdrugs\" \/>\n<meta name=\"robots\" content=\"index, follow, max-snippet:-1, max-image-preview:large, max-video-preview:-1\" \/>\n<link rel=\"canonical\" href=\"https:\/\/eurorxdrugs.cc\/cs\/product\/cialis-tadalafil\/\" \/>\n<meta property=\"og:locale\" content=\"cs_CZ\" \/>\n<meta property=\"og:type\" content=\"article\" \/>\n<meta property=\"og:title\" content=\"Objednejte Cialis (Tadalafil) bez receptu za n\u00edzkou cenu | Eurorxdrugs\" \/>\n<meta property=\"og:description\" content=\"Kupte Cialis (Tadalafil) nyn\u00ed! Origin\u00e1ln\u00ed l\u00e9ky a rychl\u00e9 doru\u010den\u00ed v cen\u011b. 100% diskr\u00e9tn\u00ed a d\u016fv\u011brn\u00fd servis pro v\u0161echny na\u0161e z\u00e1kazn\u00edky na Eurorxdrugs\" \/>\n<meta property=\"og:url\" content=\"https:\/\/eurorxdrugs.cc\/cs\/product\/cialis-tadalafil\/\" \/>\n<meta property=\"og:site_name\" content=\"eurorxdrugs\" \/>\n<meta property=\"article:modified_time\" content=\"2024-09-08T17:00:41+00:00\" \/>\n<meta property=\"og:image\" content=\"https:\/\/eurorxdrugs.cc\/cs\/wp-content\/uploads\/2024\/09\/59-min.jpg\" \/>\n\t<meta property=\"og:image:width\" content=\"270\" \/>\n\t<meta property=\"og:image:height\" content=\"300\" \/>\n\t<meta property=\"og:image:type\" content=\"image\/jpeg\" \/>\n<meta name=\"twitter:card\" content=\"summary_large_image\" \/>\n<meta name=\"twitter:label1\" content=\"Odhadovan\u00e1 doba \u010dten\u00ed\" \/>\n\t<meta name=\"twitter:data1\" content=\"3 minuty\" \/>\n<script type=\"application\/ld+json\" class=\"yoast-schema-graph\">{\"@context\":\"https:\/\/schema.org\",\"@graph\":[{\"@type\":\"WebPage\",\"@id\":\"https:\/\/eurorxdrugs.cc\/cs\/product\/cialis-tadalafil\/\",\"url\":\"https:\/\/eurorxdrugs.cc\/cs\/product\/cialis-tadalafil\/\",\"name\":\"Objednejte Cialis (Tadalafil) bez receptu za n\u00edzkou cenu | Eurorxdrugs\",\"isPartOf\":{\"@id\":\"https:\/\/eurorxdrugs.cc\/cs\/#website\"},\"datePublished\":\"2024-09-08T16:25:41+00:00\",\"dateModified\":\"2024-09-08T17:00:41+00:00\",\"description\":\"Kupte Cialis (Tadalafil) nyn\u00ed! Origin\u00e1ln\u00ed l\u00e9ky a rychl\u00e9 doru\u010den\u00ed v cen\u011b. 100% diskr\u00e9tn\u00ed a d\u016fv\u011brn\u00fd servis pro v\u0161echny na\u0161e z\u00e1kazn\u00edky na Eurorxdrugs\",\"breadcrumb\":{\"@id\":\"https:\/\/eurorxdrugs.cc\/cs\/product\/cialis-tadalafil\/#breadcrumb\"},\"inLanguage\":\"cs\",\"potentialAction\":[{\"@type\":\"ReadAction\",\"target\":[\"https:\/\/eurorxdrugs.cc\/cs\/product\/cialis-tadalafil\/\"]}]},{\"@type\":\"BreadcrumbList\",\"@id\":\"https:\/\/eurorxdrugs.cc\/cs\/product\/cialis-tadalafil\/#breadcrumb\",\"itemListElement\":[{\"@type\":\"ListItem\",\"position\":1,\"name\":\"Home\",\"item\":\"https:\/\/eurorxdrugs.cc\/cs\/\"},{\"@type\":\"ListItem\",\"position\":2,\"name\":\"Products\",\"item\":\"https:\/\/eurorxdrugs.cc\/cs\/shop\/\"},{\"@type\":\"ListItem\",\"position\":3,\"name\":\"Cialis (Tadalafil)\"}]},{\"@type\":\"WebSite\",\"@id\":\"https:\/\/eurorxdrugs.cc\/cs\/#website\",\"url\":\"https:\/\/eurorxdrugs.cc\/cs\/\",\"name\":\"eurorxdrugs\",\"description\":\"\",\"publisher\":{\"@id\":\"https:\/\/eurorxdrugs.cc\/cs\/#organization\"},\"potentialAction\":[{\"@type\":\"SearchAction\",\"target\":{\"@type\":\"EntryPoint\",\"urlTemplate\":\"https:\/\/eurorxdrugs.cc\/cs\/?s={search_term_string}\"},\"query-input\":\"required name=search_term_string\"}],\"inLanguage\":\"cs\"},{\"@type\":\"Organization\",\"@id\":\"https:\/\/eurorxdrugs.cc\/cs\/#organization\",\"name\":\"eurorxdrugs\",\"url\":\"https:\/\/eurorxdrugs.cc\/cs\/\",\"logo\":{\"@type\":\"ImageObject\",\"inLanguage\":\"cs\",\"@id\":\"https:\/\/eurorxdrugs.cc\/cs\/#\/schema\/logo\/image\/\",\"url\":\"https:\/\/eurorxdrugs.cc\/cs\/wp-content\/uploads\/2024\/09\/logo-1-1.png\",\"contentUrl\":\"https:\/\/eurorxdrugs.cc\/cs\/wp-content\/uploads\/2024\/09\/logo-1-1.png\",\"width\":233,\"height\":54,\"caption\":\"eurorxdrugs\"},\"image\":{\"@id\":\"https:\/\/eurorxdrugs.cc\/cs\/#\/schema\/logo\/image\/\"}}]}<\/script>\n<!-- \/ Yoast SEO plugin. -->","yoast_head_json":{"title":"Objednejte Cialis (Tadalafil) bez receptu za n\u00edzkou cenu | Eurorxdrugs","description":"Kupte Cialis (Tadalafil) nyn\u00ed! Origin\u00e1ln\u00ed l\u00e9ky a rychl\u00e9 doru\u010den\u00ed v cen\u011b. 100% diskr\u00e9tn\u00ed a d\u016fv\u011brn\u00fd servis pro v\u0161echny na\u0161e z\u00e1kazn\u00edky na Eurorxdrugs","robots":{"index":"index","follow":"follow","max-snippet":"max-snippet:-1","max-image-preview":"max-image-preview:large","max-video-preview":"max-video-preview:-1"},"canonical":"https:\/\/eurorxdrugs.cc\/cs\/product\/cialis-tadalafil\/","og_locale":"cs_CZ","og_type":"article","og_title":"Objednejte Cialis (Tadalafil) bez receptu za n\u00edzkou cenu | Eurorxdrugs","og_description":"Kupte Cialis (Tadalafil) nyn\u00ed! Origin\u00e1ln\u00ed l\u00e9ky a rychl\u00e9 doru\u010den\u00ed v cen\u011b. 100% diskr\u00e9tn\u00ed a d\u016fv\u011brn\u00fd servis pro v\u0161echny na\u0161e z\u00e1kazn\u00edky na Eurorxdrugs","og_url":"https:\/\/eurorxdrugs.cc\/cs\/product\/cialis-tadalafil\/","og_site_name":"eurorxdrugs","article_modified_time":"2024-09-08T17:00:41+00:00","og_image":[{"width":270,"height":300,"url":"https:\/\/eurorxdrugs.cc\/cs\/wp-content\/uploads\/2024\/09\/59-min.jpg","type":"image\/jpeg"}],"twitter_card":"summary_large_image","twitter_misc":{"Odhadovan\u00e1 doba \u010dten\u00ed":"3 minuty"},"schema":{"@context":"https:\/\/schema.org","@graph":[{"@type":"WebPage","@id":"https:\/\/eurorxdrugs.cc\/cs\/product\/cialis-tadalafil\/","url":"https:\/\/eurorxdrugs.cc\/cs\/product\/cialis-tadalafil\/","name":"Objednejte Cialis (Tadalafil) bez receptu za n\u00edzkou cenu | Eurorxdrugs","isPartOf":{"@id":"https:\/\/eurorxdrugs.cc\/cs\/#website"},"datePublished":"2024-09-08T16:25:41+00:00","dateModified":"2024-09-08T17:00:41+00:00","description":"Kupte Cialis (Tadalafil) nyn\u00ed! Origin\u00e1ln\u00ed l\u00e9ky a rychl\u00e9 doru\u010den\u00ed v cen\u011b. 100% diskr\u00e9tn\u00ed a d\u016fv\u011brn\u00fd servis pro v\u0161echny na\u0161e z\u00e1kazn\u00edky na Eurorxdrugs","breadcrumb":{"@id":"https:\/\/eurorxdrugs.cc\/cs\/product\/cialis-tadalafil\/#breadcrumb"},"inLanguage":"cs","potentialAction":[{"@type":"ReadAction","target":["https:\/\/eurorxdrugs.cc\/cs\/product\/cialis-tadalafil\/"]}]},{"@type":"BreadcrumbList","@id":"https:\/\/eurorxdrugs.cc\/cs\/product\/cialis-tadalafil\/#breadcrumb","itemListElement":[{"@type":"ListItem","position":1,"name":"Home","item":"https:\/\/eurorxdrugs.cc\/cs\/"},{"@type":"ListItem","position":2,"name":"Products","item":"https:\/\/eurorxdrugs.cc\/cs\/shop\/"},{"@type":"ListItem","position":3,"name":"Cialis (Tadalafil)"}]},{"@type":"WebSite","@id":"https:\/\/eurorxdrugs.cc\/cs\/#website","url":"https:\/\/eurorxdrugs.cc\/cs\/","name":"eurorxdrugs","description":"","publisher":{"@id":"https:\/\/eurorxdrugs.cc\/cs\/#organization"},"potentialAction":[{"@type":"SearchAction","target":{"@type":"EntryPoint","urlTemplate":"https:\/\/eurorxdrugs.cc\/cs\/?s={search_term_string}"},"query-input":"required name=search_term_string"}],"inLanguage":"cs"},{"@type":"Organization","@id":"https:\/\/eurorxdrugs.cc\/cs\/#organization","name":"eurorxdrugs","url":"https:\/\/eurorxdrugs.cc\/cs\/","logo":{"@type":"ImageObject","inLanguage":"cs","@id":"https:\/\/eurorxdrugs.cc\/cs\/#\/schema\/logo\/image\/","url":"https:\/\/eurorxdrugs.cc\/cs\/wp-content\/uploads\/2024\/09\/logo-1-1.png","contentUrl":"https:\/\/eurorxdrugs.cc\/cs\/wp-content\/uploads\/2024\/09\/logo-1-1.png","width":233,"height":54,"caption":"eurorxdrugs"},"image":{"@id":"https:\/\/eurorxdrugs.cc\/cs\/#\/schema\/logo\/image\/"}}]}},"_links":{"self":[{"href":"https:\/\/eurorxdrugs.cc\/cs\/wp-json\/wp\/v2\/product\/2458","targetHints":{"allow":["GET"]}}],"collection":[{"href":"https:\/\/eurorxdrugs.cc\/cs\/wp-json\/wp\/v2\/product"}],"about":[{"href":"https:\/\/eurorxdrugs.cc\/cs\/wp-json\/wp\/v2\/types\/product"}],"replies":[{"embeddable":true,"href":"https:\/\/eurorxdrugs.cc\/cs\/wp-json\/wp\/v2\/comments?post=2458"}],"wp:featuredmedia":[{"embeddable":true,"href":"https:\/\/eurorxdrugs.cc\/cs\/wp-json\/wp\/v2\/media\/2459"}],"wp:attachment":[{"href":"https:\/\/eurorxdrugs.cc\/cs\/wp-json\/wp\/v2\/media?parent=2458"}],"wp:term":[{"taxonomy":"product_cat","embeddable":true,"href":"https:\/\/eurorxdrugs.cc\/cs\/wp-json\/wp\/v2\/product_cat?post=2458"},{"taxonomy":"product_tag","embeddable":true,"href":"https:\/\/eurorxdrugs.cc\/cs\/wp-json\/wp\/v2\/product_tag?post=2458"}],"curies":[{"name":"wp","href":"https:\/\/api.w.org\/{rel}","templated":true}]}}