{"id":2611,"date":"2024-09-08T17:42:53","date_gmt":"2024-09-08T17:42:53","guid":{"rendered":"https:\/\/eurorxdrugs.cc\/cs\/?post_type=product&#038;p=2611"},"modified":"2024-09-08T17:47:18","modified_gmt":"2024-09-08T17:47:18","slug":"cialis-strips","status":"publish","type":"product","link":"https:\/\/eurorxdrugs.cc\/cs\/product\/cialis-strips\/","title":{"rendered":"Cialis Strips"},"content":{"rendered":"<div style=\"text-align: left;\"><b>Common use<\/b><\/div>\n<div style=\"text-align: left;\">\u00a0\u00a0\u00a0\u00a0\u00a0\u00a0\u00a0\u00a0Cialis Strips comes in strips of 10 pcs.\/package and the active ingredient in them is Tadalafil which is 20 mg. Tadalafil has strong effects on sexual stimulation but it is not the main cause of the erection. The whole process of erection involves NO ( Nitric Acid)which is released in the corpus cavernosum as a result of the sexual arousement! The NO activates an enzyme called Guanylate Cyclase which then leads to increased levels of cGMP ( cyclic guanosine monophosphate). In the end, all leads to smooth muscle relaxation and blood inflow to the corpus cavernosum. Tadalafil also helps to improve the health of patients that have benign prostatic hypertrophy or enlarged prostate symptoms or problems with pulmonary arterial hypertension.<\/div>\n<div style=\"text-align: left;\"><\/div>\n<div style=\"text-align: left;\"><b>Dosage and direction<\/b><\/div>\n<div style=\"text-align: left;\">\u00a0\u00a0\u00a0\u00a0\u00a0\u00a0\u00a0\u00a0Cialis stripe 20mg can be used orally, once per day with a minimum of 1 hour before the sexual activity! Never take more than one per day! Tare the Zip lock package to pull out the Cialis strip. Put it on your tongue and let it melt in your mouth. Once it melts, a fresh flavour will cover your entire mouth as the active ingredients will starts flowing into your blood system with the help of your saliva. The effect will shortly take place after around 6 to 15 minutes! Depending on what the doctor recommended, the dosage for Cialis can vary from one patient to another. It can be taken with or without food interaction! Always take a whole stripe of Cialis, never portion it in half! An erection will not come as a result of taking the Cialis stripe. It will occur once sexual arousement will start. Never take more than one Cialis stripe per day!<\/div>\n<div style=\"text-align: left;\"><\/div>\n<div style=\"text-align: left;\"><b>Precautions<\/b><\/div>\n<div style=\"text-align: left;\">\u00a0\u00a0\u00a0\u00a0\u00a0\u00a0\u00a0\u00a0Always ask your doctor or pharmacist before taking Cialis! If you are allergic to Tadalafil, or if you take other medicines to treat arterial hypertension, always ask your doctor before taking Cialis! If you are using medication for chest pains or heart problems, NEVER take Cialis!\u00a0 This includes nitroglycerin, isosorbide dinitrate, and\/or isosorbide mononitrate. Nitrates can also be present in some recreational drugs, therefore, always keep in mind before taking Cialis. Taking Tadalafil with other Nitrate medicine can cause serious decreasing of your blood pressure that leading to possible unwanted side effects! Tadalafil can affect the blood flow to the optic nerve causing instant vision loss. This type of side effect is very rare and can happen to a very small number of people when taking other types of drugs with Tadalafil. Most of these cases already had some eye problems and vessel disorder ( heart disease, diabetes, high blood pressure, high cholesterol, coronary artery disease, smoking, or being over 50 years old). Studies are not 100% clear about the possible implication of Tadalafil in these cases!<\/div>\n<div style=\"text-align: left;\"><\/div>\n<div style=\"text-align: left;\"><b>Contraindications<\/b><\/div>\n<div style=\"text-align: left;\">\u00a0\u00a0\u00a0\u00a0\u00a0\u00a0\u00a0\u00a0Using\u00a0 Cialis and drinking Alcohol can lead to unwanted side effects! Try to avoid eating Grapefruits or similar products when using Cialis! Try not to use other similar medication, such as Alprostadil or Yohimbine, without a medical consult in advance!<\/div>\n<div style=\"text-align: left;\"><\/div>\n<div style=\"text-align: left;\"><b>Possible side effect<\/b><\/div>\n<div style=\"text-align: left;\">\u00a0\u00a0\u00a0\u00a0\u00a0\u00a0\u00a0\u00a0If any sign of allergic reactions to Cialis, try and get immediate medical help. Reactions can be Hives, hard breathing, your face, lips or tongue swelling. Stop taking Tadalafil and seek medical help if you encounter: painful erection or longer than 4 hours, sudden blindness or heart attack symptoms. Also call the doctor if you feel chest pain, pressure or pain spreading to your jaw or shoulders, nausea and sweating! Call the doctor or the ambulance if you encounter: Ringing in your ears, sudden hearing loss, weird heartbeat, swelling of your hands, ankles or feet. Call the doctor if you have convulsions or the feeling that you will pass out! Some reported side effects that are a bit more common are: Headache, dyspepsia, myalgia, nausea, back pain, limb pain and flushing. Some Tadalafil effects might not need medical care. As your body starts getting used with the medicine, many of the side effects might end. Your doctor is the one able to prevent or reduce these side effects. That doesn&#8217;t mean you are free of any risk. Go on with checking with any of the side effects if they continue or if they cause concern. You might feel sour stomach, belching, heartburn, indigestion, stomach pain or discomfort.<\/div>\n<div style=\"text-align: left;\"><\/div>\n<div style=\"text-align: left;\"><b>Drug interaction<\/b><\/div>\n<div style=\"text-align: left;\">\u00a0\u00a0\u00a0\u00a0\u00a0\u00a0\u00a0\u00a0Visit your doctor before using\u00a0 Cialis. Tell him about all your present medicines, especially if you take antibiotics or antifungal medication, antiviral medication for Hepatitis C or AIDS\/HIV. Also, if you take medicines to treat the high blood pressure or the prostate disorder, be sure to consult your doctor before using Cialis. Not all possible side effects are listed in the medication&#8217;s info. There might be other drugs to interact with Tadalafil, including prescribed drugs and over the counter medicines, also vitamins or herbal products. Contact your doctor for more info about that.<\/div>\n<div style=\"text-align: left;\"><\/div>\n<div>\n<div style=\"text-align: left;\"><b>Missed dose<\/b><\/div>\n<div style=\"text-align: left;\">\u00a0\u00a0\u00a0\u00a0\u00a0\u00a0\u00a0\u00a0Tadalafil can be used whenever needed, a dosage schedule is not needed!<\/div>\n<div style=\"text-align: left;\"><\/div>\n<div style=\"text-align: left;\"><b>Storage<\/b><\/div>\n<div style=\"text-align: left;\">\u00a0\u00a0\u00a0\u00a0\u00a0\u00a0\u00a0\u00a0Keep the Tastylia Strips away from the reach of children or pets, in a moisture-free room, at an average temperature of 77F (20-25 C). Never keep the\u00a0 Tastylia Strips in the bathroom.<\/div>\n<\/div>\n","protected":false},"excerpt":{"rendered":"<div><b>Commercial name:<\/b>\u00a0Cialis Strips<\/div>\n<div><b>Active component:<\/b>\u00a0tadalafil<\/div>\n<div><b>Uses:<\/b>\u00a0enhance erection<\/div>\n<div><b>Production form:\u00a0<\/b>Strips<\/div>\n<div><b>Action starts:<\/b>\u00a0within 20-40 minutes<\/div>\n<div><b>Effective:\u00a0<\/b>for 36 hours<\/div>\n<div><b>Dose:<\/b>\u00a020 mg<\/div>\n","protected":false},"featured_media":2612,"comment_status":"open","ping_status":"closed","template":"","meta":[],"product_cat":[35],"product_tag":[],"class_list":{"0":"post-2611","1":"product","2":"type-product","3":"status-publish","4":"has-post-thumbnail","6":"product_cat-mens-sexual-health","8":"first","9":"instock","10":"shipping-taxable","11":"product-type-grouped"},"yoast_head":"<!-- This site is optimized with the Yoast SEO plugin v20.0 - https:\/\/yoast.com\/wordpress\/plugins\/seo\/ -->\n<title>Objednejte Cialis Strips bez receptu za n\u00edzkou cenu | Eurorxdrugs<\/title>\n<meta name=\"description\" content=\"Kupte Cialis Strips nyn\u00ed! Origin\u00e1ln\u00ed l\u00e9ky a rychl\u00e9 doru\u010den\u00ed v cen\u011b. 100% diskr\u00e9tn\u00ed a d\u016fv\u011brn\u00fd servis pro v\u0161echny na\u0161e z\u00e1kazn\u00edky na Eurorxdrugs\" \/>\n<meta name=\"robots\" content=\"index, follow, max-snippet:-1, max-image-preview:large, max-video-preview:-1\" \/>\n<link rel=\"canonical\" href=\"https:\/\/eurorxdrugs.cc\/cs\/product\/cialis-strips\/\" \/>\n<meta property=\"og:locale\" content=\"cs_CZ\" \/>\n<meta property=\"og:type\" content=\"article\" \/>\n<meta property=\"og:title\" content=\"Objednejte Cialis Strips bez receptu za n\u00edzkou cenu | Eurorxdrugs\" \/>\n<meta property=\"og:description\" content=\"Kupte Cialis Strips nyn\u00ed! Origin\u00e1ln\u00ed l\u00e9ky a rychl\u00e9 doru\u010den\u00ed v cen\u011b. 100% diskr\u00e9tn\u00ed a d\u016fv\u011brn\u00fd servis pro v\u0161echny na\u0161e z\u00e1kazn\u00edky na Eurorxdrugs\" \/>\n<meta property=\"og:url\" content=\"https:\/\/eurorxdrugs.cc\/cs\/product\/cialis-strips\/\" \/>\n<meta property=\"og:site_name\" content=\"eurorxdrugs\" \/>\n<meta property=\"article:modified_time\" content=\"2024-09-08T17:47:18+00:00\" \/>\n<meta property=\"og:image\" content=\"https:\/\/eurorxdrugs.cc\/cs\/wp-content\/uploads\/2024\/09\/312-min.jpg\" \/>\n\t<meta property=\"og:image:width\" content=\"270\" \/>\n\t<meta property=\"og:image:height\" content=\"300\" \/>\n\t<meta property=\"og:image:type\" content=\"image\/jpeg\" \/>\n<meta name=\"twitter:card\" content=\"summary_large_image\" \/>\n<meta name=\"twitter:label1\" content=\"Odhadovan\u00e1 doba \u010dten\u00ed\" \/>\n\t<meta name=\"twitter:data1\" content=\"4 minuty\" \/>\n<script type=\"application\/ld+json\" class=\"yoast-schema-graph\">{\"@context\":\"https:\/\/schema.org\",\"@graph\":[{\"@type\":\"WebPage\",\"@id\":\"https:\/\/eurorxdrugs.cc\/cs\/product\/cialis-strips\/\",\"url\":\"https:\/\/eurorxdrugs.cc\/cs\/product\/cialis-strips\/\",\"name\":\"Objednejte Cialis Strips bez receptu za n\u00edzkou cenu | Eurorxdrugs\",\"isPartOf\":{\"@id\":\"https:\/\/eurorxdrugs.cc\/cs\/#website\"},\"datePublished\":\"2024-09-08T17:42:53+00:00\",\"dateModified\":\"2024-09-08T17:47:18+00:00\",\"description\":\"Kupte Cialis Strips nyn\u00ed! Origin\u00e1ln\u00ed l\u00e9ky a rychl\u00e9 doru\u010den\u00ed v cen\u011b. 100% diskr\u00e9tn\u00ed a d\u016fv\u011brn\u00fd servis pro v\u0161echny na\u0161e z\u00e1kazn\u00edky na Eurorxdrugs\",\"breadcrumb\":{\"@id\":\"https:\/\/eurorxdrugs.cc\/cs\/product\/cialis-strips\/#breadcrumb\"},\"inLanguage\":\"cs\",\"potentialAction\":[{\"@type\":\"ReadAction\",\"target\":[\"https:\/\/eurorxdrugs.cc\/cs\/product\/cialis-strips\/\"]}]},{\"@type\":\"BreadcrumbList\",\"@id\":\"https:\/\/eurorxdrugs.cc\/cs\/product\/cialis-strips\/#breadcrumb\",\"itemListElement\":[{\"@type\":\"ListItem\",\"position\":1,\"name\":\"Home\",\"item\":\"https:\/\/eurorxdrugs.cc\/cs\/\"},{\"@type\":\"ListItem\",\"position\":2,\"name\":\"Products\",\"item\":\"https:\/\/eurorxdrugs.cc\/cs\/shop\/\"},{\"@type\":\"ListItem\",\"position\":3,\"name\":\"Cialis Strips\"}]},{\"@type\":\"WebSite\",\"@id\":\"https:\/\/eurorxdrugs.cc\/cs\/#website\",\"url\":\"https:\/\/eurorxdrugs.cc\/cs\/\",\"name\":\"eurorxdrugs\",\"description\":\"\",\"publisher\":{\"@id\":\"https:\/\/eurorxdrugs.cc\/cs\/#organization\"},\"potentialAction\":[{\"@type\":\"SearchAction\",\"target\":{\"@type\":\"EntryPoint\",\"urlTemplate\":\"https:\/\/eurorxdrugs.cc\/cs\/?s={search_term_string}\"},\"query-input\":\"required name=search_term_string\"}],\"inLanguage\":\"cs\"},{\"@type\":\"Organization\",\"@id\":\"https:\/\/eurorxdrugs.cc\/cs\/#organization\",\"name\":\"eurorxdrugs\",\"url\":\"https:\/\/eurorxdrugs.cc\/cs\/\",\"logo\":{\"@type\":\"ImageObject\",\"inLanguage\":\"cs\",\"@id\":\"https:\/\/eurorxdrugs.cc\/cs\/#\/schema\/logo\/image\/\",\"url\":\"https:\/\/eurorxdrugs.cc\/cs\/wp-content\/uploads\/2024\/09\/logo-1-1.png\",\"contentUrl\":\"https:\/\/eurorxdrugs.cc\/cs\/wp-content\/uploads\/2024\/09\/logo-1-1.png\",\"width\":233,\"height\":54,\"caption\":\"eurorxdrugs\"},\"image\":{\"@id\":\"https:\/\/eurorxdrugs.cc\/cs\/#\/schema\/logo\/image\/\"}}]}<\/script>\n<!-- \/ Yoast SEO plugin. -->","yoast_head_json":{"title":"Objednejte Cialis Strips bez receptu za n\u00edzkou cenu | Eurorxdrugs","description":"Kupte Cialis Strips nyn\u00ed! Origin\u00e1ln\u00ed l\u00e9ky a rychl\u00e9 doru\u010den\u00ed v cen\u011b. 100% diskr\u00e9tn\u00ed a d\u016fv\u011brn\u00fd servis pro v\u0161echny na\u0161e z\u00e1kazn\u00edky na Eurorxdrugs","robots":{"index":"index","follow":"follow","max-snippet":"max-snippet:-1","max-image-preview":"max-image-preview:large","max-video-preview":"max-video-preview:-1"},"canonical":"https:\/\/eurorxdrugs.cc\/cs\/product\/cialis-strips\/","og_locale":"cs_CZ","og_type":"article","og_title":"Objednejte Cialis Strips bez receptu za n\u00edzkou cenu | Eurorxdrugs","og_description":"Kupte Cialis Strips nyn\u00ed! Origin\u00e1ln\u00ed l\u00e9ky a rychl\u00e9 doru\u010den\u00ed v cen\u011b. 100% diskr\u00e9tn\u00ed a d\u016fv\u011brn\u00fd servis pro v\u0161echny na\u0161e z\u00e1kazn\u00edky na Eurorxdrugs","og_url":"https:\/\/eurorxdrugs.cc\/cs\/product\/cialis-strips\/","og_site_name":"eurorxdrugs","article_modified_time":"2024-09-08T17:47:18+00:00","og_image":[{"width":270,"height":300,"url":"https:\/\/eurorxdrugs.cc\/cs\/wp-content\/uploads\/2024\/09\/312-min.jpg","type":"image\/jpeg"}],"twitter_card":"summary_large_image","twitter_misc":{"Odhadovan\u00e1 doba \u010dten\u00ed":"4 minuty"},"schema":{"@context":"https:\/\/schema.org","@graph":[{"@type":"WebPage","@id":"https:\/\/eurorxdrugs.cc\/cs\/product\/cialis-strips\/","url":"https:\/\/eurorxdrugs.cc\/cs\/product\/cialis-strips\/","name":"Objednejte Cialis Strips bez receptu za n\u00edzkou cenu | Eurorxdrugs","isPartOf":{"@id":"https:\/\/eurorxdrugs.cc\/cs\/#website"},"datePublished":"2024-09-08T17:42:53+00:00","dateModified":"2024-09-08T17:47:18+00:00","description":"Kupte Cialis Strips nyn\u00ed! Origin\u00e1ln\u00ed l\u00e9ky a rychl\u00e9 doru\u010den\u00ed v cen\u011b. 100% diskr\u00e9tn\u00ed a d\u016fv\u011brn\u00fd servis pro v\u0161echny na\u0161e z\u00e1kazn\u00edky na Eurorxdrugs","breadcrumb":{"@id":"https:\/\/eurorxdrugs.cc\/cs\/product\/cialis-strips\/#breadcrumb"},"inLanguage":"cs","potentialAction":[{"@type":"ReadAction","target":["https:\/\/eurorxdrugs.cc\/cs\/product\/cialis-strips\/"]}]},{"@type":"BreadcrumbList","@id":"https:\/\/eurorxdrugs.cc\/cs\/product\/cialis-strips\/#breadcrumb","itemListElement":[{"@type":"ListItem","position":1,"name":"Home","item":"https:\/\/eurorxdrugs.cc\/cs\/"},{"@type":"ListItem","position":2,"name":"Products","item":"https:\/\/eurorxdrugs.cc\/cs\/shop\/"},{"@type":"ListItem","position":3,"name":"Cialis Strips"}]},{"@type":"WebSite","@id":"https:\/\/eurorxdrugs.cc\/cs\/#website","url":"https:\/\/eurorxdrugs.cc\/cs\/","name":"eurorxdrugs","description":"","publisher":{"@id":"https:\/\/eurorxdrugs.cc\/cs\/#organization"},"potentialAction":[{"@type":"SearchAction","target":{"@type":"EntryPoint","urlTemplate":"https:\/\/eurorxdrugs.cc\/cs\/?s={search_term_string}"},"query-input":"required name=search_term_string"}],"inLanguage":"cs"},{"@type":"Organization","@id":"https:\/\/eurorxdrugs.cc\/cs\/#organization","name":"eurorxdrugs","url":"https:\/\/eurorxdrugs.cc\/cs\/","logo":{"@type":"ImageObject","inLanguage":"cs","@id":"https:\/\/eurorxdrugs.cc\/cs\/#\/schema\/logo\/image\/","url":"https:\/\/eurorxdrugs.cc\/cs\/wp-content\/uploads\/2024\/09\/logo-1-1.png","contentUrl":"https:\/\/eurorxdrugs.cc\/cs\/wp-content\/uploads\/2024\/09\/logo-1-1.png","width":233,"height":54,"caption":"eurorxdrugs"},"image":{"@id":"https:\/\/eurorxdrugs.cc\/cs\/#\/schema\/logo\/image\/"}}]}},"_links":{"self":[{"href":"https:\/\/eurorxdrugs.cc\/cs\/wp-json\/wp\/v2\/product\/2611","targetHints":{"allow":["GET"]}}],"collection":[{"href":"https:\/\/eurorxdrugs.cc\/cs\/wp-json\/wp\/v2\/product"}],"about":[{"href":"https:\/\/eurorxdrugs.cc\/cs\/wp-json\/wp\/v2\/types\/product"}],"replies":[{"embeddable":true,"href":"https:\/\/eurorxdrugs.cc\/cs\/wp-json\/wp\/v2\/comments?post=2611"}],"wp:featuredmedia":[{"embeddable":true,"href":"https:\/\/eurorxdrugs.cc\/cs\/wp-json\/wp\/v2\/media\/2612"}],"wp:attachment":[{"href":"https:\/\/eurorxdrugs.cc\/cs\/wp-json\/wp\/v2\/media?parent=2611"}],"wp:term":[{"taxonomy":"product_cat","embeddable":true,"href":"https:\/\/eurorxdrugs.cc\/cs\/wp-json\/wp\/v2\/product_cat?post=2611"},{"taxonomy":"product_tag","embeddable":true,"href":"https:\/\/eurorxdrugs.cc\/cs\/wp-json\/wp\/v2\/product_tag?post=2611"}],"curies":[{"name":"wp","href":"https:\/\/api.w.org\/{rel}","templated":true}]}}