{"id":2654,"date":"2024-09-08T18:05:00","date_gmt":"2024-09-08T18:05:00","guid":{"rendered":"https:\/\/eurorxdrugs.cc\/cs\/?post_type=product&#038;p=2654"},"modified":"2024-09-08T18:09:15","modified_gmt":"2024-09-08T18:09:15","slug":"ciplactin-periactin-by-cipla","status":"publish","type":"product","link":"https:\/\/eurorxdrugs.cc\/cs\/product\/ciplactin-periactin-by-cipla\/","title":{"rendered":"Ciplactin (Periactin) by Cipla"},"content":{"rendered":"<div style=\"text-align: left;\"><b>Common use<\/b><\/div>\n<div style=\"text-align: left;\">\u00a0\u00a0\u00a0\u00a0\u00a0\u00a0\u00a0\u00a0Ciplactin\u00a0medication is a tableted drug, an antagonist of histamine and serotonin. It is prescribed in the treatment of anorexic conditions, with exhaustion caused by a lack of appetite.<\/div>\n<div style=\"text-align: left;\">Ciplactin\u00a0is an antagonist of serotonin and histamine and has the ability to stimulate the appetite. This feature provokes the mass use of the drug, not for its intended purpose, but as a means to increase weight, especially in patients suffering from muscle loss associated with AIDS, cancer or other debilitating diseases.<\/div>\n<div style=\"text-align: left;\">\u00a0\u00a0\u00a0\u00a0\u00a0\u00a0\u00a0\u00a0Thus, the drug is used to treat allergic diseases (acute and chronic urticaria, serum sickness, pollinosis, vasomotor rhinitis, contact dermatitis, neurodermatitis, angioedema, allergic reactions to medication, etc.), as well as with migraine (mainly due to the anti serotonin effect), loss of appetite of various etiologies (neurogenic anorexia, chronic diseases, etc.). Due to the fact that histamine and serotonin increase the secretion of pancreatic juice, it has also been proposed to use Ciplactin\u00a0in the complex therapy of chronic pancreatitis.<\/div>\n<div style=\"text-align: left;\"><\/div>\n<div style=\"text-align: left;\"><b>Dosage and direction<\/b><\/div>\n<div style=\"text-align: left;\">\u00a0\u00a0\u00a0\u00a0\u00a0\u00a0\u00a0\u00a0Ciplactin\u00a0 dosage and intake. To increase the appetite, adults are prescribed 1 \/ 2-1 tablet 3-4 times a day or 1-2 teaspoons of syrup 3-4 times a day; children from 2 to 6 years old &#8211; no more than 2 tablets or 4 teaspoons of syrup per day; children from 6 to 14 years old &#8211; no more than 3 tablets or 6 teaspoons of syrup per day.<\/div>\n<div style=\"text-align: left;\">\u00a0\u00a0\u00a0\u00a0\u00a0\u00a0\u00a0\u00a0As for Ciplactin\u00a0\u00a0riactin side effects, it should be mentioned that drowsiness, dry mouth, in rare cases &#8211; anxiety, ataxia, dizziness, nausea, skin rash may occur.<\/div>\n<div style=\"text-align: left;\"><\/div>\n<div style=\"text-align: left;\"><b>Possible side effect<\/b><\/div>\n<div style=\"text-align: left;\">They may include an allergic reaction:<\/div>\n<div style=\"text-align: left;\">\u2022 hives;<\/div>\n<div style=\"text-align: left;\">\u2022 difficulty breathing;<\/div>\n<div style=\"text-align: left;\">\u2022 swelling of your face, lips, tongue, or throat.<\/div>\n<div style=\"text-align: left;\"><\/div>\n<div style=\"text-align: left;\"><b>Also, the most possible side effects include:<\/b><\/div>\n<div style=\"text-align: left;\">\u2022 confusion, hallucinations, unusual thoughts or behaviour;<\/div>\n<div style=\"text-align: left;\">\u2022 seizure (convulsions);<\/div>\n<div style=\"text-align: left;\">\u2022 ringing in your ears;<\/div>\n<div style=\"text-align: left;\">\u2022 feeling like you might pass out;<\/div>\n<div style=\"text-align: left;\">\u2022 fast or pounding heartbeats;<\/div>\n<div style=\"text-align: left;\">\u2022 easy bruising or bleeding; urinating less than usual or not at all;<\/div>\n<div style=\"text-align: left;\">\u2022 or pale or yellowed skin, dark coloured urine, fever, or unusual weakness.<\/div>\n<div style=\"text-align: left;\"><\/div>\n<div style=\"text-align: left;\"><b>\u00a0Less serious include:<\/b><\/div>\n<div style=\"text-align: left;\">\u2022 mild drowsiness, dizziness, or spinning sensation;<\/div>\n<div style=\"text-align: left;\">\u2022 restlessness or excitability (especially in children);<\/div>\n<div style=\"text-align: left;\">\u2022 sleep problems (insomnia), tired feeling; numbness or tingly feeling;<\/div>\n<div style=\"text-align: left;\">\u2022 increased sweating or urination;<\/div>\n<div style=\"text-align: left;\">\u2022 blurred vision;<\/div>\n<div style=\"text-align: left;\">\u2022 appetite changes;<\/div>\n<div style=\"text-align: left;\">\u2022 dry mouth or nose, upset stomach;<\/div>\n<div style=\"text-align: left;\">\u2022 or nausea, diarrhoea, constipation.<\/div>\n<div style=\"text-align: left;\">\u00a0\u00a0\u00a0\u00a0\u00a0\u00a0\u00a0\u00a0If you experience one of them stop using Ciplactin\u00a0and tell your doctor as soon as possible. Also, consult with your doctor about any side effect that seems unusual.<\/div>\n<div style=\"text-align: left;\"><b>\u00a0<\/b><\/div>\n<div style=\"text-align: left;\"><b>Drug interaction<\/b><\/div>\n<div style=\"text-align: left;\">\u00a0\u00a0\u00a0\u00a0\u00a0\u00a0\u00a0\u00a0Ciplactin\u00a0interacts with such medication as isocarboxazid (Marplan); phenelzine (Nardil); rasagiline (Azilect); selegiline (Eldepryl, Emsam); or tranylcypromine (Parnate). Also, note that the interaction between two medications does not always mean that you must stop taking one of them. As usual, it affects the effect of drugs, so consult with your doctor about how their interactions are being managed or should be managed.<\/div>\n","protected":false},"excerpt":{"rendered":"<div><b>Commercial Name:<\/b>\u00a0Periactin<\/div>\n<div><b>Active Ingredient:<\/b>\u00a0Cyproheptadine<\/div>\n<div><b>Production form:<\/b>\u00a0Pills<\/div>\n<div><b>Utilization:<\/b>\u00a0Treats allergic reactions\/serotonin<\/div>\n<div><b>Available Dosage:<\/b>\u00a04mg<\/div>\n","protected":false},"featured_media":2657,"comment_status":"open","ping_status":"closed","template":"","meta":[],"product_cat":[46],"product_tag":[],"class_list":{"0":"post-2654","1":"product","2":"type-product","3":"status-publish","4":"has-post-thumbnail","6":"product_cat-allergy-relief","8":"first","9":"instock","10":"shipping-taxable","11":"product-type-grouped"},"yoast_head":"<!-- This site is optimized with the Yoast SEO plugin v20.0 - https:\/\/yoast.com\/wordpress\/plugins\/seo\/ -->\n<title>Objednejte Ciplactin (Periactin) by Cipla bez receptu za n\u00edzkou cenu | Eurorxdrugs<\/title>\n<meta name=\"description\" content=\"Kupte Ciplactin (Periactin) by Cipla nyn\u00ed! Origin\u00e1ln\u00ed l\u00e9ky a rychl\u00e9 doru\u010den\u00ed v cen\u011b. 100% diskr\u00e9tn\u00ed a d\u016fv\u011brn\u00fd servis pro v\u0161echny na\u0161e z\u00e1kazn\u00edky na Eurorxdrugs\" \/>\n<meta name=\"robots\" content=\"index, follow, max-snippet:-1, max-image-preview:large, max-video-preview:-1\" \/>\n<link rel=\"canonical\" href=\"https:\/\/eurorxdrugs.cc\/cs\/product\/ciplactin-periactin-by-cipla\/\" \/>\n<meta property=\"og:locale\" content=\"cs_CZ\" \/>\n<meta property=\"og:type\" content=\"article\" \/>\n<meta property=\"og:title\" content=\"Objednejte Ciplactin (Periactin) by Cipla bez receptu za n\u00edzkou cenu | Eurorxdrugs\" \/>\n<meta property=\"og:description\" content=\"Kupte Ciplactin (Periactin) by Cipla nyn\u00ed! Origin\u00e1ln\u00ed l\u00e9ky a rychl\u00e9 doru\u010den\u00ed v cen\u011b. 100% diskr\u00e9tn\u00ed a d\u016fv\u011brn\u00fd servis pro v\u0161echny na\u0161e z\u00e1kazn\u00edky na Eurorxdrugs\" \/>\n<meta property=\"og:url\" content=\"https:\/\/eurorxdrugs.cc\/cs\/product\/ciplactin-periactin-by-cipla\/\" \/>\n<meta property=\"og:site_name\" content=\"eurorxdrugs\" \/>\n<meta property=\"article:modified_time\" content=\"2024-09-08T18:09:15+00:00\" \/>\n<meta property=\"og:image\" content=\"https:\/\/eurorxdrugs.cc\/cs\/wp-content\/uploads\/2024\/09\/369-min.jpg\" \/>\n\t<meta property=\"og:image:width\" content=\"270\" \/>\n\t<meta property=\"og:image:height\" content=\"300\" \/>\n\t<meta property=\"og:image:type\" content=\"image\/jpeg\" \/>\n<meta name=\"twitter:card\" content=\"summary_large_image\" \/>\n<meta name=\"twitter:label1\" content=\"Odhadovan\u00e1 doba \u010dten\u00ed\" \/>\n\t<meta name=\"twitter:data1\" content=\"2 minuty\" \/>\n<script type=\"application\/ld+json\" class=\"yoast-schema-graph\">{\"@context\":\"https:\/\/schema.org\",\"@graph\":[{\"@type\":\"WebPage\",\"@id\":\"https:\/\/eurorxdrugs.cc\/cs\/product\/ciplactin-periactin-by-cipla\/\",\"url\":\"https:\/\/eurorxdrugs.cc\/cs\/product\/ciplactin-periactin-by-cipla\/\",\"name\":\"Objednejte Ciplactin (Periactin) by Cipla bez receptu za n\u00edzkou cenu | Eurorxdrugs\",\"isPartOf\":{\"@id\":\"https:\/\/eurorxdrugs.cc\/cs\/#website\"},\"datePublished\":\"2024-09-08T18:05:00+00:00\",\"dateModified\":\"2024-09-08T18:09:15+00:00\",\"description\":\"Kupte Ciplactin (Periactin) by Cipla nyn\u00ed! Origin\u00e1ln\u00ed l\u00e9ky a rychl\u00e9 doru\u010den\u00ed v cen\u011b. 100% diskr\u00e9tn\u00ed a d\u016fv\u011brn\u00fd servis pro v\u0161echny na\u0161e z\u00e1kazn\u00edky na Eurorxdrugs\",\"breadcrumb\":{\"@id\":\"https:\/\/eurorxdrugs.cc\/cs\/product\/ciplactin-periactin-by-cipla\/#breadcrumb\"},\"inLanguage\":\"cs\",\"potentialAction\":[{\"@type\":\"ReadAction\",\"target\":[\"https:\/\/eurorxdrugs.cc\/cs\/product\/ciplactin-periactin-by-cipla\/\"]}]},{\"@type\":\"BreadcrumbList\",\"@id\":\"https:\/\/eurorxdrugs.cc\/cs\/product\/ciplactin-periactin-by-cipla\/#breadcrumb\",\"itemListElement\":[{\"@type\":\"ListItem\",\"position\":1,\"name\":\"Home\",\"item\":\"https:\/\/eurorxdrugs.cc\/cs\/\"},{\"@type\":\"ListItem\",\"position\":2,\"name\":\"Products\",\"item\":\"https:\/\/eurorxdrugs.cc\/cs\/shop\/\"},{\"@type\":\"ListItem\",\"position\":3,\"name\":\"Ciplactin (Periactin) by Cipla\"}]},{\"@type\":\"WebSite\",\"@id\":\"https:\/\/eurorxdrugs.cc\/cs\/#website\",\"url\":\"https:\/\/eurorxdrugs.cc\/cs\/\",\"name\":\"eurorxdrugs\",\"description\":\"\",\"publisher\":{\"@id\":\"https:\/\/eurorxdrugs.cc\/cs\/#organization\"},\"potentialAction\":[{\"@type\":\"SearchAction\",\"target\":{\"@type\":\"EntryPoint\",\"urlTemplate\":\"https:\/\/eurorxdrugs.cc\/cs\/?s={search_term_string}\"},\"query-input\":\"required name=search_term_string\"}],\"inLanguage\":\"cs\"},{\"@type\":\"Organization\",\"@id\":\"https:\/\/eurorxdrugs.cc\/cs\/#organization\",\"name\":\"eurorxdrugs\",\"url\":\"https:\/\/eurorxdrugs.cc\/cs\/\",\"logo\":{\"@type\":\"ImageObject\",\"inLanguage\":\"cs\",\"@id\":\"https:\/\/eurorxdrugs.cc\/cs\/#\/schema\/logo\/image\/\",\"url\":\"https:\/\/eurorxdrugs.cc\/cs\/wp-content\/uploads\/2024\/09\/logo-1-1.png\",\"contentUrl\":\"https:\/\/eurorxdrugs.cc\/cs\/wp-content\/uploads\/2024\/09\/logo-1-1.png\",\"width\":233,\"height\":54,\"caption\":\"eurorxdrugs\"},\"image\":{\"@id\":\"https:\/\/eurorxdrugs.cc\/cs\/#\/schema\/logo\/image\/\"}}]}<\/script>\n<!-- \/ Yoast SEO plugin. -->","yoast_head_json":{"title":"Objednejte Ciplactin (Periactin) by Cipla bez receptu za n\u00edzkou cenu | Eurorxdrugs","description":"Kupte Ciplactin (Periactin) by Cipla nyn\u00ed! Origin\u00e1ln\u00ed l\u00e9ky a rychl\u00e9 doru\u010den\u00ed v cen\u011b. 100% diskr\u00e9tn\u00ed a d\u016fv\u011brn\u00fd servis pro v\u0161echny na\u0161e z\u00e1kazn\u00edky na Eurorxdrugs","robots":{"index":"index","follow":"follow","max-snippet":"max-snippet:-1","max-image-preview":"max-image-preview:large","max-video-preview":"max-video-preview:-1"},"canonical":"https:\/\/eurorxdrugs.cc\/cs\/product\/ciplactin-periactin-by-cipla\/","og_locale":"cs_CZ","og_type":"article","og_title":"Objednejte Ciplactin (Periactin) by Cipla bez receptu za n\u00edzkou cenu | Eurorxdrugs","og_description":"Kupte Ciplactin (Periactin) by Cipla nyn\u00ed! Origin\u00e1ln\u00ed l\u00e9ky a rychl\u00e9 doru\u010den\u00ed v cen\u011b. 100% diskr\u00e9tn\u00ed a d\u016fv\u011brn\u00fd servis pro v\u0161echny na\u0161e z\u00e1kazn\u00edky na Eurorxdrugs","og_url":"https:\/\/eurorxdrugs.cc\/cs\/product\/ciplactin-periactin-by-cipla\/","og_site_name":"eurorxdrugs","article_modified_time":"2024-09-08T18:09:15+00:00","og_image":[{"width":270,"height":300,"url":"https:\/\/eurorxdrugs.cc\/cs\/wp-content\/uploads\/2024\/09\/369-min.jpg","type":"image\/jpeg"}],"twitter_card":"summary_large_image","twitter_misc":{"Odhadovan\u00e1 doba \u010dten\u00ed":"2 minuty"},"schema":{"@context":"https:\/\/schema.org","@graph":[{"@type":"WebPage","@id":"https:\/\/eurorxdrugs.cc\/cs\/product\/ciplactin-periactin-by-cipla\/","url":"https:\/\/eurorxdrugs.cc\/cs\/product\/ciplactin-periactin-by-cipla\/","name":"Objednejte Ciplactin (Periactin) by Cipla bez receptu za n\u00edzkou cenu | Eurorxdrugs","isPartOf":{"@id":"https:\/\/eurorxdrugs.cc\/cs\/#website"},"datePublished":"2024-09-08T18:05:00+00:00","dateModified":"2024-09-08T18:09:15+00:00","description":"Kupte Ciplactin (Periactin) by Cipla nyn\u00ed! Origin\u00e1ln\u00ed l\u00e9ky a rychl\u00e9 doru\u010den\u00ed v cen\u011b. 100% diskr\u00e9tn\u00ed a d\u016fv\u011brn\u00fd servis pro v\u0161echny na\u0161e z\u00e1kazn\u00edky na Eurorxdrugs","breadcrumb":{"@id":"https:\/\/eurorxdrugs.cc\/cs\/product\/ciplactin-periactin-by-cipla\/#breadcrumb"},"inLanguage":"cs","potentialAction":[{"@type":"ReadAction","target":["https:\/\/eurorxdrugs.cc\/cs\/product\/ciplactin-periactin-by-cipla\/"]}]},{"@type":"BreadcrumbList","@id":"https:\/\/eurorxdrugs.cc\/cs\/product\/ciplactin-periactin-by-cipla\/#breadcrumb","itemListElement":[{"@type":"ListItem","position":1,"name":"Home","item":"https:\/\/eurorxdrugs.cc\/cs\/"},{"@type":"ListItem","position":2,"name":"Products","item":"https:\/\/eurorxdrugs.cc\/cs\/shop\/"},{"@type":"ListItem","position":3,"name":"Ciplactin (Periactin) by Cipla"}]},{"@type":"WebSite","@id":"https:\/\/eurorxdrugs.cc\/cs\/#website","url":"https:\/\/eurorxdrugs.cc\/cs\/","name":"eurorxdrugs","description":"","publisher":{"@id":"https:\/\/eurorxdrugs.cc\/cs\/#organization"},"potentialAction":[{"@type":"SearchAction","target":{"@type":"EntryPoint","urlTemplate":"https:\/\/eurorxdrugs.cc\/cs\/?s={search_term_string}"},"query-input":"required name=search_term_string"}],"inLanguage":"cs"},{"@type":"Organization","@id":"https:\/\/eurorxdrugs.cc\/cs\/#organization","name":"eurorxdrugs","url":"https:\/\/eurorxdrugs.cc\/cs\/","logo":{"@type":"ImageObject","inLanguage":"cs","@id":"https:\/\/eurorxdrugs.cc\/cs\/#\/schema\/logo\/image\/","url":"https:\/\/eurorxdrugs.cc\/cs\/wp-content\/uploads\/2024\/09\/logo-1-1.png","contentUrl":"https:\/\/eurorxdrugs.cc\/cs\/wp-content\/uploads\/2024\/09\/logo-1-1.png","width":233,"height":54,"caption":"eurorxdrugs"},"image":{"@id":"https:\/\/eurorxdrugs.cc\/cs\/#\/schema\/logo\/image\/"}}]}},"_links":{"self":[{"href":"https:\/\/eurorxdrugs.cc\/cs\/wp-json\/wp\/v2\/product\/2654","targetHints":{"allow":["GET"]}}],"collection":[{"href":"https:\/\/eurorxdrugs.cc\/cs\/wp-json\/wp\/v2\/product"}],"about":[{"href":"https:\/\/eurorxdrugs.cc\/cs\/wp-json\/wp\/v2\/types\/product"}],"replies":[{"embeddable":true,"href":"https:\/\/eurorxdrugs.cc\/cs\/wp-json\/wp\/v2\/comments?post=2654"}],"wp:featuredmedia":[{"embeddable":true,"href":"https:\/\/eurorxdrugs.cc\/cs\/wp-json\/wp\/v2\/media\/2657"}],"wp:attachment":[{"href":"https:\/\/eurorxdrugs.cc\/cs\/wp-json\/wp\/v2\/media?parent=2654"}],"wp:term":[{"taxonomy":"product_cat","embeddable":true,"href":"https:\/\/eurorxdrugs.cc\/cs\/wp-json\/wp\/v2\/product_cat?post=2654"},{"taxonomy":"product_tag","embeddable":true,"href":"https:\/\/eurorxdrugs.cc\/cs\/wp-json\/wp\/v2\/product_tag?post=2654"}],"curies":[{"name":"wp","href":"https:\/\/api.w.org\/{rel}","templated":true}]}}