{"id":2864,"date":"2024-09-11T10:38:17","date_gmt":"2024-09-11T10:38:17","guid":{"rendered":"https:\/\/eurorxdrugs.cc\/cs\/?post_type=product&#038;p=2864"},"modified":"2024-09-19T12:41:42","modified_gmt":"2024-09-19T12:41:42","slug":"addyi-flibanserin-generic","status":"publish","type":"product","link":"https:\/\/eurorxdrugs.cc\/cs\/product\/addyi-flibanserin-generic\/","title":{"rendered":"Addyi (Flibanserin) Generic"},"content":{"rendered":"<h2><b>Flibanserin (Addyi) Overview<\/b><\/h2>\n<p><b>Flibanserin<\/b>\u00a0(100 mg) is the first and only officially approved treatment for acquired reduced sexual desire in premenopausal women. This non-hormonal medication is suitable for women experiencing low sexual desire not influenced by circumstances, with no prior issues related to sexual desire.<\/p>\n<p><b>Flibanserin<\/b>\u00a0is not intended for women who have gone through menopause, men, or children. It is also not suitable for improving sexual performance.<\/p>\n<h3><b>Indications and Usage<\/b><\/h3>\n<p>Flibanserin is used to treat reduced sexual desire in premenopausal women who have not experienced diminished sexual desire in the past. The condition should not be due to:<\/p>\n<ul>\n<li><b>Physical or mental illness<\/b><\/li>\n<li><b>Relationship problems<\/b><\/li>\n<li><b>Use of other medications<\/b><\/li>\n<\/ul>\n<p>Flibanserin is not recommended for women post-menopause.<\/p>\n<h3><b>Important Information<\/b><\/h3>\n<ul>\n<li><b>Do not drink alcohol<\/b>\u00a0while taking flibanserin.<\/li>\n<li><b>Do not use flibanserin<\/b>\u00a0if you are allergic to it.<\/li>\n<li>Certain medications can cause unwanted or dangerous effects when used with flibanserin.<\/li>\n<li>It is not known if flibanserin harms an unborn baby or if it passes into breast milk.<\/li>\n<li>Flibanserin is not approved for use by anyone younger than 18 years old.<\/li>\n<\/ul>\n<h3><b>How to Take Flibanserin<\/b><\/h3>\n<p>Follow all instructions on your prescription label. Take flibanserin only at bedtime. It may lower blood pressure, which can cause dizziness. Improvement in symptoms may take up to 8 weeks.<\/p>\n<p>Store the medication at room temperature away from moisture and heat.<\/p>\n<h3><b>Missed Dose<\/b><\/h3>\n<p>If you miss a dose, skip it and take the medicine the following day at bedtime.<\/p>\n<h3><b>What to Avoid<\/b><\/h3>\n<ul>\n<li><b>Do not consume alcohol<\/b>\u00a0while taking flibanserin.<\/li>\n<li>Avoid grapefruit and grapefruit juice, as they may interact with flibanserin.<\/li>\n<li>Do not take supplements containing\u00a0<b>ginkgo, resveratrol, or St. John\u2019s wort<\/b>.<\/li>\n<li>Flibanserin may impair thinking or reactions, so avoid getting up quickly from sitting or lying down.<\/li>\n<\/ul>\n<h3><b>Dosing Information<\/b><\/h3>\n<p>The typical adult dose for treating reduced sexual desire is\u00a0<b>100 mg orally once a day at bedtime<\/b>. The medication should be discontinued after 8 weeks if there is no improvement in symptoms. Flibanserin is not intended to enhance sexual performance and is not indicated for use in postmenopausal women or men.<\/p>\n","protected":false},"excerpt":{"rendered":"<div><b>Commercial Name:<\/b>\u00a0Addyi, Fliban<\/div>\n<div><b>Active Ingredient:<\/b>\u00a0Flibanserin<\/div>\n<div><b>Production form:<\/b>\u00a0tubes<\/div>\n<div><b>Utilization:<\/b>\u00a0Treats the problem of women&#8217;s Health<\/div>\n<div><b>Available Dosage:<\/b>\u00a0100 mg<\/div>\n","protected":false},"featured_media":2865,"comment_status":"open","ping_status":"closed","template":"","meta":[],"product_cat":[40],"product_tag":[],"class_list":{"0":"post-2864","1":"product","2":"type-product","3":"status-publish","4":"has-post-thumbnail","6":"product_cat-womens-health","8":"first","9":"instock","10":"shipping-taxable","11":"product-type-grouped"},"yoast_head":"<!-- This site is optimized with the Yoast SEO plugin v20.0 - https:\/\/yoast.com\/wordpress\/plugins\/seo\/ -->\n<title>Objednejte Addyi (Flibanserin) Generic bez receptu za n\u00edzkou cenu | Eurorxdrugs<\/title>\n<meta name=\"description\" content=\"Kupte Addyi (Flibanserin) Generic nyn\u00ed! Origin\u00e1ln\u00ed l\u00e9ky a rychl\u00e9 doru\u010den\u00ed v cen\u011b. 100% diskr\u00e9tn\u00ed a d\u016fv\u011brn\u00fd servis pro v\u0161echny na\u0161e z\u00e1kazn\u00edky na Eurorxdrugs\" \/>\n<meta name=\"robots\" content=\"index, follow, max-snippet:-1, max-image-preview:large, max-video-preview:-1\" \/>\n<link rel=\"canonical\" href=\"https:\/\/eurorxdrugs.cc\/cs\/product\/addyi-flibanserin-generic\/\" \/>\n<meta property=\"og:locale\" content=\"cs_CZ\" \/>\n<meta property=\"og:type\" content=\"article\" \/>\n<meta property=\"og:title\" content=\"Objednejte Addyi (Flibanserin) Generic bez receptu za n\u00edzkou cenu | Eurorxdrugs\" \/>\n<meta property=\"og:description\" content=\"Kupte Addyi (Flibanserin) Generic nyn\u00ed! Origin\u00e1ln\u00ed l\u00e9ky a rychl\u00e9 doru\u010den\u00ed v cen\u011b. 100% diskr\u00e9tn\u00ed a d\u016fv\u011brn\u00fd servis pro v\u0161echny na\u0161e z\u00e1kazn\u00edky na Eurorxdrugs\" \/>\n<meta property=\"og:url\" content=\"https:\/\/eurorxdrugs.cc\/cs\/product\/addyi-flibanserin-generic\/\" \/>\n<meta property=\"og:site_name\" content=\"eurorxdrugs\" \/>\n<meta property=\"article:modified_time\" content=\"2024-09-19T12:41:42+00:00\" \/>\n<meta property=\"og:image\" content=\"https:\/\/eurorxdrugs.cc\/cs\/wp-content\/uploads\/2024\/09\/387-min.jpg\" \/>\n\t<meta property=\"og:image:width\" content=\"270\" \/>\n\t<meta property=\"og:image:height\" content=\"300\" \/>\n\t<meta property=\"og:image:type\" content=\"image\/jpeg\" \/>\n<meta name=\"twitter:card\" content=\"summary_large_image\" \/>\n<meta name=\"twitter:label1\" content=\"Odhadovan\u00e1 doba \u010dten\u00ed\" \/>\n\t<meta name=\"twitter:data1\" content=\"2 minuty\" \/>\n<script type=\"application\/ld+json\" class=\"yoast-schema-graph\">{\"@context\":\"https:\/\/schema.org\",\"@graph\":[{\"@type\":\"WebPage\",\"@id\":\"https:\/\/eurorxdrugs.cc\/cs\/product\/addyi-flibanserin-generic\/\",\"url\":\"https:\/\/eurorxdrugs.cc\/cs\/product\/addyi-flibanserin-generic\/\",\"name\":\"Objednejte Addyi (Flibanserin) Generic bez receptu za n\u00edzkou cenu | Eurorxdrugs\",\"isPartOf\":{\"@id\":\"https:\/\/eurorxdrugs.cc\/cs\/#website\"},\"datePublished\":\"2024-09-11T10:38:17+00:00\",\"dateModified\":\"2024-09-19T12:41:42+00:00\",\"description\":\"Kupte Addyi (Flibanserin) Generic nyn\u00ed! Origin\u00e1ln\u00ed l\u00e9ky a rychl\u00e9 doru\u010den\u00ed v cen\u011b. 100% diskr\u00e9tn\u00ed a d\u016fv\u011brn\u00fd servis pro v\u0161echny na\u0161e z\u00e1kazn\u00edky na Eurorxdrugs\",\"breadcrumb\":{\"@id\":\"https:\/\/eurorxdrugs.cc\/cs\/product\/addyi-flibanserin-generic\/#breadcrumb\"},\"inLanguage\":\"cs\",\"potentialAction\":[{\"@type\":\"ReadAction\",\"target\":[\"https:\/\/eurorxdrugs.cc\/cs\/product\/addyi-flibanserin-generic\/\"]}]},{\"@type\":\"BreadcrumbList\",\"@id\":\"https:\/\/eurorxdrugs.cc\/cs\/product\/addyi-flibanserin-generic\/#breadcrumb\",\"itemListElement\":[{\"@type\":\"ListItem\",\"position\":1,\"name\":\"Home\",\"item\":\"https:\/\/eurorxdrugs.cc\/cs\/\"},{\"@type\":\"ListItem\",\"position\":2,\"name\":\"Products\",\"item\":\"https:\/\/eurorxdrugs.cc\/cs\/shop\/\"},{\"@type\":\"ListItem\",\"position\":3,\"name\":\"Addyi (Flibanserin) Generic\"}]},{\"@type\":\"WebSite\",\"@id\":\"https:\/\/eurorxdrugs.cc\/cs\/#website\",\"url\":\"https:\/\/eurorxdrugs.cc\/cs\/\",\"name\":\"eurorxdrugs\",\"description\":\"\",\"publisher\":{\"@id\":\"https:\/\/eurorxdrugs.cc\/cs\/#organization\"},\"potentialAction\":[{\"@type\":\"SearchAction\",\"target\":{\"@type\":\"EntryPoint\",\"urlTemplate\":\"https:\/\/eurorxdrugs.cc\/cs\/?s={search_term_string}\"},\"query-input\":\"required name=search_term_string\"}],\"inLanguage\":\"cs\"},{\"@type\":\"Organization\",\"@id\":\"https:\/\/eurorxdrugs.cc\/cs\/#organization\",\"name\":\"eurorxdrugs\",\"url\":\"https:\/\/eurorxdrugs.cc\/cs\/\",\"logo\":{\"@type\":\"ImageObject\",\"inLanguage\":\"cs\",\"@id\":\"https:\/\/eurorxdrugs.cc\/cs\/#\/schema\/logo\/image\/\",\"url\":\"https:\/\/eurorxdrugs.cc\/cs\/wp-content\/uploads\/2024\/09\/logo-1-1.png\",\"contentUrl\":\"https:\/\/eurorxdrugs.cc\/cs\/wp-content\/uploads\/2024\/09\/logo-1-1.png\",\"width\":233,\"height\":54,\"caption\":\"eurorxdrugs\"},\"image\":{\"@id\":\"https:\/\/eurorxdrugs.cc\/cs\/#\/schema\/logo\/image\/\"}}]}<\/script>\n<!-- \/ Yoast SEO plugin. -->","yoast_head_json":{"title":"Objednejte Addyi (Flibanserin) Generic bez receptu za n\u00edzkou cenu | Eurorxdrugs","description":"Kupte Addyi (Flibanserin) Generic nyn\u00ed! Origin\u00e1ln\u00ed l\u00e9ky a rychl\u00e9 doru\u010den\u00ed v cen\u011b. 100% diskr\u00e9tn\u00ed a d\u016fv\u011brn\u00fd servis pro v\u0161echny na\u0161e z\u00e1kazn\u00edky na Eurorxdrugs","robots":{"index":"index","follow":"follow","max-snippet":"max-snippet:-1","max-image-preview":"max-image-preview:large","max-video-preview":"max-video-preview:-1"},"canonical":"https:\/\/eurorxdrugs.cc\/cs\/product\/addyi-flibanserin-generic\/","og_locale":"cs_CZ","og_type":"article","og_title":"Objednejte Addyi (Flibanserin) Generic bez receptu za n\u00edzkou cenu | Eurorxdrugs","og_description":"Kupte Addyi (Flibanserin) Generic nyn\u00ed! Origin\u00e1ln\u00ed l\u00e9ky a rychl\u00e9 doru\u010den\u00ed v cen\u011b. 100% diskr\u00e9tn\u00ed a d\u016fv\u011brn\u00fd servis pro v\u0161echny na\u0161e z\u00e1kazn\u00edky na Eurorxdrugs","og_url":"https:\/\/eurorxdrugs.cc\/cs\/product\/addyi-flibanserin-generic\/","og_site_name":"eurorxdrugs","article_modified_time":"2024-09-19T12:41:42+00:00","og_image":[{"width":270,"height":300,"url":"https:\/\/eurorxdrugs.cc\/cs\/wp-content\/uploads\/2024\/09\/387-min.jpg","type":"image\/jpeg"}],"twitter_card":"summary_large_image","twitter_misc":{"Odhadovan\u00e1 doba \u010dten\u00ed":"2 minuty"},"schema":{"@context":"https:\/\/schema.org","@graph":[{"@type":"WebPage","@id":"https:\/\/eurorxdrugs.cc\/cs\/product\/addyi-flibanserin-generic\/","url":"https:\/\/eurorxdrugs.cc\/cs\/product\/addyi-flibanserin-generic\/","name":"Objednejte Addyi (Flibanserin) Generic bez receptu za n\u00edzkou cenu | Eurorxdrugs","isPartOf":{"@id":"https:\/\/eurorxdrugs.cc\/cs\/#website"},"datePublished":"2024-09-11T10:38:17+00:00","dateModified":"2024-09-19T12:41:42+00:00","description":"Kupte Addyi (Flibanserin) Generic nyn\u00ed! Origin\u00e1ln\u00ed l\u00e9ky a rychl\u00e9 doru\u010den\u00ed v cen\u011b. 100% diskr\u00e9tn\u00ed a d\u016fv\u011brn\u00fd servis pro v\u0161echny na\u0161e z\u00e1kazn\u00edky na Eurorxdrugs","breadcrumb":{"@id":"https:\/\/eurorxdrugs.cc\/cs\/product\/addyi-flibanserin-generic\/#breadcrumb"},"inLanguage":"cs","potentialAction":[{"@type":"ReadAction","target":["https:\/\/eurorxdrugs.cc\/cs\/product\/addyi-flibanserin-generic\/"]}]},{"@type":"BreadcrumbList","@id":"https:\/\/eurorxdrugs.cc\/cs\/product\/addyi-flibanserin-generic\/#breadcrumb","itemListElement":[{"@type":"ListItem","position":1,"name":"Home","item":"https:\/\/eurorxdrugs.cc\/cs\/"},{"@type":"ListItem","position":2,"name":"Products","item":"https:\/\/eurorxdrugs.cc\/cs\/shop\/"},{"@type":"ListItem","position":3,"name":"Addyi (Flibanserin) Generic"}]},{"@type":"WebSite","@id":"https:\/\/eurorxdrugs.cc\/cs\/#website","url":"https:\/\/eurorxdrugs.cc\/cs\/","name":"eurorxdrugs","description":"","publisher":{"@id":"https:\/\/eurorxdrugs.cc\/cs\/#organization"},"potentialAction":[{"@type":"SearchAction","target":{"@type":"EntryPoint","urlTemplate":"https:\/\/eurorxdrugs.cc\/cs\/?s={search_term_string}"},"query-input":"required name=search_term_string"}],"inLanguage":"cs"},{"@type":"Organization","@id":"https:\/\/eurorxdrugs.cc\/cs\/#organization","name":"eurorxdrugs","url":"https:\/\/eurorxdrugs.cc\/cs\/","logo":{"@type":"ImageObject","inLanguage":"cs","@id":"https:\/\/eurorxdrugs.cc\/cs\/#\/schema\/logo\/image\/","url":"https:\/\/eurorxdrugs.cc\/cs\/wp-content\/uploads\/2024\/09\/logo-1-1.png","contentUrl":"https:\/\/eurorxdrugs.cc\/cs\/wp-content\/uploads\/2024\/09\/logo-1-1.png","width":233,"height":54,"caption":"eurorxdrugs"},"image":{"@id":"https:\/\/eurorxdrugs.cc\/cs\/#\/schema\/logo\/image\/"}}]}},"_links":{"self":[{"href":"https:\/\/eurorxdrugs.cc\/cs\/wp-json\/wp\/v2\/product\/2864","targetHints":{"allow":["GET"]}}],"collection":[{"href":"https:\/\/eurorxdrugs.cc\/cs\/wp-json\/wp\/v2\/product"}],"about":[{"href":"https:\/\/eurorxdrugs.cc\/cs\/wp-json\/wp\/v2\/types\/product"}],"replies":[{"embeddable":true,"href":"https:\/\/eurorxdrugs.cc\/cs\/wp-json\/wp\/v2\/comments?post=2864"}],"wp:featuredmedia":[{"embeddable":true,"href":"https:\/\/eurorxdrugs.cc\/cs\/wp-json\/wp\/v2\/media\/2865"}],"wp:attachment":[{"href":"https:\/\/eurorxdrugs.cc\/cs\/wp-json\/wp\/v2\/media?parent=2864"}],"wp:term":[{"taxonomy":"product_cat","embeddable":true,"href":"https:\/\/eurorxdrugs.cc\/cs\/wp-json\/wp\/v2\/product_cat?post=2864"},{"taxonomy":"product_tag","embeddable":true,"href":"https:\/\/eurorxdrugs.cc\/cs\/wp-json\/wp\/v2\/product_tag?post=2864"}],"curies":[{"name":"wp","href":"https:\/\/api.w.org\/{rel}","templated":true}]}}