{"id":2895,"date":"2024-09-11T11:09:57","date_gmt":"2024-09-11T11:09:57","guid":{"rendered":"https:\/\/eurorxdrugs.cc\/cs\/?post_type=product&#038;p=2895"},"modified":"2024-10-26T12:17:13","modified_gmt":"2024-10-26T12:17:13","slug":"advair-diskus-generic-inhaler","status":"publish","type":"product","link":"https:\/\/eurorxdrugs.cc\/cs\/product\/advair-diskus-generic-inhaler\/","title":{"rendered":"Advair Diskus Generic Inhaler"},"content":{"rendered":"<div><b>What is Advair Diskus?<\/b><\/div>\n<div>\u00a0\u00a0\u00a0\u00a0\u00a0\u00a0\u00a0\u00a0Advair Diskus is an inhaler which consists of two active substances: Fluticasone and Salmeterol. A combination of these two ingredients is used for the treatment of bronchial asthma and chronic obstructive pulmonary problems that cause difficulties in the lungs during the breathing process. Fluticasone has anti-inflammatory, antiallergic, antipruritic effect by intranasal, inhalation, external application and helps prevent the problem of asthma and allergic inflammation. Salmeterol acts as 2 beta receptor that is used for prevention of asthma and chronic obstructive lung problems. See a more detailed description of what Advair Diskus is\u2026<\/div>\n<div><\/div>\n<div><b>Advair Diskus Generic<\/b>s<\/div>\n<div>\u00a0\u00a0\u00a0\u00a0\u00a0\u00a0\u00a0\u00a0Some pharmacies offer generics that can replace the original preparation: for example \u201cFluticasone\/Salmeterol\u00bb. This generic product contains the same active ingredients: Fluticasone\/Salmeterol, act the same way and produce the same effect. The generics price is lower as the manufacturers of generic products take fewer expenses: they do not need the drug testing, researchers and clinical trials, advertising, and promotion, as the original drug has already proven its efficiency and high quality. Nowadays, many people prefer generic version: the same effect + money spared.<\/div>\n<div><\/div>\n<div>\u00a0<b>Dosage and Instructions for Use<\/b><\/div>\n<div>\u00a0\u00a0\u00a0\u00a0\u00a0\u00a0\u00a0\u00a0The recommended dosage of Advair Diskus depends on the age of the patient and other asthma medications that he takes.<\/div>\n<div>\u2022 For children aged from 4 to 11, the recommended dosage makes one inhalation: 100\/50 mg twice per day with a 12 hours interval;<\/div>\n<div>\u2022 For children over the age of 11 and adults, the dosage will depend on the dose of other medications for asthma treatment and prevention \u2013 the dose can be 100\/50 mg twice a day or 500\/50 mg twice a day;<\/div>\n<div>\u2022 The normal dose for chronic obstructive pulmonary diseases treatment is 250\/50 mg twice a day.<\/div>\n<div><\/div>\n<div><b>Side Effects<\/b><\/div>\n<div>\u00a0\u00a0\u00a0\u00a0\u00a0\u00a0\u00a0\u00a0Advair Diskus side effects are observed in patients not so often. Sometimes they are severe, but in the most cases, side effects are mild. The drug\u2019s active ingredients may trigger different side effects:<\/div>\n<div><\/div>\n<div>\u2022 Salmeterol: paradoxical bronchospasm, irritation of the mucous membranes of the mouth or throat, changes in taste (dysgeusia), hypokalemia, nervous disorders, abdominal pain, nausea, vomiting, hyperglycemia, tremors, palpitations, headache, arrhythmias (including atrial fibrillation, supraventricular tachycardia and extrasystoles), arthralgia, allergic reactions (skin rash, angioedema), spasms of skeletal muscles;<\/div>\n<div>\u2022 Fluticasone: hoarseness, irritation of the mucous membrane of the pharynx, candidiasis of the oral cavity and pharynx, paradoxical bronchospasm, allergic skin reactions.<\/div>\n<div>The prolonged use of this medicine at high doses may provoke Fluticasone systemic effects: reduction of adrenocortical function, osteoporosis, children\u2019s growth retardation, cataract, glaucoma.<\/div>\n<div><\/div>\n<div><b>Contraindications<\/b><\/div>\n<div>Advair Diskus is contraindicated in the following cases:<\/div>\n<div>\u2022 Hypersensitivity to the drug;<\/div>\n<div>\u2022 Children under the age of 4.<\/div>\n<div>\u00a0\u00a0\u00a0\u00a0\u00a0\u00a0\u00a0\u00a0Use the drug with caution: pulmonary tuberculosis, fungal, viral or bacterial infections of the respiratory system, thyrotoxicosis, pheochromocytoma, diabetes, uncontrolled hypokalemia, idiopathic hypertrophic subaortic stenosis, uncontrolled hypertension, arrhythmia, QT prolongation on the ECG, coronary artery disease, hypoxia of different genesis, cataracts, glaucoma, hypothyroidism, osteoporosis, pregnancy, lactation.<\/div>\n<div><\/div>\n<div>\u00a0<b>Interactions<\/b><\/div>\n<div>\u00a0\u00a0\u00a0\u00a0\u00a0\u00a0\u00a0\u00a0If you are combining other medications or supplements with Advair Diskus, the effects of Fluticasone or Salmeterol may change. Tell your doctor about all medications, vitamins, and supplements that you are taking at the moment. Your doctor will be able to work out the correct plan of the treatment, which would help avoid negative interactions. Fluticasone and Salmeterol may interact with the following medications:<\/div>\n<div>\u2022 Amoxicillin;<\/div>\n<div>\u2022 Amprenavir;<\/div>\n<div>\u2022 Atazanavir;<\/div>\n<div>\u2022 Biaxin;<\/div>\n<div>\u2022 Boceprevir;<\/div>\n<div>\u2022 Brimonidine.<\/div>\n","protected":false},"excerpt":{"rendered":"<div><b>Commercial Name:<\/b>\u00a0Advair Diskus Generic Inhaler<\/div>\n<div><b>Active Ingredient:<\/b>\u00a0fluticasone propionate and salmeterol<\/div>\n<div><b>Production form:<\/b>\u00a0Inhaler<\/div>\n<div><b>Utilization:<\/b>\u00a0Asthma, Chronic Obstructive Pulmonary Disease, COPD, Bronchitis, Emphysema, Breathing<\/div>\n<div><b>Available Dosage:<\/b>\u00a0100mg<\/div>\n","protected":false},"featured_media":2896,"comment_status":"open","ping_status":"closed","template":"","meta":[],"product_cat":[97,26],"product_tag":[],"class_list":{"0":"post-2895","1":"product","2":"type-product","3":"status-publish","4":"has-post-thumbnail","6":"product_cat-antiasthmatika","7":"product_cat-asthma-relief-management","9":"first","10":"instock","11":"shipping-taxable","12":"product-type-grouped"},"yoast_head":"<!-- This site is optimized with the Yoast SEO plugin v20.0 - https:\/\/yoast.com\/wordpress\/plugins\/seo\/ -->\n<title>Objednejte Advair Diskus Generic Inhaler bez receptu za n\u00edzkou cenu | Eurorxdrugs<\/title>\n<meta name=\"description\" content=\"Kupte Advair Diskus Generic Inhaler nyn\u00ed! Origin\u00e1ln\u00ed l\u00e9ky a rychl\u00e9 doru\u010den\u00ed v cen\u011b. 100% diskr\u00e9tn\u00ed a d\u016fv\u011brn\u00fd servis pro v\u0161echny na\u0161e z\u00e1kazn\u00edky na Eurorxdrugs\" \/>\n<meta name=\"robots\" content=\"index, follow, max-snippet:-1, max-image-preview:large, max-video-preview:-1\" \/>\n<link rel=\"canonical\" href=\"https:\/\/eurorxdrugs.cc\/cs\/product\/advair-diskus-generic-inhaler\/\" \/>\n<meta property=\"og:locale\" content=\"cs_CZ\" \/>\n<meta property=\"og:type\" content=\"article\" \/>\n<meta property=\"og:title\" content=\"Objednejte Advair Diskus Generic Inhaler bez receptu za n\u00edzkou cenu | Eurorxdrugs\" \/>\n<meta property=\"og:description\" content=\"Kupte Advair Diskus Generic Inhaler nyn\u00ed! Origin\u00e1ln\u00ed l\u00e9ky a rychl\u00e9 doru\u010den\u00ed v cen\u011b. 100% diskr\u00e9tn\u00ed a d\u016fv\u011brn\u00fd servis pro v\u0161echny na\u0161e z\u00e1kazn\u00edky na Eurorxdrugs\" \/>\n<meta property=\"og:url\" content=\"https:\/\/eurorxdrugs.cc\/cs\/product\/advair-diskus-generic-inhaler\/\" \/>\n<meta property=\"og:site_name\" content=\"eurorxdrugs\" \/>\n<meta property=\"article:modified_time\" content=\"2024-10-26T12:17:13+00:00\" \/>\n<meta property=\"og:image\" content=\"https:\/\/eurorxdrugs.cc\/cs\/wp-content\/uploads\/2024\/09\/393-min.jpg\" \/>\n\t<meta property=\"og:image:width\" content=\"270\" \/>\n\t<meta property=\"og:image:height\" content=\"300\" \/>\n\t<meta property=\"og:image:type\" content=\"image\/jpeg\" \/>\n<meta name=\"twitter:card\" content=\"summary_large_image\" \/>\n<meta name=\"twitter:label1\" content=\"Odhadovan\u00e1 doba \u010dten\u00ed\" \/>\n\t<meta name=\"twitter:data1\" content=\"3 minuty\" \/>\n<script type=\"application\/ld+json\" class=\"yoast-schema-graph\">{\"@context\":\"https:\/\/schema.org\",\"@graph\":[{\"@type\":\"WebPage\",\"@id\":\"https:\/\/eurorxdrugs.cc\/cs\/product\/advair-diskus-generic-inhaler\/\",\"url\":\"https:\/\/eurorxdrugs.cc\/cs\/product\/advair-diskus-generic-inhaler\/\",\"name\":\"Objednejte Advair Diskus Generic Inhaler bez receptu za n\u00edzkou cenu | Eurorxdrugs\",\"isPartOf\":{\"@id\":\"https:\/\/eurorxdrugs.cc\/cs\/#website\"},\"datePublished\":\"2024-09-11T11:09:57+00:00\",\"dateModified\":\"2024-10-26T12:17:13+00:00\",\"description\":\"Kupte Advair Diskus Generic Inhaler nyn\u00ed! Origin\u00e1ln\u00ed l\u00e9ky a rychl\u00e9 doru\u010den\u00ed v cen\u011b. 100% diskr\u00e9tn\u00ed a d\u016fv\u011brn\u00fd servis pro v\u0161echny na\u0161e z\u00e1kazn\u00edky na Eurorxdrugs\",\"breadcrumb\":{\"@id\":\"https:\/\/eurorxdrugs.cc\/cs\/product\/advair-diskus-generic-inhaler\/#breadcrumb\"},\"inLanguage\":\"cs\",\"potentialAction\":[{\"@type\":\"ReadAction\",\"target\":[\"https:\/\/eurorxdrugs.cc\/cs\/product\/advair-diskus-generic-inhaler\/\"]}]},{\"@type\":\"BreadcrumbList\",\"@id\":\"https:\/\/eurorxdrugs.cc\/cs\/product\/advair-diskus-generic-inhaler\/#breadcrumb\",\"itemListElement\":[{\"@type\":\"ListItem\",\"position\":1,\"name\":\"Home\",\"item\":\"https:\/\/eurorxdrugs.cc\/cs\/\"},{\"@type\":\"ListItem\",\"position\":2,\"name\":\"Products\",\"item\":\"https:\/\/eurorxdrugs.cc\/cs\/shop\/\"},{\"@type\":\"ListItem\",\"position\":3,\"name\":\"Advair Diskus Generic Inhaler\"}]},{\"@type\":\"WebSite\",\"@id\":\"https:\/\/eurorxdrugs.cc\/cs\/#website\",\"url\":\"https:\/\/eurorxdrugs.cc\/cs\/\",\"name\":\"eurorxdrugs\",\"description\":\"\",\"publisher\":{\"@id\":\"https:\/\/eurorxdrugs.cc\/cs\/#organization\"},\"potentialAction\":[{\"@type\":\"SearchAction\",\"target\":{\"@type\":\"EntryPoint\",\"urlTemplate\":\"https:\/\/eurorxdrugs.cc\/cs\/?s={search_term_string}\"},\"query-input\":\"required name=search_term_string\"}],\"inLanguage\":\"cs\"},{\"@type\":\"Organization\",\"@id\":\"https:\/\/eurorxdrugs.cc\/cs\/#organization\",\"name\":\"eurorxdrugs\",\"url\":\"https:\/\/eurorxdrugs.cc\/cs\/\",\"logo\":{\"@type\":\"ImageObject\",\"inLanguage\":\"cs\",\"@id\":\"https:\/\/eurorxdrugs.cc\/cs\/#\/schema\/logo\/image\/\",\"url\":\"https:\/\/eurorxdrugs.cc\/cs\/wp-content\/uploads\/2024\/09\/logo-1-1.png\",\"contentUrl\":\"https:\/\/eurorxdrugs.cc\/cs\/wp-content\/uploads\/2024\/09\/logo-1-1.png\",\"width\":233,\"height\":54,\"caption\":\"eurorxdrugs\"},\"image\":{\"@id\":\"https:\/\/eurorxdrugs.cc\/cs\/#\/schema\/logo\/image\/\"}}]}<\/script>\n<!-- \/ Yoast SEO plugin. -->","yoast_head_json":{"title":"Objednejte Advair Diskus Generic Inhaler bez receptu za n\u00edzkou cenu | Eurorxdrugs","description":"Kupte Advair Diskus Generic Inhaler nyn\u00ed! Origin\u00e1ln\u00ed l\u00e9ky a rychl\u00e9 doru\u010den\u00ed v cen\u011b. 100% diskr\u00e9tn\u00ed a d\u016fv\u011brn\u00fd servis pro v\u0161echny na\u0161e z\u00e1kazn\u00edky na Eurorxdrugs","robots":{"index":"index","follow":"follow","max-snippet":"max-snippet:-1","max-image-preview":"max-image-preview:large","max-video-preview":"max-video-preview:-1"},"canonical":"https:\/\/eurorxdrugs.cc\/cs\/product\/advair-diskus-generic-inhaler\/","og_locale":"cs_CZ","og_type":"article","og_title":"Objednejte Advair Diskus Generic Inhaler bez receptu za n\u00edzkou cenu | Eurorxdrugs","og_description":"Kupte Advair Diskus Generic Inhaler nyn\u00ed! Origin\u00e1ln\u00ed l\u00e9ky a rychl\u00e9 doru\u010den\u00ed v cen\u011b. 100% diskr\u00e9tn\u00ed a d\u016fv\u011brn\u00fd servis pro v\u0161echny na\u0161e z\u00e1kazn\u00edky na Eurorxdrugs","og_url":"https:\/\/eurorxdrugs.cc\/cs\/product\/advair-diskus-generic-inhaler\/","og_site_name":"eurorxdrugs","article_modified_time":"2024-10-26T12:17:13+00:00","og_image":[{"width":270,"height":300,"url":"https:\/\/eurorxdrugs.cc\/cs\/wp-content\/uploads\/2024\/09\/393-min.jpg","type":"image\/jpeg"}],"twitter_card":"summary_large_image","twitter_misc":{"Odhadovan\u00e1 doba \u010dten\u00ed":"3 minuty"},"schema":{"@context":"https:\/\/schema.org","@graph":[{"@type":"WebPage","@id":"https:\/\/eurorxdrugs.cc\/cs\/product\/advair-diskus-generic-inhaler\/","url":"https:\/\/eurorxdrugs.cc\/cs\/product\/advair-diskus-generic-inhaler\/","name":"Objednejte Advair Diskus Generic Inhaler bez receptu za n\u00edzkou cenu | Eurorxdrugs","isPartOf":{"@id":"https:\/\/eurorxdrugs.cc\/cs\/#website"},"datePublished":"2024-09-11T11:09:57+00:00","dateModified":"2024-10-26T12:17:13+00:00","description":"Kupte Advair Diskus Generic Inhaler nyn\u00ed! Origin\u00e1ln\u00ed l\u00e9ky a rychl\u00e9 doru\u010den\u00ed v cen\u011b. 100% diskr\u00e9tn\u00ed a d\u016fv\u011brn\u00fd servis pro v\u0161echny na\u0161e z\u00e1kazn\u00edky na Eurorxdrugs","breadcrumb":{"@id":"https:\/\/eurorxdrugs.cc\/cs\/product\/advair-diskus-generic-inhaler\/#breadcrumb"},"inLanguage":"cs","potentialAction":[{"@type":"ReadAction","target":["https:\/\/eurorxdrugs.cc\/cs\/product\/advair-diskus-generic-inhaler\/"]}]},{"@type":"BreadcrumbList","@id":"https:\/\/eurorxdrugs.cc\/cs\/product\/advair-diskus-generic-inhaler\/#breadcrumb","itemListElement":[{"@type":"ListItem","position":1,"name":"Home","item":"https:\/\/eurorxdrugs.cc\/cs\/"},{"@type":"ListItem","position":2,"name":"Products","item":"https:\/\/eurorxdrugs.cc\/cs\/shop\/"},{"@type":"ListItem","position":3,"name":"Advair Diskus Generic Inhaler"}]},{"@type":"WebSite","@id":"https:\/\/eurorxdrugs.cc\/cs\/#website","url":"https:\/\/eurorxdrugs.cc\/cs\/","name":"eurorxdrugs","description":"","publisher":{"@id":"https:\/\/eurorxdrugs.cc\/cs\/#organization"},"potentialAction":[{"@type":"SearchAction","target":{"@type":"EntryPoint","urlTemplate":"https:\/\/eurorxdrugs.cc\/cs\/?s={search_term_string}"},"query-input":"required name=search_term_string"}],"inLanguage":"cs"},{"@type":"Organization","@id":"https:\/\/eurorxdrugs.cc\/cs\/#organization","name":"eurorxdrugs","url":"https:\/\/eurorxdrugs.cc\/cs\/","logo":{"@type":"ImageObject","inLanguage":"cs","@id":"https:\/\/eurorxdrugs.cc\/cs\/#\/schema\/logo\/image\/","url":"https:\/\/eurorxdrugs.cc\/cs\/wp-content\/uploads\/2024\/09\/logo-1-1.png","contentUrl":"https:\/\/eurorxdrugs.cc\/cs\/wp-content\/uploads\/2024\/09\/logo-1-1.png","width":233,"height":54,"caption":"eurorxdrugs"},"image":{"@id":"https:\/\/eurorxdrugs.cc\/cs\/#\/schema\/logo\/image\/"}}]}},"_links":{"self":[{"href":"https:\/\/eurorxdrugs.cc\/cs\/wp-json\/wp\/v2\/product\/2895","targetHints":{"allow":["GET"]}}],"collection":[{"href":"https:\/\/eurorxdrugs.cc\/cs\/wp-json\/wp\/v2\/product"}],"about":[{"href":"https:\/\/eurorxdrugs.cc\/cs\/wp-json\/wp\/v2\/types\/product"}],"replies":[{"embeddable":true,"href":"https:\/\/eurorxdrugs.cc\/cs\/wp-json\/wp\/v2\/comments?post=2895"}],"wp:featuredmedia":[{"embeddable":true,"href":"https:\/\/eurorxdrugs.cc\/cs\/wp-json\/wp\/v2\/media\/2896"}],"wp:attachment":[{"href":"https:\/\/eurorxdrugs.cc\/cs\/wp-json\/wp\/v2\/media?parent=2895"}],"wp:term":[{"taxonomy":"product_cat","embeddable":true,"href":"https:\/\/eurorxdrugs.cc\/cs\/wp-json\/wp\/v2\/product_cat?post=2895"},{"taxonomy":"product_tag","embeddable":true,"href":"https:\/\/eurorxdrugs.cc\/cs\/wp-json\/wp\/v2\/product_tag?post=2895"}],"curies":[{"name":"wp","href":"https:\/\/api.w.org\/{rel}","templated":true}]}}