{"id":2945,"date":"2024-09-11T11:57:11","date_gmt":"2024-09-11T11:57:11","guid":{"rendered":"https:\/\/eurorxdrugs.cc\/cs\/?post_type=product&#038;p=2945"},"modified":"2024-10-26T12:16:29","modified_gmt":"2024-10-26T12:16:29","slug":"albuterol-generic-inhaler-200-md","status":"publish","type":"product","link":"https:\/\/eurorxdrugs.cc\/cs\/product\/albuterol-generic-inhaler-200-md\/","title":{"rendered":"Albuterol Generic inhaler 200 MD"},"content":{"rendered":"<div class=\"pro-description_content\">\n<div><b>Common use<\/b><\/div>\n<div>\u00a0 \u00a0 \u00a0 \u00a0 Albuterol is a bronchodilator that relaxes muscles in the airways and increases airflow to the lungs. Albuterol is used to treat or prevent bronchospasm in people with reversible obstructive airway disease. It is also used to prevent exercise-induced bronchospasm.<\/div>\n<div><\/div>\n<div><b>Dosage and direction<\/b><\/div>\n<div>\u00a0 \u00a0 \u00a0 \u00a0 Use Albuterol\u00a0 exactly as it was prescribed for you. Do not use the medication in larger amounts, or use it for longer than recommended by your doctor.<\/div>\n<div><\/div>\n<div><b>Precautions<\/b><\/div>\n<div>\u00a0 \u00a0 \u00a0 \u00a0 When using the inhaler device for the first time, prime it by spraying 4 test sprays into the air, away from your face. Shake well before priming. Also prime the inhaler if you have not used it for 2 weeks or longer, or if you have dropped the inhaler.<\/div>\n<div><\/div>\n<div><b>Contraindications<\/b><\/div>\n<div>\u00a0 \u00a0 \u00a0 \u00a0 You should not use Albuterol if you are allergic to salbutamol. If you have certain conditions, you may need a dose adjustment or special tests to safely use this medication. Before using Albuterol , tell your doctor if you have: heart disease, high blood pressure, or congestive heart failure; a heart rhythm disorder; a seizure disorder such as epilepsy; diabetes; or overactive thyroid. Tell your doctor if you are pregnant or plan to become pregnant during treatment. It is not known whether salbutamol passes into breast milk or if it could harm a nursing baby.<\/div>\n<div><\/div>\n<div><b>Possible side effects<\/b><\/div>\n<div>\u00a0 \u00a0 \u00a0 \u00a0 Stop using Albuterol and get emergency medical help if you have any of these signs of an allergic reaction:<\/div>\n<div>\u2022 hives;<\/div>\n<div>\u2022 difficulty breathing;<\/div>\n<div>\u2022 swelling of your face, lips, tongue, or throat<\/div>\n<div><\/div>\n<div>\u00a0<b>Call your doctor at once if you have a serious side effect such as:<\/b><\/div>\n<div>\u2022 bronchospasm (wheezing, chest tightness, trouble breathing), especially after starting a new canister of this medicine;<\/div>\n<div>\u2022 chest pain and fast, pounding, or uneven heartbeats;<\/div>\n<div>\u2022 tremor, nervousness; low potassium (confusion, uneven heart rate, extreme thirst, increased urination, leg discomfort, muscle weakness or limp feeling);<\/div>\n<div>\u2022 or dangerously high blood pressure (severe headache, blurred vision, buzzing in your ears, anxiety, confusion, chest pain, shortness of breath, uneven heartbeats, seizure).<\/div>\n<div><\/div>\n<div><b>\u00a0Less serious Albuterol side effects may include:<\/b><\/div>\n<div>\u2022 headache, dizziness, nervousness; sleep problems (insomnia);<\/div>\n<div>\u2022 cough, hoarseness, sore throat, runny or stuffy nose;<\/div>\n<div>\u2022 dry mouth and throat;<\/div>\n<div>\u2022 muscle pain;<\/div>\n<div>\u2022 or diarrhoea.<\/div>\n<div><\/div>\n<div><b>Drug interaction<\/b><\/div>\n<div>\u00a0 \u00a0 \u00a0 \u00a0 Before using this medication, tell your doctor if you are taking any of the following medicines: a diuretic (water pill); digoxin (digitalis, Lanoxin); a beta-blocker such as atenolol (Tenormin), metoprolol (Lopressor), propranolol (Inderal), and others; an antidepressant such as amitriptyline (Elavil, Etrafon), doxepin (Sinequan), imipramine (Janimine, Tofranil), nortriptyline (Pamelor), and others; an MAO inhibitor such as isocarboxazid (Marplan), phenelzine (Nardil), rasagiline (Azilect), selegiline (Eldepryl, Emsam), or tranylcypromine (Parnate); or other bronchodilators such as levalbuterol (Xopenex), bitolterol (Tornalate), pirbuterol (Maxair), terbutaline (Brethine, Bricanyl), salmeterol (Serevent), Slitherine (Bronkometer), metaproterenol (Alupent, Metal), or isoproterenol (Isuprel Mistometer). Tell your doctor about all the prescription and over-the-counter medications you use. This includes vitamins, minerals, herbal products, and drugs prescribed by other doctors.<\/div>\n<div><b>\u00a0<\/b><\/div>\n<div><b>Missed dose<\/b><\/div>\n<div>\u00a0 \u00a0 \u00a0 \u00a0 Use the medication as soon as you remember. If it is almost time for the next dose, skip the missed dose and use the medicine at the next regularly scheduled time. Do not use extra medicine to make up the missed dose.<\/div>\n<div><\/div>\n<div><b>Overdose<\/b><\/div>\n<div>\u00a0 \u00a0 \u00a0 \u00a0 Seek emergency medical attention if you think you have used too much of this medicine. An overdose of salbutamol can be fatal. Overdose symptoms may include nervousness, headache, tremor, dry mouth, chest pain or heavy feeling, rapid or uneven heart rate, pain spreading to the arm or shoulder, nausea, sweating, dizziness, seizure (convulsions), feeling light-headed or fainting.<\/div>\n<div><\/div>\n<div><b>Storage<\/b><\/div>\n<div>\u00a0 \u00a0 \u00a0 \u00a0 Store Albuterol\u00a0 at room temperature away from moisture and heat. Extreme heat can cause the medicine canister to burst. Do not store it in your car on hot days. Do not throw an empty canister into open flame.<\/div>\n<div><\/div>\n<\/div>\n<div class=\"pro-description_comment\">\n<div class=\"pro-description_comment_img\"><\/div>\n<\/div>\n","protected":false},"excerpt":{"rendered":"<div><b>Commercial Name:<\/b>\u00a0Generic Albuterol 200 MD<\/div>\n<div><b>Active Ingredient:<\/b>\u00a0Albuterol<\/div>\n<div><b>Production form:<\/b>\u00a0Inhaler<\/div>\n<div><b>Utilization:<\/b>\u00a0Used to relieve symptoms of asthma, to treat patients with chronic obstructive bronchitis. It works relaxing muscles of bronchi and widening the airways<\/div>\n<div><b>Available Dosage:<\/b>\u00a0100mcg<\/div>\n","protected":false},"featured_media":2946,"comment_status":"open","ping_status":"closed","template":"","meta":[],"product_cat":[97,26],"product_tag":[],"class_list":{"0":"post-2945","1":"product","2":"type-product","3":"status-publish","4":"has-post-thumbnail","6":"product_cat-antiasthmatika","7":"product_cat-asthma-relief-management","9":"first","10":"instock","11":"shipping-taxable","12":"product-type-grouped"},"yoast_head":"<!-- This site is optimized with the Yoast SEO plugin v20.0 - https:\/\/yoast.com\/wordpress\/plugins\/seo\/ -->\n<title>Objednejte Albuterol Generic inhaler 200 MD bez receptu za n\u00edzkou cenu | Eurorxdrugs<\/title>\n<meta name=\"description\" content=\"Kupte Albuterol Generic inhaler 200 MD nyn\u00ed! Origin\u00e1ln\u00ed l\u00e9ky a rychl\u00e9 doru\u010den\u00ed v cen\u011b. 100% diskr\u00e9tn\u00ed a d\u016fv\u011brn\u00fd servis pro v\u0161echny na\u0161e z\u00e1kazn\u00edky na Eurorxdrugs\" \/>\n<meta name=\"robots\" content=\"index, follow, max-snippet:-1, max-image-preview:large, max-video-preview:-1\" \/>\n<link rel=\"canonical\" href=\"https:\/\/eurorxdrugs.cc\/cs\/product\/albuterol-generic-inhaler-200-md\/\" \/>\n<meta property=\"og:locale\" content=\"cs_CZ\" \/>\n<meta property=\"og:type\" content=\"article\" \/>\n<meta property=\"og:title\" content=\"Objednejte Albuterol Generic inhaler 200 MD bez receptu za n\u00edzkou cenu | Eurorxdrugs\" \/>\n<meta property=\"og:description\" content=\"Kupte Albuterol Generic inhaler 200 MD nyn\u00ed! Origin\u00e1ln\u00ed l\u00e9ky a rychl\u00e9 doru\u010den\u00ed v cen\u011b. 100% diskr\u00e9tn\u00ed a d\u016fv\u011brn\u00fd servis pro v\u0161echny na\u0161e z\u00e1kazn\u00edky na Eurorxdrugs\" \/>\n<meta property=\"og:url\" content=\"https:\/\/eurorxdrugs.cc\/cs\/product\/albuterol-generic-inhaler-200-md\/\" \/>\n<meta property=\"og:site_name\" content=\"eurorxdrugs\" \/>\n<meta property=\"article:modified_time\" content=\"2024-10-26T12:16:29+00:00\" \/>\n<meta property=\"og:image\" content=\"https:\/\/eurorxdrugs.cc\/cs\/wp-content\/uploads\/2024\/09\/368-min.jpg\" \/>\n\t<meta property=\"og:image:width\" content=\"270\" \/>\n\t<meta property=\"og:image:height\" content=\"300\" \/>\n\t<meta property=\"og:image:type\" content=\"image\/jpeg\" \/>\n<meta name=\"twitter:card\" content=\"summary_large_image\" \/>\n<meta name=\"twitter:label1\" content=\"Odhadovan\u00e1 doba \u010dten\u00ed\" \/>\n\t<meta name=\"twitter:data1\" content=\"3 minuty\" \/>\n<script type=\"application\/ld+json\" class=\"yoast-schema-graph\">{\"@context\":\"https:\/\/schema.org\",\"@graph\":[{\"@type\":\"WebPage\",\"@id\":\"https:\/\/eurorxdrugs.cc\/cs\/product\/albuterol-generic-inhaler-200-md\/\",\"url\":\"https:\/\/eurorxdrugs.cc\/cs\/product\/albuterol-generic-inhaler-200-md\/\",\"name\":\"Objednejte Albuterol Generic inhaler 200 MD bez receptu za n\u00edzkou cenu | Eurorxdrugs\",\"isPartOf\":{\"@id\":\"https:\/\/eurorxdrugs.cc\/cs\/#website\"},\"datePublished\":\"2024-09-11T11:57:11+00:00\",\"dateModified\":\"2024-10-26T12:16:29+00:00\",\"description\":\"Kupte Albuterol Generic inhaler 200 MD nyn\u00ed! Origin\u00e1ln\u00ed l\u00e9ky a rychl\u00e9 doru\u010den\u00ed v cen\u011b. 100% diskr\u00e9tn\u00ed a d\u016fv\u011brn\u00fd servis pro v\u0161echny na\u0161e z\u00e1kazn\u00edky na Eurorxdrugs\",\"breadcrumb\":{\"@id\":\"https:\/\/eurorxdrugs.cc\/cs\/product\/albuterol-generic-inhaler-200-md\/#breadcrumb\"},\"inLanguage\":\"cs\",\"potentialAction\":[{\"@type\":\"ReadAction\",\"target\":[\"https:\/\/eurorxdrugs.cc\/cs\/product\/albuterol-generic-inhaler-200-md\/\"]}]},{\"@type\":\"BreadcrumbList\",\"@id\":\"https:\/\/eurorxdrugs.cc\/cs\/product\/albuterol-generic-inhaler-200-md\/#breadcrumb\",\"itemListElement\":[{\"@type\":\"ListItem\",\"position\":1,\"name\":\"Home\",\"item\":\"https:\/\/eurorxdrugs.cc\/cs\/\"},{\"@type\":\"ListItem\",\"position\":2,\"name\":\"Products\",\"item\":\"https:\/\/eurorxdrugs.cc\/cs\/shop\/\"},{\"@type\":\"ListItem\",\"position\":3,\"name\":\"Albuterol Generic inhaler 200 MD\"}]},{\"@type\":\"WebSite\",\"@id\":\"https:\/\/eurorxdrugs.cc\/cs\/#website\",\"url\":\"https:\/\/eurorxdrugs.cc\/cs\/\",\"name\":\"eurorxdrugs\",\"description\":\"\",\"publisher\":{\"@id\":\"https:\/\/eurorxdrugs.cc\/cs\/#organization\"},\"potentialAction\":[{\"@type\":\"SearchAction\",\"target\":{\"@type\":\"EntryPoint\",\"urlTemplate\":\"https:\/\/eurorxdrugs.cc\/cs\/?s={search_term_string}\"},\"query-input\":\"required name=search_term_string\"}],\"inLanguage\":\"cs\"},{\"@type\":\"Organization\",\"@id\":\"https:\/\/eurorxdrugs.cc\/cs\/#organization\",\"name\":\"eurorxdrugs\",\"url\":\"https:\/\/eurorxdrugs.cc\/cs\/\",\"logo\":{\"@type\":\"ImageObject\",\"inLanguage\":\"cs\",\"@id\":\"https:\/\/eurorxdrugs.cc\/cs\/#\/schema\/logo\/image\/\",\"url\":\"https:\/\/eurorxdrugs.cc\/cs\/wp-content\/uploads\/2024\/09\/logo-1-1.png\",\"contentUrl\":\"https:\/\/eurorxdrugs.cc\/cs\/wp-content\/uploads\/2024\/09\/logo-1-1.png\",\"width\":233,\"height\":54,\"caption\":\"eurorxdrugs\"},\"image\":{\"@id\":\"https:\/\/eurorxdrugs.cc\/cs\/#\/schema\/logo\/image\/\"}}]}<\/script>\n<!-- \/ Yoast SEO plugin. -->","yoast_head_json":{"title":"Objednejte Albuterol Generic inhaler 200 MD bez receptu za n\u00edzkou cenu | Eurorxdrugs","description":"Kupte Albuterol Generic inhaler 200 MD nyn\u00ed! Origin\u00e1ln\u00ed l\u00e9ky a rychl\u00e9 doru\u010den\u00ed v cen\u011b. 100% diskr\u00e9tn\u00ed a d\u016fv\u011brn\u00fd servis pro v\u0161echny na\u0161e z\u00e1kazn\u00edky na Eurorxdrugs","robots":{"index":"index","follow":"follow","max-snippet":"max-snippet:-1","max-image-preview":"max-image-preview:large","max-video-preview":"max-video-preview:-1"},"canonical":"https:\/\/eurorxdrugs.cc\/cs\/product\/albuterol-generic-inhaler-200-md\/","og_locale":"cs_CZ","og_type":"article","og_title":"Objednejte Albuterol Generic inhaler 200 MD bez receptu za n\u00edzkou cenu | Eurorxdrugs","og_description":"Kupte Albuterol Generic inhaler 200 MD nyn\u00ed! Origin\u00e1ln\u00ed l\u00e9ky a rychl\u00e9 doru\u010den\u00ed v cen\u011b. 100% diskr\u00e9tn\u00ed a d\u016fv\u011brn\u00fd servis pro v\u0161echny na\u0161e z\u00e1kazn\u00edky na Eurorxdrugs","og_url":"https:\/\/eurorxdrugs.cc\/cs\/product\/albuterol-generic-inhaler-200-md\/","og_site_name":"eurorxdrugs","article_modified_time":"2024-10-26T12:16:29+00:00","og_image":[{"width":270,"height":300,"url":"https:\/\/eurorxdrugs.cc\/cs\/wp-content\/uploads\/2024\/09\/368-min.jpg","type":"image\/jpeg"}],"twitter_card":"summary_large_image","twitter_misc":{"Odhadovan\u00e1 doba \u010dten\u00ed":"3 minuty"},"schema":{"@context":"https:\/\/schema.org","@graph":[{"@type":"WebPage","@id":"https:\/\/eurorxdrugs.cc\/cs\/product\/albuterol-generic-inhaler-200-md\/","url":"https:\/\/eurorxdrugs.cc\/cs\/product\/albuterol-generic-inhaler-200-md\/","name":"Objednejte Albuterol Generic inhaler 200 MD bez receptu za n\u00edzkou cenu | Eurorxdrugs","isPartOf":{"@id":"https:\/\/eurorxdrugs.cc\/cs\/#website"},"datePublished":"2024-09-11T11:57:11+00:00","dateModified":"2024-10-26T12:16:29+00:00","description":"Kupte Albuterol Generic inhaler 200 MD nyn\u00ed! Origin\u00e1ln\u00ed l\u00e9ky a rychl\u00e9 doru\u010den\u00ed v cen\u011b. 100% diskr\u00e9tn\u00ed a d\u016fv\u011brn\u00fd servis pro v\u0161echny na\u0161e z\u00e1kazn\u00edky na Eurorxdrugs","breadcrumb":{"@id":"https:\/\/eurorxdrugs.cc\/cs\/product\/albuterol-generic-inhaler-200-md\/#breadcrumb"},"inLanguage":"cs","potentialAction":[{"@type":"ReadAction","target":["https:\/\/eurorxdrugs.cc\/cs\/product\/albuterol-generic-inhaler-200-md\/"]}]},{"@type":"BreadcrumbList","@id":"https:\/\/eurorxdrugs.cc\/cs\/product\/albuterol-generic-inhaler-200-md\/#breadcrumb","itemListElement":[{"@type":"ListItem","position":1,"name":"Home","item":"https:\/\/eurorxdrugs.cc\/cs\/"},{"@type":"ListItem","position":2,"name":"Products","item":"https:\/\/eurorxdrugs.cc\/cs\/shop\/"},{"@type":"ListItem","position":3,"name":"Albuterol Generic inhaler 200 MD"}]},{"@type":"WebSite","@id":"https:\/\/eurorxdrugs.cc\/cs\/#website","url":"https:\/\/eurorxdrugs.cc\/cs\/","name":"eurorxdrugs","description":"","publisher":{"@id":"https:\/\/eurorxdrugs.cc\/cs\/#organization"},"potentialAction":[{"@type":"SearchAction","target":{"@type":"EntryPoint","urlTemplate":"https:\/\/eurorxdrugs.cc\/cs\/?s={search_term_string}"},"query-input":"required name=search_term_string"}],"inLanguage":"cs"},{"@type":"Organization","@id":"https:\/\/eurorxdrugs.cc\/cs\/#organization","name":"eurorxdrugs","url":"https:\/\/eurorxdrugs.cc\/cs\/","logo":{"@type":"ImageObject","inLanguage":"cs","@id":"https:\/\/eurorxdrugs.cc\/cs\/#\/schema\/logo\/image\/","url":"https:\/\/eurorxdrugs.cc\/cs\/wp-content\/uploads\/2024\/09\/logo-1-1.png","contentUrl":"https:\/\/eurorxdrugs.cc\/cs\/wp-content\/uploads\/2024\/09\/logo-1-1.png","width":233,"height":54,"caption":"eurorxdrugs"},"image":{"@id":"https:\/\/eurorxdrugs.cc\/cs\/#\/schema\/logo\/image\/"}}]}},"_links":{"self":[{"href":"https:\/\/eurorxdrugs.cc\/cs\/wp-json\/wp\/v2\/product\/2945","targetHints":{"allow":["GET"]}}],"collection":[{"href":"https:\/\/eurorxdrugs.cc\/cs\/wp-json\/wp\/v2\/product"}],"about":[{"href":"https:\/\/eurorxdrugs.cc\/cs\/wp-json\/wp\/v2\/types\/product"}],"replies":[{"embeddable":true,"href":"https:\/\/eurorxdrugs.cc\/cs\/wp-json\/wp\/v2\/comments?post=2945"}],"wp:featuredmedia":[{"embeddable":true,"href":"https:\/\/eurorxdrugs.cc\/cs\/wp-json\/wp\/v2\/media\/2946"}],"wp:attachment":[{"href":"https:\/\/eurorxdrugs.cc\/cs\/wp-json\/wp\/v2\/media?parent=2945"}],"wp:term":[{"taxonomy":"product_cat","embeddable":true,"href":"https:\/\/eurorxdrugs.cc\/cs\/wp-json\/wp\/v2\/product_cat?post=2945"},{"taxonomy":"product_tag","embeddable":true,"href":"https:\/\/eurorxdrugs.cc\/cs\/wp-json\/wp\/v2\/product_tag?post=2945"}],"curies":[{"name":"wp","href":"https:\/\/api.w.org\/{rel}","templated":true}]}}