{"id":3053,"date":"2024-09-12T17:08:23","date_gmt":"2024-09-12T17:08:23","guid":{"rendered":"https:\/\/eurorxdrugs.cc\/cs\/?post_type=product&#038;p=3053"},"modified":"2024-09-12T17:24:52","modified_gmt":"2024-09-12T17:24:52","slug":"amaryl-glimepiride","status":"publish","type":"product","link":"https:\/\/eurorxdrugs.cc\/cs\/product\/amaryl-glimepiride\/","title":{"rendered":"Amaryl (Glimepiride)"},"content":{"rendered":"<div class=\"pro-description_content\">\n<h2><b>What is Amaryl?<\/b><\/h2>\n<p>Amaryl (glimepiride) is an oral diabetes medication that helps control blood sugar levels. It is used in combination with diet and exercise to treat type 2 diabetes. Amaryl may also be used for purposes not listed in this medication guide.<\/p>\n<h3><b>Important Information<\/b><\/h3>\n<p>Do not use Amaryl if you are in a state of diabetic ketoacidosis (contact your doctor for insulin treatment).<\/p>\n<p>Before using Amaryl, tell your doctor if you are allergic to sulfa drugs, or if you have heart disease, liver disease, kidney disease, an enzyme deficiency (G6PD), adrenal or pituitary problems, or if you are malnourished.<\/p>\n<p>Make sure not to let your blood sugar get too low.<\/p>\n<h3><b>Before Using This Medication<\/b><\/h3>\n<ul>\n<li>You should not use Amaryl if you are allergic to glimepiride, or if you are in a state of diabetic ketoacidosis (contact your doctor for insulin treatment).<\/li>\n<li>To ensure Amaryl is safe for you, tell your doctor if you have:<\/li>\n<li>It is not known if Amaryl will harm an unborn baby.<\/li>\n<li>It is not known if glimepiride passes into breast milk or if it could harm a nursing baby.<\/li>\n<\/ul>\n<h3><b>How to Take Amaryl<\/b><\/h3>\n<ul>\n<li>Take Amaryl exactly as prescribed by your doctor.<\/li>\n<li>Amaryl is usually taken once a day with breakfast or the first main meal of the day.<\/li>\n<li>Your blood sugar will need to be checked frequently, and you may need other blood tests at your doctor\u2019s office.<\/li>\n<li>Low blood sugar (hypoglycemia) can happen to anyone with diabetes.<\/li>\n<li>If you have severe hypoglycemia and cannot eat or drink, use a glucagon injection.<\/li>\n<li>Monitor your blood sugar carefully during times of stress, travel, illness, surgery or medical emergencies, intense exercise, or if you drink alcohol or skip meals.<\/li>\n<li>Amaryl is just one part of a treatment program that may also include diet, exercise, weight control, blood sugar testing, and special medical care.<\/li>\n<li>Store at room temperature away from moisture and heat.<\/li>\n<\/ul>\n<h3><b>What If I Miss a Dose?<\/b><\/h3>\n<p>Take the missed dose as soon as you remember it.<\/p>\n<h3><b>What If I Overdose?<\/b><\/h3>\n<p>Symptoms of severe hypoglycemia include:<\/p>\n<ul>\n<li>Extreme weakness<\/li>\n<li>Confusion<\/li>\n<li>Tremors<\/li>\n<li>Sweating<\/li>\n<li>Rapid heartbeat<\/li>\n<li>Difficulty speaking<\/li>\n<li>Nausea<\/li>\n<li>Vomiting<\/li>\n<li>Rapid breathing<\/li>\n<li>Fainting<\/li>\n<li>Seizures<\/li>\n<\/ul>\n<h3><b>What to Avoid While Taking Amaryl<\/b><\/h3>\n<ul>\n<li>If you also take colesevelam, avoid taking it within 4 hours after taking Amaryl.<\/li>\n<li>Avoid drinking alcohol.<\/li>\n<li>Avoid exposure to sunlight or tanning beds.<\/li>\n<\/ul>\n<\/div>\n<div class=\"pro-description_comment\">\n<div class=\"pro-description_comment_img\"><\/div>\n<div class=\"pro-description_comment_text\">By\u00a0<a class=\"pro-description_comment_text_link\" href=\"https:\/\/eurorxdrugs.cc\/cs\/about-us\/\">Cathy Wong<\/a>\u00a0| Claudia Chaves, MD\u00a0<a class=\"pro-description_comment_text_link\" href=\"https:\/\/eurorxdrugs.cc\/cs\/about-us\/\">Medically reviewed by<\/a><\/div>\n<div class=\"pro-description_comment_bottom\">\n<div class=\"pro-description_comment_bottom_data\">\u00a0Updated on 12.09.2024<\/div>\n<\/div>\n<\/div>\n","protected":false},"excerpt":{"rendered":"<div><b>Commercial Name:<\/b>\u00a0Amaryl<\/div>\n<div><b>Active Ingredient:<\/b>\u00a0Glimepiride<\/div>\n<div><b>Production form:<\/b>\u00a0Pills<\/div>\n<div><b>Utilization:<\/b>\u00a0Amaryl is an oral blood sugar-lowering drug that belongs to the class of sulfonylureas<\/div>\n<div><b>Available Dosage:<\/b>\u00a02mg and 4mg<\/div>\n","protected":false},"featured_media":3054,"comment_status":"open","ping_status":"closed","template":"","meta":[],"product_cat":[31],"product_tag":[],"class_list":{"0":"post-3053","1":"product","2":"type-product","3":"status-publish","4":"has-post-thumbnail","6":"product_cat-diabetes","8":"first","9":"instock","10":"shipping-taxable","11":"product-type-grouped"},"yoast_head":"<!-- This site is optimized with the Yoast SEO plugin v20.0 - https:\/\/yoast.com\/wordpress\/plugins\/seo\/ -->\n<title>Objednejte Amaryl (Glimepiride) bez receptu za n\u00edzkou cenu | Eurorxdrugs<\/title>\n<meta name=\"description\" content=\"Kupte Amaryl (Glimepiride) nyn\u00ed! Origin\u00e1ln\u00ed l\u00e9ky a rychl\u00e9 doru\u010den\u00ed v cen\u011b. 100% diskr\u00e9tn\u00ed a d\u016fv\u011brn\u00fd servis pro v\u0161echny na\u0161e z\u00e1kazn\u00edky na Eurorxdrugs\" \/>\n<meta name=\"robots\" content=\"index, follow, max-snippet:-1, max-image-preview:large, max-video-preview:-1\" \/>\n<link rel=\"canonical\" href=\"https:\/\/eurorxdrugs.cc\/cs\/product\/amaryl-glimepiride\/\" \/>\n<meta property=\"og:locale\" content=\"cs_CZ\" \/>\n<meta property=\"og:type\" content=\"article\" \/>\n<meta property=\"og:title\" content=\"Objednejte Amaryl (Glimepiride) bez receptu za n\u00edzkou cenu | Eurorxdrugs\" \/>\n<meta property=\"og:description\" content=\"Kupte Amaryl (Glimepiride) nyn\u00ed! Origin\u00e1ln\u00ed l\u00e9ky a rychl\u00e9 doru\u010den\u00ed v cen\u011b. 100% diskr\u00e9tn\u00ed a d\u016fv\u011brn\u00fd servis pro v\u0161echny na\u0161e z\u00e1kazn\u00edky na Eurorxdrugs\" \/>\n<meta property=\"og:url\" content=\"https:\/\/eurorxdrugs.cc\/cs\/product\/amaryl-glimepiride\/\" \/>\n<meta property=\"og:site_name\" content=\"eurorxdrugs\" \/>\n<meta property=\"article:modified_time\" content=\"2024-09-12T17:24:52+00:00\" \/>\n<meta property=\"og:image\" content=\"https:\/\/eurorxdrugs.cc\/cs\/wp-content\/uploads\/2024\/09\/184-min.jpg\" \/>\n\t<meta property=\"og:image:width\" content=\"270\" \/>\n\t<meta property=\"og:image:height\" content=\"300\" \/>\n\t<meta property=\"og:image:type\" content=\"image\/jpeg\" \/>\n<meta name=\"twitter:card\" content=\"summary_large_image\" \/>\n<meta name=\"twitter:label1\" content=\"Odhadovan\u00e1 doba \u010dten\u00ed\" \/>\n\t<meta name=\"twitter:data1\" content=\"2 minuty\" \/>\n<script type=\"application\/ld+json\" class=\"yoast-schema-graph\">{\"@context\":\"https:\/\/schema.org\",\"@graph\":[{\"@type\":\"WebPage\",\"@id\":\"https:\/\/eurorxdrugs.cc\/cs\/product\/amaryl-glimepiride\/\",\"url\":\"https:\/\/eurorxdrugs.cc\/cs\/product\/amaryl-glimepiride\/\",\"name\":\"Objednejte Amaryl (Glimepiride) bez receptu za n\u00edzkou cenu | Eurorxdrugs\",\"isPartOf\":{\"@id\":\"https:\/\/eurorxdrugs.cc\/cs\/#website\"},\"datePublished\":\"2024-09-12T17:08:23+00:00\",\"dateModified\":\"2024-09-12T17:24:52+00:00\",\"description\":\"Kupte Amaryl (Glimepiride) nyn\u00ed! Origin\u00e1ln\u00ed l\u00e9ky a rychl\u00e9 doru\u010den\u00ed v cen\u011b. 100% diskr\u00e9tn\u00ed a d\u016fv\u011brn\u00fd servis pro v\u0161echny na\u0161e z\u00e1kazn\u00edky na Eurorxdrugs\",\"breadcrumb\":{\"@id\":\"https:\/\/eurorxdrugs.cc\/cs\/product\/amaryl-glimepiride\/#breadcrumb\"},\"inLanguage\":\"cs\",\"potentialAction\":[{\"@type\":\"ReadAction\",\"target\":[\"https:\/\/eurorxdrugs.cc\/cs\/product\/amaryl-glimepiride\/\"]}]},{\"@type\":\"BreadcrumbList\",\"@id\":\"https:\/\/eurorxdrugs.cc\/cs\/product\/amaryl-glimepiride\/#breadcrumb\",\"itemListElement\":[{\"@type\":\"ListItem\",\"position\":1,\"name\":\"Home\",\"item\":\"https:\/\/eurorxdrugs.cc\/cs\/\"},{\"@type\":\"ListItem\",\"position\":2,\"name\":\"Products\",\"item\":\"https:\/\/eurorxdrugs.cc\/cs\/shop\/\"},{\"@type\":\"ListItem\",\"position\":3,\"name\":\"Amaryl (Glimepiride)\"}]},{\"@type\":\"WebSite\",\"@id\":\"https:\/\/eurorxdrugs.cc\/cs\/#website\",\"url\":\"https:\/\/eurorxdrugs.cc\/cs\/\",\"name\":\"eurorxdrugs\",\"description\":\"\",\"publisher\":{\"@id\":\"https:\/\/eurorxdrugs.cc\/cs\/#organization\"},\"potentialAction\":[{\"@type\":\"SearchAction\",\"target\":{\"@type\":\"EntryPoint\",\"urlTemplate\":\"https:\/\/eurorxdrugs.cc\/cs\/?s={search_term_string}\"},\"query-input\":\"required name=search_term_string\"}],\"inLanguage\":\"cs\"},{\"@type\":\"Organization\",\"@id\":\"https:\/\/eurorxdrugs.cc\/cs\/#organization\",\"name\":\"eurorxdrugs\",\"url\":\"https:\/\/eurorxdrugs.cc\/cs\/\",\"logo\":{\"@type\":\"ImageObject\",\"inLanguage\":\"cs\",\"@id\":\"https:\/\/eurorxdrugs.cc\/cs\/#\/schema\/logo\/image\/\",\"url\":\"https:\/\/eurorxdrugs.cc\/cs\/wp-content\/uploads\/2024\/09\/logo-1-1.png\",\"contentUrl\":\"https:\/\/eurorxdrugs.cc\/cs\/wp-content\/uploads\/2024\/09\/logo-1-1.png\",\"width\":233,\"height\":54,\"caption\":\"eurorxdrugs\"},\"image\":{\"@id\":\"https:\/\/eurorxdrugs.cc\/cs\/#\/schema\/logo\/image\/\"}}]}<\/script>\n<!-- \/ Yoast SEO plugin. -->","yoast_head_json":{"title":"Objednejte Amaryl (Glimepiride) bez receptu za n\u00edzkou cenu | Eurorxdrugs","description":"Kupte Amaryl (Glimepiride) nyn\u00ed! Origin\u00e1ln\u00ed l\u00e9ky a rychl\u00e9 doru\u010den\u00ed v cen\u011b. 100% diskr\u00e9tn\u00ed a d\u016fv\u011brn\u00fd servis pro v\u0161echny na\u0161e z\u00e1kazn\u00edky na Eurorxdrugs","robots":{"index":"index","follow":"follow","max-snippet":"max-snippet:-1","max-image-preview":"max-image-preview:large","max-video-preview":"max-video-preview:-1"},"canonical":"https:\/\/eurorxdrugs.cc\/cs\/product\/amaryl-glimepiride\/","og_locale":"cs_CZ","og_type":"article","og_title":"Objednejte Amaryl (Glimepiride) bez receptu za n\u00edzkou cenu | Eurorxdrugs","og_description":"Kupte Amaryl (Glimepiride) nyn\u00ed! Origin\u00e1ln\u00ed l\u00e9ky a rychl\u00e9 doru\u010den\u00ed v cen\u011b. 100% diskr\u00e9tn\u00ed a d\u016fv\u011brn\u00fd servis pro v\u0161echny na\u0161e z\u00e1kazn\u00edky na Eurorxdrugs","og_url":"https:\/\/eurorxdrugs.cc\/cs\/product\/amaryl-glimepiride\/","og_site_name":"eurorxdrugs","article_modified_time":"2024-09-12T17:24:52+00:00","og_image":[{"width":270,"height":300,"url":"https:\/\/eurorxdrugs.cc\/cs\/wp-content\/uploads\/2024\/09\/184-min.jpg","type":"image\/jpeg"}],"twitter_card":"summary_large_image","twitter_misc":{"Odhadovan\u00e1 doba \u010dten\u00ed":"2 minuty"},"schema":{"@context":"https:\/\/schema.org","@graph":[{"@type":"WebPage","@id":"https:\/\/eurorxdrugs.cc\/cs\/product\/amaryl-glimepiride\/","url":"https:\/\/eurorxdrugs.cc\/cs\/product\/amaryl-glimepiride\/","name":"Objednejte Amaryl (Glimepiride) bez receptu za n\u00edzkou cenu | Eurorxdrugs","isPartOf":{"@id":"https:\/\/eurorxdrugs.cc\/cs\/#website"},"datePublished":"2024-09-12T17:08:23+00:00","dateModified":"2024-09-12T17:24:52+00:00","description":"Kupte Amaryl (Glimepiride) nyn\u00ed! Origin\u00e1ln\u00ed l\u00e9ky a rychl\u00e9 doru\u010den\u00ed v cen\u011b. 100% diskr\u00e9tn\u00ed a d\u016fv\u011brn\u00fd servis pro v\u0161echny na\u0161e z\u00e1kazn\u00edky na Eurorxdrugs","breadcrumb":{"@id":"https:\/\/eurorxdrugs.cc\/cs\/product\/amaryl-glimepiride\/#breadcrumb"},"inLanguage":"cs","potentialAction":[{"@type":"ReadAction","target":["https:\/\/eurorxdrugs.cc\/cs\/product\/amaryl-glimepiride\/"]}]},{"@type":"BreadcrumbList","@id":"https:\/\/eurorxdrugs.cc\/cs\/product\/amaryl-glimepiride\/#breadcrumb","itemListElement":[{"@type":"ListItem","position":1,"name":"Home","item":"https:\/\/eurorxdrugs.cc\/cs\/"},{"@type":"ListItem","position":2,"name":"Products","item":"https:\/\/eurorxdrugs.cc\/cs\/shop\/"},{"@type":"ListItem","position":3,"name":"Amaryl (Glimepiride)"}]},{"@type":"WebSite","@id":"https:\/\/eurorxdrugs.cc\/cs\/#website","url":"https:\/\/eurorxdrugs.cc\/cs\/","name":"eurorxdrugs","description":"","publisher":{"@id":"https:\/\/eurorxdrugs.cc\/cs\/#organization"},"potentialAction":[{"@type":"SearchAction","target":{"@type":"EntryPoint","urlTemplate":"https:\/\/eurorxdrugs.cc\/cs\/?s={search_term_string}"},"query-input":"required name=search_term_string"}],"inLanguage":"cs"},{"@type":"Organization","@id":"https:\/\/eurorxdrugs.cc\/cs\/#organization","name":"eurorxdrugs","url":"https:\/\/eurorxdrugs.cc\/cs\/","logo":{"@type":"ImageObject","inLanguage":"cs","@id":"https:\/\/eurorxdrugs.cc\/cs\/#\/schema\/logo\/image\/","url":"https:\/\/eurorxdrugs.cc\/cs\/wp-content\/uploads\/2024\/09\/logo-1-1.png","contentUrl":"https:\/\/eurorxdrugs.cc\/cs\/wp-content\/uploads\/2024\/09\/logo-1-1.png","width":233,"height":54,"caption":"eurorxdrugs"},"image":{"@id":"https:\/\/eurorxdrugs.cc\/cs\/#\/schema\/logo\/image\/"}}]}},"_links":{"self":[{"href":"https:\/\/eurorxdrugs.cc\/cs\/wp-json\/wp\/v2\/product\/3053","targetHints":{"allow":["GET"]}}],"collection":[{"href":"https:\/\/eurorxdrugs.cc\/cs\/wp-json\/wp\/v2\/product"}],"about":[{"href":"https:\/\/eurorxdrugs.cc\/cs\/wp-json\/wp\/v2\/types\/product"}],"replies":[{"embeddable":true,"href":"https:\/\/eurorxdrugs.cc\/cs\/wp-json\/wp\/v2\/comments?post=3053"}],"wp:featuredmedia":[{"embeddable":true,"href":"https:\/\/eurorxdrugs.cc\/cs\/wp-json\/wp\/v2\/media\/3054"}],"wp:attachment":[{"href":"https:\/\/eurorxdrugs.cc\/cs\/wp-json\/wp\/v2\/media?parent=3053"}],"wp:term":[{"taxonomy":"product_cat","embeddable":true,"href":"https:\/\/eurorxdrugs.cc\/cs\/wp-json\/wp\/v2\/product_cat?post=3053"},{"taxonomy":"product_tag","embeddable":true,"href":"https:\/\/eurorxdrugs.cc\/cs\/wp-json\/wp\/v2\/product_tag?post=3053"}],"curies":[{"name":"wp","href":"https:\/\/api.w.org\/{rel}","templated":true}]}}