{"id":307,"date":"2024-09-06T17:50:41","date_gmt":"2024-09-06T17:50:41","guid":{"rendered":"https:\/\/eurorxdrugs.cc\/cs\/?post_type=product&#038;p=307"},"modified":"2024-09-06T17:55:56","modified_gmt":"2024-09-06T17:55:56","slug":"bactrim-trimethoprim","status":"publish","type":"product","link":"https:\/\/eurorxdrugs.cc\/cs\/product\/bactrim-trimethoprim\/","title":{"rendered":"Bactrim (Trimethoprim)"},"content":{"rendered":"<div><b>Common use<\/b><\/div>\n<div><\/div>\n<div>\u00a0 \u00a0 \u00a0 \u00a0 Bactrim consists of two medications: sulfamethoxazole and trimethoprim. The first inhibits synthesis of dihydrofolic acid (the substance important for human and bacterial metabolism) while the last blocks next stage of its biochemical cycle: formation of tetrahydrofolic acid which occurs only in microorganisms. This medication is effective against streptococci, staphylococci, pneumococci, bacillus dysentery, typhoid fever, E. coli, Proteus, and ineffective against Mycobacterium tuberculosis, spirochetes, Pseudomonas aeruginosa. Bactrim is applied in the treatment of pneumonia and other diseases of respiratory, gastrointestinal systems, urogenital systems caused by bacterial infections which develop after surgery and others.<\/div>\n<div><\/div>\n<div><b>Dosage and directions<\/b><\/div>\n<div>\u00a0 \u00a0 \u00a0 \u00a0 Bactrim can be taken two or three times a day with or without a meal. The dosage depends on the type and severity of the infection. Take with a glass of water. Patients with severe kidney failure require correction of Bactrim dosage.<\/div>\n<div><\/div>\n<div><b>Precautions<\/b><\/div>\n<div>\u00a0 \u00a0 \u00a0 \u00a0 Avoid exposure to sunlight or getting tanned. Antibiotic medicines can cause diarrhoea, inform your doctor if you have it can mask other infection. Warn your doctor if you suffer from asthma or have severe kidney or liver disorders.<\/div>\n<div><\/div>\n<div><b>Contraindications<\/b><\/div>\n<div>\u00a0 \u00a0 \u00a0 \u00a0 Do not take Bactrim if you are allergic to components of the medication, pregnant, breastfeeding, have anaemia caused by folic acid deficiency. This medication should not be administered to premature babies and newborns.<\/div>\n<div><\/div>\n<div><b>Possible side effect<\/b><\/div>\n<div>\u00a0 \u00a0 \u00a0 \u00a0 If you have such signs of allergic reaction as hives, difficulty breathing, swelling of your face, lips, tongue, or throat or more serious signs of poor health as fever, sore throat, and headache with a severe blistering, pale skin, easy bruising or bleeding, diarrhoea that is watery or bloody, hallucinations, slow heart rate, weak pulse, nausea, stomach pain, urinating less than usual or not at all then seek immediate medical attention.<\/div>\n<div><\/div>\n<div><b>Drug interaction<\/b><\/div>\n<div>\u00a0 \u00a0 \u00a0 \u00a0 Bactrim should be co-administered with dofetilide or methenamine. Bactrim is able to change effects of certain anti-diabetic medications, &#8222;blood thinners&#8220;, cyclosporine, digoxin, drugs which can increase potassium levels, live vaccines, tricyclic antidepressants, some &#8222;water pills&#8220; . So inform your doctor about all prescription and nonprescription\/herbal products you may use.<\/div>\n<div><\/div>\n<div><\/div>\n<div><b>Missed dose<\/b><\/div>\n<div>\u00a0 \u00a0 \u00a0 \u00a0 Never take a double dose of this medication. If it is almost time of the next dose just skip the missed portion and continue to take the medicine according to the schedule.<\/div>\n<div><\/div>\n<div><b>Overdose<\/b><\/div>\n<div>\u00a0 \u00a0 \u00a0 \u00a0 If you took too much of Bactrim you may feel dizziness, drowsiness, nausea, vomiting, loss of appetite, stomach pain, headache, yellowing of your skin or eyes, blood in your urine, fainting. In case of serious side effects seek for immediate medical help.<\/div>\n<div><\/div>\n<div><b>Storage<\/b><\/div>\n<div>Store at room temperature between 15-25 degrees C away from light and moisture, kids and pets.<\/div>\n","protected":false},"excerpt":{"rendered":"<div><b>Commercial Name:<\/b>\u00a0Bactrim<\/div>\n<div><b>Principal Ingredient:<\/b>\u00a0Trimethoprim\/sulfamethoxazole<\/div>\n<div><b>Production form:<\/b>\u00a0Pills<\/div>\n<div><b>Utilization:<\/b>\u00a0Antibacterial<\/div>\n<div><b>Available Dosage:<\/b>\u00a0480mg, 960mg<\/div>\n","protected":false},"featured_media":308,"comment_status":"open","ping_status":"closed","template":"","meta":[],"product_cat":[25],"product_tag":[],"class_list":{"0":"post-307","1":"product","2":"type-product","3":"status-publish","4":"has-post-thumbnail","6":"product_cat-antibiotics","8":"first","9":"instock","10":"shipping-taxable","11":"product-type-grouped"},"yoast_head":"<!-- This site is optimized with the Yoast SEO plugin v20.0 - https:\/\/yoast.com\/wordpress\/plugins\/seo\/ -->\n<title>Objednejte Bactrim (Trimethoprim) bez receptu za n\u00edzkou cenu | Eurorxdrugs<\/title>\n<meta name=\"description\" content=\"Kupte Bactrim (Trimethoprim) nyn\u00ed! Origin\u00e1ln\u00ed l\u00e9ky a rychl\u00e9 doru\u010den\u00ed v cen\u011b. 100% diskr\u00e9tn\u00ed a d\u016fv\u011brn\u00fd servis pro v\u0161echny na\u0161e z\u00e1kazn\u00edky na Eurorxdrugs\" \/>\n<meta name=\"robots\" content=\"index, follow, max-snippet:-1, max-image-preview:large, max-video-preview:-1\" \/>\n<link rel=\"canonical\" href=\"https:\/\/eurorxdrugs.cc\/cs\/product\/bactrim-trimethoprim\/\" \/>\n<meta property=\"og:locale\" content=\"cs_CZ\" \/>\n<meta property=\"og:type\" content=\"article\" \/>\n<meta property=\"og:title\" content=\"Objednejte Bactrim (Trimethoprim) bez receptu za n\u00edzkou cenu | Eurorxdrugs\" \/>\n<meta property=\"og:description\" content=\"Kupte Bactrim (Trimethoprim) nyn\u00ed! Origin\u00e1ln\u00ed l\u00e9ky a rychl\u00e9 doru\u010den\u00ed v cen\u011b. 100% diskr\u00e9tn\u00ed a d\u016fv\u011brn\u00fd servis pro v\u0161echny na\u0161e z\u00e1kazn\u00edky na Eurorxdrugs\" \/>\n<meta property=\"og:url\" content=\"https:\/\/eurorxdrugs.cc\/cs\/product\/bactrim-trimethoprim\/\" \/>\n<meta property=\"og:site_name\" content=\"eurorxdrugs\" \/>\n<meta property=\"article:modified_time\" content=\"2024-09-06T17:55:56+00:00\" \/>\n<meta property=\"og:image\" content=\"https:\/\/eurorxdrugs.cc\/cs\/wp-content\/uploads\/2024\/09\/14-min.jpg\" \/>\n\t<meta property=\"og:image:width\" content=\"270\" \/>\n\t<meta property=\"og:image:height\" content=\"300\" \/>\n\t<meta property=\"og:image:type\" content=\"image\/jpeg\" \/>\n<meta name=\"twitter:card\" content=\"summary_large_image\" \/>\n<meta name=\"twitter:label1\" content=\"Odhadovan\u00e1 doba \u010dten\u00ed\" \/>\n\t<meta name=\"twitter:data1\" content=\"2 minuty\" \/>\n<script type=\"application\/ld+json\" class=\"yoast-schema-graph\">{\"@context\":\"https:\/\/schema.org\",\"@graph\":[{\"@type\":\"WebPage\",\"@id\":\"https:\/\/eurorxdrugs.cc\/cs\/product\/bactrim-trimethoprim\/\",\"url\":\"https:\/\/eurorxdrugs.cc\/cs\/product\/bactrim-trimethoprim\/\",\"name\":\"Objednejte Bactrim (Trimethoprim) bez receptu za n\u00edzkou cenu | Eurorxdrugs\",\"isPartOf\":{\"@id\":\"https:\/\/eurorxdrugs.cc\/cs\/#website\"},\"datePublished\":\"2024-09-06T17:50:41+00:00\",\"dateModified\":\"2024-09-06T17:55:56+00:00\",\"description\":\"Kupte Bactrim (Trimethoprim) nyn\u00ed! Origin\u00e1ln\u00ed l\u00e9ky a rychl\u00e9 doru\u010den\u00ed v cen\u011b. 100% diskr\u00e9tn\u00ed a d\u016fv\u011brn\u00fd servis pro v\u0161echny na\u0161e z\u00e1kazn\u00edky na Eurorxdrugs\",\"breadcrumb\":{\"@id\":\"https:\/\/eurorxdrugs.cc\/cs\/product\/bactrim-trimethoprim\/#breadcrumb\"},\"inLanguage\":\"cs\",\"potentialAction\":[{\"@type\":\"ReadAction\",\"target\":[\"https:\/\/eurorxdrugs.cc\/cs\/product\/bactrim-trimethoprim\/\"]}]},{\"@type\":\"BreadcrumbList\",\"@id\":\"https:\/\/eurorxdrugs.cc\/cs\/product\/bactrim-trimethoprim\/#breadcrumb\",\"itemListElement\":[{\"@type\":\"ListItem\",\"position\":1,\"name\":\"Home\",\"item\":\"https:\/\/eurorxdrugs.cc\/cs\/\"},{\"@type\":\"ListItem\",\"position\":2,\"name\":\"Products\",\"item\":\"https:\/\/eurorxdrugs.cc\/cs\/shop\/\"},{\"@type\":\"ListItem\",\"position\":3,\"name\":\"Bactrim (Trimethoprim)\"}]},{\"@type\":\"WebSite\",\"@id\":\"https:\/\/eurorxdrugs.cc\/cs\/#website\",\"url\":\"https:\/\/eurorxdrugs.cc\/cs\/\",\"name\":\"eurorxdrugs\",\"description\":\"\",\"publisher\":{\"@id\":\"https:\/\/eurorxdrugs.cc\/cs\/#organization\"},\"potentialAction\":[{\"@type\":\"SearchAction\",\"target\":{\"@type\":\"EntryPoint\",\"urlTemplate\":\"https:\/\/eurorxdrugs.cc\/cs\/?s={search_term_string}\"},\"query-input\":\"required name=search_term_string\"}],\"inLanguage\":\"cs\"},{\"@type\":\"Organization\",\"@id\":\"https:\/\/eurorxdrugs.cc\/cs\/#organization\",\"name\":\"eurorxdrugs\",\"url\":\"https:\/\/eurorxdrugs.cc\/cs\/\",\"logo\":{\"@type\":\"ImageObject\",\"inLanguage\":\"cs\",\"@id\":\"https:\/\/eurorxdrugs.cc\/cs\/#\/schema\/logo\/image\/\",\"url\":\"https:\/\/eurorxdrugs.cc\/cs\/wp-content\/uploads\/2024\/09\/logo-1-1.png\",\"contentUrl\":\"https:\/\/eurorxdrugs.cc\/cs\/wp-content\/uploads\/2024\/09\/logo-1-1.png\",\"width\":233,\"height\":54,\"caption\":\"eurorxdrugs\"},\"image\":{\"@id\":\"https:\/\/eurorxdrugs.cc\/cs\/#\/schema\/logo\/image\/\"}}]}<\/script>\n<!-- \/ Yoast SEO plugin. -->","yoast_head_json":{"title":"Objednejte Bactrim (Trimethoprim) bez receptu za n\u00edzkou cenu | Eurorxdrugs","description":"Kupte Bactrim (Trimethoprim) nyn\u00ed! Origin\u00e1ln\u00ed l\u00e9ky a rychl\u00e9 doru\u010den\u00ed v cen\u011b. 100% diskr\u00e9tn\u00ed a d\u016fv\u011brn\u00fd servis pro v\u0161echny na\u0161e z\u00e1kazn\u00edky na Eurorxdrugs","robots":{"index":"index","follow":"follow","max-snippet":"max-snippet:-1","max-image-preview":"max-image-preview:large","max-video-preview":"max-video-preview:-1"},"canonical":"https:\/\/eurorxdrugs.cc\/cs\/product\/bactrim-trimethoprim\/","og_locale":"cs_CZ","og_type":"article","og_title":"Objednejte Bactrim (Trimethoprim) bez receptu za n\u00edzkou cenu | Eurorxdrugs","og_description":"Kupte Bactrim (Trimethoprim) nyn\u00ed! Origin\u00e1ln\u00ed l\u00e9ky a rychl\u00e9 doru\u010den\u00ed v cen\u011b. 100% diskr\u00e9tn\u00ed a d\u016fv\u011brn\u00fd servis pro v\u0161echny na\u0161e z\u00e1kazn\u00edky na Eurorxdrugs","og_url":"https:\/\/eurorxdrugs.cc\/cs\/product\/bactrim-trimethoprim\/","og_site_name":"eurorxdrugs","article_modified_time":"2024-09-06T17:55:56+00:00","og_image":[{"width":270,"height":300,"url":"https:\/\/eurorxdrugs.cc\/cs\/wp-content\/uploads\/2024\/09\/14-min.jpg","type":"image\/jpeg"}],"twitter_card":"summary_large_image","twitter_misc":{"Odhadovan\u00e1 doba \u010dten\u00ed":"2 minuty"},"schema":{"@context":"https:\/\/schema.org","@graph":[{"@type":"WebPage","@id":"https:\/\/eurorxdrugs.cc\/cs\/product\/bactrim-trimethoprim\/","url":"https:\/\/eurorxdrugs.cc\/cs\/product\/bactrim-trimethoprim\/","name":"Objednejte Bactrim (Trimethoprim) bez receptu za n\u00edzkou cenu | Eurorxdrugs","isPartOf":{"@id":"https:\/\/eurorxdrugs.cc\/cs\/#website"},"datePublished":"2024-09-06T17:50:41+00:00","dateModified":"2024-09-06T17:55:56+00:00","description":"Kupte Bactrim (Trimethoprim) nyn\u00ed! Origin\u00e1ln\u00ed l\u00e9ky a rychl\u00e9 doru\u010den\u00ed v cen\u011b. 100% diskr\u00e9tn\u00ed a d\u016fv\u011brn\u00fd servis pro v\u0161echny na\u0161e z\u00e1kazn\u00edky na Eurorxdrugs","breadcrumb":{"@id":"https:\/\/eurorxdrugs.cc\/cs\/product\/bactrim-trimethoprim\/#breadcrumb"},"inLanguage":"cs","potentialAction":[{"@type":"ReadAction","target":["https:\/\/eurorxdrugs.cc\/cs\/product\/bactrim-trimethoprim\/"]}]},{"@type":"BreadcrumbList","@id":"https:\/\/eurorxdrugs.cc\/cs\/product\/bactrim-trimethoprim\/#breadcrumb","itemListElement":[{"@type":"ListItem","position":1,"name":"Home","item":"https:\/\/eurorxdrugs.cc\/cs\/"},{"@type":"ListItem","position":2,"name":"Products","item":"https:\/\/eurorxdrugs.cc\/cs\/shop\/"},{"@type":"ListItem","position":3,"name":"Bactrim (Trimethoprim)"}]},{"@type":"WebSite","@id":"https:\/\/eurorxdrugs.cc\/cs\/#website","url":"https:\/\/eurorxdrugs.cc\/cs\/","name":"eurorxdrugs","description":"","publisher":{"@id":"https:\/\/eurorxdrugs.cc\/cs\/#organization"},"potentialAction":[{"@type":"SearchAction","target":{"@type":"EntryPoint","urlTemplate":"https:\/\/eurorxdrugs.cc\/cs\/?s={search_term_string}"},"query-input":"required name=search_term_string"}],"inLanguage":"cs"},{"@type":"Organization","@id":"https:\/\/eurorxdrugs.cc\/cs\/#organization","name":"eurorxdrugs","url":"https:\/\/eurorxdrugs.cc\/cs\/","logo":{"@type":"ImageObject","inLanguage":"cs","@id":"https:\/\/eurorxdrugs.cc\/cs\/#\/schema\/logo\/image\/","url":"https:\/\/eurorxdrugs.cc\/cs\/wp-content\/uploads\/2024\/09\/logo-1-1.png","contentUrl":"https:\/\/eurorxdrugs.cc\/cs\/wp-content\/uploads\/2024\/09\/logo-1-1.png","width":233,"height":54,"caption":"eurorxdrugs"},"image":{"@id":"https:\/\/eurorxdrugs.cc\/cs\/#\/schema\/logo\/image\/"}}]}},"_links":{"self":[{"href":"https:\/\/eurorxdrugs.cc\/cs\/wp-json\/wp\/v2\/product\/307","targetHints":{"allow":["GET"]}}],"collection":[{"href":"https:\/\/eurorxdrugs.cc\/cs\/wp-json\/wp\/v2\/product"}],"about":[{"href":"https:\/\/eurorxdrugs.cc\/cs\/wp-json\/wp\/v2\/types\/product"}],"replies":[{"embeddable":true,"href":"https:\/\/eurorxdrugs.cc\/cs\/wp-json\/wp\/v2\/comments?post=307"}],"wp:featuredmedia":[{"embeddable":true,"href":"https:\/\/eurorxdrugs.cc\/cs\/wp-json\/wp\/v2\/media\/308"}],"wp:attachment":[{"href":"https:\/\/eurorxdrugs.cc\/cs\/wp-json\/wp\/v2\/media?parent=307"}],"wp:term":[{"taxonomy":"product_cat","embeddable":true,"href":"https:\/\/eurorxdrugs.cc\/cs\/wp-json\/wp\/v2\/product_cat?post=307"},{"taxonomy":"product_tag","embeddable":true,"href":"https:\/\/eurorxdrugs.cc\/cs\/wp-json\/wp\/v2\/product_tag?post=307"}],"curies":[{"name":"wp","href":"https:\/\/api.w.org\/{rel}","templated":true}]}}