{"id":3117,"date":"2024-09-14T09:51:20","date_gmt":"2024-09-14T09:51:20","guid":{"rendered":"https:\/\/eurorxdrugs.cc\/cs\/?post_type=product&#038;p=3117"},"modified":"2024-09-14T10:24:02","modified_gmt":"2024-09-14T10:24:02","slug":"amoxil-amoxicillin-2","status":"publish","type":"product","link":"https:\/\/eurorxdrugs.cc\/cs\/product\/amoxil-amoxicillin-2\/","title":{"rendered":"Amoxil (Amoxicillin)"},"content":{"rendered":"<h2 style=\"text-align: left;\"><b>Common Use<\/b><\/h2>\n<p style=\"text-align: left;\">Amoxil is a broad-spectrum antibiotic from the aminopenicillin group. Its mechanism of action is anti-bacterial and involves the inhibition of bacterial cell wall construction in bacteria sensitive to Amoxicillin. Cell walls protect bacteria from the environment, and Amoxicillin&#8217;s action prevents their propagation. Amoxicillin can be effective against\u00a0<b>H. influenzae<\/b>,\u00a0<b>N. gonorrhoea<\/b>,\u00a0<b>E. coli<\/b>,\u00a0<b>Pneumococci<\/b>,\u00a0<b>Streptococci<\/b>, and certain strains of\u00a0<b>Staphylococci<\/b>. Microorganisms producing penicillinase are resistant to Amoxicillin. The medication is not effective against\u00a0<b>mycobacteria<\/b>,\u00a0<b>mycoplasmas<\/b>,\u00a0<b>genus Rickettsia<\/b>,\u00a0<b>fungi<\/b>,\u00a0<b>amoeba<\/b>,\u00a0<b>plasmodium<\/b>,\u00a0<b>viruses<\/b>, and also\u00a0<b>Pseudomonas aeruginosa<\/b>\u00a0and\u00a0<b>Proteus spp.<\/b>\u00a0(excluding\u00a0<b>P. mirabilis<\/b>).<\/p>\n<h3 style=\"text-align: left;\"><b>Dosage and Directions<\/b><\/h3>\n<ul style=\"text-align: left;\">\n<li>Take exactly as prescribed by your doctor.<\/li>\n<li>Tell your doctor before taking this medication if you are allergic to\u00a0<b>cephalosporins<\/b>\u00a0(e.g.,\u00a0<b>Ceclor<\/b>,\u00a0<b>Ceftin<\/b>,\u00a0<b>Duricef<\/b>,\u00a0<b>Keflex<\/b>), have had asthma, serious liver or kidney impairment, bleeding or blood clotting disorders, mononucleosis, or any type of allergic reaction in history.<\/li>\n<li>You may take Amoxicillin with or without food.<\/li>\n<li>The chewable tablet should be chewed before swallowing.<\/li>\n<li>Swallow Amoxicillin capsules whole with a glass of water.<\/li>\n<\/ul>\n<h3 style=\"text-align: left;\"><b>Precautions<\/b><\/h3>\n<ul style=\"text-align: left;\">\n<li>This medication diminishes the effect of certain contraception drugs.<\/li>\n<li>Continue to take this drug even if you feel fine, as the bacterial life cycle has certain peculiarities.<\/li>\n<li>Stopping the drug before completing the course of treatment may result in further propagation of bacteria and the development of strains resistant to this medication.<\/li>\n<li>Do not give this drug to individuals with similar symptoms if their illness may be caused by another type of microorganism.<\/li>\n<li>Antibiotic medicines can cause diarrhea; inform your doctor if this occurs.<\/li>\n<li>If you breastfeed and take Amoxicillin, the medication may excrete in milk and cause diarrhea in your baby.<\/li>\n<li>Warn your doctor if you suffer from asthma.<\/li>\n<\/ul>\n<h3 style=\"text-align: left;\"><b>Contraindications<\/b><\/h3>\n<p style=\"text-align: left;\">Allergy to Amoxicillin or to any other penicillin antibiotic.<\/p>\n<h3 style=\"text-align: left;\"><b>Possible Side Effects<\/b><\/h3>\n<ul style=\"text-align: left;\">\n<li>Besides allergy (hives, swelling, rash), possible reactions to Amoxicillin may include:<\/li>\n<li>Diarrhea<\/li>\n<li>Dizziness<\/li>\n<li>Heartburn<\/li>\n<li>Insomnia<\/li>\n<li>Nausea<\/li>\n<li>Itching<\/li>\n<li>Vomiting<\/li>\n<li>Confusion<\/li>\n<li>Abdominal pain<\/li>\n<li>Easy bruising<\/li>\n<\/ul>\n<h3 style=\"text-align: left;\"><b>Drug Interaction<\/b><\/h3>\n<p style=\"text-align: left;\">Amoxicillin is not known to decrease the effect of birth control pills, increases absorption of\u00a0<b>digoxin<\/b>, and increases the toxicity of\u00a0<b>methotrexate<\/b>. Excretion of Amoxicillin by kidneys is slowed by\u00a0<b>aspirin<\/b>.<\/p>\n<h3 style=\"text-align: left;\"><b>Missed Dose<\/b><\/h3>\n<p style=\"text-align: left;\">Never take a double dose of this medication. If it is almost time for the next dose, just skip the missed portion and continue to take the medicine according to the schedule.<\/p>\n<h3 style=\"text-align: left;\"><b>Overdose<\/b><\/h3>\n<p style=\"text-align: left;\">Symptoms of Amoxicillin overdose may include:<\/p>\n<ul style=\"text-align: left;\">\n<li>Vomiting<\/li>\n<li>Nausea<\/li>\n<li>Diarrhea<\/li>\n<li>Disorders of water and electrolyte balance<\/li>\n<\/ul>\n<p style=\"text-align: left;\">Contact your doctor for help.<\/p>\n<h3 style=\"text-align: left;\"><b>Storage<\/b><\/h3>\n<p style=\"text-align: left;\">Store at room temperature between\u00a0<b>59 and 86\u00b0F (15-30\u00b0C)<\/b>\u00a0away from light and moisture.<\/p>\n","protected":false},"excerpt":{"rendered":"<div><b>Commercial Name:<\/b>\u00a0Amoxil<\/div>\n<div><b>Active Ingredient:<\/b>\u00a0Amoxicillin<\/div>\n<div><b>Production form:<\/b>\u00a0Pills<\/div>\n<div><b>Utilization:<\/b>\u00a0Antibiotic at a large spectrum<\/div>\n<div><b>Available Dosage:<\/b>\u00a0100mg, 250mg, 500mg, 1000mg<\/div>\n","protected":false},"featured_media":3118,"comment_status":"open","ping_status":"closed","template":"","meta":[],"product_cat":[25],"product_tag":[],"class_list":{"0":"post-3117","1":"product","2":"type-product","3":"status-publish","4":"has-post-thumbnail","6":"product_cat-antibiotics","8":"first","9":"instock","10":"shipping-taxable","11":"product-type-grouped"},"yoast_head":"<!-- This site is optimized with the Yoast SEO plugin v20.0 - https:\/\/yoast.com\/wordpress\/plugins\/seo\/ -->\n<title>Objednejte Amoxil (Amoxicillin) bez receptu za n\u00edzkou cenu | Eurorxdrugs<\/title>\n<meta name=\"description\" content=\"Kupte Amoxil (Amoxicillin) nyn\u00ed! Origin\u00e1ln\u00ed l\u00e9ky a rychl\u00e9 doru\u010den\u00ed v cen\u011b. 100% diskr\u00e9tn\u00ed a d\u016fv\u011brn\u00fd servis pro v\u0161echny na\u0161e z\u00e1kazn\u00edky na Eurorxdrugs\" \/>\n<meta name=\"robots\" content=\"index, follow, max-snippet:-1, max-image-preview:large, max-video-preview:-1\" \/>\n<link rel=\"canonical\" href=\"https:\/\/eurorxdrugs.cc\/cs\/product\/amoxil-amoxicillin-2\/\" \/>\n<meta property=\"og:locale\" content=\"cs_CZ\" \/>\n<meta property=\"og:type\" content=\"article\" \/>\n<meta property=\"og:title\" content=\"Objednejte Amoxil (Amoxicillin) bez receptu za n\u00edzkou cenu | Eurorxdrugs\" \/>\n<meta property=\"og:description\" content=\"Kupte Amoxil (Amoxicillin) nyn\u00ed! Origin\u00e1ln\u00ed l\u00e9ky a rychl\u00e9 doru\u010den\u00ed v cen\u011b. 100% diskr\u00e9tn\u00ed a d\u016fv\u011brn\u00fd servis pro v\u0161echny na\u0161e z\u00e1kazn\u00edky na Eurorxdrugs\" \/>\n<meta property=\"og:url\" content=\"https:\/\/eurorxdrugs.cc\/cs\/product\/amoxil-amoxicillin-2\/\" \/>\n<meta property=\"og:site_name\" content=\"eurorxdrugs\" \/>\n<meta property=\"article:modified_time\" content=\"2024-09-14T10:24:02+00:00\" \/>\n<meta property=\"og:image\" content=\"https:\/\/eurorxdrugs.cc\/cs\/wp-content\/uploads\/2024\/09\/11-min-1.jpg\" \/>\n\t<meta property=\"og:image:width\" content=\"270\" \/>\n\t<meta property=\"og:image:height\" content=\"300\" \/>\n\t<meta property=\"og:image:type\" content=\"image\/jpeg\" \/>\n<meta name=\"twitter:card\" content=\"summary_large_image\" \/>\n<meta name=\"twitter:label1\" content=\"Odhadovan\u00e1 doba \u010dten\u00ed\" \/>\n\t<meta name=\"twitter:data1\" content=\"2 minuty\" \/>\n<script type=\"application\/ld+json\" class=\"yoast-schema-graph\">{\"@context\":\"https:\/\/schema.org\",\"@graph\":[{\"@type\":\"WebPage\",\"@id\":\"https:\/\/eurorxdrugs.cc\/cs\/product\/amoxil-amoxicillin-2\/\",\"url\":\"https:\/\/eurorxdrugs.cc\/cs\/product\/amoxil-amoxicillin-2\/\",\"name\":\"Objednejte Amoxil (Amoxicillin) bez receptu za n\u00edzkou cenu | Eurorxdrugs\",\"isPartOf\":{\"@id\":\"https:\/\/eurorxdrugs.cc\/cs\/#website\"},\"datePublished\":\"2024-09-14T09:51:20+00:00\",\"dateModified\":\"2024-09-14T10:24:02+00:00\",\"description\":\"Kupte Amoxil (Amoxicillin) nyn\u00ed! Origin\u00e1ln\u00ed l\u00e9ky a rychl\u00e9 doru\u010den\u00ed v cen\u011b. 100% diskr\u00e9tn\u00ed a d\u016fv\u011brn\u00fd servis pro v\u0161echny na\u0161e z\u00e1kazn\u00edky na Eurorxdrugs\",\"breadcrumb\":{\"@id\":\"https:\/\/eurorxdrugs.cc\/cs\/product\/amoxil-amoxicillin-2\/#breadcrumb\"},\"inLanguage\":\"cs\",\"potentialAction\":[{\"@type\":\"ReadAction\",\"target\":[\"https:\/\/eurorxdrugs.cc\/cs\/product\/amoxil-amoxicillin-2\/\"]}]},{\"@type\":\"BreadcrumbList\",\"@id\":\"https:\/\/eurorxdrugs.cc\/cs\/product\/amoxil-amoxicillin-2\/#breadcrumb\",\"itemListElement\":[{\"@type\":\"ListItem\",\"position\":1,\"name\":\"Home\",\"item\":\"https:\/\/eurorxdrugs.cc\/cs\/\"},{\"@type\":\"ListItem\",\"position\":2,\"name\":\"Products\",\"item\":\"https:\/\/eurorxdrugs.cc\/cs\/shop\/\"},{\"@type\":\"ListItem\",\"position\":3,\"name\":\"Amoxil (Amoxicillin)\"}]},{\"@type\":\"WebSite\",\"@id\":\"https:\/\/eurorxdrugs.cc\/cs\/#website\",\"url\":\"https:\/\/eurorxdrugs.cc\/cs\/\",\"name\":\"eurorxdrugs\",\"description\":\"\",\"publisher\":{\"@id\":\"https:\/\/eurorxdrugs.cc\/cs\/#organization\"},\"potentialAction\":[{\"@type\":\"SearchAction\",\"target\":{\"@type\":\"EntryPoint\",\"urlTemplate\":\"https:\/\/eurorxdrugs.cc\/cs\/?s={search_term_string}\"},\"query-input\":\"required name=search_term_string\"}],\"inLanguage\":\"cs\"},{\"@type\":\"Organization\",\"@id\":\"https:\/\/eurorxdrugs.cc\/cs\/#organization\",\"name\":\"eurorxdrugs\",\"url\":\"https:\/\/eurorxdrugs.cc\/cs\/\",\"logo\":{\"@type\":\"ImageObject\",\"inLanguage\":\"cs\",\"@id\":\"https:\/\/eurorxdrugs.cc\/cs\/#\/schema\/logo\/image\/\",\"url\":\"https:\/\/eurorxdrugs.cc\/cs\/wp-content\/uploads\/2024\/09\/logo-1-1.png\",\"contentUrl\":\"https:\/\/eurorxdrugs.cc\/cs\/wp-content\/uploads\/2024\/09\/logo-1-1.png\",\"width\":233,\"height\":54,\"caption\":\"eurorxdrugs\"},\"image\":{\"@id\":\"https:\/\/eurorxdrugs.cc\/cs\/#\/schema\/logo\/image\/\"}}]}<\/script>\n<!-- \/ Yoast SEO plugin. -->","yoast_head_json":{"title":"Objednejte Amoxil (Amoxicillin) bez receptu za n\u00edzkou cenu | Eurorxdrugs","description":"Kupte Amoxil (Amoxicillin) nyn\u00ed! Origin\u00e1ln\u00ed l\u00e9ky a rychl\u00e9 doru\u010den\u00ed v cen\u011b. 100% diskr\u00e9tn\u00ed a d\u016fv\u011brn\u00fd servis pro v\u0161echny na\u0161e z\u00e1kazn\u00edky na Eurorxdrugs","robots":{"index":"index","follow":"follow","max-snippet":"max-snippet:-1","max-image-preview":"max-image-preview:large","max-video-preview":"max-video-preview:-1"},"canonical":"https:\/\/eurorxdrugs.cc\/cs\/product\/amoxil-amoxicillin-2\/","og_locale":"cs_CZ","og_type":"article","og_title":"Objednejte Amoxil (Amoxicillin) bez receptu za n\u00edzkou cenu | Eurorxdrugs","og_description":"Kupte Amoxil (Amoxicillin) nyn\u00ed! Origin\u00e1ln\u00ed l\u00e9ky a rychl\u00e9 doru\u010den\u00ed v cen\u011b. 100% diskr\u00e9tn\u00ed a d\u016fv\u011brn\u00fd servis pro v\u0161echny na\u0161e z\u00e1kazn\u00edky na Eurorxdrugs","og_url":"https:\/\/eurorxdrugs.cc\/cs\/product\/amoxil-amoxicillin-2\/","og_site_name":"eurorxdrugs","article_modified_time":"2024-09-14T10:24:02+00:00","og_image":[{"width":270,"height":300,"url":"https:\/\/eurorxdrugs.cc\/cs\/wp-content\/uploads\/2024\/09\/11-min-1.jpg","type":"image\/jpeg"}],"twitter_card":"summary_large_image","twitter_misc":{"Odhadovan\u00e1 doba \u010dten\u00ed":"2 minuty"},"schema":{"@context":"https:\/\/schema.org","@graph":[{"@type":"WebPage","@id":"https:\/\/eurorxdrugs.cc\/cs\/product\/amoxil-amoxicillin-2\/","url":"https:\/\/eurorxdrugs.cc\/cs\/product\/amoxil-amoxicillin-2\/","name":"Objednejte Amoxil (Amoxicillin) bez receptu za n\u00edzkou cenu | Eurorxdrugs","isPartOf":{"@id":"https:\/\/eurorxdrugs.cc\/cs\/#website"},"datePublished":"2024-09-14T09:51:20+00:00","dateModified":"2024-09-14T10:24:02+00:00","description":"Kupte Amoxil (Amoxicillin) nyn\u00ed! Origin\u00e1ln\u00ed l\u00e9ky a rychl\u00e9 doru\u010den\u00ed v cen\u011b. 100% diskr\u00e9tn\u00ed a d\u016fv\u011brn\u00fd servis pro v\u0161echny na\u0161e z\u00e1kazn\u00edky na Eurorxdrugs","breadcrumb":{"@id":"https:\/\/eurorxdrugs.cc\/cs\/product\/amoxil-amoxicillin-2\/#breadcrumb"},"inLanguage":"cs","potentialAction":[{"@type":"ReadAction","target":["https:\/\/eurorxdrugs.cc\/cs\/product\/amoxil-amoxicillin-2\/"]}]},{"@type":"BreadcrumbList","@id":"https:\/\/eurorxdrugs.cc\/cs\/product\/amoxil-amoxicillin-2\/#breadcrumb","itemListElement":[{"@type":"ListItem","position":1,"name":"Home","item":"https:\/\/eurorxdrugs.cc\/cs\/"},{"@type":"ListItem","position":2,"name":"Products","item":"https:\/\/eurorxdrugs.cc\/cs\/shop\/"},{"@type":"ListItem","position":3,"name":"Amoxil (Amoxicillin)"}]},{"@type":"WebSite","@id":"https:\/\/eurorxdrugs.cc\/cs\/#website","url":"https:\/\/eurorxdrugs.cc\/cs\/","name":"eurorxdrugs","description":"","publisher":{"@id":"https:\/\/eurorxdrugs.cc\/cs\/#organization"},"potentialAction":[{"@type":"SearchAction","target":{"@type":"EntryPoint","urlTemplate":"https:\/\/eurorxdrugs.cc\/cs\/?s={search_term_string}"},"query-input":"required name=search_term_string"}],"inLanguage":"cs"},{"@type":"Organization","@id":"https:\/\/eurorxdrugs.cc\/cs\/#organization","name":"eurorxdrugs","url":"https:\/\/eurorxdrugs.cc\/cs\/","logo":{"@type":"ImageObject","inLanguage":"cs","@id":"https:\/\/eurorxdrugs.cc\/cs\/#\/schema\/logo\/image\/","url":"https:\/\/eurorxdrugs.cc\/cs\/wp-content\/uploads\/2024\/09\/logo-1-1.png","contentUrl":"https:\/\/eurorxdrugs.cc\/cs\/wp-content\/uploads\/2024\/09\/logo-1-1.png","width":233,"height":54,"caption":"eurorxdrugs"},"image":{"@id":"https:\/\/eurorxdrugs.cc\/cs\/#\/schema\/logo\/image\/"}}]}},"_links":{"self":[{"href":"https:\/\/eurorxdrugs.cc\/cs\/wp-json\/wp\/v2\/product\/3117","targetHints":{"allow":["GET"]}}],"collection":[{"href":"https:\/\/eurorxdrugs.cc\/cs\/wp-json\/wp\/v2\/product"}],"about":[{"href":"https:\/\/eurorxdrugs.cc\/cs\/wp-json\/wp\/v2\/types\/product"}],"replies":[{"embeddable":true,"href":"https:\/\/eurorxdrugs.cc\/cs\/wp-json\/wp\/v2\/comments?post=3117"}],"wp:featuredmedia":[{"embeddable":true,"href":"https:\/\/eurorxdrugs.cc\/cs\/wp-json\/wp\/v2\/media\/3118"}],"wp:attachment":[{"href":"https:\/\/eurorxdrugs.cc\/cs\/wp-json\/wp\/v2\/media?parent=3117"}],"wp:term":[{"taxonomy":"product_cat","embeddable":true,"href":"https:\/\/eurorxdrugs.cc\/cs\/wp-json\/wp\/v2\/product_cat?post=3117"},{"taxonomy":"product_tag","embeddable":true,"href":"https:\/\/eurorxdrugs.cc\/cs\/wp-json\/wp\/v2\/product_tag?post=3117"}],"curies":[{"name":"wp","href":"https:\/\/api.w.org\/{rel}","templated":true}]}}