{"id":3214,"date":"2024-09-14T10:45:00","date_gmt":"2024-09-14T10:45:00","guid":{"rendered":"https:\/\/eurorxdrugs.cc\/cs\/?post_type=product&#038;p=3214"},"modified":"2024-09-14T11:02:57","modified_gmt":"2024-09-14T11:02:57","slug":"anafranil-clomipramine","status":"publish","type":"product","link":"https:\/\/eurorxdrugs.cc\/cs\/product\/anafranil-clomipramine\/","title":{"rendered":"Anafranil (Clomipramine)"},"content":{"rendered":"<h2 style=\"text-align: left;\"><b>Common Use<\/b><\/h2>\n<p style=\"text-align: left;\">Anafranil is a drug used to treat obsessive-compulsive disorder (OCD). This is a nervous condition where a person has recurring thoughts or ideas or does repetitive things because they are anxious. Clomipramine works on the central nervous system (CNS) and helps to relieve the symptoms of OCD. This medication belongs to a class of so-called tricyclic antidepressants. It helps to restore the balance of certain natural substances (<b>serotonin<\/b>, among others) in the brain. This medication is also used to treat panic attacks, depression, and ongoing pain.<\/p>\n<h3 style=\"text-align: left;\"><b>Dosage and Direction<\/b><\/h3>\n<p style=\"text-align: left;\">Take the drug only as prescribed because dosage and schedule may vary based on your condition and other factors. It is advised to follow the doctor&#8217;s instructions carefully and not to take more or less medication than prescribed. It is advised not to eat grapefruit or drink grapefruit juice (it influences the level of cyclosporin in your blood). Also, limit alcoholic beverages. Do not suddenly stop taking this medication as your condition may become worse. It may take\u00a0<b>2 to 3 weeks or longer<\/b>\u00a0before you notice the effects of this medication. Inform your doctor about your condition.<\/p>\n<h3 style=\"text-align: left;\"><b>Precautions<\/b><\/h3>\n<p style=\"text-align: left;\">Before you start taking Clomipramine, tell your doctor or pharmacist if you are allergic to it; or if you have any other allergies. Inform your doctor or pharmacist if you have certain heart problems (<b>heart failure<\/b>,\u00a0<b>slow heartbeat<\/b>,\u00a0<b>QT prolongation in the EKG<\/b>). You may feel\u00a0<b>dizzy or drowsy<\/b>\u00a0or have temporary\u00a0<b>blurred vision<\/b>. Avoid driving, using machinery, or doing any activity that requires alertness. Aged people may be more sensitive to the side effects of the drug. During pregnancy, this medication should be used only when strongly needed. Consult your doctor about the risks. This medicine passes into breast milk so it may have undesirable effects on a nursing infant. It is better to\u00a0<b>stop breast-feeding<\/b>\u00a0while using this drug.<\/p>\n<h3 style=\"text-align: left;\"><b>Possible Side Effects<\/b><\/h3>\n<p style=\"text-align: left;\">The most common side effects are\u00a0<b>dizziness<\/b>,\u00a0<b>dry mouth<\/b>,\u00a0<b>drowsiness<\/b>,\u00a0<b>constipation<\/b>,\u00a0<b>stomach upset<\/b>,\u00a0<b>nausea<\/b>,\u00a0<b>vomiting<\/b>,\u00a0<b>sweating<\/b>, etc.\u00a0<b>Anxiety symptoms<\/b>\u00a0may temporarily worsen when you first start using Clomipramine. A serious allergic reaction to this drug is very rare, but seek immediate medical help if it occurs. Many people using this medicine do not have serious side effects. In case you notice any side effects not listed above, contact your doctor or pharmacist.<\/p>\n<h3 style=\"text-align: left;\"><b>Drug Interaction<\/b><\/h3>\n<p style=\"text-align: left;\">Tell your doctor or pharmacist of all prescription and nonprescription\/herbal products you may use before using this medication. Avoid taking Clomipramine with:<\/p>\n<ul style=\"text-align: left;\">\n<li><b>MAO inhibitors:<\/b>\u00a0Furazolidone, Isocarboxazid, Linezolid, Moclobemide, Tranylcypromine, etc.<\/li>\n<li><b>Anti-arrhythmic medication:<\/b>\u00a0Propafenone, Quinidine, etc.<\/li>\n<li><b>Selective Serotonin Reuptake Inhibitors (SSRIs):<\/b>\u00a0Citalopram, Dapoxetine, Fluoxetine, Fluvoxamine, Paroxetine, etc.<\/li>\n<li><b>Antipsychotics:<\/b>\u00a0Fluphenazine, etc.<\/li>\n<li><b>H2-receptor antagonists:<\/b>\u00a0Cimetidine, Ranitidine, Famotidine, Nizatidine, etc.<\/li>\n<\/ul>\n<p style=\"text-align: left;\"><b>Nicotine<\/b>\u00a0decreases blood levels of this medication. Inform your doctor if you smoke or if you have recently stopped smoking. Try not to eat grapefruit or drink grapefruit juice while being treated with this medication. Consult your doctor or pharmacist for more details.<\/p>\n<h3 style=\"text-align: left;\"><b>Missed Dose<\/b><\/h3>\n<p style=\"text-align: left;\">If you have missed your dose, take it as soon as you remember. If it is almost time for the next dose, skip the missed dose and resume your usual dosing schedule. Do not take the dose twice.<\/p>\n<h3 style=\"text-align: left;\"><b>Overdose<\/b><\/h3>\n<p style=\"text-align: left;\">If you think you have used too much of this medicine, seek emergency medical attention right away. The symptoms of overdose usually include\u00a0<b>chest pain<\/b>,\u00a0<b>nausea<\/b>,\u00a0<b>irregular heartbeat<\/b>, and feeling\u00a0<b>light-headed or fainting<\/b>.<\/p>\n<h3 style=\"text-align: left;\"><b>Storage<\/b><\/h3>\n<p style=\"text-align: left;\">Store your medicines at room temperature between\u00a0<b>68-77 degrees F (20-25 degrees C)<\/b>\u00a0away from light and moisture. Do not store the drugs in the bathroom. Keep all drugs out of reach of children and pets.<\/p>\n","protected":false},"excerpt":{"rendered":"<div><b>Commercial Name:<\/b>\u00a0Anafranil<\/div>\n<div><b>Active Ingredient:<\/b>\u00a0Clomipramine<\/div>\n<div><b>Production form:<\/b>\u00a0Pills<\/div>\n<div><b>Utilization:<\/b>\u00a0Treats obsessive-compulsive disorder, panic attacks, depression, and ongoing pain<\/div>\n<div><b>Available Dosage:<\/b>\u00a010mg, 25mg and 50mg<\/div>\n","protected":false},"featured_media":3215,"comment_status":"open","ping_status":"closed","template":"","meta":[],"product_cat":[20],"product_tag":[],"class_list":{"0":"post-3214","1":"product","2":"type-product","3":"status-publish","4":"has-post-thumbnail","6":"product_cat-anti-depressants","8":"first","9":"instock","10":"shipping-taxable","11":"product-type-grouped"},"yoast_head":"<!-- This site is optimized with the Yoast SEO plugin v20.0 - https:\/\/yoast.com\/wordpress\/plugins\/seo\/ -->\n<title>Objednejte Anafranil (Clomipramine) bez receptu za n\u00edzkou cenu | Eurorxdrugs<\/title>\n<meta name=\"description\" content=\"Kupte Anafranil (Clomipramine) nyn\u00ed! Origin\u00e1ln\u00ed l\u00e9ky a rychl\u00e9 doru\u010den\u00ed v cen\u011b. 100% diskr\u00e9tn\u00ed a d\u016fv\u011brn\u00fd servis pro v\u0161echny na\u0161e z\u00e1kazn\u00edky na Eurorxdrugs\" \/>\n<meta name=\"robots\" content=\"index, follow, max-snippet:-1, max-image-preview:large, max-video-preview:-1\" \/>\n<link rel=\"canonical\" href=\"https:\/\/eurorxdrugs.cc\/cs\/product\/anafranil-clomipramine\/\" \/>\n<meta property=\"og:locale\" content=\"cs_CZ\" \/>\n<meta property=\"og:type\" content=\"article\" \/>\n<meta property=\"og:title\" content=\"Objednejte Anafranil (Clomipramine) bez receptu za n\u00edzkou cenu | Eurorxdrugs\" \/>\n<meta property=\"og:description\" content=\"Kupte Anafranil (Clomipramine) nyn\u00ed! Origin\u00e1ln\u00ed l\u00e9ky a rychl\u00e9 doru\u010den\u00ed v cen\u011b. 100% diskr\u00e9tn\u00ed a d\u016fv\u011brn\u00fd servis pro v\u0161echny na\u0161e z\u00e1kazn\u00edky na Eurorxdrugs\" \/>\n<meta property=\"og:url\" content=\"https:\/\/eurorxdrugs.cc\/cs\/product\/anafranil-clomipramine\/\" \/>\n<meta property=\"og:site_name\" content=\"eurorxdrugs\" \/>\n<meta property=\"article:modified_time\" content=\"2024-09-14T11:02:57+00:00\" \/>\n<meta property=\"og:image\" content=\"https:\/\/eurorxdrugs.cc\/cs\/wp-content\/uploads\/2024\/09\/186-min.jpg\" \/>\n\t<meta property=\"og:image:width\" content=\"270\" \/>\n\t<meta property=\"og:image:height\" content=\"300\" \/>\n\t<meta property=\"og:image:type\" content=\"image\/jpeg\" \/>\n<meta name=\"twitter:card\" content=\"summary_large_image\" \/>\n<meta name=\"twitter:label1\" content=\"Odhadovan\u00e1 doba \u010dten\u00ed\" \/>\n\t<meta name=\"twitter:data1\" content=\"3 minuty\" \/>\n<script type=\"application\/ld+json\" class=\"yoast-schema-graph\">{\"@context\":\"https:\/\/schema.org\",\"@graph\":[{\"@type\":\"WebPage\",\"@id\":\"https:\/\/eurorxdrugs.cc\/cs\/product\/anafranil-clomipramine\/\",\"url\":\"https:\/\/eurorxdrugs.cc\/cs\/product\/anafranil-clomipramine\/\",\"name\":\"Objednejte Anafranil (Clomipramine) bez receptu za n\u00edzkou cenu | Eurorxdrugs\",\"isPartOf\":{\"@id\":\"https:\/\/eurorxdrugs.cc\/cs\/#website\"},\"datePublished\":\"2024-09-14T10:45:00+00:00\",\"dateModified\":\"2024-09-14T11:02:57+00:00\",\"description\":\"Kupte Anafranil (Clomipramine) nyn\u00ed! Origin\u00e1ln\u00ed l\u00e9ky a rychl\u00e9 doru\u010den\u00ed v cen\u011b. 100% diskr\u00e9tn\u00ed a d\u016fv\u011brn\u00fd servis pro v\u0161echny na\u0161e z\u00e1kazn\u00edky na Eurorxdrugs\",\"breadcrumb\":{\"@id\":\"https:\/\/eurorxdrugs.cc\/cs\/product\/anafranil-clomipramine\/#breadcrumb\"},\"inLanguage\":\"cs\",\"potentialAction\":[{\"@type\":\"ReadAction\",\"target\":[\"https:\/\/eurorxdrugs.cc\/cs\/product\/anafranil-clomipramine\/\"]}]},{\"@type\":\"BreadcrumbList\",\"@id\":\"https:\/\/eurorxdrugs.cc\/cs\/product\/anafranil-clomipramine\/#breadcrumb\",\"itemListElement\":[{\"@type\":\"ListItem\",\"position\":1,\"name\":\"Home\",\"item\":\"https:\/\/eurorxdrugs.cc\/cs\/\"},{\"@type\":\"ListItem\",\"position\":2,\"name\":\"Products\",\"item\":\"https:\/\/eurorxdrugs.cc\/cs\/shop\/\"},{\"@type\":\"ListItem\",\"position\":3,\"name\":\"Anafranil (Clomipramine)\"}]},{\"@type\":\"WebSite\",\"@id\":\"https:\/\/eurorxdrugs.cc\/cs\/#website\",\"url\":\"https:\/\/eurorxdrugs.cc\/cs\/\",\"name\":\"eurorxdrugs\",\"description\":\"\",\"publisher\":{\"@id\":\"https:\/\/eurorxdrugs.cc\/cs\/#organization\"},\"potentialAction\":[{\"@type\":\"SearchAction\",\"target\":{\"@type\":\"EntryPoint\",\"urlTemplate\":\"https:\/\/eurorxdrugs.cc\/cs\/?s={search_term_string}\"},\"query-input\":\"required name=search_term_string\"}],\"inLanguage\":\"cs\"},{\"@type\":\"Organization\",\"@id\":\"https:\/\/eurorxdrugs.cc\/cs\/#organization\",\"name\":\"eurorxdrugs\",\"url\":\"https:\/\/eurorxdrugs.cc\/cs\/\",\"logo\":{\"@type\":\"ImageObject\",\"inLanguage\":\"cs\",\"@id\":\"https:\/\/eurorxdrugs.cc\/cs\/#\/schema\/logo\/image\/\",\"url\":\"https:\/\/eurorxdrugs.cc\/cs\/wp-content\/uploads\/2024\/09\/logo-1-1.png\",\"contentUrl\":\"https:\/\/eurorxdrugs.cc\/cs\/wp-content\/uploads\/2024\/09\/logo-1-1.png\",\"width\":233,\"height\":54,\"caption\":\"eurorxdrugs\"},\"image\":{\"@id\":\"https:\/\/eurorxdrugs.cc\/cs\/#\/schema\/logo\/image\/\"}}]}<\/script>\n<!-- \/ Yoast SEO plugin. -->","yoast_head_json":{"title":"Objednejte Anafranil (Clomipramine) bez receptu za n\u00edzkou cenu | Eurorxdrugs","description":"Kupte Anafranil (Clomipramine) nyn\u00ed! Origin\u00e1ln\u00ed l\u00e9ky a rychl\u00e9 doru\u010den\u00ed v cen\u011b. 100% diskr\u00e9tn\u00ed a d\u016fv\u011brn\u00fd servis pro v\u0161echny na\u0161e z\u00e1kazn\u00edky na Eurorxdrugs","robots":{"index":"index","follow":"follow","max-snippet":"max-snippet:-1","max-image-preview":"max-image-preview:large","max-video-preview":"max-video-preview:-1"},"canonical":"https:\/\/eurorxdrugs.cc\/cs\/product\/anafranil-clomipramine\/","og_locale":"cs_CZ","og_type":"article","og_title":"Objednejte Anafranil (Clomipramine) bez receptu za n\u00edzkou cenu | Eurorxdrugs","og_description":"Kupte Anafranil (Clomipramine) nyn\u00ed! Origin\u00e1ln\u00ed l\u00e9ky a rychl\u00e9 doru\u010den\u00ed v cen\u011b. 100% diskr\u00e9tn\u00ed a d\u016fv\u011brn\u00fd servis pro v\u0161echny na\u0161e z\u00e1kazn\u00edky na Eurorxdrugs","og_url":"https:\/\/eurorxdrugs.cc\/cs\/product\/anafranil-clomipramine\/","og_site_name":"eurorxdrugs","article_modified_time":"2024-09-14T11:02:57+00:00","og_image":[{"width":270,"height":300,"url":"https:\/\/eurorxdrugs.cc\/cs\/wp-content\/uploads\/2024\/09\/186-min.jpg","type":"image\/jpeg"}],"twitter_card":"summary_large_image","twitter_misc":{"Odhadovan\u00e1 doba \u010dten\u00ed":"3 minuty"},"schema":{"@context":"https:\/\/schema.org","@graph":[{"@type":"WebPage","@id":"https:\/\/eurorxdrugs.cc\/cs\/product\/anafranil-clomipramine\/","url":"https:\/\/eurorxdrugs.cc\/cs\/product\/anafranil-clomipramine\/","name":"Objednejte Anafranil (Clomipramine) bez receptu za n\u00edzkou cenu | Eurorxdrugs","isPartOf":{"@id":"https:\/\/eurorxdrugs.cc\/cs\/#website"},"datePublished":"2024-09-14T10:45:00+00:00","dateModified":"2024-09-14T11:02:57+00:00","description":"Kupte Anafranil (Clomipramine) nyn\u00ed! Origin\u00e1ln\u00ed l\u00e9ky a rychl\u00e9 doru\u010den\u00ed v cen\u011b. 100% diskr\u00e9tn\u00ed a d\u016fv\u011brn\u00fd servis pro v\u0161echny na\u0161e z\u00e1kazn\u00edky na Eurorxdrugs","breadcrumb":{"@id":"https:\/\/eurorxdrugs.cc\/cs\/product\/anafranil-clomipramine\/#breadcrumb"},"inLanguage":"cs","potentialAction":[{"@type":"ReadAction","target":["https:\/\/eurorxdrugs.cc\/cs\/product\/anafranil-clomipramine\/"]}]},{"@type":"BreadcrumbList","@id":"https:\/\/eurorxdrugs.cc\/cs\/product\/anafranil-clomipramine\/#breadcrumb","itemListElement":[{"@type":"ListItem","position":1,"name":"Home","item":"https:\/\/eurorxdrugs.cc\/cs\/"},{"@type":"ListItem","position":2,"name":"Products","item":"https:\/\/eurorxdrugs.cc\/cs\/shop\/"},{"@type":"ListItem","position":3,"name":"Anafranil (Clomipramine)"}]},{"@type":"WebSite","@id":"https:\/\/eurorxdrugs.cc\/cs\/#website","url":"https:\/\/eurorxdrugs.cc\/cs\/","name":"eurorxdrugs","description":"","publisher":{"@id":"https:\/\/eurorxdrugs.cc\/cs\/#organization"},"potentialAction":[{"@type":"SearchAction","target":{"@type":"EntryPoint","urlTemplate":"https:\/\/eurorxdrugs.cc\/cs\/?s={search_term_string}"},"query-input":"required name=search_term_string"}],"inLanguage":"cs"},{"@type":"Organization","@id":"https:\/\/eurorxdrugs.cc\/cs\/#organization","name":"eurorxdrugs","url":"https:\/\/eurorxdrugs.cc\/cs\/","logo":{"@type":"ImageObject","inLanguage":"cs","@id":"https:\/\/eurorxdrugs.cc\/cs\/#\/schema\/logo\/image\/","url":"https:\/\/eurorxdrugs.cc\/cs\/wp-content\/uploads\/2024\/09\/logo-1-1.png","contentUrl":"https:\/\/eurorxdrugs.cc\/cs\/wp-content\/uploads\/2024\/09\/logo-1-1.png","width":233,"height":54,"caption":"eurorxdrugs"},"image":{"@id":"https:\/\/eurorxdrugs.cc\/cs\/#\/schema\/logo\/image\/"}}]}},"_links":{"self":[{"href":"https:\/\/eurorxdrugs.cc\/cs\/wp-json\/wp\/v2\/product\/3214","targetHints":{"allow":["GET"]}}],"collection":[{"href":"https:\/\/eurorxdrugs.cc\/cs\/wp-json\/wp\/v2\/product"}],"about":[{"href":"https:\/\/eurorxdrugs.cc\/cs\/wp-json\/wp\/v2\/types\/product"}],"replies":[{"embeddable":true,"href":"https:\/\/eurorxdrugs.cc\/cs\/wp-json\/wp\/v2\/comments?post=3214"}],"wp:featuredmedia":[{"embeddable":true,"href":"https:\/\/eurorxdrugs.cc\/cs\/wp-json\/wp\/v2\/media\/3215"}],"wp:attachment":[{"href":"https:\/\/eurorxdrugs.cc\/cs\/wp-json\/wp\/v2\/media?parent=3214"}],"wp:term":[{"taxonomy":"product_cat","embeddable":true,"href":"https:\/\/eurorxdrugs.cc\/cs\/wp-json\/wp\/v2\/product_cat?post=3214"},{"taxonomy":"product_tag","embeddable":true,"href":"https:\/\/eurorxdrugs.cc\/cs\/wp-json\/wp\/v2\/product_tag?post=3214"}],"curies":[{"name":"wp","href":"https:\/\/api.w.org\/{rel}","templated":true}]}}