{"id":3243,"date":"2024-09-14T11:09:45","date_gmt":"2024-09-14T11:09:45","guid":{"rendered":"https:\/\/eurorxdrugs.cc\/cs\/?post_type=product&#038;p=3243"},"modified":"2024-09-14T11:22:22","modified_gmt":"2024-09-14T11:22:22","slug":"antabuse-disulfiram","status":"publish","type":"product","link":"https:\/\/eurorxdrugs.cc\/cs\/product\/antabuse-disulfiram\/","title":{"rendered":"Antabuse (Disulfiram)"},"content":{"rendered":"<h2 style=\"text-align: left;\"><b>Antabuse<\/b><\/h2>\n<p style=\"text-align: left;\"><b>Antabuse<\/b>\u00a0is a medication used to treat chronic alcoholism. It contains the active substance\u00a0<b>disulfiram<\/b>\u00a0(bis(diethylthiocarbamoyl)) which blocks alcohol dehydrogenase (ADH), the enzyme involved in the metabolism of ethanol. Consequently, the blood concentration of acetaldehyde increases and causes unpleasant feelings such as flushing, nausea, vomiting, tachycardia, lowering blood pressure, etc. Consumption of alcoholic beverages becomes extremely unpleasant during treatment with Antabuse.<\/p>\n<p style=\"text-align: left;\"><b>Dosage and Directions:<\/b>\u00a0Take it orally at least 12 hours after drinking alcohol. While taking Antabuse, avoid drinking alcoholic beverages in any form: beer, wine, aftershave lotions, liquid medications, mouthwash, colognes. Take the pill with a full glass of water.<\/p>\n<p style=\"text-align: left;\"><b>Contraindications:<\/b>\u00a0Antabuse cannot be used in patients with:<\/p>\n<ul style=\"text-align: left;\">\n<li>Severe diseases of the cardiovascular system<\/li>\n<li>Neuritis of the auditory nerve<\/li>\n<li>Glaucoma<\/li>\n<li>Optic neuritis<\/li>\n<li>Bronchial asthma<\/li>\n<li>Emphysema<\/li>\n<li>Pulmonary tuberculosis<\/li>\n<li>Severe hepatic impairment<\/li>\n<li>Diabetes<\/li>\n<li>Hyperthyroidism<\/li>\n<li>Mental illness<\/li>\n<li>Acute peptic ulcer<\/li>\n<li>Diseases of the kidneys<\/li>\n<li>Malignant tumors<\/li>\n<li>Polyneuritis<\/li>\n<li>Pregnant and breastfeeding women<\/li>\n<li>Allergic reaction to the medication<\/li>\n<\/ul>\n<p style=\"text-align: left;\"><b>Side Effects:<\/b><\/p>\n<ul style=\"text-align: left;\">\n<li><b>Common:<\/b>\n<ul>\n<li>Restlessness<\/li>\n<li>Headache<\/li>\n<li>Drowsiness<\/li>\n<li>Skin rash<\/li>\n<li>Acne<\/li>\n<li>Changes in vision<\/li>\n<li>Garlic-like aftertaste<\/li>\n<\/ul>\n<\/li>\n<li><b>Rare but Serious:<\/b>\n<ul>\n<li>Tingling hands or feet<\/li>\n<li>Fatigue<\/li>\n<li>Weakness<\/li>\n<li>Strong stomach pains<\/li>\n<li>Loss of appetite<\/li>\n<li>Nausea<\/li>\n<li>Vomiting<\/li>\n<li>Dark urine<\/li>\n<li>Yellowing of the eyes or skin<\/li>\n<\/ul>\n<\/li>\n<\/ul>\n<p style=\"text-align: left;\">If you experience serious side effects that become bothersome or worsen, notify your doctor and seek immediate medical attention.<\/p>\n<p style=\"text-align: left;\"><b>Missed Dose:<\/b>\u00a0Never take a double dose of this medication. If it is almost time for the next dose, just skip the missed portion and continue taking the medicine according to the schedule.<\/p>\n<p style=\"text-align: left;\"><b>Overdose:<\/b>\u00a0Immediate medical care is needed in case of Antabuse overdose. Symptoms include loss of coordination, nausea, vomiting, dizziness, numbness and tingling, and seizures.<\/p>\n<p style=\"text-align: left;\"><b>Storage:<\/b>\u00a0Store at room temperature of 59-86\u00b0F (15-30\u00b0C) away from moisture and sunlight. Keep away from moisture (bathroom).<\/p>\n","protected":false},"excerpt":{"rendered":"<div><b>Commercial Name:<\/b>\u00a0Antabuse<\/div>\n<div><b>Active Ingredient:<\/b>\u00a0Disulfiram<\/div>\n<div><b>Production form:<\/b>\u00a0Pills<\/div>\n<div><b>Utilization:<\/b>\u00a0Is used for treating alcoholism<\/div>\n<div><b>Available Dosage:<\/b>\u00a0250mg, 500mg<\/div>\n","protected":false},"featured_media":3244,"comment_status":"open","ping_status":"closed","template":"","meta":[],"product_cat":[39],"product_tag":[],"class_list":{"0":"post-3243","1":"product","2":"type-product","3":"status-publish","4":"has-post-thumbnail","6":"product_cat-others","8":"first","9":"instock","10":"shipping-taxable","11":"product-type-grouped"},"yoast_head":"<!-- This site is optimized with the Yoast SEO plugin v20.0 - https:\/\/yoast.com\/wordpress\/plugins\/seo\/ -->\n<title>Objednejte Antabuse (Disulfiram) bez receptu za n\u00edzkou cenu | Eurorxdrugs<\/title>\n<meta name=\"description\" content=\"Kupte Antabuse (Disulfiram) nyn\u00ed! Origin\u00e1ln\u00ed l\u00e9ky a rychl\u00e9 doru\u010den\u00ed v cen\u011b. 100% diskr\u00e9tn\u00ed a d\u016fv\u011brn\u00fd servis pro v\u0161echny na\u0161e z\u00e1kazn\u00edky na Eurorxdrugs\" \/>\n<meta name=\"robots\" content=\"index, follow, max-snippet:-1, max-image-preview:large, max-video-preview:-1\" \/>\n<link rel=\"canonical\" href=\"https:\/\/eurorxdrugs.cc\/cs\/product\/antabuse-disulfiram\/\" \/>\n<meta property=\"og:locale\" content=\"cs_CZ\" \/>\n<meta property=\"og:type\" content=\"article\" \/>\n<meta property=\"og:title\" content=\"Objednejte Antabuse (Disulfiram) bez receptu za n\u00edzkou cenu | Eurorxdrugs\" \/>\n<meta property=\"og:description\" content=\"Kupte Antabuse (Disulfiram) nyn\u00ed! Origin\u00e1ln\u00ed l\u00e9ky a rychl\u00e9 doru\u010den\u00ed v cen\u011b. 100% diskr\u00e9tn\u00ed a d\u016fv\u011brn\u00fd servis pro v\u0161echny na\u0161e z\u00e1kazn\u00edky na Eurorxdrugs\" \/>\n<meta property=\"og:url\" content=\"https:\/\/eurorxdrugs.cc\/cs\/product\/antabuse-disulfiram\/\" \/>\n<meta property=\"og:site_name\" content=\"eurorxdrugs\" \/>\n<meta property=\"article:modified_time\" content=\"2024-09-14T11:22:22+00:00\" \/>\n<meta property=\"og:image\" content=\"https:\/\/eurorxdrugs.cc\/cs\/wp-content\/uploads\/2024\/09\/187-min.jpg\" \/>\n\t<meta property=\"og:image:width\" content=\"270\" \/>\n\t<meta property=\"og:image:height\" content=\"300\" \/>\n\t<meta property=\"og:image:type\" content=\"image\/jpeg\" \/>\n<meta name=\"twitter:card\" content=\"summary_large_image\" \/>\n<meta name=\"twitter:label1\" content=\"Odhadovan\u00e1 doba \u010dten\u00ed\" \/>\n\t<meta name=\"twitter:data1\" content=\"1 minuta\" \/>\n<script type=\"application\/ld+json\" class=\"yoast-schema-graph\">{\"@context\":\"https:\/\/schema.org\",\"@graph\":[{\"@type\":\"WebPage\",\"@id\":\"https:\/\/eurorxdrugs.cc\/cs\/product\/antabuse-disulfiram\/\",\"url\":\"https:\/\/eurorxdrugs.cc\/cs\/product\/antabuse-disulfiram\/\",\"name\":\"Objednejte Antabuse (Disulfiram) bez receptu za n\u00edzkou cenu | Eurorxdrugs\",\"isPartOf\":{\"@id\":\"https:\/\/eurorxdrugs.cc\/cs\/#website\"},\"datePublished\":\"2024-09-14T11:09:45+00:00\",\"dateModified\":\"2024-09-14T11:22:22+00:00\",\"description\":\"Kupte Antabuse (Disulfiram) nyn\u00ed! Origin\u00e1ln\u00ed l\u00e9ky a rychl\u00e9 doru\u010den\u00ed v cen\u011b. 100% diskr\u00e9tn\u00ed a d\u016fv\u011brn\u00fd servis pro v\u0161echny na\u0161e z\u00e1kazn\u00edky na Eurorxdrugs\",\"breadcrumb\":{\"@id\":\"https:\/\/eurorxdrugs.cc\/cs\/product\/antabuse-disulfiram\/#breadcrumb\"},\"inLanguage\":\"cs\",\"potentialAction\":[{\"@type\":\"ReadAction\",\"target\":[\"https:\/\/eurorxdrugs.cc\/cs\/product\/antabuse-disulfiram\/\"]}]},{\"@type\":\"BreadcrumbList\",\"@id\":\"https:\/\/eurorxdrugs.cc\/cs\/product\/antabuse-disulfiram\/#breadcrumb\",\"itemListElement\":[{\"@type\":\"ListItem\",\"position\":1,\"name\":\"Home\",\"item\":\"https:\/\/eurorxdrugs.cc\/cs\/\"},{\"@type\":\"ListItem\",\"position\":2,\"name\":\"Products\",\"item\":\"https:\/\/eurorxdrugs.cc\/cs\/shop\/\"},{\"@type\":\"ListItem\",\"position\":3,\"name\":\"Antabuse (Disulfiram)\"}]},{\"@type\":\"WebSite\",\"@id\":\"https:\/\/eurorxdrugs.cc\/cs\/#website\",\"url\":\"https:\/\/eurorxdrugs.cc\/cs\/\",\"name\":\"eurorxdrugs\",\"description\":\"\",\"publisher\":{\"@id\":\"https:\/\/eurorxdrugs.cc\/cs\/#organization\"},\"potentialAction\":[{\"@type\":\"SearchAction\",\"target\":{\"@type\":\"EntryPoint\",\"urlTemplate\":\"https:\/\/eurorxdrugs.cc\/cs\/?s={search_term_string}\"},\"query-input\":\"required name=search_term_string\"}],\"inLanguage\":\"cs\"},{\"@type\":\"Organization\",\"@id\":\"https:\/\/eurorxdrugs.cc\/cs\/#organization\",\"name\":\"eurorxdrugs\",\"url\":\"https:\/\/eurorxdrugs.cc\/cs\/\",\"logo\":{\"@type\":\"ImageObject\",\"inLanguage\":\"cs\",\"@id\":\"https:\/\/eurorxdrugs.cc\/cs\/#\/schema\/logo\/image\/\",\"url\":\"https:\/\/eurorxdrugs.cc\/cs\/wp-content\/uploads\/2024\/09\/logo-1-1.png\",\"contentUrl\":\"https:\/\/eurorxdrugs.cc\/cs\/wp-content\/uploads\/2024\/09\/logo-1-1.png\",\"width\":233,\"height\":54,\"caption\":\"eurorxdrugs\"},\"image\":{\"@id\":\"https:\/\/eurorxdrugs.cc\/cs\/#\/schema\/logo\/image\/\"}}]}<\/script>\n<!-- \/ Yoast SEO plugin. -->","yoast_head_json":{"title":"Objednejte Antabuse (Disulfiram) bez receptu za n\u00edzkou cenu | Eurorxdrugs","description":"Kupte Antabuse (Disulfiram) nyn\u00ed! Origin\u00e1ln\u00ed l\u00e9ky a rychl\u00e9 doru\u010den\u00ed v cen\u011b. 100% diskr\u00e9tn\u00ed a d\u016fv\u011brn\u00fd servis pro v\u0161echny na\u0161e z\u00e1kazn\u00edky na Eurorxdrugs","robots":{"index":"index","follow":"follow","max-snippet":"max-snippet:-1","max-image-preview":"max-image-preview:large","max-video-preview":"max-video-preview:-1"},"canonical":"https:\/\/eurorxdrugs.cc\/cs\/product\/antabuse-disulfiram\/","og_locale":"cs_CZ","og_type":"article","og_title":"Objednejte Antabuse (Disulfiram) bez receptu za n\u00edzkou cenu | Eurorxdrugs","og_description":"Kupte Antabuse (Disulfiram) nyn\u00ed! Origin\u00e1ln\u00ed l\u00e9ky a rychl\u00e9 doru\u010den\u00ed v cen\u011b. 100% diskr\u00e9tn\u00ed a d\u016fv\u011brn\u00fd servis pro v\u0161echny na\u0161e z\u00e1kazn\u00edky na Eurorxdrugs","og_url":"https:\/\/eurorxdrugs.cc\/cs\/product\/antabuse-disulfiram\/","og_site_name":"eurorxdrugs","article_modified_time":"2024-09-14T11:22:22+00:00","og_image":[{"width":270,"height":300,"url":"https:\/\/eurorxdrugs.cc\/cs\/wp-content\/uploads\/2024\/09\/187-min.jpg","type":"image\/jpeg"}],"twitter_card":"summary_large_image","twitter_misc":{"Odhadovan\u00e1 doba \u010dten\u00ed":"1 minuta"},"schema":{"@context":"https:\/\/schema.org","@graph":[{"@type":"WebPage","@id":"https:\/\/eurorxdrugs.cc\/cs\/product\/antabuse-disulfiram\/","url":"https:\/\/eurorxdrugs.cc\/cs\/product\/antabuse-disulfiram\/","name":"Objednejte Antabuse (Disulfiram) bez receptu za n\u00edzkou cenu | Eurorxdrugs","isPartOf":{"@id":"https:\/\/eurorxdrugs.cc\/cs\/#website"},"datePublished":"2024-09-14T11:09:45+00:00","dateModified":"2024-09-14T11:22:22+00:00","description":"Kupte Antabuse (Disulfiram) nyn\u00ed! Origin\u00e1ln\u00ed l\u00e9ky a rychl\u00e9 doru\u010den\u00ed v cen\u011b. 100% diskr\u00e9tn\u00ed a d\u016fv\u011brn\u00fd servis pro v\u0161echny na\u0161e z\u00e1kazn\u00edky na Eurorxdrugs","breadcrumb":{"@id":"https:\/\/eurorxdrugs.cc\/cs\/product\/antabuse-disulfiram\/#breadcrumb"},"inLanguage":"cs","potentialAction":[{"@type":"ReadAction","target":["https:\/\/eurorxdrugs.cc\/cs\/product\/antabuse-disulfiram\/"]}]},{"@type":"BreadcrumbList","@id":"https:\/\/eurorxdrugs.cc\/cs\/product\/antabuse-disulfiram\/#breadcrumb","itemListElement":[{"@type":"ListItem","position":1,"name":"Home","item":"https:\/\/eurorxdrugs.cc\/cs\/"},{"@type":"ListItem","position":2,"name":"Products","item":"https:\/\/eurorxdrugs.cc\/cs\/shop\/"},{"@type":"ListItem","position":3,"name":"Antabuse (Disulfiram)"}]},{"@type":"WebSite","@id":"https:\/\/eurorxdrugs.cc\/cs\/#website","url":"https:\/\/eurorxdrugs.cc\/cs\/","name":"eurorxdrugs","description":"","publisher":{"@id":"https:\/\/eurorxdrugs.cc\/cs\/#organization"},"potentialAction":[{"@type":"SearchAction","target":{"@type":"EntryPoint","urlTemplate":"https:\/\/eurorxdrugs.cc\/cs\/?s={search_term_string}"},"query-input":"required name=search_term_string"}],"inLanguage":"cs"},{"@type":"Organization","@id":"https:\/\/eurorxdrugs.cc\/cs\/#organization","name":"eurorxdrugs","url":"https:\/\/eurorxdrugs.cc\/cs\/","logo":{"@type":"ImageObject","inLanguage":"cs","@id":"https:\/\/eurorxdrugs.cc\/cs\/#\/schema\/logo\/image\/","url":"https:\/\/eurorxdrugs.cc\/cs\/wp-content\/uploads\/2024\/09\/logo-1-1.png","contentUrl":"https:\/\/eurorxdrugs.cc\/cs\/wp-content\/uploads\/2024\/09\/logo-1-1.png","width":233,"height":54,"caption":"eurorxdrugs"},"image":{"@id":"https:\/\/eurorxdrugs.cc\/cs\/#\/schema\/logo\/image\/"}}]}},"_links":{"self":[{"href":"https:\/\/eurorxdrugs.cc\/cs\/wp-json\/wp\/v2\/product\/3243","targetHints":{"allow":["GET"]}}],"collection":[{"href":"https:\/\/eurorxdrugs.cc\/cs\/wp-json\/wp\/v2\/product"}],"about":[{"href":"https:\/\/eurorxdrugs.cc\/cs\/wp-json\/wp\/v2\/types\/product"}],"replies":[{"embeddable":true,"href":"https:\/\/eurorxdrugs.cc\/cs\/wp-json\/wp\/v2\/comments?post=3243"}],"wp:featuredmedia":[{"embeddable":true,"href":"https:\/\/eurorxdrugs.cc\/cs\/wp-json\/wp\/v2\/media\/3244"}],"wp:attachment":[{"href":"https:\/\/eurorxdrugs.cc\/cs\/wp-json\/wp\/v2\/media?parent=3243"}],"wp:term":[{"taxonomy":"product_cat","embeddable":true,"href":"https:\/\/eurorxdrugs.cc\/cs\/wp-json\/wp\/v2\/product_cat?post=3243"},{"taxonomy":"product_tag","embeddable":true,"href":"https:\/\/eurorxdrugs.cc\/cs\/wp-json\/wp\/v2\/product_tag?post=3243"}],"curies":[{"name":"wp","href":"https:\/\/api.w.org\/{rel}","templated":true}]}}