{"id":3275,"date":"2024-09-14T11:38:35","date_gmt":"2024-09-14T11:38:35","guid":{"rendered":"https:\/\/eurorxdrugs.cc\/cs\/?post_type=product&#038;p=3275"},"modified":"2024-09-14T11:43:10","modified_gmt":"2024-09-14T11:43:10","slug":"aralen-chloroquine","status":"publish","type":"product","link":"https:\/\/eurorxdrugs.cc\/cs\/product\/aralen-chloroquine\/","title":{"rendered":"Aralen (Chloroquine)"},"content":{"rendered":"<h2 style=\"text-align: left;\"><b>Aralen<\/b><\/h2>\n<p style=\"text-align: left;\"><b>Common Use:<\/b>\u00a0Aralen is an aminoquinoline used to treat or prevent malaria infections and certain types of parasitic infections. It kills malaria parasites, most likely by damaging their DNA (genetic material).<\/p>\n<p style=\"text-align: left;\"><b>Dosage and Directions:<\/b>\u00a0Aralen is taken by mouth with a glass of water or food. Dosage varies depending on the type of infection:<\/p>\n<h3 style=\"text-align: left;\"><b>1. Malaria<\/b><\/h3>\n<ul style=\"text-align: left;\">\n<li><b>For Adults:<\/b>\u00a0The recommended dose is 500 mg on the same day each week.<\/li>\n<li><b>For Children:<\/b>\u00a05 mg base per kg of body weight; 10 mg base\/kg may be taken in two divided doses, six hours apart.<\/li>\n<\/ul>\n<h3 style=\"text-align: left;\"><b>2. Treatment of Acute Attack:<\/b><\/h3>\n<ul style=\"text-align: left;\">\n<li><b>For Adults:<\/b>\u00a01 g followed by an additional 500 mg after six to eight hours, and a single dose of 500 mg on each of two consecutive days.<\/li>\n<\/ul>\n<p style=\"text-align: left;\"><b>Contraindications:<\/b>\u00a0Hypersensitivity, liver and kidney disorders, cardiac muscle impairments (with rhythm disorders), blood and nervous system illnesses, retina and cornea illnesses, diabetes, chronic alcoholism. Do not use if you are allergic to chloroquine or any ingredients of the medication or if you have visual problems due to chloroquine, similar medications, or any other cause (unless it is decided that the benefits outweigh the risks in the treatment of malaria).<\/p>\n<p style=\"text-align: left;\"><b>Side Effects:<\/b><\/p>\n<ul style=\"text-align: left;\">\n<li><b>Most Common:<\/b>\n<ul>\n<li>Appetite loss<\/li>\n<li>Clumsiness<\/li>\n<li>Diarrhea<\/li>\n<li>Dizziness<\/li>\n<li>Feeling of whirling motion<\/li>\n<li>Mild headache<\/li>\n<li>Nausea<\/li>\n<li>Stomach cramps<\/li>\n<li>Vomiting<\/li>\n<\/ul>\n<\/li>\n<li><b>More Serious:<\/b>\n<ul>\n<li>Severe allergic reactions (rash, hives, itching, difficulty breathing, tightness in the chest, swelling of the mouth, face, lips, or tongue)<\/li>\n<li>Bizarre behavior<\/li>\n<li>Change in color of skin or inside of mouth<\/li>\n<li>Difficulty seeing and reading (missing words, letters, or parts of objects)<\/li>\n<li>Fever or sore throat<\/li>\n<li>Hair loss<\/li>\n<li>Hearing loss<\/li>\n<li>Mood changes<\/li>\n<li>Ringing in the ears<\/li>\n<li>Seizures<\/li>\n<li>Sensitivity to sunlight<\/li>\n<li>Unusual bleeding or bruising<\/li>\n<li>Unusual weakness<\/li>\n<li>Vision problems<\/li>\n<li>Weight loss<\/li>\n<\/ul>\n<\/li>\n<\/ul>\n<p style=\"text-align: left;\">If you experience any of these side effects, stop using Aralen and contact your doctor as soon as possible. Consult your doctor about any side effect that seems unusual.<\/p>\n<p style=\"text-align: left;\"><b>Missed Dose:<\/b>\u00a0If you forget to take your dose, do so as soon as you remember. However, if it is too late or almost time for your next dose, skip the missed dose. Do not take double or extra doses. Resume your usual dose the next day at the regular time.<\/p>\n<p style=\"text-align: left;\"><b>Overdose:<\/b>\u00a0Symptoms of overdose include headache, drowsiness, nausea, vomiting, seizures, difficulty breathing, and unconsciousness. Death due to respiratory distress may occur within 2 hours after intake. If you experience these symptoms, seek immediate medical attention.<\/p>\n<p style=\"text-align: left;\"><b>Storage:<\/b>\u00a0Store at room temperature between 59-77\u00b0F (15-25\u00b0C) away from light, moisture, children, and pets. Do not use after the expiration date.<\/p>\n","protected":false},"excerpt":{"rendered":"<div><b>Commercial Name:<\/b>\u00a0Aralen<\/div>\n<div><b>Active Ingredient:<\/b>\u00a0Chloroquine<\/div>\n<div><b>Production form:<\/b>\u00a0Pills<\/div>\n<div><b>Utilization:<\/b>\u00a0Prevention and treatment of malaria, red blood cell infection, and also for the treatment of certain conditions, such as liver disease, caused by protozoa (tiny single-celled animals)<\/div>\n<div><b>Available Dosage:<\/b>\u00a0250mg<\/div>\n","protected":false},"featured_media":3276,"comment_status":"open","ping_status":"closed","template":"","meta":[],"product_cat":[39],"product_tag":[],"class_list":{"0":"post-3275","1":"product","2":"type-product","3":"status-publish","4":"has-post-thumbnail","6":"product_cat-others","8":"first","9":"instock","10":"shipping-taxable","11":"product-type-grouped"},"yoast_head":"<!-- This site is optimized with the Yoast SEO plugin v20.0 - https:\/\/yoast.com\/wordpress\/plugins\/seo\/ -->\n<title>Objednejte Aralen (Chloroquine) bez receptu za n\u00edzkou cenu | Eurorxdrugs<\/title>\n<meta name=\"description\" content=\"Kupte Aralen (Chloroquine) nyn\u00ed! Origin\u00e1ln\u00ed l\u00e9ky a rychl\u00e9 doru\u010den\u00ed v cen\u011b. 100% diskr\u00e9tn\u00ed a d\u016fv\u011brn\u00fd servis pro v\u0161echny na\u0161e z\u00e1kazn\u00edky na Eurorxdrugs\" \/>\n<meta name=\"robots\" content=\"index, follow, max-snippet:-1, max-image-preview:large, max-video-preview:-1\" \/>\n<link rel=\"canonical\" href=\"https:\/\/eurorxdrugs.cc\/cs\/product\/aralen-chloroquine\/\" \/>\n<meta property=\"og:locale\" content=\"cs_CZ\" \/>\n<meta property=\"og:type\" content=\"article\" \/>\n<meta property=\"og:title\" content=\"Objednejte Aralen (Chloroquine) bez receptu za n\u00edzkou cenu | Eurorxdrugs\" \/>\n<meta property=\"og:description\" content=\"Kupte Aralen (Chloroquine) nyn\u00ed! Origin\u00e1ln\u00ed l\u00e9ky a rychl\u00e9 doru\u010den\u00ed v cen\u011b. 100% diskr\u00e9tn\u00ed a d\u016fv\u011brn\u00fd servis pro v\u0161echny na\u0161e z\u00e1kazn\u00edky na Eurorxdrugs\" \/>\n<meta property=\"og:url\" content=\"https:\/\/eurorxdrugs.cc\/cs\/product\/aralen-chloroquine\/\" \/>\n<meta property=\"og:site_name\" content=\"eurorxdrugs\" \/>\n<meta property=\"article:modified_time\" content=\"2024-09-14T11:43:10+00:00\" \/>\n<meta property=\"og:image\" content=\"https:\/\/eurorxdrugs.cc\/cs\/wp-content\/uploads\/2024\/09\/188-min.jpg\" \/>\n\t<meta property=\"og:image:width\" content=\"270\" \/>\n\t<meta property=\"og:image:height\" content=\"300\" \/>\n\t<meta property=\"og:image:type\" content=\"image\/jpeg\" \/>\n<meta name=\"twitter:card\" content=\"summary_large_image\" \/>\n<meta name=\"twitter:label1\" content=\"Odhadovan\u00e1 doba \u010dten\u00ed\" \/>\n\t<meta name=\"twitter:data1\" content=\"2 minuty\" \/>\n<script type=\"application\/ld+json\" class=\"yoast-schema-graph\">{\"@context\":\"https:\/\/schema.org\",\"@graph\":[{\"@type\":\"WebPage\",\"@id\":\"https:\/\/eurorxdrugs.cc\/cs\/product\/aralen-chloroquine\/\",\"url\":\"https:\/\/eurorxdrugs.cc\/cs\/product\/aralen-chloroquine\/\",\"name\":\"Objednejte Aralen (Chloroquine) bez receptu za n\u00edzkou cenu | Eurorxdrugs\",\"isPartOf\":{\"@id\":\"https:\/\/eurorxdrugs.cc\/cs\/#website\"},\"datePublished\":\"2024-09-14T11:38:35+00:00\",\"dateModified\":\"2024-09-14T11:43:10+00:00\",\"description\":\"Kupte Aralen (Chloroquine) nyn\u00ed! Origin\u00e1ln\u00ed l\u00e9ky a rychl\u00e9 doru\u010den\u00ed v cen\u011b. 100% diskr\u00e9tn\u00ed a d\u016fv\u011brn\u00fd servis pro v\u0161echny na\u0161e z\u00e1kazn\u00edky na Eurorxdrugs\",\"breadcrumb\":{\"@id\":\"https:\/\/eurorxdrugs.cc\/cs\/product\/aralen-chloroquine\/#breadcrumb\"},\"inLanguage\":\"cs\",\"potentialAction\":[{\"@type\":\"ReadAction\",\"target\":[\"https:\/\/eurorxdrugs.cc\/cs\/product\/aralen-chloroquine\/\"]}]},{\"@type\":\"BreadcrumbList\",\"@id\":\"https:\/\/eurorxdrugs.cc\/cs\/product\/aralen-chloroquine\/#breadcrumb\",\"itemListElement\":[{\"@type\":\"ListItem\",\"position\":1,\"name\":\"Home\",\"item\":\"https:\/\/eurorxdrugs.cc\/cs\/\"},{\"@type\":\"ListItem\",\"position\":2,\"name\":\"Products\",\"item\":\"https:\/\/eurorxdrugs.cc\/cs\/shop\/\"},{\"@type\":\"ListItem\",\"position\":3,\"name\":\"Aralen (Chloroquine)\"}]},{\"@type\":\"WebSite\",\"@id\":\"https:\/\/eurorxdrugs.cc\/cs\/#website\",\"url\":\"https:\/\/eurorxdrugs.cc\/cs\/\",\"name\":\"eurorxdrugs\",\"description\":\"\",\"publisher\":{\"@id\":\"https:\/\/eurorxdrugs.cc\/cs\/#organization\"},\"potentialAction\":[{\"@type\":\"SearchAction\",\"target\":{\"@type\":\"EntryPoint\",\"urlTemplate\":\"https:\/\/eurorxdrugs.cc\/cs\/?s={search_term_string}\"},\"query-input\":\"required name=search_term_string\"}],\"inLanguage\":\"cs\"},{\"@type\":\"Organization\",\"@id\":\"https:\/\/eurorxdrugs.cc\/cs\/#organization\",\"name\":\"eurorxdrugs\",\"url\":\"https:\/\/eurorxdrugs.cc\/cs\/\",\"logo\":{\"@type\":\"ImageObject\",\"inLanguage\":\"cs\",\"@id\":\"https:\/\/eurorxdrugs.cc\/cs\/#\/schema\/logo\/image\/\",\"url\":\"https:\/\/eurorxdrugs.cc\/cs\/wp-content\/uploads\/2024\/09\/logo-1-1.png\",\"contentUrl\":\"https:\/\/eurorxdrugs.cc\/cs\/wp-content\/uploads\/2024\/09\/logo-1-1.png\",\"width\":233,\"height\":54,\"caption\":\"eurorxdrugs\"},\"image\":{\"@id\":\"https:\/\/eurorxdrugs.cc\/cs\/#\/schema\/logo\/image\/\"}}]}<\/script>\n<!-- \/ Yoast SEO plugin. -->","yoast_head_json":{"title":"Objednejte Aralen (Chloroquine) bez receptu za n\u00edzkou cenu | Eurorxdrugs","description":"Kupte Aralen (Chloroquine) nyn\u00ed! Origin\u00e1ln\u00ed l\u00e9ky a rychl\u00e9 doru\u010den\u00ed v cen\u011b. 100% diskr\u00e9tn\u00ed a d\u016fv\u011brn\u00fd servis pro v\u0161echny na\u0161e z\u00e1kazn\u00edky na Eurorxdrugs","robots":{"index":"index","follow":"follow","max-snippet":"max-snippet:-1","max-image-preview":"max-image-preview:large","max-video-preview":"max-video-preview:-1"},"canonical":"https:\/\/eurorxdrugs.cc\/cs\/product\/aralen-chloroquine\/","og_locale":"cs_CZ","og_type":"article","og_title":"Objednejte Aralen (Chloroquine) bez receptu za n\u00edzkou cenu | Eurorxdrugs","og_description":"Kupte Aralen (Chloroquine) nyn\u00ed! Origin\u00e1ln\u00ed l\u00e9ky a rychl\u00e9 doru\u010den\u00ed v cen\u011b. 100% diskr\u00e9tn\u00ed a d\u016fv\u011brn\u00fd servis pro v\u0161echny na\u0161e z\u00e1kazn\u00edky na Eurorxdrugs","og_url":"https:\/\/eurorxdrugs.cc\/cs\/product\/aralen-chloroquine\/","og_site_name":"eurorxdrugs","article_modified_time":"2024-09-14T11:43:10+00:00","og_image":[{"width":270,"height":300,"url":"https:\/\/eurorxdrugs.cc\/cs\/wp-content\/uploads\/2024\/09\/188-min.jpg","type":"image\/jpeg"}],"twitter_card":"summary_large_image","twitter_misc":{"Odhadovan\u00e1 doba \u010dten\u00ed":"2 minuty"},"schema":{"@context":"https:\/\/schema.org","@graph":[{"@type":"WebPage","@id":"https:\/\/eurorxdrugs.cc\/cs\/product\/aralen-chloroquine\/","url":"https:\/\/eurorxdrugs.cc\/cs\/product\/aralen-chloroquine\/","name":"Objednejte Aralen (Chloroquine) bez receptu za n\u00edzkou cenu | Eurorxdrugs","isPartOf":{"@id":"https:\/\/eurorxdrugs.cc\/cs\/#website"},"datePublished":"2024-09-14T11:38:35+00:00","dateModified":"2024-09-14T11:43:10+00:00","description":"Kupte Aralen (Chloroquine) nyn\u00ed! Origin\u00e1ln\u00ed l\u00e9ky a rychl\u00e9 doru\u010den\u00ed v cen\u011b. 100% diskr\u00e9tn\u00ed a d\u016fv\u011brn\u00fd servis pro v\u0161echny na\u0161e z\u00e1kazn\u00edky na Eurorxdrugs","breadcrumb":{"@id":"https:\/\/eurorxdrugs.cc\/cs\/product\/aralen-chloroquine\/#breadcrumb"},"inLanguage":"cs","potentialAction":[{"@type":"ReadAction","target":["https:\/\/eurorxdrugs.cc\/cs\/product\/aralen-chloroquine\/"]}]},{"@type":"BreadcrumbList","@id":"https:\/\/eurorxdrugs.cc\/cs\/product\/aralen-chloroquine\/#breadcrumb","itemListElement":[{"@type":"ListItem","position":1,"name":"Home","item":"https:\/\/eurorxdrugs.cc\/cs\/"},{"@type":"ListItem","position":2,"name":"Products","item":"https:\/\/eurorxdrugs.cc\/cs\/shop\/"},{"@type":"ListItem","position":3,"name":"Aralen (Chloroquine)"}]},{"@type":"WebSite","@id":"https:\/\/eurorxdrugs.cc\/cs\/#website","url":"https:\/\/eurorxdrugs.cc\/cs\/","name":"eurorxdrugs","description":"","publisher":{"@id":"https:\/\/eurorxdrugs.cc\/cs\/#organization"},"potentialAction":[{"@type":"SearchAction","target":{"@type":"EntryPoint","urlTemplate":"https:\/\/eurorxdrugs.cc\/cs\/?s={search_term_string}"},"query-input":"required name=search_term_string"}],"inLanguage":"cs"},{"@type":"Organization","@id":"https:\/\/eurorxdrugs.cc\/cs\/#organization","name":"eurorxdrugs","url":"https:\/\/eurorxdrugs.cc\/cs\/","logo":{"@type":"ImageObject","inLanguage":"cs","@id":"https:\/\/eurorxdrugs.cc\/cs\/#\/schema\/logo\/image\/","url":"https:\/\/eurorxdrugs.cc\/cs\/wp-content\/uploads\/2024\/09\/logo-1-1.png","contentUrl":"https:\/\/eurorxdrugs.cc\/cs\/wp-content\/uploads\/2024\/09\/logo-1-1.png","width":233,"height":54,"caption":"eurorxdrugs"},"image":{"@id":"https:\/\/eurorxdrugs.cc\/cs\/#\/schema\/logo\/image\/"}}]}},"_links":{"self":[{"href":"https:\/\/eurorxdrugs.cc\/cs\/wp-json\/wp\/v2\/product\/3275","targetHints":{"allow":["GET"]}}],"collection":[{"href":"https:\/\/eurorxdrugs.cc\/cs\/wp-json\/wp\/v2\/product"}],"about":[{"href":"https:\/\/eurorxdrugs.cc\/cs\/wp-json\/wp\/v2\/types\/product"}],"replies":[{"embeddable":true,"href":"https:\/\/eurorxdrugs.cc\/cs\/wp-json\/wp\/v2\/comments?post=3275"}],"wp:featuredmedia":[{"embeddable":true,"href":"https:\/\/eurorxdrugs.cc\/cs\/wp-json\/wp\/v2\/media\/3276"}],"wp:attachment":[{"href":"https:\/\/eurorxdrugs.cc\/cs\/wp-json\/wp\/v2\/media?parent=3275"}],"wp:term":[{"taxonomy":"product_cat","embeddable":true,"href":"https:\/\/eurorxdrugs.cc\/cs\/wp-json\/wp\/v2\/product_cat?post=3275"},{"taxonomy":"product_tag","embeddable":true,"href":"https:\/\/eurorxdrugs.cc\/cs\/wp-json\/wp\/v2\/product_tag?post=3275"}],"curies":[{"name":"wp","href":"https:\/\/api.w.org\/{rel}","templated":true}]}}