{"id":3390,"date":"2024-09-14T14:21:09","date_gmt":"2024-09-14T14:21:09","guid":{"rendered":"https:\/\/eurorxdrugs.cc\/cs\/?post_type=product&#038;p=3390"},"modified":"2024-09-14T14:21:09","modified_gmt":"2024-09-14T14:21:09","slug":"aspirin-generic-2","status":"publish","type":"product","link":"https:\/\/eurorxdrugs.cc\/cs\/product\/aspirin-generic-2\/","title":{"rendered":"Aspirin Generic"},"content":{"rendered":"<div style=\"text-align: left;\"><b>Pharmacological effect<\/b><\/div>\n<div style=\"text-align: left;\">\u00a0\u00a0\u00a0\u00a0\u00a0\u00a0\u00a0\u00a0After taking acetylsalicylic acid into the body, hyperemia is reduced, capillary permeability at the site of inflammation decreases &#8211; all this leads to a noticeable analgesic and anti-inflammatory effect. The drug quickly penetrates into all tissues and fluids, absorption occurs in the intestine and liver.<\/div>\n<div style=\"text-align: left;\"><\/div>\n<div style=\"text-align: left;\"><b>Action of acetylsalicylic acid:<\/b><\/div>\n<div style=\"text-align: left;\">\u2022 Reduces fever, while not affecting normal performance;<\/div>\n<div style=\"text-align: left;\">\u2022 Eliminates the pain of low and medium intensity;<\/div>\n<div style=\"text-align: left;\">\u2022 Acetylsalicylic acid dilutes the blood, violates the aggregation of platelets &#8211; reduces the load on the heart muscle, reduces the risk of a heart attack;<\/div>\n<div style=\"text-align: left;\">\u2022 Provides lasting anti-inflammatory effect 24\u201348 hours after the start of medication.<\/div>\n<div style=\"text-align: left;\">The drug can be taken to prevent thrombosis, stroke, reduce the risk of circulatory disorders in the brain.<\/div>\n<div style=\"text-align: left;\"><\/div>\n<div style=\"text-align: left;\"><b>Indications for use<\/b><\/div>\n<div style=\"text-align: left;\">What helps these pills? Indications for acetylsalicylic acid are:<\/div>\n<div style=\"text-align: left;\">\u2022 Febrile syndrome;<\/div>\n<div style=\"text-align: left;\">\u2022 Ischemic heart disease, thromboembolism, atrial fibrillation and myocardial infarction (as a prophylactic agent);<\/div>\n<div style=\"text-align: left;\">\u2022 Acute rheumatic fever, rheumatic chorea, Dressler&#8217;s syndrome, rheumatoid arthritis;<\/div>\n<div style=\"text-align: left;\">\u2022 Spinal diseases that are accompanied by pain syndromes (lumbago, sciatica, osteochondrosis);<\/div>\n<div style=\"text-align: left;\">\u2022 Migraine, as well as headaches, joints, muscle, menstrual and toothache, neuralgia, osteoarthritis;<\/div>\n<div style=\"text-align: left;\">\u2022 Acute thrombophlebitis, pulmonary infarction.<\/div>\n<div style=\"text-align: left;\"><\/div>\n<div style=\"text-align: left;\"><b>Contraindications<\/b><\/div>\n<div style=\"text-align: left;\">Tablets can not be taken in the case of:<\/div>\n<div style=\"text-align: left;\">\u2022 The Aspirin Triad;<\/div>\n<div style=\"text-align: left;\">\u2022 Hemophilia;<\/div>\n<div style=\"text-align: left;\">\u2022 Hypoprothrombinemia;<\/div>\n<div style=\"text-align: left;\">\u2022 Vitamin K deficiency;<\/div>\n<div style=\"text-align: left;\">\u2022 Renal and \/ or liver failure;<\/div>\n<div style=\"text-align: left;\">\u2022 Deficiency of glucose-6-phosphate dehydrogenase;<\/div>\n<div style=\"text-align: left;\">\u2022 Children under 15 years old;<\/div>\n<div style=\"text-align: left;\">\u2022 Reye&#8217;s syndrome;<\/div>\n<div style=\"text-align: left;\">\u2022 Portal hypertension;<\/div>\n<div style=\"text-align: left;\">\u2022 Hemorrhagic diathesis;<\/div>\n<div style=\"text-align: left;\">\u2022 Dissecting aortic aneurysm;<\/div>\n<div style=\"text-align: left;\">\u2022 I and III trimester of pregnancy, as well as lactation;<\/div>\n<div style=\"text-align: left;\">\u2022 Hypersensitivity to salicylates, including acetylsalicylic acid;<\/div>\n<div style=\"text-align: left;\">\u2022 A history of urticaria, rhinitis, caused by taking this drug and \/ or other nonsteroidal anti-inflammatory drugs;<\/div>\n<div style=\"text-align: left;\">\u2022 Exacerbations of erosive and ulcerative lesions of the gastrointestinal tract;<\/div>\n<div style=\"text-align: left;\">\u2022 Gastrointestinal bleeding;<\/div>\n<div style=\"text-align: left;\">\u00a0\u00a0\u00a0\u00a0\u00a0\u00a0\u00a0\u00a0With caution, under close medical supervision, the drug is used for liver and kidney diseases, gastrointestinal problems in history, bronchial asthma, increased bleeding, decompensated chronic heart failure, during the second trimester of pregnancy and during anticoagulation therapy.<\/div>\n<div style=\"text-align: left;\"><\/div>\n<div style=\"text-align: left;\"><b>Instructions for use<\/b><\/div>\n<div style=\"text-align: left;\">\u00a0\u00a0\u00a0\u00a0\u00a0\u00a0\u00a0\u00a0The instructions for use indicate that acetylsalicylic acid tablets are intended for oral administration, preferably after meals, with milk, plain or alkaline mineral water.<\/div>\n<div style=\"text-align: left;\">\u00a0 \u00a0\u00a0\u00a0\u00a0\u00a0 The adult recommends using acetylsalicylic acid for adults 3-4 times a day, 1-2 tablets (500-1000 mg), with a maximum daily dose of 6 tablets (3 g). The maximum duration of acetylsalicylic acid is 14 days.<\/div>\n<div style=\"text-align: left;\">\u00a0\u00a0\u00a0\u00a0\u00a0\u00a0 In order to improve the rheological properties of blood, and also as an inhibitor of gluing platelets, \u00bd acetylsalicylic acid tablets per day are prescribed for several months. For myocardial infarction and for the prevention of secondary myocardial infarction, the instruction for acetylsalicylic acid recommends taking 250 mg per day. Dynamic disorders of cerebral circulation and cerebral thromboembolism involve taking \u00bd acetylsalicylic acid tablets with a gradual reduction of the dose to 2 tablets per day.<\/div>\n<div style=\"text-align: left;\">\u00a0 \u00a0\u00a0\u00a0\u00a0\u00a0 The duration of treatment (without consulting a doctor) should not exceed 7 days when prescribed as an analgesic and more than 3 days as an antipyretic.<\/div>\n<div style=\"text-align: left;\">Under the supervision of a physician, acetylsalicylic acid is prescribed for children in the following single doses: over 2 years old &#8211; 100 mg, 3rd year of life &#8211; 150 mg, four years old &#8211; 200 mg, over 5 years old &#8211; 250 mg.<\/div>\n<div style=\"text-align: left;\"><\/div>\n<div style=\"text-align: left;\"><b>Side effects<\/b><\/div>\n<div style=\"text-align: left;\">\u00a0\u00a0\u00a0\u00a0\u00a0\u00a0\u00a0\u00a0Before using acetylsalicylic acid tablets, the patient should consult a doctor. If you exceed the dose or uncontrolled and long-term use of this drug may develop the following side effects:<\/div>\n<div style=\"text-align: left;\">\u2022 Impaired visual acuity;<\/div>\n<div style=\"text-align: left;\">\u2022 Bleeding &#8211; intestinal, nasal, gingival, stomach;<\/div>\n<div style=\"text-align: left;\">\u2022 Pains in the field of epigastria, nausea, vomiting;<\/div>\n<div style=\"text-align: left;\">\u2022 Diarrhea;<\/div>\n<div style=\"text-align: left;\">\u2022 Dizziness and weakness;<\/div>\n<div style=\"text-align: left;\">\u2022 Loss of appetite;<\/div>\n<div style=\"text-align: left;\">\u2022 Development of acute renal failure;<\/div>\n<div style=\"text-align: left;\">\u2022 Bronchospasm, in severe cases, the development of angioedema and anaphylactic shock;<\/div>\n<div style=\"text-align: left;\">\u2022 Changes in the clinical picture of blood &#8211; reducing the amount of hemoglobin and platelets;<\/div>\n<div style=\"text-align: left;\">\u2022 Liver and kidney problems<\/div>\n","protected":false},"excerpt":{"rendered":"<div><b>Commercial Name:<\/b>\u00a0Aspirin Generic<\/div>\n<div><b>Active Ingredient:<\/b>\u00a0Acetylsalicylic acid<\/div>\n<div><b>Production form:<\/b>\u00a0Pills<\/div>\n<div><b>Utilization:<\/b>\u00a0pain relief<\/div>\n<div><b>Available Dosage:<\/b>\u00a075 mg<\/div>\n","protected":false},"featured_media":3380,"comment_status":"open","ping_status":"closed","template":"","meta":[],"product_cat":[36],"product_tag":[],"class_list":{"0":"post-3390","1":"product","2":"type-product","3":"status-publish","4":"has-post-thumbnail","6":"product_cat-pain-management","8":"first","9":"instock","10":"shipping-taxable","11":"product-type-grouped"},"yoast_head":"<!-- This site is optimized with the Yoast SEO plugin v20.0 - https:\/\/yoast.com\/wordpress\/plugins\/seo\/ -->\n<title>Objednejte Aspirin Generic bez receptu za n\u00edzkou cenu | Eurorxdrugs<\/title>\n<meta name=\"description\" content=\"Kupte Aspirin Generic nyn\u00ed! Origin\u00e1ln\u00ed l\u00e9ky a rychl\u00e9 doru\u010den\u00ed v cen\u011b. 100% diskr\u00e9tn\u00ed a d\u016fv\u011brn\u00fd servis pro v\u0161echny na\u0161e z\u00e1kazn\u00edky na Eurorxdrugs\" \/>\n<meta name=\"robots\" content=\"index, follow, max-snippet:-1, max-image-preview:large, max-video-preview:-1\" \/>\n<link rel=\"canonical\" href=\"https:\/\/eurorxdrugs.cc\/cs\/product\/aspirin-generic-2\/\" \/>\n<meta property=\"og:locale\" content=\"cs_CZ\" \/>\n<meta property=\"og:type\" content=\"article\" \/>\n<meta property=\"og:title\" content=\"Objednejte Aspirin Generic bez receptu za n\u00edzkou cenu | Eurorxdrugs\" \/>\n<meta property=\"og:description\" content=\"Kupte Aspirin Generic nyn\u00ed! Origin\u00e1ln\u00ed l\u00e9ky a rychl\u00e9 doru\u010den\u00ed v cen\u011b. 100% diskr\u00e9tn\u00ed a d\u016fv\u011brn\u00fd servis pro v\u0161echny na\u0161e z\u00e1kazn\u00edky na Eurorxdrugs\" \/>\n<meta property=\"og:url\" content=\"https:\/\/eurorxdrugs.cc\/cs\/product\/aspirin-generic-2\/\" \/>\n<meta property=\"og:site_name\" content=\"eurorxdrugs\" \/>\n<meta property=\"og:image\" content=\"https:\/\/eurorxdrugs.cc\/cs\/wp-content\/uploads\/2024\/09\/392-min.jpg\" \/>\n\t<meta property=\"og:image:width\" content=\"270\" \/>\n\t<meta property=\"og:image:height\" content=\"300\" \/>\n\t<meta property=\"og:image:type\" content=\"image\/jpeg\" \/>\n<meta name=\"twitter:card\" content=\"summary_large_image\" \/>\n<meta name=\"twitter:label1\" content=\"Odhadovan\u00e1 doba \u010dten\u00ed\" \/>\n\t<meta name=\"twitter:data1\" content=\"3 minuty\" \/>\n<script type=\"application\/ld+json\" class=\"yoast-schema-graph\">{\"@context\":\"https:\/\/schema.org\",\"@graph\":[{\"@type\":\"WebPage\",\"@id\":\"https:\/\/eurorxdrugs.cc\/cs\/product\/aspirin-generic-2\/\",\"url\":\"https:\/\/eurorxdrugs.cc\/cs\/product\/aspirin-generic-2\/\",\"name\":\"Objednejte Aspirin Generic bez receptu za n\u00edzkou cenu | Eurorxdrugs\",\"isPartOf\":{\"@id\":\"https:\/\/eurorxdrugs.cc\/cs\/#website\"},\"datePublished\":\"2024-09-14T14:21:09+00:00\",\"dateModified\":\"2024-09-14T14:21:09+00:00\",\"description\":\"Kupte Aspirin Generic nyn\u00ed! Origin\u00e1ln\u00ed l\u00e9ky a rychl\u00e9 doru\u010den\u00ed v cen\u011b. 100% diskr\u00e9tn\u00ed a d\u016fv\u011brn\u00fd servis pro v\u0161echny na\u0161e z\u00e1kazn\u00edky na Eurorxdrugs\",\"breadcrumb\":{\"@id\":\"https:\/\/eurorxdrugs.cc\/cs\/product\/aspirin-generic-2\/#breadcrumb\"},\"inLanguage\":\"cs\",\"potentialAction\":[{\"@type\":\"ReadAction\",\"target\":[\"https:\/\/eurorxdrugs.cc\/cs\/product\/aspirin-generic-2\/\"]}]},{\"@type\":\"BreadcrumbList\",\"@id\":\"https:\/\/eurorxdrugs.cc\/cs\/product\/aspirin-generic-2\/#breadcrumb\",\"itemListElement\":[{\"@type\":\"ListItem\",\"position\":1,\"name\":\"Home\",\"item\":\"https:\/\/eurorxdrugs.cc\/cs\/\"},{\"@type\":\"ListItem\",\"position\":2,\"name\":\"Products\",\"item\":\"https:\/\/eurorxdrugs.cc\/cs\/shop\/\"},{\"@type\":\"ListItem\",\"position\":3,\"name\":\"Aspirin Generic\"}]},{\"@type\":\"WebSite\",\"@id\":\"https:\/\/eurorxdrugs.cc\/cs\/#website\",\"url\":\"https:\/\/eurorxdrugs.cc\/cs\/\",\"name\":\"eurorxdrugs\",\"description\":\"\",\"publisher\":{\"@id\":\"https:\/\/eurorxdrugs.cc\/cs\/#organization\"},\"potentialAction\":[{\"@type\":\"SearchAction\",\"target\":{\"@type\":\"EntryPoint\",\"urlTemplate\":\"https:\/\/eurorxdrugs.cc\/cs\/?s={search_term_string}\"},\"query-input\":\"required name=search_term_string\"}],\"inLanguage\":\"cs\"},{\"@type\":\"Organization\",\"@id\":\"https:\/\/eurorxdrugs.cc\/cs\/#organization\",\"name\":\"eurorxdrugs\",\"url\":\"https:\/\/eurorxdrugs.cc\/cs\/\",\"logo\":{\"@type\":\"ImageObject\",\"inLanguage\":\"cs\",\"@id\":\"https:\/\/eurorxdrugs.cc\/cs\/#\/schema\/logo\/image\/\",\"url\":\"https:\/\/eurorxdrugs.cc\/cs\/wp-content\/uploads\/2024\/09\/logo-1-1.png\",\"contentUrl\":\"https:\/\/eurorxdrugs.cc\/cs\/wp-content\/uploads\/2024\/09\/logo-1-1.png\",\"width\":233,\"height\":54,\"caption\":\"eurorxdrugs\"},\"image\":{\"@id\":\"https:\/\/eurorxdrugs.cc\/cs\/#\/schema\/logo\/image\/\"}}]}<\/script>\n<!-- \/ Yoast SEO plugin. -->","yoast_head_json":{"title":"Objednejte Aspirin Generic bez receptu za n\u00edzkou cenu | Eurorxdrugs","description":"Kupte Aspirin Generic nyn\u00ed! Origin\u00e1ln\u00ed l\u00e9ky a rychl\u00e9 doru\u010den\u00ed v cen\u011b. 100% diskr\u00e9tn\u00ed a d\u016fv\u011brn\u00fd servis pro v\u0161echny na\u0161e z\u00e1kazn\u00edky na Eurorxdrugs","robots":{"index":"index","follow":"follow","max-snippet":"max-snippet:-1","max-image-preview":"max-image-preview:large","max-video-preview":"max-video-preview:-1"},"canonical":"https:\/\/eurorxdrugs.cc\/cs\/product\/aspirin-generic-2\/","og_locale":"cs_CZ","og_type":"article","og_title":"Objednejte Aspirin Generic bez receptu za n\u00edzkou cenu | Eurorxdrugs","og_description":"Kupte Aspirin Generic nyn\u00ed! Origin\u00e1ln\u00ed l\u00e9ky a rychl\u00e9 doru\u010den\u00ed v cen\u011b. 100% diskr\u00e9tn\u00ed a d\u016fv\u011brn\u00fd servis pro v\u0161echny na\u0161e z\u00e1kazn\u00edky na Eurorxdrugs","og_url":"https:\/\/eurorxdrugs.cc\/cs\/product\/aspirin-generic-2\/","og_site_name":"eurorxdrugs","og_image":[{"width":270,"height":300,"url":"https:\/\/eurorxdrugs.cc\/cs\/wp-content\/uploads\/2024\/09\/392-min.jpg","type":"image\/jpeg"}],"twitter_card":"summary_large_image","twitter_misc":{"Odhadovan\u00e1 doba \u010dten\u00ed":"3 minuty"},"schema":{"@context":"https:\/\/schema.org","@graph":[{"@type":"WebPage","@id":"https:\/\/eurorxdrugs.cc\/cs\/product\/aspirin-generic-2\/","url":"https:\/\/eurorxdrugs.cc\/cs\/product\/aspirin-generic-2\/","name":"Objednejte Aspirin Generic bez receptu za n\u00edzkou cenu | Eurorxdrugs","isPartOf":{"@id":"https:\/\/eurorxdrugs.cc\/cs\/#website"},"datePublished":"2024-09-14T14:21:09+00:00","dateModified":"2024-09-14T14:21:09+00:00","description":"Kupte Aspirin Generic nyn\u00ed! Origin\u00e1ln\u00ed l\u00e9ky a rychl\u00e9 doru\u010den\u00ed v cen\u011b. 100% diskr\u00e9tn\u00ed a d\u016fv\u011brn\u00fd servis pro v\u0161echny na\u0161e z\u00e1kazn\u00edky na Eurorxdrugs","breadcrumb":{"@id":"https:\/\/eurorxdrugs.cc\/cs\/product\/aspirin-generic-2\/#breadcrumb"},"inLanguage":"cs","potentialAction":[{"@type":"ReadAction","target":["https:\/\/eurorxdrugs.cc\/cs\/product\/aspirin-generic-2\/"]}]},{"@type":"BreadcrumbList","@id":"https:\/\/eurorxdrugs.cc\/cs\/product\/aspirin-generic-2\/#breadcrumb","itemListElement":[{"@type":"ListItem","position":1,"name":"Home","item":"https:\/\/eurorxdrugs.cc\/cs\/"},{"@type":"ListItem","position":2,"name":"Products","item":"https:\/\/eurorxdrugs.cc\/cs\/shop\/"},{"@type":"ListItem","position":3,"name":"Aspirin Generic"}]},{"@type":"WebSite","@id":"https:\/\/eurorxdrugs.cc\/cs\/#website","url":"https:\/\/eurorxdrugs.cc\/cs\/","name":"eurorxdrugs","description":"","publisher":{"@id":"https:\/\/eurorxdrugs.cc\/cs\/#organization"},"potentialAction":[{"@type":"SearchAction","target":{"@type":"EntryPoint","urlTemplate":"https:\/\/eurorxdrugs.cc\/cs\/?s={search_term_string}"},"query-input":"required name=search_term_string"}],"inLanguage":"cs"},{"@type":"Organization","@id":"https:\/\/eurorxdrugs.cc\/cs\/#organization","name":"eurorxdrugs","url":"https:\/\/eurorxdrugs.cc\/cs\/","logo":{"@type":"ImageObject","inLanguage":"cs","@id":"https:\/\/eurorxdrugs.cc\/cs\/#\/schema\/logo\/image\/","url":"https:\/\/eurorxdrugs.cc\/cs\/wp-content\/uploads\/2024\/09\/logo-1-1.png","contentUrl":"https:\/\/eurorxdrugs.cc\/cs\/wp-content\/uploads\/2024\/09\/logo-1-1.png","width":233,"height":54,"caption":"eurorxdrugs"},"image":{"@id":"https:\/\/eurorxdrugs.cc\/cs\/#\/schema\/logo\/image\/"}}]}},"_links":{"self":[{"href":"https:\/\/eurorxdrugs.cc\/cs\/wp-json\/wp\/v2\/product\/3390","targetHints":{"allow":["GET"]}}],"collection":[{"href":"https:\/\/eurorxdrugs.cc\/cs\/wp-json\/wp\/v2\/product"}],"about":[{"href":"https:\/\/eurorxdrugs.cc\/cs\/wp-json\/wp\/v2\/types\/product"}],"replies":[{"embeddable":true,"href":"https:\/\/eurorxdrugs.cc\/cs\/wp-json\/wp\/v2\/comments?post=3390"}],"wp:featuredmedia":[{"embeddable":true,"href":"https:\/\/eurorxdrugs.cc\/cs\/wp-json\/wp\/v2\/media\/3380"}],"wp:attachment":[{"href":"https:\/\/eurorxdrugs.cc\/cs\/wp-json\/wp\/v2\/media?parent=3390"}],"wp:term":[{"taxonomy":"product_cat","embeddable":true,"href":"https:\/\/eurorxdrugs.cc\/cs\/wp-json\/wp\/v2\/product_cat?post=3390"},{"taxonomy":"product_tag","embeddable":true,"href":"https:\/\/eurorxdrugs.cc\/cs\/wp-json\/wp\/v2\/product_tag?post=3390"}],"curies":[{"name":"wp","href":"https:\/\/api.w.org\/{rel}","templated":true}]}}