{"id":3439,"date":"2024-09-14T14:51:10","date_gmt":"2024-09-14T14:51:10","guid":{"rendered":"https:\/\/eurorxdrugs.cc\/cs\/?post_type=product&#038;p=3439"},"modified":"2024-09-14T15:03:39","modified_gmt":"2024-09-14T15:03:39","slug":"augmentin-amoxicillin","status":"publish","type":"product","link":"https:\/\/eurorxdrugs.cc\/cs\/product\/augmentin-amoxicillin\/","title":{"rendered":"Augmentin (Amoxicillin)"},"content":{"rendered":"<h2 style=\"text-align: left;\"><b>Common Use<\/b><\/h2>\n<p style=\"text-align: left;\"><b>It is a broad-spectrum antibiotic<\/b>\u00a0that destroys bacteria. It is active against many aerobic (those developing in the presence of oxygen) and anaerobic (those developing in the absence of oxygen) gram-positive and aerobic gram-negative microorganisms, including strains that produce beta-lactamase (the enzyme that destroys penicillin). Clavulanate potassium, comprised in the content of this medication, provides resistance of\u00a0<b>Augmentin<\/b>\u00a0to the activity of bacterial beta-lactamases. This medication is used to treat pneumonia and other infectious diseases of the respiratory, gastrointestinal, and urogenital systems, infections which appear after surgery, and others.<\/p>\n<h3 style=\"text-align: left;\"><b>Dosage and Directions<\/b><\/h3>\n<p style=\"text-align: left;\">Doses are administered individually depending on your condition, localization of infection, and susceptibility of the pathogen. Do not take it in larger amounts or for longer than recommended. Swallow the whole tablet. If it is the\u00a0<b>Augmentin Chewable<\/b>\u00a0tablet, then chew it before swallowing. Augmentin should be taken at evenly spaced intervals.<\/p>\n<h3 style=\"text-align: left;\"><b>Precautions<\/b><\/h3>\n<p style=\"text-align: left;\">Do not use if you are allergic to any other penicillin antibiotic, have liver or kidney failure, or mononucleosis.<\/p>\n<h3 style=\"text-align: left;\"><b>Contraindications<\/b><\/h3>\n<p style=\"text-align: left;\">Do not use the medicine if you have an allergy to its components or other penicillin antibiotics, have infectious mononucleosis, or have a history of liver problems or yellowing of the eyes or skin caused by Augmentin.<\/p>\n<h3 style=\"text-align: left;\"><b>Possible Side Effects<\/b><\/h3>\n<p style=\"text-align: left;\">Dyspepsia, abdominal discomfort, bloating, gas, nausea, vomiting, liver function disorders, hepatitis, jaundice caused by stagnation of bile, vaginal itching, and also symptoms of allergy (hives, rash, swelling). Caution should be exercised in patients with liver failure. The medication is not recommended for pregnant (especially third trimester) and breastfeeding women.<\/p>\n<h3 style=\"text-align: left;\"><b>Drug Interaction<\/b><\/h3>\n<p style=\"text-align: left;\">Treatment with\u00a0<b>Augmentin<\/b>\u00a0and other antibiotics can change the normal bacteria flora of the colon and permit overgrowth of\u00a0<b>C. difficile<\/b>, a bacteria that causes pseudomembranous colitis. Probenecid, which is used to treat gout, may slow the excretion of Augmentin by the kidneys and result in an increase in its toxicity.<\/p>\n<h3 style=\"text-align: left;\"><b>Missed Dose<\/b><\/h3>\n<p style=\"text-align: left;\">If you missed a dose, take it as soon as you remember, but not if it is almost time for the next intake by your schedule. If so, skip the missed dose. Do not try to compensate for a missed dose by taking an extra one.<\/p>\n<h3 style=\"text-align: left;\"><b>Overdose<\/b><\/h3>\n<p style=\"text-align: left;\">If you suppose that you took too much of Augmentin and experience symptoms such as nausea, vomiting, stomach pain, diarrhea, skin rash, drowsiness, or hyperactivity, seek immediate medical help.<\/p>\n<h3 style=\"text-align: left;\"><b>Storage<\/b><\/h3>\n<p style=\"text-align: left;\">Store at room temperature of 59-86F (15-30C) away from light and moisture.<\/p>\n","protected":false},"excerpt":{"rendered":"<div><b>Commercial Name:<\/b>\u00a0Augmentin<\/div>\n<div><b>Principal Ingredient:<\/b>\u00a0Amoxicillin\/Clavulanate<\/div>\n<div><b>Production form:<\/b>\u00a0Pills<\/div>\n<div><b>Utilization:<\/b>\u00a0Treats bacterial infection in the respiratory tracts<\/div>\n<div><b>Available Dosage:<\/b>\u00a0375mg, 625mg, 1000mg<\/div>\n","protected":false},"featured_media":3440,"comment_status":"open","ping_status":"closed","template":"","meta":[],"product_cat":[25],"product_tag":[],"class_list":{"0":"post-3439","1":"product","2":"type-product","3":"status-publish","4":"has-post-thumbnail","6":"product_cat-antibiotics","8":"first","9":"instock","10":"shipping-taxable","11":"product-type-grouped"},"yoast_head":"<!-- This site is optimized with the Yoast SEO plugin v20.0 - https:\/\/yoast.com\/wordpress\/plugins\/seo\/ -->\n<title>Objednejte Augmentin (Amoxicillin) bez receptu za n\u00edzkou cenu | Eurorxdrugs<\/title>\n<meta name=\"description\" content=\"Kupte Augmentin (Amoxicillin) nyn\u00ed! Origin\u00e1ln\u00ed l\u00e9ky a rychl\u00e9 doru\u010den\u00ed v cen\u011b. 100% diskr\u00e9tn\u00ed a d\u016fv\u011brn\u00fd servis pro v\u0161echny na\u0161e z\u00e1kazn\u00edky na Eurorxdrugs\" \/>\n<meta name=\"robots\" content=\"index, follow, max-snippet:-1, max-image-preview:large, max-video-preview:-1\" \/>\n<link rel=\"canonical\" href=\"https:\/\/eurorxdrugs.cc\/cs\/product\/augmentin-amoxicillin\/\" \/>\n<meta property=\"og:locale\" content=\"cs_CZ\" \/>\n<meta property=\"og:type\" content=\"article\" \/>\n<meta property=\"og:title\" content=\"Objednejte Augmentin (Amoxicillin) bez receptu za n\u00edzkou cenu | Eurorxdrugs\" \/>\n<meta property=\"og:description\" content=\"Kupte Augmentin (Amoxicillin) nyn\u00ed! Origin\u00e1ln\u00ed l\u00e9ky a rychl\u00e9 doru\u010den\u00ed v cen\u011b. 100% diskr\u00e9tn\u00ed a d\u016fv\u011brn\u00fd servis pro v\u0161echny na\u0161e z\u00e1kazn\u00edky na Eurorxdrugs\" \/>\n<meta property=\"og:url\" content=\"https:\/\/eurorxdrugs.cc\/cs\/product\/augmentin-amoxicillin\/\" \/>\n<meta property=\"og:site_name\" content=\"eurorxdrugs\" \/>\n<meta property=\"article:modified_time\" content=\"2024-09-14T15:03:39+00:00\" \/>\n<meta property=\"og:image\" content=\"https:\/\/eurorxdrugs.cc\/cs\/wp-content\/uploads\/2024\/09\/13-min.jpg\" \/>\n\t<meta property=\"og:image:width\" content=\"270\" \/>\n\t<meta property=\"og:image:height\" content=\"300\" \/>\n\t<meta property=\"og:image:type\" content=\"image\/jpeg\" \/>\n<meta name=\"twitter:card\" content=\"summary_large_image\" \/>\n<meta name=\"twitter:label1\" content=\"Odhadovan\u00e1 doba \u010dten\u00ed\" \/>\n\t<meta name=\"twitter:data1\" content=\"2 minuty\" \/>\n<script type=\"application\/ld+json\" class=\"yoast-schema-graph\">{\"@context\":\"https:\/\/schema.org\",\"@graph\":[{\"@type\":\"WebPage\",\"@id\":\"https:\/\/eurorxdrugs.cc\/cs\/product\/augmentin-amoxicillin\/\",\"url\":\"https:\/\/eurorxdrugs.cc\/cs\/product\/augmentin-amoxicillin\/\",\"name\":\"Objednejte Augmentin (Amoxicillin) bez receptu za n\u00edzkou cenu | Eurorxdrugs\",\"isPartOf\":{\"@id\":\"https:\/\/eurorxdrugs.cc\/cs\/#website\"},\"datePublished\":\"2024-09-14T14:51:10+00:00\",\"dateModified\":\"2024-09-14T15:03:39+00:00\",\"description\":\"Kupte Augmentin (Amoxicillin) nyn\u00ed! Origin\u00e1ln\u00ed l\u00e9ky a rychl\u00e9 doru\u010den\u00ed v cen\u011b. 100% diskr\u00e9tn\u00ed a d\u016fv\u011brn\u00fd servis pro v\u0161echny na\u0161e z\u00e1kazn\u00edky na Eurorxdrugs\",\"breadcrumb\":{\"@id\":\"https:\/\/eurorxdrugs.cc\/cs\/product\/augmentin-amoxicillin\/#breadcrumb\"},\"inLanguage\":\"cs\",\"potentialAction\":[{\"@type\":\"ReadAction\",\"target\":[\"https:\/\/eurorxdrugs.cc\/cs\/product\/augmentin-amoxicillin\/\"]}]},{\"@type\":\"BreadcrumbList\",\"@id\":\"https:\/\/eurorxdrugs.cc\/cs\/product\/augmentin-amoxicillin\/#breadcrumb\",\"itemListElement\":[{\"@type\":\"ListItem\",\"position\":1,\"name\":\"Home\",\"item\":\"https:\/\/eurorxdrugs.cc\/cs\/\"},{\"@type\":\"ListItem\",\"position\":2,\"name\":\"Products\",\"item\":\"https:\/\/eurorxdrugs.cc\/cs\/shop\/\"},{\"@type\":\"ListItem\",\"position\":3,\"name\":\"Augmentin (Amoxicillin)\"}]},{\"@type\":\"WebSite\",\"@id\":\"https:\/\/eurorxdrugs.cc\/cs\/#website\",\"url\":\"https:\/\/eurorxdrugs.cc\/cs\/\",\"name\":\"eurorxdrugs\",\"description\":\"\",\"publisher\":{\"@id\":\"https:\/\/eurorxdrugs.cc\/cs\/#organization\"},\"potentialAction\":[{\"@type\":\"SearchAction\",\"target\":{\"@type\":\"EntryPoint\",\"urlTemplate\":\"https:\/\/eurorxdrugs.cc\/cs\/?s={search_term_string}\"},\"query-input\":\"required name=search_term_string\"}],\"inLanguage\":\"cs\"},{\"@type\":\"Organization\",\"@id\":\"https:\/\/eurorxdrugs.cc\/cs\/#organization\",\"name\":\"eurorxdrugs\",\"url\":\"https:\/\/eurorxdrugs.cc\/cs\/\",\"logo\":{\"@type\":\"ImageObject\",\"inLanguage\":\"cs\",\"@id\":\"https:\/\/eurorxdrugs.cc\/cs\/#\/schema\/logo\/image\/\",\"url\":\"https:\/\/eurorxdrugs.cc\/cs\/wp-content\/uploads\/2024\/09\/logo-1-1.png\",\"contentUrl\":\"https:\/\/eurorxdrugs.cc\/cs\/wp-content\/uploads\/2024\/09\/logo-1-1.png\",\"width\":233,\"height\":54,\"caption\":\"eurorxdrugs\"},\"image\":{\"@id\":\"https:\/\/eurorxdrugs.cc\/cs\/#\/schema\/logo\/image\/\"}}]}<\/script>\n<!-- \/ Yoast SEO plugin. -->","yoast_head_json":{"title":"Objednejte Augmentin (Amoxicillin) bez receptu za n\u00edzkou cenu | Eurorxdrugs","description":"Kupte Augmentin (Amoxicillin) nyn\u00ed! Origin\u00e1ln\u00ed l\u00e9ky a rychl\u00e9 doru\u010den\u00ed v cen\u011b. 100% diskr\u00e9tn\u00ed a d\u016fv\u011brn\u00fd servis pro v\u0161echny na\u0161e z\u00e1kazn\u00edky na Eurorxdrugs","robots":{"index":"index","follow":"follow","max-snippet":"max-snippet:-1","max-image-preview":"max-image-preview:large","max-video-preview":"max-video-preview:-1"},"canonical":"https:\/\/eurorxdrugs.cc\/cs\/product\/augmentin-amoxicillin\/","og_locale":"cs_CZ","og_type":"article","og_title":"Objednejte Augmentin (Amoxicillin) bez receptu za n\u00edzkou cenu | Eurorxdrugs","og_description":"Kupte Augmentin (Amoxicillin) nyn\u00ed! Origin\u00e1ln\u00ed l\u00e9ky a rychl\u00e9 doru\u010den\u00ed v cen\u011b. 100% diskr\u00e9tn\u00ed a d\u016fv\u011brn\u00fd servis pro v\u0161echny na\u0161e z\u00e1kazn\u00edky na Eurorxdrugs","og_url":"https:\/\/eurorxdrugs.cc\/cs\/product\/augmentin-amoxicillin\/","og_site_name":"eurorxdrugs","article_modified_time":"2024-09-14T15:03:39+00:00","og_image":[{"width":270,"height":300,"url":"https:\/\/eurorxdrugs.cc\/cs\/wp-content\/uploads\/2024\/09\/13-min.jpg","type":"image\/jpeg"}],"twitter_card":"summary_large_image","twitter_misc":{"Odhadovan\u00e1 doba \u010dten\u00ed":"2 minuty"},"schema":{"@context":"https:\/\/schema.org","@graph":[{"@type":"WebPage","@id":"https:\/\/eurorxdrugs.cc\/cs\/product\/augmentin-amoxicillin\/","url":"https:\/\/eurorxdrugs.cc\/cs\/product\/augmentin-amoxicillin\/","name":"Objednejte Augmentin (Amoxicillin) bez receptu za n\u00edzkou cenu | Eurorxdrugs","isPartOf":{"@id":"https:\/\/eurorxdrugs.cc\/cs\/#website"},"datePublished":"2024-09-14T14:51:10+00:00","dateModified":"2024-09-14T15:03:39+00:00","description":"Kupte Augmentin (Amoxicillin) nyn\u00ed! Origin\u00e1ln\u00ed l\u00e9ky a rychl\u00e9 doru\u010den\u00ed v cen\u011b. 100% diskr\u00e9tn\u00ed a d\u016fv\u011brn\u00fd servis pro v\u0161echny na\u0161e z\u00e1kazn\u00edky na Eurorxdrugs","breadcrumb":{"@id":"https:\/\/eurorxdrugs.cc\/cs\/product\/augmentin-amoxicillin\/#breadcrumb"},"inLanguage":"cs","potentialAction":[{"@type":"ReadAction","target":["https:\/\/eurorxdrugs.cc\/cs\/product\/augmentin-amoxicillin\/"]}]},{"@type":"BreadcrumbList","@id":"https:\/\/eurorxdrugs.cc\/cs\/product\/augmentin-amoxicillin\/#breadcrumb","itemListElement":[{"@type":"ListItem","position":1,"name":"Home","item":"https:\/\/eurorxdrugs.cc\/cs\/"},{"@type":"ListItem","position":2,"name":"Products","item":"https:\/\/eurorxdrugs.cc\/cs\/shop\/"},{"@type":"ListItem","position":3,"name":"Augmentin (Amoxicillin)"}]},{"@type":"WebSite","@id":"https:\/\/eurorxdrugs.cc\/cs\/#website","url":"https:\/\/eurorxdrugs.cc\/cs\/","name":"eurorxdrugs","description":"","publisher":{"@id":"https:\/\/eurorxdrugs.cc\/cs\/#organization"},"potentialAction":[{"@type":"SearchAction","target":{"@type":"EntryPoint","urlTemplate":"https:\/\/eurorxdrugs.cc\/cs\/?s={search_term_string}"},"query-input":"required name=search_term_string"}],"inLanguage":"cs"},{"@type":"Organization","@id":"https:\/\/eurorxdrugs.cc\/cs\/#organization","name":"eurorxdrugs","url":"https:\/\/eurorxdrugs.cc\/cs\/","logo":{"@type":"ImageObject","inLanguage":"cs","@id":"https:\/\/eurorxdrugs.cc\/cs\/#\/schema\/logo\/image\/","url":"https:\/\/eurorxdrugs.cc\/cs\/wp-content\/uploads\/2024\/09\/logo-1-1.png","contentUrl":"https:\/\/eurorxdrugs.cc\/cs\/wp-content\/uploads\/2024\/09\/logo-1-1.png","width":233,"height":54,"caption":"eurorxdrugs"},"image":{"@id":"https:\/\/eurorxdrugs.cc\/cs\/#\/schema\/logo\/image\/"}}]}},"_links":{"self":[{"href":"https:\/\/eurorxdrugs.cc\/cs\/wp-json\/wp\/v2\/product\/3439","targetHints":{"allow":["GET"]}}],"collection":[{"href":"https:\/\/eurorxdrugs.cc\/cs\/wp-json\/wp\/v2\/product"}],"about":[{"href":"https:\/\/eurorxdrugs.cc\/cs\/wp-json\/wp\/v2\/types\/product"}],"replies":[{"embeddable":true,"href":"https:\/\/eurorxdrugs.cc\/cs\/wp-json\/wp\/v2\/comments?post=3439"}],"wp:featuredmedia":[{"embeddable":true,"href":"https:\/\/eurorxdrugs.cc\/cs\/wp-json\/wp\/v2\/media\/3440"}],"wp:attachment":[{"href":"https:\/\/eurorxdrugs.cc\/cs\/wp-json\/wp\/v2\/media?parent=3439"}],"wp:term":[{"taxonomy":"product_cat","embeddable":true,"href":"https:\/\/eurorxdrugs.cc\/cs\/wp-json\/wp\/v2\/product_cat?post=3439"},{"taxonomy":"product_tag","embeddable":true,"href":"https:\/\/eurorxdrugs.cc\/cs\/wp-json\/wp\/v2\/product_tag?post=3439"}],"curies":[{"name":"wp","href":"https:\/\/api.w.org\/{rel}","templated":true}]}}