{"id":350,"date":"2024-09-06T18:05:04","date_gmt":"2024-09-06T18:05:04","guid":{"rendered":"https:\/\/eurorxdrugs.cc\/cs\/?post_type=product&#038;p=350"},"modified":"2024-09-06T18:05:04","modified_gmt":"2024-09-06T18:05:04","slug":"buspar-buspirone","status":"publish","type":"product","link":"https:\/\/eurorxdrugs.cc\/cs\/product\/buspar-buspirone\/","title":{"rendered":"Buspar (Buspirone)"},"content":{"rendered":"<div class=\"pro-description_content\">\n<h2><b>Buspirone (Buspar) Information<\/b><\/h2>\n<h3><b>General Use<\/b><\/h3>\n<p><b>Buspirone<\/b>\u00a0(commonly known as\u00a0<b>Buspar<\/b>) is an anxiolytic medication used to treat anxiety disorders, including conditions such as obsessive-compulsive disorder (OCD) and social phobia. It may also be used for other anxiety-related disorders. This drug works by eliminating the mental and autonomic symptoms of fear and anxiety. The therapeutic effects of Buspar develop gradually, typically after one to two weeks, with maximum therapeutic results observed after one month of continuous use.<\/p>\n<h3><b>Indications and Dosage<\/b><\/h3>\n<p><b>Buspirone<\/b>\u00a0is indicated for anxiety states of various origins, especially when accompanied by symptoms such as:<\/p>\n<ul>\n<li><b>Anxiety<\/b><\/li>\n<li><b>Fear<\/b><\/li>\n<li><b>Tension<\/b><\/li>\n<li><b>Sleep disturbances<\/b><\/li>\n<li><b>Irritability<\/b><\/li>\n<li><b>Somatic disorders<\/b><\/li>\n<\/ul>\n<p>The dosage is determined individually based on the patient&#8217;s health before treatment. The duration of treatment is also selected on a case-by-case basis under the supervision of a healthcare professional. It is recommended to combine drug intake with sociotherapeutic and psychotherapeutic measures for maximum effectiveness.\u00a0<b>Buspar<\/b>\u00a0is typically taken orally with water, with or without food, and should not be crushed or chewed. Do not exceed the prescribed dosage, and consult with your doctor regarding the correct dosage for your condition.<\/p>\n<h3><b>Precautions<\/b><\/h3>\n<p>Before starting\u00a0<b>Buspirone<\/b>, inform your doctor if you have any allergies, or if you have conditions such as bipolar disorder, eye problems, liver or kidney disease. Elderly patients may be more sensitive to side effects.<\/p>\n<ul>\n<li>Avoid\u00a0<b>alcohol<\/b>\u00a0and\u00a0<b>grapefruit products<\/b>\u00a0during treatment.<\/li>\n<li>Women who are pregnant, planning pregnancy, or breastfeeding should avoid this medication unless absolutely necessary, as Buspirone can be absorbed through the skin and affect fetal health.<\/li>\n<li><b>Buspar<\/b>\u00a0should be used cautiously in conjunction with antipsychotics, antidepressants, cardiac glycosides, antihypertensives, antidiabetic agents, and oral contraceptives.<\/li>\n<li>In patients with mild to moderate renal or hepatic insufficiency, doses should be smaller, and treatment should be closely monitored.<\/li>\n<\/ul>\n<h3><b>Contraindications<\/b><\/h3>\n<p><b>Buspar<\/b>\u00a0should not be used by:<\/p>\n<ul>\n<li>Pregnant or breastfeeding women<\/li>\n<li>Children under 18 years<\/li>\n<li>Patients with hypersensitivity to Buspirone<\/li>\n<li>Patients with severe renal or liver dysfunction<\/li>\n<\/ul>\n<h3><b>Possible Side Effects<\/b><\/h3>\n<p>Common side effects of\u00a0<b>Buspirone<\/b>\u00a0may include:<\/p>\n<ul>\n<li><b>Dizziness<\/b><\/li>\n<li><b>Drowsiness<\/b><\/li>\n<li><b>Headache<\/b><\/li>\n<li><b>Nervousness<\/b><\/li>\n<li><b>Fatigue<\/b><\/li>\n<li><b>Sleep disturbances<\/b><\/li>\n<li><b>Decreased ability to concentrate<\/b><\/li>\n<li><b>Nausea, vomiting<\/b><\/li>\n<li><b>Dry mouth, diarrhea<\/b><\/li>\n<li><b>Constipation<\/b><\/li>\n<li><b>Tachycardia, palpitations<\/b><\/li>\n<li><b>Blurred vision<\/b><\/li>\n<li><b>Muscle pain, cramps, or stiffness<\/b><\/li>\n<\/ul>\n<p>Rare side effects include:<\/p>\n<ul>\n<li><b>Extrapyramidal symptoms (rarely)<\/b><\/li>\n<li><b>Confusion, depression<\/b><\/li>\n<li><b>Neurological symptoms such as tingling, muscle weakness, or uncontrolled movements<\/b><\/li>\n<\/ul>\n<p>Consult your doctor if any side effects persist or worsen. Seek medical attention immediately for serious side effects like allergic reactions (rash, itching, swelling), severe dizziness, or trouble breathing.<\/p>\n<h3><b>Drug Interactions<\/b><\/h3>\n<p><b>Buspirone<\/b>\u00a0may interact with:<\/p>\n<ul>\n<li><b>Alcohol<\/b><\/li>\n<li><b>Grapefruit products<\/b><\/li>\n<li><b>Haloperidol<\/b><\/li>\n<li><b>Rifampicin<\/b><\/li>\n<\/ul>\n<p>Inform your doctor of all prescription, non-prescription, and herbal products you are using before starting treatment with\u00a0<b>Buspirone<\/b>. Combining\u00a0<b>Buspirone<\/b>\u00a0with MAO inhibitors may lead to a hypertensive crisis.<\/p>\n<h3><b>Missed Dose<\/b><\/h3>\n<p>If you miss a dose, take it as soon as you remember. If it is close to the time of your next dose, skip the missed dose and resume your normal dosing schedule. Do not double your dose to make up for a missed one.<\/p>\n<h3><b>Overdose<\/b><\/h3>\n<p>In case of an overdose, seek emergency medical attention immediately. Symptoms may include:<\/p>\n<ul>\n<li><b>Chest pain<\/b><\/li>\n<li><b>Nausea<\/b><\/li>\n<li><b>Irregular heartbeat<\/b><\/li>\n<li><b>Feeling faint or lightheaded<\/b><\/li>\n<\/ul>\n<h3><b>Storage<\/b><\/h3>\n<p>Store\u00a0<b>Buspirone<\/b>\u00a0at room temperature (68-77\u00b0F \/ 20-25\u00b0C) away from light, moisture, and heat. Do not store medications in the bathroom. Keep out of reach of children and pets.<\/p>\n<h3><b>Special Warnings<\/b><\/h3>\n<p>Anxiety or stress from everyday situations usually do not require treatment with anxiolytics like\u00a0<b>Buspirone<\/b>. Patients should avoid activities that require concentration or quick psychomotor reactions during treatment. Although\u00a0<b>Buspirone<\/b> is effective and has a good safety profile, it is a relatively new drug and may not be prescribed as frequently.<\/p>\n<\/div>\n","protected":false},"excerpt":{"rendered":"<div><b>Commercial Name:<\/b>\u00a0Buspar<\/div>\n<div><b>Active Ingredient:<\/b>\u00a0Buspirone<\/div>\n<div><b>Production form:<\/b>\u00a0Pills<\/div>\n<div><b>Utilization:<\/b>\u00a0Anti-Anxiety Drug<\/div>\n<div><b>Available Dosage:<\/b>\u00a05mg and 10mg<\/div>\n","protected":false},"featured_media":351,"comment_status":"open","ping_status":"closed","template":"","meta":[],"product_cat":[28],"product_tag":[],"class_list":{"0":"post-350","1":"product","2":"type-product","3":"status-publish","4":"has-post-thumbnail","6":"product_cat-anti-anxiety","8":"first","9":"instock","10":"shipping-taxable","11":"product-type-simple"},"yoast_head":"<!-- This site is optimized with the Yoast SEO plugin v20.0 - https:\/\/yoast.com\/wordpress\/plugins\/seo\/ -->\n<title>Objednejte Buspar (Buspirone) bez receptu za n\u00edzkou cenu | Eurorxdrugs<\/title>\n<meta name=\"description\" content=\"Kupte Buspar (Buspirone) nyn\u00ed! Origin\u00e1ln\u00ed l\u00e9ky a rychl\u00e9 doru\u010den\u00ed v cen\u011b. 100% diskr\u00e9tn\u00ed a d\u016fv\u011brn\u00fd servis pro v\u0161echny na\u0161e z\u00e1kazn\u00edky na Eurorxdrugs\" \/>\n<meta name=\"robots\" content=\"index, follow, max-snippet:-1, max-image-preview:large, max-video-preview:-1\" \/>\n<link rel=\"canonical\" href=\"https:\/\/eurorxdrugs.cc\/cs\/product\/buspar-buspirone\/\" \/>\n<meta property=\"og:locale\" content=\"cs_CZ\" \/>\n<meta property=\"og:type\" content=\"article\" \/>\n<meta property=\"og:title\" content=\"Objednejte Buspar (Buspirone) bez receptu za n\u00edzkou cenu | Eurorxdrugs\" \/>\n<meta property=\"og:description\" content=\"Kupte Buspar (Buspirone) nyn\u00ed! Origin\u00e1ln\u00ed l\u00e9ky a rychl\u00e9 doru\u010den\u00ed v cen\u011b. 100% diskr\u00e9tn\u00ed a d\u016fv\u011brn\u00fd servis pro v\u0161echny na\u0161e z\u00e1kazn\u00edky na Eurorxdrugs\" \/>\n<meta property=\"og:url\" content=\"https:\/\/eurorxdrugs.cc\/cs\/product\/buspar-buspirone\/\" \/>\n<meta property=\"og:site_name\" content=\"eurorxdrugs\" \/>\n<meta property=\"og:image\" content=\"https:\/\/eurorxdrugs.cc\/cs\/wp-content\/uploads\/2024\/09\/136-min.jpg\" \/>\n\t<meta property=\"og:image:width\" content=\"270\" \/>\n\t<meta property=\"og:image:height\" content=\"300\" \/>\n\t<meta property=\"og:image:type\" content=\"image\/jpeg\" \/>\n<meta name=\"twitter:card\" content=\"summary_large_image\" \/>\n<meta name=\"twitter:label1\" content=\"Odhadovan\u00e1 doba \u010dten\u00ed\" \/>\n\t<meta name=\"twitter:data1\" content=\"3 minuty\" \/>\n<script type=\"application\/ld+json\" class=\"yoast-schema-graph\">{\"@context\":\"https:\/\/schema.org\",\"@graph\":[{\"@type\":\"WebPage\",\"@id\":\"https:\/\/eurorxdrugs.cc\/cs\/product\/buspar-buspirone\/\",\"url\":\"https:\/\/eurorxdrugs.cc\/cs\/product\/buspar-buspirone\/\",\"name\":\"Objednejte Buspar (Buspirone) bez receptu za n\u00edzkou cenu | Eurorxdrugs\",\"isPartOf\":{\"@id\":\"https:\/\/eurorxdrugs.cc\/cs\/#website\"},\"datePublished\":\"2024-09-06T18:05:04+00:00\",\"dateModified\":\"2024-09-06T18:05:04+00:00\",\"description\":\"Kupte Buspar (Buspirone) nyn\u00ed! Origin\u00e1ln\u00ed l\u00e9ky a rychl\u00e9 doru\u010den\u00ed v cen\u011b. 100% diskr\u00e9tn\u00ed a d\u016fv\u011brn\u00fd servis pro v\u0161echny na\u0161e z\u00e1kazn\u00edky na Eurorxdrugs\",\"breadcrumb\":{\"@id\":\"https:\/\/eurorxdrugs.cc\/cs\/product\/buspar-buspirone\/#breadcrumb\"},\"inLanguage\":\"cs\",\"potentialAction\":[{\"@type\":\"ReadAction\",\"target\":[\"https:\/\/eurorxdrugs.cc\/cs\/product\/buspar-buspirone\/\"]}]},{\"@type\":\"BreadcrumbList\",\"@id\":\"https:\/\/eurorxdrugs.cc\/cs\/product\/buspar-buspirone\/#breadcrumb\",\"itemListElement\":[{\"@type\":\"ListItem\",\"position\":1,\"name\":\"Home\",\"item\":\"https:\/\/eurorxdrugs.cc\/cs\/\"},{\"@type\":\"ListItem\",\"position\":2,\"name\":\"Products\",\"item\":\"https:\/\/eurorxdrugs.cc\/cs\/shop\/\"},{\"@type\":\"ListItem\",\"position\":3,\"name\":\"Buspar (Buspirone)\"}]},{\"@type\":\"WebSite\",\"@id\":\"https:\/\/eurorxdrugs.cc\/cs\/#website\",\"url\":\"https:\/\/eurorxdrugs.cc\/cs\/\",\"name\":\"eurorxdrugs\",\"description\":\"\",\"publisher\":{\"@id\":\"https:\/\/eurorxdrugs.cc\/cs\/#organization\"},\"potentialAction\":[{\"@type\":\"SearchAction\",\"target\":{\"@type\":\"EntryPoint\",\"urlTemplate\":\"https:\/\/eurorxdrugs.cc\/cs\/?s={search_term_string}\"},\"query-input\":\"required name=search_term_string\"}],\"inLanguage\":\"cs\"},{\"@type\":\"Organization\",\"@id\":\"https:\/\/eurorxdrugs.cc\/cs\/#organization\",\"name\":\"eurorxdrugs\",\"url\":\"https:\/\/eurorxdrugs.cc\/cs\/\",\"logo\":{\"@type\":\"ImageObject\",\"inLanguage\":\"cs\",\"@id\":\"https:\/\/eurorxdrugs.cc\/cs\/#\/schema\/logo\/image\/\",\"url\":\"https:\/\/eurorxdrugs.cc\/cs\/wp-content\/uploads\/2024\/09\/logo-1-1.png\",\"contentUrl\":\"https:\/\/eurorxdrugs.cc\/cs\/wp-content\/uploads\/2024\/09\/logo-1-1.png\",\"width\":233,\"height\":54,\"caption\":\"eurorxdrugs\"},\"image\":{\"@id\":\"https:\/\/eurorxdrugs.cc\/cs\/#\/schema\/logo\/image\/\"}}]}<\/script>\n<!-- \/ Yoast SEO plugin. -->","yoast_head_json":{"title":"Objednejte Buspar (Buspirone) bez receptu za n\u00edzkou cenu | Eurorxdrugs","description":"Kupte Buspar (Buspirone) nyn\u00ed! Origin\u00e1ln\u00ed l\u00e9ky a rychl\u00e9 doru\u010den\u00ed v cen\u011b. 100% diskr\u00e9tn\u00ed a d\u016fv\u011brn\u00fd servis pro v\u0161echny na\u0161e z\u00e1kazn\u00edky na Eurorxdrugs","robots":{"index":"index","follow":"follow","max-snippet":"max-snippet:-1","max-image-preview":"max-image-preview:large","max-video-preview":"max-video-preview:-1"},"canonical":"https:\/\/eurorxdrugs.cc\/cs\/product\/buspar-buspirone\/","og_locale":"cs_CZ","og_type":"article","og_title":"Objednejte Buspar (Buspirone) bez receptu za n\u00edzkou cenu | Eurorxdrugs","og_description":"Kupte Buspar (Buspirone) nyn\u00ed! Origin\u00e1ln\u00ed l\u00e9ky a rychl\u00e9 doru\u010den\u00ed v cen\u011b. 100% diskr\u00e9tn\u00ed a d\u016fv\u011brn\u00fd servis pro v\u0161echny na\u0161e z\u00e1kazn\u00edky na Eurorxdrugs","og_url":"https:\/\/eurorxdrugs.cc\/cs\/product\/buspar-buspirone\/","og_site_name":"eurorxdrugs","og_image":[{"width":270,"height":300,"url":"https:\/\/eurorxdrugs.cc\/cs\/wp-content\/uploads\/2024\/09\/136-min.jpg","type":"image\/jpeg"}],"twitter_card":"summary_large_image","twitter_misc":{"Odhadovan\u00e1 doba \u010dten\u00ed":"3 minuty"},"schema":{"@context":"https:\/\/schema.org","@graph":[{"@type":"WebPage","@id":"https:\/\/eurorxdrugs.cc\/cs\/product\/buspar-buspirone\/","url":"https:\/\/eurorxdrugs.cc\/cs\/product\/buspar-buspirone\/","name":"Objednejte Buspar (Buspirone) bez receptu za n\u00edzkou cenu | Eurorxdrugs","isPartOf":{"@id":"https:\/\/eurorxdrugs.cc\/cs\/#website"},"datePublished":"2024-09-06T18:05:04+00:00","dateModified":"2024-09-06T18:05:04+00:00","description":"Kupte Buspar (Buspirone) nyn\u00ed! Origin\u00e1ln\u00ed l\u00e9ky a rychl\u00e9 doru\u010den\u00ed v cen\u011b. 100% diskr\u00e9tn\u00ed a d\u016fv\u011brn\u00fd servis pro v\u0161echny na\u0161e z\u00e1kazn\u00edky na Eurorxdrugs","breadcrumb":{"@id":"https:\/\/eurorxdrugs.cc\/cs\/product\/buspar-buspirone\/#breadcrumb"},"inLanguage":"cs","potentialAction":[{"@type":"ReadAction","target":["https:\/\/eurorxdrugs.cc\/cs\/product\/buspar-buspirone\/"]}]},{"@type":"BreadcrumbList","@id":"https:\/\/eurorxdrugs.cc\/cs\/product\/buspar-buspirone\/#breadcrumb","itemListElement":[{"@type":"ListItem","position":1,"name":"Home","item":"https:\/\/eurorxdrugs.cc\/cs\/"},{"@type":"ListItem","position":2,"name":"Products","item":"https:\/\/eurorxdrugs.cc\/cs\/shop\/"},{"@type":"ListItem","position":3,"name":"Buspar (Buspirone)"}]},{"@type":"WebSite","@id":"https:\/\/eurorxdrugs.cc\/cs\/#website","url":"https:\/\/eurorxdrugs.cc\/cs\/","name":"eurorxdrugs","description":"","publisher":{"@id":"https:\/\/eurorxdrugs.cc\/cs\/#organization"},"potentialAction":[{"@type":"SearchAction","target":{"@type":"EntryPoint","urlTemplate":"https:\/\/eurorxdrugs.cc\/cs\/?s={search_term_string}"},"query-input":"required name=search_term_string"}],"inLanguage":"cs"},{"@type":"Organization","@id":"https:\/\/eurorxdrugs.cc\/cs\/#organization","name":"eurorxdrugs","url":"https:\/\/eurorxdrugs.cc\/cs\/","logo":{"@type":"ImageObject","inLanguage":"cs","@id":"https:\/\/eurorxdrugs.cc\/cs\/#\/schema\/logo\/image\/","url":"https:\/\/eurorxdrugs.cc\/cs\/wp-content\/uploads\/2024\/09\/logo-1-1.png","contentUrl":"https:\/\/eurorxdrugs.cc\/cs\/wp-content\/uploads\/2024\/09\/logo-1-1.png","width":233,"height":54,"caption":"eurorxdrugs"},"image":{"@id":"https:\/\/eurorxdrugs.cc\/cs\/#\/schema\/logo\/image\/"}}]}},"_links":{"self":[{"href":"https:\/\/eurorxdrugs.cc\/cs\/wp-json\/wp\/v2\/product\/350","targetHints":{"allow":["GET"]}}],"collection":[{"href":"https:\/\/eurorxdrugs.cc\/cs\/wp-json\/wp\/v2\/product"}],"about":[{"href":"https:\/\/eurorxdrugs.cc\/cs\/wp-json\/wp\/v2\/types\/product"}],"replies":[{"embeddable":true,"href":"https:\/\/eurorxdrugs.cc\/cs\/wp-json\/wp\/v2\/comments?post=350"}],"wp:featuredmedia":[{"embeddable":true,"href":"https:\/\/eurorxdrugs.cc\/cs\/wp-json\/wp\/v2\/media\/351"}],"wp:attachment":[{"href":"https:\/\/eurorxdrugs.cc\/cs\/wp-json\/wp\/v2\/media?parent=350"}],"wp:term":[{"taxonomy":"product_cat","embeddable":true,"href":"https:\/\/eurorxdrugs.cc\/cs\/wp-json\/wp\/v2\/product_cat?post=350"},{"taxonomy":"product_tag","embeddable":true,"href":"https:\/\/eurorxdrugs.cc\/cs\/wp-json\/wp\/v2\/product_tag?post=350"}],"curies":[{"name":"wp","href":"https:\/\/api.w.org\/{rel}","templated":true}]}}