{"id":3539,"date":"2024-09-14T20:26:38","date_gmt":"2024-09-14T20:26:38","guid":{"rendered":"https:\/\/eurorxdrugs.cc\/cs\/?post_type=product&#038;p=3539"},"modified":"2024-09-14T20:34:16","modified_gmt":"2024-09-14T20:34:16","slug":"azithromycin-generic","status":"publish","type":"product","link":"https:\/\/eurorxdrugs.cc\/cs\/product\/azithromycin-generic\/","title":{"rendered":"Azithromycin Generic"},"content":{"rendered":"<h2 style=\"text-align: left;\"><b>Common Use<\/b><\/h2>\n<p style=\"text-align: left;\"><b>Azithromycin<\/b>\u00a0is a semi-synthetic macrolide antibiotic chemically related to erythromycin. It is active against most species of gram-positive and gram-negative microorganisms such as\u00a0<i>Staphylococcus<\/i>\u00a0genus;\u00a0<i>S. aureus<\/i>,\u00a0<i>S. pneumonia<\/i>,\u00a0<i>S. pyogenes<\/i>,\u00a0<i>S. agalactiae<\/i>,\u00a0<i>Haemophilus influenza<\/i>\u00a0and\u00a0<i>parainfluenza<\/i>,\u00a0<i>Moraxella catarrhalis<\/i>,\u00a0<i>Bacteroides fragilis<\/i>,\u00a0<i>Escherichia coli<\/i>,\u00a0<i>Bordetella<\/i>\u00a0spp.,\u00a0<i>Borrelia burgdorferi<\/i>,\u00a0<i>Haemophilus decree<\/i>,\u00a0<i>Neisseria gonorrhoeae<\/i>, and\u00a0<i>Chlamydia trachoma<\/i>. In vitro, it showed activity against\u00a0<i>Legionella pneumophila<\/i>,\u00a0<i>Mycoplasma pneumonia hominis<\/i>,\u00a0<i>Helicobacter pylori<\/i>,\u00a0<i>Toxoplasma gondii<\/i>,\u00a0<i>Ureaplasma urealiticum<\/i>. As a macrolide antibiotic,\u00a0<b>Azithromycin<\/b>\u00a0inhibits bacterial protein synthesis and prevents bacteria from growth and propagation. It is used to treat infections of the upper and lower respiratory organs (tonsillitis, otitis, sinusitis, pneumonia), urogenital infections (urethritis, prostatitis, cervicitis, adnexitis caused by chlamydia, gonorrhea, early syphilis), intestinal infections, and ulcers of the stomach and duodenum.<\/p>\n<h3 style=\"text-align: left;\"><b>Dosage and Directions<\/b><\/h3>\n<p style=\"text-align: left;\">Take\u00a0<b>Azithromycin<\/b>\u00a0exactly as prescribed and do not discontinue your treatment even if you feel fine and your symptoms improve without your doctor\u2019s permission. Take the\u00a0<b>Azithromycin<\/b>\u00a0tablet with a large glass of water. To prepare a liquid suspension, mix one dose packet with 2 ounces of water, shake, and drink immediately. Do not use the suspension if it was prepared more than 12 hours ago. Tablets and suspensions can be taken with or without food, while capsules should be taken on an empty stomach 2 hours before or after a meal.<\/p>\n<h3 style=\"text-align: left;\"><b>Precautions<\/b><\/h3>\n<p style=\"text-align: left;\">There is no evidence that\u00a0<b>Azithromycin<\/b>\u00a0affects an unborn baby or is excreted in breast milk. This medication should be used in pregnant and breastfeeding women only if the expected benefit outweighs the potential risk to the baby.<\/p>\n<h3 style=\"text-align: left;\"><b>Contraindications<\/b><\/h3>\n<p style=\"text-align: left;\">Hypersensitivity to\u00a0<b>Azithromycin<\/b>\u00a0and related drugs such as azithromycin or erythromycin.<\/p>\n<h3 style=\"text-align: left;\"><b>Possible Side Effects<\/b><\/h3>\n<ul style=\"text-align: left;\">\n<li>diarrhea or loose stools<\/li>\n<li>nausea<\/li>\n<li>abdominal pain<\/li>\n<li>vomiting<\/li>\n<li>uneven heartbeats<\/li>\n<li>loss of appetite<\/li>\n<li>dark urine<\/li>\n<li>clay-colored stools<\/li>\n<li>jaundice<\/li>\n<li>fever<\/li>\n<li>rash<\/li>\n<li>red skin<\/li>\n<li>headache<\/li>\n<\/ul>\n<p style=\"text-align: left;\">Contact your doctor and report these symptoms or seek immediate medical attention.<\/p>\n<h3 style=\"text-align: left;\"><b>Drug Interaction<\/b><\/h3>\n<p style=\"text-align: left;\"><b>Azithromycin<\/b>\u00a0should not be taken with aluminum- or magnesium-based antacids, such as Mylanta or Maalox, as they decrease its absorption in the intestine.<\/p>\n<h3 style=\"text-align: left;\"><b>Missed Dose<\/b><\/h3>\n<p style=\"text-align: left;\">Take the missed dose as soon as you remember. If it is almost time for the next dose, skip the missed dose and return to your regular schedule. Do not take a double dose to make up for a missed one.<\/p>\n<h3 style=\"text-align: left;\"><b>Overdose<\/b><\/h3>\n<p style=\"text-align: left;\">Symptoms of an overdose may include nausea, vomiting, diarrhea, and stomach discomfort. Seek immediate medical attention.<\/p>\n<h3 style=\"text-align: left;\"><b>Storage<\/b><\/h3>\n<p style=\"text-align: left;\">Store your medicines at room temperature between 59-77\u00b0F (15-25\u00b0C) away from light and moisture, and out of reach of children and pets. Do not store the liquid for longer than 10 days.<\/p>\n","protected":false},"excerpt":{"rendered":"<div><b>Commercial Name:<\/b>\u00a0Azithromycin<\/div>\n<div><b>Active Ingredient:<\/b>\u00a0Azithromycin<\/div>\n<div><b>Production form:<\/b>\u00a0Pills<\/div>\n<div><b>Utilization:<\/b>\u00a0Antibiotic Macrolides<\/div>\n<div><b>Available Dosage:<\/b>\u00a0250mg and 500mg<\/div>\n","protected":false},"featured_media":3540,"comment_status":"open","ping_status":"closed","template":"","meta":[],"product_cat":[25],"product_tag":[],"class_list":{"0":"post-3539","1":"product","2":"type-product","3":"status-publish","4":"has-post-thumbnail","6":"product_cat-antibiotics","8":"first","9":"instock","10":"shipping-taxable","11":"product-type-grouped"},"yoast_head":"<!-- This site is optimized with the Yoast SEO plugin v20.0 - https:\/\/yoast.com\/wordpress\/plugins\/seo\/ -->\n<title>Objednejte Azithromycin Generic bez receptu za n\u00edzkou cenu | Eurorxdrugs<\/title>\n<meta name=\"description\" content=\"Kupte Azithromycin Generic nyn\u00ed! Origin\u00e1ln\u00ed l\u00e9ky a rychl\u00e9 doru\u010den\u00ed v cen\u011b. 100% diskr\u00e9tn\u00ed a d\u016fv\u011brn\u00fd servis pro v\u0161echny na\u0161e z\u00e1kazn\u00edky na Eurorxdrugs\" \/>\n<meta name=\"robots\" content=\"index, follow, max-snippet:-1, max-image-preview:large, max-video-preview:-1\" \/>\n<link rel=\"canonical\" href=\"https:\/\/eurorxdrugs.cc\/cs\/product\/azithromycin-generic\/\" \/>\n<meta property=\"og:locale\" content=\"cs_CZ\" \/>\n<meta property=\"og:type\" content=\"article\" \/>\n<meta property=\"og:title\" content=\"Objednejte Azithromycin Generic bez receptu za n\u00edzkou cenu | Eurorxdrugs\" \/>\n<meta property=\"og:description\" content=\"Kupte Azithromycin Generic nyn\u00ed! Origin\u00e1ln\u00ed l\u00e9ky a rychl\u00e9 doru\u010den\u00ed v cen\u011b. 100% diskr\u00e9tn\u00ed a d\u016fv\u011brn\u00fd servis pro v\u0161echny na\u0161e z\u00e1kazn\u00edky na Eurorxdrugs\" \/>\n<meta property=\"og:url\" content=\"https:\/\/eurorxdrugs.cc\/cs\/product\/azithromycin-generic\/\" \/>\n<meta property=\"og:site_name\" content=\"eurorxdrugs\" \/>\n<meta property=\"article:modified_time\" content=\"2024-09-14T20:34:16+00:00\" \/>\n<meta property=\"og:image\" content=\"https:\/\/eurorxdrugs.cc\/cs\/wp-content\/uploads\/2024\/09\/373-min.jpg\" \/>\n\t<meta property=\"og:image:width\" content=\"270\" \/>\n\t<meta property=\"og:image:height\" content=\"300\" \/>\n\t<meta property=\"og:image:type\" content=\"image\/jpeg\" \/>\n<meta name=\"twitter:card\" content=\"summary_large_image\" \/>\n<meta name=\"twitter:label1\" content=\"Odhadovan\u00e1 doba \u010dten\u00ed\" \/>\n\t<meta name=\"twitter:data1\" content=\"2 minuty\" \/>\n<script type=\"application\/ld+json\" class=\"yoast-schema-graph\">{\"@context\":\"https:\/\/schema.org\",\"@graph\":[{\"@type\":\"WebPage\",\"@id\":\"https:\/\/eurorxdrugs.cc\/cs\/product\/azithromycin-generic\/\",\"url\":\"https:\/\/eurorxdrugs.cc\/cs\/product\/azithromycin-generic\/\",\"name\":\"Objednejte Azithromycin Generic bez receptu za n\u00edzkou cenu | Eurorxdrugs\",\"isPartOf\":{\"@id\":\"https:\/\/eurorxdrugs.cc\/cs\/#website\"},\"datePublished\":\"2024-09-14T20:26:38+00:00\",\"dateModified\":\"2024-09-14T20:34:16+00:00\",\"description\":\"Kupte Azithromycin Generic nyn\u00ed! Origin\u00e1ln\u00ed l\u00e9ky a rychl\u00e9 doru\u010den\u00ed v cen\u011b. 100% diskr\u00e9tn\u00ed a d\u016fv\u011brn\u00fd servis pro v\u0161echny na\u0161e z\u00e1kazn\u00edky na Eurorxdrugs\",\"breadcrumb\":{\"@id\":\"https:\/\/eurorxdrugs.cc\/cs\/product\/azithromycin-generic\/#breadcrumb\"},\"inLanguage\":\"cs\",\"potentialAction\":[{\"@type\":\"ReadAction\",\"target\":[\"https:\/\/eurorxdrugs.cc\/cs\/product\/azithromycin-generic\/\"]}]},{\"@type\":\"BreadcrumbList\",\"@id\":\"https:\/\/eurorxdrugs.cc\/cs\/product\/azithromycin-generic\/#breadcrumb\",\"itemListElement\":[{\"@type\":\"ListItem\",\"position\":1,\"name\":\"Home\",\"item\":\"https:\/\/eurorxdrugs.cc\/cs\/\"},{\"@type\":\"ListItem\",\"position\":2,\"name\":\"Products\",\"item\":\"https:\/\/eurorxdrugs.cc\/cs\/shop\/\"},{\"@type\":\"ListItem\",\"position\":3,\"name\":\"Azithromycin Generic\"}]},{\"@type\":\"WebSite\",\"@id\":\"https:\/\/eurorxdrugs.cc\/cs\/#website\",\"url\":\"https:\/\/eurorxdrugs.cc\/cs\/\",\"name\":\"eurorxdrugs\",\"description\":\"\",\"publisher\":{\"@id\":\"https:\/\/eurorxdrugs.cc\/cs\/#organization\"},\"potentialAction\":[{\"@type\":\"SearchAction\",\"target\":{\"@type\":\"EntryPoint\",\"urlTemplate\":\"https:\/\/eurorxdrugs.cc\/cs\/?s={search_term_string}\"},\"query-input\":\"required name=search_term_string\"}],\"inLanguage\":\"cs\"},{\"@type\":\"Organization\",\"@id\":\"https:\/\/eurorxdrugs.cc\/cs\/#organization\",\"name\":\"eurorxdrugs\",\"url\":\"https:\/\/eurorxdrugs.cc\/cs\/\",\"logo\":{\"@type\":\"ImageObject\",\"inLanguage\":\"cs\",\"@id\":\"https:\/\/eurorxdrugs.cc\/cs\/#\/schema\/logo\/image\/\",\"url\":\"https:\/\/eurorxdrugs.cc\/cs\/wp-content\/uploads\/2024\/09\/logo-1-1.png\",\"contentUrl\":\"https:\/\/eurorxdrugs.cc\/cs\/wp-content\/uploads\/2024\/09\/logo-1-1.png\",\"width\":233,\"height\":54,\"caption\":\"eurorxdrugs\"},\"image\":{\"@id\":\"https:\/\/eurorxdrugs.cc\/cs\/#\/schema\/logo\/image\/\"}}]}<\/script>\n<!-- \/ Yoast SEO plugin. -->","yoast_head_json":{"title":"Objednejte Azithromycin Generic bez receptu za n\u00edzkou cenu | Eurorxdrugs","description":"Kupte Azithromycin Generic nyn\u00ed! Origin\u00e1ln\u00ed l\u00e9ky a rychl\u00e9 doru\u010den\u00ed v cen\u011b. 100% diskr\u00e9tn\u00ed a d\u016fv\u011brn\u00fd servis pro v\u0161echny na\u0161e z\u00e1kazn\u00edky na Eurorxdrugs","robots":{"index":"index","follow":"follow","max-snippet":"max-snippet:-1","max-image-preview":"max-image-preview:large","max-video-preview":"max-video-preview:-1"},"canonical":"https:\/\/eurorxdrugs.cc\/cs\/product\/azithromycin-generic\/","og_locale":"cs_CZ","og_type":"article","og_title":"Objednejte Azithromycin Generic bez receptu za n\u00edzkou cenu | Eurorxdrugs","og_description":"Kupte Azithromycin Generic nyn\u00ed! Origin\u00e1ln\u00ed l\u00e9ky a rychl\u00e9 doru\u010den\u00ed v cen\u011b. 100% diskr\u00e9tn\u00ed a d\u016fv\u011brn\u00fd servis pro v\u0161echny na\u0161e z\u00e1kazn\u00edky na Eurorxdrugs","og_url":"https:\/\/eurorxdrugs.cc\/cs\/product\/azithromycin-generic\/","og_site_name":"eurorxdrugs","article_modified_time":"2024-09-14T20:34:16+00:00","og_image":[{"width":270,"height":300,"url":"https:\/\/eurorxdrugs.cc\/cs\/wp-content\/uploads\/2024\/09\/373-min.jpg","type":"image\/jpeg"}],"twitter_card":"summary_large_image","twitter_misc":{"Odhadovan\u00e1 doba \u010dten\u00ed":"2 minuty"},"schema":{"@context":"https:\/\/schema.org","@graph":[{"@type":"WebPage","@id":"https:\/\/eurorxdrugs.cc\/cs\/product\/azithromycin-generic\/","url":"https:\/\/eurorxdrugs.cc\/cs\/product\/azithromycin-generic\/","name":"Objednejte Azithromycin Generic bez receptu za n\u00edzkou cenu | Eurorxdrugs","isPartOf":{"@id":"https:\/\/eurorxdrugs.cc\/cs\/#website"},"datePublished":"2024-09-14T20:26:38+00:00","dateModified":"2024-09-14T20:34:16+00:00","description":"Kupte Azithromycin Generic nyn\u00ed! Origin\u00e1ln\u00ed l\u00e9ky a rychl\u00e9 doru\u010den\u00ed v cen\u011b. 100% diskr\u00e9tn\u00ed a d\u016fv\u011brn\u00fd servis pro v\u0161echny na\u0161e z\u00e1kazn\u00edky na Eurorxdrugs","breadcrumb":{"@id":"https:\/\/eurorxdrugs.cc\/cs\/product\/azithromycin-generic\/#breadcrumb"},"inLanguage":"cs","potentialAction":[{"@type":"ReadAction","target":["https:\/\/eurorxdrugs.cc\/cs\/product\/azithromycin-generic\/"]}]},{"@type":"BreadcrumbList","@id":"https:\/\/eurorxdrugs.cc\/cs\/product\/azithromycin-generic\/#breadcrumb","itemListElement":[{"@type":"ListItem","position":1,"name":"Home","item":"https:\/\/eurorxdrugs.cc\/cs\/"},{"@type":"ListItem","position":2,"name":"Products","item":"https:\/\/eurorxdrugs.cc\/cs\/shop\/"},{"@type":"ListItem","position":3,"name":"Azithromycin Generic"}]},{"@type":"WebSite","@id":"https:\/\/eurorxdrugs.cc\/cs\/#website","url":"https:\/\/eurorxdrugs.cc\/cs\/","name":"eurorxdrugs","description":"","publisher":{"@id":"https:\/\/eurorxdrugs.cc\/cs\/#organization"},"potentialAction":[{"@type":"SearchAction","target":{"@type":"EntryPoint","urlTemplate":"https:\/\/eurorxdrugs.cc\/cs\/?s={search_term_string}"},"query-input":"required name=search_term_string"}],"inLanguage":"cs"},{"@type":"Organization","@id":"https:\/\/eurorxdrugs.cc\/cs\/#organization","name":"eurorxdrugs","url":"https:\/\/eurorxdrugs.cc\/cs\/","logo":{"@type":"ImageObject","inLanguage":"cs","@id":"https:\/\/eurorxdrugs.cc\/cs\/#\/schema\/logo\/image\/","url":"https:\/\/eurorxdrugs.cc\/cs\/wp-content\/uploads\/2024\/09\/logo-1-1.png","contentUrl":"https:\/\/eurorxdrugs.cc\/cs\/wp-content\/uploads\/2024\/09\/logo-1-1.png","width":233,"height":54,"caption":"eurorxdrugs"},"image":{"@id":"https:\/\/eurorxdrugs.cc\/cs\/#\/schema\/logo\/image\/"}}]}},"_links":{"self":[{"href":"https:\/\/eurorxdrugs.cc\/cs\/wp-json\/wp\/v2\/product\/3539","targetHints":{"allow":["GET"]}}],"collection":[{"href":"https:\/\/eurorxdrugs.cc\/cs\/wp-json\/wp\/v2\/product"}],"about":[{"href":"https:\/\/eurorxdrugs.cc\/cs\/wp-json\/wp\/v2\/types\/product"}],"replies":[{"embeddable":true,"href":"https:\/\/eurorxdrugs.cc\/cs\/wp-json\/wp\/v2\/comments?post=3539"}],"wp:featuredmedia":[{"embeddable":true,"href":"https:\/\/eurorxdrugs.cc\/cs\/wp-json\/wp\/v2\/media\/3540"}],"wp:attachment":[{"href":"https:\/\/eurorxdrugs.cc\/cs\/wp-json\/wp\/v2\/media?parent=3539"}],"wp:term":[{"taxonomy":"product_cat","embeddable":true,"href":"https:\/\/eurorxdrugs.cc\/cs\/wp-json\/wp\/v2\/product_cat?post=3539"},{"taxonomy":"product_tag","embeddable":true,"href":"https:\/\/eurorxdrugs.cc\/cs\/wp-json\/wp\/v2\/product_tag?post=3539"}],"curies":[{"name":"wp","href":"https:\/\/api.w.org\/{rel}","templated":true}]}}