{"id":3663,"date":"2024-09-15T09:07:59","date_gmt":"2024-09-15T09:07:59","guid":{"rendered":"https:\/\/eurorxdrugs.cc\/cs\/?post_type=product&#038;p=3663"},"modified":"2024-09-15T09:20:12","modified_gmt":"2024-09-15T09:20:12","slug":"cytotec-misoprostol","status":"publish","type":"product","link":"https:\/\/eurorxdrugs.cc\/cs\/product\/cytotec-misoprostol\/","title":{"rendered":"Cytotec (Misoprostol)"},"content":{"rendered":"<h2 style=\"text-align: left;\"><b>Cytotec: Overview and Usage<\/b><\/h2>\n<p style=\"text-align: left;\"><b>Cytotec<\/b>\u00a0is a highly impactful synthetic medicinal product that is mainly used as an effective anti-ulcer medication. This chemical analog of prostaglandin has a cytoprotective effect associated with increased mucus formation in the stomach and increased secretion of bicarbonate by the gastric mucosa. Thanks to its direct influence on the parietal cells of the stomach, it suppresses the basic and night secretion. When taken correctly, it may also reduce the secretion stimulated by meals.<\/p>\n<p style=\"text-align: left;\">The medicinal agent is also used to protect the stomach from the hazards associated with non-steroidal anti-inflammatory medications.<\/p>\n<h3 style=\"text-align: left;\"><b>How to Take<\/b><\/h3>\n<p style=\"text-align: left;\">The medication comes in the form of pills that contain\u00a0<b>200 \u00b5g<\/b>\u00a0of the active substance. It must be taken by mouth and in accordance with the prescription provided by a professional health care specialist. The usual single dose is\u00a0<b>200-400 \u00b5g<\/b>, but people suffering from hypersensitivity to its components or renal insufficiency must not take more than\u00a0<b>100 \u00b5g<\/b>.<\/p>\n<p style=\"text-align: left;\">Both the exact frequency of admission and the duration of the planned treatment depend on the patient\u2019s conditions and the effectiveness of the therapy.<\/p>\n<p style=\"text-align: left;\">The overdose of the therapeutic agent may lead to highly dangerous consequences for your health.\u00a0<b>Avoid accidental misuse<\/b>\u00a0and seek professional help upon detection of any negative effects or uncomfortable health conditions that appear during the therapy.<\/p>\n<h3 style=\"text-align: left;\"><b>Safety Information<\/b><\/h3>\n<p style=\"text-align: left;\">Being a powerful medication with extremely significant clinical effects, the medication requires\u00a0<b>special care<\/b>\u00a0and must not be used under any other circumstances except to the extent permitted by the instructions and your physician.<\/p>\n<p style=\"text-align: left;\">It must not be used by people with:<\/p>\n<ul style=\"text-align: left;\">\n<li><b>severe liver diseases<\/b><\/li>\n<li><b>inflammatory bowel disease<\/b><\/li>\n<li><b>severe renal failure<\/b><\/li>\n<li><b>enteritis<\/b><\/li>\n<\/ul>\n<p style=\"text-align: left;\">The drug may provoke\u00a0<b>miscarriage<\/b>\u00a0when used as a gastroprotective agent during pregnancy. The therapy with the medication during pregnancy or breastfeeding is\u00a0<b>strictly prohibited<\/b>\u00a0for safety reasons.<\/p>\n<p style=\"text-align: left;\">The effective birth-control methods must be applied throughout the therapy and during the first month after its end to ensure that the drug may not cause any harm to the fetus.<\/p>\n<p style=\"text-align: left;\">The therapy must be immediately stopped upon the detection of pregnancy.<\/p>\n<p style=\"text-align: left;\">The medicine is also\u00a0<b>not intended for children and adolescents under 18 years<\/b>.<\/p>\n<p style=\"text-align: left;\">The drug may have various forms of interaction with vitamins, other pharmaceutical agents, and herbal medicines. To minimize the hazardous effects, make sure your physician is informed about all the medicines you are taking or planning to take during the treatment regimen.<\/p>\n<h3 style=\"text-align: left;\"><b>Side Effects<\/b><\/h3>\n<ul>\n<li style=\"text-align: left;\"><b>Abdominal pain<\/b><\/li>\n<li style=\"text-align: left;\"><b>Flatulence<\/b><\/li>\n<li style=\"text-align: left;\"><b>Diarrhea<\/b><\/li>\n<li style=\"text-align: left;\"><b>Constipation<\/b><\/li>\n<li style=\"text-align: left;\"><b>Nausea<\/b><\/li>\n<li style=\"text-align: left;\"><b>Skin rash<\/b><\/li>\n<li style=\"text-align: left;\"><b>Itching<\/b><\/li>\n<li style=\"text-align: left;\"><b>Angioedema<\/b><\/li>\n<li style=\"text-align: left;\"><b>Dysmenorrhea<\/b><\/li>\n<li style=\"text-align: left;\"><b>Menorrhagia<\/b><\/li>\n<li style=\"text-align: left;\"><b>Changes in body weight<\/b><\/li>\n<li style=\"text-align: left;\"><b>Asthenia<\/b><\/li>\n<li style=\"text-align: left;\"><b>Increased fatigue<\/b><\/li>\n<li style=\"text-align: left;\"><b>Seizures<\/b>\u00a0(in extremely rare instances, mostly in women in the pre- or post-menopausal period)<\/li>\n<\/ul>\n","protected":false},"excerpt":{"rendered":"<div><b>Commercial Name:<\/b>\u00a0Cytotec<\/div>\n<div><b>Principal Ingredient:<\/b>\u00a0Misoprostol<\/div>\n<div><b>Production form:\u00a0<\/b>Pills<\/div>\n<div><b>Utilization:\u00a0<\/b>Helps prevent stomach ulcers.<\/div>\n<div><b>Available Dosage:\u00a0<\/b>100mcg and 200mcg<\/div>\n","protected":false},"featured_media":3664,"comment_status":"open","ping_status":"closed","template":"","meta":[],"product_cat":[22],"product_tag":[],"class_list":{"0":"post-3663","1":"product","2":"type-product","3":"status-publish","4":"has-post-thumbnail","6":"product_cat-gastrointestinal-meds","8":"first","9":"instock","10":"shipping-taxable","11":"product-type-grouped"},"yoast_head":"<!-- This site is optimized with the Yoast SEO plugin v20.0 - https:\/\/yoast.com\/wordpress\/plugins\/seo\/ -->\n<title>Objednejte Cytotec (Misoprostol) bez receptu za n\u00edzkou cenu | Eurorxdrugs<\/title>\n<meta name=\"description\" content=\"Kupte Cytotec (Misoprostol) nyn\u00ed! Origin\u00e1ln\u00ed l\u00e9ky a rychl\u00e9 doru\u010den\u00ed v cen\u011b. 100% diskr\u00e9tn\u00ed a d\u016fv\u011brn\u00fd servis pro v\u0161echny na\u0161e z\u00e1kazn\u00edky na Eurorxdrugs\" \/>\n<meta name=\"robots\" content=\"index, follow, max-snippet:-1, max-image-preview:large, max-video-preview:-1\" \/>\n<link rel=\"canonical\" href=\"https:\/\/eurorxdrugs.cc\/cs\/product\/cytotec-misoprostol\/\" \/>\n<meta property=\"og:locale\" content=\"cs_CZ\" \/>\n<meta property=\"og:type\" content=\"article\" \/>\n<meta property=\"og:title\" content=\"Objednejte Cytotec (Misoprostol) bez receptu za n\u00edzkou cenu | Eurorxdrugs\" \/>\n<meta property=\"og:description\" content=\"Kupte Cytotec (Misoprostol) nyn\u00ed! Origin\u00e1ln\u00ed l\u00e9ky a rychl\u00e9 doru\u010den\u00ed v cen\u011b. 100% diskr\u00e9tn\u00ed a d\u016fv\u011brn\u00fd servis pro v\u0161echny na\u0161e z\u00e1kazn\u00edky na Eurorxdrugs\" \/>\n<meta property=\"og:url\" content=\"https:\/\/eurorxdrugs.cc\/cs\/product\/cytotec-misoprostol\/\" \/>\n<meta property=\"og:site_name\" content=\"eurorxdrugs\" \/>\n<meta property=\"article:modified_time\" content=\"2024-09-15T09:20:12+00:00\" \/>\n<meta property=\"og:image\" content=\"https:\/\/eurorxdrugs.cc\/cs\/wp-content\/uploads\/2024\/09\/42-min.jpg\" \/>\n\t<meta property=\"og:image:width\" content=\"270\" \/>\n\t<meta property=\"og:image:height\" content=\"300\" \/>\n\t<meta property=\"og:image:type\" content=\"image\/jpeg\" \/>\n<meta name=\"twitter:card\" content=\"summary_large_image\" \/>\n<meta name=\"twitter:label1\" content=\"Odhadovan\u00e1 doba \u010dten\u00ed\" \/>\n\t<meta name=\"twitter:data1\" content=\"2 minuty\" \/>\n<script type=\"application\/ld+json\" class=\"yoast-schema-graph\">{\"@context\":\"https:\/\/schema.org\",\"@graph\":[{\"@type\":\"WebPage\",\"@id\":\"https:\/\/eurorxdrugs.cc\/cs\/product\/cytotec-misoprostol\/\",\"url\":\"https:\/\/eurorxdrugs.cc\/cs\/product\/cytotec-misoprostol\/\",\"name\":\"Objednejte Cytotec (Misoprostol) bez receptu za n\u00edzkou cenu | Eurorxdrugs\",\"isPartOf\":{\"@id\":\"https:\/\/eurorxdrugs.cc\/cs\/#website\"},\"datePublished\":\"2024-09-15T09:07:59+00:00\",\"dateModified\":\"2024-09-15T09:20:12+00:00\",\"description\":\"Kupte Cytotec (Misoprostol) nyn\u00ed! Origin\u00e1ln\u00ed l\u00e9ky a rychl\u00e9 doru\u010den\u00ed v cen\u011b. 100% diskr\u00e9tn\u00ed a d\u016fv\u011brn\u00fd servis pro v\u0161echny na\u0161e z\u00e1kazn\u00edky na Eurorxdrugs\",\"breadcrumb\":{\"@id\":\"https:\/\/eurorxdrugs.cc\/cs\/product\/cytotec-misoprostol\/#breadcrumb\"},\"inLanguage\":\"cs\",\"potentialAction\":[{\"@type\":\"ReadAction\",\"target\":[\"https:\/\/eurorxdrugs.cc\/cs\/product\/cytotec-misoprostol\/\"]}]},{\"@type\":\"BreadcrumbList\",\"@id\":\"https:\/\/eurorxdrugs.cc\/cs\/product\/cytotec-misoprostol\/#breadcrumb\",\"itemListElement\":[{\"@type\":\"ListItem\",\"position\":1,\"name\":\"Home\",\"item\":\"https:\/\/eurorxdrugs.cc\/cs\/\"},{\"@type\":\"ListItem\",\"position\":2,\"name\":\"Products\",\"item\":\"https:\/\/eurorxdrugs.cc\/cs\/shop\/\"},{\"@type\":\"ListItem\",\"position\":3,\"name\":\"Cytotec (Misoprostol)\"}]},{\"@type\":\"WebSite\",\"@id\":\"https:\/\/eurorxdrugs.cc\/cs\/#website\",\"url\":\"https:\/\/eurorxdrugs.cc\/cs\/\",\"name\":\"eurorxdrugs\",\"description\":\"\",\"publisher\":{\"@id\":\"https:\/\/eurorxdrugs.cc\/cs\/#organization\"},\"potentialAction\":[{\"@type\":\"SearchAction\",\"target\":{\"@type\":\"EntryPoint\",\"urlTemplate\":\"https:\/\/eurorxdrugs.cc\/cs\/?s={search_term_string}\"},\"query-input\":\"required name=search_term_string\"}],\"inLanguage\":\"cs\"},{\"@type\":\"Organization\",\"@id\":\"https:\/\/eurorxdrugs.cc\/cs\/#organization\",\"name\":\"eurorxdrugs\",\"url\":\"https:\/\/eurorxdrugs.cc\/cs\/\",\"logo\":{\"@type\":\"ImageObject\",\"inLanguage\":\"cs\",\"@id\":\"https:\/\/eurorxdrugs.cc\/cs\/#\/schema\/logo\/image\/\",\"url\":\"https:\/\/eurorxdrugs.cc\/cs\/wp-content\/uploads\/2024\/09\/logo-1-1.png\",\"contentUrl\":\"https:\/\/eurorxdrugs.cc\/cs\/wp-content\/uploads\/2024\/09\/logo-1-1.png\",\"width\":233,\"height\":54,\"caption\":\"eurorxdrugs\"},\"image\":{\"@id\":\"https:\/\/eurorxdrugs.cc\/cs\/#\/schema\/logo\/image\/\"}}]}<\/script>\n<!-- \/ Yoast SEO plugin. -->","yoast_head_json":{"title":"Objednejte Cytotec (Misoprostol) bez receptu za n\u00edzkou cenu | Eurorxdrugs","description":"Kupte Cytotec (Misoprostol) nyn\u00ed! Origin\u00e1ln\u00ed l\u00e9ky a rychl\u00e9 doru\u010den\u00ed v cen\u011b. 100% diskr\u00e9tn\u00ed a d\u016fv\u011brn\u00fd servis pro v\u0161echny na\u0161e z\u00e1kazn\u00edky na Eurorxdrugs","robots":{"index":"index","follow":"follow","max-snippet":"max-snippet:-1","max-image-preview":"max-image-preview:large","max-video-preview":"max-video-preview:-1"},"canonical":"https:\/\/eurorxdrugs.cc\/cs\/product\/cytotec-misoprostol\/","og_locale":"cs_CZ","og_type":"article","og_title":"Objednejte Cytotec (Misoprostol) bez receptu za n\u00edzkou cenu | Eurorxdrugs","og_description":"Kupte Cytotec (Misoprostol) nyn\u00ed! Origin\u00e1ln\u00ed l\u00e9ky a rychl\u00e9 doru\u010den\u00ed v cen\u011b. 100% diskr\u00e9tn\u00ed a d\u016fv\u011brn\u00fd servis pro v\u0161echny na\u0161e z\u00e1kazn\u00edky na Eurorxdrugs","og_url":"https:\/\/eurorxdrugs.cc\/cs\/product\/cytotec-misoprostol\/","og_site_name":"eurorxdrugs","article_modified_time":"2024-09-15T09:20:12+00:00","og_image":[{"width":270,"height":300,"url":"https:\/\/eurorxdrugs.cc\/cs\/wp-content\/uploads\/2024\/09\/42-min.jpg","type":"image\/jpeg"}],"twitter_card":"summary_large_image","twitter_misc":{"Odhadovan\u00e1 doba \u010dten\u00ed":"2 minuty"},"schema":{"@context":"https:\/\/schema.org","@graph":[{"@type":"WebPage","@id":"https:\/\/eurorxdrugs.cc\/cs\/product\/cytotec-misoprostol\/","url":"https:\/\/eurorxdrugs.cc\/cs\/product\/cytotec-misoprostol\/","name":"Objednejte Cytotec (Misoprostol) bez receptu za n\u00edzkou cenu | Eurorxdrugs","isPartOf":{"@id":"https:\/\/eurorxdrugs.cc\/cs\/#website"},"datePublished":"2024-09-15T09:07:59+00:00","dateModified":"2024-09-15T09:20:12+00:00","description":"Kupte Cytotec (Misoprostol) nyn\u00ed! Origin\u00e1ln\u00ed l\u00e9ky a rychl\u00e9 doru\u010den\u00ed v cen\u011b. 100% diskr\u00e9tn\u00ed a d\u016fv\u011brn\u00fd servis pro v\u0161echny na\u0161e z\u00e1kazn\u00edky na Eurorxdrugs","breadcrumb":{"@id":"https:\/\/eurorxdrugs.cc\/cs\/product\/cytotec-misoprostol\/#breadcrumb"},"inLanguage":"cs","potentialAction":[{"@type":"ReadAction","target":["https:\/\/eurorxdrugs.cc\/cs\/product\/cytotec-misoprostol\/"]}]},{"@type":"BreadcrumbList","@id":"https:\/\/eurorxdrugs.cc\/cs\/product\/cytotec-misoprostol\/#breadcrumb","itemListElement":[{"@type":"ListItem","position":1,"name":"Home","item":"https:\/\/eurorxdrugs.cc\/cs\/"},{"@type":"ListItem","position":2,"name":"Products","item":"https:\/\/eurorxdrugs.cc\/cs\/shop\/"},{"@type":"ListItem","position":3,"name":"Cytotec (Misoprostol)"}]},{"@type":"WebSite","@id":"https:\/\/eurorxdrugs.cc\/cs\/#website","url":"https:\/\/eurorxdrugs.cc\/cs\/","name":"eurorxdrugs","description":"","publisher":{"@id":"https:\/\/eurorxdrugs.cc\/cs\/#organization"},"potentialAction":[{"@type":"SearchAction","target":{"@type":"EntryPoint","urlTemplate":"https:\/\/eurorxdrugs.cc\/cs\/?s={search_term_string}"},"query-input":"required name=search_term_string"}],"inLanguage":"cs"},{"@type":"Organization","@id":"https:\/\/eurorxdrugs.cc\/cs\/#organization","name":"eurorxdrugs","url":"https:\/\/eurorxdrugs.cc\/cs\/","logo":{"@type":"ImageObject","inLanguage":"cs","@id":"https:\/\/eurorxdrugs.cc\/cs\/#\/schema\/logo\/image\/","url":"https:\/\/eurorxdrugs.cc\/cs\/wp-content\/uploads\/2024\/09\/logo-1-1.png","contentUrl":"https:\/\/eurorxdrugs.cc\/cs\/wp-content\/uploads\/2024\/09\/logo-1-1.png","width":233,"height":54,"caption":"eurorxdrugs"},"image":{"@id":"https:\/\/eurorxdrugs.cc\/cs\/#\/schema\/logo\/image\/"}}]}},"_links":{"self":[{"href":"https:\/\/eurorxdrugs.cc\/cs\/wp-json\/wp\/v2\/product\/3663","targetHints":{"allow":["GET"]}}],"collection":[{"href":"https:\/\/eurorxdrugs.cc\/cs\/wp-json\/wp\/v2\/product"}],"about":[{"href":"https:\/\/eurorxdrugs.cc\/cs\/wp-json\/wp\/v2\/types\/product"}],"replies":[{"embeddable":true,"href":"https:\/\/eurorxdrugs.cc\/cs\/wp-json\/wp\/v2\/comments?post=3663"}],"wp:featuredmedia":[{"embeddable":true,"href":"https:\/\/eurorxdrugs.cc\/cs\/wp-json\/wp\/v2\/media\/3664"}],"wp:attachment":[{"href":"https:\/\/eurorxdrugs.cc\/cs\/wp-json\/wp\/v2\/media?parent=3663"}],"wp:term":[{"taxonomy":"product_cat","embeddable":true,"href":"https:\/\/eurorxdrugs.cc\/cs\/wp-json\/wp\/v2\/product_cat?post=3663"},{"taxonomy":"product_tag","embeddable":true,"href":"https:\/\/eurorxdrugs.cc\/cs\/wp-json\/wp\/v2\/product_tag?post=3663"}],"curies":[{"name":"wp","href":"https:\/\/api.w.org\/{rel}","templated":true}]}}