{"id":3692,"date":"2024-09-15T09:26:56","date_gmt":"2024-09-15T09:26:56","guid":{"rendered":"https:\/\/eurorxdrugs.cc\/cs\/?post_type=product&#038;p=3692"},"modified":"2024-09-15T09:38:58","modified_gmt":"2024-09-15T09:38:58","slug":"zithromax-azithromycin","status":"publish","type":"product","link":"https:\/\/eurorxdrugs.cc\/cs\/product\/zithromax-azithromycin\/","title":{"rendered":"Zithromax (Azithromycin)"},"content":{"rendered":"<div class=\"pro-description_content\">\n<h2 style=\"text-align: left;\"><b>Zithromax (Azithromycin)<\/b><\/h2>\n<p style=\"text-align: left;\"><b>Zithromax<\/b>\u00a0is a semi-synthetic macrolide antibiotic chemically related to erythromycin. It is effective against a majority of species of gram-positive and gram-negative microorganisms, including genera such as\u00a0<b>Staphylococcus<\/b>\u00a0(e.g., S. aureus, S. pneumoniae, S. pyogenes, S. agalactiae),\u00a0<b>Haemophilus<\/b>\u00a0(e.g., H. influenzae, H. parainfluenzae),\u00a0<b>Moraxella catarrhalis<\/b>,\u00a0<b>Bacteroides fragilis<\/b>,\u00a0<b>Escherichia coli<\/b>,\u00a0<b>Bordetella<\/b>\u00a0spp.,\u00a0<b>Borrelia burgdorferi<\/b>,\u00a0<b>Haemophilus decree<\/b>,\u00a0<b>Neisseria gonorrhoeae<\/b>, and\u00a0<b>Chlamydia trachomatis<\/b>. In vitro, it also shows activity against\u00a0<b>Legionella pneumophila<\/b>,\u00a0<b>Mycoplasma pneumoniae<\/b>,\u00a0<b>Helicobacter pylori<\/b>,\u00a0<b>Toxoplasma gondii<\/b>, and\u00a0<b>Ureaplasma urealyticum<\/b>. As a macrolide antibiotic, Zithromax inhibits bacterial protein synthesis and prevents bacteria from growing and propagating. It is used to treat infections of the upper and lower respiratory tract (e.g., tonsillitis, otitis, sinusitis, pneumonia), urogenital infections (e.g., urethritis, prostatitis, cervicitis, adnexitis caused by chlamydia, gonorrhea, early syphilis), intestinal infections, and ulcers of the stomach and duodenum.<\/p>\n<h3 style=\"text-align: left;\"><b>Dosage and Directions<\/b><\/h3>\n<p style=\"text-align: left;\">Take exactly as prescribed and do not discontinue your treatment even if you feel fine and your symptoms improve without the permission of your doctor. Take Zithromax tablets with a large glass of water. To prepare the liquid suspension form, mix one packet with\u00a0<b>2 ounces of water<\/b>, shake, and drink at once. Do not use the suspension if it was prepared more than\u00a0<b>12 hours ago<\/b>. Tablets and suspension can be taken with or without food, while capsules should be taken on an empty stomach\u00a0<b>2 hours before or after a meal<\/b>.<\/p>\n<h3 style=\"text-align: left;\"><b>Precautions<\/b><\/h3>\n<p style=\"text-align: left;\">There is no evidence on whether Zithromax affects an unborn baby or is excreted in breast milk. This medication should be used in pregnant and breastfeeding women only if the expected benefit outweighs the potential risk to the baby.<\/p>\n<h3 style=\"text-align: left;\"><b>Contraindications<\/b><\/h3>\n<p style=\"text-align: left;\">Hypersensitivity to Zithromax and related drugs such as\u00a0<b>azithromycin<\/b>\u00a0or\u00a0<b>erythromycin<\/b>.<\/p>\n<h3 style=\"text-align: left;\"><b>Possible Side Effects<\/b><\/h3>\n<p style=\"text-align: left;\">Side effects may include:<\/p>\n<ul style=\"text-align: left;\">\n<li><b>diarrhea or loose stools<\/b><\/li>\n<li><b>nausea<\/b><\/li>\n<li><b>abdominal pain<\/b><\/li>\n<li><b>vomiting<\/b><\/li>\n<li><b>uneven heartbeats<\/b><\/li>\n<li><b>loss of appetite<\/b><\/li>\n<li><b>dark urine<\/b><\/li>\n<li><b>clay-colored stools<\/b><\/li>\n<li><b>jaundice<\/b><\/li>\n<li><b>fever<\/b><\/li>\n<li><b>rash<\/b><\/li>\n<li><b>red skin<\/b><\/li>\n<li><b>headache<\/b><\/li>\n<\/ul>\n<p style=\"text-align: left;\">Contact your doctor and inform them about such symptoms or seek immediate medical attention.<\/p>\n<h3 style=\"text-align: left;\"><b>Drug Interactions<\/b><\/h3>\n<p style=\"text-align: left;\">Zithromax is not recommended to be taken with\u00a0<b>aluminium- or magnesium-based antacids<\/b>, such as Mylanta or Maalox, as they decrease its absorption in the intestine.<\/p>\n<h3 style=\"text-align: left;\"><b>Missed Dose<\/b><\/h3>\n<p style=\"text-align: left;\">Take the missed dose as soon as you remember. If it is almost time for the next dose, just skip the missed dose and return to your regular schedule.<\/p>\n<h3 style=\"text-align: left;\"><b>Overdose<\/b><\/h3>\n<p style=\"text-align: left;\">Symptoms of overdose may include\u00a0<b>nausea, vomiting, diarrhea<\/b>, and\u00a0<b>stomach discomfort<\/b>. Seek immediate medical attention if these symptoms occur.<\/p>\n<h3 style=\"text-align: left;\"><b>Storage<\/b><\/h3>\n<p style=\"text-align: left;\">Store at room temperature between\u00a0<b>59-77\u00b0F (15-25\u00b0C)<\/b>, away from light and moisture, and out of reach of children and pets. Do not store the liquid for longer than\u00a0<b>10 days<\/b>.<\/p>\n<\/div>\n<div class=\"pro-description_comment\">\n<div class=\"pro-description_comment_img\"><\/div>\n<\/div>\n","protected":false},"excerpt":{"rendered":"<div><b>Commercial Name:<\/b>\u00a0Zithromax<\/div>\n<div><b>Principal Ingredient:<\/b>\u00a0Azithromycin<\/div>\n<div><b>Production form:<\/b>\u00a0Pills<\/div>\n<div><b>Utilization:<\/b>\u00a0Antibiotic Macrolides<\/div>\n<div><b>Available Dosage:<\/b>\u00a0100mg, 250mg, 500mg<\/div>\n","protected":false},"featured_media":3693,"comment_status":"open","ping_status":"closed","template":"","meta":[],"product_cat":[25],"product_tag":[],"class_list":{"0":"post-3692","1":"product","2":"type-product","3":"status-publish","4":"has-post-thumbnail","6":"product_cat-antibiotics","8":"first","9":"instock","10":"shipping-taxable","11":"product-type-grouped"},"yoast_head":"<!-- This site is optimized with the Yoast SEO plugin v20.0 - https:\/\/yoast.com\/wordpress\/plugins\/seo\/ -->\n<title>Objednejte Zithromax (Azithromycin) bez receptu za n\u00edzkou cenu | Eurorxdrugs<\/title>\n<meta name=\"description\" content=\"Kupte Zithromax (Azithromycin) nyn\u00ed! Origin\u00e1ln\u00ed l\u00e9ky a rychl\u00e9 doru\u010den\u00ed v cen\u011b. 100% diskr\u00e9tn\u00ed a d\u016fv\u011brn\u00fd servis pro v\u0161echny na\u0161e z\u00e1kazn\u00edky na Eurorxdrugs\" \/>\n<meta name=\"robots\" content=\"index, follow, max-snippet:-1, max-image-preview:large, max-video-preview:-1\" \/>\n<link rel=\"canonical\" href=\"https:\/\/eurorxdrugs.cc\/cs\/product\/zithromax-azithromycin\/\" \/>\n<meta property=\"og:locale\" content=\"cs_CZ\" \/>\n<meta property=\"og:type\" content=\"article\" \/>\n<meta property=\"og:title\" content=\"Objednejte Zithromax (Azithromycin) bez receptu za n\u00edzkou cenu | Eurorxdrugs\" \/>\n<meta property=\"og:description\" content=\"Kupte Zithromax (Azithromycin) nyn\u00ed! Origin\u00e1ln\u00ed l\u00e9ky a rychl\u00e9 doru\u010den\u00ed v cen\u011b. 100% diskr\u00e9tn\u00ed a d\u016fv\u011brn\u00fd servis pro v\u0161echny na\u0161e z\u00e1kazn\u00edky na Eurorxdrugs\" \/>\n<meta property=\"og:url\" content=\"https:\/\/eurorxdrugs.cc\/cs\/product\/zithromax-azithromycin\/\" \/>\n<meta property=\"og:site_name\" content=\"eurorxdrugs\" \/>\n<meta property=\"article:modified_time\" content=\"2024-09-15T09:38:58+00:00\" \/>\n<meta property=\"og:image\" content=\"https:\/\/eurorxdrugs.cc\/cs\/wp-content\/uploads\/2024\/09\/19-min.jpg\" \/>\n\t<meta property=\"og:image:width\" content=\"270\" \/>\n\t<meta property=\"og:image:height\" content=\"300\" \/>\n\t<meta property=\"og:image:type\" content=\"image\/jpeg\" \/>\n<meta name=\"twitter:card\" content=\"summary_large_image\" \/>\n<meta name=\"twitter:label1\" content=\"Odhadovan\u00e1 doba \u010dten\u00ed\" \/>\n\t<meta name=\"twitter:data1\" content=\"2 minuty\" \/>\n<script type=\"application\/ld+json\" class=\"yoast-schema-graph\">{\"@context\":\"https:\/\/schema.org\",\"@graph\":[{\"@type\":\"WebPage\",\"@id\":\"https:\/\/eurorxdrugs.cc\/cs\/product\/zithromax-azithromycin\/\",\"url\":\"https:\/\/eurorxdrugs.cc\/cs\/product\/zithromax-azithromycin\/\",\"name\":\"Objednejte Zithromax (Azithromycin) bez receptu za n\u00edzkou cenu | Eurorxdrugs\",\"isPartOf\":{\"@id\":\"https:\/\/eurorxdrugs.cc\/cs\/#website\"},\"datePublished\":\"2024-09-15T09:26:56+00:00\",\"dateModified\":\"2024-09-15T09:38:58+00:00\",\"description\":\"Kupte Zithromax (Azithromycin) nyn\u00ed! Origin\u00e1ln\u00ed l\u00e9ky a rychl\u00e9 doru\u010den\u00ed v cen\u011b. 100% diskr\u00e9tn\u00ed a d\u016fv\u011brn\u00fd servis pro v\u0161echny na\u0161e z\u00e1kazn\u00edky na Eurorxdrugs\",\"breadcrumb\":{\"@id\":\"https:\/\/eurorxdrugs.cc\/cs\/product\/zithromax-azithromycin\/#breadcrumb\"},\"inLanguage\":\"cs\",\"potentialAction\":[{\"@type\":\"ReadAction\",\"target\":[\"https:\/\/eurorxdrugs.cc\/cs\/product\/zithromax-azithromycin\/\"]}]},{\"@type\":\"BreadcrumbList\",\"@id\":\"https:\/\/eurorxdrugs.cc\/cs\/product\/zithromax-azithromycin\/#breadcrumb\",\"itemListElement\":[{\"@type\":\"ListItem\",\"position\":1,\"name\":\"Home\",\"item\":\"https:\/\/eurorxdrugs.cc\/cs\/\"},{\"@type\":\"ListItem\",\"position\":2,\"name\":\"Products\",\"item\":\"https:\/\/eurorxdrugs.cc\/cs\/shop\/\"},{\"@type\":\"ListItem\",\"position\":3,\"name\":\"Zithromax (Azithromycin)\"}]},{\"@type\":\"WebSite\",\"@id\":\"https:\/\/eurorxdrugs.cc\/cs\/#website\",\"url\":\"https:\/\/eurorxdrugs.cc\/cs\/\",\"name\":\"eurorxdrugs\",\"description\":\"\",\"publisher\":{\"@id\":\"https:\/\/eurorxdrugs.cc\/cs\/#organization\"},\"potentialAction\":[{\"@type\":\"SearchAction\",\"target\":{\"@type\":\"EntryPoint\",\"urlTemplate\":\"https:\/\/eurorxdrugs.cc\/cs\/?s={search_term_string}\"},\"query-input\":\"required name=search_term_string\"}],\"inLanguage\":\"cs\"},{\"@type\":\"Organization\",\"@id\":\"https:\/\/eurorxdrugs.cc\/cs\/#organization\",\"name\":\"eurorxdrugs\",\"url\":\"https:\/\/eurorxdrugs.cc\/cs\/\",\"logo\":{\"@type\":\"ImageObject\",\"inLanguage\":\"cs\",\"@id\":\"https:\/\/eurorxdrugs.cc\/cs\/#\/schema\/logo\/image\/\",\"url\":\"https:\/\/eurorxdrugs.cc\/cs\/wp-content\/uploads\/2024\/09\/logo-1-1.png\",\"contentUrl\":\"https:\/\/eurorxdrugs.cc\/cs\/wp-content\/uploads\/2024\/09\/logo-1-1.png\",\"width\":233,\"height\":54,\"caption\":\"eurorxdrugs\"},\"image\":{\"@id\":\"https:\/\/eurorxdrugs.cc\/cs\/#\/schema\/logo\/image\/\"}}]}<\/script>\n<!-- \/ Yoast SEO plugin. -->","yoast_head_json":{"title":"Objednejte Zithromax (Azithromycin) bez receptu za n\u00edzkou cenu | Eurorxdrugs","description":"Kupte Zithromax (Azithromycin) nyn\u00ed! Origin\u00e1ln\u00ed l\u00e9ky a rychl\u00e9 doru\u010den\u00ed v cen\u011b. 100% diskr\u00e9tn\u00ed a d\u016fv\u011brn\u00fd servis pro v\u0161echny na\u0161e z\u00e1kazn\u00edky na Eurorxdrugs","robots":{"index":"index","follow":"follow","max-snippet":"max-snippet:-1","max-image-preview":"max-image-preview:large","max-video-preview":"max-video-preview:-1"},"canonical":"https:\/\/eurorxdrugs.cc\/cs\/product\/zithromax-azithromycin\/","og_locale":"cs_CZ","og_type":"article","og_title":"Objednejte Zithromax (Azithromycin) bez receptu za n\u00edzkou cenu | Eurorxdrugs","og_description":"Kupte Zithromax (Azithromycin) nyn\u00ed! Origin\u00e1ln\u00ed l\u00e9ky a rychl\u00e9 doru\u010den\u00ed v cen\u011b. 100% diskr\u00e9tn\u00ed a d\u016fv\u011brn\u00fd servis pro v\u0161echny na\u0161e z\u00e1kazn\u00edky na Eurorxdrugs","og_url":"https:\/\/eurorxdrugs.cc\/cs\/product\/zithromax-azithromycin\/","og_site_name":"eurorxdrugs","article_modified_time":"2024-09-15T09:38:58+00:00","og_image":[{"width":270,"height":300,"url":"https:\/\/eurorxdrugs.cc\/cs\/wp-content\/uploads\/2024\/09\/19-min.jpg","type":"image\/jpeg"}],"twitter_card":"summary_large_image","twitter_misc":{"Odhadovan\u00e1 doba \u010dten\u00ed":"2 minuty"},"schema":{"@context":"https:\/\/schema.org","@graph":[{"@type":"WebPage","@id":"https:\/\/eurorxdrugs.cc\/cs\/product\/zithromax-azithromycin\/","url":"https:\/\/eurorxdrugs.cc\/cs\/product\/zithromax-azithromycin\/","name":"Objednejte Zithromax (Azithromycin) bez receptu za n\u00edzkou cenu | Eurorxdrugs","isPartOf":{"@id":"https:\/\/eurorxdrugs.cc\/cs\/#website"},"datePublished":"2024-09-15T09:26:56+00:00","dateModified":"2024-09-15T09:38:58+00:00","description":"Kupte Zithromax (Azithromycin) nyn\u00ed! Origin\u00e1ln\u00ed l\u00e9ky a rychl\u00e9 doru\u010den\u00ed v cen\u011b. 100% diskr\u00e9tn\u00ed a d\u016fv\u011brn\u00fd servis pro v\u0161echny na\u0161e z\u00e1kazn\u00edky na Eurorxdrugs","breadcrumb":{"@id":"https:\/\/eurorxdrugs.cc\/cs\/product\/zithromax-azithromycin\/#breadcrumb"},"inLanguage":"cs","potentialAction":[{"@type":"ReadAction","target":["https:\/\/eurorxdrugs.cc\/cs\/product\/zithromax-azithromycin\/"]}]},{"@type":"BreadcrumbList","@id":"https:\/\/eurorxdrugs.cc\/cs\/product\/zithromax-azithromycin\/#breadcrumb","itemListElement":[{"@type":"ListItem","position":1,"name":"Home","item":"https:\/\/eurorxdrugs.cc\/cs\/"},{"@type":"ListItem","position":2,"name":"Products","item":"https:\/\/eurorxdrugs.cc\/cs\/shop\/"},{"@type":"ListItem","position":3,"name":"Zithromax (Azithromycin)"}]},{"@type":"WebSite","@id":"https:\/\/eurorxdrugs.cc\/cs\/#website","url":"https:\/\/eurorxdrugs.cc\/cs\/","name":"eurorxdrugs","description":"","publisher":{"@id":"https:\/\/eurorxdrugs.cc\/cs\/#organization"},"potentialAction":[{"@type":"SearchAction","target":{"@type":"EntryPoint","urlTemplate":"https:\/\/eurorxdrugs.cc\/cs\/?s={search_term_string}"},"query-input":"required name=search_term_string"}],"inLanguage":"cs"},{"@type":"Organization","@id":"https:\/\/eurorxdrugs.cc\/cs\/#organization","name":"eurorxdrugs","url":"https:\/\/eurorxdrugs.cc\/cs\/","logo":{"@type":"ImageObject","inLanguage":"cs","@id":"https:\/\/eurorxdrugs.cc\/cs\/#\/schema\/logo\/image\/","url":"https:\/\/eurorxdrugs.cc\/cs\/wp-content\/uploads\/2024\/09\/logo-1-1.png","contentUrl":"https:\/\/eurorxdrugs.cc\/cs\/wp-content\/uploads\/2024\/09\/logo-1-1.png","width":233,"height":54,"caption":"eurorxdrugs"},"image":{"@id":"https:\/\/eurorxdrugs.cc\/cs\/#\/schema\/logo\/image\/"}}]}},"_links":{"self":[{"href":"https:\/\/eurorxdrugs.cc\/cs\/wp-json\/wp\/v2\/product\/3692","targetHints":{"allow":["GET"]}}],"collection":[{"href":"https:\/\/eurorxdrugs.cc\/cs\/wp-json\/wp\/v2\/product"}],"about":[{"href":"https:\/\/eurorxdrugs.cc\/cs\/wp-json\/wp\/v2\/types\/product"}],"replies":[{"embeddable":true,"href":"https:\/\/eurorxdrugs.cc\/cs\/wp-json\/wp\/v2\/comments?post=3692"}],"wp:featuredmedia":[{"embeddable":true,"href":"https:\/\/eurorxdrugs.cc\/cs\/wp-json\/wp\/v2\/media\/3693"}],"wp:attachment":[{"href":"https:\/\/eurorxdrugs.cc\/cs\/wp-json\/wp\/v2\/media?parent=3692"}],"wp:term":[{"taxonomy":"product_cat","embeddable":true,"href":"https:\/\/eurorxdrugs.cc\/cs\/wp-json\/wp\/v2\/product_cat?post=3692"},{"taxonomy":"product_tag","embeddable":true,"href":"https:\/\/eurorxdrugs.cc\/cs\/wp-json\/wp\/v2\/product_tag?post=3692"}],"curies":[{"name":"wp","href":"https:\/\/api.w.org\/{rel}","templated":true}]}}