{"id":3775,"date":"2024-09-15T10:56:49","date_gmt":"2024-09-15T10:56:49","guid":{"rendered":"https:\/\/eurorxdrugs.cc\/cs\/?post_type=product&#038;p=3775"},"modified":"2024-09-15T11:13:11","modified_gmt":"2024-09-15T11:13:11","slug":"zoloft-sertraline","status":"publish","type":"product","link":"https:\/\/eurorxdrugs.cc\/cs\/product\/zoloft-sertraline\/","title":{"rendered":"Zoloft (Sertraline)"},"content":{"rendered":"<h2 style=\"text-align: left;\"><b>Zoloft (Sertraline)<\/b><\/h2>\n<p style=\"text-align: left;\"><b>Zoloft<\/b>\u00a0(sertraline) is an antidepressant in a group of drugs called selective serotonin reuptake inhibitors (SSRIs). The way sertraline works is still not fully understood. It is thought to positively affect communication between nerve cells in the central nervous system and\/or restore chemical balance in the brain. Zoloft is used to treat\u00a0<b>depression<\/b>,\u00a0<b>obsessive-compulsive disorder<\/b>,\u00a0<b>panic disorder<\/b>,\u00a0<b>anxiety disorders<\/b>,\u00a0<b>post-traumatic stress disorder (PTSD)<\/b>, and\u00a0<b>premenstrual dysphoric disorder (PMDD)<\/b>.<\/p>\n<h3 style=\"text-align: left;\"><b>What is this medicine?<\/b><\/h3>\n<p style=\"text-align: left;\"><b>SERTRALINE<\/b>\u00a0is an antidepressant. It helps to improve a depressed person&#8217;s mood. Sertraline can also help people with\u00a0<b>obsessive-compulsive disorder<\/b>,\u00a0<b>panic attacks<\/b>,\u00a0<b>post-trauma stress<\/b>, or\u00a0<b>social anxiety<\/b>. Sertraline may also be prescribed for other purposes, like\u00a0<b>premenstrual dysphoric disorder (PMDD)<\/b>, a severe type of premenstrual syndrome.<\/p>\n<h3 style=\"text-align: left;\"><b>What should I tell my health care provider before I take this medicine?<\/b><\/h3>\n<p style=\"text-align: left;\">Your health care provider needs to know if you have any of these conditions:<\/p>\n<ul style=\"text-align: left;\">\n<li><b>Bipolar disorder<\/b>\u00a0or a family history of bipolar disorder<\/li>\n<li><b>Diabetes<\/b><\/li>\n<li><b>Heart disease<\/b><\/li>\n<li><b>Liver disease<\/b><\/li>\n<li><b>Receiving electroconvulsive therapy<\/b><\/li>\n<li><b>Seizures<\/b>\u00a0(convulsions)<\/li>\n<li><b>Suicidal thoughts<\/b>, plans, or attempt; a previous suicide attempt by you or a family member<\/li>\n<li><b>An unusual or allergic reaction<\/b>\u00a0to sertraline, other medicines, foods, dyes, or preservatives<\/li>\n<li><b>Pregnant or trying to get pregnant<\/b><\/li>\n<li><b>Breast-feeding<\/b><\/li>\n<\/ul>\n<h3 style=\"text-align: left;\"><b>How should I take this medicine?<\/b><\/h3>\n<p style=\"text-align: left;\">Take sertraline tablets by mouth. Swallow the tablets with a drink of water. You may take sertraline with or without food. Take your doses at regular intervals. Do not take your medicine more often than directed. Do not stop taking except on your prescriber&#8217;s advice. Do not use this medication in children unless you have been specifically instructed to do so by your health care provider.<\/p>\n<p style=\"text-align: left;\"><b>Overdosage:<\/b>\u00a0If you think you have taken too much of this medicine, contact a poison control center or emergency room at once. NOTE: This medicine is only for you. Do not share this medicine with others.<\/p>\n<h3 style=\"text-align: left;\"><b>What may interact with this medicine?<\/b><\/h3>\n<p style=\"text-align: left;\">Do not take sertraline with any of the following medications:<\/p>\n<ul style=\"text-align: left;\">\n<li><b>Astemizole<\/b>\u00a0(Hismanal\u00ae)<\/li>\n<li><b>Cisapride<\/b>\u00a0(Propulsid\u00ae)<\/li>\n<li><b>Pimozide<\/b>\u00a0(Orap\u00ae)<\/li>\n<li><b>Terfenadine<\/b>\u00a0(Seldane\u00ae)<\/li>\n<li><b>Thioridazine<\/b>\u00a0(Mellaril\u00ae)<\/li>\n<li><b>MAO inhibitors<\/b>\u00a0(e.g., phenelzine (Nardil\u00ae), tranylcypromine (Parnate\u00ae), isocarboxazid (Marplan\u00ae), selegiline (Eldepryl\u00ae))<\/li>\n<\/ul>\n<p style=\"text-align: left;\">Sertraline may also interact with the following medications:<\/p>\n<ul style=\"text-align: left;\">\n<li><b>Amphetamine<\/b><\/li>\n<li><b>Bosentan<\/b><\/li>\n<li><b>Carbamazepine<\/b><\/li>\n<li><b>Certain diet drugs<\/b>\u00a0(e.g., dexfenfluramine, fenfluramine, phentermine, sibutramine)<\/li>\n<li><b>Certain migraine headache medicines<\/b>\u00a0(e.g., almotriptan, eletriptan, frovatriptan, naratriptan, rizatriptan, sumatriptan, zolmitriptan)<\/li>\n<li><b>Cimetidine<\/b><\/li>\n<li><b>Cyclosporine<\/b><\/li>\n<li><b>Dextroamphetamine<\/b><\/li>\n<li><b>Dextromethorphan<\/b><\/li>\n<li><b>Diazepam<\/b><\/li>\n<li><b>Doxercalciferol<\/b><\/li>\n<li><b>Furazolidone<\/b><\/li>\n<li><b>Linezolid<\/b><\/li>\n<li><b>Other medicines for mental depression, mania, anxiety, psychosis, or difficulty sleeping<\/b><\/li>\n<li><b>Phenobarbital<\/b><\/li>\n<li><b>Prescription pain medications<\/b><\/li>\n<li><b>Procarbazine<\/b><\/li>\n<li><b>Rifabutin<\/b><\/li>\n<li><b>Rifampin<\/b><\/li>\n<li><b>Rifapentine<\/b><\/li>\n<li><b>Selegiline<\/b><\/li>\n<li><b>St. John&#8217;s wort<\/b><\/li>\n<li><b>Tolbutamide<\/b><\/li>\n<li><b>Tramadol<\/b><\/li>\n<li><b>Warfarin<\/b><\/li>\n<\/ul>\n<p style=\"text-align: left;\">Tell your prescriber or health care professional about all other medicines you are taking, including non-prescription medicines, nutritional supplements, and herbal products. Also, tell your prescriber or health care professional if you are a frequent user of drinks with caffeine or alcohol, if you smoke, or if you use illegal drugs. These may affect the way your medicine works. Check with your health care professional before stopping or starting any of your medicines.<\/p>\n<h3 style=\"text-align: left;\"><b>What should I watch for while taking this medicine?<\/b><\/h3>\n<p style=\"text-align: left;\">Visit your prescriber or health care professional for regular checks on your progress. Continue to take your medicine even if you do not immediately feel better. It can take several weeks before you feel the full effect of sertraline. If you notice any unusual effects, such as\u00a0<b>restlessness, worsening of depression, agitation, difficulty sleeping, irritability, anger, acting on dangerous impulses, or thoughts of suicide or suicidal attempts<\/b>, you should call your health care provider immediately.<\/p>\n<p style=\"text-align: left;\">If you have been taking sertraline regularly for some time, do not suddenly stop taking it. You must gradually reduce the dose or your symptoms may get worse. Ask your prescriber for advice on slowly stopping sertraline. You may get drowsy or dizzy. Do not drive, use machinery, or do anything that needs mental alertness until you know how sertraline affects you. Do not stand or sit up quickly, especially if you are an older patient. This reduces the risk of dizzy or fainting spells. Alcohol may interfere with the effect of sertraline. Avoid alcoholic drinks. Do not treat yourself for coughs, colds, or allergies without asking your prescriber or health care professional for advice. Some ingredients can increase possible side effects. Your mouth may get dry. Chewing sugarless gum or sucking hard candy, and drinking plenty of water will help. If you are going to have surgery, tell your prescriber or health care professional that you are taking sertraline.<\/p>\n<h3 style=\"text-align: left;\"><b>What side effects may I notice from this medicine?<\/b><\/h3>\n<p style=\"text-align: left;\">Side effects that you should report to your prescriber or health care professional as soon as possible:<\/p>\n<ul style=\"text-align: left;\">\n<li><b>Allergic reactions<\/b>\u00a0like skin rash, itching or hives, swelling of the face, lips, or tongue<\/li>\n<li><b>Black or bloody stools<\/b>, blood in the urine or vomit<\/li>\n<li><b>Fast, irregular heartbeat<\/b><\/li>\n<li><b>Feeling faint or lightheaded<\/b>, falls<\/li>\n<li><b>Hallucination, loss of contact with reality<\/b><\/li>\n<li><b>Seizures<\/b><\/li>\n<li><b>Suicidal thoughts<\/b>\u00a0or other mood changes<\/li>\n<li><b>Unusual bleeding or bruising<\/b><\/li>\n<li><b>Unusually weak or tired<\/b><\/li>\n<li><b>Vomiting<\/b><\/li>\n<\/ul>\n<p style=\"text-align: left;\">Side effects that usually do not require medical attention (report to your prescriber or health care professional if they continue or are bothersome):<\/p>\n<ul style=\"text-align: left;\">\n<li><b>Change in appetite<\/b><\/li>\n<li><b>Change in sex drive or performance<\/b><\/li>\n<li><b>Diarrhoea<\/b><\/li>\n<li><b>Increased sweating<\/b><\/li>\n<li><b>Indigestion, nausea<\/b><\/li>\n<li><b>Tremors<\/b><\/li>\n<\/ul>\n<p style=\"text-align: left;\">This list may not describe all possible side effects.<\/p>\n<h3 style=\"text-align: left;\"><b>Where can I keep my medicine?<\/b><\/h3>\n<p style=\"text-align: left;\">Keep out of the reach of children in a container that small children cannot open. Store at room temperature between\u00a0<b>15 and 30 degrees C<\/b>\u00a0(59 and 86 degrees F). Throw away any unused medicine after the expiration date.<\/p>\n","protected":false},"excerpt":{"rendered":"<div><b>Commercial Name:<\/b>\u00a0Zoloft<\/div>\n<div><b>Active Ingredient:<\/b>\u00a0Sertraline<\/div>\n<div><b>Production form:<\/b>\u00a0Pills<\/div>\n<div><b>Utilization:<\/b>\u00a0Anti-Depressants<\/div>\n<div><b>Available Dosage:<\/b>\u00a025mg, 50mg, 100mg<\/div>\n","protected":false},"featured_media":3836,"comment_status":"open","ping_status":"closed","template":"","meta":[],"product_cat":[20],"product_tag":[],"class_list":{"0":"post-3775","1":"product","2":"type-product","3":"status-publish","4":"has-post-thumbnail","6":"product_cat-anti-depressants","8":"first","9":"instock","10":"shipping-taxable","11":"product-type-grouped"},"yoast_head":"<!-- This site is optimized with the Yoast SEO plugin v20.0 - https:\/\/yoast.com\/wordpress\/plugins\/seo\/ -->\n<title>Objednejte Zoloft (Sertraline) bez receptu za n\u00edzkou cenu | Eurorxdrugs<\/title>\n<meta name=\"description\" content=\"Kupte Zoloft (Sertraline) nyn\u00ed! Origin\u00e1ln\u00ed l\u00e9ky a rychl\u00e9 doru\u010den\u00ed v cen\u011b. 100% diskr\u00e9tn\u00ed a d\u016fv\u011brn\u00fd servis pro v\u0161echny na\u0161e z\u00e1kazn\u00edky na Eurorxdrugs\" \/>\n<meta name=\"robots\" content=\"index, follow, max-snippet:-1, max-image-preview:large, max-video-preview:-1\" \/>\n<link rel=\"canonical\" href=\"https:\/\/eurorxdrugs.cc\/cs\/product\/zoloft-sertraline\/\" \/>\n<meta property=\"og:locale\" content=\"cs_CZ\" \/>\n<meta property=\"og:type\" content=\"article\" \/>\n<meta property=\"og:title\" content=\"Objednejte Zoloft (Sertraline) bez receptu za n\u00edzkou cenu | Eurorxdrugs\" \/>\n<meta property=\"og:description\" content=\"Kupte Zoloft (Sertraline) nyn\u00ed! Origin\u00e1ln\u00ed l\u00e9ky a rychl\u00e9 doru\u010den\u00ed v cen\u011b. 100% diskr\u00e9tn\u00ed a d\u016fv\u011brn\u00fd servis pro v\u0161echny na\u0161e z\u00e1kazn\u00edky na Eurorxdrugs\" \/>\n<meta property=\"og:url\" content=\"https:\/\/eurorxdrugs.cc\/cs\/product\/zoloft-sertraline\/\" \/>\n<meta property=\"og:site_name\" content=\"eurorxdrugs\" \/>\n<meta property=\"article:modified_time\" content=\"2024-09-15T11:13:11+00:00\" \/>\n<meta property=\"og:image\" content=\"https:\/\/eurorxdrugs.cc\/cs\/wp-content\/uploads\/2024\/09\/176-min.jpg\" \/>\n\t<meta property=\"og:image:width\" content=\"270\" \/>\n\t<meta property=\"og:image:height\" content=\"300\" \/>\n\t<meta property=\"og:image:type\" content=\"image\/jpeg\" \/>\n<meta name=\"twitter:card\" content=\"summary_large_image\" \/>\n<meta name=\"twitter:label1\" content=\"Odhadovan\u00e1 doba \u010dten\u00ed\" \/>\n\t<meta name=\"twitter:data1\" content=\"5 minut\" \/>\n<script type=\"application\/ld+json\" class=\"yoast-schema-graph\">{\"@context\":\"https:\/\/schema.org\",\"@graph\":[{\"@type\":\"WebPage\",\"@id\":\"https:\/\/eurorxdrugs.cc\/cs\/product\/zoloft-sertraline\/\",\"url\":\"https:\/\/eurorxdrugs.cc\/cs\/product\/zoloft-sertraline\/\",\"name\":\"Objednejte Zoloft (Sertraline) bez receptu za n\u00edzkou cenu | Eurorxdrugs\",\"isPartOf\":{\"@id\":\"https:\/\/eurorxdrugs.cc\/cs\/#website\"},\"datePublished\":\"2024-09-15T10:56:49+00:00\",\"dateModified\":\"2024-09-15T11:13:11+00:00\",\"description\":\"Kupte Zoloft (Sertraline) nyn\u00ed! Origin\u00e1ln\u00ed l\u00e9ky a rychl\u00e9 doru\u010den\u00ed v cen\u011b. 100% diskr\u00e9tn\u00ed a d\u016fv\u011brn\u00fd servis pro v\u0161echny na\u0161e z\u00e1kazn\u00edky na Eurorxdrugs\",\"breadcrumb\":{\"@id\":\"https:\/\/eurorxdrugs.cc\/cs\/product\/zoloft-sertraline\/#breadcrumb\"},\"inLanguage\":\"cs\",\"potentialAction\":[{\"@type\":\"ReadAction\",\"target\":[\"https:\/\/eurorxdrugs.cc\/cs\/product\/zoloft-sertraline\/\"]}]},{\"@type\":\"BreadcrumbList\",\"@id\":\"https:\/\/eurorxdrugs.cc\/cs\/product\/zoloft-sertraline\/#breadcrumb\",\"itemListElement\":[{\"@type\":\"ListItem\",\"position\":1,\"name\":\"Home\",\"item\":\"https:\/\/eurorxdrugs.cc\/cs\/\"},{\"@type\":\"ListItem\",\"position\":2,\"name\":\"Products\",\"item\":\"https:\/\/eurorxdrugs.cc\/cs\/shop\/\"},{\"@type\":\"ListItem\",\"position\":3,\"name\":\"Zoloft (Sertraline)\"}]},{\"@type\":\"WebSite\",\"@id\":\"https:\/\/eurorxdrugs.cc\/cs\/#website\",\"url\":\"https:\/\/eurorxdrugs.cc\/cs\/\",\"name\":\"eurorxdrugs\",\"description\":\"\",\"publisher\":{\"@id\":\"https:\/\/eurorxdrugs.cc\/cs\/#organization\"},\"potentialAction\":[{\"@type\":\"SearchAction\",\"target\":{\"@type\":\"EntryPoint\",\"urlTemplate\":\"https:\/\/eurorxdrugs.cc\/cs\/?s={search_term_string}\"},\"query-input\":\"required name=search_term_string\"}],\"inLanguage\":\"cs\"},{\"@type\":\"Organization\",\"@id\":\"https:\/\/eurorxdrugs.cc\/cs\/#organization\",\"name\":\"eurorxdrugs\",\"url\":\"https:\/\/eurorxdrugs.cc\/cs\/\",\"logo\":{\"@type\":\"ImageObject\",\"inLanguage\":\"cs\",\"@id\":\"https:\/\/eurorxdrugs.cc\/cs\/#\/schema\/logo\/image\/\",\"url\":\"https:\/\/eurorxdrugs.cc\/cs\/wp-content\/uploads\/2024\/09\/logo-1-1.png\",\"contentUrl\":\"https:\/\/eurorxdrugs.cc\/cs\/wp-content\/uploads\/2024\/09\/logo-1-1.png\",\"width\":233,\"height\":54,\"caption\":\"eurorxdrugs\"},\"image\":{\"@id\":\"https:\/\/eurorxdrugs.cc\/cs\/#\/schema\/logo\/image\/\"}}]}<\/script>\n<!-- \/ Yoast SEO plugin. -->","yoast_head_json":{"title":"Objednejte Zoloft (Sertraline) bez receptu za n\u00edzkou cenu | Eurorxdrugs","description":"Kupte Zoloft (Sertraline) nyn\u00ed! Origin\u00e1ln\u00ed l\u00e9ky a rychl\u00e9 doru\u010den\u00ed v cen\u011b. 100% diskr\u00e9tn\u00ed a d\u016fv\u011brn\u00fd servis pro v\u0161echny na\u0161e z\u00e1kazn\u00edky na Eurorxdrugs","robots":{"index":"index","follow":"follow","max-snippet":"max-snippet:-1","max-image-preview":"max-image-preview:large","max-video-preview":"max-video-preview:-1"},"canonical":"https:\/\/eurorxdrugs.cc\/cs\/product\/zoloft-sertraline\/","og_locale":"cs_CZ","og_type":"article","og_title":"Objednejte Zoloft (Sertraline) bez receptu za n\u00edzkou cenu | Eurorxdrugs","og_description":"Kupte Zoloft (Sertraline) nyn\u00ed! Origin\u00e1ln\u00ed l\u00e9ky a rychl\u00e9 doru\u010den\u00ed v cen\u011b. 100% diskr\u00e9tn\u00ed a d\u016fv\u011brn\u00fd servis pro v\u0161echny na\u0161e z\u00e1kazn\u00edky na Eurorxdrugs","og_url":"https:\/\/eurorxdrugs.cc\/cs\/product\/zoloft-sertraline\/","og_site_name":"eurorxdrugs","article_modified_time":"2024-09-15T11:13:11+00:00","og_image":[{"width":270,"height":300,"url":"https:\/\/eurorxdrugs.cc\/cs\/wp-content\/uploads\/2024\/09\/176-min.jpg","type":"image\/jpeg"}],"twitter_card":"summary_large_image","twitter_misc":{"Odhadovan\u00e1 doba \u010dten\u00ed":"5 minut"},"schema":{"@context":"https:\/\/schema.org","@graph":[{"@type":"WebPage","@id":"https:\/\/eurorxdrugs.cc\/cs\/product\/zoloft-sertraline\/","url":"https:\/\/eurorxdrugs.cc\/cs\/product\/zoloft-sertraline\/","name":"Objednejte Zoloft (Sertraline) bez receptu za n\u00edzkou cenu | Eurorxdrugs","isPartOf":{"@id":"https:\/\/eurorxdrugs.cc\/cs\/#website"},"datePublished":"2024-09-15T10:56:49+00:00","dateModified":"2024-09-15T11:13:11+00:00","description":"Kupte Zoloft (Sertraline) nyn\u00ed! Origin\u00e1ln\u00ed l\u00e9ky a rychl\u00e9 doru\u010den\u00ed v cen\u011b. 100% diskr\u00e9tn\u00ed a d\u016fv\u011brn\u00fd servis pro v\u0161echny na\u0161e z\u00e1kazn\u00edky na Eurorxdrugs","breadcrumb":{"@id":"https:\/\/eurorxdrugs.cc\/cs\/product\/zoloft-sertraline\/#breadcrumb"},"inLanguage":"cs","potentialAction":[{"@type":"ReadAction","target":["https:\/\/eurorxdrugs.cc\/cs\/product\/zoloft-sertraline\/"]}]},{"@type":"BreadcrumbList","@id":"https:\/\/eurorxdrugs.cc\/cs\/product\/zoloft-sertraline\/#breadcrumb","itemListElement":[{"@type":"ListItem","position":1,"name":"Home","item":"https:\/\/eurorxdrugs.cc\/cs\/"},{"@type":"ListItem","position":2,"name":"Products","item":"https:\/\/eurorxdrugs.cc\/cs\/shop\/"},{"@type":"ListItem","position":3,"name":"Zoloft (Sertraline)"}]},{"@type":"WebSite","@id":"https:\/\/eurorxdrugs.cc\/cs\/#website","url":"https:\/\/eurorxdrugs.cc\/cs\/","name":"eurorxdrugs","description":"","publisher":{"@id":"https:\/\/eurorxdrugs.cc\/cs\/#organization"},"potentialAction":[{"@type":"SearchAction","target":{"@type":"EntryPoint","urlTemplate":"https:\/\/eurorxdrugs.cc\/cs\/?s={search_term_string}"},"query-input":"required name=search_term_string"}],"inLanguage":"cs"},{"@type":"Organization","@id":"https:\/\/eurorxdrugs.cc\/cs\/#organization","name":"eurorxdrugs","url":"https:\/\/eurorxdrugs.cc\/cs\/","logo":{"@type":"ImageObject","inLanguage":"cs","@id":"https:\/\/eurorxdrugs.cc\/cs\/#\/schema\/logo\/image\/","url":"https:\/\/eurorxdrugs.cc\/cs\/wp-content\/uploads\/2024\/09\/logo-1-1.png","contentUrl":"https:\/\/eurorxdrugs.cc\/cs\/wp-content\/uploads\/2024\/09\/logo-1-1.png","width":233,"height":54,"caption":"eurorxdrugs"},"image":{"@id":"https:\/\/eurorxdrugs.cc\/cs\/#\/schema\/logo\/image\/"}}]}},"_links":{"self":[{"href":"https:\/\/eurorxdrugs.cc\/cs\/wp-json\/wp\/v2\/product\/3775","targetHints":{"allow":["GET"]}}],"collection":[{"href":"https:\/\/eurorxdrugs.cc\/cs\/wp-json\/wp\/v2\/product"}],"about":[{"href":"https:\/\/eurorxdrugs.cc\/cs\/wp-json\/wp\/v2\/types\/product"}],"replies":[{"embeddable":true,"href":"https:\/\/eurorxdrugs.cc\/cs\/wp-json\/wp\/v2\/comments?post=3775"}],"wp:featuredmedia":[{"embeddable":true,"href":"https:\/\/eurorxdrugs.cc\/cs\/wp-json\/wp\/v2\/media\/3836"}],"wp:attachment":[{"href":"https:\/\/eurorxdrugs.cc\/cs\/wp-json\/wp\/v2\/media?parent=3775"}],"wp:term":[{"taxonomy":"product_cat","embeddable":true,"href":"https:\/\/eurorxdrugs.cc\/cs\/wp-json\/wp\/v2\/product_cat?post=3775"},{"taxonomy":"product_tag","embeddable":true,"href":"https:\/\/eurorxdrugs.cc\/cs\/wp-json\/wp\/v2\/product_tag?post=3775"}],"curies":[{"name":"wp","href":"https:\/\/api.w.org\/{rel}","templated":true}]}}