{"id":3973,"date":"2024-09-15T13:22:38","date_gmt":"2024-09-15T13:22:38","guid":{"rendered":"https:\/\/eurorxdrugs.cc\/cs\/?post_type=product&#038;p=3973"},"modified":"2024-09-15T13:41:22","modified_gmt":"2024-09-15T13:41:22","slug":"zyprexa-olanzapine","status":"publish","type":"product","link":"https:\/\/eurorxdrugs.cc\/cs\/product\/zyprexa-olanzapine\/","title":{"rendered":"Zyprexa (Olanzapine)"},"content":{"rendered":"<div class=\"pro-description_content\">\n<div style=\"text-align: left;\"><span style=\"color: #3a3a3a; font-family: Open Sans, sans-serif;\"><b>Common use<\/b><\/span><\/div>\n<div style=\"text-align: left;\">\u00a0\u00a0\u00a0\u00a0\u00a0\u00a0\u00a0\u00a0<span style=\"color: #3a3a3a; font-family: Open Sans, sans-serif;\">Olanzapine belongs to the atypical antipsychotics. This medication is used to treat schizophrenia and bipolar disorder. It can be also applied in other cases.\u00a0<\/span><\/div>\n<div style=\"text-align: left;\"><span style=\"color: #3a3a3a; font-family: Open Sans, sans-serif;\">Take Zyprexa by mouth with a glass of water, with or without food. Avoid cutting, crushing or chewing this medicine.<\/span><\/div>\n<div style=\"text-align: left;\"><span style=\"color: #3a3a3a; font-family: Open Sans, sans-serif;\">\u00a0<\/span><\/div>\n<div style=\"text-align: left;\">\u00a0\u00a0\u00a0\u00a0\u00a0\u00a0\u00a0\u00a0<span style=\"color: #3a3a3a; font-family: Open Sans, sans-serif;\">Do not take the medicine more often than it is prescribed. Do not give up taking it except on the advice of your doctor.<\/span><\/div>\n<div style=\"text-align: left;\">\u00a0\u00a0\u00a0\u00a0\u00a0\u00a0\u00a0\u00a0<span style=\"color: #3a3a3a; font-family: Open Sans, sans-serif;\">It may need time for the medicine to help.<\/span><\/div>\n<div style=\"text-align: left;\">\u00a0\u00a0\u00a0\u00a0\u00a0\u00a0\u00a0\u00a0<span style=\"color: #3a3a3a; font-family: Open Sans, sans-serif;\">Consult your doctor concerning proper dose for you.<\/span><\/div>\n<div style=\"text-align: left;\"><span style=\"color: #3a3a3a; font-family: Open Sans, sans-serif;\">\u00a0<\/span><\/div>\n<div style=\"text-align: left;\"><span style=\"color: #3a3a3a; font-family: Open Sans, sans-serif;\"><b>Contraindication<\/b><\/span><\/div>\n<div style=\"text-align: left;\">\u00a0\u00a0\u00a0\u00a0\u00a0\u00a0\u00a0\u00a0<span style=\"color: #3a3a3a; font-family: Open Sans, sans-serif;\">Zyprexa should not be used by pregnant\/nursing women or children as well as by the patients having demonstrated a reaction of hypersensitivity to Olanzapine.<\/span><\/div>\n<div style=\"text-align: left;\"><span style=\"color: #3a3a3a; font-family: Open Sans, sans-serif;\">\u00a0<\/span><\/div>\n<div style=\"text-align: left;\"><span style=\"color: #3a3a3a; font-family: Open Sans, sans-serif;\"><b>The most common side effects are:<\/b><\/span><\/div>\n<div style=\"text-align: left;\"><span style=\"color: #3a3a3a; font-family: Open Sans, sans-serif;\">\u2022 dry mouth,<\/span><\/div>\n<div style=\"text-align: left;\"><span style=\"color: #3a3a3a; font-family: Open Sans, sans-serif;\">\u2022 dizziness,<\/span><\/div>\n<div style=\"text-align: left;\"><span style=\"color: #3a3a3a; font-family: Open Sans, sans-serif;\">\u2022 irritability,<\/span><\/div>\n<div style=\"text-align: left;\"><span style=\"color: #3a3a3a; font-family: Open Sans, sans-serif;\">\u2022 sedation,<\/span><\/div>\n<div style=\"text-align: left;\"><span style=\"color: #3a3a3a; font-family: Open Sans, sans-serif;\">\u2022 insomnia,<\/span><\/div>\n<div style=\"text-align: left;\"><span style=\"color: #3a3a3a; font-family: Open Sans, sans-serif;\">\u2022 urinary retention, etc.<\/span><\/div>\n<div style=\"text-align: left;\">\u00a0\u00a0\u00a0\u00a0\u00a0\u00a0\u00a0\u00a0<span style=\"color: #3a3a3a; font-family: Open Sans, sans-serif;\">A very serious allergic reaction rarely occurs. Many people using this medicine do not have serious side effects.<\/span><\/div>\n<div style=\"text-align: left;\">\u00a0\u00a0\u00a0\u00a0\u00a0\u00a0\u00a0\u00a0<span style=\"color: #3a3a3a; font-family: Open Sans, sans-serif;\">Turn to your doctor or pharmacist for more details.<\/span><\/div>\n<div style=\"text-align: left;\">\u00a0\u00a0\u00a0\u00a0\u00a0\u00a0\u00a0\u00a0<span style=\"color: #3a3a3a; font-family: Open Sans, sans-serif;\">In case you notice the effects not listed here, contact your doctor or pharmacist.<\/span><\/div>\n<div style=\"text-align: left;\"><span style=\"color: #3a3a3a; font-family: Open Sans, sans-serif;\">\u00a0<\/span><\/div>\n<div style=\"text-align: left;\"><span style=\"color: #3a3a3a; font-family: Open Sans, sans-serif;\"><b>Missed dose<\/b><\/span><\/div>\n<div style=\"text-align: left;\">\u00a0\u00a0\u00a0\u00a0\u00a0\u00a0\u00a0\u00a0<span style=\"color: #3a3a3a; font-family: Open Sans, sans-serif;\">If you have missed your dose, take it as soon as you remember. If you see that it is near the time for the next dose, skip the missed dose and resume your usual dosing schedule. Do not take your dose twice.<\/span><\/div>\n<div style=\"text-align: left;\"><span style=\"color: #3a3a3a; font-family: Open Sans, sans-serif;\">\u00a0<\/span><\/div>\n<div style=\"text-align: left;\"><span style=\"color: #3a3a3a; font-family: Open Sans, sans-serif;\"><b>Overdose<\/b><\/span><\/div>\n<div style=\"text-align: left;\">\u00a0\u00a0\u00a0\u00a0\u00a0\u00a0\u00a0\u00a0<span style=\"color: #3a3a3a; font-family: Open Sans, sans-serif;\">If you think you have used too much of this medicine seek emergency medical attention right away. The symptoms of overdose usually include chest pain, nausea, irregular heartbeat, and feeling light-headed or fainting.<\/span><\/div>\n<div style=\"text-align: left;\"><span style=\"color: #3a3a3a; font-family: Open Sans, sans-serif;\">\u00a0<\/span><\/div>\n<div style=\"text-align: left;\">\u00a0\u00a0\u00a0\u00a0\u00a0\u00a0\u00a0\u00a0<span style=\"color: #3a3a3a; font-family: Open Sans, sans-serif;\">Store your medicines at room temperature between 68-77 degrees F (20-25 degrees C) away from light and moisture. Do not store your drugs in the bathroom. Keep all drugs away from reach of children and pets.<\/span><\/div>\n<div><\/div>\n<\/div>\n<div class=\"pro-description_comment\">\n<div class=\"pro-description_comment_img\"><\/div>\n<\/div>\n","protected":false},"excerpt":{"rendered":"<div><b>Commercial Name:<\/b>\u00a0Zyprexa<\/div>\n<div><b>Active Ingredient:<\/b>\u00a0Olanzapine<\/div>\n<div><b>Production form:<\/b>\u00a0Pills<\/div>\n<div><b>Utilization:<\/b>\u00a0Used to treat schizophrenia and bipolar disorder<\/div>\n<div><b>Available Dosage:<\/b>\u00a02.5mg, 5mg, 7.5mg, 10mg, and 20mg<\/div>\n","protected":false},"featured_media":4032,"comment_status":"open","ping_status":"closed","template":"","meta":[],"product_cat":[39],"product_tag":[],"class_list":{"0":"post-3973","1":"product","2":"type-product","3":"status-publish","4":"has-post-thumbnail","6":"product_cat-others","8":"first","9":"instock","10":"shipping-taxable","11":"product-type-grouped"},"yoast_head":"<!-- This site is optimized with the Yoast SEO plugin v20.0 - https:\/\/yoast.com\/wordpress\/plugins\/seo\/ -->\n<title>Objednejte Zyprexa (Olanzapine) bez receptu za n\u00edzkou cenu | Eurorxdrugs<\/title>\n<meta name=\"description\" content=\"Kupte Zyprexa (Olanzapine) nyn\u00ed! Origin\u00e1ln\u00ed l\u00e9ky a rychl\u00e9 doru\u010den\u00ed v cen\u011b. 100% diskr\u00e9tn\u00ed a d\u016fv\u011brn\u00fd servis pro v\u0161echny na\u0161e z\u00e1kazn\u00edky na Eurorxdrugs\" \/>\n<meta name=\"robots\" content=\"index, follow, max-snippet:-1, max-image-preview:large, max-video-preview:-1\" \/>\n<link rel=\"canonical\" href=\"https:\/\/eurorxdrugs.cc\/cs\/product\/zyprexa-olanzapine\/\" \/>\n<meta property=\"og:locale\" content=\"cs_CZ\" \/>\n<meta property=\"og:type\" content=\"article\" \/>\n<meta property=\"og:title\" content=\"Objednejte Zyprexa (Olanzapine) bez receptu za n\u00edzkou cenu | Eurorxdrugs\" \/>\n<meta property=\"og:description\" content=\"Kupte Zyprexa (Olanzapine) nyn\u00ed! Origin\u00e1ln\u00ed l\u00e9ky a rychl\u00e9 doru\u010den\u00ed v cen\u011b. 100% diskr\u00e9tn\u00ed a d\u016fv\u011brn\u00fd servis pro v\u0161echny na\u0161e z\u00e1kazn\u00edky na Eurorxdrugs\" \/>\n<meta property=\"og:url\" content=\"https:\/\/eurorxdrugs.cc\/cs\/product\/zyprexa-olanzapine\/\" \/>\n<meta property=\"og:site_name\" content=\"eurorxdrugs\" \/>\n<meta property=\"article:modified_time\" content=\"2024-09-15T13:41:22+00:00\" \/>\n<meta property=\"og:image\" content=\"https:\/\/eurorxdrugs.cc\/cs\/wp-content\/uploads\/2024\/09\/238-min.jpg\" \/>\n\t<meta property=\"og:image:width\" content=\"270\" \/>\n\t<meta property=\"og:image:height\" content=\"300\" \/>\n\t<meta property=\"og:image:type\" content=\"image\/jpeg\" \/>\n<meta name=\"twitter:card\" content=\"summary_large_image\" \/>\n<meta name=\"twitter:label1\" content=\"Odhadovan\u00e1 doba \u010dten\u00ed\" \/>\n\t<meta name=\"twitter:data1\" content=\"1 minuta\" \/>\n<script type=\"application\/ld+json\" class=\"yoast-schema-graph\">{\"@context\":\"https:\/\/schema.org\",\"@graph\":[{\"@type\":\"WebPage\",\"@id\":\"https:\/\/eurorxdrugs.cc\/cs\/product\/zyprexa-olanzapine\/\",\"url\":\"https:\/\/eurorxdrugs.cc\/cs\/product\/zyprexa-olanzapine\/\",\"name\":\"Objednejte Zyprexa (Olanzapine) bez receptu za n\u00edzkou cenu | Eurorxdrugs\",\"isPartOf\":{\"@id\":\"https:\/\/eurorxdrugs.cc\/cs\/#website\"},\"datePublished\":\"2024-09-15T13:22:38+00:00\",\"dateModified\":\"2024-09-15T13:41:22+00:00\",\"description\":\"Kupte Zyprexa (Olanzapine) nyn\u00ed! Origin\u00e1ln\u00ed l\u00e9ky a rychl\u00e9 doru\u010den\u00ed v cen\u011b. 100% diskr\u00e9tn\u00ed a d\u016fv\u011brn\u00fd servis pro v\u0161echny na\u0161e z\u00e1kazn\u00edky na Eurorxdrugs\",\"breadcrumb\":{\"@id\":\"https:\/\/eurorxdrugs.cc\/cs\/product\/zyprexa-olanzapine\/#breadcrumb\"},\"inLanguage\":\"cs\",\"potentialAction\":[{\"@type\":\"ReadAction\",\"target\":[\"https:\/\/eurorxdrugs.cc\/cs\/product\/zyprexa-olanzapine\/\"]}]},{\"@type\":\"BreadcrumbList\",\"@id\":\"https:\/\/eurorxdrugs.cc\/cs\/product\/zyprexa-olanzapine\/#breadcrumb\",\"itemListElement\":[{\"@type\":\"ListItem\",\"position\":1,\"name\":\"Home\",\"item\":\"https:\/\/eurorxdrugs.cc\/cs\/\"},{\"@type\":\"ListItem\",\"position\":2,\"name\":\"Products\",\"item\":\"https:\/\/eurorxdrugs.cc\/cs\/shop\/\"},{\"@type\":\"ListItem\",\"position\":3,\"name\":\"Zyprexa (Olanzapine)\"}]},{\"@type\":\"WebSite\",\"@id\":\"https:\/\/eurorxdrugs.cc\/cs\/#website\",\"url\":\"https:\/\/eurorxdrugs.cc\/cs\/\",\"name\":\"eurorxdrugs\",\"description\":\"\",\"publisher\":{\"@id\":\"https:\/\/eurorxdrugs.cc\/cs\/#organization\"},\"potentialAction\":[{\"@type\":\"SearchAction\",\"target\":{\"@type\":\"EntryPoint\",\"urlTemplate\":\"https:\/\/eurorxdrugs.cc\/cs\/?s={search_term_string}\"},\"query-input\":\"required name=search_term_string\"}],\"inLanguage\":\"cs\"},{\"@type\":\"Organization\",\"@id\":\"https:\/\/eurorxdrugs.cc\/cs\/#organization\",\"name\":\"eurorxdrugs\",\"url\":\"https:\/\/eurorxdrugs.cc\/cs\/\",\"logo\":{\"@type\":\"ImageObject\",\"inLanguage\":\"cs\",\"@id\":\"https:\/\/eurorxdrugs.cc\/cs\/#\/schema\/logo\/image\/\",\"url\":\"https:\/\/eurorxdrugs.cc\/cs\/wp-content\/uploads\/2024\/09\/logo-1-1.png\",\"contentUrl\":\"https:\/\/eurorxdrugs.cc\/cs\/wp-content\/uploads\/2024\/09\/logo-1-1.png\",\"width\":233,\"height\":54,\"caption\":\"eurorxdrugs\"},\"image\":{\"@id\":\"https:\/\/eurorxdrugs.cc\/cs\/#\/schema\/logo\/image\/\"}}]}<\/script>\n<!-- \/ Yoast SEO plugin. -->","yoast_head_json":{"title":"Objednejte Zyprexa (Olanzapine) bez receptu za n\u00edzkou cenu | Eurorxdrugs","description":"Kupte Zyprexa (Olanzapine) nyn\u00ed! Origin\u00e1ln\u00ed l\u00e9ky a rychl\u00e9 doru\u010den\u00ed v cen\u011b. 100% diskr\u00e9tn\u00ed a d\u016fv\u011brn\u00fd servis pro v\u0161echny na\u0161e z\u00e1kazn\u00edky na Eurorxdrugs","robots":{"index":"index","follow":"follow","max-snippet":"max-snippet:-1","max-image-preview":"max-image-preview:large","max-video-preview":"max-video-preview:-1"},"canonical":"https:\/\/eurorxdrugs.cc\/cs\/product\/zyprexa-olanzapine\/","og_locale":"cs_CZ","og_type":"article","og_title":"Objednejte Zyprexa (Olanzapine) bez receptu za n\u00edzkou cenu | Eurorxdrugs","og_description":"Kupte Zyprexa (Olanzapine) nyn\u00ed! Origin\u00e1ln\u00ed l\u00e9ky a rychl\u00e9 doru\u010den\u00ed v cen\u011b. 100% diskr\u00e9tn\u00ed a d\u016fv\u011brn\u00fd servis pro v\u0161echny na\u0161e z\u00e1kazn\u00edky na Eurorxdrugs","og_url":"https:\/\/eurorxdrugs.cc\/cs\/product\/zyprexa-olanzapine\/","og_site_name":"eurorxdrugs","article_modified_time":"2024-09-15T13:41:22+00:00","og_image":[{"width":270,"height":300,"url":"https:\/\/eurorxdrugs.cc\/cs\/wp-content\/uploads\/2024\/09\/238-min.jpg","type":"image\/jpeg"}],"twitter_card":"summary_large_image","twitter_misc":{"Odhadovan\u00e1 doba \u010dten\u00ed":"1 minuta"},"schema":{"@context":"https:\/\/schema.org","@graph":[{"@type":"WebPage","@id":"https:\/\/eurorxdrugs.cc\/cs\/product\/zyprexa-olanzapine\/","url":"https:\/\/eurorxdrugs.cc\/cs\/product\/zyprexa-olanzapine\/","name":"Objednejte Zyprexa (Olanzapine) bez receptu za n\u00edzkou cenu | Eurorxdrugs","isPartOf":{"@id":"https:\/\/eurorxdrugs.cc\/cs\/#website"},"datePublished":"2024-09-15T13:22:38+00:00","dateModified":"2024-09-15T13:41:22+00:00","description":"Kupte Zyprexa (Olanzapine) nyn\u00ed! Origin\u00e1ln\u00ed l\u00e9ky a rychl\u00e9 doru\u010den\u00ed v cen\u011b. 100% diskr\u00e9tn\u00ed a d\u016fv\u011brn\u00fd servis pro v\u0161echny na\u0161e z\u00e1kazn\u00edky na Eurorxdrugs","breadcrumb":{"@id":"https:\/\/eurorxdrugs.cc\/cs\/product\/zyprexa-olanzapine\/#breadcrumb"},"inLanguage":"cs","potentialAction":[{"@type":"ReadAction","target":["https:\/\/eurorxdrugs.cc\/cs\/product\/zyprexa-olanzapine\/"]}]},{"@type":"BreadcrumbList","@id":"https:\/\/eurorxdrugs.cc\/cs\/product\/zyprexa-olanzapine\/#breadcrumb","itemListElement":[{"@type":"ListItem","position":1,"name":"Home","item":"https:\/\/eurorxdrugs.cc\/cs\/"},{"@type":"ListItem","position":2,"name":"Products","item":"https:\/\/eurorxdrugs.cc\/cs\/shop\/"},{"@type":"ListItem","position":3,"name":"Zyprexa (Olanzapine)"}]},{"@type":"WebSite","@id":"https:\/\/eurorxdrugs.cc\/cs\/#website","url":"https:\/\/eurorxdrugs.cc\/cs\/","name":"eurorxdrugs","description":"","publisher":{"@id":"https:\/\/eurorxdrugs.cc\/cs\/#organization"},"potentialAction":[{"@type":"SearchAction","target":{"@type":"EntryPoint","urlTemplate":"https:\/\/eurorxdrugs.cc\/cs\/?s={search_term_string}"},"query-input":"required name=search_term_string"}],"inLanguage":"cs"},{"@type":"Organization","@id":"https:\/\/eurorxdrugs.cc\/cs\/#organization","name":"eurorxdrugs","url":"https:\/\/eurorxdrugs.cc\/cs\/","logo":{"@type":"ImageObject","inLanguage":"cs","@id":"https:\/\/eurorxdrugs.cc\/cs\/#\/schema\/logo\/image\/","url":"https:\/\/eurorxdrugs.cc\/cs\/wp-content\/uploads\/2024\/09\/logo-1-1.png","contentUrl":"https:\/\/eurorxdrugs.cc\/cs\/wp-content\/uploads\/2024\/09\/logo-1-1.png","width":233,"height":54,"caption":"eurorxdrugs"},"image":{"@id":"https:\/\/eurorxdrugs.cc\/cs\/#\/schema\/logo\/image\/"}}]}},"_links":{"self":[{"href":"https:\/\/eurorxdrugs.cc\/cs\/wp-json\/wp\/v2\/product\/3973","targetHints":{"allow":["GET"]}}],"collection":[{"href":"https:\/\/eurorxdrugs.cc\/cs\/wp-json\/wp\/v2\/product"}],"about":[{"href":"https:\/\/eurorxdrugs.cc\/cs\/wp-json\/wp\/v2\/types\/product"}],"replies":[{"embeddable":true,"href":"https:\/\/eurorxdrugs.cc\/cs\/wp-json\/wp\/v2\/comments?post=3973"}],"wp:featuredmedia":[{"embeddable":true,"href":"https:\/\/eurorxdrugs.cc\/cs\/wp-json\/wp\/v2\/media\/4032"}],"wp:attachment":[{"href":"https:\/\/eurorxdrugs.cc\/cs\/wp-json\/wp\/v2\/media?parent=3973"}],"wp:term":[{"taxonomy":"product_cat","embeddable":true,"href":"https:\/\/eurorxdrugs.cc\/cs\/wp-json\/wp\/v2\/product_cat?post=3973"},{"taxonomy":"product_tag","embeddable":true,"href":"https:\/\/eurorxdrugs.cc\/cs\/wp-json\/wp\/v2\/product_tag?post=3973"}],"curies":[{"name":"wp","href":"https:\/\/api.w.org\/{rel}","templated":true}]}}