{"id":422,"date":"2024-09-06T20:43:11","date_gmt":"2024-09-06T20:43:11","guid":{"rendered":"https:\/\/eurorxdrugs.cc\/cs\/?post_type=product&#038;p=422"},"modified":"2024-09-06T21:00:05","modified_gmt":"2024-09-06T21:00:05","slug":"deltasone-prednisolone","status":"publish","type":"product","link":"https:\/\/eurorxdrugs.cc\/cs\/product\/deltasone-prednisolone\/","title":{"rendered":"Deltasone (Prednisolone)"},"content":{"rendered":"<div style=\"text-align: left;\"><span style=\"color: #000000; font-family: Arial, sans-serif;\"><b>Common use<\/b><\/span><\/div>\n<div style=\"text-align: left;\"><span style=\"color: #000000; font-family: Arial, sans-serif;\">\u00a0<\/span><\/div>\n<div style=\"text-align: left;\">\u00a0\u00a0\u00a0\u00a0\u00a0\u00a0\u00a0\u00a0<span style=\"color: #000000; font-family: Arial, sans-serif;\">Prednisolone is a synthetic analogue of the hormones cortisone and hydrocortisone. The drug causes significant anti-inflammatory, antiallergic, anti exudative, antishock, anti-toxic effects. Anti-inflammatory effect of prednisolone is achieved mainly associated with cytosolic glucocorticosteroid receptors. The complex between the hormone and the receptor penetrates into the nucleus of the target skin cell enhances expression of the genes that code synthesis of lipoproteins, the substances which inhibit phospholipase A2 and reduce the synthesis of metabolic products of arachidonic acid cyclic known to participate in inflammatory reaction. Antiallergic effect of the drug is explained by its ability to decrease the number of basophils and inhibit synthesis and secretion of biologically active substances. Prednisolone is used to treat many different conditions such as allergic disorders, collagenosis (skin conditions), infectious nonspecific polyarthritis, psoriasis, lupus, ulcerative colitis, bronchial asthma, acute lymphoblastic and myeloid leukaemia, neurodermatitis, eczema, Addison disease (decreased adrenal function), and many others.<\/span><\/div>\n<div style=\"text-align: left;\"><span style=\"color: #000000; font-family: Arial, sans-serif;\">\u00a0<\/span><\/div>\n<div style=\"text-align: left;\"><span style=\"color: #000000; font-family: Arial, sans-serif;\"><b>Dosage and direction<\/b><\/span><\/div>\n<div style=\"text-align: left;\">\u00a0\u00a0\u00a0\u00a0\u00a0\u00a0\u00a0\u00a0<span style=\"color: #000000; font-family: Arial, sans-serif;\">Individual dosing is necessary for each condition. Acute conditions and initial dose are usually 5-60 mg a day. The maintenance dose is usually 5-10 mg a day. Do not take more of Prednisolone than it was prescribed to you. Follow all recommendations of your doctor.<\/span><\/div>\n<div style=\"text-align: left;\"><span style=\"color: #000000; font-family: Arial, sans-serif;\">\u00a0<\/span><\/div>\n<div style=\"text-align: left;\"><span style=\"color: #000000; font-family: Arial, sans-serif;\"><b>Precautions<\/b><\/span><\/div>\n<div style=\"text-align: left;\"><span style=\"color: #000000; font-family: Arial, sans-serif;\">\u00a0<\/span><\/div>\n<div style=\"text-align: left;\">\u00a0\u00a0\u00a0\u00a0\u00a0\u00a0\u00a0\u00a0<span style=\"color: #000000; font-family: Arial, sans-serif;\">Inform your doctor about all diseases you have and especially about liver or kidney disease, a thyroid disorder, diabetes, tuberculosis, malaria, myasthenia gravis, stomach ulcerations, glaucoma, mental illness as use of the steroid may influence these conditions. Steroid medications are known to weaken the immune system, so it may become easier for you to be infected anew or your existing infection may worsen. Inform your doctor if you have been sick recently with infection. Avoid sick people. Inform your doctor if you contact with people with chickenpox or measles because these diseases are maybe fatally dangerous to people treated by steroids. You should not be vaccinated by? live? vaccines during treatment with Prednisolone. Do not interrupt treatment with Prednisolone suddenly to avoid unpleasant withdrawal symptoms. Inform your doctor about your pregnancy.<\/span><\/div>\n<div style=\"text-align: left;\"><span style=\"color: #000000; font-family: Arial, sans-serif;\">\u00a0<\/span><\/div>\n<div style=\"text-align: left;\"><span style=\"color: #000000; font-family: Arial, sans-serif;\"><b>Contraindications<\/b><\/span><\/div>\n<div style=\"text-align: left;\">\u00a0\u00a0\u00a0\u00a0\u00a0\u00a0\u00a0\u00a0<span style=\"color: #000000; font-family: Arial, sans-serif;\">This medication cannot be used in the patients with severe hypertension, diabetes and Itsenko-Cushing syndrome, in pregnant women, severe circulatory failure, acute endocarditis (inflammation of the inner cavities of the heart), psychosis, nephritis, osteoporosis, stomach and duodenal ulcers, recently surgery, syphilis, the active form of tuberculosis, in elderly patients.<\/span><\/div>\n<div style=\"text-align: left;\"><span style=\"color: #000000; font-family: Arial, sans-serif;\">\u00a0<\/span><\/div>\n<div style=\"text-align: left;\"><span style=\"color: #000000; font-family: Arial, sans-serif;\"><b>Side effects<\/b><\/span><\/div>\n<div style=\"text-align: left;\">\u00a0\u00a0\u00a0\u00a0\u00a0\u00a0\u00a0\u00a0<span style=\"color: #000000; font-family: Arial, sans-serif;\">This medication may be a reason of obesity, hirsutism (excess body hair growth in women), acne, menstrual disorders, osteoporosis, Itsenko-Cushing syndrome (obesity, decreased sexual function, bone fragility), gastrointestinal ulceration, ulcer perforation, hemorrhagic pancreatitis, hyperglycemia (high blood sugar), increase in blood clotting, mental disorders. Withdrawal symptoms are possible, especially after long treatment. Other side effects which should be informed about to your doctor if they worsen are changes in vision, depression, seizures, bloody or tarry stools, low potassium (increased urination, extreme thirst, uneven heart rate), hypertension.<\/span><\/div>\n<div style=\"text-align: left;\"><span style=\"color: #000000; font-family: Arial, sans-serif;\">\u00a0<\/span><\/div>\n<div style=\"text-align: left;\"><span style=\"color: #000000; font-family: Arial, sans-serif;\"><b>Drug interaction<\/b><\/span><\/div>\n<div style=\"text-align: left;\">\u00a0\u00a0\u00a0\u00a0\u00a0\u00a0\u00a0\u00a0<span style=\"color: #000000; font-family: Arial, sans-serif;\">Concomitant use of Prednisolone and anti-diabetic and anticoagulant drugs requires correction of the doses. In patients with Addison disease concomitant use of Prednisolone and barbiturates should be exercised with cautiousness.<\/span><\/div>\n<div style=\"text-align: left;\"><span style=\"color: #000000; font-family: Arial, sans-serif;\">\u00a0<\/span><\/div>\n<div style=\"text-align: left;\"><span style=\"color: #000000; font-family: Arial, sans-serif;\"><b>Missed dose<\/b><\/span><\/div>\n<div style=\"text-align: left;\">\u00a0\u00a0\u00a0\u00a0\u00a0\u00a0\u00a0\u00a0<span style=\"color: #000000; font-family: Arial, sans-serif;\">If you forgot to take your dose in time, contact your doctor or a health care advisor.<\/span><\/div>\n<div style=\"text-align: left;\"><span style=\"color: #000000; font-family: Arial, sans-serif;\">\u00a0<\/span><\/div>\n<div style=\"text-align: left;\"><span style=\"color: #000000; font-family: Arial, sans-serif;\"><b>Overdose<\/b><\/span><\/div>\n<div style=\"text-align: left;\">\u00a0\u00a0\u00a0\u00a0\u00a0\u00a0\u00a0\u00a0<span style=\"color: #000000; font-family: Arial, sans-serif;\">This medication is not likely to cause life-threatening symptoms. Dangerous conditions may be caused by prolonged use of the medication: easy bruising, thinning skin, body fat located in the back, face, neck, and waist, acne or facial hair growth, impotence, menstrual problems.<\/span><\/div>\n<div style=\"text-align: left;\"><span style=\"color: #000000; font-family: Arial, sans-serif;\">\u00a0<\/span><\/div>\n<div style=\"text-align: left;\"><span style=\"color: #000000; font-family: Arial, sans-serif;\"><b>Storage<\/b><\/span><\/div>\n<div style=\"text-align: left;\">\u00a0\u00a0\u00a0\u00a0\u00a0\u00a0\u00a0\u00a0<span style=\"color: #000000; font-family: Arial, sans-serif;\">Store at room temperature between 20-25 C (68-77 F). Store away from moisture, heat, and sunlight. It is not recommended to store in a bathroom and places available for children.<\/span><\/div>\n<div><\/div>\n","protected":false},"excerpt":{"rendered":"<div><b>Commercial Name:<\/b>\u00a0Deltasone<\/div>\n<div><b>Active Ingredient:<\/b>\u00a0Prednisolone<\/div>\n<div><b>Production form:<\/b>\u00a0Pills<\/div>\n<div><b>Utilization:<\/b>\u00a0Used to reduce inflammation and reduce the symptoms in a variety of conditions like ulcerative colitis and asthma<\/div>\n<div><b>Available Dosage:<\/b>\u00a05mg, 10mg, 20mg and 40mg<\/div>\n","protected":false},"featured_media":423,"comment_status":"open","ping_status":"closed","template":"","meta":[],"product_cat":[21],"product_tag":[],"class_list":{"0":"post-422","1":"product","2":"type-product","3":"status-publish","4":"has-post-thumbnail","6":"product_cat-skin-care-dermatology","8":"first","9":"instock","10":"shipping-taxable","11":"product-type-grouped"},"yoast_head":"<!-- This site is optimized with the Yoast SEO plugin v20.0 - https:\/\/yoast.com\/wordpress\/plugins\/seo\/ -->\n<title>Objednejte Deltasone (Prednisolone) bez receptu za n\u00edzkou cenu | Eurorxdrugs<\/title>\n<meta name=\"description\" content=\"Kupte Deltasone (Prednisolone) nyn\u00ed! Origin\u00e1ln\u00ed l\u00e9ky a rychl\u00e9 doru\u010den\u00ed v cen\u011b. 100% diskr\u00e9tn\u00ed a d\u016fv\u011brn\u00fd servis pro v\u0161echny na\u0161e z\u00e1kazn\u00edky na Eurorxdrugs\" \/>\n<meta name=\"robots\" content=\"index, follow, max-snippet:-1, max-image-preview:large, max-video-preview:-1\" \/>\n<link rel=\"canonical\" href=\"https:\/\/eurorxdrugs.cc\/cs\/product\/deltasone-prednisolone\/\" \/>\n<meta property=\"og:locale\" content=\"cs_CZ\" \/>\n<meta property=\"og:type\" content=\"article\" \/>\n<meta property=\"og:title\" content=\"Objednejte Deltasone (Prednisolone) bez receptu za n\u00edzkou cenu | Eurorxdrugs\" \/>\n<meta property=\"og:description\" content=\"Kupte Deltasone (Prednisolone) nyn\u00ed! Origin\u00e1ln\u00ed l\u00e9ky a rychl\u00e9 doru\u010den\u00ed v cen\u011b. 100% diskr\u00e9tn\u00ed a d\u016fv\u011brn\u00fd servis pro v\u0161echny na\u0161e z\u00e1kazn\u00edky na Eurorxdrugs\" \/>\n<meta property=\"og:url\" content=\"https:\/\/eurorxdrugs.cc\/cs\/product\/deltasone-prednisolone\/\" \/>\n<meta property=\"og:site_name\" content=\"eurorxdrugs\" \/>\n<meta property=\"article:modified_time\" content=\"2024-09-06T21:00:05+00:00\" \/>\n<meta property=\"og:image\" content=\"https:\/\/eurorxdrugs.cc\/cs\/wp-content\/uploads\/2024\/09\/227-min.jpg\" \/>\n\t<meta property=\"og:image:width\" content=\"270\" \/>\n\t<meta property=\"og:image:height\" content=\"300\" \/>\n\t<meta property=\"og:image:type\" content=\"image\/jpeg\" \/>\n<meta name=\"twitter:card\" content=\"summary_large_image\" \/>\n<meta name=\"twitter:label1\" content=\"Odhadovan\u00e1 doba \u010dten\u00ed\" \/>\n\t<meta name=\"twitter:data1\" content=\"3 minuty\" \/>\n<script type=\"application\/ld+json\" class=\"yoast-schema-graph\">{\"@context\":\"https:\/\/schema.org\",\"@graph\":[{\"@type\":\"WebPage\",\"@id\":\"https:\/\/eurorxdrugs.cc\/cs\/product\/deltasone-prednisolone\/\",\"url\":\"https:\/\/eurorxdrugs.cc\/cs\/product\/deltasone-prednisolone\/\",\"name\":\"Objednejte Deltasone (Prednisolone) bez receptu za n\u00edzkou cenu | Eurorxdrugs\",\"isPartOf\":{\"@id\":\"https:\/\/eurorxdrugs.cc\/cs\/#website\"},\"datePublished\":\"2024-09-06T20:43:11+00:00\",\"dateModified\":\"2024-09-06T21:00:05+00:00\",\"description\":\"Kupte Deltasone (Prednisolone) nyn\u00ed! Origin\u00e1ln\u00ed l\u00e9ky a rychl\u00e9 doru\u010den\u00ed v cen\u011b. 100% diskr\u00e9tn\u00ed a d\u016fv\u011brn\u00fd servis pro v\u0161echny na\u0161e z\u00e1kazn\u00edky na Eurorxdrugs\",\"breadcrumb\":{\"@id\":\"https:\/\/eurorxdrugs.cc\/cs\/product\/deltasone-prednisolone\/#breadcrumb\"},\"inLanguage\":\"cs\",\"potentialAction\":[{\"@type\":\"ReadAction\",\"target\":[\"https:\/\/eurorxdrugs.cc\/cs\/product\/deltasone-prednisolone\/\"]}]},{\"@type\":\"BreadcrumbList\",\"@id\":\"https:\/\/eurorxdrugs.cc\/cs\/product\/deltasone-prednisolone\/#breadcrumb\",\"itemListElement\":[{\"@type\":\"ListItem\",\"position\":1,\"name\":\"Home\",\"item\":\"https:\/\/eurorxdrugs.cc\/cs\/\"},{\"@type\":\"ListItem\",\"position\":2,\"name\":\"Products\",\"item\":\"https:\/\/eurorxdrugs.cc\/cs\/shop\/\"},{\"@type\":\"ListItem\",\"position\":3,\"name\":\"Deltasone (Prednisolone)\"}]},{\"@type\":\"WebSite\",\"@id\":\"https:\/\/eurorxdrugs.cc\/cs\/#website\",\"url\":\"https:\/\/eurorxdrugs.cc\/cs\/\",\"name\":\"eurorxdrugs\",\"description\":\"\",\"publisher\":{\"@id\":\"https:\/\/eurorxdrugs.cc\/cs\/#organization\"},\"potentialAction\":[{\"@type\":\"SearchAction\",\"target\":{\"@type\":\"EntryPoint\",\"urlTemplate\":\"https:\/\/eurorxdrugs.cc\/cs\/?s={search_term_string}\"},\"query-input\":\"required name=search_term_string\"}],\"inLanguage\":\"cs\"},{\"@type\":\"Organization\",\"@id\":\"https:\/\/eurorxdrugs.cc\/cs\/#organization\",\"name\":\"eurorxdrugs\",\"url\":\"https:\/\/eurorxdrugs.cc\/cs\/\",\"logo\":{\"@type\":\"ImageObject\",\"inLanguage\":\"cs\",\"@id\":\"https:\/\/eurorxdrugs.cc\/cs\/#\/schema\/logo\/image\/\",\"url\":\"https:\/\/eurorxdrugs.cc\/cs\/wp-content\/uploads\/2024\/09\/logo-1-1.png\",\"contentUrl\":\"https:\/\/eurorxdrugs.cc\/cs\/wp-content\/uploads\/2024\/09\/logo-1-1.png\",\"width\":233,\"height\":54,\"caption\":\"eurorxdrugs\"},\"image\":{\"@id\":\"https:\/\/eurorxdrugs.cc\/cs\/#\/schema\/logo\/image\/\"}}]}<\/script>\n<!-- \/ Yoast SEO plugin. -->","yoast_head_json":{"title":"Objednejte Deltasone (Prednisolone) bez receptu za n\u00edzkou cenu | Eurorxdrugs","description":"Kupte Deltasone (Prednisolone) nyn\u00ed! Origin\u00e1ln\u00ed l\u00e9ky a rychl\u00e9 doru\u010den\u00ed v cen\u011b. 100% diskr\u00e9tn\u00ed a d\u016fv\u011brn\u00fd servis pro v\u0161echny na\u0161e z\u00e1kazn\u00edky na Eurorxdrugs","robots":{"index":"index","follow":"follow","max-snippet":"max-snippet:-1","max-image-preview":"max-image-preview:large","max-video-preview":"max-video-preview:-1"},"canonical":"https:\/\/eurorxdrugs.cc\/cs\/product\/deltasone-prednisolone\/","og_locale":"cs_CZ","og_type":"article","og_title":"Objednejte Deltasone (Prednisolone) bez receptu za n\u00edzkou cenu | Eurorxdrugs","og_description":"Kupte Deltasone (Prednisolone) nyn\u00ed! Origin\u00e1ln\u00ed l\u00e9ky a rychl\u00e9 doru\u010den\u00ed v cen\u011b. 100% diskr\u00e9tn\u00ed a d\u016fv\u011brn\u00fd servis pro v\u0161echny na\u0161e z\u00e1kazn\u00edky na Eurorxdrugs","og_url":"https:\/\/eurorxdrugs.cc\/cs\/product\/deltasone-prednisolone\/","og_site_name":"eurorxdrugs","article_modified_time":"2024-09-06T21:00:05+00:00","og_image":[{"width":270,"height":300,"url":"https:\/\/eurorxdrugs.cc\/cs\/wp-content\/uploads\/2024\/09\/227-min.jpg","type":"image\/jpeg"}],"twitter_card":"summary_large_image","twitter_misc":{"Odhadovan\u00e1 doba \u010dten\u00ed":"3 minuty"},"schema":{"@context":"https:\/\/schema.org","@graph":[{"@type":"WebPage","@id":"https:\/\/eurorxdrugs.cc\/cs\/product\/deltasone-prednisolone\/","url":"https:\/\/eurorxdrugs.cc\/cs\/product\/deltasone-prednisolone\/","name":"Objednejte Deltasone (Prednisolone) bez receptu za n\u00edzkou cenu | Eurorxdrugs","isPartOf":{"@id":"https:\/\/eurorxdrugs.cc\/cs\/#website"},"datePublished":"2024-09-06T20:43:11+00:00","dateModified":"2024-09-06T21:00:05+00:00","description":"Kupte Deltasone (Prednisolone) nyn\u00ed! Origin\u00e1ln\u00ed l\u00e9ky a rychl\u00e9 doru\u010den\u00ed v cen\u011b. 100% diskr\u00e9tn\u00ed a d\u016fv\u011brn\u00fd servis pro v\u0161echny na\u0161e z\u00e1kazn\u00edky na Eurorxdrugs","breadcrumb":{"@id":"https:\/\/eurorxdrugs.cc\/cs\/product\/deltasone-prednisolone\/#breadcrumb"},"inLanguage":"cs","potentialAction":[{"@type":"ReadAction","target":["https:\/\/eurorxdrugs.cc\/cs\/product\/deltasone-prednisolone\/"]}]},{"@type":"BreadcrumbList","@id":"https:\/\/eurorxdrugs.cc\/cs\/product\/deltasone-prednisolone\/#breadcrumb","itemListElement":[{"@type":"ListItem","position":1,"name":"Home","item":"https:\/\/eurorxdrugs.cc\/cs\/"},{"@type":"ListItem","position":2,"name":"Products","item":"https:\/\/eurorxdrugs.cc\/cs\/shop\/"},{"@type":"ListItem","position":3,"name":"Deltasone (Prednisolone)"}]},{"@type":"WebSite","@id":"https:\/\/eurorxdrugs.cc\/cs\/#website","url":"https:\/\/eurorxdrugs.cc\/cs\/","name":"eurorxdrugs","description":"","publisher":{"@id":"https:\/\/eurorxdrugs.cc\/cs\/#organization"},"potentialAction":[{"@type":"SearchAction","target":{"@type":"EntryPoint","urlTemplate":"https:\/\/eurorxdrugs.cc\/cs\/?s={search_term_string}"},"query-input":"required name=search_term_string"}],"inLanguage":"cs"},{"@type":"Organization","@id":"https:\/\/eurorxdrugs.cc\/cs\/#organization","name":"eurorxdrugs","url":"https:\/\/eurorxdrugs.cc\/cs\/","logo":{"@type":"ImageObject","inLanguage":"cs","@id":"https:\/\/eurorxdrugs.cc\/cs\/#\/schema\/logo\/image\/","url":"https:\/\/eurorxdrugs.cc\/cs\/wp-content\/uploads\/2024\/09\/logo-1-1.png","contentUrl":"https:\/\/eurorxdrugs.cc\/cs\/wp-content\/uploads\/2024\/09\/logo-1-1.png","width":233,"height":54,"caption":"eurorxdrugs"},"image":{"@id":"https:\/\/eurorxdrugs.cc\/cs\/#\/schema\/logo\/image\/"}}]}},"_links":{"self":[{"href":"https:\/\/eurorxdrugs.cc\/cs\/wp-json\/wp\/v2\/product\/422","targetHints":{"allow":["GET"]}}],"collection":[{"href":"https:\/\/eurorxdrugs.cc\/cs\/wp-json\/wp\/v2\/product"}],"about":[{"href":"https:\/\/eurorxdrugs.cc\/cs\/wp-json\/wp\/v2\/types\/product"}],"replies":[{"embeddable":true,"href":"https:\/\/eurorxdrugs.cc\/cs\/wp-json\/wp\/v2\/comments?post=422"}],"wp:featuredmedia":[{"embeddable":true,"href":"https:\/\/eurorxdrugs.cc\/cs\/wp-json\/wp\/v2\/media\/423"}],"wp:attachment":[{"href":"https:\/\/eurorxdrugs.cc\/cs\/wp-json\/wp\/v2\/media?parent=422"}],"wp:term":[{"taxonomy":"product_cat","embeddable":true,"href":"https:\/\/eurorxdrugs.cc\/cs\/wp-json\/wp\/v2\/product_cat?post=422"},{"taxonomy":"product_tag","embeddable":true,"href":"https:\/\/eurorxdrugs.cc\/cs\/wp-json\/wp\/v2\/product_tag?post=422"}],"curies":[{"name":"wp","href":"https:\/\/api.w.org\/{rel}","templated":true}]}}