{"id":4286,"date":"2024-09-15T17:21:13","date_gmt":"2024-09-15T17:21:13","guid":{"rendered":"https:\/\/eurorxdrugs.cc\/cs\/?post_type=product&#038;p=4286"},"modified":"2024-09-19T05:56:48","modified_gmt":"2024-09-19T05:56:48","slug":"symmetrel-amantadine","status":"publish","type":"product","link":"https:\/\/eurorxdrugs.cc\/cs\/product\/symmetrel-amantadine\/","title":{"rendered":"Symmetrel (Amantadine)"},"content":{"rendered":"<p style=\"text-align: left;\">Symmetrel is an antiviral medication which used to prevent or treat certain influenza infections. Symmetrel blocks the actions of viruses in your body. This drug is also used for treatment Parkinson&#8217;s disease and &#8222;Parkinson-like&#8220; symptoms, including stiffness and shaking.<br \/>\nTake it orally with a full glass of water or food\/milk. Swallow whole, do not crush it. Use Symmetrel at the same time each day for best result. The usual dosage of Symmetrel is 100 to 200 mg daily, it depends from your body weight. Also the recommended adult dose varies according to the condition being treated:<br \/>\n1.Treatment of Parkinson&#8217;s disease:<br \/>\nthe recommended adult dose is 100 mg once daily to start. After one to several weeks, it may increase to 100 mg twice daily.<br \/>\n2.Treatment and prevention of influenza A infections:<br \/>\nthe recommended dose for adults and children 13 years of age and older is 200 mg daily. For children 9-12 years of age, the recommended dose is 100 mg taken twice daily. For children 1 to 12 years old, the dose is prescribed by the body weight of the child.<br \/>\n3.To prevent influenza A infections:<br \/>\nSymmentrel should be taken before or after contact with a infected person and continued for 10 days after contact with him.<br \/>\nNote: this instruction presented here just for review. It&#8217;s very necessary to consult with your doctor before using. It help you to get best results.<br \/>\nSymmetrel is not allowed to people who are hypersensitive to any components of this medicine. Contraindicated in case of individuals subject to convulsions or if your medical history include gastric ulceration, severe renal disease. Contraindicated in pregnancy.<br \/>\nThey may include all types of an allergic reaction. Also the most possible side effects include:<br \/>\nfeeling short of breath, even with mild exertion;<br \/>\nswelling, rapid weight gain;<br \/>\nfeeling depressed, agitated, or aggressive;<br \/>\nbehavior changes, hallucinations, thoughts of hurting yourself;<br \/>\nurinating less than usual or not at all;<br \/>\nhigh fever, stiff muscles, confusion, sweating, fast or uneven heartbeats, rapid breathing, feeling like you might pass out;<br \/>\nrestless muscle movements in your eyes, tongue, jaw, or neck; or<br \/>\ntremor (uncontrolled shaking).<br \/>\nLess serious include:<br \/>\ndizziness, drowsiness, headache;<br \/>\nsleep problems (insomnia), strange dreams;<br \/>\nfeeling nervous;<br \/>\nnausea, diarrhea, constipation, loss of appetite;<br \/>\ndry mouth, dry nose; or<br \/>\nloss of balance or coordination.<br \/>\nIf you experience one of them stop using Symmetrel and tell your doctor as soon as possible. Also consult with your doctor about any side effect that seems unusual.<br \/>\nIf you forgot to take your dose in time, please do it as soon as you remember. But do not take if it is too late or almost time for your next dose. Do not increase your recommended dose. Take your usually dose next day in the same regularly time.<br \/>\nDeaths have been reported in patients who overdosed, so you may be more careful with taking this medication. Symptoms of Symmetrel overdose may include fever, anxiety, severe headache, confusion, hallucinations, agitation, aggression, personality changes, tremor, problems with balance or walking, fast or uneven heart rate, urinating less than usual or not at all, trouble breathing, seizure (convulsion), or fainting. If you experience one of them call your doctor immediately.<br \/>\nStore at room temperature between 59-77 degrees F (15-25 degrees C) away from light and moisture, kids and pets. Do not use after expiration term.<\/p>\n","protected":false},"excerpt":{"rendered":"<p><strong>Commercial Name:<\/strong>\u00a0Symmetrel<br \/>\n<strong>Active Ingredient:<\/strong>\u00a0Amantadine<br \/>\n<strong>Utilization:<\/strong>\u00a0Used to prevent or treat certain influenza infections<br \/>\n<strong>Available Dosages:<\/strong>\u00a025mg, 50mg, 75mg, 100mg, 125mg, 150mg, 200mg<\/p>\n","protected":false},"featured_media":4287,"comment_status":"open","ping_status":"closed","template":"","meta":[],"product_cat":[39],"product_tag":[],"class_list":{"0":"post-4286","1":"product","2":"type-product","3":"status-publish","4":"has-post-thumbnail","6":"product_cat-others","8":"first","9":"instock","10":"shipping-taxable","11":"product-type-grouped"},"yoast_head":"<!-- This site is optimized with the Yoast SEO plugin v20.0 - https:\/\/yoast.com\/wordpress\/plugins\/seo\/ -->\n<title>Objednejte Symmetrel (Amantadine) bez receptu za n\u00edzkou cenu | Eurorxdrugs<\/title>\n<meta name=\"description\" content=\"Kupte Symmetrel (Amantadine) nyn\u00ed! Origin\u00e1ln\u00ed l\u00e9ky a rychl\u00e9 doru\u010den\u00ed v cen\u011b. 100% diskr\u00e9tn\u00ed a d\u016fv\u011brn\u00fd servis pro v\u0161echny na\u0161e z\u00e1kazn\u00edky na Eurorxdrugs\" \/>\n<meta name=\"robots\" content=\"index, follow, max-snippet:-1, max-image-preview:large, max-video-preview:-1\" \/>\n<link rel=\"canonical\" href=\"https:\/\/eurorxdrugs.cc\/cs\/product\/symmetrel-amantadine\/\" \/>\n<meta property=\"og:locale\" content=\"cs_CZ\" \/>\n<meta property=\"og:type\" content=\"article\" \/>\n<meta property=\"og:title\" content=\"Objednejte Symmetrel (Amantadine) bez receptu za n\u00edzkou cenu | Eurorxdrugs\" \/>\n<meta property=\"og:description\" content=\"Kupte Symmetrel (Amantadine) nyn\u00ed! Origin\u00e1ln\u00ed l\u00e9ky a rychl\u00e9 doru\u010den\u00ed v cen\u011b. 100% diskr\u00e9tn\u00ed a d\u016fv\u011brn\u00fd servis pro v\u0161echny na\u0161e z\u00e1kazn\u00edky na Eurorxdrugs\" \/>\n<meta property=\"og:url\" content=\"https:\/\/eurorxdrugs.cc\/cs\/product\/symmetrel-amantadine\/\" \/>\n<meta property=\"og:site_name\" content=\"eurorxdrugs\" \/>\n<meta property=\"article:modified_time\" content=\"2024-09-19T05:56:48+00:00\" \/>\n<meta property=\"og:image\" content=\"https:\/\/eurorxdrugs.cc\/cs\/wp-content\/uploads\/2024\/09\/315-min.jpg\" \/>\n\t<meta property=\"og:image:width\" content=\"270\" \/>\n\t<meta property=\"og:image:height\" content=\"300\" \/>\n\t<meta property=\"og:image:type\" content=\"image\/jpeg\" \/>\n<meta name=\"twitter:card\" content=\"summary_large_image\" \/>\n<meta name=\"twitter:label1\" content=\"Odhadovan\u00e1 doba \u010dten\u00ed\" \/>\n\t<meta name=\"twitter:data1\" content=\"3 minuty\" \/>\n<script type=\"application\/ld+json\" class=\"yoast-schema-graph\">{\"@context\":\"https:\/\/schema.org\",\"@graph\":[{\"@type\":\"WebPage\",\"@id\":\"https:\/\/eurorxdrugs.cc\/cs\/product\/symmetrel-amantadine\/\",\"url\":\"https:\/\/eurorxdrugs.cc\/cs\/product\/symmetrel-amantadine\/\",\"name\":\"Objednejte Symmetrel (Amantadine) bez receptu za n\u00edzkou cenu | Eurorxdrugs\",\"isPartOf\":{\"@id\":\"https:\/\/eurorxdrugs.cc\/cs\/#website\"},\"datePublished\":\"2024-09-15T17:21:13+00:00\",\"dateModified\":\"2024-09-19T05:56:48+00:00\",\"description\":\"Kupte Symmetrel (Amantadine) nyn\u00ed! Origin\u00e1ln\u00ed l\u00e9ky a rychl\u00e9 doru\u010den\u00ed v cen\u011b. 100% diskr\u00e9tn\u00ed a d\u016fv\u011brn\u00fd servis pro v\u0161echny na\u0161e z\u00e1kazn\u00edky na Eurorxdrugs\",\"breadcrumb\":{\"@id\":\"https:\/\/eurorxdrugs.cc\/cs\/product\/symmetrel-amantadine\/#breadcrumb\"},\"inLanguage\":\"cs\",\"potentialAction\":[{\"@type\":\"ReadAction\",\"target\":[\"https:\/\/eurorxdrugs.cc\/cs\/product\/symmetrel-amantadine\/\"]}]},{\"@type\":\"BreadcrumbList\",\"@id\":\"https:\/\/eurorxdrugs.cc\/cs\/product\/symmetrel-amantadine\/#breadcrumb\",\"itemListElement\":[{\"@type\":\"ListItem\",\"position\":1,\"name\":\"Home\",\"item\":\"https:\/\/eurorxdrugs.cc\/cs\/\"},{\"@type\":\"ListItem\",\"position\":2,\"name\":\"Products\",\"item\":\"https:\/\/eurorxdrugs.cc\/cs\/shop\/\"},{\"@type\":\"ListItem\",\"position\":3,\"name\":\"Symmetrel (Amantadine)\"}]},{\"@type\":\"WebSite\",\"@id\":\"https:\/\/eurorxdrugs.cc\/cs\/#website\",\"url\":\"https:\/\/eurorxdrugs.cc\/cs\/\",\"name\":\"eurorxdrugs\",\"description\":\"\",\"publisher\":{\"@id\":\"https:\/\/eurorxdrugs.cc\/cs\/#organization\"},\"potentialAction\":[{\"@type\":\"SearchAction\",\"target\":{\"@type\":\"EntryPoint\",\"urlTemplate\":\"https:\/\/eurorxdrugs.cc\/cs\/?s={search_term_string}\"},\"query-input\":\"required name=search_term_string\"}],\"inLanguage\":\"cs\"},{\"@type\":\"Organization\",\"@id\":\"https:\/\/eurorxdrugs.cc\/cs\/#organization\",\"name\":\"eurorxdrugs\",\"url\":\"https:\/\/eurorxdrugs.cc\/cs\/\",\"logo\":{\"@type\":\"ImageObject\",\"inLanguage\":\"cs\",\"@id\":\"https:\/\/eurorxdrugs.cc\/cs\/#\/schema\/logo\/image\/\",\"url\":\"https:\/\/eurorxdrugs.cc\/cs\/wp-content\/uploads\/2024\/09\/logo-1-1.png\",\"contentUrl\":\"https:\/\/eurorxdrugs.cc\/cs\/wp-content\/uploads\/2024\/09\/logo-1-1.png\",\"width\":233,\"height\":54,\"caption\":\"eurorxdrugs\"},\"image\":{\"@id\":\"https:\/\/eurorxdrugs.cc\/cs\/#\/schema\/logo\/image\/\"}}]}<\/script>\n<!-- \/ Yoast SEO plugin. -->","yoast_head_json":{"title":"Objednejte Symmetrel (Amantadine) bez receptu za n\u00edzkou cenu | Eurorxdrugs","description":"Kupte Symmetrel (Amantadine) nyn\u00ed! Origin\u00e1ln\u00ed l\u00e9ky a rychl\u00e9 doru\u010den\u00ed v cen\u011b. 100% diskr\u00e9tn\u00ed a d\u016fv\u011brn\u00fd servis pro v\u0161echny na\u0161e z\u00e1kazn\u00edky na Eurorxdrugs","robots":{"index":"index","follow":"follow","max-snippet":"max-snippet:-1","max-image-preview":"max-image-preview:large","max-video-preview":"max-video-preview:-1"},"canonical":"https:\/\/eurorxdrugs.cc\/cs\/product\/symmetrel-amantadine\/","og_locale":"cs_CZ","og_type":"article","og_title":"Objednejte Symmetrel (Amantadine) bez receptu za n\u00edzkou cenu | Eurorxdrugs","og_description":"Kupte Symmetrel (Amantadine) nyn\u00ed! Origin\u00e1ln\u00ed l\u00e9ky a rychl\u00e9 doru\u010den\u00ed v cen\u011b. 100% diskr\u00e9tn\u00ed a d\u016fv\u011brn\u00fd servis pro v\u0161echny na\u0161e z\u00e1kazn\u00edky na Eurorxdrugs","og_url":"https:\/\/eurorxdrugs.cc\/cs\/product\/symmetrel-amantadine\/","og_site_name":"eurorxdrugs","article_modified_time":"2024-09-19T05:56:48+00:00","og_image":[{"width":270,"height":300,"url":"https:\/\/eurorxdrugs.cc\/cs\/wp-content\/uploads\/2024\/09\/315-min.jpg","type":"image\/jpeg"}],"twitter_card":"summary_large_image","twitter_misc":{"Odhadovan\u00e1 doba \u010dten\u00ed":"3 minuty"},"schema":{"@context":"https:\/\/schema.org","@graph":[{"@type":"WebPage","@id":"https:\/\/eurorxdrugs.cc\/cs\/product\/symmetrel-amantadine\/","url":"https:\/\/eurorxdrugs.cc\/cs\/product\/symmetrel-amantadine\/","name":"Objednejte Symmetrel (Amantadine) bez receptu za n\u00edzkou cenu | Eurorxdrugs","isPartOf":{"@id":"https:\/\/eurorxdrugs.cc\/cs\/#website"},"datePublished":"2024-09-15T17:21:13+00:00","dateModified":"2024-09-19T05:56:48+00:00","description":"Kupte Symmetrel (Amantadine) nyn\u00ed! Origin\u00e1ln\u00ed l\u00e9ky a rychl\u00e9 doru\u010den\u00ed v cen\u011b. 100% diskr\u00e9tn\u00ed a d\u016fv\u011brn\u00fd servis pro v\u0161echny na\u0161e z\u00e1kazn\u00edky na Eurorxdrugs","breadcrumb":{"@id":"https:\/\/eurorxdrugs.cc\/cs\/product\/symmetrel-amantadine\/#breadcrumb"},"inLanguage":"cs","potentialAction":[{"@type":"ReadAction","target":["https:\/\/eurorxdrugs.cc\/cs\/product\/symmetrel-amantadine\/"]}]},{"@type":"BreadcrumbList","@id":"https:\/\/eurorxdrugs.cc\/cs\/product\/symmetrel-amantadine\/#breadcrumb","itemListElement":[{"@type":"ListItem","position":1,"name":"Home","item":"https:\/\/eurorxdrugs.cc\/cs\/"},{"@type":"ListItem","position":2,"name":"Products","item":"https:\/\/eurorxdrugs.cc\/cs\/shop\/"},{"@type":"ListItem","position":3,"name":"Symmetrel (Amantadine)"}]},{"@type":"WebSite","@id":"https:\/\/eurorxdrugs.cc\/cs\/#website","url":"https:\/\/eurorxdrugs.cc\/cs\/","name":"eurorxdrugs","description":"","publisher":{"@id":"https:\/\/eurorxdrugs.cc\/cs\/#organization"},"potentialAction":[{"@type":"SearchAction","target":{"@type":"EntryPoint","urlTemplate":"https:\/\/eurorxdrugs.cc\/cs\/?s={search_term_string}"},"query-input":"required name=search_term_string"}],"inLanguage":"cs"},{"@type":"Organization","@id":"https:\/\/eurorxdrugs.cc\/cs\/#organization","name":"eurorxdrugs","url":"https:\/\/eurorxdrugs.cc\/cs\/","logo":{"@type":"ImageObject","inLanguage":"cs","@id":"https:\/\/eurorxdrugs.cc\/cs\/#\/schema\/logo\/image\/","url":"https:\/\/eurorxdrugs.cc\/cs\/wp-content\/uploads\/2024\/09\/logo-1-1.png","contentUrl":"https:\/\/eurorxdrugs.cc\/cs\/wp-content\/uploads\/2024\/09\/logo-1-1.png","width":233,"height":54,"caption":"eurorxdrugs"},"image":{"@id":"https:\/\/eurorxdrugs.cc\/cs\/#\/schema\/logo\/image\/"}}]}},"_links":{"self":[{"href":"https:\/\/eurorxdrugs.cc\/cs\/wp-json\/wp\/v2\/product\/4286","targetHints":{"allow":["GET"]}}],"collection":[{"href":"https:\/\/eurorxdrugs.cc\/cs\/wp-json\/wp\/v2\/product"}],"about":[{"href":"https:\/\/eurorxdrugs.cc\/cs\/wp-json\/wp\/v2\/types\/product"}],"replies":[{"embeddable":true,"href":"https:\/\/eurorxdrugs.cc\/cs\/wp-json\/wp\/v2\/comments?post=4286"}],"wp:featuredmedia":[{"embeddable":true,"href":"https:\/\/eurorxdrugs.cc\/cs\/wp-json\/wp\/v2\/media\/4287"}],"wp:attachment":[{"href":"https:\/\/eurorxdrugs.cc\/cs\/wp-json\/wp\/v2\/media?parent=4286"}],"wp:term":[{"taxonomy":"product_cat","embeddable":true,"href":"https:\/\/eurorxdrugs.cc\/cs\/wp-json\/wp\/v2\/product_cat?post=4286"},{"taxonomy":"product_tag","embeddable":true,"href":"https:\/\/eurorxdrugs.cc\/cs\/wp-json\/wp\/v2\/product_tag?post=4286"}],"curies":[{"name":"wp","href":"https:\/\/api.w.org\/{rel}","templated":true}]}}