{"id":4574,"date":"2024-10-26T11:32:51","date_gmt":"2024-10-26T11:32:51","guid":{"rendered":"https:\/\/eurorxdrugs.cc\/cs\/?post_type=product&#038;p=4574"},"modified":"2024-10-26T11:46:14","modified_gmt":"2024-10-26T11:46:14","slug":"xenical-orlistat-2","status":"publish","type":"product","link":"https:\/\/eurorxdrugs.cc\/cs\/product\/xenical-orlistat-2\/","title":{"rendered":"Xenical (Orlistat)"},"content":{"rendered":"<p>H\u00e4ufige Verwendung<\/p>\n<p>Orlistat ist ein Lipasehemmer, der verwendet wird, um Ihnen beim Abnehmen zu helfen und die R\u00fcckkehr des Gewichts zu verhindern. Er wird f\u00fcr fettleibige Personen und \u00fcbergewichtige Menschen mit Gesundheitsproblemen wie Diabetes, Bluthochdruck oder hohen Cholesterinwerten verschrieben. Orlistat blockiert die Absorption von Nahrungsfett in den Blutkreislauf, wodurch die Anzahl der Kalorien, die Sie aus Mahlzeiten erhalten, reduziert wird. Sie k\u00f6nnen Orlistat zusammen mit einer Di\u00e4t und Bewegung verwenden, um bessere Ergebnisse zu erzielen. Hinweis: Sie werden Ergebnisse sehen, solange Sie das Medikament einnehmen.<\/p>\n<p>Dosierung und Anwendung<\/p>\n<p>Konsultieren Sie Ihren Arzt, bevor Sie es verwenden. Verwenden Sie nicht mehr als verschrieben. Nehmen Sie es oral, in der Regel dreimal t\u00e4glich w\u00e4hrend (oder bis zu einer Stunde nach) jeder Hauptmahlzeit, die Fett enth\u00e4lt. Sie sollten ein Multivitaminpr\u00e4parat einnehmen, das die Vitamine A, D, E und K enth\u00e4lt, um eine ausreichende Versorgung sicherzustellen. Dieses Pr\u00e4parat sollte mindestens zwei Stunden vor oder nach der Einnahme dieses Medikaments eingenommen werden, z. B. vor dem Schlafengehen. Die empfohlene Dosis f\u00fcr Erwachsene und Kinder unter 12 Jahren betr\u00e4gt eine 120-Milligramm-Kapsel dreimal t\u00e4glich. Hinweis: Diese Anleitung dient nur zur \u00dcberpr\u00fcfung. Konsultieren Sie Ihren Arzt f\u00fcr die besten Ergebnisse.<\/p>\n<p>Vorsichtsma\u00dfnahmen<\/p>\n<p>Nehmen Sie dieses Medikament nicht ohne \u00e4rztlichen Rat ein, wenn Sie ein chronisches Malabsorptionssyndrom oder Gallengangsprobleme haben. Verwenden Sie Orlistat nicht, wenn Ihre Krankengeschichte Nierensteine, Anorexie, Bulimie, Diabetes, die Einnahme von Cyclosporin oder andere Gewichtsverlustmedikamente umfasst. Der Gewichtsverlust beginnt innerhalb von zwei Wochen und kann \u00fcber Jahre hinweg anhalten. Die Auswirkungen der Anwendung von Orlistat \u00fcber mehr als 2 Jahre sind noch unbekannt. Wenn Sie Diabetes haben, wird der Gewichtsverlust voraussichtlich Ihre Blutzuckerwerte senken. Sprechen Sie mit Ihrem Arzt \u00fcber die Dosierung von Orlistat, wenn Sie orale Diabetesmedikamente oder Insulin einnehmen. Orlistat sollte nicht w\u00e4hrend der Schwangerschaft, w\u00e4hrend des werdenden Mutterseins oder beim Stillen verwendet werden. Verwenden Sie es nicht vor dem Stillen ohne \u00e4rztliche Erlaubnis.<\/p>\n<p>Gegenanzeigen<\/p>\n<p>Orlistat ist kontraindiziert bei:<\/p>\n<p>Malabsorption<br \/>\nVerminderte Gallengangsfunktion (z. B. nach Cholezystektomie)<br \/>\nSchwangerschaft und Stillzeit<br \/>\nBestimmten Nierenproblemen<br \/>\nHinweis: Die Sicherheit und Wirksamkeit von Orlistat bei Kindern unter 12 Jahren wurden nicht festgestellt.<\/p>\n<p>M\u00f6gliche Nebenwirkungen<\/p>\n<p>Diese k\u00f6nnen alle Arten von allergischen Reaktionen umfassen. Stoppen Sie die Einnahme von Orlistat sofort, wenn Sie starke Schmerzen im oberen Bauch, die in den R\u00fccken ausstrahlen, \u00dcbelkeit, Erbrechen und eine schnelle Herzfrequenz versp\u00fcren.<\/p>\n<p>Die h\u00e4ufigsten Nebenwirkungen sind:<\/p>\n<p>\u00d6lige Flecken in Ihrer Unterw\u00e4sche<br \/>\n\u00d6lige oder fettige St\u00fchle<br \/>\nOrange oder braunes \u00d6l in Ihrem Stuhl<br \/>\nGas mit Ausfluss, ein \u00f6liger Ausfluss<br \/>\nLockere St\u00fchle oder ein dringendes Bed\u00fcrfnis, zur Toilette zu gehen, Unf\u00e4higkeit, den Stuhlgang zu kontrollieren<br \/>\nErh\u00f6hte Anzahl von Stuhlgang; Bauchschmerzen, \u00dcbelkeit, Erbrechen, Durchfall, rektale Schmerzen<br \/>\nAppetitlosigkeit, Schw\u00e4che, lehmfarbene St\u00fchle, dunkler Urin, Juckreiz oder Gelbsucht<br \/>\nWeniger schwerwiegende Nebenwirkungen umfassen:<\/p>\n<p>Probleme mit Ihren Z\u00e4hnen oder Ihrem Zahnfleisch<br \/>\nErk\u00e4ltungserscheinungen, wie verstopfte Nase, Niesen, Husten<br \/>\nFieber, Sch\u00fcttelfrost, Halsschmerzen, Grippesymptome<br \/>\nKopfschmerzen, R\u00fcckenschmerzen<br \/>\nLeichter Hautausschlag<br \/>\nWenn Sie eine dieser Nebenwirkungen erleben, stellen Sie die Verwendung von Orlistat ein und informieren Sie Ihren Arzt so schnell wie m\u00f6glich. Sprechen Sie auch mit Ihrem Arzt \u00fcber alle Nebenwirkungen, die ungew\u00f6hnlich erscheinen.<\/p>\n<p>Arzneimittelwechselwirkungen<\/p>\n<p>Orlistat interagiert mit den folgenden Medikamenten: Cyclosporin und Warfarin. Die Wechselwirkung zwischen zwei Medikamenten bedeutet nicht immer, dass Sie eines davon absetzen m\u00fcssen. Konsultieren Sie Ihren Arzt, wie diese Wechselwirkungen verwaltet werden sollten.<\/p>\n<p>Vers\u00e4umte Dosis<\/p>\n<p>Wenn Sie vergessen haben, Ihre Dosis rechtzeitig einzunehmen, nehmen Sie sie ein, sobald Sie sich erinnern. Nehmen Sie sie nicht ein, wenn es zu sp\u00e4t ist oder fast Zeit f\u00fcr Ihre n\u00e4chste Dosis ist. Erh\u00f6hen Sie nicht Ihre empfohlene Dosis. Nehmen Sie am n\u00e4chsten Tag Ihre \u00fcbliche Dosis zur gewohnten Zeit ein.<\/p>\n<p>\u00dcberdosierung<\/p>\n<p>Die Symptome einer Orlistat-\u00dcberdosierung sind nicht bekannt. Wenn Sie ungew\u00f6hnliche Symptome bemerken, rufen Sie sofort Ihren Arzt an.<\/p>\n<p>Aufbewahrung<\/p>\n<p>Bei Raumtemperatur zwischen 20-25\u00b0C (68-77\u00b0F) lagern.<\/p>\n","protected":false},"excerpt":{"rendered":"<p>Handelsname: Xenical<br \/>\nHauptbestandteil: Orlistat<br \/>\nProduktionsform: Pillen<br \/>\nVerwendung: Behandelt die Fettleibigkeit \/ Gewichtsabnahme<br \/>\nVerf\u00fcgbare Dosierung: 60 mg und 120 mg<\/p>\n","protected":false},"featured_media":4575,"comment_status":"open","ping_status":"closed","template":"","meta":[],"product_cat":[84],"product_tag":[],"class_list":{"0":"post-4574","1":"product","2":"type-product","3":"status-publish","4":"has-post-thumbnail","6":"product_cat-abnehmmittel","8":"first","9":"instock","10":"shipping-taxable","11":"product-type-grouped"},"yoast_head":"<!-- This site is optimized with the Yoast SEO plugin v20.0 - https:\/\/yoast.com\/wordpress\/plugins\/seo\/ -->\n<title>Objednejte Xenical (Orlistat) bez receptu za n\u00edzkou cenu | Eurorxdrugs<\/title>\n<meta name=\"description\" content=\"Kupte Xenical (Orlistat) nyn\u00ed! Origin\u00e1ln\u00ed l\u00e9ky a rychl\u00e9 doru\u010den\u00ed v cen\u011b. 100% diskr\u00e9tn\u00ed a d\u016fv\u011brn\u00fd servis pro v\u0161echny na\u0161e z\u00e1kazn\u00edky na Eurorxdrugs\" \/>\n<meta name=\"robots\" content=\"index, follow, max-snippet:-1, max-image-preview:large, max-video-preview:-1\" \/>\n<link rel=\"canonical\" href=\"https:\/\/eurorxdrugs.cc\/cs\/product\/xenical-orlistat-2\/\" \/>\n<meta property=\"og:locale\" content=\"cs_CZ\" \/>\n<meta property=\"og:type\" content=\"article\" \/>\n<meta property=\"og:title\" content=\"Objednejte Xenical (Orlistat) bez receptu za n\u00edzkou cenu | Eurorxdrugs\" \/>\n<meta property=\"og:description\" content=\"Kupte Xenical (Orlistat) nyn\u00ed! Origin\u00e1ln\u00ed l\u00e9ky a rychl\u00e9 doru\u010den\u00ed v cen\u011b. 100% diskr\u00e9tn\u00ed a d\u016fv\u011brn\u00fd servis pro v\u0161echny na\u0161e z\u00e1kazn\u00edky na Eurorxdrugs\" \/>\n<meta property=\"og:url\" content=\"https:\/\/eurorxdrugs.cc\/cs\/product\/xenical-orlistat-2\/\" \/>\n<meta property=\"og:site_name\" content=\"eurorxdrugs\" \/>\n<meta property=\"article:modified_time\" content=\"2024-10-26T11:46:14+00:00\" \/>\n<meta property=\"og:image\" content=\"https:\/\/eurorxdrugs.cc\/cs\/wp-content\/uploads\/2024\/10\/118-min.jpg\" \/>\n\t<meta property=\"og:image:width\" content=\"270\" \/>\n\t<meta property=\"og:image:height\" content=\"300\" \/>\n\t<meta property=\"og:image:type\" content=\"image\/jpeg\" \/>\n<meta name=\"twitter:card\" content=\"summary_large_image\" \/>\n<meta name=\"twitter:label1\" content=\"Odhadovan\u00e1 doba \u010dten\u00ed\" \/>\n\t<meta name=\"twitter:data1\" content=\"3 minuty\" \/>\n<script type=\"application\/ld+json\" class=\"yoast-schema-graph\">{\"@context\":\"https:\/\/schema.org\",\"@graph\":[{\"@type\":\"WebPage\",\"@id\":\"https:\/\/eurorxdrugs.cc\/cs\/product\/xenical-orlistat-2\/\",\"url\":\"https:\/\/eurorxdrugs.cc\/cs\/product\/xenical-orlistat-2\/\",\"name\":\"Objednejte Xenical (Orlistat) bez receptu za n\u00edzkou cenu | Eurorxdrugs\",\"isPartOf\":{\"@id\":\"https:\/\/eurorxdrugs.cc\/cs\/#website\"},\"datePublished\":\"2024-10-26T11:32:51+00:00\",\"dateModified\":\"2024-10-26T11:46:14+00:00\",\"description\":\"Kupte Xenical (Orlistat) nyn\u00ed! Origin\u00e1ln\u00ed l\u00e9ky a rychl\u00e9 doru\u010den\u00ed v cen\u011b. 100% diskr\u00e9tn\u00ed a d\u016fv\u011brn\u00fd servis pro v\u0161echny na\u0161e z\u00e1kazn\u00edky na Eurorxdrugs\",\"breadcrumb\":{\"@id\":\"https:\/\/eurorxdrugs.cc\/cs\/product\/xenical-orlistat-2\/#breadcrumb\"},\"inLanguage\":\"cs\",\"potentialAction\":[{\"@type\":\"ReadAction\",\"target\":[\"https:\/\/eurorxdrugs.cc\/cs\/product\/xenical-orlistat-2\/\"]}]},{\"@type\":\"BreadcrumbList\",\"@id\":\"https:\/\/eurorxdrugs.cc\/cs\/product\/xenical-orlistat-2\/#breadcrumb\",\"itemListElement\":[{\"@type\":\"ListItem\",\"position\":1,\"name\":\"Home\",\"item\":\"https:\/\/eurorxdrugs.cc\/cs\/\"},{\"@type\":\"ListItem\",\"position\":2,\"name\":\"Products\",\"item\":\"https:\/\/eurorxdrugs.cc\/cs\/shop\/\"},{\"@type\":\"ListItem\",\"position\":3,\"name\":\"Xenical (Orlistat)\"}]},{\"@type\":\"WebSite\",\"@id\":\"https:\/\/eurorxdrugs.cc\/cs\/#website\",\"url\":\"https:\/\/eurorxdrugs.cc\/cs\/\",\"name\":\"eurorxdrugs\",\"description\":\"\",\"publisher\":{\"@id\":\"https:\/\/eurorxdrugs.cc\/cs\/#organization\"},\"potentialAction\":[{\"@type\":\"SearchAction\",\"target\":{\"@type\":\"EntryPoint\",\"urlTemplate\":\"https:\/\/eurorxdrugs.cc\/cs\/?s={search_term_string}\"},\"query-input\":\"required name=search_term_string\"}],\"inLanguage\":\"cs\"},{\"@type\":\"Organization\",\"@id\":\"https:\/\/eurorxdrugs.cc\/cs\/#organization\",\"name\":\"eurorxdrugs\",\"url\":\"https:\/\/eurorxdrugs.cc\/cs\/\",\"logo\":{\"@type\":\"ImageObject\",\"inLanguage\":\"cs\",\"@id\":\"https:\/\/eurorxdrugs.cc\/cs\/#\/schema\/logo\/image\/\",\"url\":\"https:\/\/eurorxdrugs.cc\/cs\/wp-content\/uploads\/2024\/09\/logo-1-1.png\",\"contentUrl\":\"https:\/\/eurorxdrugs.cc\/cs\/wp-content\/uploads\/2024\/09\/logo-1-1.png\",\"width\":233,\"height\":54,\"caption\":\"eurorxdrugs\"},\"image\":{\"@id\":\"https:\/\/eurorxdrugs.cc\/cs\/#\/schema\/logo\/image\/\"}}]}<\/script>\n<!-- \/ Yoast SEO plugin. -->","yoast_head_json":{"title":"Objednejte Xenical (Orlistat) bez receptu za n\u00edzkou cenu | Eurorxdrugs","description":"Kupte Xenical (Orlistat) nyn\u00ed! Origin\u00e1ln\u00ed l\u00e9ky a rychl\u00e9 doru\u010den\u00ed v cen\u011b. 100% diskr\u00e9tn\u00ed a d\u016fv\u011brn\u00fd servis pro v\u0161echny na\u0161e z\u00e1kazn\u00edky na Eurorxdrugs","robots":{"index":"index","follow":"follow","max-snippet":"max-snippet:-1","max-image-preview":"max-image-preview:large","max-video-preview":"max-video-preview:-1"},"canonical":"https:\/\/eurorxdrugs.cc\/cs\/product\/xenical-orlistat-2\/","og_locale":"cs_CZ","og_type":"article","og_title":"Objednejte Xenical (Orlistat) bez receptu za n\u00edzkou cenu | Eurorxdrugs","og_description":"Kupte Xenical (Orlistat) nyn\u00ed! Origin\u00e1ln\u00ed l\u00e9ky a rychl\u00e9 doru\u010den\u00ed v cen\u011b. 100% diskr\u00e9tn\u00ed a d\u016fv\u011brn\u00fd servis pro v\u0161echny na\u0161e z\u00e1kazn\u00edky na Eurorxdrugs","og_url":"https:\/\/eurorxdrugs.cc\/cs\/product\/xenical-orlistat-2\/","og_site_name":"eurorxdrugs","article_modified_time":"2024-10-26T11:46:14+00:00","og_image":[{"width":270,"height":300,"url":"https:\/\/eurorxdrugs.cc\/cs\/wp-content\/uploads\/2024\/10\/118-min.jpg","type":"image\/jpeg"}],"twitter_card":"summary_large_image","twitter_misc":{"Odhadovan\u00e1 doba \u010dten\u00ed":"3 minuty"},"schema":{"@context":"https:\/\/schema.org","@graph":[{"@type":"WebPage","@id":"https:\/\/eurorxdrugs.cc\/cs\/product\/xenical-orlistat-2\/","url":"https:\/\/eurorxdrugs.cc\/cs\/product\/xenical-orlistat-2\/","name":"Objednejte Xenical (Orlistat) bez receptu za n\u00edzkou cenu | Eurorxdrugs","isPartOf":{"@id":"https:\/\/eurorxdrugs.cc\/cs\/#website"},"datePublished":"2024-10-26T11:32:51+00:00","dateModified":"2024-10-26T11:46:14+00:00","description":"Kupte Xenical (Orlistat) nyn\u00ed! Origin\u00e1ln\u00ed l\u00e9ky a rychl\u00e9 doru\u010den\u00ed v cen\u011b. 100% diskr\u00e9tn\u00ed a d\u016fv\u011brn\u00fd servis pro v\u0161echny na\u0161e z\u00e1kazn\u00edky na Eurorxdrugs","breadcrumb":{"@id":"https:\/\/eurorxdrugs.cc\/cs\/product\/xenical-orlistat-2\/#breadcrumb"},"inLanguage":"cs","potentialAction":[{"@type":"ReadAction","target":["https:\/\/eurorxdrugs.cc\/cs\/product\/xenical-orlistat-2\/"]}]},{"@type":"BreadcrumbList","@id":"https:\/\/eurorxdrugs.cc\/cs\/product\/xenical-orlistat-2\/#breadcrumb","itemListElement":[{"@type":"ListItem","position":1,"name":"Home","item":"https:\/\/eurorxdrugs.cc\/cs\/"},{"@type":"ListItem","position":2,"name":"Products","item":"https:\/\/eurorxdrugs.cc\/cs\/shop\/"},{"@type":"ListItem","position":3,"name":"Xenical (Orlistat)"}]},{"@type":"WebSite","@id":"https:\/\/eurorxdrugs.cc\/cs\/#website","url":"https:\/\/eurorxdrugs.cc\/cs\/","name":"eurorxdrugs","description":"","publisher":{"@id":"https:\/\/eurorxdrugs.cc\/cs\/#organization"},"potentialAction":[{"@type":"SearchAction","target":{"@type":"EntryPoint","urlTemplate":"https:\/\/eurorxdrugs.cc\/cs\/?s={search_term_string}"},"query-input":"required name=search_term_string"}],"inLanguage":"cs"},{"@type":"Organization","@id":"https:\/\/eurorxdrugs.cc\/cs\/#organization","name":"eurorxdrugs","url":"https:\/\/eurorxdrugs.cc\/cs\/","logo":{"@type":"ImageObject","inLanguage":"cs","@id":"https:\/\/eurorxdrugs.cc\/cs\/#\/schema\/logo\/image\/","url":"https:\/\/eurorxdrugs.cc\/cs\/wp-content\/uploads\/2024\/09\/logo-1-1.png","contentUrl":"https:\/\/eurorxdrugs.cc\/cs\/wp-content\/uploads\/2024\/09\/logo-1-1.png","width":233,"height":54,"caption":"eurorxdrugs"},"image":{"@id":"https:\/\/eurorxdrugs.cc\/cs\/#\/schema\/logo\/image\/"}}]}},"_links":{"self":[{"href":"https:\/\/eurorxdrugs.cc\/cs\/wp-json\/wp\/v2\/product\/4574","targetHints":{"allow":["GET"]}}],"collection":[{"href":"https:\/\/eurorxdrugs.cc\/cs\/wp-json\/wp\/v2\/product"}],"about":[{"href":"https:\/\/eurorxdrugs.cc\/cs\/wp-json\/wp\/v2\/types\/product"}],"replies":[{"embeddable":true,"href":"https:\/\/eurorxdrugs.cc\/cs\/wp-json\/wp\/v2\/comments?post=4574"}],"wp:featuredmedia":[{"embeddable":true,"href":"https:\/\/eurorxdrugs.cc\/cs\/wp-json\/wp\/v2\/media\/4575"}],"wp:attachment":[{"href":"https:\/\/eurorxdrugs.cc\/cs\/wp-json\/wp\/v2\/media?parent=4574"}],"wp:term":[{"taxonomy":"product_cat","embeddable":true,"href":"https:\/\/eurorxdrugs.cc\/cs\/wp-json\/wp\/v2\/product_cat?post=4574"},{"taxonomy":"product_tag","embeddable":true,"href":"https:\/\/eurorxdrugs.cc\/cs\/wp-json\/wp\/v2\/product_tag?post=4574"}],"curies":[{"name":"wp","href":"https:\/\/api.w.org\/{rel}","templated":true}]}}