{"id":4596,"date":"2024-10-26T11:50:47","date_gmt":"2024-10-26T11:50:47","guid":{"rendered":"https:\/\/eurorxdrugs.cc\/cs\/?post_type=product&#038;p=4596"},"modified":"2024-10-26T11:55:03","modified_gmt":"2024-10-26T11:55:03","slug":"rybelsus-semaglutide","status":"publish","type":"product","link":"https:\/\/eurorxdrugs.cc\/cs\/product\/rybelsus-semaglutide\/","title":{"rendered":"Rybelsus (Semaglutide)"},"content":{"rendered":"<p>Was ist Semaglutid (Rybelsus)?<\/p>\n<p>Semaglutid-Tabletten (Rybelsus) sind ein medizinisch verschriebenes Medikament zur Behandlung von Fettleibigkeit, das von Personen, die \u00fcbergewichtig sind oder an Fettleibigkeit leiden, eingenommen wird, um beim Abnehmen zu helfen und die Gesundheit zu verbessern. Semaglutid-Tabletten (Rybelsus) helfen dabei, das Hungergef\u00fchl zu unterdr\u00fccken, die Fettansammlung zu reduzieren und das S\u00e4ttigungsgef\u00fchl nach dem Essen zu erh\u00f6hen. Obwohl dieses Medikament nicht jede zugrunde liegende Ursache von Fettleibigkeit behandelt, gilt es als sicher f\u00fcr Patienten, die \u00e4rztliche Konsultationen zu ihren aktuellen BMI-Werten, ihren Gesundheitszielen und ihren Ern\u00e4hrungsgewohnheiten besucht haben. Mit sorgf\u00e4ltiger Anwendung und angemessener \u00dcberwachung seiner Wirkungen im Laufe der Zeit k\u00f6nnen Semaglutid-Tabletten (Rybelsus) effektiv bei erfolgreichen Initiativen zur Gewichtsreduktion sein.<\/p>\n<p>Wof\u00fcr werden Semaglutid-Tabletten (Rybelsus) verwendet?<\/p>\n<p>Rybelsus oder Semaglutid-Tabletten behandeln Fettleibigkeit und Gewichtszunahme. Diese Tabletten sind darauf ausgelegt, das Hungergef\u00fchl zu reduzieren; Sie k\u00f6nnen sie auch als erg\u00e4nzende Therapie, Di\u00e4t und Bewegung einnehmen. Als Teil eines umfassenden Lebensstilprogramms bietet Rybelsus auch eine verbesserte glyk\u00e4mische Kontrolle bei Patienten mit Typ-2-Diabetes. Personen, die Rybelsus in Betracht ziehen, sollten jedoch ihren Arzt konsultieren, um zu besprechen, wie diese Behandlung in ihren Gesamtgesundheitsplan passt.<\/p>\n<p>Welche Dosierung von Semaglutid-Tabletten (Rybelsus) sollte ich einnehmen?<\/p>\n<p>Semaglutid-Tabletten sind in 3 mg, 7 mg und 14 mg erh\u00e4ltlich. In der Regel wird Ihnen zu Beginn 3 mg verschrieben und nach einem Monat allm\u00e4hlich erh\u00f6ht, wenn Ihr Arzt oder Verschreiber dies f\u00fcr angemessen h\u00e4lt. Um einen gesunden und nachhaltigen Gewichtsverlust zu gew\u00e4hrleisten, ist es wichtig, den Anweisungen Ihres Gesundheitsdienstleisters zu folgen und die Dosierung nicht eigenm\u00e4chtig zu \u00e4ndern.<\/p>\n<p>Sie sollten niemals eine Dosis von 14 mg pro Tag \u00fcberschreiten, und wenn Sie bei erh\u00f6hter Dosierung Nebenwirkungen bemerken, sollten Sie sofort Ihren Arzt konsultieren.<\/p>\n<p>Wie wirken Semaglutid-Tabletten (Rybelsus)?<\/p>\n<p>Semaglutid-Tabletten (Rybelsus) wirken, indem sie die Hunger-Signale an das Gehirn kontrollieren. Dieses Medikament wurde zur Gewichtsreduktion bei Erwachsenen, die \u00fcbergewichtig oder fettleibig sind, zugelassen &#8211; es kontrolliert dies, indem es das Appetitgef\u00fchl steuert und insgesamt das S\u00e4ttigungsgef\u00fchl nach den Mahlzeiten erh\u00f6ht. Es ermutigt letztendlich Menschen, ges\u00fcndere Ern\u00e4hrungswahlen zu treffen. Studien deuten darauf hin, dass eine korrekte Anwendung das K\u00f6rpergewicht um etwa 5 % reduzieren kann, das N\u00fcchternblutzuckerniveau senkt und die glyk\u00e4mische Kontrolle bei einigen Patienten verbessert.<br \/>\nEs wird auch empfohlen, k\u00f6rperliche Aktivit\u00e4t zu betreiben und die Kalorienaufnahme f\u00fcr optimale Ergebnisse zu reduzieren. In Kombination mit diesen Ma\u00dfnahmen haben sich Semaglutid-Tabletten als wirksam bei der Unterst\u00fctzung von Zielen zur Gewichtsreduktion erwiesen, obwohl individuelle Ergebnisse variieren k\u00f6nnen.<\/p>\n<p>Wie nehme ich Semaglutid-Tabletten (Rybelsus) ein?<\/p>\n<p>Nehmen Sie Semaglutid-Tabletten (Rybelsus) gem\u00e4\u00df den Anweisungen Ihres Arztes ein. Es ist wichtig, diese Tabletten auf n\u00fcchternen Magen mit einem vollen Glas Wasser einzunehmen. Die Tabletten m\u00fcssen einmal t\u00e4glich zur gleichen Zeit eingenommen werden, und Sie k\u00f6nnen sie 30 Minuten vor dem Fr\u00fchst\u00fcck einnehmen. Wenn Sie eine Dosis vergessen haben, sollten Sie sie so bald wie m\u00f6glich einnehmen, jedoch auslassen, wenn sie zu nah an der n\u00e4chsten geplanten Dosis liegt.<\/p>\n<p>Wie lange muss ich Semaglutid-Tabletten (Rybelsus) einnehmen?<\/p>\n<p>Semaglutid-Tabletten (Rybelsus) sollten gem\u00e4\u00df den Anweisungen Ihres Arztes eingenommen werden und nicht \u00fcber die empfohlene Dosierung hinaus verwendet werden. Die durchschnittliche Person wird das Medikament 12 Wochen lang einnehmen, aber einige m\u00fcssen es m\u00f6glicherweise l\u00e4nger einnehmen, abh\u00e4ngig von ihren Gesundheitszielen und ihrem Fortschritt. Es wird dringend empfohlen, w\u00e4hrend der Einnahme des Medikaments weiterhin eine gesunde Ern\u00e4hrung und Bewegung zu praktizieren, um optimierte Ergebnisse sicherzustellen. W\u00e4hrend \u00e4hnlicher Zeitr\u00e4ume sollten Sie regelm\u00e4\u00dfige Arztbesuche planen, um Ihre Vitalwerte und K\u00f6rperzusammensetzung zu \u00fcberwachen und sicherzustellen, dass alle Ver\u00e4nderungen gesund sind.<\/p>\n<p>Was enth\u00e4lt Semaglutid-Tabletten (Rybelsus)?<\/p>\n<p>Semaglutid-Tabletten (Rybelsus) enthalten den Glucagon-\u00e4hnlichen Peptid-1 (GLP-1)-Rezeptoragonisten Semaglutid. Dies hilft, ein S\u00e4ttigungsgef\u00fchl zu f\u00f6rdern, was ein wesentlicher Faktor f\u00fcr das Erreichen und Aufrechterhalten eines gesunden Gewichts ist. Dar\u00fcber hinaus reduziert Semaglutid die aus der Nahrung aufgenommenen Kalorien aus Fett um etwa 20 % und unterst\u00fctzt damit weitere Bem\u00fchungen zur Gesamtkalorienreduktion.<\/p>\n<p>Was sind die Nebenwirkungen von Semaglutid-Tabletten (Rybelsus)?<\/p>\n<p>Semaglutid-Tabletten (Rybelsus) k\u00f6nnen neben ihrer beabsichtigten Wirkung verschiedene Nebenwirkungen verursachen. Zu den h\u00e4ufigen Nebenwirkungen geh\u00f6ren \u00dcbelkeit, Durchfall, Infektionen der oberen Atemwege und Kopfschmerzen. Dar\u00fcber hinaus k\u00f6nnen schwerwiegendere Nebenwirkungen auftreten, darunter Appetitverlust, Erbrechen, Gelenkschmerzen und M\u00fcdigkeit. Patienten sollten diese potenziellen Nebenwirkungen kennen, bevor sie Semaglutid-Tabletten (Rybelsus) verwenden.<\/p>\n<p>Welche Dosierungen von Rybelsus sind erh\u00e4ltlich?<\/p>\n<p>Sie k\u00f6nnen Rybelsus-Tabletten in drei verschiedenen Dosierungen finden: 3 mg, 7 mg und 14 mg.<\/p>\n<p>Wenn Sie nachhaltigen und gesunden Gewichtsverlust erreichen m\u00f6chten, ist es am besten, die Dosierung des Arzneimittels allm\u00e4hlich im Laufe der Zeit zu erh\u00f6hen. Die Behandlung w\u00fcrde mit einer Dosierung von 3 mg in den ersten Stadien beginnen. Sobald der Zustand stabilisiert und mindestens einen Monat lang aufrechterhalten wurde, sollten Sie die Dosierung von 7 mg verwenden. Danach k\u00f6nnen Sie auf der Dosierung von 7 mg bleiben, da sie akzeptabel ist. Wenn jedoch erforderlich, wird Ihnen Ihr Arzt nach Beobachtung der Stabilit\u00e4t der Dosierung von 7 mg f\u00fcr etwa einen Monat oder so die Dosierung von 14 mg verschreiben.<\/p>\n<p>Passen Sie die Dosierung nicht eigenm\u00e4chtig an, es sei denn, Ihr Arzt empfiehlt dies. Dar\u00fcber hinaus sollten Sie sich an die maximal empfohlene Tagesdosis von 14 mg halten. Wenn Sie mehr als 14 mg einnehmen, sollten Sie sofort \u00e4rztliche Hilfe suchen.<\/p>\n<p>Was sind die Vorteile von Rybelsus?<\/p>\n<p>Mit der Einnahme von Rybelsus sind verschiedene Vorteile verbunden:<\/p>\n<p>Wirksamkeit<br \/>\nDer Hauptvorteil von Rybelsus besteht darin, dass es unglaublich effektiv ist. Studien legen nahe, dass Personen mit Typ-2-Diabetes innerhalb von 52 Wochen der Behandlung bis zu 10 Prozent ihres K\u00f6rpergewichts verlieren k\u00f6nnen.<\/p>\n<p>Einfach einzunehmen<\/p>\n<p>Im Vergleich zu anderen Medikamenten zur Gewichtsabnahme ist Rybelsus relativ einfach einzunehmen. Die meisten derzeit auf dem Markt erh\u00e4ltlichen Medikamente zur Gewichtsreduktion erfordern, dass sich Personen t\u00e4glich oder w\u00f6chentlich selbst injizieren, was l\u00e4stig sein kann. Da Rybelsus jedoch ein oral einzunehmendes Medikament ist, k\u00f6nnen Sie es einfach einmal t\u00e4glich mit anderen Behandlungen einnehmen.<\/p>\n<p>Von Fachleuten empfohlen<\/p>\n<p>Nach Meinung mehrerer Gesundheitsexperten ist Rybelsus vollkommen sicher und effektiv. Es ist eine ideale Behandlung zur Gewichtsreduktion.<\/p>\n","protected":false},"excerpt":{"rendered":"<p>Handelsname: Rybelsus<br \/>\nWirkstoff: GLP-1-Rezeptoragonist<br \/>\nDarreichungsform: Tabletten<br \/>\nVerwendung: Gewichtsabnahme<br \/>\nVerf\u00fcgbare Dosierung: 14 mg<\/p>\n","protected":false},"featured_media":4597,"comment_status":"open","ping_status":"closed","template":"","meta":[],"product_cat":[84],"product_tag":[],"class_list":{"0":"post-4596","1":"product","2":"type-product","3":"status-publish","4":"has-post-thumbnail","6":"product_cat-abnehmmittel","8":"first","9":"instock","10":"shipping-taxable","11":"product-type-grouped"},"yoast_head":"<!-- This site is optimized with the Yoast SEO plugin v20.0 - https:\/\/yoast.com\/wordpress\/plugins\/seo\/ -->\n<title>Objednejte Rybelsus (Semaglutide) bez receptu za n\u00edzkou cenu | Eurorxdrugs<\/title>\n<meta name=\"description\" content=\"Kupte Rybelsus (Semaglutide) nyn\u00ed! Origin\u00e1ln\u00ed l\u00e9ky a rychl\u00e9 doru\u010den\u00ed v cen\u011b. 100% diskr\u00e9tn\u00ed a d\u016fv\u011brn\u00fd servis pro v\u0161echny na\u0161e z\u00e1kazn\u00edky na Eurorxdrugs\" \/>\n<meta name=\"robots\" content=\"index, follow, max-snippet:-1, max-image-preview:large, max-video-preview:-1\" \/>\n<link rel=\"canonical\" href=\"https:\/\/eurorxdrugs.cc\/cs\/product\/rybelsus-semaglutide\/\" \/>\n<meta property=\"og:locale\" content=\"cs_CZ\" \/>\n<meta property=\"og:type\" content=\"article\" \/>\n<meta property=\"og:title\" content=\"Objednejte Rybelsus (Semaglutide) bez receptu za n\u00edzkou cenu | Eurorxdrugs\" \/>\n<meta property=\"og:description\" content=\"Kupte Rybelsus (Semaglutide) nyn\u00ed! Origin\u00e1ln\u00ed l\u00e9ky a rychl\u00e9 doru\u010den\u00ed v cen\u011b. 100% diskr\u00e9tn\u00ed a d\u016fv\u011brn\u00fd servis pro v\u0161echny na\u0161e z\u00e1kazn\u00edky na Eurorxdrugs\" \/>\n<meta property=\"og:url\" content=\"https:\/\/eurorxdrugs.cc\/cs\/product\/rybelsus-semaglutide\/\" \/>\n<meta property=\"og:site_name\" content=\"eurorxdrugs\" \/>\n<meta property=\"article:modified_time\" content=\"2024-10-26T11:55:03+00:00\" \/>\n<meta property=\"og:image\" content=\"https:\/\/eurorxdrugs.cc\/cs\/wp-content\/uploads\/2024\/10\/403-min.jpg\" \/>\n\t<meta property=\"og:image:width\" content=\"270\" \/>\n\t<meta property=\"og:image:height\" content=\"300\" \/>\n\t<meta property=\"og:image:type\" content=\"image\/jpeg\" \/>\n<meta name=\"twitter:card\" content=\"summary_large_image\" \/>\n<meta name=\"twitter:label1\" content=\"Odhadovan\u00e1 doba \u010dten\u00ed\" \/>\n\t<meta name=\"twitter:data1\" content=\"5 minut\" \/>\n<script type=\"application\/ld+json\" class=\"yoast-schema-graph\">{\"@context\":\"https:\/\/schema.org\",\"@graph\":[{\"@type\":\"WebPage\",\"@id\":\"https:\/\/eurorxdrugs.cc\/cs\/product\/rybelsus-semaglutide\/\",\"url\":\"https:\/\/eurorxdrugs.cc\/cs\/product\/rybelsus-semaglutide\/\",\"name\":\"Objednejte Rybelsus (Semaglutide) bez receptu za n\u00edzkou cenu | Eurorxdrugs\",\"isPartOf\":{\"@id\":\"https:\/\/eurorxdrugs.cc\/cs\/#website\"},\"datePublished\":\"2024-10-26T11:50:47+00:00\",\"dateModified\":\"2024-10-26T11:55:03+00:00\",\"description\":\"Kupte Rybelsus (Semaglutide) nyn\u00ed! Origin\u00e1ln\u00ed l\u00e9ky a rychl\u00e9 doru\u010den\u00ed v cen\u011b. 100% diskr\u00e9tn\u00ed a d\u016fv\u011brn\u00fd servis pro v\u0161echny na\u0161e z\u00e1kazn\u00edky na Eurorxdrugs\",\"breadcrumb\":{\"@id\":\"https:\/\/eurorxdrugs.cc\/cs\/product\/rybelsus-semaglutide\/#breadcrumb\"},\"inLanguage\":\"cs\",\"potentialAction\":[{\"@type\":\"ReadAction\",\"target\":[\"https:\/\/eurorxdrugs.cc\/cs\/product\/rybelsus-semaglutide\/\"]}]},{\"@type\":\"BreadcrumbList\",\"@id\":\"https:\/\/eurorxdrugs.cc\/cs\/product\/rybelsus-semaglutide\/#breadcrumb\",\"itemListElement\":[{\"@type\":\"ListItem\",\"position\":1,\"name\":\"Home\",\"item\":\"https:\/\/eurorxdrugs.cc\/cs\/\"},{\"@type\":\"ListItem\",\"position\":2,\"name\":\"Products\",\"item\":\"https:\/\/eurorxdrugs.cc\/cs\/shop\/\"},{\"@type\":\"ListItem\",\"position\":3,\"name\":\"Rybelsus (Semaglutide)\"}]},{\"@type\":\"WebSite\",\"@id\":\"https:\/\/eurorxdrugs.cc\/cs\/#website\",\"url\":\"https:\/\/eurorxdrugs.cc\/cs\/\",\"name\":\"eurorxdrugs\",\"description\":\"\",\"publisher\":{\"@id\":\"https:\/\/eurorxdrugs.cc\/cs\/#organization\"},\"potentialAction\":[{\"@type\":\"SearchAction\",\"target\":{\"@type\":\"EntryPoint\",\"urlTemplate\":\"https:\/\/eurorxdrugs.cc\/cs\/?s={search_term_string}\"},\"query-input\":\"required name=search_term_string\"}],\"inLanguage\":\"cs\"},{\"@type\":\"Organization\",\"@id\":\"https:\/\/eurorxdrugs.cc\/cs\/#organization\",\"name\":\"eurorxdrugs\",\"url\":\"https:\/\/eurorxdrugs.cc\/cs\/\",\"logo\":{\"@type\":\"ImageObject\",\"inLanguage\":\"cs\",\"@id\":\"https:\/\/eurorxdrugs.cc\/cs\/#\/schema\/logo\/image\/\",\"url\":\"https:\/\/eurorxdrugs.cc\/cs\/wp-content\/uploads\/2024\/09\/logo-1-1.png\",\"contentUrl\":\"https:\/\/eurorxdrugs.cc\/cs\/wp-content\/uploads\/2024\/09\/logo-1-1.png\",\"width\":233,\"height\":54,\"caption\":\"eurorxdrugs\"},\"image\":{\"@id\":\"https:\/\/eurorxdrugs.cc\/cs\/#\/schema\/logo\/image\/\"}}]}<\/script>\n<!-- \/ Yoast SEO plugin. -->","yoast_head_json":{"title":"Objednejte Rybelsus (Semaglutide) bez receptu za n\u00edzkou cenu | Eurorxdrugs","description":"Kupte Rybelsus (Semaglutide) nyn\u00ed! Origin\u00e1ln\u00ed l\u00e9ky a rychl\u00e9 doru\u010den\u00ed v cen\u011b. 100% diskr\u00e9tn\u00ed a d\u016fv\u011brn\u00fd servis pro v\u0161echny na\u0161e z\u00e1kazn\u00edky na Eurorxdrugs","robots":{"index":"index","follow":"follow","max-snippet":"max-snippet:-1","max-image-preview":"max-image-preview:large","max-video-preview":"max-video-preview:-1"},"canonical":"https:\/\/eurorxdrugs.cc\/cs\/product\/rybelsus-semaglutide\/","og_locale":"cs_CZ","og_type":"article","og_title":"Objednejte Rybelsus (Semaglutide) bez receptu za n\u00edzkou cenu | Eurorxdrugs","og_description":"Kupte Rybelsus (Semaglutide) nyn\u00ed! Origin\u00e1ln\u00ed l\u00e9ky a rychl\u00e9 doru\u010den\u00ed v cen\u011b. 100% diskr\u00e9tn\u00ed a d\u016fv\u011brn\u00fd servis pro v\u0161echny na\u0161e z\u00e1kazn\u00edky na Eurorxdrugs","og_url":"https:\/\/eurorxdrugs.cc\/cs\/product\/rybelsus-semaglutide\/","og_site_name":"eurorxdrugs","article_modified_time":"2024-10-26T11:55:03+00:00","og_image":[{"width":270,"height":300,"url":"https:\/\/eurorxdrugs.cc\/cs\/wp-content\/uploads\/2024\/10\/403-min.jpg","type":"image\/jpeg"}],"twitter_card":"summary_large_image","twitter_misc":{"Odhadovan\u00e1 doba \u010dten\u00ed":"5 minut"},"schema":{"@context":"https:\/\/schema.org","@graph":[{"@type":"WebPage","@id":"https:\/\/eurorxdrugs.cc\/cs\/product\/rybelsus-semaglutide\/","url":"https:\/\/eurorxdrugs.cc\/cs\/product\/rybelsus-semaglutide\/","name":"Objednejte Rybelsus (Semaglutide) bez receptu za n\u00edzkou cenu | Eurorxdrugs","isPartOf":{"@id":"https:\/\/eurorxdrugs.cc\/cs\/#website"},"datePublished":"2024-10-26T11:50:47+00:00","dateModified":"2024-10-26T11:55:03+00:00","description":"Kupte Rybelsus (Semaglutide) nyn\u00ed! Origin\u00e1ln\u00ed l\u00e9ky a rychl\u00e9 doru\u010den\u00ed v cen\u011b. 100% diskr\u00e9tn\u00ed a d\u016fv\u011brn\u00fd servis pro v\u0161echny na\u0161e z\u00e1kazn\u00edky na Eurorxdrugs","breadcrumb":{"@id":"https:\/\/eurorxdrugs.cc\/cs\/product\/rybelsus-semaglutide\/#breadcrumb"},"inLanguage":"cs","potentialAction":[{"@type":"ReadAction","target":["https:\/\/eurorxdrugs.cc\/cs\/product\/rybelsus-semaglutide\/"]}]},{"@type":"BreadcrumbList","@id":"https:\/\/eurorxdrugs.cc\/cs\/product\/rybelsus-semaglutide\/#breadcrumb","itemListElement":[{"@type":"ListItem","position":1,"name":"Home","item":"https:\/\/eurorxdrugs.cc\/cs\/"},{"@type":"ListItem","position":2,"name":"Products","item":"https:\/\/eurorxdrugs.cc\/cs\/shop\/"},{"@type":"ListItem","position":3,"name":"Rybelsus (Semaglutide)"}]},{"@type":"WebSite","@id":"https:\/\/eurorxdrugs.cc\/cs\/#website","url":"https:\/\/eurorxdrugs.cc\/cs\/","name":"eurorxdrugs","description":"","publisher":{"@id":"https:\/\/eurorxdrugs.cc\/cs\/#organization"},"potentialAction":[{"@type":"SearchAction","target":{"@type":"EntryPoint","urlTemplate":"https:\/\/eurorxdrugs.cc\/cs\/?s={search_term_string}"},"query-input":"required name=search_term_string"}],"inLanguage":"cs"},{"@type":"Organization","@id":"https:\/\/eurorxdrugs.cc\/cs\/#organization","name":"eurorxdrugs","url":"https:\/\/eurorxdrugs.cc\/cs\/","logo":{"@type":"ImageObject","inLanguage":"cs","@id":"https:\/\/eurorxdrugs.cc\/cs\/#\/schema\/logo\/image\/","url":"https:\/\/eurorxdrugs.cc\/cs\/wp-content\/uploads\/2024\/09\/logo-1-1.png","contentUrl":"https:\/\/eurorxdrugs.cc\/cs\/wp-content\/uploads\/2024\/09\/logo-1-1.png","width":233,"height":54,"caption":"eurorxdrugs"},"image":{"@id":"https:\/\/eurorxdrugs.cc\/cs\/#\/schema\/logo\/image\/"}}]}},"_links":{"self":[{"href":"https:\/\/eurorxdrugs.cc\/cs\/wp-json\/wp\/v2\/product\/4596","targetHints":{"allow":["GET"]}}],"collection":[{"href":"https:\/\/eurorxdrugs.cc\/cs\/wp-json\/wp\/v2\/product"}],"about":[{"href":"https:\/\/eurorxdrugs.cc\/cs\/wp-json\/wp\/v2\/types\/product"}],"replies":[{"embeddable":true,"href":"https:\/\/eurorxdrugs.cc\/cs\/wp-json\/wp\/v2\/comments?post=4596"}],"wp:featuredmedia":[{"embeddable":true,"href":"https:\/\/eurorxdrugs.cc\/cs\/wp-json\/wp\/v2\/media\/4597"}],"wp:attachment":[{"href":"https:\/\/eurorxdrugs.cc\/cs\/wp-json\/wp\/v2\/media?parent=4596"}],"wp:term":[{"taxonomy":"product_cat","embeddable":true,"href":"https:\/\/eurorxdrugs.cc\/cs\/wp-json\/wp\/v2\/product_cat?post=4596"},{"taxonomy":"product_tag","embeddable":true,"href":"https:\/\/eurorxdrugs.cc\/cs\/wp-json\/wp\/v2\/product_tag?post=4596"}],"curies":[{"name":"wp","href":"https:\/\/api.w.org\/{rel}","templated":true}]}}