{"id":4609,"date":"2024-10-26T11:57:56","date_gmt":"2024-10-26T11:57:56","guid":{"rendered":"https:\/\/eurorxdrugs.cc\/cs\/?post_type=product&#038;p=4609"},"modified":"2024-10-26T12:01:12","modified_gmt":"2024-10-26T12:01:12","slug":"victoza","status":"publish","type":"product","link":"https:\/\/eurorxdrugs.cc\/cs\/product\/victoza\/","title":{"rendered":"Victoza"},"content":{"rendered":"<p>Victoza:<\/p>\n<p>Bei Victoza handelt es sich um ein Medikament zur Behandlung von Diabetes, das den Wirkstoff Liraglutid enth\u00e4lt. Diese Substanz kann die Blutzuckerkontrolle bei Menschen mit Typ-2-Diabetes verbessern. Das Pr\u00e4parat unterst\u00fctzt dabei, den Blutzuckerspiegel zu senken, und vermindert zugleich das Appetitgef\u00fchl im Gehirn, was zu einem Gewichtsverlust f\u00fchren kann. Jedoch wird Victoza auch zum effizienten Abnehmen benutzt.<\/p>\n<p>Was ist Victoza?<\/p>\n<p>Victoza ist ein Pr\u00e4parat des Pharmaunternehmens Novo Nordisk A\/S und wird zur Behandlung von unzureichend kontrolliertem Typ-2-Diabetes eingesetzt. \u00dcblicherweise verschreiben \u00c4rzte Victoza Patienten, bei denen eine Di\u00e4t, k\u00f6rperliche Aktivit\u00e4t sowie andere Medikamente in Tablettenform zur Blutzuckersenkung nicht gen\u00fcgen. Anwender verabreichen sich Victoza mithilfe eines Injektionspens selbst unter die Haut.<\/p>\n<p>Das Arzneimittel ist f\u00fcr Erwachsene, Jugendliche und Kinder ab 10 Jahren zugelassen. Der in dem Medikament enthaltene Wirkstoff Liraglutid unterst\u00fctzt dabei, den Blutzuckerspiegel zu senken und die Magenpassage zu verlangsamen.<\/p>\n<p>Victoza wird entweder allein angewendet, wenn Di\u00e4t und Bewegung nicht ausreichen und das g\u00e4ngige Medikament Metformin f\u00fcr den Patienten nicht geeignet ist. Alternativ kann die Anwendung von Victoza in Kombination mit anderen Diabetes-Medikamenten erfolgen, wenn diese nicht ausreichen, um den Blutzuckerspiegel zu regulieren. Dazu z\u00e4hlen:<\/p>\n<p>Sulfonylharnstoffen<br \/>\nPioglitazon<br \/>\nInsulin<br \/>\nNatrium-Glucose-Cotransporter-2-Inhibitoren (SGLT2i)<br \/>\nWirkungsweise von Victoza:<\/p>\n<p>Victoza enth\u00e4lt den Wirkstoff Liraglutid, der dem nat\u00fcrlichen Hormon GLP-1 \u00e4hnelt. Der menschliche Organismus setzt diesen Stoff im K\u00f6rper frei, um die Insulinproduktion zu steigern. Besonders nach dem Essen gelingt es so, den Blutzuckerspiegel nach unten zu regulieren.<\/p>\n<p>Liraglutid verst\u00e4rkt die nat\u00fcrliche Reaktion des K\u00f6rpers, indem es die Insulinaussch\u00fcttung erh\u00f6ht. Dieser Mechanismus f\u00fchrt dazu, dass der Blutzuckerspiegel nach den Mahlzeiten sinkt. Au\u00dferdem verlangsamt der Wirkstoff Liraglutid in Victoza die Entleerung des Magens, was zu einem l\u00e4nger anhaltenden Gef\u00fchl der S\u00e4ttigung f\u00fchren kann. Dies hat mitunter zur Folge, dass das K\u00f6rpergewicht sinkt.<\/p>\n<p>Victoza: Dosierung und Anwendung<\/p>\n<p>Die Anfangsdosis von Victoza betr\u00e4gt 0,6 mg einmal t\u00e4glich und sollte f\u00fcr mindestens 1 Woche beibehalten werden. Ihr Arzt wird Ihnen sagen, ob und wann Sie auf 1,2 mg t\u00e4glich erh\u00f6hen sollten. Reicht diese Dosis nicht aus, kann der behandelnde Arzt weiter auf 1,8 mg erh\u00f6hen. Es ist wichtig, Ihre Dosis nicht eigenm\u00e4chtig zu ver\u00e4ndern.<\/p>\n<p>Victoza kommt als Unterhautinjektion in Form eines Fertigpens zur Anwendung. Patienten stellen die gew\u00fcnschte Dosis 0,6 mg, 1,2 mg oder 1,8 mg selbst an dem Pen ein und spritzen sich das Pr\u00e4parat anschlie\u00dfend in die Vorderseite des Oberschenkels, die Vorderseite des Bauches oder in den Oberarm.<\/p>\n<p>Victoza kann zu jeder Tageszeit unabh\u00e4ngig von den Mahlzeiten injiziert werden. Bestenfalls erfolgt die Einspritzung aber immer ungef\u00e4hr zur gleichen Zeit.<\/p>\n<p>Wichtig: Bitte verwenden Sie dieses Arzneimittel ausschlie\u00dflich wie mit dem behandelnden Mediziner abgesprochen. Sollten Sie unsicher sein, fragen Sie Ihren Arzt oder Apotheker um Rat.<\/p>\n<p>Victoza: M\u00f6gliche Nebenwirkungen<\/p>\n<p>Wie bei allen Medikamenten kann es auch bei der Anwendung von Victoza zu Nebenwirkungen kommen.<\/p>\n<p>Sehr h\u00e4ufig (bei mehr als 1 von 10 Anwendern) entwickeln sich unter Umst\u00e4nden folgende Begleiterscheinungen:<\/p>\n<p>\u00dcbelkeit<br \/>\nDurchfall<br \/>\nUm eine Dehydrierung (Fl\u00fcssigkeitsmangel) zu vermeiden, ist es in diesen F\u00e4llen wichtig, ausreichend zu trinken.<\/p>\n","protected":false},"excerpt":{"rendered":"<p>Kommerzieller Name: Victoza<br \/>\nWirkstoff: Liraglutid<br \/>\nHerstellungsform: Injektion<br \/>\nVerwendung: Antidiabetikum (GLP-1-Rezeptoragonist)<br \/>\nWirkungseintritt: Nach der Injektion, mit Spitzenwirkung innerhalb weniger Stunden<br \/>\nWirksam: 24 Stunden pro Dosis<br \/>\nVerf\u00fcgbare Dosierung: 6 mg<\/p>\n","protected":false},"featured_media":4610,"comment_status":"open","ping_status":"closed","template":"","meta":[],"product_cat":[84],"product_tag":[],"class_list":{"0":"post-4609","1":"product","2":"type-product","3":"status-publish","4":"has-post-thumbnail","6":"product_cat-abnehmmittel","8":"first","9":"instock","10":"shipping-taxable","11":"product-type-grouped"},"yoast_head":"<!-- This site is optimized with the Yoast SEO plugin v20.0 - https:\/\/yoast.com\/wordpress\/plugins\/seo\/ -->\n<title>Objednejte Victoza bez receptu za n\u00edzkou cenu | Eurorxdrugs<\/title>\n<meta name=\"description\" content=\"Kupte Victoza nyn\u00ed! Origin\u00e1ln\u00ed l\u00e9ky a rychl\u00e9 doru\u010den\u00ed v cen\u011b. 100% diskr\u00e9tn\u00ed a d\u016fv\u011brn\u00fd servis pro v\u0161echny na\u0161e z\u00e1kazn\u00edky na Eurorxdrugs\" \/>\n<meta name=\"robots\" content=\"index, follow, max-snippet:-1, max-image-preview:large, max-video-preview:-1\" \/>\n<link rel=\"canonical\" href=\"https:\/\/eurorxdrugs.cc\/cs\/product\/victoza\/\" \/>\n<meta property=\"og:locale\" content=\"cs_CZ\" \/>\n<meta property=\"og:type\" content=\"article\" \/>\n<meta property=\"og:title\" content=\"Objednejte Victoza bez receptu za n\u00edzkou cenu | Eurorxdrugs\" \/>\n<meta property=\"og:description\" content=\"Kupte Victoza nyn\u00ed! Origin\u00e1ln\u00ed l\u00e9ky a rychl\u00e9 doru\u010den\u00ed v cen\u011b. 100% diskr\u00e9tn\u00ed a d\u016fv\u011brn\u00fd servis pro v\u0161echny na\u0161e z\u00e1kazn\u00edky na Eurorxdrugs\" \/>\n<meta property=\"og:url\" content=\"https:\/\/eurorxdrugs.cc\/cs\/product\/victoza\/\" \/>\n<meta property=\"og:site_name\" content=\"eurorxdrugs\" \/>\n<meta property=\"article:modified_time\" content=\"2024-10-26T12:01:12+00:00\" \/>\n<meta property=\"og:image\" content=\"https:\/\/eurorxdrugs.cc\/cs\/wp-content\/uploads\/2024\/10\/407-min.jpg\" \/>\n\t<meta property=\"og:image:width\" content=\"270\" \/>\n\t<meta property=\"og:image:height\" content=\"300\" \/>\n\t<meta property=\"og:image:type\" content=\"image\/jpeg\" \/>\n<meta name=\"twitter:card\" content=\"summary_large_image\" \/>\n<meta name=\"twitter:label1\" content=\"Odhadovan\u00e1 doba \u010dten\u00ed\" \/>\n\t<meta name=\"twitter:data1\" content=\"3 minuty\" \/>\n<script type=\"application\/ld+json\" class=\"yoast-schema-graph\">{\"@context\":\"https:\/\/schema.org\",\"@graph\":[{\"@type\":\"WebPage\",\"@id\":\"https:\/\/eurorxdrugs.cc\/cs\/product\/victoza\/\",\"url\":\"https:\/\/eurorxdrugs.cc\/cs\/product\/victoza\/\",\"name\":\"Objednejte Victoza bez receptu za n\u00edzkou cenu | Eurorxdrugs\",\"isPartOf\":{\"@id\":\"https:\/\/eurorxdrugs.cc\/cs\/#website\"},\"datePublished\":\"2024-10-26T11:57:56+00:00\",\"dateModified\":\"2024-10-26T12:01:12+00:00\",\"description\":\"Kupte Victoza nyn\u00ed! Origin\u00e1ln\u00ed l\u00e9ky a rychl\u00e9 doru\u010den\u00ed v cen\u011b. 100% diskr\u00e9tn\u00ed a d\u016fv\u011brn\u00fd servis pro v\u0161echny na\u0161e z\u00e1kazn\u00edky na Eurorxdrugs\",\"breadcrumb\":{\"@id\":\"https:\/\/eurorxdrugs.cc\/cs\/product\/victoza\/#breadcrumb\"},\"inLanguage\":\"cs\",\"potentialAction\":[{\"@type\":\"ReadAction\",\"target\":[\"https:\/\/eurorxdrugs.cc\/cs\/product\/victoza\/\"]}]},{\"@type\":\"BreadcrumbList\",\"@id\":\"https:\/\/eurorxdrugs.cc\/cs\/product\/victoza\/#breadcrumb\",\"itemListElement\":[{\"@type\":\"ListItem\",\"position\":1,\"name\":\"Home\",\"item\":\"https:\/\/eurorxdrugs.cc\/cs\/\"},{\"@type\":\"ListItem\",\"position\":2,\"name\":\"Products\",\"item\":\"https:\/\/eurorxdrugs.cc\/cs\/shop\/\"},{\"@type\":\"ListItem\",\"position\":3,\"name\":\"Victoza\"}]},{\"@type\":\"WebSite\",\"@id\":\"https:\/\/eurorxdrugs.cc\/cs\/#website\",\"url\":\"https:\/\/eurorxdrugs.cc\/cs\/\",\"name\":\"eurorxdrugs\",\"description\":\"\",\"publisher\":{\"@id\":\"https:\/\/eurorxdrugs.cc\/cs\/#organization\"},\"potentialAction\":[{\"@type\":\"SearchAction\",\"target\":{\"@type\":\"EntryPoint\",\"urlTemplate\":\"https:\/\/eurorxdrugs.cc\/cs\/?s={search_term_string}\"},\"query-input\":\"required name=search_term_string\"}],\"inLanguage\":\"cs\"},{\"@type\":\"Organization\",\"@id\":\"https:\/\/eurorxdrugs.cc\/cs\/#organization\",\"name\":\"eurorxdrugs\",\"url\":\"https:\/\/eurorxdrugs.cc\/cs\/\",\"logo\":{\"@type\":\"ImageObject\",\"inLanguage\":\"cs\",\"@id\":\"https:\/\/eurorxdrugs.cc\/cs\/#\/schema\/logo\/image\/\",\"url\":\"https:\/\/eurorxdrugs.cc\/cs\/wp-content\/uploads\/2024\/09\/logo-1-1.png\",\"contentUrl\":\"https:\/\/eurorxdrugs.cc\/cs\/wp-content\/uploads\/2024\/09\/logo-1-1.png\",\"width\":233,\"height\":54,\"caption\":\"eurorxdrugs\"},\"image\":{\"@id\":\"https:\/\/eurorxdrugs.cc\/cs\/#\/schema\/logo\/image\/\"}}]}<\/script>\n<!-- \/ Yoast SEO plugin. -->","yoast_head_json":{"title":"Objednejte Victoza bez receptu za n\u00edzkou cenu | Eurorxdrugs","description":"Kupte Victoza nyn\u00ed! Origin\u00e1ln\u00ed l\u00e9ky a rychl\u00e9 doru\u010den\u00ed v cen\u011b. 100% diskr\u00e9tn\u00ed a d\u016fv\u011brn\u00fd servis pro v\u0161echny na\u0161e z\u00e1kazn\u00edky na Eurorxdrugs","robots":{"index":"index","follow":"follow","max-snippet":"max-snippet:-1","max-image-preview":"max-image-preview:large","max-video-preview":"max-video-preview:-1"},"canonical":"https:\/\/eurorxdrugs.cc\/cs\/product\/victoza\/","og_locale":"cs_CZ","og_type":"article","og_title":"Objednejte Victoza bez receptu za n\u00edzkou cenu | Eurorxdrugs","og_description":"Kupte Victoza nyn\u00ed! Origin\u00e1ln\u00ed l\u00e9ky a rychl\u00e9 doru\u010den\u00ed v cen\u011b. 100% diskr\u00e9tn\u00ed a d\u016fv\u011brn\u00fd servis pro v\u0161echny na\u0161e z\u00e1kazn\u00edky na Eurorxdrugs","og_url":"https:\/\/eurorxdrugs.cc\/cs\/product\/victoza\/","og_site_name":"eurorxdrugs","article_modified_time":"2024-10-26T12:01:12+00:00","og_image":[{"width":270,"height":300,"url":"https:\/\/eurorxdrugs.cc\/cs\/wp-content\/uploads\/2024\/10\/407-min.jpg","type":"image\/jpeg"}],"twitter_card":"summary_large_image","twitter_misc":{"Odhadovan\u00e1 doba \u010dten\u00ed":"3 minuty"},"schema":{"@context":"https:\/\/schema.org","@graph":[{"@type":"WebPage","@id":"https:\/\/eurorxdrugs.cc\/cs\/product\/victoza\/","url":"https:\/\/eurorxdrugs.cc\/cs\/product\/victoza\/","name":"Objednejte Victoza bez receptu za n\u00edzkou cenu | Eurorxdrugs","isPartOf":{"@id":"https:\/\/eurorxdrugs.cc\/cs\/#website"},"datePublished":"2024-10-26T11:57:56+00:00","dateModified":"2024-10-26T12:01:12+00:00","description":"Kupte Victoza nyn\u00ed! Origin\u00e1ln\u00ed l\u00e9ky a rychl\u00e9 doru\u010den\u00ed v cen\u011b. 100% diskr\u00e9tn\u00ed a d\u016fv\u011brn\u00fd servis pro v\u0161echny na\u0161e z\u00e1kazn\u00edky na Eurorxdrugs","breadcrumb":{"@id":"https:\/\/eurorxdrugs.cc\/cs\/product\/victoza\/#breadcrumb"},"inLanguage":"cs","potentialAction":[{"@type":"ReadAction","target":["https:\/\/eurorxdrugs.cc\/cs\/product\/victoza\/"]}]},{"@type":"BreadcrumbList","@id":"https:\/\/eurorxdrugs.cc\/cs\/product\/victoza\/#breadcrumb","itemListElement":[{"@type":"ListItem","position":1,"name":"Home","item":"https:\/\/eurorxdrugs.cc\/cs\/"},{"@type":"ListItem","position":2,"name":"Products","item":"https:\/\/eurorxdrugs.cc\/cs\/shop\/"},{"@type":"ListItem","position":3,"name":"Victoza"}]},{"@type":"WebSite","@id":"https:\/\/eurorxdrugs.cc\/cs\/#website","url":"https:\/\/eurorxdrugs.cc\/cs\/","name":"eurorxdrugs","description":"","publisher":{"@id":"https:\/\/eurorxdrugs.cc\/cs\/#organization"},"potentialAction":[{"@type":"SearchAction","target":{"@type":"EntryPoint","urlTemplate":"https:\/\/eurorxdrugs.cc\/cs\/?s={search_term_string}"},"query-input":"required name=search_term_string"}],"inLanguage":"cs"},{"@type":"Organization","@id":"https:\/\/eurorxdrugs.cc\/cs\/#organization","name":"eurorxdrugs","url":"https:\/\/eurorxdrugs.cc\/cs\/","logo":{"@type":"ImageObject","inLanguage":"cs","@id":"https:\/\/eurorxdrugs.cc\/cs\/#\/schema\/logo\/image\/","url":"https:\/\/eurorxdrugs.cc\/cs\/wp-content\/uploads\/2024\/09\/logo-1-1.png","contentUrl":"https:\/\/eurorxdrugs.cc\/cs\/wp-content\/uploads\/2024\/09\/logo-1-1.png","width":233,"height":54,"caption":"eurorxdrugs"},"image":{"@id":"https:\/\/eurorxdrugs.cc\/cs\/#\/schema\/logo\/image\/"}}]}},"_links":{"self":[{"href":"https:\/\/eurorxdrugs.cc\/cs\/wp-json\/wp\/v2\/product\/4609","targetHints":{"allow":["GET"]}}],"collection":[{"href":"https:\/\/eurorxdrugs.cc\/cs\/wp-json\/wp\/v2\/product"}],"about":[{"href":"https:\/\/eurorxdrugs.cc\/cs\/wp-json\/wp\/v2\/types\/product"}],"replies":[{"embeddable":true,"href":"https:\/\/eurorxdrugs.cc\/cs\/wp-json\/wp\/v2\/comments?post=4609"}],"wp:featuredmedia":[{"embeddable":true,"href":"https:\/\/eurorxdrugs.cc\/cs\/wp-json\/wp\/v2\/media\/4610"}],"wp:attachment":[{"href":"https:\/\/eurorxdrugs.cc\/cs\/wp-json\/wp\/v2\/media?parent=4609"}],"wp:term":[{"taxonomy":"product_cat","embeddable":true,"href":"https:\/\/eurorxdrugs.cc\/cs\/wp-json\/wp\/v2\/product_cat?post=4609"},{"taxonomy":"product_tag","embeddable":true,"href":"https:\/\/eurorxdrugs.cc\/cs\/wp-json\/wp\/v2\/product_tag?post=4609"}],"curies":[{"name":"wp","href":"https:\/\/api.w.org\/{rel}","templated":true}]}}