{"id":4617,"date":"2024-10-26T12:04:10","date_gmt":"2024-10-26T12:04:10","guid":{"rendered":"https:\/\/eurorxdrugs.cc\/cs\/?post_type=product&#038;p=4617"},"modified":"2024-10-26T12:07:48","modified_gmt":"2024-10-26T12:07:48","slug":"revia-naltrexon","status":"publish","type":"product","link":"https:\/\/eurorxdrugs.cc\/cs\/product\/revia-naltrexon\/","title":{"rendered":"Revia (Naltrexon)"},"content":{"rendered":"<p>Revia: Beschreibung und Verwendung<\/p>\n<p>Revia Beschreibung<br \/>\nRevia oder das Generikum Naltrexon wird zur Behandlung von Drogen- und Alkoholmissbrauch verschrieben. Naltrexon kann zusammen mit Beratung und Unterst\u00fctzung empfohlen werden, um Menschen, die den Konsum von Alkohol und Drogen eingestellt haben, dabei zu helfen, weiterhin den Konsum von Alkohol oder Bet\u00e4ubungsmitteln zu vermeiden. Sobald Sie Ihre Entgiftung abgeschlossen haben, kann Ihr Arzt mit der Behandlung mit Revia beginnen. Das Generikum wird nicht von dem Unternehmen hergestellt, das das Markenprodukt produziert.<\/p>\n<p>Wie Revia funktioniert<br \/>\nWenn Revia wie vorgeschrieben eingenommen wird, blockiert es Endorphine daran, sich an Opioidrezeptoren zu binden, um die Freisetzung eines Neurotransmitters namens Dopamin auszul\u00f6sen. Dieser Neurotransmitter ist f\u00fcr das \u201eWohlf\u00fchlgef\u00fchl\u201c verantwortlich, das Sie versp\u00fcren, wenn Sie Alkohol oder bestimmte Drogen konsumieren. Je mehr Alkohol oder Medikamente Sie einnehmen, desto mehr Dopaminrezeptoren entwickeln sich, und desto s\u00fcchtiger werden Sie. Wenn Sie aufh\u00f6ren zu trinken oder Drogen zu nehmen, nimmt die Anzahl der Dopaminrezeptoren ab und damit auch Ihr Verlangen.<\/p>\n<p>Von Revia behandelte Bedingungen<br \/>\nWenn Sie mit Alkoholismus zu k\u00e4mpfen haben, kann Ihr Arzt Ihnen Naltrexon verschreiben. Alkoholabh\u00e4ngigkeit ist eine Erkrankung, die durch den Konsum alkoholischer Getr\u00e4nke auf einem Niveau gekennzeichnet ist, das die k\u00f6rperliche oder geistige Gesundheit sowie soziale, famili\u00e4re oder arbeitsbezogene Verpflichtungen beeintr\u00e4chtigt. Revia kann den Wunsch zu trinken verringern und hilft den Patienten, abstinent zu bleiben. Es kann auch verhindern, dass ein genesender Patient nach einem R\u00fcckfall weiter trinkt, wenn er einen Drink zu sich nimmt.<\/p>\n<p>Drogenabh\u00e4ngigkeit kann bei l\u00e4ngerer Anwendung von verschreibungspflichtigen Schmerzmitteln auftreten, die Nervensch\u00e4den in Ihrem Gehirn verursachen. Revia kann tats\u00e4chlich helfen, die Auswirkungen von Opiaten auf Ihr Gehirn r\u00fcckg\u00e4ngig zu machen und es in einen Zustand vor der Abh\u00e4ngigkeit zur\u00fcckzuf\u00fchren. Naltrexon macht nicht abh\u00e4ngig und sollte unter der Anleitung eines Nachsorgespezialisten eingenommen werden. Zusammen mit einer Beratung kann Ihre Sucht besser verstanden werden, und Ihnen werden Mittel zur Verf\u00fcgung gestellt, um ein drogenfreies Leben als produktives Individuum zu f\u00fchren.<\/p>\n<p>Bevor Revia verschrieben wird<br \/>\nRevia oder das Generikum Naltrexon wird nicht verschrieben, um Menschen zu behandeln, die noch Drogen konsumieren oder gro\u00dfe Mengen Alkohol trinken. Sie m\u00fcssen mindestens 7-10 Tage opioidfrei sein oder eine Entgiftung in einer Einrichtung durchlaufen haben, bevor Ihr Arzt mit der Behandlung mit Revia beginnt. Informieren Sie Ihren Arzt, wenn Sie schwanger sind, schwanger werden k\u00f6nnten oder stillen, da Revia f\u00fcr ein ungeborenes oder stillendes Baby sch\u00e4dlich sein kann.<\/p>\n<p>Wichtige Informationen zur Einnahme von Revia<br \/>\nRevia hilft Ihnen, Drogen und Alkohol nur so lange zu vermeiden, wie Sie es einnehmen, aber es verringert oder beseitigt keine Entzugssymptome. Sie sollten Revia nicht ohne R\u00fccksprache mit Ihrem Arzt absetzen. Bewahren Sie alle Medikamente au\u00dferhalb der Reichweite von Kindern auf und teilen Sie sie niemals mit anderen. Bis Sie wissen, wie Ihr K\u00f6rper auf Revia reagiert, sollten Sie Aktivit\u00e4ten vermeiden, die Ihre volle Aufmerksamkeit erfordern.<\/p>\n<p>M\u00f6gliche Nebenwirkungen von Revia<br \/>\nKopfschmerzen<br \/>\nM\u00fcdigkeit<br \/>\nAppetitlosigkeit<br \/>\nSchlafprobleme<br \/>\nGelenk- oder Muskelschmerzen<br \/>\nAngst oder Reizbarkeit<br \/>\nBauchkr\u00e4mpfe oder -schmerzen<\/p>\n<p>\u00c4hnliche Medikamente zu Revia<br \/>\nCampral<br \/>\nAntabuse<\/p>\n","protected":false},"excerpt":{"rendered":"<p>Handelsname: Revia<br \/>\nHauptbestandteil: Naltrexon<br \/>\nProduktionsform: Pillen<br \/>\nVerwendung: Behandelt Alkoholismus \/ Suchtprobleme<br \/>\nVerf\u00fcgbare Dosierung: 50 mg<\/p>\n","protected":false},"featured_media":4618,"comment_status":"open","ping_status":"closed","template":"","meta":[],"product_cat":[85],"product_tag":[],"class_list":{"0":"post-4617","1":"product","2":"type-product","3":"status-publish","4":"has-post-thumbnail","6":"product_cat-alkoholentwohnung","8":"first","9":"instock","10":"shipping-taxable","11":"product-type-grouped"},"yoast_head":"<!-- This site is optimized with the Yoast SEO plugin v20.0 - https:\/\/yoast.com\/wordpress\/plugins\/seo\/ -->\n<title>Objednejte Revia (Naltrexon) bez receptu za n\u00edzkou cenu | Eurorxdrugs<\/title>\n<meta name=\"description\" content=\"Kupte Revia (Naltrexon) nyn\u00ed! Origin\u00e1ln\u00ed l\u00e9ky a rychl\u00e9 doru\u010den\u00ed v cen\u011b. 100% diskr\u00e9tn\u00ed a d\u016fv\u011brn\u00fd servis pro v\u0161echny na\u0161e z\u00e1kazn\u00edky na Eurorxdrugs\" \/>\n<meta name=\"robots\" content=\"index, follow, max-snippet:-1, max-image-preview:large, max-video-preview:-1\" \/>\n<link rel=\"canonical\" href=\"https:\/\/eurorxdrugs.cc\/cs\/product\/revia-naltrexon\/\" \/>\n<meta property=\"og:locale\" content=\"cs_CZ\" \/>\n<meta property=\"og:type\" content=\"article\" \/>\n<meta property=\"og:title\" content=\"Objednejte Revia (Naltrexon) bez receptu za n\u00edzkou cenu | Eurorxdrugs\" \/>\n<meta property=\"og:description\" content=\"Kupte Revia (Naltrexon) nyn\u00ed! Origin\u00e1ln\u00ed l\u00e9ky a rychl\u00e9 doru\u010den\u00ed v cen\u011b. 100% diskr\u00e9tn\u00ed a d\u016fv\u011brn\u00fd servis pro v\u0161echny na\u0161e z\u00e1kazn\u00edky na Eurorxdrugs\" \/>\n<meta property=\"og:url\" content=\"https:\/\/eurorxdrugs.cc\/cs\/product\/revia-naltrexon\/\" \/>\n<meta property=\"og:site_name\" content=\"eurorxdrugs\" \/>\n<meta property=\"article:modified_time\" content=\"2024-10-26T12:07:48+00:00\" \/>\n<meta property=\"og:image\" content=\"https:\/\/eurorxdrugs.cc\/cs\/wp-content\/uploads\/2024\/10\/10-min.jpg\" \/>\n\t<meta property=\"og:image:width\" content=\"270\" \/>\n\t<meta property=\"og:image:height\" content=\"300\" \/>\n\t<meta property=\"og:image:type\" content=\"image\/jpeg\" \/>\n<meta name=\"twitter:card\" content=\"summary_large_image\" \/>\n<meta name=\"twitter:label1\" content=\"Odhadovan\u00e1 doba \u010dten\u00ed\" \/>\n\t<meta name=\"twitter:data1\" content=\"3 minuty\" \/>\n<script type=\"application\/ld+json\" class=\"yoast-schema-graph\">{\"@context\":\"https:\/\/schema.org\",\"@graph\":[{\"@type\":\"WebPage\",\"@id\":\"https:\/\/eurorxdrugs.cc\/cs\/product\/revia-naltrexon\/\",\"url\":\"https:\/\/eurorxdrugs.cc\/cs\/product\/revia-naltrexon\/\",\"name\":\"Objednejte Revia (Naltrexon) bez receptu za n\u00edzkou cenu | Eurorxdrugs\",\"isPartOf\":{\"@id\":\"https:\/\/eurorxdrugs.cc\/cs\/#website\"},\"datePublished\":\"2024-10-26T12:04:10+00:00\",\"dateModified\":\"2024-10-26T12:07:48+00:00\",\"description\":\"Kupte Revia (Naltrexon) nyn\u00ed! Origin\u00e1ln\u00ed l\u00e9ky a rychl\u00e9 doru\u010den\u00ed v cen\u011b. 100% diskr\u00e9tn\u00ed a d\u016fv\u011brn\u00fd servis pro v\u0161echny na\u0161e z\u00e1kazn\u00edky na Eurorxdrugs\",\"breadcrumb\":{\"@id\":\"https:\/\/eurorxdrugs.cc\/cs\/product\/revia-naltrexon\/#breadcrumb\"},\"inLanguage\":\"cs\",\"potentialAction\":[{\"@type\":\"ReadAction\",\"target\":[\"https:\/\/eurorxdrugs.cc\/cs\/product\/revia-naltrexon\/\"]}]},{\"@type\":\"BreadcrumbList\",\"@id\":\"https:\/\/eurorxdrugs.cc\/cs\/product\/revia-naltrexon\/#breadcrumb\",\"itemListElement\":[{\"@type\":\"ListItem\",\"position\":1,\"name\":\"Home\",\"item\":\"https:\/\/eurorxdrugs.cc\/cs\/\"},{\"@type\":\"ListItem\",\"position\":2,\"name\":\"Products\",\"item\":\"https:\/\/eurorxdrugs.cc\/cs\/shop\/\"},{\"@type\":\"ListItem\",\"position\":3,\"name\":\"Revia (Naltrexon)\"}]},{\"@type\":\"WebSite\",\"@id\":\"https:\/\/eurorxdrugs.cc\/cs\/#website\",\"url\":\"https:\/\/eurorxdrugs.cc\/cs\/\",\"name\":\"eurorxdrugs\",\"description\":\"\",\"publisher\":{\"@id\":\"https:\/\/eurorxdrugs.cc\/cs\/#organization\"},\"potentialAction\":[{\"@type\":\"SearchAction\",\"target\":{\"@type\":\"EntryPoint\",\"urlTemplate\":\"https:\/\/eurorxdrugs.cc\/cs\/?s={search_term_string}\"},\"query-input\":\"required name=search_term_string\"}],\"inLanguage\":\"cs\"},{\"@type\":\"Organization\",\"@id\":\"https:\/\/eurorxdrugs.cc\/cs\/#organization\",\"name\":\"eurorxdrugs\",\"url\":\"https:\/\/eurorxdrugs.cc\/cs\/\",\"logo\":{\"@type\":\"ImageObject\",\"inLanguage\":\"cs\",\"@id\":\"https:\/\/eurorxdrugs.cc\/cs\/#\/schema\/logo\/image\/\",\"url\":\"https:\/\/eurorxdrugs.cc\/cs\/wp-content\/uploads\/2024\/09\/logo-1-1.png\",\"contentUrl\":\"https:\/\/eurorxdrugs.cc\/cs\/wp-content\/uploads\/2024\/09\/logo-1-1.png\",\"width\":233,\"height\":54,\"caption\":\"eurorxdrugs\"},\"image\":{\"@id\":\"https:\/\/eurorxdrugs.cc\/cs\/#\/schema\/logo\/image\/\"}}]}<\/script>\n<!-- \/ Yoast SEO plugin. -->","yoast_head_json":{"title":"Objednejte Revia (Naltrexon) bez receptu za n\u00edzkou cenu | Eurorxdrugs","description":"Kupte Revia (Naltrexon) nyn\u00ed! Origin\u00e1ln\u00ed l\u00e9ky a rychl\u00e9 doru\u010den\u00ed v cen\u011b. 100% diskr\u00e9tn\u00ed a d\u016fv\u011brn\u00fd servis pro v\u0161echny na\u0161e z\u00e1kazn\u00edky na Eurorxdrugs","robots":{"index":"index","follow":"follow","max-snippet":"max-snippet:-1","max-image-preview":"max-image-preview:large","max-video-preview":"max-video-preview:-1"},"canonical":"https:\/\/eurorxdrugs.cc\/cs\/product\/revia-naltrexon\/","og_locale":"cs_CZ","og_type":"article","og_title":"Objednejte Revia (Naltrexon) bez receptu za n\u00edzkou cenu | Eurorxdrugs","og_description":"Kupte Revia (Naltrexon) nyn\u00ed! Origin\u00e1ln\u00ed l\u00e9ky a rychl\u00e9 doru\u010den\u00ed v cen\u011b. 100% diskr\u00e9tn\u00ed a d\u016fv\u011brn\u00fd servis pro v\u0161echny na\u0161e z\u00e1kazn\u00edky na Eurorxdrugs","og_url":"https:\/\/eurorxdrugs.cc\/cs\/product\/revia-naltrexon\/","og_site_name":"eurorxdrugs","article_modified_time":"2024-10-26T12:07:48+00:00","og_image":[{"width":270,"height":300,"url":"https:\/\/eurorxdrugs.cc\/cs\/wp-content\/uploads\/2024\/10\/10-min.jpg","type":"image\/jpeg"}],"twitter_card":"summary_large_image","twitter_misc":{"Odhadovan\u00e1 doba \u010dten\u00ed":"3 minuty"},"schema":{"@context":"https:\/\/schema.org","@graph":[{"@type":"WebPage","@id":"https:\/\/eurorxdrugs.cc\/cs\/product\/revia-naltrexon\/","url":"https:\/\/eurorxdrugs.cc\/cs\/product\/revia-naltrexon\/","name":"Objednejte Revia (Naltrexon) bez receptu za n\u00edzkou cenu | Eurorxdrugs","isPartOf":{"@id":"https:\/\/eurorxdrugs.cc\/cs\/#website"},"datePublished":"2024-10-26T12:04:10+00:00","dateModified":"2024-10-26T12:07:48+00:00","description":"Kupte Revia (Naltrexon) nyn\u00ed! Origin\u00e1ln\u00ed l\u00e9ky a rychl\u00e9 doru\u010den\u00ed v cen\u011b. 100% diskr\u00e9tn\u00ed a d\u016fv\u011brn\u00fd servis pro v\u0161echny na\u0161e z\u00e1kazn\u00edky na Eurorxdrugs","breadcrumb":{"@id":"https:\/\/eurorxdrugs.cc\/cs\/product\/revia-naltrexon\/#breadcrumb"},"inLanguage":"cs","potentialAction":[{"@type":"ReadAction","target":["https:\/\/eurorxdrugs.cc\/cs\/product\/revia-naltrexon\/"]}]},{"@type":"BreadcrumbList","@id":"https:\/\/eurorxdrugs.cc\/cs\/product\/revia-naltrexon\/#breadcrumb","itemListElement":[{"@type":"ListItem","position":1,"name":"Home","item":"https:\/\/eurorxdrugs.cc\/cs\/"},{"@type":"ListItem","position":2,"name":"Products","item":"https:\/\/eurorxdrugs.cc\/cs\/shop\/"},{"@type":"ListItem","position":3,"name":"Revia (Naltrexon)"}]},{"@type":"WebSite","@id":"https:\/\/eurorxdrugs.cc\/cs\/#website","url":"https:\/\/eurorxdrugs.cc\/cs\/","name":"eurorxdrugs","description":"","publisher":{"@id":"https:\/\/eurorxdrugs.cc\/cs\/#organization"},"potentialAction":[{"@type":"SearchAction","target":{"@type":"EntryPoint","urlTemplate":"https:\/\/eurorxdrugs.cc\/cs\/?s={search_term_string}"},"query-input":"required name=search_term_string"}],"inLanguage":"cs"},{"@type":"Organization","@id":"https:\/\/eurorxdrugs.cc\/cs\/#organization","name":"eurorxdrugs","url":"https:\/\/eurorxdrugs.cc\/cs\/","logo":{"@type":"ImageObject","inLanguage":"cs","@id":"https:\/\/eurorxdrugs.cc\/cs\/#\/schema\/logo\/image\/","url":"https:\/\/eurorxdrugs.cc\/cs\/wp-content\/uploads\/2024\/09\/logo-1-1.png","contentUrl":"https:\/\/eurorxdrugs.cc\/cs\/wp-content\/uploads\/2024\/09\/logo-1-1.png","width":233,"height":54,"caption":"eurorxdrugs"},"image":{"@id":"https:\/\/eurorxdrugs.cc\/cs\/#\/schema\/logo\/image\/"}}]}},"_links":{"self":[{"href":"https:\/\/eurorxdrugs.cc\/cs\/wp-json\/wp\/v2\/product\/4617","targetHints":{"allow":["GET"]}}],"collection":[{"href":"https:\/\/eurorxdrugs.cc\/cs\/wp-json\/wp\/v2\/product"}],"about":[{"href":"https:\/\/eurorxdrugs.cc\/cs\/wp-json\/wp\/v2\/types\/product"}],"replies":[{"embeddable":true,"href":"https:\/\/eurorxdrugs.cc\/cs\/wp-json\/wp\/v2\/comments?post=4617"}],"wp:featuredmedia":[{"embeddable":true,"href":"https:\/\/eurorxdrugs.cc\/cs\/wp-json\/wp\/v2\/media\/4618"}],"wp:attachment":[{"href":"https:\/\/eurorxdrugs.cc\/cs\/wp-json\/wp\/v2\/media?parent=4617"}],"wp:term":[{"taxonomy":"product_cat","embeddable":true,"href":"https:\/\/eurorxdrugs.cc\/cs\/wp-json\/wp\/v2\/product_cat?post=4617"},{"taxonomy":"product_tag","embeddable":true,"href":"https:\/\/eurorxdrugs.cc\/cs\/wp-json\/wp\/v2\/product_tag?post=4617"}],"curies":[{"name":"wp","href":"https:\/\/api.w.org\/{rel}","templated":true}]}}