{"id":4628,"date":"2024-10-29T06:09:16","date_gmt":"2024-10-29T06:09:16","guid":{"rendered":"https:\/\/eurorxdrugs.cc\/cs\/?post_type=product&#038;p=4628"},"modified":"2024-10-29T07:45:07","modified_gmt":"2024-10-29T07:45:07","slug":"prednison","status":"publish","type":"product","link":"https:\/\/eurorxdrugs.cc\/cs\/product\/prednison\/","title":{"rendered":"Prednison"},"content":{"rendered":"<p>Allgemeine Anwendung<br \/>\n        Prednison (Generika) ist ein synthetisches Glucocorticoid, ein dehydriertes Analogon von Hydrocortison. Es hat eine entz\u00fcndungshemmende, antiallergische, desensibilisierende, anti-shock-, anti-toxische und immunsuppressive, anti-juckende und anti-exsudative Wirkung.<br \/>\n        Prednison (Generika) bildet im Zusammenspiel mit spezifischen zytoplasmatischen Rezeptoren einen Komplex, der in den Zellkern eindringt, die Synthese-RNA (Ribonukleins\u00e4ure) stimuliert und die Biosynthese von Proteinen (einschlie\u00dflich Lipocortin) induziert.<\/p>\n<p>Pharmakologische Wirkung des Prednison (Generika) zur systemischen Anwendung (Tabletten, Injektionsl\u00f6sung in Ampullen):<br \/>\n\u2022\tProteinmetabolismus: reduziert den Globulingehalt im Plasma, wodurch die Synthese in Leber und Nierenalbumin erh\u00f6ht wird (mit einem Anstieg des Verh\u00e4ltnisses von Albumin \/ Globulin);<br \/>\n\u2022\tErh\u00f6ht den Proteinabbau im Muskelgewebe;<br \/>\n\u2022\tLipidstoffwechsel: stimuliert die Synthese von Triglyceriden und h\u00f6heren Fetts\u00e4uren;<br \/>\n\u2022\tVerteilt die Fettablagerungen, indem sie sie haupts\u00e4chlich im Bereich des Gesichts, des Schulterg\u00fcrtels und des Bauches bewegen;<br \/>\n\u2022\tKann zur Entwicklung einer Hypercholesterin\u00e4mie f\u00fchren;<br \/>\n\u2022\tKohlenhydratstoffwechsel: verbessert die Aufnahme von Kohlenhydraten aus dem Verdauungstrakt (Magen-Darm-Trakt);<br \/>\n\u2022\tErh\u00f6ht den Glukosefluss aus der Leber aufgrund des Wachstums der Glukose-6-Phosphatase-Aktivit\u00e4t;<br \/>\n\u2022\tErh\u00f6ht die Aktivit\u00e4t von PEPC (Phosphoenolpyruvatcarboxykinase) und verbessert die Synthese von Aminotransferasen durch Aktivierung der Gluconeogenese;<br \/>\n\u2022\tKann zur Entwicklung von Hyperglyk\u00e4mie f\u00fchren;<br \/>\n\u2022\tWasser- und Elektrolythaushalt: h\u00e4lt Natrium und Wasser im K\u00f6rper zur\u00fcck;<br \/>\n\u2022\tRegt die Kaliumausscheidung aufgrund einer Erh\u00f6hung der Mineralocorticoidaktivit\u00e4t an;<br \/>\n\u2022\tWenn Prednison (Generika) als Salbe verwendet wird, wirkt es entz\u00fcndungshemmend, antiallergisch, juckreizstillend und exsudativ. Au\u00dferdem hemmt es die Bildung von Arachidons\u00e4ure, die Bildung und Freisetzung von Entz\u00fcndungsmediatoren (Prostaglandine, Histamin, lysosomale Enzyme, Leukotriene usw.).<br \/>\n\u2022\tPrednison (Generika) unterdr\u00fcckt entz\u00fcndliche Hautreaktionen, reduziert die Vasodilatation und erh\u00f6ht die Gef\u00e4\u00dfpermeabilit\u00e4t im entz\u00fcndlichen Fokus.<\/p>\n","protected":false},"excerpt":{"rendered":"<p>Handelsname: Prednison<br \/>\nHauptbestandteil: Prednisone<br \/>\nProduktionsform: Pillen<br \/>\nAnwendung: Behandelt Allergien \/ Vorsprechenprobleme \/ Rheumatismen<br \/>\nVerf\u00fcgbare Dosierung: 5mg, 10mg, 20mg, 40mg<\/p>\n","protected":false},"featured_media":4629,"comment_status":"open","ping_status":"closed","template":"","meta":[],"product_cat":[97],"product_tag":[],"class_list":{"0":"post-4628","1":"product","2":"type-product","3":"status-publish","4":"has-post-thumbnail","6":"product_cat-antiasthmatika","8":"first","9":"instock","10":"shipping-taxable","11":"product-type-grouped"},"yoast_head":"<!-- This site is optimized with the Yoast SEO plugin v20.0 - https:\/\/yoast.com\/wordpress\/plugins\/seo\/ -->\n<title>Objednejte Prednison bez receptu za n\u00edzkou cenu | Eurorxdrugs<\/title>\n<meta name=\"description\" content=\"Kupte Prednison nyn\u00ed! Origin\u00e1ln\u00ed l\u00e9ky a rychl\u00e9 doru\u010den\u00ed v cen\u011b. 100% diskr\u00e9tn\u00ed a d\u016fv\u011brn\u00fd servis pro v\u0161echny na\u0161e z\u00e1kazn\u00edky na Eurorxdrugs\" \/>\n<meta name=\"robots\" content=\"index, follow, max-snippet:-1, max-image-preview:large, max-video-preview:-1\" \/>\n<link rel=\"canonical\" href=\"https:\/\/eurorxdrugs.cc\/cs\/product\/prednison\/\" \/>\n<meta property=\"og:locale\" content=\"cs_CZ\" \/>\n<meta property=\"og:type\" content=\"article\" \/>\n<meta property=\"og:title\" content=\"Objednejte Prednison bez receptu za n\u00edzkou cenu | Eurorxdrugs\" \/>\n<meta property=\"og:description\" content=\"Kupte Prednison nyn\u00ed! Origin\u00e1ln\u00ed l\u00e9ky a rychl\u00e9 doru\u010den\u00ed v cen\u011b. 100% diskr\u00e9tn\u00ed a d\u016fv\u011brn\u00fd servis pro v\u0161echny na\u0161e z\u00e1kazn\u00edky na Eurorxdrugs\" \/>\n<meta property=\"og:url\" content=\"https:\/\/eurorxdrugs.cc\/cs\/product\/prednison\/\" \/>\n<meta property=\"og:site_name\" content=\"eurorxdrugs\" \/>\n<meta property=\"article:modified_time\" content=\"2024-10-29T07:45:07+00:00\" \/>\n<meta property=\"og:image\" content=\"https:\/\/eurorxdrugs.cc\/cs\/wp-content\/uploads\/2024\/10\/38-min.jpg\" \/>\n\t<meta property=\"og:image:width\" content=\"270\" \/>\n\t<meta property=\"og:image:height\" content=\"300\" \/>\n\t<meta property=\"og:image:type\" content=\"image\/jpeg\" \/>\n<meta name=\"twitter:card\" content=\"summary_large_image\" \/>\n<meta name=\"twitter:label1\" content=\"Odhadovan\u00e1 doba \u010dten\u00ed\" \/>\n\t<meta name=\"twitter:data1\" content=\"2 minuty\" \/>\n<script type=\"application\/ld+json\" class=\"yoast-schema-graph\">{\"@context\":\"https:\/\/schema.org\",\"@graph\":[{\"@type\":\"WebPage\",\"@id\":\"https:\/\/eurorxdrugs.cc\/cs\/product\/prednison\/\",\"url\":\"https:\/\/eurorxdrugs.cc\/cs\/product\/prednison\/\",\"name\":\"Objednejte Prednison bez receptu za n\u00edzkou cenu | Eurorxdrugs\",\"isPartOf\":{\"@id\":\"https:\/\/eurorxdrugs.cc\/cs\/#website\"},\"datePublished\":\"2024-10-29T06:09:16+00:00\",\"dateModified\":\"2024-10-29T07:45:07+00:00\",\"description\":\"Kupte Prednison nyn\u00ed! Origin\u00e1ln\u00ed l\u00e9ky a rychl\u00e9 doru\u010den\u00ed v cen\u011b. 100% diskr\u00e9tn\u00ed a d\u016fv\u011brn\u00fd servis pro v\u0161echny na\u0161e z\u00e1kazn\u00edky na Eurorxdrugs\",\"breadcrumb\":{\"@id\":\"https:\/\/eurorxdrugs.cc\/cs\/product\/prednison\/#breadcrumb\"},\"inLanguage\":\"cs\",\"potentialAction\":[{\"@type\":\"ReadAction\",\"target\":[\"https:\/\/eurorxdrugs.cc\/cs\/product\/prednison\/\"]}]},{\"@type\":\"BreadcrumbList\",\"@id\":\"https:\/\/eurorxdrugs.cc\/cs\/product\/prednison\/#breadcrumb\",\"itemListElement\":[{\"@type\":\"ListItem\",\"position\":1,\"name\":\"Home\",\"item\":\"https:\/\/eurorxdrugs.cc\/cs\/\"},{\"@type\":\"ListItem\",\"position\":2,\"name\":\"Products\",\"item\":\"https:\/\/eurorxdrugs.cc\/cs\/shop\/\"},{\"@type\":\"ListItem\",\"position\":3,\"name\":\"Prednison\"}]},{\"@type\":\"WebSite\",\"@id\":\"https:\/\/eurorxdrugs.cc\/cs\/#website\",\"url\":\"https:\/\/eurorxdrugs.cc\/cs\/\",\"name\":\"eurorxdrugs\",\"description\":\"\",\"publisher\":{\"@id\":\"https:\/\/eurorxdrugs.cc\/cs\/#organization\"},\"potentialAction\":[{\"@type\":\"SearchAction\",\"target\":{\"@type\":\"EntryPoint\",\"urlTemplate\":\"https:\/\/eurorxdrugs.cc\/cs\/?s={search_term_string}\"},\"query-input\":\"required name=search_term_string\"}],\"inLanguage\":\"cs\"},{\"@type\":\"Organization\",\"@id\":\"https:\/\/eurorxdrugs.cc\/cs\/#organization\",\"name\":\"eurorxdrugs\",\"url\":\"https:\/\/eurorxdrugs.cc\/cs\/\",\"logo\":{\"@type\":\"ImageObject\",\"inLanguage\":\"cs\",\"@id\":\"https:\/\/eurorxdrugs.cc\/cs\/#\/schema\/logo\/image\/\",\"url\":\"https:\/\/eurorxdrugs.cc\/cs\/wp-content\/uploads\/2024\/09\/logo-1-1.png\",\"contentUrl\":\"https:\/\/eurorxdrugs.cc\/cs\/wp-content\/uploads\/2024\/09\/logo-1-1.png\",\"width\":233,\"height\":54,\"caption\":\"eurorxdrugs\"},\"image\":{\"@id\":\"https:\/\/eurorxdrugs.cc\/cs\/#\/schema\/logo\/image\/\"}}]}<\/script>\n<!-- \/ Yoast SEO plugin. -->","yoast_head_json":{"title":"Objednejte Prednison bez receptu za n\u00edzkou cenu | Eurorxdrugs","description":"Kupte Prednison nyn\u00ed! Origin\u00e1ln\u00ed l\u00e9ky a rychl\u00e9 doru\u010den\u00ed v cen\u011b. 100% diskr\u00e9tn\u00ed a d\u016fv\u011brn\u00fd servis pro v\u0161echny na\u0161e z\u00e1kazn\u00edky na Eurorxdrugs","robots":{"index":"index","follow":"follow","max-snippet":"max-snippet:-1","max-image-preview":"max-image-preview:large","max-video-preview":"max-video-preview:-1"},"canonical":"https:\/\/eurorxdrugs.cc\/cs\/product\/prednison\/","og_locale":"cs_CZ","og_type":"article","og_title":"Objednejte Prednison bez receptu za n\u00edzkou cenu | Eurorxdrugs","og_description":"Kupte Prednison nyn\u00ed! Origin\u00e1ln\u00ed l\u00e9ky a rychl\u00e9 doru\u010den\u00ed v cen\u011b. 100% diskr\u00e9tn\u00ed a d\u016fv\u011brn\u00fd servis pro v\u0161echny na\u0161e z\u00e1kazn\u00edky na Eurorxdrugs","og_url":"https:\/\/eurorxdrugs.cc\/cs\/product\/prednison\/","og_site_name":"eurorxdrugs","article_modified_time":"2024-10-29T07:45:07+00:00","og_image":[{"width":270,"height":300,"url":"https:\/\/eurorxdrugs.cc\/cs\/wp-content\/uploads\/2024\/10\/38-min.jpg","type":"image\/jpeg"}],"twitter_card":"summary_large_image","twitter_misc":{"Odhadovan\u00e1 doba \u010dten\u00ed":"2 minuty"},"schema":{"@context":"https:\/\/schema.org","@graph":[{"@type":"WebPage","@id":"https:\/\/eurorxdrugs.cc\/cs\/product\/prednison\/","url":"https:\/\/eurorxdrugs.cc\/cs\/product\/prednison\/","name":"Objednejte Prednison bez receptu za n\u00edzkou cenu | Eurorxdrugs","isPartOf":{"@id":"https:\/\/eurorxdrugs.cc\/cs\/#website"},"datePublished":"2024-10-29T06:09:16+00:00","dateModified":"2024-10-29T07:45:07+00:00","description":"Kupte Prednison nyn\u00ed! Origin\u00e1ln\u00ed l\u00e9ky a rychl\u00e9 doru\u010den\u00ed v cen\u011b. 100% diskr\u00e9tn\u00ed a d\u016fv\u011brn\u00fd servis pro v\u0161echny na\u0161e z\u00e1kazn\u00edky na Eurorxdrugs","breadcrumb":{"@id":"https:\/\/eurorxdrugs.cc\/cs\/product\/prednison\/#breadcrumb"},"inLanguage":"cs","potentialAction":[{"@type":"ReadAction","target":["https:\/\/eurorxdrugs.cc\/cs\/product\/prednison\/"]}]},{"@type":"BreadcrumbList","@id":"https:\/\/eurorxdrugs.cc\/cs\/product\/prednison\/#breadcrumb","itemListElement":[{"@type":"ListItem","position":1,"name":"Home","item":"https:\/\/eurorxdrugs.cc\/cs\/"},{"@type":"ListItem","position":2,"name":"Products","item":"https:\/\/eurorxdrugs.cc\/cs\/shop\/"},{"@type":"ListItem","position":3,"name":"Prednison"}]},{"@type":"WebSite","@id":"https:\/\/eurorxdrugs.cc\/cs\/#website","url":"https:\/\/eurorxdrugs.cc\/cs\/","name":"eurorxdrugs","description":"","publisher":{"@id":"https:\/\/eurorxdrugs.cc\/cs\/#organization"},"potentialAction":[{"@type":"SearchAction","target":{"@type":"EntryPoint","urlTemplate":"https:\/\/eurorxdrugs.cc\/cs\/?s={search_term_string}"},"query-input":"required name=search_term_string"}],"inLanguage":"cs"},{"@type":"Organization","@id":"https:\/\/eurorxdrugs.cc\/cs\/#organization","name":"eurorxdrugs","url":"https:\/\/eurorxdrugs.cc\/cs\/","logo":{"@type":"ImageObject","inLanguage":"cs","@id":"https:\/\/eurorxdrugs.cc\/cs\/#\/schema\/logo\/image\/","url":"https:\/\/eurorxdrugs.cc\/cs\/wp-content\/uploads\/2024\/09\/logo-1-1.png","contentUrl":"https:\/\/eurorxdrugs.cc\/cs\/wp-content\/uploads\/2024\/09\/logo-1-1.png","width":233,"height":54,"caption":"eurorxdrugs"},"image":{"@id":"https:\/\/eurorxdrugs.cc\/cs\/#\/schema\/logo\/image\/"}}]}},"_links":{"self":[{"href":"https:\/\/eurorxdrugs.cc\/cs\/wp-json\/wp\/v2\/product\/4628","targetHints":{"allow":["GET"]}}],"collection":[{"href":"https:\/\/eurorxdrugs.cc\/cs\/wp-json\/wp\/v2\/product"}],"about":[{"href":"https:\/\/eurorxdrugs.cc\/cs\/wp-json\/wp\/v2\/types\/product"}],"replies":[{"embeddable":true,"href":"https:\/\/eurorxdrugs.cc\/cs\/wp-json\/wp\/v2\/comments?post=4628"}],"wp:featuredmedia":[{"embeddable":true,"href":"https:\/\/eurorxdrugs.cc\/cs\/wp-json\/wp\/v2\/media\/4629"}],"wp:attachment":[{"href":"https:\/\/eurorxdrugs.cc\/cs\/wp-json\/wp\/v2\/media?parent=4628"}],"wp:term":[{"taxonomy":"product_cat","embeddable":true,"href":"https:\/\/eurorxdrugs.cc\/cs\/wp-json\/wp\/v2\/product_cat?post=4628"},{"taxonomy":"product_tag","embeddable":true,"href":"https:\/\/eurorxdrugs.cc\/cs\/wp-json\/wp\/v2\/product_tag?post=4628"}],"curies":[{"name":"wp","href":"https:\/\/api.w.org\/{rel}","templated":true}]}}