{"id":4666,"date":"2024-10-29T07:49:12","date_gmt":"2024-10-29T07:49:12","guid":{"rendered":"https:\/\/eurorxdrugs.cc\/cs\/?post_type=product&#038;p=4666"},"modified":"2024-10-29T10:29:32","modified_gmt":"2024-10-29T10:29:32","slug":"ventolin-generic","status":"publish","type":"product","link":"https:\/\/eurorxdrugs.cc\/cs\/product\/ventolin-generic\/","title":{"rendered":"Ventolin Generic"},"content":{"rendered":"<p>Allgemeine Anwendung<br \/>\n        Ventolin (Salbutamol) ist ein selektiver beta2-adrenerger Rezeptoragonist. Seine therapeutische Dosierung weist Wechselwirkungen mit beta2-adrenergen Rezeptoren in den Muskeln der Bronchen auf. Nach der Inhalation von 10-20% der angewendeten Dosis werden die unteren Atemwege erreicht. Das Medikament f\u00e4ngt 4-5 Minuten nach der Inhalation an zu wirken und wirkt 4-6 Stunden lang. Ventolin wird verwendet, um Symptome von Asthma zu lindern und um Patienten mit chronischer obstruktiver Bronchitis zu behandeln.<\/p>\n<p>Dosierung und Anwendungsgebiet<br \/>\n        Nehmen Sie das Medikament nicht \u00f6fter ein als es Ihnen verschrieben wurde. Die \u00fcbliche Anfangsdosis zum Inhalieren betr\u00e4gt 2.5 mg, welche sp\u00e4ter bis hin zu 5 mg erh\u00f6ht werden kann. The Inhalationsl\u00f6sung muss vor miktobiellen Kontamination gesch\u00fctzt werden, welche sich in den Schleimh\u00e4uten ausbreiten kann. Verwenden Sie bei jedem \u00d6ffnen der Flasche ordnungsgem\u00e4\u00dfe Techniken. Vermeiden Sie s\u00e4mtlichen Kontakt der Tropferspitze mit jeglicher Oberfl\u00e4che. Wenden Sie die L\u00f6sung nicht mehr an, wenn sich Ihre Farbe \u00e4ndert oder sie tr\u00fcbe wird.<\/p>\n<p>Vorsichtsma\u00dfnahmen<br \/>\n        Wenn Sie bemerken, dass Ihre Symptome sich nicht verbessern oder sich gar verschlechtern, suchen Sie Ihren Arzt auf. Die Einnahme anderer zu inhalierenden und asthmanehandelnden Medikamente sollte nur nach der Empfehlung Ihres Arztes erfolgen. Informieren Sie Ihren Arzt \u00fcber s\u00e4mtliche Allergien, die Sie in der Anamnese und in der Vergangenheit hatten, genauso wie \u00fcber Diabetes, Herz-Kreislauf-Erkrankungen, Herz-Rhythmusst\u00f6rungen, Hypertonie, Hyperthyreose, Hypokali\u00e4mie und Krampfanf\u00e4lle.<\/p>\n<p>Kontraindikationen<br \/>\n        Patienten mit einer \u00fcberempfindlichen Reaktion auf die Komponenten des Medikaments, wenn auch in der Anamnese, ist Ventolin untersagt.<\/p>\n<p>M\u00f6gliche Nebenwirkungen<br \/>\nZu den \u00fcblichsten Nebenwirkungen des Medikaments z\u00e4hlen unter anderem:<br \/>\n\u2022\tZittern der Beine,<br \/>\n\u2022\tArme,<br \/>\n\u2022\tH\u00e4nde order F\u00fc\u00dfe,<br \/>\n\u2022\tZittern oder Sch\u00fctteln der H\u00e4nde oder der F\u00fc\u00dfe. <\/p>\n<p>Zu selteneren Nebenwirkungen z\u00e4hlen:<br \/>\n\u2022\tschneller, unregelm\u00e4\u00dfiger, pochender oder rasender Herzschlag, beziehungsweise Puls,<br \/>\n\u2022\tHerzflattern,<br \/>\n\u2022\tBrustschmerzen,<br \/>\n\u2022\tschneller Herzschlag und Zittrigkeit oder Nervosit\u00e4t.<\/p>\n<p>Wechselwirkung<br \/>\n        Ventolin kann nicht in Kombination mit anderen kurzwirkenden sympathomimetischen Aerosolbronchodilatatoren eingenommen werden, beziehungsweise sollte nur mit Vorsicht angewendet werden, um sch\u00e4dliche kardiovaskul\u00e4re Wirkungen zu vermeiden. Die gleichzeitige Anwendung mit Monoamineoxidase-Hemmern (MAO-Hemmer) oder trizyklischen Antidepressiva ist untersagt. Sie sollten erst zwei Wochen nach dem Ende der Behandlung mit Ventolin eingenommen werden. Beta-adrenerge Rezeptoren, die andere Mittel blockieren, sind dazu im Stande, starke Bronchospasmen bei Patienten mit Asthma zu verursachen und k\u00f6nnten beim Hemmen von pulmonarer Wirkung von Beta-Agonisten (Ventolin) eingreifen. Beta-Agonisten k\u00f6nnen durch kaliumnichtsparende Diuretika verursachte Hypokali\u00e4mie verschlimmern (so wie zum Beispiel Schleifen- oder Thiaziddiuretika). Ventolin verringert den Serumgehalt von Digoxin.<\/p>\n<p>Verpasste Dosis<br \/>\n        Wenn Sie Ihre Dosis vergessen haben, sollten Sie diese so schnell wie m\u00f6glich nachholen. Wenn Sie bemerken, dass die Zeit der n\u00e4chsten Dosis fast gekommen ist, dann setzen sie eine Dosis aus. Erh\u00f6hen Sie niemals Ihre empfohlene Dosis. Nehmen Sie Ihre \u00fcbliche Dosis am n\u00e4chsten Tag zur gleichen Zeit.<\/p>\n<p>\u00dcberdosierung<br \/>\n        Vor\u00fcbergehende \u00c4nderungen, die durch beta2-adrenerge Rezeptoragonisten induziert wurden, so wie zum Beispiel Tachykardie, Zittrigkeiten oder Kopfschmerzen sind typische Symptome einer \u00dcberdosierung. Schwere Hypokali\u00e4mie kann ebenfalls als Resultat einer Ventolin-\u00dcberdosierung stattfinden.<\/p>\n<p>Lagerung<br \/>\n        Lagern Sie das Medikament bei Raumtemperaturen, trocken, vor Licht, Kinder und Haustieren gesch\u00fctzt. Am besten in einem dichten Beh\u00e4lter aufbewahren.<\/p>\n","protected":false},"excerpt":{"rendered":"<p>Handelsname: Ventolin<br \/>\nWirkstoff: Albuterol<br \/>\nProduktionsform: Pillen<br \/>\nAnwendungsgebiet: Zur Linderung von Asthmasymptomen und zur Behandlung von Patienten mit chronisch obstruktiver Bronchitis. Es entspannt die Muskeln der Bronchien und erweitert die Atemwege<br \/>\nVerf\u00fcgbare Dosierungen: 2 mg, 4 mg<\/p>\n","protected":false},"featured_media":4667,"comment_status":"open","ping_status":"closed","template":"","meta":[],"product_cat":[97],"product_tag":[],"class_list":{"0":"post-4666","1":"product","2":"type-product","3":"status-publish","4":"has-post-thumbnail","6":"product_cat-antiasthmatika","8":"first","9":"instock","10":"shipping-taxable","11":"product-type-grouped"},"yoast_head":"<!-- This site is optimized with the Yoast SEO plugin v20.0 - https:\/\/yoast.com\/wordpress\/plugins\/seo\/ -->\n<title>Objednejte Ventolin Generic bez receptu za n\u00edzkou cenu | Eurorxdrugs<\/title>\n<meta name=\"description\" content=\"Kupte Ventolin Generic nyn\u00ed! Origin\u00e1ln\u00ed l\u00e9ky a rychl\u00e9 doru\u010den\u00ed v cen\u011b. 100% diskr\u00e9tn\u00ed a d\u016fv\u011brn\u00fd servis pro v\u0161echny na\u0161e z\u00e1kazn\u00edky na Eurorxdrugs\" \/>\n<meta name=\"robots\" content=\"index, follow, max-snippet:-1, max-image-preview:large, max-video-preview:-1\" \/>\n<link rel=\"canonical\" href=\"https:\/\/eurorxdrugs.cc\/cs\/product\/ventolin-generic\/\" \/>\n<meta property=\"og:locale\" content=\"cs_CZ\" \/>\n<meta property=\"og:type\" content=\"article\" \/>\n<meta property=\"og:title\" content=\"Objednejte Ventolin Generic bez receptu za n\u00edzkou cenu | Eurorxdrugs\" \/>\n<meta property=\"og:description\" content=\"Kupte Ventolin Generic nyn\u00ed! Origin\u00e1ln\u00ed l\u00e9ky a rychl\u00e9 doru\u010den\u00ed v cen\u011b. 100% diskr\u00e9tn\u00ed a d\u016fv\u011brn\u00fd servis pro v\u0161echny na\u0161e z\u00e1kazn\u00edky na Eurorxdrugs\" \/>\n<meta property=\"og:url\" content=\"https:\/\/eurorxdrugs.cc\/cs\/product\/ventolin-generic\/\" \/>\n<meta property=\"og:site_name\" content=\"eurorxdrugs\" \/>\n<meta property=\"article:modified_time\" content=\"2024-10-29T10:29:32+00:00\" \/>\n<meta property=\"og:image\" content=\"https:\/\/eurorxdrugs.cc\/cs\/wp-content\/uploads\/2024\/10\/370-min.jpg\" \/>\n\t<meta property=\"og:image:width\" content=\"270\" \/>\n\t<meta property=\"og:image:height\" content=\"300\" \/>\n\t<meta property=\"og:image:type\" content=\"image\/jpeg\" \/>\n<meta name=\"twitter:card\" content=\"summary_large_image\" \/>\n<meta name=\"twitter:label1\" content=\"Odhadovan\u00e1 doba \u010dten\u00ed\" \/>\n\t<meta name=\"twitter:data1\" content=\"3 minuty\" \/>\n<script type=\"application\/ld+json\" class=\"yoast-schema-graph\">{\"@context\":\"https:\/\/schema.org\",\"@graph\":[{\"@type\":\"WebPage\",\"@id\":\"https:\/\/eurorxdrugs.cc\/cs\/product\/ventolin-generic\/\",\"url\":\"https:\/\/eurorxdrugs.cc\/cs\/product\/ventolin-generic\/\",\"name\":\"Objednejte Ventolin Generic bez receptu za n\u00edzkou cenu | Eurorxdrugs\",\"isPartOf\":{\"@id\":\"https:\/\/eurorxdrugs.cc\/cs\/#website\"},\"datePublished\":\"2024-10-29T07:49:12+00:00\",\"dateModified\":\"2024-10-29T10:29:32+00:00\",\"description\":\"Kupte Ventolin Generic nyn\u00ed! Origin\u00e1ln\u00ed l\u00e9ky a rychl\u00e9 doru\u010den\u00ed v cen\u011b. 100% diskr\u00e9tn\u00ed a d\u016fv\u011brn\u00fd servis pro v\u0161echny na\u0161e z\u00e1kazn\u00edky na Eurorxdrugs\",\"breadcrumb\":{\"@id\":\"https:\/\/eurorxdrugs.cc\/cs\/product\/ventolin-generic\/#breadcrumb\"},\"inLanguage\":\"cs\",\"potentialAction\":[{\"@type\":\"ReadAction\",\"target\":[\"https:\/\/eurorxdrugs.cc\/cs\/product\/ventolin-generic\/\"]}]},{\"@type\":\"BreadcrumbList\",\"@id\":\"https:\/\/eurorxdrugs.cc\/cs\/product\/ventolin-generic\/#breadcrumb\",\"itemListElement\":[{\"@type\":\"ListItem\",\"position\":1,\"name\":\"Home\",\"item\":\"https:\/\/eurorxdrugs.cc\/cs\/\"},{\"@type\":\"ListItem\",\"position\":2,\"name\":\"Products\",\"item\":\"https:\/\/eurorxdrugs.cc\/cs\/shop\/\"},{\"@type\":\"ListItem\",\"position\":3,\"name\":\"Ventolin Generic\"}]},{\"@type\":\"WebSite\",\"@id\":\"https:\/\/eurorxdrugs.cc\/cs\/#website\",\"url\":\"https:\/\/eurorxdrugs.cc\/cs\/\",\"name\":\"eurorxdrugs\",\"description\":\"\",\"publisher\":{\"@id\":\"https:\/\/eurorxdrugs.cc\/cs\/#organization\"},\"potentialAction\":[{\"@type\":\"SearchAction\",\"target\":{\"@type\":\"EntryPoint\",\"urlTemplate\":\"https:\/\/eurorxdrugs.cc\/cs\/?s={search_term_string}\"},\"query-input\":\"required name=search_term_string\"}],\"inLanguage\":\"cs\"},{\"@type\":\"Organization\",\"@id\":\"https:\/\/eurorxdrugs.cc\/cs\/#organization\",\"name\":\"eurorxdrugs\",\"url\":\"https:\/\/eurorxdrugs.cc\/cs\/\",\"logo\":{\"@type\":\"ImageObject\",\"inLanguage\":\"cs\",\"@id\":\"https:\/\/eurorxdrugs.cc\/cs\/#\/schema\/logo\/image\/\",\"url\":\"https:\/\/eurorxdrugs.cc\/cs\/wp-content\/uploads\/2024\/09\/logo-1-1.png\",\"contentUrl\":\"https:\/\/eurorxdrugs.cc\/cs\/wp-content\/uploads\/2024\/09\/logo-1-1.png\",\"width\":233,\"height\":54,\"caption\":\"eurorxdrugs\"},\"image\":{\"@id\":\"https:\/\/eurorxdrugs.cc\/cs\/#\/schema\/logo\/image\/\"}}]}<\/script>\n<!-- \/ Yoast SEO plugin. -->","yoast_head_json":{"title":"Objednejte Ventolin Generic bez receptu za n\u00edzkou cenu | Eurorxdrugs","description":"Kupte Ventolin Generic nyn\u00ed! Origin\u00e1ln\u00ed l\u00e9ky a rychl\u00e9 doru\u010den\u00ed v cen\u011b. 100% diskr\u00e9tn\u00ed a d\u016fv\u011brn\u00fd servis pro v\u0161echny na\u0161e z\u00e1kazn\u00edky na Eurorxdrugs","robots":{"index":"index","follow":"follow","max-snippet":"max-snippet:-1","max-image-preview":"max-image-preview:large","max-video-preview":"max-video-preview:-1"},"canonical":"https:\/\/eurorxdrugs.cc\/cs\/product\/ventolin-generic\/","og_locale":"cs_CZ","og_type":"article","og_title":"Objednejte Ventolin Generic bez receptu za n\u00edzkou cenu | Eurorxdrugs","og_description":"Kupte Ventolin Generic nyn\u00ed! Origin\u00e1ln\u00ed l\u00e9ky a rychl\u00e9 doru\u010den\u00ed v cen\u011b. 100% diskr\u00e9tn\u00ed a d\u016fv\u011brn\u00fd servis pro v\u0161echny na\u0161e z\u00e1kazn\u00edky na Eurorxdrugs","og_url":"https:\/\/eurorxdrugs.cc\/cs\/product\/ventolin-generic\/","og_site_name":"eurorxdrugs","article_modified_time":"2024-10-29T10:29:32+00:00","og_image":[{"width":270,"height":300,"url":"https:\/\/eurorxdrugs.cc\/cs\/wp-content\/uploads\/2024\/10\/370-min.jpg","type":"image\/jpeg"}],"twitter_card":"summary_large_image","twitter_misc":{"Odhadovan\u00e1 doba \u010dten\u00ed":"3 minuty"},"schema":{"@context":"https:\/\/schema.org","@graph":[{"@type":"WebPage","@id":"https:\/\/eurorxdrugs.cc\/cs\/product\/ventolin-generic\/","url":"https:\/\/eurorxdrugs.cc\/cs\/product\/ventolin-generic\/","name":"Objednejte Ventolin Generic bez receptu za n\u00edzkou cenu | Eurorxdrugs","isPartOf":{"@id":"https:\/\/eurorxdrugs.cc\/cs\/#website"},"datePublished":"2024-10-29T07:49:12+00:00","dateModified":"2024-10-29T10:29:32+00:00","description":"Kupte Ventolin Generic nyn\u00ed! Origin\u00e1ln\u00ed l\u00e9ky a rychl\u00e9 doru\u010den\u00ed v cen\u011b. 100% diskr\u00e9tn\u00ed a d\u016fv\u011brn\u00fd servis pro v\u0161echny na\u0161e z\u00e1kazn\u00edky na Eurorxdrugs","breadcrumb":{"@id":"https:\/\/eurorxdrugs.cc\/cs\/product\/ventolin-generic\/#breadcrumb"},"inLanguage":"cs","potentialAction":[{"@type":"ReadAction","target":["https:\/\/eurorxdrugs.cc\/cs\/product\/ventolin-generic\/"]}]},{"@type":"BreadcrumbList","@id":"https:\/\/eurorxdrugs.cc\/cs\/product\/ventolin-generic\/#breadcrumb","itemListElement":[{"@type":"ListItem","position":1,"name":"Home","item":"https:\/\/eurorxdrugs.cc\/cs\/"},{"@type":"ListItem","position":2,"name":"Products","item":"https:\/\/eurorxdrugs.cc\/cs\/shop\/"},{"@type":"ListItem","position":3,"name":"Ventolin Generic"}]},{"@type":"WebSite","@id":"https:\/\/eurorxdrugs.cc\/cs\/#website","url":"https:\/\/eurorxdrugs.cc\/cs\/","name":"eurorxdrugs","description":"","publisher":{"@id":"https:\/\/eurorxdrugs.cc\/cs\/#organization"},"potentialAction":[{"@type":"SearchAction","target":{"@type":"EntryPoint","urlTemplate":"https:\/\/eurorxdrugs.cc\/cs\/?s={search_term_string}"},"query-input":"required name=search_term_string"}],"inLanguage":"cs"},{"@type":"Organization","@id":"https:\/\/eurorxdrugs.cc\/cs\/#organization","name":"eurorxdrugs","url":"https:\/\/eurorxdrugs.cc\/cs\/","logo":{"@type":"ImageObject","inLanguage":"cs","@id":"https:\/\/eurorxdrugs.cc\/cs\/#\/schema\/logo\/image\/","url":"https:\/\/eurorxdrugs.cc\/cs\/wp-content\/uploads\/2024\/09\/logo-1-1.png","contentUrl":"https:\/\/eurorxdrugs.cc\/cs\/wp-content\/uploads\/2024\/09\/logo-1-1.png","width":233,"height":54,"caption":"eurorxdrugs"},"image":{"@id":"https:\/\/eurorxdrugs.cc\/cs\/#\/schema\/logo\/image\/"}}]}},"_links":{"self":[{"href":"https:\/\/eurorxdrugs.cc\/cs\/wp-json\/wp\/v2\/product\/4666","targetHints":{"allow":["GET"]}}],"collection":[{"href":"https:\/\/eurorxdrugs.cc\/cs\/wp-json\/wp\/v2\/product"}],"about":[{"href":"https:\/\/eurorxdrugs.cc\/cs\/wp-json\/wp\/v2\/types\/product"}],"replies":[{"embeddable":true,"href":"https:\/\/eurorxdrugs.cc\/cs\/wp-json\/wp\/v2\/comments?post=4666"}],"wp:featuredmedia":[{"embeddable":true,"href":"https:\/\/eurorxdrugs.cc\/cs\/wp-json\/wp\/v2\/media\/4667"}],"wp:attachment":[{"href":"https:\/\/eurorxdrugs.cc\/cs\/wp-json\/wp\/v2\/media?parent=4666"}],"wp:term":[{"taxonomy":"product_cat","embeddable":true,"href":"https:\/\/eurorxdrugs.cc\/cs\/wp-json\/wp\/v2\/product_cat?post=4666"},{"taxonomy":"product_tag","embeddable":true,"href":"https:\/\/eurorxdrugs.cc\/cs\/wp-json\/wp\/v2\/product_tag?post=4666"}],"curies":[{"name":"wp","href":"https:\/\/api.w.org\/{rel}","templated":true}]}}