{"id":4686,"date":"2024-10-29T10:52:09","date_gmt":"2024-10-29T10:52:09","guid":{"rendered":"https:\/\/eurorxdrugs.cc\/cs\/?post_type=product&#038;p=4686"},"modified":"2024-10-29T10:52:09","modified_gmt":"2024-10-29T10:52:09","slug":"vermox-mebendazole","status":"publish","type":"product","link":"https:\/\/eurorxdrugs.cc\/cs\/product\/vermox-mebendazole\/","title":{"rendered":"Vermox (Mebendazole)"},"content":{"rendered":"<p>Allgemeine Anwendung<br \/>\n        Es wird in der Behandlung von Infektionen verwendet, die durch Madenwurm, Peitsche-Wurm, Hakenwurm und Rundwurm verursacht sind. Sein aktives Bauelement medendazole h\u00e4lt W\u00fcrmer davon ab, zu wachsen oder in Ihrem K\u00f6rper zu multiplizieren.<\/p>\n<p>Dosierung und Anwendungsgebiet<br \/>\n        Nehmen Sie Vermox genau, weil er Ihnen von Ihrem Arzt mit einem vollen Glas von Wasser vorgeschrieben wurde.<\/p>\n<p>Vorsichtsma\u00dfnahmen<br \/>\n        Folgen Sie allen Instruktionen Ihres Arztes \u00fcber die Behandlung, W\u00e4sche der W\u00e4sche, Kleidung, und Handt\u00fccher, weil Madenwurm-Infektionen von einer Person zu einem anderen leicht ausgebreitet werden<\/p>\n<p>Kontraindikationen<br \/>\n        Besprechen Sie mit Ihrem Arzt alle Bedingungen, die Sie vor dem Starten haben k\u00f6nnen, Vermox zu nehmen. Es wird nicht empfohlen, die Medizin zu nehmen, wenn Sie schwanger sind oder schwanger w\u00e4hrend der Behandlung werden konnten. Es ist nicht wissen, ob Vermax in Brustmilch geht.         Nehmen Sie es ohne die Probe des Arztes nicht, wenn Sie Stillen sind. Kinder, die j\u00fcnger sind als 2 Jahre, sollten nicht Mebendazole nehmen.<\/p>\n<p>M\u00f6gliche Nebenwirkungen<br \/>\nWenn Sie solche allergischen Reaktionen als:<br \/>\n\u2022\tNesselausschl\u00e4ge;<br \/>\n\u2022\tSchwellung Ihrer Lippen, Zunge;<br \/>\n\u2022\tdes Schlie\u00dfens Ihrer Gurgel;<br \/>\n\u2022\tAtemnot erfahren, medizinische Aufmerksamkeit sofort suchen.<br \/>\n        Auch weniger ernste Nebenwirkungen k\u00f6nnen wie Unterleibsschmerz, Diarrh\u00f6e o Fieber vorkommen. Wenn Sie sie erfahren, gehen weiter nehmen Vermox und erz\u00e4hlen Ihnen Arzt \u00fcber sie.sie.<\/p>\n<p>Wechselwirkung<br \/>\n        Die Effekten von Vermox k\u00f6nnen descreased durch die Medizin f\u00fcr Anf\u00e4lle wie ethotoin (Peganone), phenytoin (Dilantin), mephenytoin (Mesantoin), und carbamazepine (Tegretol) sein.<br \/>\n        Besprechen Sie mit Ihrem Arzt vor der Einnahme irgendwelcher schrieb vor oder die \u00fcber Gegenmedizin, einschlie\u00dflich Vitamine, Minerale, und Kr\u00e4uterprodukte.<\/p>\n<p>Verpasste Dosis<br \/>\n        Wenn Sie eine Dosis verpassen, verwenden Sie es, sobald Sie sich erinnern. Wenn es in der N\u00e4he von der Zeit der folgenden Dosis ist, lassen Sie die verpasste Dosis aus und setzen Sie Ihre \u00fcbliche Dosieren-Liste fort. Verdoppeln Sie die Dosis nicht, um aufzuholen.<\/p>\n<p>\u00dcberdosierung<br \/>\n        Symptome von einer Vermox \u00dcberdosis sind Emesis, Brechreiz, Diarrh\u00f6e, Unterleibsschmerz. Suchen Sie medizinische Aufmerksamkeit sofort, wenn \u00dcberdosis verd\u00e4chtigt wird.<\/p>\n<p>Lagerung<br \/>\n        Lager bei der Raumtemperatur unter 86 Graden F (30 Grade C) weg vom Licht und der Feuchtigkeit. Lagern Sie im Badezimmer nicht. Behalten Sie alle Arzneimittel weg von Kindern und Haustieren.<\/p>\n","protected":false},"excerpt":{"rendered":"<p>Handelsname: Vermox<br \/>\nWirkstoff: Mebendazole<br \/>\nProduktionsform: Pillen<br \/>\nAnwendungsgebiet: Zur Behandlung von Infektionen durch Madenw\u00fcrmer, Peitschenw\u00fcrmer, Hakenw\u00fcrmer und Rundw\u00fcrmer<br \/>\nVerf\u00fcgbare Dosierungen: 100mg<\/p>\n","protected":false},"featured_media":4687,"comment_status":"open","ping_status":"closed","template":"","meta":[],"product_cat":[23],"product_tag":[],"class_list":{"0":"post-4686","1":"product","2":"type-product","3":"status-publish","4":"has-post-thumbnail","6":"product_cat-anti-viral","8":"first","9":"instock","10":"shipping-taxable","11":"product-type-simple"},"yoast_head":"<!-- This site is optimized with the Yoast SEO plugin v20.0 - https:\/\/yoast.com\/wordpress\/plugins\/seo\/ -->\n<title>Objednejte Vermox (Mebendazole) bez receptu za n\u00edzkou cenu | Eurorxdrugs<\/title>\n<meta name=\"description\" content=\"Kupte Vermox (Mebendazole) nyn\u00ed! Origin\u00e1ln\u00ed l\u00e9ky a rychl\u00e9 doru\u010den\u00ed v cen\u011b. 100% diskr\u00e9tn\u00ed a d\u016fv\u011brn\u00fd servis pro v\u0161echny na\u0161e z\u00e1kazn\u00edky na Eurorxdrugs\" \/>\n<meta name=\"robots\" content=\"index, follow, max-snippet:-1, max-image-preview:large, max-video-preview:-1\" \/>\n<link rel=\"canonical\" href=\"https:\/\/eurorxdrugs.cc\/cs\/product\/vermox-mebendazole\/\" \/>\n<meta property=\"og:locale\" content=\"cs_CZ\" \/>\n<meta property=\"og:type\" content=\"article\" \/>\n<meta property=\"og:title\" content=\"Objednejte Vermox (Mebendazole) bez receptu za n\u00edzkou cenu | Eurorxdrugs\" \/>\n<meta property=\"og:description\" content=\"Kupte Vermox (Mebendazole) nyn\u00ed! Origin\u00e1ln\u00ed l\u00e9ky a rychl\u00e9 doru\u010den\u00ed v cen\u011b. 100% diskr\u00e9tn\u00ed a d\u016fv\u011brn\u00fd servis pro v\u0161echny na\u0161e z\u00e1kazn\u00edky na Eurorxdrugs\" \/>\n<meta property=\"og:url\" content=\"https:\/\/eurorxdrugs.cc\/cs\/product\/vermox-mebendazole\/\" \/>\n<meta property=\"og:site_name\" content=\"eurorxdrugs\" \/>\n<meta property=\"og:image\" content=\"https:\/\/eurorxdrugs.cc\/cs\/wp-content\/uploads\/2024\/10\/219-min.jpg\" \/>\n\t<meta property=\"og:image:width\" content=\"270\" \/>\n\t<meta property=\"og:image:height\" content=\"300\" \/>\n\t<meta property=\"og:image:type\" content=\"image\/jpeg\" \/>\n<meta name=\"twitter:card\" content=\"summary_large_image\" \/>\n<meta name=\"twitter:label1\" content=\"Odhadovan\u00e1 doba \u010dten\u00ed\" \/>\n\t<meta name=\"twitter:data1\" content=\"1 minuta\" \/>\n<script type=\"application\/ld+json\" class=\"yoast-schema-graph\">{\"@context\":\"https:\/\/schema.org\",\"@graph\":[{\"@type\":\"WebPage\",\"@id\":\"https:\/\/eurorxdrugs.cc\/cs\/product\/vermox-mebendazole\/\",\"url\":\"https:\/\/eurorxdrugs.cc\/cs\/product\/vermox-mebendazole\/\",\"name\":\"Objednejte Vermox (Mebendazole) bez receptu za n\u00edzkou cenu | Eurorxdrugs\",\"isPartOf\":{\"@id\":\"https:\/\/eurorxdrugs.cc\/cs\/#website\"},\"datePublished\":\"2024-10-29T10:52:09+00:00\",\"dateModified\":\"2024-10-29T10:52:09+00:00\",\"description\":\"Kupte Vermox (Mebendazole) nyn\u00ed! Origin\u00e1ln\u00ed l\u00e9ky a rychl\u00e9 doru\u010den\u00ed v cen\u011b. 100% diskr\u00e9tn\u00ed a d\u016fv\u011brn\u00fd servis pro v\u0161echny na\u0161e z\u00e1kazn\u00edky na Eurorxdrugs\",\"breadcrumb\":{\"@id\":\"https:\/\/eurorxdrugs.cc\/cs\/product\/vermox-mebendazole\/#breadcrumb\"},\"inLanguage\":\"cs\",\"potentialAction\":[{\"@type\":\"ReadAction\",\"target\":[\"https:\/\/eurorxdrugs.cc\/cs\/product\/vermox-mebendazole\/\"]}]},{\"@type\":\"BreadcrumbList\",\"@id\":\"https:\/\/eurorxdrugs.cc\/cs\/product\/vermox-mebendazole\/#breadcrumb\",\"itemListElement\":[{\"@type\":\"ListItem\",\"position\":1,\"name\":\"Home\",\"item\":\"https:\/\/eurorxdrugs.cc\/cs\/\"},{\"@type\":\"ListItem\",\"position\":2,\"name\":\"Products\",\"item\":\"https:\/\/eurorxdrugs.cc\/cs\/shop\/\"},{\"@type\":\"ListItem\",\"position\":3,\"name\":\"Vermox (Mebendazole)\"}]},{\"@type\":\"WebSite\",\"@id\":\"https:\/\/eurorxdrugs.cc\/cs\/#website\",\"url\":\"https:\/\/eurorxdrugs.cc\/cs\/\",\"name\":\"eurorxdrugs\",\"description\":\"\",\"publisher\":{\"@id\":\"https:\/\/eurorxdrugs.cc\/cs\/#organization\"},\"potentialAction\":[{\"@type\":\"SearchAction\",\"target\":{\"@type\":\"EntryPoint\",\"urlTemplate\":\"https:\/\/eurorxdrugs.cc\/cs\/?s={search_term_string}\"},\"query-input\":\"required name=search_term_string\"}],\"inLanguage\":\"cs\"},{\"@type\":\"Organization\",\"@id\":\"https:\/\/eurorxdrugs.cc\/cs\/#organization\",\"name\":\"eurorxdrugs\",\"url\":\"https:\/\/eurorxdrugs.cc\/cs\/\",\"logo\":{\"@type\":\"ImageObject\",\"inLanguage\":\"cs\",\"@id\":\"https:\/\/eurorxdrugs.cc\/cs\/#\/schema\/logo\/image\/\",\"url\":\"https:\/\/eurorxdrugs.cc\/cs\/wp-content\/uploads\/2024\/09\/logo-1-1.png\",\"contentUrl\":\"https:\/\/eurorxdrugs.cc\/cs\/wp-content\/uploads\/2024\/09\/logo-1-1.png\",\"width\":233,\"height\":54,\"caption\":\"eurorxdrugs\"},\"image\":{\"@id\":\"https:\/\/eurorxdrugs.cc\/cs\/#\/schema\/logo\/image\/\"}}]}<\/script>\n<!-- \/ Yoast SEO plugin. -->","yoast_head_json":{"title":"Objednejte Vermox (Mebendazole) bez receptu za n\u00edzkou cenu | Eurorxdrugs","description":"Kupte Vermox (Mebendazole) nyn\u00ed! Origin\u00e1ln\u00ed l\u00e9ky a rychl\u00e9 doru\u010den\u00ed v cen\u011b. 100% diskr\u00e9tn\u00ed a d\u016fv\u011brn\u00fd servis pro v\u0161echny na\u0161e z\u00e1kazn\u00edky na Eurorxdrugs","robots":{"index":"index","follow":"follow","max-snippet":"max-snippet:-1","max-image-preview":"max-image-preview:large","max-video-preview":"max-video-preview:-1"},"canonical":"https:\/\/eurorxdrugs.cc\/cs\/product\/vermox-mebendazole\/","og_locale":"cs_CZ","og_type":"article","og_title":"Objednejte Vermox (Mebendazole) bez receptu za n\u00edzkou cenu | Eurorxdrugs","og_description":"Kupte Vermox (Mebendazole) nyn\u00ed! Origin\u00e1ln\u00ed l\u00e9ky a rychl\u00e9 doru\u010den\u00ed v cen\u011b. 100% diskr\u00e9tn\u00ed a d\u016fv\u011brn\u00fd servis pro v\u0161echny na\u0161e z\u00e1kazn\u00edky na Eurorxdrugs","og_url":"https:\/\/eurorxdrugs.cc\/cs\/product\/vermox-mebendazole\/","og_site_name":"eurorxdrugs","og_image":[{"width":270,"height":300,"url":"https:\/\/eurorxdrugs.cc\/cs\/wp-content\/uploads\/2024\/10\/219-min.jpg","type":"image\/jpeg"}],"twitter_card":"summary_large_image","twitter_misc":{"Odhadovan\u00e1 doba \u010dten\u00ed":"1 minuta"},"schema":{"@context":"https:\/\/schema.org","@graph":[{"@type":"WebPage","@id":"https:\/\/eurorxdrugs.cc\/cs\/product\/vermox-mebendazole\/","url":"https:\/\/eurorxdrugs.cc\/cs\/product\/vermox-mebendazole\/","name":"Objednejte Vermox (Mebendazole) bez receptu za n\u00edzkou cenu | Eurorxdrugs","isPartOf":{"@id":"https:\/\/eurorxdrugs.cc\/cs\/#website"},"datePublished":"2024-10-29T10:52:09+00:00","dateModified":"2024-10-29T10:52:09+00:00","description":"Kupte Vermox (Mebendazole) nyn\u00ed! Origin\u00e1ln\u00ed l\u00e9ky a rychl\u00e9 doru\u010den\u00ed v cen\u011b. 100% diskr\u00e9tn\u00ed a d\u016fv\u011brn\u00fd servis pro v\u0161echny na\u0161e z\u00e1kazn\u00edky na Eurorxdrugs","breadcrumb":{"@id":"https:\/\/eurorxdrugs.cc\/cs\/product\/vermox-mebendazole\/#breadcrumb"},"inLanguage":"cs","potentialAction":[{"@type":"ReadAction","target":["https:\/\/eurorxdrugs.cc\/cs\/product\/vermox-mebendazole\/"]}]},{"@type":"BreadcrumbList","@id":"https:\/\/eurorxdrugs.cc\/cs\/product\/vermox-mebendazole\/#breadcrumb","itemListElement":[{"@type":"ListItem","position":1,"name":"Home","item":"https:\/\/eurorxdrugs.cc\/cs\/"},{"@type":"ListItem","position":2,"name":"Products","item":"https:\/\/eurorxdrugs.cc\/cs\/shop\/"},{"@type":"ListItem","position":3,"name":"Vermox (Mebendazole)"}]},{"@type":"WebSite","@id":"https:\/\/eurorxdrugs.cc\/cs\/#website","url":"https:\/\/eurorxdrugs.cc\/cs\/","name":"eurorxdrugs","description":"","publisher":{"@id":"https:\/\/eurorxdrugs.cc\/cs\/#organization"},"potentialAction":[{"@type":"SearchAction","target":{"@type":"EntryPoint","urlTemplate":"https:\/\/eurorxdrugs.cc\/cs\/?s={search_term_string}"},"query-input":"required name=search_term_string"}],"inLanguage":"cs"},{"@type":"Organization","@id":"https:\/\/eurorxdrugs.cc\/cs\/#organization","name":"eurorxdrugs","url":"https:\/\/eurorxdrugs.cc\/cs\/","logo":{"@type":"ImageObject","inLanguage":"cs","@id":"https:\/\/eurorxdrugs.cc\/cs\/#\/schema\/logo\/image\/","url":"https:\/\/eurorxdrugs.cc\/cs\/wp-content\/uploads\/2024\/09\/logo-1-1.png","contentUrl":"https:\/\/eurorxdrugs.cc\/cs\/wp-content\/uploads\/2024\/09\/logo-1-1.png","width":233,"height":54,"caption":"eurorxdrugs"},"image":{"@id":"https:\/\/eurorxdrugs.cc\/cs\/#\/schema\/logo\/image\/"}}]}},"_links":{"self":[{"href":"https:\/\/eurorxdrugs.cc\/cs\/wp-json\/wp\/v2\/product\/4686","targetHints":{"allow":["GET"]}}],"collection":[{"href":"https:\/\/eurorxdrugs.cc\/cs\/wp-json\/wp\/v2\/product"}],"about":[{"href":"https:\/\/eurorxdrugs.cc\/cs\/wp-json\/wp\/v2\/types\/product"}],"replies":[{"embeddable":true,"href":"https:\/\/eurorxdrugs.cc\/cs\/wp-json\/wp\/v2\/comments?post=4686"}],"wp:featuredmedia":[{"embeddable":true,"href":"https:\/\/eurorxdrugs.cc\/cs\/wp-json\/wp\/v2\/media\/4687"}],"wp:attachment":[{"href":"https:\/\/eurorxdrugs.cc\/cs\/wp-json\/wp\/v2\/media?parent=4686"}],"wp:term":[{"taxonomy":"product_cat","embeddable":true,"href":"https:\/\/eurorxdrugs.cc\/cs\/wp-json\/wp\/v2\/product_cat?post=4686"},{"taxonomy":"product_tag","embeddable":true,"href":"https:\/\/eurorxdrugs.cc\/cs\/wp-json\/wp\/v2\/product_tag?post=4686"}],"curies":[{"name":"wp","href":"https:\/\/api.w.org\/{rel}","templated":true}]}}