{"id":4690,"date":"2024-10-31T06:05:51","date_gmt":"2024-10-31T06:05:51","guid":{"rendered":"https:\/\/eurorxdrugs.cc\/cs\/?post_type=product&#038;p=4690"},"modified":"2024-10-31T08:01:18","modified_gmt":"2024-10-31T08:01:18","slug":"plaquenil-generic","status":"publish","type":"product","link":"https:\/\/eurorxdrugs.cc\/cs\/product\/plaquenil-generic\/","title":{"rendered":"Plaquenil Generic"},"content":{"rendered":"<p>Beschreibung<br \/>\n\u00dcbliche Anwendung<br \/>\n        Plaquenil, auch bekannt als Hydroxychloroquin, ist ein Medikament, das einige verschiedene Anwendungsm\u00f6glichkeiten hat, um bei bestimmten Krankheiten zu helfen und mit ihnen umzugehen. Einer der h\u00e4ufigsten Verwendungszwecke f\u00fcr dieses Medikament ist die Behandlung und Pr\u00e4vention von Malaria. \u00c4rztinnen und \u00c4rzte k\u00f6nnen empfehlen, dass diejenigen, die Gebieten ausgesetzt sind, in denen die Wahrscheinlichkeit einer Malariaerkrankung h\u00f6her ist, Plaquenil einnehmen, bevor sie diesen Gebieten ausgesetzt werden.<\/p>\n<p>        Dar\u00fcber hinaus wird Plaquenil auch zur Unterst\u00fctzung und Behandlung von Autoimmunkrankheiten wie Lupus und Arthritis eingesetzt. Dieses Medikament ist bekannt als ein krankheitsmodifizierendes Medikament, das mit dem K\u00f6rper zusammenarbeitet, um bestimmte Symptome von Autoimmunerkrankungen zu lindern.<\/p>\n<p>Dosierung und Anwendung<br \/>\n        Plaquenil wird am h\u00e4ufigsten in Form einer Tablette zu finden sein. Diese Tabletten werden oft in Gr\u00f6\u00dfen von 200 mg in Portionsgr\u00f6\u00dfen verabreicht. Plaquenil \u00e4hnelt den meisten anderen Pillen sowohl in der Gr\u00f6\u00dfe als auch in der wei\u00dfen Farbe und sollte an der Seite mit dem Namen des Medikaments beschriftet sein.<\/p>\n<p>        Was die Dosierung anbelangt, so h\u00e4ngt die Menge der Tabletten, die Sie einnehmen m\u00fcssen, von Ihnen und dem, was behandelt wird, ab. Manche Menschen brauchen, um die notwendige Wirkung zu erzielen, vielleicht nur eine Tablette pro Woche oral mit Nahrung oder Milch einzunehmen.<\/p>\n<p>Vorsichtsma\u00dfnahmen<br \/>\n        Trotz des breiten Spektrums an Vorteilen, die dieses Medikament bietet, m\u00fcssen, bevor man mit der Einnahme des Medikaments beginnt, einige Vorsichtsma\u00dfnahmen getroffen werden. Dies gilt insbesondere f\u00fcr Personen, die an gastrointestinalen, kardiovaskul\u00e4ren oder neurologischen Problemen leiden.<\/p>\n<p>        Patienten mit einer Vorgeschichte von Nierenproblemen und Problemen, die das Blut betreffen, sollten bei der Einnahme dieses Medikaments Vorsicht walten lassen, da es, wenn der K\u00f6rper schlecht auf das Medikament reagiert, Probleme wie An\u00e4mie ausl\u00f6sen kann. Diese Medikamente sind sehr gef\u00e4hrlich, wenn sie in die H\u00e4nde von Kindern gelangen. Stillende M\u00fctter und Menschen mit Kindern m\u00fcssen sich daher der Risiken bewusst sein, die dieses Medikament f\u00fcr j\u00fcngere Kinder birgt.<\/p>\n<p>Kontraindikationen<br \/>\n        Die Verwendung von Plaquenil wird, wenn es bei Patienten eingesetzt wird, die empfindlicher auf Wirkstoffe, die 4-Aminochinoline enthalten, reagieren, als Kontraindikation angesehen. Es gibt eine Kontraindikation bei Kleinkindern und solchen, die noch von ihren M\u00fcttern gestillt werden, da sie viel empfindlicher sind als \u00e4ltere Menschen, wenn sie 4-Aminochinolinen ausgesetzt sind.<\/p>\n<p>        In \u00e4hnlicher Weise wie j\u00fcngere Patienten m\u00fcssen sich \u00e4ltere Patienten, die die Einnahme dieses Medikaments in Betracht ziehen, bewusst sein, dass es ein Risiko f\u00fcr ihren K\u00f6rper darstellen kann. Bei \u00e4lteren Patienten ist es wahrscheinlicher, dass ihr Immunsystem geschw\u00e4cht und weniger in der Lage ist, mit den m\u00f6glichen Nebenwirkungen, die das Medikament hervorruft, umzugehen.<\/p>\n<p>M\u00f6gliche Nebenwirkung<br \/>\n        Die Nebenwirkungen im Zusammenhang mit der Anwendung von Plaquenil sind sehr unterschiedlich, da sie bei Menschen mit einzigartigen zugrunde liegenden Problemen oft in verschiedenen Formen auftreten. Bei Menschen mit Herzproblemen k\u00f6nnen die Nebenwirkungen dieses Medikaments in seltenen F\u00e4llen Herzversagen, die zum Tod f\u00fchren k\u00f6nnen, umfassen. In \u00e4hnlicher Weise haben bestimmte Patienten als Folge der Einnahme dieses Medikaments negative neurologische Nebenwirkungen wie Anf\u00e4lle und Schwindel erlebt. Neben den schweren Nebenwirkungen gibt es auch einige kleinere Nebenwirkungen, die ebenfalls auftreten k\u00f6nnen. <\/p>\n<p>Wechselwirkung mit Medikamenten<br \/>\n        Es hat sich gezeigt, dass Plaquenil eine Reihe von Wechselwirkungen mit verschiedenen Medikamenten hat, was Probleme verursachen oder dazu f\u00fchren kann, dass eines der Medikamente wirkungslos wird. Wenn Sie sicherstellen m\u00fcssen, dass es keine Konflikte zwischen diesem Medikament und anderen Verschreibungen gibt, sollten Sie sich mit Ihrem Arzt beraten, um sicherzustellen, dass keine unerw\u00fcnschten Wirkungen auftreten.<\/p>\n<p>        Ein Hauptproblem, das mit der Anwendung dieses Arzneimittels in Kombination mit bestimmten anderen Medikamenten einhergeht, ist ein erh\u00f6htes Risiko f\u00fcr Herzrhythmusst\u00f6rungen. Zu verstehen, was Sie sonst noch einnehmen und wie es sich auf den K\u00f6rper auswirkt, ist der beste Weg, um Problemen vorzubeugen.<\/p>\n<p>Verpasste Dosis<br \/>\n        Um sicherzustellen, dass Sie die notwendigen Schritte zur Genesung unternehmen, ist es wichtig zu verstehen, wie Sie reagieren m\u00fcssen, wenn Sie eine Dosis des verschriebenen Medikaments verpasst haben. Wenn Sie eine Dosis des von Ihnen verschriebenen Plaquenil vergessen haben, sollten Sie als Erstes Ihren Arzt informieren. Er kann Ihnen vorschlagen, die Dosis entweder sp\u00e4ter einzunehmen oder einfach einen Zyklus zu \u00fcberspringen.<\/p>\n<p>Verdoppeln Sie niemals die Dosis Ihres Medikaments, insbesondere dann nicht, wenn Sie versuchen, die verpasste Dosis im gleichen Ze<\/p>\n","protected":false},"excerpt":{"rendered":"<p>Handelsname: Plaquenil<br \/>\nWirkstoff: Hydroxychloroquin<br \/>\nProduktionsform: Pillen<br \/>\nAnwendungsgebiet: dieses Medikament ist die Behandlung und Pr\u00e4vention von Malaria.<br \/>\nVerf\u00fcgbare Dosierungen: 200mg, 400mg<\/p>\n","protected":false},"featured_media":4691,"comment_status":"open","ping_status":"closed","template":"","meta":[],"product_cat":[23],"product_tag":[],"class_list":{"0":"post-4690","1":"product","2":"type-product","3":"status-publish","4":"has-post-thumbnail","6":"product_cat-anti-viral","8":"first","9":"instock","10":"shipping-taxable","11":"product-type-grouped"},"yoast_head":"<!-- This site is optimized with the Yoast SEO plugin v20.0 - https:\/\/yoast.com\/wordpress\/plugins\/seo\/ -->\n<title>Objednejte Plaquenil Generic bez receptu za n\u00edzkou cenu | Eurorxdrugs<\/title>\n<meta name=\"description\" content=\"Kupte Plaquenil Generic nyn\u00ed! Origin\u00e1ln\u00ed l\u00e9ky a rychl\u00e9 doru\u010den\u00ed v cen\u011b. 100% diskr\u00e9tn\u00ed a d\u016fv\u011brn\u00fd servis pro v\u0161echny na\u0161e z\u00e1kazn\u00edky na Eurorxdrugs\" \/>\n<meta name=\"robots\" content=\"index, follow, max-snippet:-1, max-image-preview:large, max-video-preview:-1\" \/>\n<link rel=\"canonical\" href=\"https:\/\/eurorxdrugs.cc\/cs\/product\/plaquenil-generic\/\" \/>\n<meta property=\"og:locale\" content=\"cs_CZ\" \/>\n<meta property=\"og:type\" content=\"article\" \/>\n<meta property=\"og:title\" content=\"Objednejte Plaquenil Generic bez receptu za n\u00edzkou cenu | Eurorxdrugs\" \/>\n<meta property=\"og:description\" content=\"Kupte Plaquenil Generic nyn\u00ed! Origin\u00e1ln\u00ed l\u00e9ky a rychl\u00e9 doru\u010den\u00ed v cen\u011b. 100% diskr\u00e9tn\u00ed a d\u016fv\u011brn\u00fd servis pro v\u0161echny na\u0161e z\u00e1kazn\u00edky na Eurorxdrugs\" \/>\n<meta property=\"og:url\" content=\"https:\/\/eurorxdrugs.cc\/cs\/product\/plaquenil-generic\/\" \/>\n<meta property=\"og:site_name\" content=\"eurorxdrugs\" \/>\n<meta property=\"article:modified_time\" content=\"2024-10-31T08:01:18+00:00\" \/>\n<meta property=\"og:image\" content=\"https:\/\/eurorxdrugs.cc\/cs\/wp-content\/uploads\/2024\/10\/375-min.jpg\" \/>\n\t<meta property=\"og:image:width\" content=\"270\" \/>\n\t<meta property=\"og:image:height\" content=\"300\" \/>\n\t<meta property=\"og:image:type\" content=\"image\/jpeg\" \/>\n<meta name=\"twitter:card\" content=\"summary_large_image\" \/>\n<meta name=\"twitter:label1\" content=\"Odhadovan\u00e1 doba \u010dten\u00ed\" \/>\n\t<meta name=\"twitter:data1\" content=\"4 minuty\" \/>\n<script type=\"application\/ld+json\" class=\"yoast-schema-graph\">{\"@context\":\"https:\/\/schema.org\",\"@graph\":[{\"@type\":\"WebPage\",\"@id\":\"https:\/\/eurorxdrugs.cc\/cs\/product\/plaquenil-generic\/\",\"url\":\"https:\/\/eurorxdrugs.cc\/cs\/product\/plaquenil-generic\/\",\"name\":\"Objednejte Plaquenil Generic bez receptu za n\u00edzkou cenu | Eurorxdrugs\",\"isPartOf\":{\"@id\":\"https:\/\/eurorxdrugs.cc\/cs\/#website\"},\"datePublished\":\"2024-10-31T06:05:51+00:00\",\"dateModified\":\"2024-10-31T08:01:18+00:00\",\"description\":\"Kupte Plaquenil Generic nyn\u00ed! Origin\u00e1ln\u00ed l\u00e9ky a rychl\u00e9 doru\u010den\u00ed v cen\u011b. 100% diskr\u00e9tn\u00ed a d\u016fv\u011brn\u00fd servis pro v\u0161echny na\u0161e z\u00e1kazn\u00edky na Eurorxdrugs\",\"breadcrumb\":{\"@id\":\"https:\/\/eurorxdrugs.cc\/cs\/product\/plaquenil-generic\/#breadcrumb\"},\"inLanguage\":\"cs\",\"potentialAction\":[{\"@type\":\"ReadAction\",\"target\":[\"https:\/\/eurorxdrugs.cc\/cs\/product\/plaquenil-generic\/\"]}]},{\"@type\":\"BreadcrumbList\",\"@id\":\"https:\/\/eurorxdrugs.cc\/cs\/product\/plaquenil-generic\/#breadcrumb\",\"itemListElement\":[{\"@type\":\"ListItem\",\"position\":1,\"name\":\"Home\",\"item\":\"https:\/\/eurorxdrugs.cc\/cs\/\"},{\"@type\":\"ListItem\",\"position\":2,\"name\":\"Products\",\"item\":\"https:\/\/eurorxdrugs.cc\/cs\/shop\/\"},{\"@type\":\"ListItem\",\"position\":3,\"name\":\"Plaquenil Generic\"}]},{\"@type\":\"WebSite\",\"@id\":\"https:\/\/eurorxdrugs.cc\/cs\/#website\",\"url\":\"https:\/\/eurorxdrugs.cc\/cs\/\",\"name\":\"eurorxdrugs\",\"description\":\"\",\"publisher\":{\"@id\":\"https:\/\/eurorxdrugs.cc\/cs\/#organization\"},\"potentialAction\":[{\"@type\":\"SearchAction\",\"target\":{\"@type\":\"EntryPoint\",\"urlTemplate\":\"https:\/\/eurorxdrugs.cc\/cs\/?s={search_term_string}\"},\"query-input\":\"required name=search_term_string\"}],\"inLanguage\":\"cs\"},{\"@type\":\"Organization\",\"@id\":\"https:\/\/eurorxdrugs.cc\/cs\/#organization\",\"name\":\"eurorxdrugs\",\"url\":\"https:\/\/eurorxdrugs.cc\/cs\/\",\"logo\":{\"@type\":\"ImageObject\",\"inLanguage\":\"cs\",\"@id\":\"https:\/\/eurorxdrugs.cc\/cs\/#\/schema\/logo\/image\/\",\"url\":\"https:\/\/eurorxdrugs.cc\/cs\/wp-content\/uploads\/2024\/09\/logo-1-1.png\",\"contentUrl\":\"https:\/\/eurorxdrugs.cc\/cs\/wp-content\/uploads\/2024\/09\/logo-1-1.png\",\"width\":233,\"height\":54,\"caption\":\"eurorxdrugs\"},\"image\":{\"@id\":\"https:\/\/eurorxdrugs.cc\/cs\/#\/schema\/logo\/image\/\"}}]}<\/script>\n<!-- \/ Yoast SEO plugin. -->","yoast_head_json":{"title":"Objednejte Plaquenil Generic bez receptu za n\u00edzkou cenu | Eurorxdrugs","description":"Kupte Plaquenil Generic nyn\u00ed! Origin\u00e1ln\u00ed l\u00e9ky a rychl\u00e9 doru\u010den\u00ed v cen\u011b. 100% diskr\u00e9tn\u00ed a d\u016fv\u011brn\u00fd servis pro v\u0161echny na\u0161e z\u00e1kazn\u00edky na Eurorxdrugs","robots":{"index":"index","follow":"follow","max-snippet":"max-snippet:-1","max-image-preview":"max-image-preview:large","max-video-preview":"max-video-preview:-1"},"canonical":"https:\/\/eurorxdrugs.cc\/cs\/product\/plaquenil-generic\/","og_locale":"cs_CZ","og_type":"article","og_title":"Objednejte Plaquenil Generic bez receptu za n\u00edzkou cenu | Eurorxdrugs","og_description":"Kupte Plaquenil Generic nyn\u00ed! Origin\u00e1ln\u00ed l\u00e9ky a rychl\u00e9 doru\u010den\u00ed v cen\u011b. 100% diskr\u00e9tn\u00ed a d\u016fv\u011brn\u00fd servis pro v\u0161echny na\u0161e z\u00e1kazn\u00edky na Eurorxdrugs","og_url":"https:\/\/eurorxdrugs.cc\/cs\/product\/plaquenil-generic\/","og_site_name":"eurorxdrugs","article_modified_time":"2024-10-31T08:01:18+00:00","og_image":[{"width":270,"height":300,"url":"https:\/\/eurorxdrugs.cc\/cs\/wp-content\/uploads\/2024\/10\/375-min.jpg","type":"image\/jpeg"}],"twitter_card":"summary_large_image","twitter_misc":{"Odhadovan\u00e1 doba \u010dten\u00ed":"4 minuty"},"schema":{"@context":"https:\/\/schema.org","@graph":[{"@type":"WebPage","@id":"https:\/\/eurorxdrugs.cc\/cs\/product\/plaquenil-generic\/","url":"https:\/\/eurorxdrugs.cc\/cs\/product\/plaquenil-generic\/","name":"Objednejte Plaquenil Generic bez receptu za n\u00edzkou cenu | Eurorxdrugs","isPartOf":{"@id":"https:\/\/eurorxdrugs.cc\/cs\/#website"},"datePublished":"2024-10-31T06:05:51+00:00","dateModified":"2024-10-31T08:01:18+00:00","description":"Kupte Plaquenil Generic nyn\u00ed! Origin\u00e1ln\u00ed l\u00e9ky a rychl\u00e9 doru\u010den\u00ed v cen\u011b. 100% diskr\u00e9tn\u00ed a d\u016fv\u011brn\u00fd servis pro v\u0161echny na\u0161e z\u00e1kazn\u00edky na Eurorxdrugs","breadcrumb":{"@id":"https:\/\/eurorxdrugs.cc\/cs\/product\/plaquenil-generic\/#breadcrumb"},"inLanguage":"cs","potentialAction":[{"@type":"ReadAction","target":["https:\/\/eurorxdrugs.cc\/cs\/product\/plaquenil-generic\/"]}]},{"@type":"BreadcrumbList","@id":"https:\/\/eurorxdrugs.cc\/cs\/product\/plaquenil-generic\/#breadcrumb","itemListElement":[{"@type":"ListItem","position":1,"name":"Home","item":"https:\/\/eurorxdrugs.cc\/cs\/"},{"@type":"ListItem","position":2,"name":"Products","item":"https:\/\/eurorxdrugs.cc\/cs\/shop\/"},{"@type":"ListItem","position":3,"name":"Plaquenil Generic"}]},{"@type":"WebSite","@id":"https:\/\/eurorxdrugs.cc\/cs\/#website","url":"https:\/\/eurorxdrugs.cc\/cs\/","name":"eurorxdrugs","description":"","publisher":{"@id":"https:\/\/eurorxdrugs.cc\/cs\/#organization"},"potentialAction":[{"@type":"SearchAction","target":{"@type":"EntryPoint","urlTemplate":"https:\/\/eurorxdrugs.cc\/cs\/?s={search_term_string}"},"query-input":"required name=search_term_string"}],"inLanguage":"cs"},{"@type":"Organization","@id":"https:\/\/eurorxdrugs.cc\/cs\/#organization","name":"eurorxdrugs","url":"https:\/\/eurorxdrugs.cc\/cs\/","logo":{"@type":"ImageObject","inLanguage":"cs","@id":"https:\/\/eurorxdrugs.cc\/cs\/#\/schema\/logo\/image\/","url":"https:\/\/eurorxdrugs.cc\/cs\/wp-content\/uploads\/2024\/09\/logo-1-1.png","contentUrl":"https:\/\/eurorxdrugs.cc\/cs\/wp-content\/uploads\/2024\/09\/logo-1-1.png","width":233,"height":54,"caption":"eurorxdrugs"},"image":{"@id":"https:\/\/eurorxdrugs.cc\/cs\/#\/schema\/logo\/image\/"}}]}},"_links":{"self":[{"href":"https:\/\/eurorxdrugs.cc\/cs\/wp-json\/wp\/v2\/product\/4690","targetHints":{"allow":["GET"]}}],"collection":[{"href":"https:\/\/eurorxdrugs.cc\/cs\/wp-json\/wp\/v2\/product"}],"about":[{"href":"https:\/\/eurorxdrugs.cc\/cs\/wp-json\/wp\/v2\/types\/product"}],"replies":[{"embeddable":true,"href":"https:\/\/eurorxdrugs.cc\/cs\/wp-json\/wp\/v2\/comments?post=4690"}],"wp:featuredmedia":[{"embeddable":true,"href":"https:\/\/eurorxdrugs.cc\/cs\/wp-json\/wp\/v2\/media\/4691"}],"wp:attachment":[{"href":"https:\/\/eurorxdrugs.cc\/cs\/wp-json\/wp\/v2\/media?parent=4690"}],"wp:term":[{"taxonomy":"product_cat","embeddable":true,"href":"https:\/\/eurorxdrugs.cc\/cs\/wp-json\/wp\/v2\/product_cat?post=4690"},{"taxonomy":"product_tag","embeddable":true,"href":"https:\/\/eurorxdrugs.cc\/cs\/wp-json\/wp\/v2\/product_tag?post=4690"}],"curies":[{"name":"wp","href":"https:\/\/api.w.org\/{rel}","templated":true}]}}