{"id":4713,"date":"2024-10-31T07:20:44","date_gmt":"2024-10-31T07:20:44","guid":{"rendered":"https:\/\/eurorxdrugs.cc\/cs\/?post_type=product&#038;p=4713"},"modified":"2024-10-31T08:03:00","modified_gmt":"2024-10-31T08:03:00","slug":"klonopin-clonazepam","status":"publish","type":"product","link":"https:\/\/eurorxdrugs.cc\/cs\/product\/klonopin-clonazepam\/","title":{"rendered":"Klonopin (Clonazepam)"},"content":{"rendered":"<p>Beschreibung<br \/>\n        Klonopin ist allein oder als Zusatz bei der Behandlung des Lennox-Gastaut-Syndroms (Petit-mal-Variante), Akinetik und myoklonischer Anf\u00e4lle n\u00fctzlich. Bei Patienten mit Fehlanf\u00e4llen (petit mal), die auf Succinimide nicht angesprochen haben, kann Klonopin von Nutzen sein.<\/p>\n<p>NEBENWIRKUNGEN<br \/>\n        Die Nebenwirkungen von Klonopin werden separat f\u00fcr Patienten mit Anfallsleiden und Panikst\u00f6rungen angegeben.<\/p>\n<p>Anfallsleiden<br \/>\n        Die am h\u00e4ufigsten auftretenden Nebenwirkungen von Klonopin beziehen sich auf eine Depression des ZNS. Erfahrungen in der Behandlung von Anf\u00e4llen haben gezeigt, dass bei etwa 50% der Patienten Schl\u00e4frigkeit und bei etwa 30% Ataxie aufgetreten ist. In einigen F\u00e4llen k\u00f6nnen diese mit der Zeit abnehmen; Verhaltensprobleme wurden bei etwa 25% der Patienten festgestellt. Andere, nach System aufgelistete, einschlie\u00dflich derjenigen, die w\u00e4hrend der Anwendung von Klonopin nach der Genehmigung identifiziert wurden, sind:<\/p>\n<p>Herz-Kreislauf: Herzklopfen<br \/>\nDermatologisch: Haarausfall, Hirsutismus, Hautausschlag, Kn\u00f6chel und Gesichts\u00f6dem<br \/>\nGastrointestinal: Anorexie, beschichtete Zunge, Verstopfung, Durchfall, Mundtrockenheit, Enzepresie, Gastritis, erh\u00f6hter Appetit, \u00dcbelkeit, Zahnschmerzen<br \/>\nUrogenital: Dysurie, Enuresis, Nykturie, Harnverhalt<br \/>\nH\u00e4matopoese: An\u00e4mie, Leukopenie, Thrombozytopenie, Eosinophilie<br \/>\nLeber: Hepatomegalie, vor\u00fcbergehende Erh\u00f6hungen der Serumtransaminasen und alkalische Phosphatase<br \/>\nMuskuloskelett: Muskelschw\u00e4che, Schmerzen<br \/>\nSonstiges: Dehydratation, allgemeiner Verfall, Fieber, Lymphadenopathie, Gewichtsverlust oder Gewichtszunahme<br \/>\nNeurologisch: Abnormale Augenbewegungen, Aphonie, choreiforme Bewegungen, Koma, Diplopie, Dysarthrie, Dysdiadochokinese, &#8222;glasige Augen&#8220;, Kopfschmerz, Hemiparese, Hypotonie, Nystagmus, Atemdepression, Tremor, Schwindel<br \/>\nPsychiatrie: Verwirrung, Depression, Amnesie, Hysterie, erh\u00f6hte Libido, Schlaflosigkeit, Psychose (die Verhaltensweisen treten bei Patienten mit psychiatrischen St\u00f6rungen in der Vorgeschichte h\u00e4ufiger auf).<br \/>\nFolgende paradoxe Reaktionen wurden beobachtet: Reizbarkeit, Aggression, Erregung, Nervosit\u00e4t, Feindseligkeit, Angstzust\u00e4nde, Schlafst\u00f6rungen, Alptr\u00e4ume, abnorme Tr\u00e4ume, Halluzinationen.<br \/>\nAtemwege: Verstopfung der Brust, Rhinorrhoe, Atemnot, Hypersekretion in den oberen Atemwegen<\/p>\n<p>Panikst\u00f6rung<br \/>\n        Unerw\u00fcnschte Ereignisse w\u00e4hrend der Exposition mit Klonopin wurden durch spontanen Bericht erhalten und von klinischen Pr\u00fcfern mit einer Terminologie ihrer Wahl aufgezeichnet. Folglich ist es nicht m\u00f6glich, eine aussagekr\u00e4ftige Sch\u00e4tzung des Anteils von Individuen vorzunehmen, die unerw\u00fcnschte Ereignisse erleben, ohne zuvor \u00e4hnliche Arten von Ereignissen in einer kleineren Anzahl standardisierter Ereigniskategorien zusammenzufassen. In den folgenden Tabellen und Tabellen wurde die Terminologie des CIGY-W\u00f6rterbuchs zur Klassifizierung gemeldeter unerw\u00fcnschter Ereignisse verwendet, au\u00dfer in bestimmten F\u00e4llen, in denen redundante Ausdr\u00fccke in aussagekr\u00e4ftigere Ausdr\u00fccke zusammengefasst wurden, wie unten angegeben.<\/p>\n<p>        Die angegebenen H\u00e4ufigkeiten unerw\u00fcnschter Ereignisse stellen den Anteil der Personen dar, die mindestens einmal ein behandlungsbedingt auftretendes unerw\u00fcnschtes Ereignis des aufgef\u00fchrten Typs erlebt haben. Ein Ereignis wurde als behandlungsbedingt angesehen, wenn es zum ersten Mal auftrat oder sich w\u00e4hrend der Behandlung nach der Ausgangsbeurteilung verschlechterte.<\/p>\n<p>        In kurzzeitigen, placebokontrollierten Versuchen beobachtete negative Befunde<br \/>\nUnerw\u00fcnschte Ereignisse im Zusammenhang mit dem Abbruch der Behandlung<br \/>\nInsgesamt lag die Inzidenz von Absetzen aufgrund von Nebenwirkungen bei Klonopin bei 17% gegen\u00fcber 9% bei Placebo in den kombinierten Daten von zwei 6- bis 9-w\u00f6chigen Studien.<\/p>\n","protected":false},"excerpt":{"rendered":"<p>Handelsname: Klonopin, Rivotril<br \/>\nHauptbestandteil: Clonazepam<br \/>\nVerwendung: Anti-Angst<br \/>\nVerf\u00fcgbare Dosierung: 2mg<\/p>\n","protected":false},"featured_media":4714,"comment_status":"open","ping_status":"closed","template":"","meta":[],"product_cat":[28],"product_tag":[],"class_list":{"0":"post-4713","1":"product","2":"type-product","3":"status-publish","4":"has-post-thumbnail","6":"product_cat-anti-anxiety","8":"first","9":"instock","10":"shipping-taxable","11":"product-type-grouped"},"yoast_head":"<!-- This site is optimized with the Yoast SEO plugin v20.0 - https:\/\/yoast.com\/wordpress\/plugins\/seo\/ -->\n<title>Objednejte Klonopin (Clonazepam) bez receptu za n\u00edzkou cenu | Eurorxdrugs<\/title>\n<meta name=\"description\" content=\"Kupte Klonopin (Clonazepam) nyn\u00ed! Origin\u00e1ln\u00ed l\u00e9ky a rychl\u00e9 doru\u010den\u00ed v cen\u011b. 100% diskr\u00e9tn\u00ed a d\u016fv\u011brn\u00fd servis pro v\u0161echny na\u0161e z\u00e1kazn\u00edky na Eurorxdrugs\" \/>\n<meta name=\"robots\" content=\"index, follow, max-snippet:-1, max-image-preview:large, max-video-preview:-1\" \/>\n<link rel=\"canonical\" href=\"https:\/\/eurorxdrugs.cc\/cs\/product\/klonopin-clonazepam\/\" \/>\n<meta property=\"og:locale\" content=\"cs_CZ\" \/>\n<meta property=\"og:type\" content=\"article\" \/>\n<meta property=\"og:title\" content=\"Objednejte Klonopin (Clonazepam) bez receptu za n\u00edzkou cenu | Eurorxdrugs\" \/>\n<meta property=\"og:description\" content=\"Kupte Klonopin (Clonazepam) nyn\u00ed! Origin\u00e1ln\u00ed l\u00e9ky a rychl\u00e9 doru\u010den\u00ed v cen\u011b. 100% diskr\u00e9tn\u00ed a d\u016fv\u011brn\u00fd servis pro v\u0161echny na\u0161e z\u00e1kazn\u00edky na Eurorxdrugs\" \/>\n<meta property=\"og:url\" content=\"https:\/\/eurorxdrugs.cc\/cs\/product\/klonopin-clonazepam\/\" \/>\n<meta property=\"og:site_name\" content=\"eurorxdrugs\" \/>\n<meta property=\"article:modified_time\" content=\"2024-10-31T08:03:00+00:00\" \/>\n<meta property=\"og:image\" content=\"https:\/\/eurorxdrugs.cc\/cs\/wp-content\/uploads\/2024\/10\/158-min.jpg\" \/>\n\t<meta property=\"og:image:width\" content=\"270\" \/>\n\t<meta property=\"og:image:height\" content=\"280\" \/>\n\t<meta property=\"og:image:type\" content=\"image\/jpeg\" \/>\n<meta name=\"twitter:card\" content=\"summary_large_image\" \/>\n<meta name=\"twitter:label1\" content=\"Odhadovan\u00e1 doba \u010dten\u00ed\" \/>\n\t<meta name=\"twitter:data1\" content=\"3 minuty\" \/>\n<script type=\"application\/ld+json\" class=\"yoast-schema-graph\">{\"@context\":\"https:\/\/schema.org\",\"@graph\":[{\"@type\":\"WebPage\",\"@id\":\"https:\/\/eurorxdrugs.cc\/cs\/product\/klonopin-clonazepam\/\",\"url\":\"https:\/\/eurorxdrugs.cc\/cs\/product\/klonopin-clonazepam\/\",\"name\":\"Objednejte Klonopin (Clonazepam) bez receptu za n\u00edzkou cenu | Eurorxdrugs\",\"isPartOf\":{\"@id\":\"https:\/\/eurorxdrugs.cc\/cs\/#website\"},\"datePublished\":\"2024-10-31T07:20:44+00:00\",\"dateModified\":\"2024-10-31T08:03:00+00:00\",\"description\":\"Kupte Klonopin (Clonazepam) nyn\u00ed! Origin\u00e1ln\u00ed l\u00e9ky a rychl\u00e9 doru\u010den\u00ed v cen\u011b. 100% diskr\u00e9tn\u00ed a d\u016fv\u011brn\u00fd servis pro v\u0161echny na\u0161e z\u00e1kazn\u00edky na Eurorxdrugs\",\"breadcrumb\":{\"@id\":\"https:\/\/eurorxdrugs.cc\/cs\/product\/klonopin-clonazepam\/#breadcrumb\"},\"inLanguage\":\"cs\",\"potentialAction\":[{\"@type\":\"ReadAction\",\"target\":[\"https:\/\/eurorxdrugs.cc\/cs\/product\/klonopin-clonazepam\/\"]}]},{\"@type\":\"BreadcrumbList\",\"@id\":\"https:\/\/eurorxdrugs.cc\/cs\/product\/klonopin-clonazepam\/#breadcrumb\",\"itemListElement\":[{\"@type\":\"ListItem\",\"position\":1,\"name\":\"Home\",\"item\":\"https:\/\/eurorxdrugs.cc\/cs\/\"},{\"@type\":\"ListItem\",\"position\":2,\"name\":\"Products\",\"item\":\"https:\/\/eurorxdrugs.cc\/cs\/shop\/\"},{\"@type\":\"ListItem\",\"position\":3,\"name\":\"Klonopin (Clonazepam)\"}]},{\"@type\":\"WebSite\",\"@id\":\"https:\/\/eurorxdrugs.cc\/cs\/#website\",\"url\":\"https:\/\/eurorxdrugs.cc\/cs\/\",\"name\":\"eurorxdrugs\",\"description\":\"\",\"publisher\":{\"@id\":\"https:\/\/eurorxdrugs.cc\/cs\/#organization\"},\"potentialAction\":[{\"@type\":\"SearchAction\",\"target\":{\"@type\":\"EntryPoint\",\"urlTemplate\":\"https:\/\/eurorxdrugs.cc\/cs\/?s={search_term_string}\"},\"query-input\":\"required name=search_term_string\"}],\"inLanguage\":\"cs\"},{\"@type\":\"Organization\",\"@id\":\"https:\/\/eurorxdrugs.cc\/cs\/#organization\",\"name\":\"eurorxdrugs\",\"url\":\"https:\/\/eurorxdrugs.cc\/cs\/\",\"logo\":{\"@type\":\"ImageObject\",\"inLanguage\":\"cs\",\"@id\":\"https:\/\/eurorxdrugs.cc\/cs\/#\/schema\/logo\/image\/\",\"url\":\"https:\/\/eurorxdrugs.cc\/cs\/wp-content\/uploads\/2024\/09\/logo-1-1.png\",\"contentUrl\":\"https:\/\/eurorxdrugs.cc\/cs\/wp-content\/uploads\/2024\/09\/logo-1-1.png\",\"width\":233,\"height\":54,\"caption\":\"eurorxdrugs\"},\"image\":{\"@id\":\"https:\/\/eurorxdrugs.cc\/cs\/#\/schema\/logo\/image\/\"}}]}<\/script>\n<!-- \/ Yoast SEO plugin. -->","yoast_head_json":{"title":"Objednejte Klonopin (Clonazepam) bez receptu za n\u00edzkou cenu | Eurorxdrugs","description":"Kupte Klonopin (Clonazepam) nyn\u00ed! Origin\u00e1ln\u00ed l\u00e9ky a rychl\u00e9 doru\u010den\u00ed v cen\u011b. 100% diskr\u00e9tn\u00ed a d\u016fv\u011brn\u00fd servis pro v\u0161echny na\u0161e z\u00e1kazn\u00edky na Eurorxdrugs","robots":{"index":"index","follow":"follow","max-snippet":"max-snippet:-1","max-image-preview":"max-image-preview:large","max-video-preview":"max-video-preview:-1"},"canonical":"https:\/\/eurorxdrugs.cc\/cs\/product\/klonopin-clonazepam\/","og_locale":"cs_CZ","og_type":"article","og_title":"Objednejte Klonopin (Clonazepam) bez receptu za n\u00edzkou cenu | Eurorxdrugs","og_description":"Kupte Klonopin (Clonazepam) nyn\u00ed! Origin\u00e1ln\u00ed l\u00e9ky a rychl\u00e9 doru\u010den\u00ed v cen\u011b. 100% diskr\u00e9tn\u00ed a d\u016fv\u011brn\u00fd servis pro v\u0161echny na\u0161e z\u00e1kazn\u00edky na Eurorxdrugs","og_url":"https:\/\/eurorxdrugs.cc\/cs\/product\/klonopin-clonazepam\/","og_site_name":"eurorxdrugs","article_modified_time":"2024-10-31T08:03:00+00:00","og_image":[{"width":270,"height":280,"url":"https:\/\/eurorxdrugs.cc\/cs\/wp-content\/uploads\/2024\/10\/158-min.jpg","type":"image\/jpeg"}],"twitter_card":"summary_large_image","twitter_misc":{"Odhadovan\u00e1 doba \u010dten\u00ed":"3 minuty"},"schema":{"@context":"https:\/\/schema.org","@graph":[{"@type":"WebPage","@id":"https:\/\/eurorxdrugs.cc\/cs\/product\/klonopin-clonazepam\/","url":"https:\/\/eurorxdrugs.cc\/cs\/product\/klonopin-clonazepam\/","name":"Objednejte Klonopin (Clonazepam) bez receptu za n\u00edzkou cenu | Eurorxdrugs","isPartOf":{"@id":"https:\/\/eurorxdrugs.cc\/cs\/#website"},"datePublished":"2024-10-31T07:20:44+00:00","dateModified":"2024-10-31T08:03:00+00:00","description":"Kupte Klonopin (Clonazepam) nyn\u00ed! Origin\u00e1ln\u00ed l\u00e9ky a rychl\u00e9 doru\u010den\u00ed v cen\u011b. 100% diskr\u00e9tn\u00ed a d\u016fv\u011brn\u00fd servis pro v\u0161echny na\u0161e z\u00e1kazn\u00edky na Eurorxdrugs","breadcrumb":{"@id":"https:\/\/eurorxdrugs.cc\/cs\/product\/klonopin-clonazepam\/#breadcrumb"},"inLanguage":"cs","potentialAction":[{"@type":"ReadAction","target":["https:\/\/eurorxdrugs.cc\/cs\/product\/klonopin-clonazepam\/"]}]},{"@type":"BreadcrumbList","@id":"https:\/\/eurorxdrugs.cc\/cs\/product\/klonopin-clonazepam\/#breadcrumb","itemListElement":[{"@type":"ListItem","position":1,"name":"Home","item":"https:\/\/eurorxdrugs.cc\/cs\/"},{"@type":"ListItem","position":2,"name":"Products","item":"https:\/\/eurorxdrugs.cc\/cs\/shop\/"},{"@type":"ListItem","position":3,"name":"Klonopin (Clonazepam)"}]},{"@type":"WebSite","@id":"https:\/\/eurorxdrugs.cc\/cs\/#website","url":"https:\/\/eurorxdrugs.cc\/cs\/","name":"eurorxdrugs","description":"","publisher":{"@id":"https:\/\/eurorxdrugs.cc\/cs\/#organization"},"potentialAction":[{"@type":"SearchAction","target":{"@type":"EntryPoint","urlTemplate":"https:\/\/eurorxdrugs.cc\/cs\/?s={search_term_string}"},"query-input":"required name=search_term_string"}],"inLanguage":"cs"},{"@type":"Organization","@id":"https:\/\/eurorxdrugs.cc\/cs\/#organization","name":"eurorxdrugs","url":"https:\/\/eurorxdrugs.cc\/cs\/","logo":{"@type":"ImageObject","inLanguage":"cs","@id":"https:\/\/eurorxdrugs.cc\/cs\/#\/schema\/logo\/image\/","url":"https:\/\/eurorxdrugs.cc\/cs\/wp-content\/uploads\/2024\/09\/logo-1-1.png","contentUrl":"https:\/\/eurorxdrugs.cc\/cs\/wp-content\/uploads\/2024\/09\/logo-1-1.png","width":233,"height":54,"caption":"eurorxdrugs"},"image":{"@id":"https:\/\/eurorxdrugs.cc\/cs\/#\/schema\/logo\/image\/"}}]}},"_links":{"self":[{"href":"https:\/\/eurorxdrugs.cc\/cs\/wp-json\/wp\/v2\/product\/4713","targetHints":{"allow":["GET"]}}],"collection":[{"href":"https:\/\/eurorxdrugs.cc\/cs\/wp-json\/wp\/v2\/product"}],"about":[{"href":"https:\/\/eurorxdrugs.cc\/cs\/wp-json\/wp\/v2\/types\/product"}],"replies":[{"embeddable":true,"href":"https:\/\/eurorxdrugs.cc\/cs\/wp-json\/wp\/v2\/comments?post=4713"}],"wp:featuredmedia":[{"embeddable":true,"href":"https:\/\/eurorxdrugs.cc\/cs\/wp-json\/wp\/v2\/media\/4714"}],"wp:attachment":[{"href":"https:\/\/eurorxdrugs.cc\/cs\/wp-json\/wp\/v2\/media?parent=4713"}],"wp:term":[{"taxonomy":"product_cat","embeddable":true,"href":"https:\/\/eurorxdrugs.cc\/cs\/wp-json\/wp\/v2\/product_cat?post=4713"},{"taxonomy":"product_tag","embeddable":true,"href":"https:\/\/eurorxdrugs.cc\/cs\/wp-json\/wp\/v2\/product_tag?post=4713"}],"curies":[{"name":"wp","href":"https:\/\/api.w.org\/{rel}","templated":true}]}}