{"id":4875,"date":"2024-10-31T09:50:59","date_gmt":"2024-10-31T09:50:59","guid":{"rendered":"https:\/\/eurorxdrugs.cc\/cs\/?post_type=product&#038;p=4875"},"modified":"2024-10-31T09:58:37","modified_gmt":"2024-10-31T09:58:37","slug":"torsemide","status":"publish","type":"product","link":"https:\/\/eurorxdrugs.cc\/cs\/product\/torsemide\/","title":{"rendered":"Torsemide"},"content":{"rendered":"<div class=\"pro-description_name\">Beschreibung<\/div>\n<div class=\"pro-description_content\">\n<div><span style=\"color: #000000; font-family: Arial, sans-serif;\"><b>Allgemeine Anwendung<\/b><\/span><\/div>\n<div>\u00a0\u00a0\u00a0\u00a0\u00a0\u00a0\u00a0\u00a0<span style=\"color: #000000; font-family: Arial, sans-serif;\">Torsemide ist f\u00fcr die Behandlung von \u00d6demen verwendet (Schwellungen) mit Herz, damit verbundenen Nierenerkrankung oder Leberversagen oder Bedingungen, wenn es \u00fcbersch\u00fcssige K\u00f6rperw\u00e4rme Wasser. Es ist auch allein oder mit anderen Arzneimitteln zur Behandlung von hohem Blutdruck.\u00a0<\/span><\/div>\n<div><span style=\"color: #000000; font-family: Arial, sans-serif;\">Es kann auch verwendet werden, um bestimmte Bedingungen, die von Ihrem Arzt, die nicht in der professionellen Packungsbeilage aufgef\u00fchrt werden k\u00f6nnen behandeln.\u00a0<\/span><\/div>\n<div>\u00a0\u00a0\u00a0\u00a0\u00a0\u00a0\u00a0\u00a0<span style=\"color: #000000; font-family: Arial, sans-serif;\">Verwenden Sie Torsemide wie von Ihrem Arzt.\u00a0<\/span><\/div>\n<div><span style=\"color: #000000; font-family: Arial, sans-serif;\">\u00a0<\/span><\/div>\n<div><span style=\"color: #000000; font-family: Arial, sans-serif;\"><b>Dosierung und Anwendungsgebiet<\/b><\/span><\/div>\n<div>\u00a0\u00a0\u00a0\u00a0\u00a0\u00a0\u00a0\u00a0<span style=\"color: #000000; font-family: Arial, sans-serif;\">Nutzen Sie Torsemide durch den Mund mit oder ohne Nahrung.\u00a0<\/span><\/div>\n<div>\u00a0\u00a0\u00a0\u00a0\u00a0\u00a0\u00a0\u00a0<span style=\"color: #000000; font-family: Arial, sans-serif;\">Torsemide den Betrag zu erh\u00f6hen oder Urin f\u00fchren, dass Sie \u00f6fter urinieren, wenn Sie zum ersten Mal starten einnehmen. Um dies zu Ihrem Schlaf gest\u00f6rt zu halten, versuchen Sie, Ihre Dosis vor 6 Uhr statt.\u00a0<\/span><\/div>\n<div>\u00a0\u00a0\u00a0\u00a0\u00a0\u00a0\u00a0\u00a0<span style=\"color: #000000; font-family: Arial, sans-serif;\">Wenn Sie auch Cholestyramin, nehmen Sie es nicht innerhalb von 4 Stunden vor oder nach der Einnahme von Torsemide. Fragen Sie Ihren Arzt, wenn Sie Fragen haben.\u00a0<\/span><\/div>\n<div>\u00a0\u00a0\u00a0\u00a0\u00a0\u00a0\u00a0\u00a0<span style=\"color: #000000; font-family: Arial, sans-serif;\">Vermeiden Sie essen Lakritze oder koreanischen Ginseng wobei Torsemide.\u00a0<\/span><\/div>\n<div>\u00a0\u00a0\u00a0\u00a0\u00a0\u00a0\u00a0\u00a0<span style=\"color: #000000; font-family: Arial, sans-serif;\">Fragen Sie Ihren Arzt Fragen k\u00f6nnen Sie sich \u00fcber das Torsemide nutzen.\u00a0<\/span><\/div>\n<div><span style=\"color: #000000; font-family: Arial, sans-serif;\">\u00a0<\/span><\/div>\n<div><span style=\"color: #000000; font-family: Arial, sans-serif;\"><b>M\u00f6gliche Nebenwirkungen<\/b><\/span><\/div>\n<div><span style=\"color: #000000; font-family: Arial, sans-serif;\">Wenden Sie sich an Ihren Arzt, wenn dieser am h\u00e4ufigsten auftretenden Nebenwirkungen fortbestehen oder st\u00f6rend empfunden werden:\u00a0<\/span><\/div>\n<div><span style=\"color: #000000; font-family: Arial, sans-serif;\">\u2022 Verstopfung;<\/span><\/div>\n<div><span style=\"color: #000000; font-family: Arial, sans-serif;\">\u2022 Schwindel oder Benommenheit beim Sitzen oder Stehen;<\/span><\/div>\n<div><span style=\"color: #000000; font-family: Arial, sans-serif;\">\u2022 h\u00e4ufiges Wasserlassen;<\/span><\/div>\n<div><span style=\"color: #000000; font-family: Arial, sans-serif;\">\u2022 Kopfschmerzen;<\/span><\/div>\n<div><span style=\"color: #000000; font-family: Arial, sans-serif;\">\u2022 verst\u00e4rkter Husten;<\/span><\/div>\n<div><span style=\"color: #000000; font-family: Arial, sans-serif;\">\u2022 Entz\u00fcndung der Nase, \u00dcbelkeit.<\/span><\/div>\n<div><span style=\"color: #000000; font-family: Arial, sans-serif;\">\u00a0<\/span><\/div>\n<div><span style=\"color: #000000; font-family: Arial, sans-serif;\">\u00c4rztlich behandeln lassen, sofort, wenn dieser schwere Nebenwirkungen auftreten:\u00a0<\/span><\/div>\n<div><span style=\"color: #000000; font-family: Arial, sans-serif;\">\u2022 schwere allergische Reaktionen (Hautausschlag, Nesselsucht, Juckreiz, Atembeschwerden, Engegef\u00fchl in der Brust, Schwellungen im Mund-, Gesichts-, Lippen oder Zunge);<\/span><\/div>\n<div><span style=\"color: #000000; font-family: Arial, sans-serif;\">\u2022 Brustschmerzen;<\/span><\/div>\n<div><span style=\"color: #000000; font-family: Arial, sans-serif;\">\u2022 Durchfall;<\/span><\/div>\n<div><span style=\"color: #000000; font-family: Arial, sans-serif;\">\u2022 Mundtrockenheit oder ungew\u00f6hnlichen Durst;<\/span><\/div>\n<div><span style=\"color: #000000; font-family: Arial, sans-serif;\">\u2022 H\u00f6rverlust oder ein Klingeln in den Ohren;<\/span><\/div>\n<div><span style=\"color: #000000; font-family: Arial, sans-serif;\">\u2022 Appetitlosigkeit;<\/span><\/div>\n<div><span style=\"color: #000000; font-family: Arial, sans-serif;\">\u2022 Muskelschmerzen oder-kr\u00e4mpfe;<\/span><\/div>\n<div><span style=\"color: #000000; font-family: Arial, sans-serif;\">\u2022 schneller oder unregelm\u00e4\u00dfiger Herzschlag;<\/span><\/div>\n<div><span style=\"color: #000000; font-family: Arial, sans-serif;\">\u2022 rektale Blutungen;<\/span><\/div>\n<div><span style=\"color: #000000; font-family: Arial, sans-serif;\">\u2022 Ruhelosigkeit;<\/span><\/div>\n<div><span style=\"color: #000000; font-family: Arial, sans-serif;\">\u2022 ungew\u00f6hnliche M\u00fcdigkeit oder Schw\u00e4che, Erbrechen.\u00a0<\/span><\/div>\n<div><span style=\"color: #000000; font-family: Arial, sans-serif;\">\u00a0<\/span><\/div>\n<div><span style=\"color: #000000; font-family: Arial, sans-serif;\"><b>Verpasste Dosis<\/b><\/span><\/div>\n<div>\u00a0\u00a0\u00a0\u00a0\u00a0\u00a0\u00a0\u00a0<span style=\"color: #000000; font-family: Arial, sans-serif;\">Wenn Sie eine Dosis von Torsemide verpassen und nutzen es regelm\u00e4\u00dfig, bringen Sie es so bald wie m\u00f6glich. Wenn es fast Zeit f\u00fcr Ihre n\u00e4chste Dosis ist, \u00fcberspringen Sie die vermi\u00dfte Dosis und gehen Sie wieder dem normalen Behandlungsplan. Nehmen Sie nicht 2 Dosen auf einmal.\u00a0<\/span><\/div>\n<div><span style=\"color: #000000; font-family: Arial, sans-serif;\">\u00a0<\/span><\/div>\n<div><span style=\"color: #000000; font-family: Arial, sans-serif;\"><b>Lagerung<\/b><\/span><\/div>\n<div>\u00a0\u00a0\u00a0\u00a0\u00a0\u00a0\u00a0\u00a0<span style=\"color: #000000; font-family: Arial, sans-serif;\">Shop Torsemide zwischen 68 und 77 Grad F (20 und 25 Grad C). Kurze Lagerung bei Temperaturen zwischen 59 und 86 Grad F (15 und 30 Grad C) ist nicht gestattet. Nicht in der N\u00e4he von Hitze, Feuchtigkeit und Licht. Nicht im Bad. Keep Torsemide au\u00dferhalb der Reichweite von Kindern und von Haustieren.<\/span><\/div>\n<\/div>\n","protected":false},"excerpt":{"rendered":"<div><b>Handelsname: <\/b>Torsemide<\/div>\n<div><b>Wirkstoff: <\/b>Torsemide<\/div>\n<div><b>Produktionsform: <\/b>Pillen<\/div>\n<div><b>Anwendungsgebiet:\u00a0 <\/b>Wird zur Behandlung von \u00d6demen (Schwellungen) in Verbindung mit Herz-, Nieren- oder Leberversagen oder bei Zust\u00e4nden verwendet, bei denen zu viel K\u00f6rperwasser vorhanden ist<\/div>\n<div><b>Verf\u00fcgbare Dosierungen: <\/b>10mg und 20mg<\/div>\n","protected":false},"featured_media":4876,"comment_status":"open","ping_status":"closed","template":"","meta":[],"product_cat":[49],"product_tag":[],"class_list":{"0":"post-4875","1":"product","2":"type-product","3":"status-publish","4":"has-post-thumbnail","6":"product_cat-heart-cholesterol","8":"first","9":"instock","10":"shipping-taxable","11":"product-type-grouped"},"yoast_head":"<!-- This site is optimized with the Yoast SEO plugin v20.0 - https:\/\/yoast.com\/wordpress\/plugins\/seo\/ -->\n<title>Objednejte Torsemide bez receptu za n\u00edzkou cenu | Eurorxdrugs<\/title>\n<meta name=\"description\" content=\"Kupte Torsemide nyn\u00ed! Origin\u00e1ln\u00ed l\u00e9ky a rychl\u00e9 doru\u010den\u00ed v cen\u011b. 100% diskr\u00e9tn\u00ed a d\u016fv\u011brn\u00fd servis pro v\u0161echny na\u0161e z\u00e1kazn\u00edky na Eurorxdrugs\" \/>\n<meta name=\"robots\" content=\"index, follow, max-snippet:-1, max-image-preview:large, max-video-preview:-1\" \/>\n<link rel=\"canonical\" href=\"https:\/\/eurorxdrugs.cc\/cs\/product\/torsemide\/\" \/>\n<meta property=\"og:locale\" content=\"cs_CZ\" \/>\n<meta property=\"og:type\" content=\"article\" \/>\n<meta property=\"og:title\" content=\"Objednejte Torsemide bez receptu za n\u00edzkou cenu | Eurorxdrugs\" \/>\n<meta property=\"og:description\" content=\"Kupte Torsemide nyn\u00ed! Origin\u00e1ln\u00ed l\u00e9ky a rychl\u00e9 doru\u010den\u00ed v cen\u011b. 100% diskr\u00e9tn\u00ed a d\u016fv\u011brn\u00fd servis pro v\u0161echny na\u0161e z\u00e1kazn\u00edky na Eurorxdrugs\" \/>\n<meta property=\"og:url\" content=\"https:\/\/eurorxdrugs.cc\/cs\/product\/torsemide\/\" \/>\n<meta property=\"og:site_name\" content=\"eurorxdrugs\" \/>\n<meta property=\"article:modified_time\" content=\"2024-10-31T09:58:37+00:00\" \/>\n<meta property=\"og:image\" content=\"https:\/\/eurorxdrugs.cc\/cs\/wp-content\/uploads\/2024\/10\/262-min.jpg\" \/>\n\t<meta property=\"og:image:width\" content=\"270\" \/>\n\t<meta property=\"og:image:height\" content=\"300\" \/>\n\t<meta property=\"og:image:type\" content=\"image\/jpeg\" \/>\n<meta name=\"twitter:card\" content=\"summary_large_image\" \/>\n<meta name=\"twitter:label1\" content=\"Odhadovan\u00e1 doba \u010dten\u00ed\" \/>\n\t<meta name=\"twitter:data1\" content=\"2 minuty\" \/>\n<script type=\"application\/ld+json\" class=\"yoast-schema-graph\">{\"@context\":\"https:\/\/schema.org\",\"@graph\":[{\"@type\":\"WebPage\",\"@id\":\"https:\/\/eurorxdrugs.cc\/cs\/product\/torsemide\/\",\"url\":\"https:\/\/eurorxdrugs.cc\/cs\/product\/torsemide\/\",\"name\":\"Objednejte Torsemide bez receptu za n\u00edzkou cenu | Eurorxdrugs\",\"isPartOf\":{\"@id\":\"https:\/\/eurorxdrugs.cc\/cs\/#website\"},\"datePublished\":\"2024-10-31T09:50:59+00:00\",\"dateModified\":\"2024-10-31T09:58:37+00:00\",\"description\":\"Kupte Torsemide nyn\u00ed! Origin\u00e1ln\u00ed l\u00e9ky a rychl\u00e9 doru\u010den\u00ed v cen\u011b. 100% diskr\u00e9tn\u00ed a d\u016fv\u011brn\u00fd servis pro v\u0161echny na\u0161e z\u00e1kazn\u00edky na Eurorxdrugs\",\"breadcrumb\":{\"@id\":\"https:\/\/eurorxdrugs.cc\/cs\/product\/torsemide\/#breadcrumb\"},\"inLanguage\":\"cs\",\"potentialAction\":[{\"@type\":\"ReadAction\",\"target\":[\"https:\/\/eurorxdrugs.cc\/cs\/product\/torsemide\/\"]}]},{\"@type\":\"BreadcrumbList\",\"@id\":\"https:\/\/eurorxdrugs.cc\/cs\/product\/torsemide\/#breadcrumb\",\"itemListElement\":[{\"@type\":\"ListItem\",\"position\":1,\"name\":\"Home\",\"item\":\"https:\/\/eurorxdrugs.cc\/cs\/\"},{\"@type\":\"ListItem\",\"position\":2,\"name\":\"Products\",\"item\":\"https:\/\/eurorxdrugs.cc\/cs\/shop\/\"},{\"@type\":\"ListItem\",\"position\":3,\"name\":\"Torsemide\"}]},{\"@type\":\"WebSite\",\"@id\":\"https:\/\/eurorxdrugs.cc\/cs\/#website\",\"url\":\"https:\/\/eurorxdrugs.cc\/cs\/\",\"name\":\"eurorxdrugs\",\"description\":\"\",\"publisher\":{\"@id\":\"https:\/\/eurorxdrugs.cc\/cs\/#organization\"},\"potentialAction\":[{\"@type\":\"SearchAction\",\"target\":{\"@type\":\"EntryPoint\",\"urlTemplate\":\"https:\/\/eurorxdrugs.cc\/cs\/?s={search_term_string}\"},\"query-input\":\"required name=search_term_string\"}],\"inLanguage\":\"cs\"},{\"@type\":\"Organization\",\"@id\":\"https:\/\/eurorxdrugs.cc\/cs\/#organization\",\"name\":\"eurorxdrugs\",\"url\":\"https:\/\/eurorxdrugs.cc\/cs\/\",\"logo\":{\"@type\":\"ImageObject\",\"inLanguage\":\"cs\",\"@id\":\"https:\/\/eurorxdrugs.cc\/cs\/#\/schema\/logo\/image\/\",\"url\":\"https:\/\/eurorxdrugs.cc\/cs\/wp-content\/uploads\/2024\/09\/logo-1-1.png\",\"contentUrl\":\"https:\/\/eurorxdrugs.cc\/cs\/wp-content\/uploads\/2024\/09\/logo-1-1.png\",\"width\":233,\"height\":54,\"caption\":\"eurorxdrugs\"},\"image\":{\"@id\":\"https:\/\/eurorxdrugs.cc\/cs\/#\/schema\/logo\/image\/\"}}]}<\/script>\n<!-- \/ Yoast SEO plugin. -->","yoast_head_json":{"title":"Objednejte Torsemide bez receptu za n\u00edzkou cenu | Eurorxdrugs","description":"Kupte Torsemide nyn\u00ed! Origin\u00e1ln\u00ed l\u00e9ky a rychl\u00e9 doru\u010den\u00ed v cen\u011b. 100% diskr\u00e9tn\u00ed a d\u016fv\u011brn\u00fd servis pro v\u0161echny na\u0161e z\u00e1kazn\u00edky na Eurorxdrugs","robots":{"index":"index","follow":"follow","max-snippet":"max-snippet:-1","max-image-preview":"max-image-preview:large","max-video-preview":"max-video-preview:-1"},"canonical":"https:\/\/eurorxdrugs.cc\/cs\/product\/torsemide\/","og_locale":"cs_CZ","og_type":"article","og_title":"Objednejte Torsemide bez receptu za n\u00edzkou cenu | Eurorxdrugs","og_description":"Kupte Torsemide nyn\u00ed! Origin\u00e1ln\u00ed l\u00e9ky a rychl\u00e9 doru\u010den\u00ed v cen\u011b. 100% diskr\u00e9tn\u00ed a d\u016fv\u011brn\u00fd servis pro v\u0161echny na\u0161e z\u00e1kazn\u00edky na Eurorxdrugs","og_url":"https:\/\/eurorxdrugs.cc\/cs\/product\/torsemide\/","og_site_name":"eurorxdrugs","article_modified_time":"2024-10-31T09:58:37+00:00","og_image":[{"width":270,"height":300,"url":"https:\/\/eurorxdrugs.cc\/cs\/wp-content\/uploads\/2024\/10\/262-min.jpg","type":"image\/jpeg"}],"twitter_card":"summary_large_image","twitter_misc":{"Odhadovan\u00e1 doba \u010dten\u00ed":"2 minuty"},"schema":{"@context":"https:\/\/schema.org","@graph":[{"@type":"WebPage","@id":"https:\/\/eurorxdrugs.cc\/cs\/product\/torsemide\/","url":"https:\/\/eurorxdrugs.cc\/cs\/product\/torsemide\/","name":"Objednejte Torsemide bez receptu za n\u00edzkou cenu | Eurorxdrugs","isPartOf":{"@id":"https:\/\/eurorxdrugs.cc\/cs\/#website"},"datePublished":"2024-10-31T09:50:59+00:00","dateModified":"2024-10-31T09:58:37+00:00","description":"Kupte Torsemide nyn\u00ed! Origin\u00e1ln\u00ed l\u00e9ky a rychl\u00e9 doru\u010den\u00ed v cen\u011b. 100% diskr\u00e9tn\u00ed a d\u016fv\u011brn\u00fd servis pro v\u0161echny na\u0161e z\u00e1kazn\u00edky na Eurorxdrugs","breadcrumb":{"@id":"https:\/\/eurorxdrugs.cc\/cs\/product\/torsemide\/#breadcrumb"},"inLanguage":"cs","potentialAction":[{"@type":"ReadAction","target":["https:\/\/eurorxdrugs.cc\/cs\/product\/torsemide\/"]}]},{"@type":"BreadcrumbList","@id":"https:\/\/eurorxdrugs.cc\/cs\/product\/torsemide\/#breadcrumb","itemListElement":[{"@type":"ListItem","position":1,"name":"Home","item":"https:\/\/eurorxdrugs.cc\/cs\/"},{"@type":"ListItem","position":2,"name":"Products","item":"https:\/\/eurorxdrugs.cc\/cs\/shop\/"},{"@type":"ListItem","position":3,"name":"Torsemide"}]},{"@type":"WebSite","@id":"https:\/\/eurorxdrugs.cc\/cs\/#website","url":"https:\/\/eurorxdrugs.cc\/cs\/","name":"eurorxdrugs","description":"","publisher":{"@id":"https:\/\/eurorxdrugs.cc\/cs\/#organization"},"potentialAction":[{"@type":"SearchAction","target":{"@type":"EntryPoint","urlTemplate":"https:\/\/eurorxdrugs.cc\/cs\/?s={search_term_string}"},"query-input":"required name=search_term_string"}],"inLanguage":"cs"},{"@type":"Organization","@id":"https:\/\/eurorxdrugs.cc\/cs\/#organization","name":"eurorxdrugs","url":"https:\/\/eurorxdrugs.cc\/cs\/","logo":{"@type":"ImageObject","inLanguage":"cs","@id":"https:\/\/eurorxdrugs.cc\/cs\/#\/schema\/logo\/image\/","url":"https:\/\/eurorxdrugs.cc\/cs\/wp-content\/uploads\/2024\/09\/logo-1-1.png","contentUrl":"https:\/\/eurorxdrugs.cc\/cs\/wp-content\/uploads\/2024\/09\/logo-1-1.png","width":233,"height":54,"caption":"eurorxdrugs"},"image":{"@id":"https:\/\/eurorxdrugs.cc\/cs\/#\/schema\/logo\/image\/"}}]}},"_links":{"self":[{"href":"https:\/\/eurorxdrugs.cc\/cs\/wp-json\/wp\/v2\/product\/4875","targetHints":{"allow":["GET"]}}],"collection":[{"href":"https:\/\/eurorxdrugs.cc\/cs\/wp-json\/wp\/v2\/product"}],"about":[{"href":"https:\/\/eurorxdrugs.cc\/cs\/wp-json\/wp\/v2\/types\/product"}],"replies":[{"embeddable":true,"href":"https:\/\/eurorxdrugs.cc\/cs\/wp-json\/wp\/v2\/comments?post=4875"}],"wp:featuredmedia":[{"embeddable":true,"href":"https:\/\/eurorxdrugs.cc\/cs\/wp-json\/wp\/v2\/media\/4876"}],"wp:attachment":[{"href":"https:\/\/eurorxdrugs.cc\/cs\/wp-json\/wp\/v2\/media?parent=4875"}],"wp:term":[{"taxonomy":"product_cat","embeddable":true,"href":"https:\/\/eurorxdrugs.cc\/cs\/wp-json\/wp\/v2\/product_cat?post=4875"},{"taxonomy":"product_tag","embeddable":true,"href":"https:\/\/eurorxdrugs.cc\/cs\/wp-json\/wp\/v2\/product_tag?post=4875"}],"curies":[{"name":"wp","href":"https:\/\/api.w.org\/{rel}","templated":true}]}}