{"id":4918,"date":"2024-10-31T10:21:55","date_gmt":"2024-10-31T10:21:55","guid":{"rendered":"https:\/\/eurorxdrugs.cc\/cs\/?post_type=product&#038;p=4918"},"modified":"2024-10-31T10:29:52","modified_gmt":"2024-10-31T10:29:52","slug":"voltaren-diclofenac","status":"publish","type":"product","link":"https:\/\/eurorxdrugs.cc\/cs\/product\/voltaren-diclofenac\/","title":{"rendered":"Voltaren (Diclofenac)"},"content":{"rendered":"<div class=\"pro-description_name\">Beschreibung<\/div>\n<div class=\"pro-description_content\">\n<div><b>Allgemeine Anwendung<\/b><\/div>\n<div>\u00a0\u00a0\u00a0\u00a0\u00a0\u00a0\u00a0\u00a0Es ist ein nicht-steroidales Medikament mit ausgepr\u00e4gter analgetischer, antipyretischer und entz\u00fcndungshemmender Wirkung.<\/div>\n<div>Voltaren-Medikamente werden in mehreren Dosierungsformen hergestellt: Injektionsl\u00f6sung, Tabletten und rektale Z\u00e4pfchen. Der Wirkstoff ist Diclofenac-Natrium.<\/div>\n<div>\u00a0\u00a0\u00a0\u00a0\u00a0\u00a0\u00a0\u00a0Es ist angezeigt zur Behandlung von Osteoarthritis, ankylosierender Spondylitis, Spondyloarthritis, rheumatoider Arthritis, Schmerzen in der Wirbels\u00e4ule und Erkrankungen des extraartikul\u00e4ren Weichteilgewebes mit rheumatischer Natur, Podagry. Das Medikament kann verwendet werden, um Schmerzen, \u00d6deme und Entz\u00fcndungen der Weichteile sowie Gelenke, die auf dem Hintergrund von Verletzungen entstehen, zu beseitigen.<\/div>\n<div>Das Medikament kann zur Behandlung von prim\u00e4rer Dysmenorrhoe und anderen gyn\u00e4kologischen Erkrankungen, begleitet von Entz\u00fcndungen und Schmerzen, verwendet werden. Es kann zur Linderung von Migr\u00e4neanf\u00e4llen verwendet werden. Das Medikament wird wie vom Arzt verschrieben eingenommen, der die Dosis des Medikaments individuell f\u00fcr jeden Patienten in Abh\u00e4ngigkeit von der Schwere der Erkrankung ausw\u00e4hlt.<\/div>\n<div><\/div>\n<div><b>Wechselwirkung<\/b><\/div>\n<div>\u00a0\u00a0\u00a0\u00a0\u00a0\u00a0\u00a0\u00a0Man sollte auch die Wechselwirkungen von Medikamenten w\u00e4hrend der Anwendung der Voltaren-Pille kennen.<\/div>\n<div>\u00a0\u00a0\u00a0\u00a0\u00a0\u00a0\u00a0\u00a0Die gleichzeitige Anwendung des Arzneimittels mit Acetamfitamin kann zur Entwicklung einer Nierenfunktionsst\u00f6rung f\u00fchren.<\/div>\n<div><b>Medikamente gegen:<\/b><\/div>\n<div>\u2022 Ethylalkohol,<\/div>\n<div>\u2022 Corticosteroide,<\/div>\n<div>\u2022 Corticotropin und Kalium erh\u00f6hen das Risiko f\u00fcr die Entwicklung von Nebenwirkungen von Diclofenac aus dem Verdauungssystem.<\/div>\n<div>\u2022 Wirkstoffe, die die Thrombozytenaggregation reduzieren (direkte und indirekte Antikoagulanzien), k\u00f6nnen das Risiko f\u00fcr Darmblutungen erh\u00f6hen.<\/div>\n<div>\u2022 Diclofenac reduziert den Blutzuckerspiegel, w\u00e4hrend es zusammen mit oralen Antidiabetika und Insulin eingesetzt wird. Bei gleichzeitiger Einnahme ist eine Dosisanpassung von Medikamenten erforderlich, die den Zuckerspiegel reduzieren.<\/div>\n<div><\/div>\n<div><\/div>\n<div><b>Gegenanzeigen sind:<\/b><\/div>\n<div>\u2022 erh\u00f6hte individuelle Empfindlichkeit gegen\u00fcber den Bestandteilen des Arzneimittels sowie Unvertr\u00e4glichkeit gegen\u00fcber \u2022 Dipyron (Reaktion auf die Einnahme von Dipyron in Form von Bronchospasmus, Rhinitis oder Urtikaria);<\/div>\n<div>\u2022 ulzerative L\u00e4sionen des Magens und \/ oder Zw\u00f6lffingerdarms, Gastritis, einschlie\u00dflich Erosivit\u00e4t, Colitis, Morbus Crohn;<\/div>\n<div>\u2022 Verletzungen des Blutsystems, unerkl\u00e4rliche \u00c4tiologie;<\/div>\n<div>\u2022 drittes Trimester der Schwangerschaft;<\/div>\n<div>\u2022 Alter bis 6 Jahre.<\/div>\n<div><\/div>\n<div><b>Die Nebenwirkungen von Voltaren k\u00f6nnen:<\/b><\/div>\n<div>\u2022 epigastrische Schmerzen,<\/div>\n<div>\u2022 \u00dcbelkeit,<\/div>\n<div>\u2022 Erbrechen,<\/div>\n<div>\u2022 abnormaler Stuhlgang,<\/div>\n<div>\u2022 erh\u00f6hte Blutungen,<\/div>\n<div>\u2022 das Auftreten von Blutungen der Verdauungsorgane,<\/div>\n<div>\u2022 Kopfschmerzen,<\/div>\n<div>\u2022 M\u00fcdigkeit,<\/div>\n<div>\u2022 Reizbarkeit,<\/div>\n<div>\u2022 Tremor der Gliedma\u00dfen,<\/div>\n<div>\u2022 allergische Reaktionen und Koma sein.<\/div>\n<\/div>\n","protected":false},"excerpt":{"rendered":"<div><b>Handelsname: <\/b>Voltaren<\/div>\n<div><b>Hauptbestandteil: <\/b>Diclofenac<\/div>\n<div><b>Produktionsform: <\/b>Pillen<\/div>\n<div><b>Anwendung: <\/b>Reduziert Schwellungen und Schmerzen durch Entz\u00fcndungen<\/div>\n<div><b>Verf\u00fcgbare Dosierung:\u00a0<\/b>50mg, 100 mg<\/div>\n","protected":false},"featured_media":4919,"comment_status":"open","ping_status":"closed","template":"","meta":[],"product_cat":[24],"product_tag":[],"class_list":{"0":"post-4918","1":"product","2":"type-product","3":"status-publish","4":"has-post-thumbnail","6":"product_cat-muscle-relaxant","8":"first","9":"instock","10":"shipping-taxable","11":"product-type-grouped"},"yoast_head":"<!-- This site is optimized with the Yoast SEO plugin v20.0 - https:\/\/yoast.com\/wordpress\/plugins\/seo\/ -->\n<title>Objednejte Voltaren (Diclofenac) bez receptu za n\u00edzkou cenu | Eurorxdrugs<\/title>\n<meta name=\"description\" content=\"Kupte Voltaren (Diclofenac) nyn\u00ed! Origin\u00e1ln\u00ed l\u00e9ky a rychl\u00e9 doru\u010den\u00ed v cen\u011b. 100% diskr\u00e9tn\u00ed a d\u016fv\u011brn\u00fd servis pro v\u0161echny na\u0161e z\u00e1kazn\u00edky na Eurorxdrugs\" \/>\n<meta name=\"robots\" content=\"index, follow, max-snippet:-1, max-image-preview:large, max-video-preview:-1\" \/>\n<link rel=\"canonical\" href=\"https:\/\/eurorxdrugs.cc\/cs\/product\/voltaren-diclofenac\/\" \/>\n<meta property=\"og:locale\" content=\"cs_CZ\" \/>\n<meta property=\"og:type\" content=\"article\" \/>\n<meta property=\"og:title\" content=\"Objednejte Voltaren (Diclofenac) bez receptu za n\u00edzkou cenu | Eurorxdrugs\" \/>\n<meta property=\"og:description\" content=\"Kupte Voltaren (Diclofenac) nyn\u00ed! Origin\u00e1ln\u00ed l\u00e9ky a rychl\u00e9 doru\u010den\u00ed v cen\u011b. 100% diskr\u00e9tn\u00ed a d\u016fv\u011brn\u00fd servis pro v\u0161echny na\u0161e z\u00e1kazn\u00edky na Eurorxdrugs\" \/>\n<meta property=\"og:url\" content=\"https:\/\/eurorxdrugs.cc\/cs\/product\/voltaren-diclofenac\/\" \/>\n<meta property=\"og:site_name\" content=\"eurorxdrugs\" \/>\n<meta property=\"article:modified_time\" content=\"2024-10-31T10:29:52+00:00\" \/>\n<meta property=\"og:image\" content=\"https:\/\/eurorxdrugs.cc\/cs\/wp-content\/uploads\/2024\/10\/95-min.jpg\" \/>\n\t<meta property=\"og:image:width\" content=\"270\" \/>\n\t<meta property=\"og:image:height\" content=\"300\" \/>\n\t<meta property=\"og:image:type\" content=\"image\/jpeg\" \/>\n<meta name=\"twitter:card\" content=\"summary_large_image\" \/>\n<meta name=\"twitter:label1\" content=\"Odhadovan\u00e1 doba \u010dten\u00ed\" \/>\n\t<meta name=\"twitter:data1\" content=\"2 minuty\" \/>\n<script type=\"application\/ld+json\" class=\"yoast-schema-graph\">{\"@context\":\"https:\/\/schema.org\",\"@graph\":[{\"@type\":\"WebPage\",\"@id\":\"https:\/\/eurorxdrugs.cc\/cs\/product\/voltaren-diclofenac\/\",\"url\":\"https:\/\/eurorxdrugs.cc\/cs\/product\/voltaren-diclofenac\/\",\"name\":\"Objednejte Voltaren (Diclofenac) bez receptu za n\u00edzkou cenu | Eurorxdrugs\",\"isPartOf\":{\"@id\":\"https:\/\/eurorxdrugs.cc\/cs\/#website\"},\"datePublished\":\"2024-10-31T10:21:55+00:00\",\"dateModified\":\"2024-10-31T10:29:52+00:00\",\"description\":\"Kupte Voltaren (Diclofenac) nyn\u00ed! Origin\u00e1ln\u00ed l\u00e9ky a rychl\u00e9 doru\u010den\u00ed v cen\u011b. 100% diskr\u00e9tn\u00ed a d\u016fv\u011brn\u00fd servis pro v\u0161echny na\u0161e z\u00e1kazn\u00edky na Eurorxdrugs\",\"breadcrumb\":{\"@id\":\"https:\/\/eurorxdrugs.cc\/cs\/product\/voltaren-diclofenac\/#breadcrumb\"},\"inLanguage\":\"cs\",\"potentialAction\":[{\"@type\":\"ReadAction\",\"target\":[\"https:\/\/eurorxdrugs.cc\/cs\/product\/voltaren-diclofenac\/\"]}]},{\"@type\":\"BreadcrumbList\",\"@id\":\"https:\/\/eurorxdrugs.cc\/cs\/product\/voltaren-diclofenac\/#breadcrumb\",\"itemListElement\":[{\"@type\":\"ListItem\",\"position\":1,\"name\":\"Home\",\"item\":\"https:\/\/eurorxdrugs.cc\/cs\/\"},{\"@type\":\"ListItem\",\"position\":2,\"name\":\"Products\",\"item\":\"https:\/\/eurorxdrugs.cc\/cs\/shop\/\"},{\"@type\":\"ListItem\",\"position\":3,\"name\":\"Voltaren (Diclofenac)\"}]},{\"@type\":\"WebSite\",\"@id\":\"https:\/\/eurorxdrugs.cc\/cs\/#website\",\"url\":\"https:\/\/eurorxdrugs.cc\/cs\/\",\"name\":\"eurorxdrugs\",\"description\":\"\",\"publisher\":{\"@id\":\"https:\/\/eurorxdrugs.cc\/cs\/#organization\"},\"potentialAction\":[{\"@type\":\"SearchAction\",\"target\":{\"@type\":\"EntryPoint\",\"urlTemplate\":\"https:\/\/eurorxdrugs.cc\/cs\/?s={search_term_string}\"},\"query-input\":\"required name=search_term_string\"}],\"inLanguage\":\"cs\"},{\"@type\":\"Organization\",\"@id\":\"https:\/\/eurorxdrugs.cc\/cs\/#organization\",\"name\":\"eurorxdrugs\",\"url\":\"https:\/\/eurorxdrugs.cc\/cs\/\",\"logo\":{\"@type\":\"ImageObject\",\"inLanguage\":\"cs\",\"@id\":\"https:\/\/eurorxdrugs.cc\/cs\/#\/schema\/logo\/image\/\",\"url\":\"https:\/\/eurorxdrugs.cc\/cs\/wp-content\/uploads\/2024\/09\/logo-1-1.png\",\"contentUrl\":\"https:\/\/eurorxdrugs.cc\/cs\/wp-content\/uploads\/2024\/09\/logo-1-1.png\",\"width\":233,\"height\":54,\"caption\":\"eurorxdrugs\"},\"image\":{\"@id\":\"https:\/\/eurorxdrugs.cc\/cs\/#\/schema\/logo\/image\/\"}}]}<\/script>\n<!-- \/ Yoast SEO plugin. -->","yoast_head_json":{"title":"Objednejte Voltaren (Diclofenac) bez receptu za n\u00edzkou cenu | Eurorxdrugs","description":"Kupte Voltaren (Diclofenac) nyn\u00ed! Origin\u00e1ln\u00ed l\u00e9ky a rychl\u00e9 doru\u010den\u00ed v cen\u011b. 100% diskr\u00e9tn\u00ed a d\u016fv\u011brn\u00fd servis pro v\u0161echny na\u0161e z\u00e1kazn\u00edky na Eurorxdrugs","robots":{"index":"index","follow":"follow","max-snippet":"max-snippet:-1","max-image-preview":"max-image-preview:large","max-video-preview":"max-video-preview:-1"},"canonical":"https:\/\/eurorxdrugs.cc\/cs\/product\/voltaren-diclofenac\/","og_locale":"cs_CZ","og_type":"article","og_title":"Objednejte Voltaren (Diclofenac) bez receptu za n\u00edzkou cenu | Eurorxdrugs","og_description":"Kupte Voltaren (Diclofenac) nyn\u00ed! Origin\u00e1ln\u00ed l\u00e9ky a rychl\u00e9 doru\u010den\u00ed v cen\u011b. 100% diskr\u00e9tn\u00ed a d\u016fv\u011brn\u00fd servis pro v\u0161echny na\u0161e z\u00e1kazn\u00edky na Eurorxdrugs","og_url":"https:\/\/eurorxdrugs.cc\/cs\/product\/voltaren-diclofenac\/","og_site_name":"eurorxdrugs","article_modified_time":"2024-10-31T10:29:52+00:00","og_image":[{"width":270,"height":300,"url":"https:\/\/eurorxdrugs.cc\/cs\/wp-content\/uploads\/2024\/10\/95-min.jpg","type":"image\/jpeg"}],"twitter_card":"summary_large_image","twitter_misc":{"Odhadovan\u00e1 doba \u010dten\u00ed":"2 minuty"},"schema":{"@context":"https:\/\/schema.org","@graph":[{"@type":"WebPage","@id":"https:\/\/eurorxdrugs.cc\/cs\/product\/voltaren-diclofenac\/","url":"https:\/\/eurorxdrugs.cc\/cs\/product\/voltaren-diclofenac\/","name":"Objednejte Voltaren (Diclofenac) bez receptu za n\u00edzkou cenu | Eurorxdrugs","isPartOf":{"@id":"https:\/\/eurorxdrugs.cc\/cs\/#website"},"datePublished":"2024-10-31T10:21:55+00:00","dateModified":"2024-10-31T10:29:52+00:00","description":"Kupte Voltaren (Diclofenac) nyn\u00ed! Origin\u00e1ln\u00ed l\u00e9ky a rychl\u00e9 doru\u010den\u00ed v cen\u011b. 100% diskr\u00e9tn\u00ed a d\u016fv\u011brn\u00fd servis pro v\u0161echny na\u0161e z\u00e1kazn\u00edky na Eurorxdrugs","breadcrumb":{"@id":"https:\/\/eurorxdrugs.cc\/cs\/product\/voltaren-diclofenac\/#breadcrumb"},"inLanguage":"cs","potentialAction":[{"@type":"ReadAction","target":["https:\/\/eurorxdrugs.cc\/cs\/product\/voltaren-diclofenac\/"]}]},{"@type":"BreadcrumbList","@id":"https:\/\/eurorxdrugs.cc\/cs\/product\/voltaren-diclofenac\/#breadcrumb","itemListElement":[{"@type":"ListItem","position":1,"name":"Home","item":"https:\/\/eurorxdrugs.cc\/cs\/"},{"@type":"ListItem","position":2,"name":"Products","item":"https:\/\/eurorxdrugs.cc\/cs\/shop\/"},{"@type":"ListItem","position":3,"name":"Voltaren (Diclofenac)"}]},{"@type":"WebSite","@id":"https:\/\/eurorxdrugs.cc\/cs\/#website","url":"https:\/\/eurorxdrugs.cc\/cs\/","name":"eurorxdrugs","description":"","publisher":{"@id":"https:\/\/eurorxdrugs.cc\/cs\/#organization"},"potentialAction":[{"@type":"SearchAction","target":{"@type":"EntryPoint","urlTemplate":"https:\/\/eurorxdrugs.cc\/cs\/?s={search_term_string}"},"query-input":"required name=search_term_string"}],"inLanguage":"cs"},{"@type":"Organization","@id":"https:\/\/eurorxdrugs.cc\/cs\/#organization","name":"eurorxdrugs","url":"https:\/\/eurorxdrugs.cc\/cs\/","logo":{"@type":"ImageObject","inLanguage":"cs","@id":"https:\/\/eurorxdrugs.cc\/cs\/#\/schema\/logo\/image\/","url":"https:\/\/eurorxdrugs.cc\/cs\/wp-content\/uploads\/2024\/09\/logo-1-1.png","contentUrl":"https:\/\/eurorxdrugs.cc\/cs\/wp-content\/uploads\/2024\/09\/logo-1-1.png","width":233,"height":54,"caption":"eurorxdrugs"},"image":{"@id":"https:\/\/eurorxdrugs.cc\/cs\/#\/schema\/logo\/image\/"}}]}},"_links":{"self":[{"href":"https:\/\/eurorxdrugs.cc\/cs\/wp-json\/wp\/v2\/product\/4918","targetHints":{"allow":["GET"]}}],"collection":[{"href":"https:\/\/eurorxdrugs.cc\/cs\/wp-json\/wp\/v2\/product"}],"about":[{"href":"https:\/\/eurorxdrugs.cc\/cs\/wp-json\/wp\/v2\/types\/product"}],"replies":[{"embeddable":true,"href":"https:\/\/eurorxdrugs.cc\/cs\/wp-json\/wp\/v2\/comments?post=4918"}],"wp:featuredmedia":[{"embeddable":true,"href":"https:\/\/eurorxdrugs.cc\/cs\/wp-json\/wp\/v2\/media\/4919"}],"wp:attachment":[{"href":"https:\/\/eurorxdrugs.cc\/cs\/wp-json\/wp\/v2\/media?parent=4918"}],"wp:term":[{"taxonomy":"product_cat","embeddable":true,"href":"https:\/\/eurorxdrugs.cc\/cs\/wp-json\/wp\/v2\/product_cat?post=4918"},{"taxonomy":"product_tag","embeddable":true,"href":"https:\/\/eurorxdrugs.cc\/cs\/wp-json\/wp\/v2\/product_tag?post=4918"}],"curies":[{"name":"wp","href":"https:\/\/api.w.org\/{rel}","templated":true}]}}