{"id":4950,"date":"2024-10-31T10:42:26","date_gmt":"2024-10-31T10:42:26","guid":{"rendered":"https:\/\/eurorxdrugs.cc\/cs\/?post_type=product&#038;p=4950"},"modified":"2024-10-31T10:47:48","modified_gmt":"2024-10-31T10:47:48","slug":"lotrisone","status":"publish","type":"product","link":"https:\/\/eurorxdrugs.cc\/cs\/product\/lotrisone\/","title":{"rendered":"Lotrisone"},"content":{"rendered":"<div class=\"pro-description_name\">Beschreibung<\/div>\n<div class=\"pro-description_content\">\n<div><b>Allgemeine Anwendung<\/b><\/div>\n<div>\u00a0\u00a0\u00a0\u00a0\u00a0\u00a0\u00a0\u00a0Lotrisone ist ein anti-pilzliches Medikament, welches die Form einer Lotion oder Creme und dessen aktive Komponente eine Kombination aus zwei Mitteln sind: Einem Steroid (Betamethason) und einem Anti-Pilz-Medikament (Clotrimazol). Clotrimazol hemmt das Wachstum von diversen Pilzarten, indem er den Entwicklungsprozess der Pilzzellenmembranen st\u00f6rt. Betamethason ist ein synthetisches Kortikosteroid, welches Entz\u00fcndungen und auch die Immunreaktion des K\u00f6rpers hemmt.<\/div>\n<div><b>\u00a0<\/b><\/div>\n<div><b>Dosierung und Anwendungsgebiet<\/b><\/div>\n<div>\u00a0\u00a0\u00a0\u00a0\u00a0\u00a0\u00a0\u00a0Lotrisone-Creme sollte sanft in die Haut und um die pilzbetroffenen Hautstellen herum zwei Mal am Tag einmassiert werden (Morgens und Abends). Verwenden Sie auf den betroffenen Stellen keine Bandagen und wickeln Sie die betroffenen Hautstellen auch nicht ein, um eine exzessive Absorption des Mittels zu vermeiden. Die Behandlung von Tinea corporis oder Tinea cruris sollte nicht l\u00e4nger als zwei Wochen andauern, w\u00e4hrend die Behandlung von Tinea pedis nicht l\u00e4nger als vier Wochen andauern sollte.<\/div>\n<div><b>\u00a0<\/b><\/div>\n<div><b>Vorsichtsma\u00dfnahmen<\/b><\/div>\n<div>\u00a0\u00a0\u00a0\u00a0\u00a0\u00a0\u00a0\u00a0Vermeiden Sie es, dass Lotrione-Creme in Ihre Augen kommt. Steroidale Medikamente beeinflussen die Aktivit\u00e4t der Nebennieren-, hypothalamischen und Hirnanhangsdr\u00fcse, was zu einem exzessiven Blutzuckergehalt f\u00fchren kann, genauso wie zu einem Cushing-Syndrom, welches durch Akne, Depression, \u00fcberm\u00e4\u00dfigem Haarwuchs, buckligem oberen R\u00fccken, Schlaflosigkeit, mondgesichtigem Aussehen, Muskelschw\u00e4che, asip\u00f6sen Stamm, Verfolgungswahn, Schwangerschaftsstreifen, Wachstumsst\u00f6rungen (bei Kindern), besch\u00e4digte Gliedma\u00dfen und Anf\u00e4lligkeit f\u00fcr blaue Flecken, Br\u00fcche und Infektionen gekennzeichnet ist.<\/div>\n<div><b>\u00a0<\/b><\/div>\n<div><b>Kontraindikationen<\/b><\/div>\n<div>\u00a0\u00a0\u00a0\u00a0\u00a0\u00a0\u00a0\u00a0Dieses Medikament kann nicht bei Kindern unter 17 Jahren, bei Patienten mit einer \u00fcberempfindlichen Reaktion auf die Komponente von Lotrisone oder auf \u00e4hnliche steroidale und anti-pilzlichen Medikamente angewendet werden. Bei Erwachsenen im Alter von \u00fcber 65 Jahren sollte ebenfalls Vorsicht ge\u00fcbt werden.<\/div>\n<div><\/div>\n<div><b>M\u00f6gliche Nebenwirkungen<\/b><\/div>\n<div>Zu den \u00fcblichsten Nebenwirkungen geh\u00f6ren unter:<\/div>\n<div>\u2022 anderem lokale R\u00f6tungen;<\/div>\n<div>\u2022 Blasenbildung;<\/div>\n<div>\u2022 Brennen, trockene Haut;<\/div>\n<div>\u2022 verminderte Pigmentierung;<\/div>\n<div>\u2022 Schwangerschaftsstreifen;<\/div>\n<div>\u2022 allergische Reaktionen wie zum Beispiel Nesselsucht;<\/div>\n<div>\u2022 Grippesymptome;<\/div>\n<div>\u2022 bakterielle Infektionen;<\/div>\n<div>\u2022 erregte Haut;<\/div>\n<div>\u2022 Sch\u00e4lung;<\/div>\n<div>\u2022 Hautausschl\u00e4ge;<\/div>\n<div>\u2022 Stechen;<\/div>\n<div>\u2022 Schwellungen;<\/div>\n<div>\u2022 Kribbelgef\u00fchl und \u00d6dem.<\/div>\n<div><\/div>\n<div><b>Wechselwirkung<\/b><\/div>\n<div>\u00a0\u00a0\u00a0\u00a0\u00a0\u00a0\u00a0\u00a0Langzeitige Anwendung oder Entzug von topischen Kortikosteroiden kann die Symptome von Psoriasis verschlimmern. Ein Intervall von wenigstens einer Woche ist zwischen der Einstellung der Einnahme von topischen Steroiden und dem Beginn einer Behandlung mit Anthralin (Psoriatec) n\u00f6tig.<\/div>\n<div><\/div>\n<div><b>Verpasste Dosis<\/b><\/div>\n<div>\u00a0\u00a0\u00a0\u00a0\u00a0\u00a0\u00a0\u00a0Wenn sie eine Dosis verpasst haben, nehmen Sie sie so schnell wie m\u00f6glich ein. Wenn Sie bemerken, dass die Zeit der n\u00e4chsten Dosis fast gekommen ist, dann setzen sie eine Dosis aus und halten Sie sich an ihren Einnahmeplan des Pr\u00e4parats. Nehmen Sie keine Dosis doppelt.<\/div>\n<div><\/div>\n<div><b>\u00dcberdosierung <\/b><\/div>\n<div>\u00a0\u00a0\u00a0\u00a0\u00a0\u00a0\u00a0\u00a0Mi\u00dfbrauch beziehungsweise \u00fcberm\u00e4\u00dfiger Gebrauch von Lotrisone auf breiten Hautteilen k\u00f6nnen zu Erkrankungen so wie dem Cushing-Syndrom f\u00fchren. Informieren Sie Ihren Arzt dar\u00fcber. Lebensbedrohliche \u00dcberdosierungen von Lotrisone kommen eher selten vor.<\/div>\n<div><\/div>\n<div><b>Lagerung<\/b><\/div>\n<div>\u00a0\u00a0\u00a0\u00a0\u00a0\u00a0\u00a0\u00a0Lagern Sie dieses Pr\u00e4parat bei Temperaturen bei 59-77 Grad Fahrenheit (15-25 Grad Celsius) trocken, vor Licht, Kindern und Haustieren gesch\u00fctzt. Nach Ablauf des Verfallsdatums nicht verwenden.<\/div>\n<\/div>\n","protected":false},"excerpt":{"rendered":"<div><b>Handelsname: <\/b>Lotrisone<\/div>\n<div><b>Wirkstoff:\u00a0<\/b> Betamethason, Clotrimazol<\/div>\n<div><b>Anwendungsgebiet:<\/b> Lotrison hemmt das Wachstum verschiedener Pilzarten<\/div>\n<div><b>Verf\u00fcgbare Dosierungen: <\/b>10mg<\/div>\n","protected":false},"featured_media":4951,"comment_status":"open","ping_status":"closed","template":"","meta":[],"product_cat":[32],"product_tag":[],"class_list":{"0":"post-4950","1":"product","2":"type-product","3":"status-publish","4":"has-post-thumbnail","6":"product_cat-antifungal","8":"first","9":"instock","10":"shipping-taxable","11":"product-type-grouped"},"yoast_head":"<!-- This site is optimized with the Yoast SEO plugin v20.0 - https:\/\/yoast.com\/wordpress\/plugins\/seo\/ -->\n<title>Objednejte Lotrisone bez receptu za n\u00edzkou cenu | Eurorxdrugs<\/title>\n<meta name=\"description\" content=\"Kupte Lotrisone nyn\u00ed! Origin\u00e1ln\u00ed l\u00e9ky a rychl\u00e9 doru\u010den\u00ed v cen\u011b. 100% diskr\u00e9tn\u00ed a d\u016fv\u011brn\u00fd servis pro v\u0161echny na\u0161e z\u00e1kazn\u00edky na Eurorxdrugs\" \/>\n<meta name=\"robots\" content=\"index, follow, max-snippet:-1, max-image-preview:large, max-video-preview:-1\" \/>\n<link rel=\"canonical\" href=\"https:\/\/eurorxdrugs.cc\/cs\/product\/lotrisone\/\" \/>\n<meta property=\"og:locale\" content=\"cs_CZ\" \/>\n<meta property=\"og:type\" content=\"article\" \/>\n<meta property=\"og:title\" content=\"Objednejte Lotrisone bez receptu za n\u00edzkou cenu | Eurorxdrugs\" \/>\n<meta property=\"og:description\" content=\"Kupte Lotrisone nyn\u00ed! Origin\u00e1ln\u00ed l\u00e9ky a rychl\u00e9 doru\u010den\u00ed v cen\u011b. 100% diskr\u00e9tn\u00ed a d\u016fv\u011brn\u00fd servis pro v\u0161echny na\u0161e z\u00e1kazn\u00edky na Eurorxdrugs\" \/>\n<meta property=\"og:url\" content=\"https:\/\/eurorxdrugs.cc\/cs\/product\/lotrisone\/\" \/>\n<meta property=\"og:site_name\" content=\"eurorxdrugs\" \/>\n<meta property=\"article:modified_time\" content=\"2024-10-31T10:47:48+00:00\" \/>\n<meta property=\"og:image\" content=\"https:\/\/eurorxdrugs.cc\/cs\/wp-content\/uploads\/2024\/10\/248-min.jpg\" \/>\n\t<meta property=\"og:image:width\" content=\"270\" \/>\n\t<meta property=\"og:image:height\" content=\"300\" \/>\n\t<meta property=\"og:image:type\" content=\"image\/jpeg\" \/>\n<meta name=\"twitter:card\" content=\"summary_large_image\" \/>\n<meta name=\"twitter:label1\" content=\"Odhadovan\u00e1 doba \u010dten\u00ed\" \/>\n\t<meta name=\"twitter:data1\" content=\"3 minuty\" \/>\n<script type=\"application\/ld+json\" class=\"yoast-schema-graph\">{\"@context\":\"https:\/\/schema.org\",\"@graph\":[{\"@type\":\"WebPage\",\"@id\":\"https:\/\/eurorxdrugs.cc\/cs\/product\/lotrisone\/\",\"url\":\"https:\/\/eurorxdrugs.cc\/cs\/product\/lotrisone\/\",\"name\":\"Objednejte Lotrisone bez receptu za n\u00edzkou cenu | Eurorxdrugs\",\"isPartOf\":{\"@id\":\"https:\/\/eurorxdrugs.cc\/cs\/#website\"},\"datePublished\":\"2024-10-31T10:42:26+00:00\",\"dateModified\":\"2024-10-31T10:47:48+00:00\",\"description\":\"Kupte Lotrisone nyn\u00ed! Origin\u00e1ln\u00ed l\u00e9ky a rychl\u00e9 doru\u010den\u00ed v cen\u011b. 100% diskr\u00e9tn\u00ed a d\u016fv\u011brn\u00fd servis pro v\u0161echny na\u0161e z\u00e1kazn\u00edky na Eurorxdrugs\",\"breadcrumb\":{\"@id\":\"https:\/\/eurorxdrugs.cc\/cs\/product\/lotrisone\/#breadcrumb\"},\"inLanguage\":\"cs\",\"potentialAction\":[{\"@type\":\"ReadAction\",\"target\":[\"https:\/\/eurorxdrugs.cc\/cs\/product\/lotrisone\/\"]}]},{\"@type\":\"BreadcrumbList\",\"@id\":\"https:\/\/eurorxdrugs.cc\/cs\/product\/lotrisone\/#breadcrumb\",\"itemListElement\":[{\"@type\":\"ListItem\",\"position\":1,\"name\":\"Home\",\"item\":\"https:\/\/eurorxdrugs.cc\/cs\/\"},{\"@type\":\"ListItem\",\"position\":2,\"name\":\"Products\",\"item\":\"https:\/\/eurorxdrugs.cc\/cs\/shop\/\"},{\"@type\":\"ListItem\",\"position\":3,\"name\":\"Lotrisone\"}]},{\"@type\":\"WebSite\",\"@id\":\"https:\/\/eurorxdrugs.cc\/cs\/#website\",\"url\":\"https:\/\/eurorxdrugs.cc\/cs\/\",\"name\":\"eurorxdrugs\",\"description\":\"\",\"publisher\":{\"@id\":\"https:\/\/eurorxdrugs.cc\/cs\/#organization\"},\"potentialAction\":[{\"@type\":\"SearchAction\",\"target\":{\"@type\":\"EntryPoint\",\"urlTemplate\":\"https:\/\/eurorxdrugs.cc\/cs\/?s={search_term_string}\"},\"query-input\":\"required name=search_term_string\"}],\"inLanguage\":\"cs\"},{\"@type\":\"Organization\",\"@id\":\"https:\/\/eurorxdrugs.cc\/cs\/#organization\",\"name\":\"eurorxdrugs\",\"url\":\"https:\/\/eurorxdrugs.cc\/cs\/\",\"logo\":{\"@type\":\"ImageObject\",\"inLanguage\":\"cs\",\"@id\":\"https:\/\/eurorxdrugs.cc\/cs\/#\/schema\/logo\/image\/\",\"url\":\"https:\/\/eurorxdrugs.cc\/cs\/wp-content\/uploads\/2024\/09\/logo-1-1.png\",\"contentUrl\":\"https:\/\/eurorxdrugs.cc\/cs\/wp-content\/uploads\/2024\/09\/logo-1-1.png\",\"width\":233,\"height\":54,\"caption\":\"eurorxdrugs\"},\"image\":{\"@id\":\"https:\/\/eurorxdrugs.cc\/cs\/#\/schema\/logo\/image\/\"}}]}<\/script>\n<!-- \/ Yoast SEO plugin. -->","yoast_head_json":{"title":"Objednejte Lotrisone bez receptu za n\u00edzkou cenu | Eurorxdrugs","description":"Kupte Lotrisone nyn\u00ed! Origin\u00e1ln\u00ed l\u00e9ky a rychl\u00e9 doru\u010den\u00ed v cen\u011b. 100% diskr\u00e9tn\u00ed a d\u016fv\u011brn\u00fd servis pro v\u0161echny na\u0161e z\u00e1kazn\u00edky na Eurorxdrugs","robots":{"index":"index","follow":"follow","max-snippet":"max-snippet:-1","max-image-preview":"max-image-preview:large","max-video-preview":"max-video-preview:-1"},"canonical":"https:\/\/eurorxdrugs.cc\/cs\/product\/lotrisone\/","og_locale":"cs_CZ","og_type":"article","og_title":"Objednejte Lotrisone bez receptu za n\u00edzkou cenu | Eurorxdrugs","og_description":"Kupte Lotrisone nyn\u00ed! Origin\u00e1ln\u00ed l\u00e9ky a rychl\u00e9 doru\u010den\u00ed v cen\u011b. 100% diskr\u00e9tn\u00ed a d\u016fv\u011brn\u00fd servis pro v\u0161echny na\u0161e z\u00e1kazn\u00edky na Eurorxdrugs","og_url":"https:\/\/eurorxdrugs.cc\/cs\/product\/lotrisone\/","og_site_name":"eurorxdrugs","article_modified_time":"2024-10-31T10:47:48+00:00","og_image":[{"width":270,"height":300,"url":"https:\/\/eurorxdrugs.cc\/cs\/wp-content\/uploads\/2024\/10\/248-min.jpg","type":"image\/jpeg"}],"twitter_card":"summary_large_image","twitter_misc":{"Odhadovan\u00e1 doba \u010dten\u00ed":"3 minuty"},"schema":{"@context":"https:\/\/schema.org","@graph":[{"@type":"WebPage","@id":"https:\/\/eurorxdrugs.cc\/cs\/product\/lotrisone\/","url":"https:\/\/eurorxdrugs.cc\/cs\/product\/lotrisone\/","name":"Objednejte Lotrisone bez receptu za n\u00edzkou cenu | Eurorxdrugs","isPartOf":{"@id":"https:\/\/eurorxdrugs.cc\/cs\/#website"},"datePublished":"2024-10-31T10:42:26+00:00","dateModified":"2024-10-31T10:47:48+00:00","description":"Kupte Lotrisone nyn\u00ed! Origin\u00e1ln\u00ed l\u00e9ky a rychl\u00e9 doru\u010den\u00ed v cen\u011b. 100% diskr\u00e9tn\u00ed a d\u016fv\u011brn\u00fd servis pro v\u0161echny na\u0161e z\u00e1kazn\u00edky na Eurorxdrugs","breadcrumb":{"@id":"https:\/\/eurorxdrugs.cc\/cs\/product\/lotrisone\/#breadcrumb"},"inLanguage":"cs","potentialAction":[{"@type":"ReadAction","target":["https:\/\/eurorxdrugs.cc\/cs\/product\/lotrisone\/"]}]},{"@type":"BreadcrumbList","@id":"https:\/\/eurorxdrugs.cc\/cs\/product\/lotrisone\/#breadcrumb","itemListElement":[{"@type":"ListItem","position":1,"name":"Home","item":"https:\/\/eurorxdrugs.cc\/cs\/"},{"@type":"ListItem","position":2,"name":"Products","item":"https:\/\/eurorxdrugs.cc\/cs\/shop\/"},{"@type":"ListItem","position":3,"name":"Lotrisone"}]},{"@type":"WebSite","@id":"https:\/\/eurorxdrugs.cc\/cs\/#website","url":"https:\/\/eurorxdrugs.cc\/cs\/","name":"eurorxdrugs","description":"","publisher":{"@id":"https:\/\/eurorxdrugs.cc\/cs\/#organization"},"potentialAction":[{"@type":"SearchAction","target":{"@type":"EntryPoint","urlTemplate":"https:\/\/eurorxdrugs.cc\/cs\/?s={search_term_string}"},"query-input":"required name=search_term_string"}],"inLanguage":"cs"},{"@type":"Organization","@id":"https:\/\/eurorxdrugs.cc\/cs\/#organization","name":"eurorxdrugs","url":"https:\/\/eurorxdrugs.cc\/cs\/","logo":{"@type":"ImageObject","inLanguage":"cs","@id":"https:\/\/eurorxdrugs.cc\/cs\/#\/schema\/logo\/image\/","url":"https:\/\/eurorxdrugs.cc\/cs\/wp-content\/uploads\/2024\/09\/logo-1-1.png","contentUrl":"https:\/\/eurorxdrugs.cc\/cs\/wp-content\/uploads\/2024\/09\/logo-1-1.png","width":233,"height":54,"caption":"eurorxdrugs"},"image":{"@id":"https:\/\/eurorxdrugs.cc\/cs\/#\/schema\/logo\/image\/"}}]}},"_links":{"self":[{"href":"https:\/\/eurorxdrugs.cc\/cs\/wp-json\/wp\/v2\/product\/4950","targetHints":{"allow":["GET"]}}],"collection":[{"href":"https:\/\/eurorxdrugs.cc\/cs\/wp-json\/wp\/v2\/product"}],"about":[{"href":"https:\/\/eurorxdrugs.cc\/cs\/wp-json\/wp\/v2\/types\/product"}],"replies":[{"embeddable":true,"href":"https:\/\/eurorxdrugs.cc\/cs\/wp-json\/wp\/v2\/comments?post=4950"}],"wp:featuredmedia":[{"embeddable":true,"href":"https:\/\/eurorxdrugs.cc\/cs\/wp-json\/wp\/v2\/media\/4951"}],"wp:attachment":[{"href":"https:\/\/eurorxdrugs.cc\/cs\/wp-json\/wp\/v2\/media?parent=4950"}],"wp:term":[{"taxonomy":"product_cat","embeddable":true,"href":"https:\/\/eurorxdrugs.cc\/cs\/wp-json\/wp\/v2\/product_cat?post=4950"},{"taxonomy":"product_tag","embeddable":true,"href":"https:\/\/eurorxdrugs.cc\/cs\/wp-json\/wp\/v2\/product_tag?post=4950"}],"curies":[{"name":"wp","href":"https:\/\/api.w.org\/{rel}","templated":true}]}}